{"id":75659,"date":"2023-12-01T10:02:11","date_gmt":"2023-12-01T09:02:11","guid":{"rendered":"https:\/\/pistonaddict.com\/product\/ferrari-458-italia\/"},"modified":"2023-12-20T09:59:05","modified_gmt":"2023-12-20T08:59:05","slug":"ferrari-458-italia","status":"publish","type":"product","link":"https:\/\/pistonaddict.com\/sl\/product\/ferrari-458-italia\/","title":{"rendered":"Ferrari 458 Italia"},"content":{"rendered":"<p><strong>Zgodovina avtomobila<\/strong><\/p>\n<p>Model 458 Italia je bil predstavljen leta 2009 in je zaznamoval novo obdobje te legendarne znamke, saj je predstavil nov oblikovalski jezik, 4,5-litrski motor V8, elektronski diferencial in 7-stopenjski samodejni menjalnik z dvojno sklopko kot edini mo\u017eni motor. S 570 KM, ki se prena\u0161ajo na zadnji kolesi, in rde\u010do \u010drto pri 9000 vrtljajih na minuto je 458 Italia z enako zvo\u010dno kuliso in vznemirljivostjo zagotavljal skorajda vozno dinamiko formule 1. \u017de od samega za\u010detka so testerji revije 458 razglasili za enega najbolj\u0161ih cestnih Ferrarijev na trgu &#8211; kar je bila visoka ocena, a ne brez razloga. To je izjemno hiter italijanski \u017erebec, ki od 0 do 100 km\/h pospe\u0161i v manj kot 4 sekundah in dose\u017ee najve\u010djo hitrost ve\u010d kot 320 km\/h. Ta posebni Ferrari 458 je bil izdelan leta 2011, sedanji prodajalec pa ga je kupil leta 2022. Z zelo zanimivim naborom mo\u017enosti, klasi\u010dno rde\u010de-\u010drno barvo, nizkimi prevo\u017eenimi kilometri in nedavno opravljenim servisom je pripravljen, da bo v njem temeljito u\u017eival novi lastnik. Prvotni lastnik tega avtomobila se je osredoto\u010dil na mo\u017enosti za udobje, kot so sistem prilagodljivih sprednjih lu\u010di, ogrevani sede\u017ei, sistem PDC za la\u017eje manevriranje in parkiranje, elektri\u010dno nastavljiv volanski drog in \u0161e veliko ve\u010d. Zaradi vsega tega je ta 458 Italia zelo dobro opremljen in uporabniku prijazen primerek.<\/p>\n<p><strong>Notranjost<\/strong><\/p>\n<p>Ker je bil ta Ferrari skrbno vzdr\u017eevan, je \u010drna usnjena notranjost v zelo dobrem stanju z minimalnimi sledovi uporabe. Sede\u017ei z rde\u010dimi \u0161ivi so v odli\u010dnem stanju, prvotni lastnik pa jih je izbral za eleganten videz, ki nikoli ne bo \u0161el iz mode. Ni nobenih sprememb, notranjost pa je videti povsem nova.<\/p>\n<p><strong>Stanje<\/strong><\/p>\n<p>Ta Ferrari 458 Italia je z le 25.500 prevo\u017eenimi kilometri brezhiben in zanj skrbno skrbijo vsi njegovi uporabniki. Vsi vzdr\u017eevalni postopki so bili opravljeni pravo\u010dasno, zadnja menjava olja in servis sta bila opravljena maja 2023, zavore pa so bile pregledane pred nekaj dnevi, konec novembra 2023. \u0160e pomembnej\u0161e pri tem posebnem primeru pa je, da so vse tovarni\u0161ke odpoklice modela 458 Italia opravili uradni trgovci in to dokazali z dokumenti. Vozilo je bilo prvotno dobavljeno na Nizozemsko, servisni pregled pa je opravil poobla\u0161\u010deni prodajalec vozil Ferrari. Leta 2019 je bila zamenjana zra\u010dna blazina na sovoznikovi strani, leta 2022 pa je bil zamenjan pokrov\u010dek rezervoarja zavorne teko\u010dine. Vse te odpoklicne posege je potrdila tovarna in so bili dokumentirani. To ka\u017ee, da so vsi lastniki predani navdu\u0161enci. <strong>Ta avtomobil ima podalj\u0161ano garancijo Ferrari New Power za naslednjih 12 mesecev<\/strong>.<\/p>\n<p><strong> <\/strong><strong>Zunanjost in kolesa<\/strong><\/p>\n<p>Barva Rosso Corsa je najpogostej\u0161a Ferrarijeva barva, ta legendarni odtenek pa se odli\u010dno ujema z zapeljivimi linijami modela 458 Italia. Originalna barva ni po\u0161kodovana, ni nobenih udarcev in prask, avtomobil pa je popolnoma reprezentativen. Z 20-pal\u010dnimi originalnimi tovarni\u0161kimi plati\u0161\u010di in povsem novimi pnevmatikami Michelin je avto pripravljen na polno zmogljivost. Ena od zanimivih mo\u017enosti tega vozila so kerami\u010dne zavore, ki zagotavljajo neverjetno zavorno mo\u010d.<\/p>\n<p><strong>Dokumentacija<\/strong><\/p>\n<p>Vozilo prodaja strokovnjak z ustrezno dokumentacijo in se nahaja v Franciji. Poro\u010dilo <a href=\"https:\/\/pistonaddict.com\/wp-content\/uploads\/2023\/12\/CarVertical458.pdf\" target=\"_blank\" rel=\"noopener\">CarVertical<\/a> je \u010disto; ni dokazov o nesre\u010dah, popravilih po nesre\u010dah, lastni\u0161tvu ali pravnih te\u017eavah. Na voljo so zapisi o rednem vzdr\u017eevanju ter originalne tovarni\u0161ke bro\u0161ure, ra\u010duni o prodaji in potrdila o pla\u010dilu. Podalj\u0161ana tovarni\u0161ka garancija (Ferrari Power) pri tem modelu za 12 mesecev in potrdilo o skladnosti (v vrednosti 2000 evrov) sta dodaten dokaz, da gre za vrhunsko zbirateljsko vozilo.<\/p>\n<p><strong>Oglejte si videoposnetek hladnega zagona tega \u010dudovitega Ferrarija 458 Italia :<\/strong><\/p>\n<p><iframe title=\"Cold Start Video of the Ferrari 458 Italia for auction sale\" width=\"1200\" height=\"675\" src=\"https:\/\/www.youtube.com\/embed\/BEdW3ySb03E?feature=oembed\" frameborder=\"0\" allow=\"accelerometer; autoplay; clipboard-write; encrypted-media; gyroscope; picture-in-picture; web-share\" allowfullscreen><\/iframe><\/p>\n","protected":false},"excerpt":{"rendered":"<p>Ferrari, ki je vedno na vrhu avtomobilske tehnologije in zmogljivosti, je v vseh svojih modelih serijsko uporabljal turbopolnilnik in hibridni pogonski sklop. Vendar je Ferrari za kratek trenutek izdelal povsem sodoben \u0161portni avtomobil, ki ga je poganjal kri\u010de\u010d motor z naravnim vpihovanjem, ki je odli\u010dno zdru\u017eeval sodobno tehnologijo, visoke vrtljaje in izjemno zmogljiv motor za o\u010darljiv ob\u010dutek stare \u0161ole. Da, govorimo o modelu 458 Italia in ponosni smo, da vam lahko ponudimo enega najbolj\u0161ih primerkov na trgu.<\/p>\n","protected":false},"featured_media":75551,"comment_status":"open","ping_status":"closed","template":"","meta":{"inline_featured_image":false},"product_cat":[700],"product_tag":[2630,2629,904,2628],"acf":[],"yoast_head":"<!-- This site is optimized with the Yoast SEO plugin v22.5 - https:\/\/yoast.com\/wordpress\/plugins\/seo\/ -->\n<title>Ferrari 458 Italia dra\u017ebe - Piston Addict<\/title>\n<meta name=\"robots\" content=\"index, follow, max-snippet:-1, max-image-preview:large, max-video-preview:-1\" \/>\n<link rel=\"canonical\" href=\"https:\/\/pistonaddict.com\/sl\/product\/ferrari-458-italia\/\" \/>\n<meta property=\"og:locale\" content=\"sl_SI\" \/>\n<meta property=\"og:type\" content=\"article\" \/>\n<meta property=\"og:title\" content=\"Ferrari 458 Italia dra\u017ebe - Piston Addict\" \/>\n<meta property=\"og:description\" content=\"Ferrari, ki je vedno na vrhu avtomobilske tehnologije in zmogljivosti, je v vseh svojih modelih serijsko uporabljal turbopolnilnik in hibridni pogonski sklop. Vendar je Ferrari za kratek trenutek izdelal povsem sodoben \u0161portni avtomobil, ki ga je poganjal kri\u010de\u010d motor z naravnim vpihovanjem, ki je odli\u010dno zdru\u017eeval sodobno tehnologijo, visoke vrtljaje in izjemno zmogljiv motor za o\u010darljiv ob\u010dutek stare \u0161ole. Da, govorimo o modelu 458 Italia in ponosni smo, da vam lahko ponudimo enega najbolj\u0161ih primerkov na trgu.\" \/>\n<meta property=\"og:url\" content=\"https:\/\/pistonaddict.com\/sl\/product\/ferrari-458-italia\/\" \/>\n<meta property=\"og:site_name\" content=\"Piston Addict\" \/>\n<meta property=\"article:modified_time\" content=\"2023-12-20T08:59:05+00:00\" \/>\n<meta property=\"og:image\" content=\"https:\/\/pistonaddict.com\/wp-content\/uploads\/2023\/12\/IMG_0124.jpeg\" \/>\n\t<meta property=\"og:image:width\" content=\"1885\" \/>\n\t<meta property=\"og:image:height\" content=\"1207\" \/>\n\t<meta property=\"og:image:type\" content=\"image\/jpeg\" \/>\n<meta name=\"twitter:card\" content=\"summary_large_image\" \/>\n<meta name=\"twitter:label1\" content=\"Est. reading time\" \/>\n\t<meta name=\"twitter:data1\" content=\"3 minute\" \/>\n<script type=\"application\/ld+json\" class=\"yoast-schema-graph\">{\"@context\":\"https:\/\/schema.org\",\"@graph\":[{\"@type\":\"WebPage\",\"@id\":\"https:\/\/pistonaddict.com\/sl\/product\/ferrari-458-italia\/\",\"url\":\"https:\/\/pistonaddict.com\/sl\/product\/ferrari-458-italia\/\",\"name\":\"Ferrari 458 Italia dra\u017ebe - Piston Addict\",\"isPartOf\":{\"@id\":\"https:\/\/pistonaddict.com\/sl\/#website\"},\"primaryImageOfPage\":{\"@id\":\"https:\/\/pistonaddict.com\/sl\/product\/ferrari-458-italia\/#primaryimage\"},\"image\":{\"@id\":\"https:\/\/pistonaddict.com\/sl\/product\/ferrari-458-italia\/#primaryimage\"},\"thumbnailUrl\":\"https:\/\/pistonaddict.com\/wp-content\/uploads\/2023\/12\/IMG_0124.jpeg\",\"datePublished\":\"2023-12-01T09:02:11+00:00\",\"dateModified\":\"2023-12-20T08:59:05+00:00\",\"breadcrumb\":{\"@id\":\"https:\/\/pistonaddict.com\/sl\/product\/ferrari-458-italia\/#breadcrumb\"},\"inLanguage\":\"sl-SI\",\"potentialAction\":[{\"@type\":\"ReadAction\",\"target\":[\"https:\/\/pistonaddict.com\/sl\/product\/ferrari-458-italia\/\"]}]},{\"@type\":\"ImageObject\",\"inLanguage\":\"sl-SI\",\"@id\":\"https:\/\/pistonaddict.com\/sl\/product\/ferrari-458-italia\/#primaryimage\",\"url\":\"https:\/\/pistonaddict.com\/wp-content\/uploads\/2023\/12\/IMG_0124.jpeg\",\"contentUrl\":\"https:\/\/pistonaddict.com\/wp-content\/uploads\/2023\/12\/IMG_0124.jpeg\",\"width\":1885,\"height\":1207},{\"@type\":\"BreadcrumbList\",\"@id\":\"https:\/\/pistonaddict.com\/sl\/product\/ferrari-458-italia\/#breadcrumb\",\"itemListElement\":[{\"@type\":\"ListItem\",\"position\":1,\"name\":\"Doma\u010da stran\",\"item\":\"https:\/\/pistonaddict.com\/sl\/domaca-stran-2\/\"},{\"@type\":\"ListItem\",\"position\":2,\"name\":\"Auctions\",\"item\":\"https:\/\/pistonaddict.com\/auctions-listing\/\"},{\"@type\":\"ListItem\",\"position\":3,\"name\":\"Ferrari 458 Italia\"}]},{\"@type\":\"WebSite\",\"@id\":\"https:\/\/pistonaddict.com\/sl\/#website\",\"url\":\"https:\/\/pistonaddict.com\/sl\/\",\"name\":\"Piston Addict\",\"description\":\"Only interesting vehicles\",\"publisher\":{\"@id\":\"https:\/\/pistonaddict.com\/sl\/#organization\"},\"potentialAction\":[{\"@type\":\"SearchAction\",\"target\":{\"@type\":\"EntryPoint\",\"urlTemplate\":\"https:\/\/pistonaddict.com\/sl\/?s={search_term_string}\"},\"query-input\":\"required name=search_term_string\"}],\"inLanguage\":\"sl-SI\"},{\"@type\":\"Organization\",\"@id\":\"https:\/\/pistonaddict.com\/sl\/#organization\",\"name\":\"Piston Addict\",\"url\":\"https:\/\/pistonaddict.com\/sl\/\",\"logo\":{\"@type\":\"ImageObject\",\"inLanguage\":\"sl-SI\",\"@id\":\"https:\/\/pistonaddict.com\/sl\/#\/schema\/logo\/image\/\",\"url\":\"https:\/\/pistonaddict.com\/wp-content\/uploads\/2022\/07\/logo-6.png\",\"contentUrl\":\"https:\/\/pistonaddict.com\/wp-content\/uploads\/2022\/07\/logo-6.png\",\"width\":970,\"height\":200,\"caption\":\"Piston Addict\"},\"image\":{\"@id\":\"https:\/\/pistonaddict.com\/sl\/#\/schema\/logo\/image\/\"}}]}<\/script>\n<!-- \/ Yoast SEO plugin. -->","yoast_head_json":{"title":"Ferrari 458 Italia dra\u017ebe - Piston Addict","robots":{"index":"index","follow":"follow","max-snippet":"max-snippet:-1","max-image-preview":"max-image-preview:large","max-video-preview":"max-video-preview:-1"},"canonical":"https:\/\/pistonaddict.com\/sl\/product\/ferrari-458-italia\/","og_locale":"sl_SI","og_type":"article","og_title":"Ferrari 458 Italia dra\u017ebe - Piston Addict","og_description":"Ferrari, ki je vedno na vrhu avtomobilske tehnologije in zmogljivosti, je v vseh svojih modelih serijsko uporabljal turbopolnilnik in hibridni pogonski sklop. Vendar je Ferrari za kratek trenutek izdelal povsem sodoben \u0161portni avtomobil, ki ga je poganjal kri\u010de\u010d motor z naravnim vpihovanjem, ki je odli\u010dno zdru\u017eeval sodobno tehnologijo, visoke vrtljaje in izjemno zmogljiv motor za o\u010darljiv ob\u010dutek stare \u0161ole. Da, govorimo o modelu 458 Italia in ponosni smo, da vam lahko ponudimo enega najbolj\u0161ih primerkov na trgu.","og_url":"https:\/\/pistonaddict.com\/sl\/product\/ferrari-458-italia\/","og_site_name":"Piston Addict","article_modified_time":"2023-12-20T08:59:05+00:00","og_image":[{"width":1885,"height":1207,"url":"https:\/\/pistonaddict.com\/wp-content\/uploads\/2023\/12\/IMG_0124.jpeg","type":"image\/jpeg"}],"twitter_card":"summary_large_image","twitter_misc":{"Est. reading time":"3 minute"},"schema":{"@context":"https:\/\/schema.org","@graph":[{"@type":"WebPage","@id":"https:\/\/pistonaddict.com\/sl\/product\/ferrari-458-italia\/","url":"https:\/\/pistonaddict.com\/sl\/product\/ferrari-458-italia\/","name":"Ferrari 458 Italia dra\u017ebe - Piston Addict","isPartOf":{"@id":"https:\/\/pistonaddict.com\/sl\/#website"},"primaryImageOfPage":{"@id":"https:\/\/pistonaddict.com\/sl\/product\/ferrari-458-italia\/#primaryimage"},"image":{"@id":"https:\/\/pistonaddict.com\/sl\/product\/ferrari-458-italia\/#primaryimage"},"thumbnailUrl":"https:\/\/pistonaddict.com\/wp-content\/uploads\/2023\/12\/IMG_0124.jpeg","datePublished":"2023-12-01T09:02:11+00:00","dateModified":"2023-12-20T08:59:05+00:00","breadcrumb":{"@id":"https:\/\/pistonaddict.com\/sl\/product\/ferrari-458-italia\/#breadcrumb"},"inLanguage":"sl-SI","potentialAction":[{"@type":"ReadAction","target":["https:\/\/pistonaddict.com\/sl\/product\/ferrari-458-italia\/"]}]},{"@type":"ImageObject","inLanguage":"sl-SI","@id":"https:\/\/pistonaddict.com\/sl\/product\/ferrari-458-italia\/#primaryimage","url":"https:\/\/pistonaddict.com\/wp-content\/uploads\/2023\/12\/IMG_0124.jpeg","contentUrl":"https:\/\/pistonaddict.com\/wp-content\/uploads\/2023\/12\/IMG_0124.jpeg","width":1885,"height":1207},{"@type":"BreadcrumbList","@id":"https:\/\/pistonaddict.com\/sl\/product\/ferrari-458-italia\/#breadcrumb","itemListElement":[{"@type":"ListItem","position":1,"name":"Doma\u010da stran","item":"https:\/\/pistonaddict.com\/sl\/domaca-stran-2\/"},{"@type":"ListItem","position":2,"name":"Auctions","item":"https:\/\/pistonaddict.com\/auctions-listing\/"},{"@type":"ListItem","position":3,"name":"Ferrari 458 Italia"}]},{"@type":"WebSite","@id":"https:\/\/pistonaddict.com\/sl\/#website","url":"https:\/\/pistonaddict.com\/sl\/","name":"Piston Addict","description":"Only interesting vehicles","publisher":{"@id":"https:\/\/pistonaddict.com\/sl\/#organization"},"potentialAction":[{"@type":"SearchAction","target":{"@type":"EntryPoint","urlTemplate":"https:\/\/pistonaddict.com\/sl\/?s={search_term_string}"},"query-input":"required name=search_term_string"}],"inLanguage":"sl-SI"},{"@type":"Organization","@id":"https:\/\/pistonaddict.com\/sl\/#organization","name":"Piston Addict","url":"https:\/\/pistonaddict.com\/sl\/","logo":{"@type":"ImageObject","inLanguage":"sl-SI","@id":"https:\/\/pistonaddict.com\/sl\/#\/schema\/logo\/image\/","url":"https:\/\/pistonaddict.com\/wp-content\/uploads\/2022\/07\/logo-6.png","contentUrl":"https:\/\/pistonaddict.com\/wp-content\/uploads\/2022\/07\/logo-6.png","width":970,"height":200,"caption":"Piston Addict"},"image":{"@id":"https:\/\/pistonaddict.com\/sl\/#\/schema\/logo\/image\/"}}]}},"_links":{"self":[{"href":"https:\/\/pistonaddict.com\/sl\/wp-json\/wp\/v2\/product\/75659"}],"collection":[{"href":"https:\/\/pistonaddict.com\/sl\/wp-json\/wp\/v2\/product"}],"about":[{"href":"https:\/\/pistonaddict.com\/sl\/wp-json\/wp\/v2\/types\/product"}],"replies":[{"embeddable":true,"href":"https:\/\/pistonaddict.com\/sl\/wp-json\/wp\/v2\/comments?post=75659"}],"wp:featuredmedia":[{"embeddable":true,"href":"https:\/\/pistonaddict.com\/sl\/wp-json\/wp\/v2\/media\/75551"}],"wp:attachment":[{"href":"https:\/\/pistonaddict.com\/sl\/wp-json\/wp\/v2\/media?parent=75659"}],"wp:term":[{"taxonomy":"product_cat","embeddable":true,"href":"https:\/\/pistonaddict.com\/sl\/wp-json\/wp\/v2\/product_cat?post=75659"},{"taxonomy":"product_tag","embeddable":true,"href":"https:\/\/pistonaddict.com\/sl\/wp-json\/wp\/v2\/product_tag?post=75659"}],"curies":[{"name":"wp","href":"https:\/\/api.w.org\/{rel}","templated":true}]}}