{"id":72252,"date":"2023-11-17T17:40:02","date_gmt":"2023-11-17T16:40:02","guid":{"rendered":"https:\/\/pistonaddict.com\/product\/land-rover-defender-p90e-electric\/"},"modified":"2024-03-19T16:59:09","modified_gmt":"2024-03-19T15:59:09","slug":"land-rover-defender-p90e-electric","status":"publish","type":"product","link":"https:\/\/pistonaddict.com\/sl\/product\/land-rover-defender-p90e-electric\/","title":{"rendered":"Land Rover Defender P90E Electric"},"content":{"rendered":"<p><strong>Zgodovina avtomobila<\/strong><\/p>\n<p>Land Rover Defender je v svetu terenskih vozil nesporna ikona. Pravi avtomobilski junak in model, ki \u0161e vedno simbolizira robustnost, zanesljivost in pripravljenost za vo\u017enjo povsod. Zato je \u0161e vedno sanjski avtomobil milijonov ljubiteljev terenskih vozil po vsem svetu. Vendar so klasi\u010dni modeli, \u0161e tako kul in o\u010darljivi, v dana\u0161njem svetu, ki je poln prometa in skrbi za okolje, zastareli. \u0160vicarsko podjetje Revive je na\u0161lo re\u0161itev za to in ta primerek predelalo na sodoben elektri\u010dni pogon, kar je popolnoma spremenilo ob\u010dutek tega klasi\u010dnega vozila in izbolj\u0161alo njegove zmogljivosti. Ta primerek je bil izdelan leta 1999 v za\u017eeleni trivratni izvedbi in dobavljen nov v \u0160vici. Prodajalec ga je kupil leta 2021, podjetje Revive pa ga je leta 2022 temeljito opremilo, s \u010dimer je nastal prvi Defender EV v \u0160vici. Prvotni dizelski motor je zamenjal elektromotor Netgain Hyper 9 s 66 kW (100 KM), ki mu je bil dodan baterijski sklop s 44 kWh. Zanimivo je, da je elektri\u010dni motor priklju\u010den na originalni ro\u010dni menjalnik in pogonski sklop 4&#215;4. Ta Defender ima edinstveno kombinacijo elektri\u010dnega pogona in menjalnika s prestavno ro\u010dico, izbolj\u0161ano zmogljivost, ve\u010dji navor in doseg pribli\u017eno 120 do 130 km.<\/p>\n<p><strong>Notranjost<\/strong><\/p>\n<p>Razen osrednjega zaslona je notranjost tega edinstvenega Land Roverja Defender iz tistega obdobja in v odli\u010dnem stanju. Sede\u017ei so prevle\u010deni s tkanino, zadaj pa so na voljo sede\u017ei z drsenjem. Armaturna plo\u0161\u010da je videti enako kot originalna. Ima nekaj dodatnih stikal, nadgrajen avdio sistem in merilnik goriva, ki je bil predelan tako, da prikazuje koli\u010dino elektri\u010dne energije v baterijah, kar je odli\u010dna podrobnost po meri. \u010ceprav je Defender zdaj opremljen z baterijskim paketom, ni izgubil ni\u010desar od svoje prakti\u010dnosti ali notranjega prostora.<\/p>\n<p><strong> <\/strong><strong>Stanje<\/strong><\/p>\n<p>Ta legendarni terenec je od novega do predelave pri podjetju Revive prevozil 187.654 km. Ta primerek je bil izbran zaradi svojega stanja, odsotnosti po\u0161kodb ali rje, ki so pogoste te\u017eave klasi\u010dnih vozil Defender. Od predelave je Defender prevozil skoraj 10 000 kilometrov in je pripravljen prevoziti \u0161e ve\u010d, saj je njegov motor povsem nov. Trenutno je na \u0161tevcu prevo\u017eenih kilometrov nekaj ve\u010d kot 197.500 km. Avtomobilu je prilo\u017eena iz\u010drpna dokumentacija, dokumentacija in jamstvo podjetja Revive. Vozilo je bilo temeljito pregledano tik pred predelavo 2022, zavore pa so bile obnovljene pred nekaj dnevi, novembra 2023. Pomembno je povedati, da je ta defender opravil \u0161vicarski tehni\u010dni pregled, je bil registriran in ima triletno garancijo podjetja Revive, kar dokazuje, da je splo\u0161no stanje fantasti\u010dno in da je vozilo popolnoma primerno za kakr\u0161no koli uporabo na cesti in zunaj nje.<\/p>\n<p><strong> <\/strong><strong>Zunanjost in kolesa<\/strong><\/p>\n<p>Od zunaj je ta Defender EV videti kot kateri koli drug Land Rover iz istega letnika, razlikuje se le po nalepkah in priklju\u010dku za polnjenje namesto pokrov\u010dka za gorivo. Z originalnimi 16-pal\u010dnimi plati\u0161\u010di, ovitimi v terenske pnevmatike Nokian (iz leta 2021), se lahko spopade z vsakim terenom. Na vozilu ni udarcev, prask ali rje, siva barva pa je originalna.<\/p>\n<p><strong> <\/strong><strong>Dokumentacija<\/strong><\/p>\n<p>Lastnik to vozilo prodaja z ustrezno dokumentacijo in se nahaja v \u0160vici. <a href=\"https:\/\/pistonaddict.com\/wp-content\/uploads\/2023\/11\/CarVertical.pdf\">Vertikalno<\/a> poro\u010dilo o <a href=\"https:\/\/pistonaddict.com\/wp-content\/uploads\/2023\/11\/CarVertical.pdf\">vozilu<\/a> je \u010disto; ni dokazov o nesre\u010dah, popravilih, lastni\u0161tvu ali pravnih te\u017eavah. Na voljo so zapisi o rednem vzdr\u017eevanju, originalne tovarni\u0161ke bro\u0161ure, prodajni listi in ra\u010duni.  <strong>Avtomobil ima ustrezno dokumentacijo podjetja Revive, triletno pisno garancijo za elektri\u010dni motor in akumulator ter tehni\u010dni pregled, ki so ga opravili \u0161vicarski organi. Avtomobilu sta prilo\u017eena tudi iz\u010drpen uporabni\u0161ki priro\u010dnik in zavarovalna dokumentacija.<\/strong>. Vse to pomeni, da je ta Defender EV popolnoma legalen v cestnem prometu, pripravljen za izvoz in ga lahko uporabljate kjer koli.<\/p>\n<p><strong>Oglejte si videoposnetek hladnega zagona tega zelo zanimivega vozila Land Rover Defender s popolnoma elektri\u010dnim pogonom:<\/strong><\/p>\n<p><iframe title=\"Cold Start Video of the Land Rover Defender full Electric for auction sale\" width=\"1200\" height=\"900\" src=\"https:\/\/www.youtube.com\/embed\/8ZfpIXIwhOI?feature=oembed\" frameborder=\"0\" allow=\"accelerometer; autoplay; clipboard-write; encrypted-media; gyroscope; picture-in-picture; web-share\" allowfullscreen><\/iframe><\/p>\n<p><strong> <\/strong><\/p>\n","protected":false},"excerpt":{"rendered":"<p>Eden najbolj vznemirljivih vidikov revolucije elektri\u010dnih vozil je, da lahko klasi\u010dne avtomobile ponovno izumimo in jim vdihnemo novo \u017eivljenje. Nadgradnja klasi\u010dnega vozila z najsodobnej\u0161im elektri\u010dnim pogonskim sklopom je korak dlje od obnove in edinstven na\u010din, kako prepoznavno obliko vozila uskladiti s tehnologijo 21. stoletja. Danes vam s ponosom predstavljamo tak avtomobil &#8211; Land Rover Defender EV, prvega klasi\u010dnega Defenderja, ki ga je \u0161vicarsko podjetje Revive predelalo v elektri\u010dno vozilo.<\/p>\n","protected":false},"featured_media":71397,"comment_status":"open","ping_status":"closed","template":"","meta":{"inline_featured_image":false},"product_cat":[700],"product_tag":[2560,2534,2539,2537],"acf":[],"yoast_head":"<!-- This site is optimized with the Yoast SEO plugin v22.5 - https:\/\/yoast.com\/wordpress\/plugins\/seo\/ -->\n<title>Land Rover Defender P90E Electric dra\u017ebe - Piston Addict<\/title>\n<meta name=\"robots\" content=\"index, follow, max-snippet:-1, max-image-preview:large, max-video-preview:-1\" \/>\n<link rel=\"canonical\" href=\"https:\/\/pistonaddict.com\/sl\/product\/land-rover-defender-p90e-electric\/\" \/>\n<meta property=\"og:locale\" content=\"sl_SI\" \/>\n<meta property=\"og:type\" content=\"article\" \/>\n<meta property=\"og:title\" content=\"Land Rover Defender P90E Electric dra\u017ebe - Piston Addict\" \/>\n<meta property=\"og:description\" content=\"Eden najbolj vznemirljivih vidikov revolucije elektri\u010dnih vozil je, da lahko klasi\u010dne avtomobile ponovno izumimo in jim vdihnemo novo \u017eivljenje. Nadgradnja klasi\u010dnega vozila z najsodobnej\u0161im elektri\u010dnim pogonskim sklopom je korak dlje od obnove in edinstven na\u010din, kako prepoznavno obliko vozila uskladiti s tehnologijo 21. stoletja. Danes vam s ponosom predstavljamo tak avtomobil - Land Rover Defender EV, prvega klasi\u010dnega Defenderja, ki ga je \u0161vicarsko podjetje Revive predelalo v elektri\u010dno vozilo.\" \/>\n<meta property=\"og:url\" content=\"https:\/\/pistonaddict.com\/sl\/product\/land-rover-defender-p90e-electric\/\" \/>\n<meta property=\"og:site_name\" content=\"Piston Addict\" \/>\n<meta property=\"article:modified_time\" content=\"2024-03-19T15:59:09+00:00\" \/>\n<meta property=\"og:image\" content=\"https:\/\/pistonaddict.com\/wp-content\/uploads\/2023\/11\/def-05.jpg\" \/>\n\t<meta property=\"og:image:width\" content=\"2560\" \/>\n\t<meta property=\"og:image:height\" content=\"1440\" \/>\n\t<meta property=\"og:image:type\" content=\"image\/jpeg\" \/>\n<meta name=\"twitter:card\" content=\"summary_large_image\" \/>\n<meta name=\"twitter:label1\" content=\"Est. reading time\" \/>\n\t<meta name=\"twitter:data1\" content=\"3 minute\" \/>\n<script type=\"application\/ld+json\" class=\"yoast-schema-graph\">{\"@context\":\"https:\/\/schema.org\",\"@graph\":[{\"@type\":\"WebPage\",\"@id\":\"https:\/\/pistonaddict.com\/sl\/product\/land-rover-defender-p90e-electric\/\",\"url\":\"https:\/\/pistonaddict.com\/sl\/product\/land-rover-defender-p90e-electric\/\",\"name\":\"Land Rover Defender P90E Electric dra\u017ebe - Piston Addict\",\"isPartOf\":{\"@id\":\"https:\/\/pistonaddict.com\/sl\/#website\"},\"primaryImageOfPage\":{\"@id\":\"https:\/\/pistonaddict.com\/sl\/product\/land-rover-defender-p90e-electric\/#primaryimage\"},\"image\":{\"@id\":\"https:\/\/pistonaddict.com\/sl\/product\/land-rover-defender-p90e-electric\/#primaryimage\"},\"thumbnailUrl\":\"https:\/\/pistonaddict.com\/wp-content\/uploads\/2023\/11\/def-05.jpg\",\"datePublished\":\"2023-11-17T16:40:02+00:00\",\"dateModified\":\"2024-03-19T15:59:09+00:00\",\"breadcrumb\":{\"@id\":\"https:\/\/pistonaddict.com\/sl\/product\/land-rover-defender-p90e-electric\/#breadcrumb\"},\"inLanguage\":\"sl-SI\",\"potentialAction\":[{\"@type\":\"ReadAction\",\"target\":[\"https:\/\/pistonaddict.com\/sl\/product\/land-rover-defender-p90e-electric\/\"]}]},{\"@type\":\"ImageObject\",\"inLanguage\":\"sl-SI\",\"@id\":\"https:\/\/pistonaddict.com\/sl\/product\/land-rover-defender-p90e-electric\/#primaryimage\",\"url\":\"https:\/\/pistonaddict.com\/wp-content\/uploads\/2023\/11\/def-05.jpg\",\"contentUrl\":\"https:\/\/pistonaddict.com\/wp-content\/uploads\/2023\/11\/def-05.jpg\",\"width\":2560,\"height\":1440},{\"@type\":\"BreadcrumbList\",\"@id\":\"https:\/\/pistonaddict.com\/sl\/product\/land-rover-defender-p90e-electric\/#breadcrumb\",\"itemListElement\":[{\"@type\":\"ListItem\",\"position\":1,\"name\":\"Doma\u010da stran\",\"item\":\"https:\/\/pistonaddict.com\/sl\/domaca-stran-2\/\"},{\"@type\":\"ListItem\",\"position\":2,\"name\":\"Auctions\",\"item\":\"https:\/\/pistonaddict.com\/auctions-listing\/\"},{\"@type\":\"ListItem\",\"position\":3,\"name\":\"Land Rover Defender P90E Electric\"}]},{\"@type\":\"WebSite\",\"@id\":\"https:\/\/pistonaddict.com\/sl\/#website\",\"url\":\"https:\/\/pistonaddict.com\/sl\/\",\"name\":\"Piston Addict\",\"description\":\"Only interesting vehicles\",\"publisher\":{\"@id\":\"https:\/\/pistonaddict.com\/sl\/#organization\"},\"potentialAction\":[{\"@type\":\"SearchAction\",\"target\":{\"@type\":\"EntryPoint\",\"urlTemplate\":\"https:\/\/pistonaddict.com\/sl\/?s={search_term_string}\"},\"query-input\":\"required name=search_term_string\"}],\"inLanguage\":\"sl-SI\"},{\"@type\":\"Organization\",\"@id\":\"https:\/\/pistonaddict.com\/sl\/#organization\",\"name\":\"Piston Addict\",\"url\":\"https:\/\/pistonaddict.com\/sl\/\",\"logo\":{\"@type\":\"ImageObject\",\"inLanguage\":\"sl-SI\",\"@id\":\"https:\/\/pistonaddict.com\/sl\/#\/schema\/logo\/image\/\",\"url\":\"https:\/\/pistonaddict.com\/wp-content\/uploads\/2022\/07\/logo-6.png\",\"contentUrl\":\"https:\/\/pistonaddict.com\/wp-content\/uploads\/2022\/07\/logo-6.png\",\"width\":970,\"height\":200,\"caption\":\"Piston Addict\"},\"image\":{\"@id\":\"https:\/\/pistonaddict.com\/sl\/#\/schema\/logo\/image\/\"}}]}<\/script>\n<!-- \/ Yoast SEO plugin. -->","yoast_head_json":{"title":"Land Rover Defender P90E Electric dra\u017ebe - Piston Addict","robots":{"index":"index","follow":"follow","max-snippet":"max-snippet:-1","max-image-preview":"max-image-preview:large","max-video-preview":"max-video-preview:-1"},"canonical":"https:\/\/pistonaddict.com\/sl\/product\/land-rover-defender-p90e-electric\/","og_locale":"sl_SI","og_type":"article","og_title":"Land Rover Defender P90E Electric dra\u017ebe - Piston Addict","og_description":"Eden najbolj vznemirljivih vidikov revolucije elektri\u010dnih vozil je, da lahko klasi\u010dne avtomobile ponovno izumimo in jim vdihnemo novo \u017eivljenje. Nadgradnja klasi\u010dnega vozila z najsodobnej\u0161im elektri\u010dnim pogonskim sklopom je korak dlje od obnove in edinstven na\u010din, kako prepoznavno obliko vozila uskladiti s tehnologijo 21. stoletja. Danes vam s ponosom predstavljamo tak avtomobil - Land Rover Defender EV, prvega klasi\u010dnega Defenderja, ki ga je \u0161vicarsko podjetje Revive predelalo v elektri\u010dno vozilo.","og_url":"https:\/\/pistonaddict.com\/sl\/product\/land-rover-defender-p90e-electric\/","og_site_name":"Piston Addict","article_modified_time":"2024-03-19T15:59:09+00:00","og_image":[{"width":2560,"height":1440,"url":"https:\/\/pistonaddict.com\/wp-content\/uploads\/2023\/11\/def-05.jpg","type":"image\/jpeg"}],"twitter_card":"summary_large_image","twitter_misc":{"Est. reading time":"3 minute"},"schema":{"@context":"https:\/\/schema.org","@graph":[{"@type":"WebPage","@id":"https:\/\/pistonaddict.com\/sl\/product\/land-rover-defender-p90e-electric\/","url":"https:\/\/pistonaddict.com\/sl\/product\/land-rover-defender-p90e-electric\/","name":"Land Rover Defender P90E Electric dra\u017ebe - Piston Addict","isPartOf":{"@id":"https:\/\/pistonaddict.com\/sl\/#website"},"primaryImageOfPage":{"@id":"https:\/\/pistonaddict.com\/sl\/product\/land-rover-defender-p90e-electric\/#primaryimage"},"image":{"@id":"https:\/\/pistonaddict.com\/sl\/product\/land-rover-defender-p90e-electric\/#primaryimage"},"thumbnailUrl":"https:\/\/pistonaddict.com\/wp-content\/uploads\/2023\/11\/def-05.jpg","datePublished":"2023-11-17T16:40:02+00:00","dateModified":"2024-03-19T15:59:09+00:00","breadcrumb":{"@id":"https:\/\/pistonaddict.com\/sl\/product\/land-rover-defender-p90e-electric\/#breadcrumb"},"inLanguage":"sl-SI","potentialAction":[{"@type":"ReadAction","target":["https:\/\/pistonaddict.com\/sl\/product\/land-rover-defender-p90e-electric\/"]}]},{"@type":"ImageObject","inLanguage":"sl-SI","@id":"https:\/\/pistonaddict.com\/sl\/product\/land-rover-defender-p90e-electric\/#primaryimage","url":"https:\/\/pistonaddict.com\/wp-content\/uploads\/2023\/11\/def-05.jpg","contentUrl":"https:\/\/pistonaddict.com\/wp-content\/uploads\/2023\/11\/def-05.jpg","width":2560,"height":1440},{"@type":"BreadcrumbList","@id":"https:\/\/pistonaddict.com\/sl\/product\/land-rover-defender-p90e-electric\/#breadcrumb","itemListElement":[{"@type":"ListItem","position":1,"name":"Doma\u010da stran","item":"https:\/\/pistonaddict.com\/sl\/domaca-stran-2\/"},{"@type":"ListItem","position":2,"name":"Auctions","item":"https:\/\/pistonaddict.com\/auctions-listing\/"},{"@type":"ListItem","position":3,"name":"Land Rover Defender P90E Electric"}]},{"@type":"WebSite","@id":"https:\/\/pistonaddict.com\/sl\/#website","url":"https:\/\/pistonaddict.com\/sl\/","name":"Piston Addict","description":"Only interesting vehicles","publisher":{"@id":"https:\/\/pistonaddict.com\/sl\/#organization"},"potentialAction":[{"@type":"SearchAction","target":{"@type":"EntryPoint","urlTemplate":"https:\/\/pistonaddict.com\/sl\/?s={search_term_string}"},"query-input":"required name=search_term_string"}],"inLanguage":"sl-SI"},{"@type":"Organization","@id":"https:\/\/pistonaddict.com\/sl\/#organization","name":"Piston Addict","url":"https:\/\/pistonaddict.com\/sl\/","logo":{"@type":"ImageObject","inLanguage":"sl-SI","@id":"https:\/\/pistonaddict.com\/sl\/#\/schema\/logo\/image\/","url":"https:\/\/pistonaddict.com\/wp-content\/uploads\/2022\/07\/logo-6.png","contentUrl":"https:\/\/pistonaddict.com\/wp-content\/uploads\/2022\/07\/logo-6.png","width":970,"height":200,"caption":"Piston Addict"},"image":{"@id":"https:\/\/pistonaddict.com\/sl\/#\/schema\/logo\/image\/"}}]}},"_links":{"self":[{"href":"https:\/\/pistonaddict.com\/sl\/wp-json\/wp\/v2\/product\/72252"}],"collection":[{"href":"https:\/\/pistonaddict.com\/sl\/wp-json\/wp\/v2\/product"}],"about":[{"href":"https:\/\/pistonaddict.com\/sl\/wp-json\/wp\/v2\/types\/product"}],"replies":[{"embeddable":true,"href":"https:\/\/pistonaddict.com\/sl\/wp-json\/wp\/v2\/comments?post=72252"}],"wp:featuredmedia":[{"embeddable":true,"href":"https:\/\/pistonaddict.com\/sl\/wp-json\/wp\/v2\/media\/71397"}],"wp:attachment":[{"href":"https:\/\/pistonaddict.com\/sl\/wp-json\/wp\/v2\/media?parent=72252"}],"wp:term":[{"taxonomy":"product_cat","embeddable":true,"href":"https:\/\/pistonaddict.com\/sl\/wp-json\/wp\/v2\/product_cat?post=72252"},{"taxonomy":"product_tag","embeddable":true,"href":"https:\/\/pistonaddict.com\/sl\/wp-json\/wp\/v2\/product_tag?post=72252"}],"curies":[{"name":"wp","href":"https:\/\/api.w.org\/{rel}","templated":true}]}}