{"id":69422,"date":"2023-11-09T17:05:55","date_gmt":"2023-11-09T16:05:55","guid":{"rendered":"https:\/\/pistonaddict.com\/product\/mini-rover-1-3-mpi-silverstone\/"},"modified":"2023-12-20T09:54:08","modified_gmt":"2023-12-20T08:54:08","slug":"mini-rover-1-3-mpi-silverstone","status":"publish","type":"product","link":"https:\/\/pistonaddict.com\/sl\/product\/mini-rover-1-3-mpi-silverstone\/","title":{"rendered":"Mini Rover 1.3 Silverstone"},"content":{"rendered":"<h2>Zunanjost<\/h2>\n<p>Zunanjost tega \u010drnega dvovratnega hatchbacka, ki ga poznamo \u017ee od dale\u010d, popestrijo podrobnosti, kot so kromirana re\u0161etka, dirka\u0161ke \u010drte na maski motorja in streha, pobarvana v belo barvo. Poleg tega je spredaj par lu\u010di za meglo, ki izbolj\u0161ujejo vidljivost in videz. To spremljajo beli smerniki, ki so veliko bolj\u0161a mo\u017enost kot stari rumeni smerniki. Zadaj pa je sredinski izpu\u0161ni sistem s kromirano konico.<\/p>\n<p>Na koncu je treba omeniti \u0161e raz\u0161irjene kolesne loke, ki \u0161e bolj poudarijo agresivni videz avtomobila. Vendar ta sprememba ni namenjena le razstavi, saj je bila potrebna, da je bilo dovolj prostora za \u0161iroka \u0161portna kolesa. In ko smo \u017ee pri pnevmatikah, je treba omeniti, da 13-pal\u010dna plati\u0161\u010da na tem avtomobilu niso serijska. Vendar prodajalec pravi, da bodo na voljo tudi te.<\/p>\n<h2>Notranjost<\/h2>\n<p>Ko se znajdete v vozilu, se znajdete za tipi\u010dno miniaturnim trikrakim usnjenim volanom. Za njo je instrumentna plo\u0161\u010da z merilnikom hitrosti, ki se kon\u010da pri 180 km\/h, in merilnikom vrtljajev do 8.000 vrtljajev na minuto. Pri\u010dakovano je armaturna plo\u0161\u010da, izdelana iz pravega lesa, skromno opremljena in ponuja le najnujnej\u0161e. To vklju\u010duje stikala za lu\u010di, upravljalnike prezra\u010devanja in stereo enoto, ki je v tem primeru Sonyjeva naknadno nabavljena naprava.<\/p>\n<p>Preostala notranjost mo\u010dno nakazuje \u0161portni zna\u010daj vozila, pri \u010demer so najbolj prepri\u010dljivi sprednji sede\u017ei. Oble\u010deni v \u010drno usnje in sivo kombinacijo tkanine bodo zagotavljali zadostno oporo pri premagovanju tesnih ovinkov, kjer se Mini najbolje znajde. Zadnji sede\u017ei in stranska plo\u0161\u010da so oblazinjeni v enakem slogu, privla\u010den videz pa dopolnjuje rde\u010da preproga na tleh. Prodajalec bo pred predajo avtomobila zamenjal tudi stre\u0161no oblogo, saj je originalna po\u0161kodovana tik nad sen\u010dniki (glej sliko).<\/p>\n<h2>Mehanika<\/h2>\n<p>Ta Mini Cooper ima 1,3-valjni \u0161tirivaljni motor, ki poganja sprednja kolesa prek 4-stopenjskega ro\u010dnega menjalnika. Osnovna konfiguracija motorja izvira iz 60. let, vendar je ta model opremljen z Roverjevim elektronskim vbrizgavanjem goriva, zaradi \u010desar je vozilo zanesljivej\u0161e in prijetnej\u0161e za vo\u017enjo.<\/p>\n<p>Kar zadeva mo\u010d, ima Mini Cooper na voljo le 63 konjskih mo\u010di, kar se morda ne zdi veliko. Vendar se mora spopasti le s 685 kilogrami, kolikor tehta ta avtomobil. \u010ceprav Mini verjetno ni izjemno hiter na ravnini, je v ovinkih izjemno zabaven. To je tudi ena od stvari, zaradi katerih je bila tako posebna in slavna.<\/p>\n<h2>Zgodovina vozila<\/h2>\n<p>Na koncu \u0161e nekaj besed o trenutnem stanju vozila Mini, ki ga prodajalec opisuje kot zelo dobro. Vozilo je bilo nazadnje servisirano junija 2023, ko je bilo opravljeno redno vzdr\u017eevanje in name\u0161\u010dene nove zavore. Poleg tega je nov tudi celoten izpu\u0161ni sistem, vklju\u010dno s katalizatorjem. Po fotografijah sode\u010d je avto videti kot izrezan, tako zunaj kot v notranjosti. Poleg tega strokovni prodajalec, ki je peti lastnik, trdi, da avtomobil nikoli ni imel nesre\u010de, kar je dodatno potrjeno z ustreznim poro\u010dilom <a href=\"https:\/\/pistonaddict.com\/wp-content\/uploads\/2023\/11\/CARFAX-Vehicle-History-Report-ROVER-MINI.pdf\">CARFAX<\/a> o zgodovini vozila. Zadnji tehni\u010dni pregled je bil opravljen in odobren 6. oktobra 2023.<\/p>\n<p><strong><br \/>\nOglejte si videoposnetek hladnega zagona tega simpati\u010dnega vozila Mini Rover Silverstone :<\/strong><\/p>\n<p><iframe title=\"Cold Start Video of the Austin Mini Silverstone for auction sale\" width=\"1200\" height=\"675\" src=\"https:\/\/www.youtube.com\/embed\/NW_53HH3Wg4?feature=oembed\" frameborder=\"0\" allow=\"accelerometer; autoplay; clipboard-write; encrypted-media; gyroscope; picture-in-picture; web-share\" allowfullscreen><\/iframe><\/p>\n","protected":false},"excerpt":{"rendered":"<p>\u010ce i\u0161\u010dete majhen, prakti\u010den in okreten klasi\u010dni avtomobil, mora biti originalni Mini na vrhu va\u0161ega seznama. Ta avtomobilska ikona je bila v svojem dolgem proizvodnem obdobju na voljo v ve\u010d razli\u010dicah, pri \u010demer je bil \u0161portni Cooper verjetno najbolj za\u017eelen. To je avtomobil, ki zdru\u017euje izvirni zna\u010daj Mini z razli\u010dnimi izvrstnimi vizualnimi podrobnostmi in razburljivo vozno izku\u0161njo. Na prodaj je Mini Cooper iz leta 1993, ki je v odli\u010dnem stanju in je do zdaj prevozil 74.000 kilometrov. \u0160e ve\u010d, ker je bil izdelan le kot eden od 400 primerkov Silverstone, je ekskluziven. Podrobneje si oglejmo, kaj ponuja.<\/p>\n","protected":false},"featured_media":67420,"comment_status":"open","ping_status":"closed","template":"","meta":{"inline_featured_image":false},"product_cat":[700],"product_tag":[2462,2463,970],"acf":[],"yoast_head":"<!-- This site is optimized with the Yoast SEO plugin v22.5 - https:\/\/yoast.com\/wordpress\/plugins\/seo\/ -->\n<title>Mini Rover 1.3 Silverstone dra\u017ebe - Piston Addict<\/title>\n<meta name=\"robots\" content=\"index, follow, max-snippet:-1, max-image-preview:large, max-video-preview:-1\" \/>\n<link rel=\"canonical\" href=\"https:\/\/pistonaddict.com\/sl\/product\/mini-rover-1-3-mpi-silverstone\/\" \/>\n<meta property=\"og:locale\" content=\"sl_SI\" \/>\n<meta property=\"og:type\" content=\"article\" \/>\n<meta property=\"og:title\" content=\"Mini Rover 1.3 Silverstone dra\u017ebe - Piston Addict\" \/>\n<meta property=\"og:description\" content=\"\u010ce i\u0161\u010dete majhen, prakti\u010den in okreten klasi\u010dni avtomobil, mora biti originalni Mini na vrhu va\u0161ega seznama. Ta avtomobilska ikona je bila v svojem dolgem proizvodnem obdobju na voljo v ve\u010d razli\u010dicah, pri \u010demer je bil \u0161portni Cooper verjetno najbolj za\u017eelen. To je avtomobil, ki zdru\u017euje izvirni zna\u010daj Mini z razli\u010dnimi izvrstnimi vizualnimi podrobnostmi in razburljivo vozno izku\u0161njo. Na prodaj je Mini Cooper iz leta 1993, ki je v odli\u010dnem stanju in je do zdaj prevozil 74.000 kilometrov. \u0160e ve\u010d, ker je bil izdelan le kot eden od 400 primerkov Silverstone, je ekskluziven. Podrobneje si oglejmo, kaj ponuja.\" \/>\n<meta property=\"og:url\" content=\"https:\/\/pistonaddict.com\/sl\/product\/mini-rover-1-3-mpi-silverstone\/\" \/>\n<meta property=\"og:site_name\" content=\"Piston Addict\" \/>\n<meta property=\"article:modified_time\" content=\"2023-12-20T08:54:08+00:00\" \/>\n<meta property=\"og:image\" content=\"https:\/\/pistonaddict.com\/wp-content\/uploads\/2023\/11\/IMG_5534-scaled.jpeg\" \/>\n\t<meta property=\"og:image:width\" content=\"2560\" \/>\n\t<meta property=\"og:image:height\" content=\"1920\" \/>\n\t<meta property=\"og:image:type\" content=\"image\/jpeg\" \/>\n<meta name=\"twitter:card\" content=\"summary_large_image\" \/>\n<meta name=\"twitter:label1\" content=\"Est. reading time\" \/>\n\t<meta name=\"twitter:data1\" content=\"3 minute\" \/>\n<script type=\"application\/ld+json\" class=\"yoast-schema-graph\">{\"@context\":\"https:\/\/schema.org\",\"@graph\":[{\"@type\":\"WebPage\",\"@id\":\"https:\/\/pistonaddict.com\/sl\/product\/mini-rover-1-3-mpi-silverstone\/\",\"url\":\"https:\/\/pistonaddict.com\/sl\/product\/mini-rover-1-3-mpi-silverstone\/\",\"name\":\"Mini Rover 1.3 Silverstone dra\u017ebe - Piston Addict\",\"isPartOf\":{\"@id\":\"https:\/\/pistonaddict.com\/sl\/#website\"},\"primaryImageOfPage\":{\"@id\":\"https:\/\/pistonaddict.com\/sl\/product\/mini-rover-1-3-mpi-silverstone\/#primaryimage\"},\"image\":{\"@id\":\"https:\/\/pistonaddict.com\/sl\/product\/mini-rover-1-3-mpi-silverstone\/#primaryimage\"},\"thumbnailUrl\":\"https:\/\/pistonaddict.com\/wp-content\/uploads\/2023\/11\/IMG_5534-scaled.jpeg\",\"datePublished\":\"2023-11-09T16:05:55+00:00\",\"dateModified\":\"2023-12-20T08:54:08+00:00\",\"breadcrumb\":{\"@id\":\"https:\/\/pistonaddict.com\/sl\/product\/mini-rover-1-3-mpi-silverstone\/#breadcrumb\"},\"inLanguage\":\"sl-SI\",\"potentialAction\":[{\"@type\":\"ReadAction\",\"target\":[\"https:\/\/pistonaddict.com\/sl\/product\/mini-rover-1-3-mpi-silverstone\/\"]}]},{\"@type\":\"ImageObject\",\"inLanguage\":\"sl-SI\",\"@id\":\"https:\/\/pistonaddict.com\/sl\/product\/mini-rover-1-3-mpi-silverstone\/#primaryimage\",\"url\":\"https:\/\/pistonaddict.com\/wp-content\/uploads\/2023\/11\/IMG_5534-scaled.jpeg\",\"contentUrl\":\"https:\/\/pistonaddict.com\/wp-content\/uploads\/2023\/11\/IMG_5534-scaled.jpeg\",\"width\":2560,\"height\":1920},{\"@type\":\"BreadcrumbList\",\"@id\":\"https:\/\/pistonaddict.com\/sl\/product\/mini-rover-1-3-mpi-silverstone\/#breadcrumb\",\"itemListElement\":[{\"@type\":\"ListItem\",\"position\":1,\"name\":\"Doma\u010da stran\",\"item\":\"https:\/\/pistonaddict.com\/sl\/domaca-stran-2\/\"},{\"@type\":\"ListItem\",\"position\":2,\"name\":\"Auctions\",\"item\":\"https:\/\/pistonaddict.com\/auctions-listing\/\"},{\"@type\":\"ListItem\",\"position\":3,\"name\":\"Mini Rover 1.3 Silverstone\"}]},{\"@type\":\"WebSite\",\"@id\":\"https:\/\/pistonaddict.com\/sl\/#website\",\"url\":\"https:\/\/pistonaddict.com\/sl\/\",\"name\":\"Piston Addict\",\"description\":\"Only interesting vehicles\",\"publisher\":{\"@id\":\"https:\/\/pistonaddict.com\/sl\/#organization\"},\"potentialAction\":[{\"@type\":\"SearchAction\",\"target\":{\"@type\":\"EntryPoint\",\"urlTemplate\":\"https:\/\/pistonaddict.com\/sl\/?s={search_term_string}\"},\"query-input\":\"required name=search_term_string\"}],\"inLanguage\":\"sl-SI\"},{\"@type\":\"Organization\",\"@id\":\"https:\/\/pistonaddict.com\/sl\/#organization\",\"name\":\"Piston Addict\",\"url\":\"https:\/\/pistonaddict.com\/sl\/\",\"logo\":{\"@type\":\"ImageObject\",\"inLanguage\":\"sl-SI\",\"@id\":\"https:\/\/pistonaddict.com\/sl\/#\/schema\/logo\/image\/\",\"url\":\"https:\/\/pistonaddict.com\/wp-content\/uploads\/2022\/07\/logo-6.png\",\"contentUrl\":\"https:\/\/pistonaddict.com\/wp-content\/uploads\/2022\/07\/logo-6.png\",\"width\":970,\"height\":200,\"caption\":\"Piston Addict\"},\"image\":{\"@id\":\"https:\/\/pistonaddict.com\/sl\/#\/schema\/logo\/image\/\"}}]}<\/script>\n<!-- \/ Yoast SEO plugin. -->","yoast_head_json":{"title":"Mini Rover 1.3 Silverstone dra\u017ebe - Piston Addict","robots":{"index":"index","follow":"follow","max-snippet":"max-snippet:-1","max-image-preview":"max-image-preview:large","max-video-preview":"max-video-preview:-1"},"canonical":"https:\/\/pistonaddict.com\/sl\/product\/mini-rover-1-3-mpi-silverstone\/","og_locale":"sl_SI","og_type":"article","og_title":"Mini Rover 1.3 Silverstone dra\u017ebe - Piston Addict","og_description":"\u010ce i\u0161\u010dete majhen, prakti\u010den in okreten klasi\u010dni avtomobil, mora biti originalni Mini na vrhu va\u0161ega seznama. Ta avtomobilska ikona je bila v svojem dolgem proizvodnem obdobju na voljo v ve\u010d razli\u010dicah, pri \u010demer je bil \u0161portni Cooper verjetno najbolj za\u017eelen. To je avtomobil, ki zdru\u017euje izvirni zna\u010daj Mini z razli\u010dnimi izvrstnimi vizualnimi podrobnostmi in razburljivo vozno izku\u0161njo. Na prodaj je Mini Cooper iz leta 1993, ki je v odli\u010dnem stanju in je do zdaj prevozil 74.000 kilometrov. \u0160e ve\u010d, ker je bil izdelan le kot eden od 400 primerkov Silverstone, je ekskluziven. Podrobneje si oglejmo, kaj ponuja.","og_url":"https:\/\/pistonaddict.com\/sl\/product\/mini-rover-1-3-mpi-silverstone\/","og_site_name":"Piston Addict","article_modified_time":"2023-12-20T08:54:08+00:00","og_image":[{"width":2560,"height":1920,"url":"https:\/\/pistonaddict.com\/wp-content\/uploads\/2023\/11\/IMG_5534-scaled.jpeg","type":"image\/jpeg"}],"twitter_card":"summary_large_image","twitter_misc":{"Est. reading time":"3 minute"},"schema":{"@context":"https:\/\/schema.org","@graph":[{"@type":"WebPage","@id":"https:\/\/pistonaddict.com\/sl\/product\/mini-rover-1-3-mpi-silverstone\/","url":"https:\/\/pistonaddict.com\/sl\/product\/mini-rover-1-3-mpi-silverstone\/","name":"Mini Rover 1.3 Silverstone dra\u017ebe - Piston Addict","isPartOf":{"@id":"https:\/\/pistonaddict.com\/sl\/#website"},"primaryImageOfPage":{"@id":"https:\/\/pistonaddict.com\/sl\/product\/mini-rover-1-3-mpi-silverstone\/#primaryimage"},"image":{"@id":"https:\/\/pistonaddict.com\/sl\/product\/mini-rover-1-3-mpi-silverstone\/#primaryimage"},"thumbnailUrl":"https:\/\/pistonaddict.com\/wp-content\/uploads\/2023\/11\/IMG_5534-scaled.jpeg","datePublished":"2023-11-09T16:05:55+00:00","dateModified":"2023-12-20T08:54:08+00:00","breadcrumb":{"@id":"https:\/\/pistonaddict.com\/sl\/product\/mini-rover-1-3-mpi-silverstone\/#breadcrumb"},"inLanguage":"sl-SI","potentialAction":[{"@type":"ReadAction","target":["https:\/\/pistonaddict.com\/sl\/product\/mini-rover-1-3-mpi-silverstone\/"]}]},{"@type":"ImageObject","inLanguage":"sl-SI","@id":"https:\/\/pistonaddict.com\/sl\/product\/mini-rover-1-3-mpi-silverstone\/#primaryimage","url":"https:\/\/pistonaddict.com\/wp-content\/uploads\/2023\/11\/IMG_5534-scaled.jpeg","contentUrl":"https:\/\/pistonaddict.com\/wp-content\/uploads\/2023\/11\/IMG_5534-scaled.jpeg","width":2560,"height":1920},{"@type":"BreadcrumbList","@id":"https:\/\/pistonaddict.com\/sl\/product\/mini-rover-1-3-mpi-silverstone\/#breadcrumb","itemListElement":[{"@type":"ListItem","position":1,"name":"Doma\u010da stran","item":"https:\/\/pistonaddict.com\/sl\/domaca-stran-2\/"},{"@type":"ListItem","position":2,"name":"Auctions","item":"https:\/\/pistonaddict.com\/auctions-listing\/"},{"@type":"ListItem","position":3,"name":"Mini Rover 1.3 Silverstone"}]},{"@type":"WebSite","@id":"https:\/\/pistonaddict.com\/sl\/#website","url":"https:\/\/pistonaddict.com\/sl\/","name":"Piston Addict","description":"Only interesting vehicles","publisher":{"@id":"https:\/\/pistonaddict.com\/sl\/#organization"},"potentialAction":[{"@type":"SearchAction","target":{"@type":"EntryPoint","urlTemplate":"https:\/\/pistonaddict.com\/sl\/?s={search_term_string}"},"query-input":"required name=search_term_string"}],"inLanguage":"sl-SI"},{"@type":"Organization","@id":"https:\/\/pistonaddict.com\/sl\/#organization","name":"Piston Addict","url":"https:\/\/pistonaddict.com\/sl\/","logo":{"@type":"ImageObject","inLanguage":"sl-SI","@id":"https:\/\/pistonaddict.com\/sl\/#\/schema\/logo\/image\/","url":"https:\/\/pistonaddict.com\/wp-content\/uploads\/2022\/07\/logo-6.png","contentUrl":"https:\/\/pistonaddict.com\/wp-content\/uploads\/2022\/07\/logo-6.png","width":970,"height":200,"caption":"Piston Addict"},"image":{"@id":"https:\/\/pistonaddict.com\/sl\/#\/schema\/logo\/image\/"}}]}},"_links":{"self":[{"href":"https:\/\/pistonaddict.com\/sl\/wp-json\/wp\/v2\/product\/69422"}],"collection":[{"href":"https:\/\/pistonaddict.com\/sl\/wp-json\/wp\/v2\/product"}],"about":[{"href":"https:\/\/pistonaddict.com\/sl\/wp-json\/wp\/v2\/types\/product"}],"replies":[{"embeddable":true,"href":"https:\/\/pistonaddict.com\/sl\/wp-json\/wp\/v2\/comments?post=69422"}],"wp:featuredmedia":[{"embeddable":true,"href":"https:\/\/pistonaddict.com\/sl\/wp-json\/wp\/v2\/media\/67420"}],"wp:attachment":[{"href":"https:\/\/pistonaddict.com\/sl\/wp-json\/wp\/v2\/media?parent=69422"}],"wp:term":[{"taxonomy":"product_cat","embeddable":true,"href":"https:\/\/pistonaddict.com\/sl\/wp-json\/wp\/v2\/product_cat?post=69422"},{"taxonomy":"product_tag","embeddable":true,"href":"https:\/\/pistonaddict.com\/sl\/wp-json\/wp\/v2\/product_tag?post=69422"}],"curies":[{"name":"wp","href":"https:\/\/api.w.org\/{rel}","templated":true}]}}