{"id":67059,"date":"2023-11-07T14:48:12","date_gmt":"2023-11-07T13:48:12","guid":{"rendered":"https:\/\/pistonaddict.com\/product\/ferrari-348-tb\/"},"modified":"2024-03-20T09:41:37","modified_gmt":"2024-03-20T08:41:37","slug":"ferrari-348-tb","status":"publish","type":"product","link":"https:\/\/pistonaddict.com\/sl\/product\/ferrari-348-tb\/","title":{"rendered":"Ferrari 348 TB"},"content":{"rendered":"<p><strong>Zgodovina avtomobila<\/strong><\/p>\n<p>Model 348 TB je bil predstavljen leta 1989 in je v primerjavi s predhodniki pomenil velik korak naprej na podro\u010dju zmogljivosti in in\u017eeniringa. To je bil tudi eden zadnjih modelov iz obdobja &#8220;Enzo&#8221;, saj je bil odobren za proizvodnjo tik pred smrtjo legendarnega \u0161efa Ferrarija. Poganja ga 3,4-litrski motor V8 z mo\u010djo 300 KM, ki zagotavlja vznemirljivo zmogljivost. To vozilo je bilo kot novo dobavljeno v \u0160vici leta 1991, sedanji lastnik pa ga je kupil leta 2023. <strong>Zanimivost tega Ferrarija 348 TB pa je v tem, da je bil opremljen s kompletom Challenge<\/strong>. V zgodnjih 90. letih je Ferrari za\u010del z znamenito dirka\u0161ko serijo 348 Challenge za lastnike, ki so \u017eeleli dirkati s svojimi avtomobili. Za sodelovanje je bilo treba kupiti 348 Challenge v tovarni (izdelanih je bilo pribli\u017eno 50 primerkov) ali pri Ferrarijevem prodajalcu naro\u010diti komplet Challenge. <strong>Specifikacija Challenge je vklju\u010devala motor z mo\u010djo 320 KM, bolj\u0161e zavore, sede\u017ee, manj\u0161i akumulator, kletko in gume<\/strong>. Prodajalec Ferrarija je ta primerek predelal konec leta 1995, vendar ni nikoli dirkal, ker je serija Ferrari Challenge v sezoni 1996 pre\u0161la na model Ferrari 355. Postopek je bil v celoti dokumentiran z ra\u010duni in potrdili, zato<strong> je ta rumeni 348 eden od pribli\u017eno 150 avtomobilov, ki so jih predelali trgovci po vsem svetu, in verjetno edini brez dirka\u0161ke zgodovine!<\/strong><\/p>\n<p><strong>Notranjost<\/strong><\/p>\n<p>Ker je bil ta Ferrari skrbno vzdr\u017eevan, je \u010drna usnjena notranjost v zelo dobrem stanju z minimalnimi sledovi uporabe. Prej\u0161nji lastnik je odstranil kletko in vrnil originalne sede\u017ee, tako da je bilo vstopanje in izstopanje veliko la\u017eje. Armaturna plo\u0161\u010da je brez razpok, vsi instrumenti in gumbi delujejo. Ni nobenih sprememb, razen predvajalnika CD, ki se odli\u010dno prilega ob\u010dutku avtomobila iz 90. let.<\/p>\n<p><strong>Stanje<\/strong><\/p>\n<p>Ta Ferrari 348 TB Challenge je z le 55.721 prevo\u017eenimi kilometri v brezhibnem stanju in skrbno negovan s strani vseh uporabnikov. Vozilo je bilo o\u010ditno redko uporabljano in dobro vzdr\u017eevano, kot je razvidno iz evidenc. Datoteka o zgodovini vzdr\u017eevanja, ki je prilo\u017eena temu avtomobilu, je neverjetna, z originalnim ra\u010dunom o prodaji in lastniki iz 90. let. Zadnji servis je bil opravljen avgusta 2023, zavore pa so bile pregledane pred nekaj dnevi, novembra 2023. Po navedbah prodajalca je treba naslednje vzdr\u017eevanje opraviti z razdelilnim jermenom, ki ga lahko opravijo njihovi mehaniki za dodatnih 3000 evrov. Nobenega pu\u0161\u010danja ni; pod avtomobilom je tako \u010dist kot notranjost. Avtomobil je pripravljen za vo\u017enjo kamor koli in je verjetno eden najbolj\u0161ih primerov vozni\u0161ko kakovostnega Ferrarija 348 TB Challenge, kar jih lahko sre\u010date.<\/p>\n<p><strong>Zunanjost in kolesa<\/strong><\/p>\n<p>Rumena barva Giallo Yellow je v odli\u010dnem stanju, brez prask in udarcev. Orodje za ugotavljanje debeline barve ka\u017ee skladnost barve, kar pomeni, da ni bilo popravil po\u0161kodb in polnil za karoserijo. Edina vidna po\u0161kodba na karoseriji je vremenska obloga okoli voznikovih vrat, ki ka\u017ee znake obrabe, kar je glede na starost avtomobila pri\u010dakovano. Dobesedno starinska 17-pal\u010dna plati\u0161\u010da OZ so posebni elementi Challenge in so videti dobro. Pnevmatike Michelin Pilot Sport so starej\u0161e, vendar niso obrabljene.<\/p>\n<p><strong> <\/strong><strong>Dokumentacija<\/strong><\/p>\n<p>To vozilo prodaja trgovec z ustrezno dokumentacijo in se nahaja v \u0160paniji. <a href=\"https:\/\/pistonaddict.com\/wp-content\/uploads\/2023\/11\/CARFAX-Vehicle-History-Report-FERRARI-348-tb.pdf\">Poro\u010dilo CarFax<\/a> je \u010disto; ni dokazov o nesre\u010dah, popravilih, lastni\u0161tvu ali pravnih te\u017eavah. Na voljo so zapisi o rednem vzdr\u017eevanju, originalne tovarni\u0161ke bro\u0161ure, ra\u010duni o prodaji, potrdila o pla\u010dilu, potrdilo o tehni\u010dnem pregledu pa velja do avgusta 2024. Koli\u010dina dokumentacije je naravnost osupljiva in le redko vidimo avtomobil s toliko dokumenti, ki dokazujejo, da je bilo zanj dobro poskrbljeno.<\/p>\n<p><strong><br \/>\nOglejte si videoposnetek hladnega zagona tega \u010dudovitega Ferrarija 348 TB :<\/strong><\/p>\n<p><iframe title=\"Cold Start Video of the Ferrari F348 TB for auction sale\" width=\"1200\" height=\"675\" src=\"https:\/\/www.youtube.com\/embed\/VcqnL6NA2Yk?feature=oembed\" frameborder=\"0\" allow=\"accelerometer; autoplay; clipboard-write; encrypted-media; gyroscope; picture-in-picture; web-share\" allowfullscreen><\/iframe><\/p>\n","protected":false},"excerpt":{"rendered":"<p>Vo\u017enja s Ferrarijem je vedno zanimiva. Avtomobili iz \u0161estdesetih let so zdaj predragoceni za uporabo na cesti, trenutna ponudba pa je skoraj prehitra za sodobni promet. Vendar \u0161e vedno obstajajo modeli, ki vam lahko ponudijo vso vznemirljivost lastni\u0161tva \u010distokrvnega italijanskega \u0161portnega avtomobila, rjovenje motorja V8 z naravnim polnjenjem in neprimerljivo vozno dinamiko. Ponosno vam predstavljamo posebno vozilo v idealnem stanju z vznemirljivo povezavo z moto\u0161portom in noro dokumentacijo.<\/p>\n","protected":false},"featured_media":64595,"comment_status":"open","ping_status":"closed","template":"","meta":{"inline_featured_image":false},"product_cat":[700],"product_tag":[2401,2400,970],"acf":[],"yoast_head":"<!-- This site is optimized with the Yoast SEO plugin v22.5 - https:\/\/yoast.com\/wordpress\/plugins\/seo\/ -->\n<title>Ferrari 348 TB dra\u017ebe - Piston Addict<\/title>\n<meta name=\"robots\" content=\"index, follow, max-snippet:-1, max-image-preview:large, max-video-preview:-1\" \/>\n<link rel=\"canonical\" href=\"https:\/\/pistonaddict.com\/sl\/product\/ferrari-348-tb\/\" \/>\n<meta property=\"og:locale\" content=\"sl_SI\" \/>\n<meta property=\"og:type\" content=\"article\" \/>\n<meta property=\"og:title\" content=\"Ferrari 348 TB dra\u017ebe - Piston Addict\" \/>\n<meta property=\"og:description\" content=\"Vo\u017enja s Ferrarijem je vedno zanimiva. Avtomobili iz \u0161estdesetih let so zdaj predragoceni za uporabo na cesti, trenutna ponudba pa je skoraj prehitra za sodobni promet. Vendar \u0161e vedno obstajajo modeli, ki vam lahko ponudijo vso vznemirljivost lastni\u0161tva \u010distokrvnega italijanskega \u0161portnega avtomobila, rjovenje motorja V8 z naravnim polnjenjem in neprimerljivo vozno dinamiko. Ponosno vam predstavljamo posebno vozilo v idealnem stanju z vznemirljivo povezavo z moto\u0161portom in noro dokumentacijo.\" \/>\n<meta property=\"og:url\" content=\"https:\/\/pistonaddict.com\/sl\/product\/ferrari-348-tb\/\" \/>\n<meta property=\"og:site_name\" content=\"Piston Addict\" \/>\n<meta property=\"article:modified_time\" content=\"2024-03-20T08:41:37+00:00\" \/>\n<meta property=\"og:image\" content=\"https:\/\/pistonaddict.com\/wp-content\/uploads\/2023\/11\/IMG7107-scaled.jpg\" \/>\n\t<meta property=\"og:image:width\" content=\"2560\" \/>\n\t<meta property=\"og:image:height\" content=\"1709\" \/>\n\t<meta property=\"og:image:type\" content=\"image\/jpeg\" \/>\n<meta name=\"twitter:card\" content=\"summary_large_image\" \/>\n<meta name=\"twitter:label1\" content=\"Est. reading time\" \/>\n\t<meta name=\"twitter:data1\" content=\"3 minute\" \/>\n<script type=\"application\/ld+json\" class=\"yoast-schema-graph\">{\"@context\":\"https:\/\/schema.org\",\"@graph\":[{\"@type\":\"WebPage\",\"@id\":\"https:\/\/pistonaddict.com\/sl\/product\/ferrari-348-tb\/\",\"url\":\"https:\/\/pistonaddict.com\/sl\/product\/ferrari-348-tb\/\",\"name\":\"Ferrari 348 TB dra\u017ebe - Piston Addict\",\"isPartOf\":{\"@id\":\"https:\/\/pistonaddict.com\/sl\/#website\"},\"primaryImageOfPage\":{\"@id\":\"https:\/\/pistonaddict.com\/sl\/product\/ferrari-348-tb\/#primaryimage\"},\"image\":{\"@id\":\"https:\/\/pistonaddict.com\/sl\/product\/ferrari-348-tb\/#primaryimage\"},\"thumbnailUrl\":\"https:\/\/pistonaddict.com\/wp-content\/uploads\/2023\/11\/IMG7107-scaled.jpg\",\"datePublished\":\"2023-11-07T13:48:12+00:00\",\"dateModified\":\"2024-03-20T08:41:37+00:00\",\"breadcrumb\":{\"@id\":\"https:\/\/pistonaddict.com\/sl\/product\/ferrari-348-tb\/#breadcrumb\"},\"inLanguage\":\"sl-SI\",\"potentialAction\":[{\"@type\":\"ReadAction\",\"target\":[\"https:\/\/pistonaddict.com\/sl\/product\/ferrari-348-tb\/\"]}]},{\"@type\":\"ImageObject\",\"inLanguage\":\"sl-SI\",\"@id\":\"https:\/\/pistonaddict.com\/sl\/product\/ferrari-348-tb\/#primaryimage\",\"url\":\"https:\/\/pistonaddict.com\/wp-content\/uploads\/2023\/11\/IMG7107-scaled.jpg\",\"contentUrl\":\"https:\/\/pistonaddict.com\/wp-content\/uploads\/2023\/11\/IMG7107-scaled.jpg\",\"width\":2560,\"height\":1709},{\"@type\":\"BreadcrumbList\",\"@id\":\"https:\/\/pistonaddict.com\/sl\/product\/ferrari-348-tb\/#breadcrumb\",\"itemListElement\":[{\"@type\":\"ListItem\",\"position\":1,\"name\":\"Doma\u010da stran\",\"item\":\"https:\/\/pistonaddict.com\/sl\/domaca-stran-2\/\"},{\"@type\":\"ListItem\",\"position\":2,\"name\":\"Auctions\",\"item\":\"https:\/\/pistonaddict.com\/auctions-listing\/\"},{\"@type\":\"ListItem\",\"position\":3,\"name\":\"Ferrari 348 TB\"}]},{\"@type\":\"WebSite\",\"@id\":\"https:\/\/pistonaddict.com\/sl\/#website\",\"url\":\"https:\/\/pistonaddict.com\/sl\/\",\"name\":\"Piston Addict\",\"description\":\"Only interesting vehicles\",\"publisher\":{\"@id\":\"https:\/\/pistonaddict.com\/sl\/#organization\"},\"potentialAction\":[{\"@type\":\"SearchAction\",\"target\":{\"@type\":\"EntryPoint\",\"urlTemplate\":\"https:\/\/pistonaddict.com\/sl\/?s={search_term_string}\"},\"query-input\":\"required name=search_term_string\"}],\"inLanguage\":\"sl-SI\"},{\"@type\":\"Organization\",\"@id\":\"https:\/\/pistonaddict.com\/sl\/#organization\",\"name\":\"Piston Addict\",\"url\":\"https:\/\/pistonaddict.com\/sl\/\",\"logo\":{\"@type\":\"ImageObject\",\"inLanguage\":\"sl-SI\",\"@id\":\"https:\/\/pistonaddict.com\/sl\/#\/schema\/logo\/image\/\",\"url\":\"https:\/\/pistonaddict.com\/wp-content\/uploads\/2022\/07\/logo-6.png\",\"contentUrl\":\"https:\/\/pistonaddict.com\/wp-content\/uploads\/2022\/07\/logo-6.png\",\"width\":970,\"height\":200,\"caption\":\"Piston Addict\"},\"image\":{\"@id\":\"https:\/\/pistonaddict.com\/sl\/#\/schema\/logo\/image\/\"}}]}<\/script>\n<!-- \/ Yoast SEO plugin. -->","yoast_head_json":{"title":"Ferrari 348 TB dra\u017ebe - Piston Addict","robots":{"index":"index","follow":"follow","max-snippet":"max-snippet:-1","max-image-preview":"max-image-preview:large","max-video-preview":"max-video-preview:-1"},"canonical":"https:\/\/pistonaddict.com\/sl\/product\/ferrari-348-tb\/","og_locale":"sl_SI","og_type":"article","og_title":"Ferrari 348 TB dra\u017ebe - Piston Addict","og_description":"Vo\u017enja s Ferrarijem je vedno zanimiva. Avtomobili iz \u0161estdesetih let so zdaj predragoceni za uporabo na cesti, trenutna ponudba pa je skoraj prehitra za sodobni promet. Vendar \u0161e vedno obstajajo modeli, ki vam lahko ponudijo vso vznemirljivost lastni\u0161tva \u010distokrvnega italijanskega \u0161portnega avtomobila, rjovenje motorja V8 z naravnim polnjenjem in neprimerljivo vozno dinamiko. Ponosno vam predstavljamo posebno vozilo v idealnem stanju z vznemirljivo povezavo z moto\u0161portom in noro dokumentacijo.","og_url":"https:\/\/pistonaddict.com\/sl\/product\/ferrari-348-tb\/","og_site_name":"Piston Addict","article_modified_time":"2024-03-20T08:41:37+00:00","og_image":[{"width":2560,"height":1709,"url":"https:\/\/pistonaddict.com\/wp-content\/uploads\/2023\/11\/IMG7107-scaled.jpg","type":"image\/jpeg"}],"twitter_card":"summary_large_image","twitter_misc":{"Est. reading time":"3 minute"},"schema":{"@context":"https:\/\/schema.org","@graph":[{"@type":"WebPage","@id":"https:\/\/pistonaddict.com\/sl\/product\/ferrari-348-tb\/","url":"https:\/\/pistonaddict.com\/sl\/product\/ferrari-348-tb\/","name":"Ferrari 348 TB dra\u017ebe - Piston Addict","isPartOf":{"@id":"https:\/\/pistonaddict.com\/sl\/#website"},"primaryImageOfPage":{"@id":"https:\/\/pistonaddict.com\/sl\/product\/ferrari-348-tb\/#primaryimage"},"image":{"@id":"https:\/\/pistonaddict.com\/sl\/product\/ferrari-348-tb\/#primaryimage"},"thumbnailUrl":"https:\/\/pistonaddict.com\/wp-content\/uploads\/2023\/11\/IMG7107-scaled.jpg","datePublished":"2023-11-07T13:48:12+00:00","dateModified":"2024-03-20T08:41:37+00:00","breadcrumb":{"@id":"https:\/\/pistonaddict.com\/sl\/product\/ferrari-348-tb\/#breadcrumb"},"inLanguage":"sl-SI","potentialAction":[{"@type":"ReadAction","target":["https:\/\/pistonaddict.com\/sl\/product\/ferrari-348-tb\/"]}]},{"@type":"ImageObject","inLanguage":"sl-SI","@id":"https:\/\/pistonaddict.com\/sl\/product\/ferrari-348-tb\/#primaryimage","url":"https:\/\/pistonaddict.com\/wp-content\/uploads\/2023\/11\/IMG7107-scaled.jpg","contentUrl":"https:\/\/pistonaddict.com\/wp-content\/uploads\/2023\/11\/IMG7107-scaled.jpg","width":2560,"height":1709},{"@type":"BreadcrumbList","@id":"https:\/\/pistonaddict.com\/sl\/product\/ferrari-348-tb\/#breadcrumb","itemListElement":[{"@type":"ListItem","position":1,"name":"Doma\u010da stran","item":"https:\/\/pistonaddict.com\/sl\/domaca-stran-2\/"},{"@type":"ListItem","position":2,"name":"Auctions","item":"https:\/\/pistonaddict.com\/auctions-listing\/"},{"@type":"ListItem","position":3,"name":"Ferrari 348 TB"}]},{"@type":"WebSite","@id":"https:\/\/pistonaddict.com\/sl\/#website","url":"https:\/\/pistonaddict.com\/sl\/","name":"Piston Addict","description":"Only interesting vehicles","publisher":{"@id":"https:\/\/pistonaddict.com\/sl\/#organization"},"potentialAction":[{"@type":"SearchAction","target":{"@type":"EntryPoint","urlTemplate":"https:\/\/pistonaddict.com\/sl\/?s={search_term_string}"},"query-input":"required name=search_term_string"}],"inLanguage":"sl-SI"},{"@type":"Organization","@id":"https:\/\/pistonaddict.com\/sl\/#organization","name":"Piston Addict","url":"https:\/\/pistonaddict.com\/sl\/","logo":{"@type":"ImageObject","inLanguage":"sl-SI","@id":"https:\/\/pistonaddict.com\/sl\/#\/schema\/logo\/image\/","url":"https:\/\/pistonaddict.com\/wp-content\/uploads\/2022\/07\/logo-6.png","contentUrl":"https:\/\/pistonaddict.com\/wp-content\/uploads\/2022\/07\/logo-6.png","width":970,"height":200,"caption":"Piston Addict"},"image":{"@id":"https:\/\/pistonaddict.com\/sl\/#\/schema\/logo\/image\/"}}]}},"_links":{"self":[{"href":"https:\/\/pistonaddict.com\/sl\/wp-json\/wp\/v2\/product\/67059"}],"collection":[{"href":"https:\/\/pistonaddict.com\/sl\/wp-json\/wp\/v2\/product"}],"about":[{"href":"https:\/\/pistonaddict.com\/sl\/wp-json\/wp\/v2\/types\/product"}],"replies":[{"embeddable":true,"href":"https:\/\/pistonaddict.com\/sl\/wp-json\/wp\/v2\/comments?post=67059"}],"wp:featuredmedia":[{"embeddable":true,"href":"https:\/\/pistonaddict.com\/sl\/wp-json\/wp\/v2\/media\/64595"}],"wp:attachment":[{"href":"https:\/\/pistonaddict.com\/sl\/wp-json\/wp\/v2\/media?parent=67059"}],"wp:term":[{"taxonomy":"product_cat","embeddable":true,"href":"https:\/\/pistonaddict.com\/sl\/wp-json\/wp\/v2\/product_cat?post=67059"},{"taxonomy":"product_tag","embeddable":true,"href":"https:\/\/pistonaddict.com\/sl\/wp-json\/wp\/v2\/product_tag?post=67059"}],"curies":[{"name":"wp","href":"https:\/\/api.w.org\/{rel}","templated":true}]}}