{"id":62904,"date":"2023-10-25T19:30:40","date_gmt":"2023-10-25T17:30:40","guid":{"rendered":"https:\/\/pistonaddict.com\/product\/porsche-911-996-targa\/"},"modified":"2024-03-20T09:39:05","modified_gmt":"2024-03-20T08:39:05","slug":"porsche-911-996-targa","status":"publish","type":"product","link":"https:\/\/pistonaddict.com\/sl\/product\/porsche-911-996-targa\/","title":{"rendered":"Porsche 911 (996) Targa"},"content":{"rendered":"<p><strong>Zgodovina avtomobila<\/strong><\/p>\n<p>Ta primerek je model 911 Targa, izdelan leta 2004. Edinstven je zato, ker je bila Targa dale\u010d najredkej\u0161a med vsemi karoserijskimi izvedbami modela 996; dobavljenih je bilo le 5125 avtomobilov s posebno stekleno streho in druga\u010dnimi stebri\u010dki C. Ta 911 Targa, izdelan v zapeljivem temno modrem odtenku s svetlo notranjostjo, je bil dobavljen nov v \u0160paniji, sedanji lastnik pa ga je prevzel leta 2023. Poganja ga 3,6-litrski ploski \u0161estvaljni motor z naravnim vpihovanjem, ki je vodno hlajen (ena od spornih to\u010dk generacij 996). Vendar ima 6-stopenjski ro\u010dni menjalnik, zaradi \u010desar je \u0161e redkej\u0161i in obvezen za vsakega zbiratelja dolo\u010denih modelov 911. S 320 KM in lahkim ohi\u0161jem je ta 911 Targa pripravljen v 5,2 sekunde pospe\u0161iti do 100 km\/h in dose\u010di najve\u010djo hitrost 285 km\/h (177 mph). Zanimivo je, da je razli\u010dica tega modela z ro\u010dnim menjalnikom bistveno hitrej\u0161a od samodejne, zato je ta avtomobil \u0161e bolj za\u017eelen. Vse prednosti kabrioleta, odli\u010dna vidljivost in ob\u010dutek odprtosti ob prakti\u010dnosti in udobju kupeja spreminjajo ta modri 911 Targa v zelo vsestranski vozni\u0161ki stroj z zelo pomembnim zvokom \u0161estvaljnika in ro\u010dnim menjalnikom.<\/p>\n<p><strong>Notranjost<\/strong><\/p>\n<p>Ker gre za primer z majhnim \u0161tevilom prevo\u017eenih kilometrov, je notranjost v brezhibnem stanju, povsem originalna in z \u017eeleno dodatno opremo. Avtomobil je izdelan v sivi barvi Savannah, ima informacijsko-zabavni sistem, premium avdio sistem s 6 polnilniki CD-jev (v skladu s \u010dasom), usnje in elektronsko nastavljive sede\u017ee. Porschejeva kakovost notranjosti je dobro znana v celotni industriji in ta 911 Targa iz leta 2004 ni ni\u010d druga\u010den. Usnje je v odli\u010dnem stanju; na armaturni plo\u0161\u010di, vratnih karticah in osrednji konzoli ni prask. Na voljo so tudi uporabni zadnji sede\u017ei, ki so primerni za otroke.<\/p>\n<p><strong>Stanje<\/strong><\/p>\n<p>Ta 911 Targa je z le 39.037 prevo\u017eenimi kilometri v brezhibnem stanju in skrbno negovan s strani vseh uporabnikov. Vozilo je bilo o\u010ditno redko uporabljano in dobro vzdr\u017eevano, kot je razvidno iz evidenc. Trenutni lastnik je trgovec v \u0160paniji, zadnji servis je bil opravljen aprila 2023, zavore pa so bile obnovljene pred nekaj dnevi, oktobra 2023. Spodnja stran vozil Porsche je izdelana iz aluminija, zato ne more rjaveti. Vendar pa je na zadnjih slikah spodnjega dela nekaj suhe umazanije, ki jo bo prodajalec o\u010distil za kupca ob koncu dra\u017ebe. Avtomobil je pripravljen za vo\u017enjo kamor koli in je verjetno eden najbolj\u0161ih primerkov 911 996 Targa z ro\u010dnim upravljanjem, kar jih boste lahko na\u0161li.<\/p>\n<p><strong>Zunanjost in kolesa<\/strong><\/p>\n<p>Ta 911 Targa z neozna\u010deno karoserijo v polno\u010dno modri barvi in sivo notranjostjo je \u010dudovitega videza, brez prask, po\u0161kodb ali udarcev. Vozni park sestavljajo 18-pal\u010dna tovarni\u0161ka plati\u0161\u010da, ovita v gume Bridgestone Potenza performance. Pnevmatike so iz leta 2020 in so prevozile zelo malo kilometrov. Ta 996 Targa je v stanju, v kakr\u0161nem je bil dobavljen, in nima nobenih sprememb.<\/p>\n<p><strong>Dokumentacija<\/strong><\/p>\n<p>To vozilo prodaja trgovec z ustrezno dokumentacijo in se nahaja v \u0160paniji. Poro\u010dilo CarFax je \u010disto; ni dokazov o nesre\u010dah, popravilih, lastni\u0161tvu ali pravnih te\u017eavah. Na voljo so zapisi o rednem vzdr\u017eevanju ter originalne tovarni\u0161ke bro\u0161ure in ra\u010duni.<\/p>\n<p><strong>Oglejte si videoposnetek hladnega zagona tega \u010dudovitega Porscheja 911 Targa :<\/strong><\/p>\n<p><iframe title=\"Cold Start Video of the Porsche 911 996 Targa for auction sale\" width=\"1200\" height=\"675\" src=\"https:\/\/www.youtube.com\/embed\/pOCqegVAqt8?feature=oembed\" frameborder=\"0\" allow=\"accelerometer; autoplay; clipboard-write; encrypted-media; gyroscope; picture-in-picture; web-share\" allowfullscreen><\/iframe><\/p>\n","protected":false},"excerpt":{"rendered":"<p>Generacija 996 \u010dastitljivega modela Porsche 911 je bila zelo kontroverzna, ko je bila izdana konec 90. let prej\u0161njega stoletja. Od takrat je prepoznan kot sestavni del legende 911, izjemno pomemben model za podjetje in prvi 911 moderne dobe. Zbiratelji so za\u010deli odkrivati prave dragulje modela 996 911 z njegovim zna\u010dilnim dizajnom, \u0161iroko paleto modelov in specifikacijami. Danes vam s ponosom predstavljamo tak\u0161en model, redko razli\u010dico z idealno specifikacijo, ki bo pritegnila pozornost vsakega navdu\u0161enca nad modelom 911.<\/p>\n","protected":false},"featured_media":59813,"comment_status":"open","ping_status":"closed","template":"","meta":{"inline_featured_image":false},"product_cat":[700],"product_tag":[2339,2312,2310,970],"acf":[],"yoast_head":"<!-- This site is optimized with the Yoast SEO plugin v22.5 - https:\/\/yoast.com\/wordpress\/plugins\/seo\/ -->\n<title>Porsche 911 (996) Targa dra\u017ebe - Piston Addict<\/title>\n<meta name=\"robots\" content=\"index, follow, max-snippet:-1, max-image-preview:large, max-video-preview:-1\" \/>\n<link rel=\"canonical\" href=\"https:\/\/pistonaddict.com\/sl\/product\/porsche-911-996-targa\/\" \/>\n<meta property=\"og:locale\" content=\"sl_SI\" \/>\n<meta property=\"og:type\" content=\"article\" \/>\n<meta property=\"og:title\" content=\"Porsche 911 (996) Targa dra\u017ebe - Piston Addict\" \/>\n<meta property=\"og:description\" content=\"Generacija 996 \u010dastitljivega modela Porsche 911 je bila zelo kontroverzna, ko je bila izdana konec 90. let prej\u0161njega stoletja. Od takrat je prepoznan kot sestavni del legende 911, izjemno pomemben model za podjetje in prvi 911 moderne dobe. Zbiratelji so za\u010deli odkrivati prave dragulje modela 996 911 z njegovim zna\u010dilnim dizajnom, \u0161iroko paleto modelov in specifikacijami. Danes vam s ponosom predstavljamo tak\u0161en model, redko razli\u010dico z idealno specifikacijo, ki bo pritegnila pozornost vsakega navdu\u0161enca nad modelom 911.\" \/>\n<meta property=\"og:url\" content=\"https:\/\/pistonaddict.com\/sl\/product\/porsche-911-996-targa\/\" \/>\n<meta property=\"og:site_name\" content=\"Piston Addict\" \/>\n<meta property=\"article:modified_time\" content=\"2024-03-20T08:39:05+00:00\" \/>\n<meta property=\"og:image\" content=\"https:\/\/pistonaddict.com\/wp-content\/uploads\/2023\/10\/image00032-1-scaled.jpeg\" \/>\n\t<meta property=\"og:image:width\" content=\"2560\" \/>\n\t<meta property=\"og:image:height\" content=\"1920\" \/>\n\t<meta property=\"og:image:type\" content=\"image\/jpeg\" \/>\n<meta name=\"twitter:card\" content=\"summary_large_image\" \/>\n<meta name=\"twitter:label1\" content=\"Est. reading time\" \/>\n\t<meta name=\"twitter:data1\" content=\"3 minute\" \/>\n<script type=\"application\/ld+json\" class=\"yoast-schema-graph\">{\"@context\":\"https:\/\/schema.org\",\"@graph\":[{\"@type\":\"WebPage\",\"@id\":\"https:\/\/pistonaddict.com\/sl\/product\/porsche-911-996-targa\/\",\"url\":\"https:\/\/pistonaddict.com\/sl\/product\/porsche-911-996-targa\/\",\"name\":\"Porsche 911 (996) Targa dra\u017ebe - Piston Addict\",\"isPartOf\":{\"@id\":\"https:\/\/pistonaddict.com\/sl\/#website\"},\"primaryImageOfPage\":{\"@id\":\"https:\/\/pistonaddict.com\/sl\/product\/porsche-911-996-targa\/#primaryimage\"},\"image\":{\"@id\":\"https:\/\/pistonaddict.com\/sl\/product\/porsche-911-996-targa\/#primaryimage\"},\"thumbnailUrl\":\"https:\/\/pistonaddict.com\/wp-content\/uploads\/2023\/10\/image00032-1-scaled.jpeg\",\"datePublished\":\"2023-10-25T17:30:40+00:00\",\"dateModified\":\"2024-03-20T08:39:05+00:00\",\"breadcrumb\":{\"@id\":\"https:\/\/pistonaddict.com\/sl\/product\/porsche-911-996-targa\/#breadcrumb\"},\"inLanguage\":\"sl-SI\",\"potentialAction\":[{\"@type\":\"ReadAction\",\"target\":[\"https:\/\/pistonaddict.com\/sl\/product\/porsche-911-996-targa\/\"]}]},{\"@type\":\"ImageObject\",\"inLanguage\":\"sl-SI\",\"@id\":\"https:\/\/pistonaddict.com\/sl\/product\/porsche-911-996-targa\/#primaryimage\",\"url\":\"https:\/\/pistonaddict.com\/wp-content\/uploads\/2023\/10\/image00032-1-scaled.jpeg\",\"contentUrl\":\"https:\/\/pistonaddict.com\/wp-content\/uploads\/2023\/10\/image00032-1-scaled.jpeg\",\"width\":2560,\"height\":1920},{\"@type\":\"BreadcrumbList\",\"@id\":\"https:\/\/pistonaddict.com\/sl\/product\/porsche-911-996-targa\/#breadcrumb\",\"itemListElement\":[{\"@type\":\"ListItem\",\"position\":1,\"name\":\"Doma\u010da stran\",\"item\":\"https:\/\/pistonaddict.com\/sl\/domaca-stran-2\/\"},{\"@type\":\"ListItem\",\"position\":2,\"name\":\"Auctions\",\"item\":\"https:\/\/pistonaddict.com\/auctions-listing\/\"},{\"@type\":\"ListItem\",\"position\":3,\"name\":\"Porsche 911 (996) Targa\"}]},{\"@type\":\"WebSite\",\"@id\":\"https:\/\/pistonaddict.com\/sl\/#website\",\"url\":\"https:\/\/pistonaddict.com\/sl\/\",\"name\":\"Piston Addict\",\"description\":\"Only interesting vehicles\",\"publisher\":{\"@id\":\"https:\/\/pistonaddict.com\/sl\/#organization\"},\"potentialAction\":[{\"@type\":\"SearchAction\",\"target\":{\"@type\":\"EntryPoint\",\"urlTemplate\":\"https:\/\/pistonaddict.com\/sl\/?s={search_term_string}\"},\"query-input\":\"required name=search_term_string\"}],\"inLanguage\":\"sl-SI\"},{\"@type\":\"Organization\",\"@id\":\"https:\/\/pistonaddict.com\/sl\/#organization\",\"name\":\"Piston Addict\",\"url\":\"https:\/\/pistonaddict.com\/sl\/\",\"logo\":{\"@type\":\"ImageObject\",\"inLanguage\":\"sl-SI\",\"@id\":\"https:\/\/pistonaddict.com\/sl\/#\/schema\/logo\/image\/\",\"url\":\"https:\/\/pistonaddict.com\/wp-content\/uploads\/2022\/07\/logo-6.png\",\"contentUrl\":\"https:\/\/pistonaddict.com\/wp-content\/uploads\/2022\/07\/logo-6.png\",\"width\":970,\"height\":200,\"caption\":\"Piston Addict\"},\"image\":{\"@id\":\"https:\/\/pistonaddict.com\/sl\/#\/schema\/logo\/image\/\"}}]}<\/script>\n<!-- \/ Yoast SEO plugin. -->","yoast_head_json":{"title":"Porsche 911 (996) Targa dra\u017ebe - Piston Addict","robots":{"index":"index","follow":"follow","max-snippet":"max-snippet:-1","max-image-preview":"max-image-preview:large","max-video-preview":"max-video-preview:-1"},"canonical":"https:\/\/pistonaddict.com\/sl\/product\/porsche-911-996-targa\/","og_locale":"sl_SI","og_type":"article","og_title":"Porsche 911 (996) Targa dra\u017ebe - Piston Addict","og_description":"Generacija 996 \u010dastitljivega modela Porsche 911 je bila zelo kontroverzna, ko je bila izdana konec 90. let prej\u0161njega stoletja. Od takrat je prepoznan kot sestavni del legende 911, izjemno pomemben model za podjetje in prvi 911 moderne dobe. Zbiratelji so za\u010deli odkrivati prave dragulje modela 996 911 z njegovim zna\u010dilnim dizajnom, \u0161iroko paleto modelov in specifikacijami. Danes vam s ponosom predstavljamo tak\u0161en model, redko razli\u010dico z idealno specifikacijo, ki bo pritegnila pozornost vsakega navdu\u0161enca nad modelom 911.","og_url":"https:\/\/pistonaddict.com\/sl\/product\/porsche-911-996-targa\/","og_site_name":"Piston Addict","article_modified_time":"2024-03-20T08:39:05+00:00","og_image":[{"width":2560,"height":1920,"url":"https:\/\/pistonaddict.com\/wp-content\/uploads\/2023\/10\/image00032-1-scaled.jpeg","type":"image\/jpeg"}],"twitter_card":"summary_large_image","twitter_misc":{"Est. reading time":"3 minute"},"schema":{"@context":"https:\/\/schema.org","@graph":[{"@type":"WebPage","@id":"https:\/\/pistonaddict.com\/sl\/product\/porsche-911-996-targa\/","url":"https:\/\/pistonaddict.com\/sl\/product\/porsche-911-996-targa\/","name":"Porsche 911 (996) Targa dra\u017ebe - Piston Addict","isPartOf":{"@id":"https:\/\/pistonaddict.com\/sl\/#website"},"primaryImageOfPage":{"@id":"https:\/\/pistonaddict.com\/sl\/product\/porsche-911-996-targa\/#primaryimage"},"image":{"@id":"https:\/\/pistonaddict.com\/sl\/product\/porsche-911-996-targa\/#primaryimage"},"thumbnailUrl":"https:\/\/pistonaddict.com\/wp-content\/uploads\/2023\/10\/image00032-1-scaled.jpeg","datePublished":"2023-10-25T17:30:40+00:00","dateModified":"2024-03-20T08:39:05+00:00","breadcrumb":{"@id":"https:\/\/pistonaddict.com\/sl\/product\/porsche-911-996-targa\/#breadcrumb"},"inLanguage":"sl-SI","potentialAction":[{"@type":"ReadAction","target":["https:\/\/pistonaddict.com\/sl\/product\/porsche-911-996-targa\/"]}]},{"@type":"ImageObject","inLanguage":"sl-SI","@id":"https:\/\/pistonaddict.com\/sl\/product\/porsche-911-996-targa\/#primaryimage","url":"https:\/\/pistonaddict.com\/wp-content\/uploads\/2023\/10\/image00032-1-scaled.jpeg","contentUrl":"https:\/\/pistonaddict.com\/wp-content\/uploads\/2023\/10\/image00032-1-scaled.jpeg","width":2560,"height":1920},{"@type":"BreadcrumbList","@id":"https:\/\/pistonaddict.com\/sl\/product\/porsche-911-996-targa\/#breadcrumb","itemListElement":[{"@type":"ListItem","position":1,"name":"Doma\u010da stran","item":"https:\/\/pistonaddict.com\/sl\/domaca-stran-2\/"},{"@type":"ListItem","position":2,"name":"Auctions","item":"https:\/\/pistonaddict.com\/auctions-listing\/"},{"@type":"ListItem","position":3,"name":"Porsche 911 (996) Targa"}]},{"@type":"WebSite","@id":"https:\/\/pistonaddict.com\/sl\/#website","url":"https:\/\/pistonaddict.com\/sl\/","name":"Piston Addict","description":"Only interesting vehicles","publisher":{"@id":"https:\/\/pistonaddict.com\/sl\/#organization"},"potentialAction":[{"@type":"SearchAction","target":{"@type":"EntryPoint","urlTemplate":"https:\/\/pistonaddict.com\/sl\/?s={search_term_string}"},"query-input":"required name=search_term_string"}],"inLanguage":"sl-SI"},{"@type":"Organization","@id":"https:\/\/pistonaddict.com\/sl\/#organization","name":"Piston Addict","url":"https:\/\/pistonaddict.com\/sl\/","logo":{"@type":"ImageObject","inLanguage":"sl-SI","@id":"https:\/\/pistonaddict.com\/sl\/#\/schema\/logo\/image\/","url":"https:\/\/pistonaddict.com\/wp-content\/uploads\/2022\/07\/logo-6.png","contentUrl":"https:\/\/pistonaddict.com\/wp-content\/uploads\/2022\/07\/logo-6.png","width":970,"height":200,"caption":"Piston Addict"},"image":{"@id":"https:\/\/pistonaddict.com\/sl\/#\/schema\/logo\/image\/"}}]}},"_links":{"self":[{"href":"https:\/\/pistonaddict.com\/sl\/wp-json\/wp\/v2\/product\/62904"}],"collection":[{"href":"https:\/\/pistonaddict.com\/sl\/wp-json\/wp\/v2\/product"}],"about":[{"href":"https:\/\/pistonaddict.com\/sl\/wp-json\/wp\/v2\/types\/product"}],"replies":[{"embeddable":true,"href":"https:\/\/pistonaddict.com\/sl\/wp-json\/wp\/v2\/comments?post=62904"}],"wp:featuredmedia":[{"embeddable":true,"href":"https:\/\/pistonaddict.com\/sl\/wp-json\/wp\/v2\/media\/59813"}],"wp:attachment":[{"href":"https:\/\/pistonaddict.com\/sl\/wp-json\/wp\/v2\/media?parent=62904"}],"wp:term":[{"taxonomy":"product_cat","embeddable":true,"href":"https:\/\/pistonaddict.com\/sl\/wp-json\/wp\/v2\/product_cat?post=62904"},{"taxonomy":"product_tag","embeddable":true,"href":"https:\/\/pistonaddict.com\/sl\/wp-json\/wp\/v2\/product_tag?post=62904"}],"curies":[{"name":"wp","href":"https:\/\/api.w.org\/{rel}","templated":true}]}}