{"id":55260,"date":"2023-10-13T09:36:04","date_gmt":"2023-10-13T07:36:04","guid":{"rendered":"https:\/\/pistonaddict.com\/product\/porsche-cayman-s-3-4-325-cv\/"},"modified":"2024-03-19T17:03:50","modified_gmt":"2024-03-19T16:03:50","slug":"porsche-cayman-s-3-4-325-cv","status":"publish","type":"product","link":"https:\/\/pistonaddict.com\/sl\/product\/porsche-cayman-s-3-4-325-cv\/","title":{"rendered":"Porsche Cayman S 3.4 325 CV"},"content":{"rendered":"<p><strong>Zgodovina avtomobila<\/strong><\/p>\n<p>Ta beli Cayman S iz leta 2016 je bil sprva prodan v Nem\u010diji, nato pa se je preselil v Italijo, od koder ga je uvozil sedanji lastnik, trgovec s \u0161portnimi avtomobili. Leto 2016 je zadnje leto za Caymana generacije 981, kar je pomembno iz ve\u010d razlogov. Predvsem zato, ker ima Cayman S prenovljen 3,4-litrski \u0161estvaljni motor iz Porscheja 911 Carrera, s \u010dimer se re\u0161uje ena najpomembnej\u0161ih polemik v sodobni Porschejevi skupnosti. Dolga leta so kro\u017eile govorice, da se Porsche boji vgraditi motor 911 v model Cayman, saj se boji, da bi ta lahko ponudil \u0161e bolj\u0161o vozno izku\u0161njo. To je prvi Cayman, ki ima dejansko motor iz modela 911. S 325 KM, bliskovito hitrim 7-stopenjskim menjalnikom PDK in posebej tovarni\u0161ko nastavljenim vzmetenjem lahko Cayman S 2016 dose\u017ee 100 km\/h v samo 4,8 sekunde in dose\u017ee najve\u010djo hitrost 283 km\/h. Vendar ne gre za \u0161tevilke, \u010deprav so fantasti\u010dne. Cayman S ima sredinsko name\u0161\u010den motor, lahko karoserijo, natan\u010dno krmiljenje in odli\u010dne zavore, zato je zaradi njega toliko lastnikov 911 tako nervoznih. Kombinacija visokozmogljivega motorja z naravnim vpihovanjem, agilnega podvozja in popolne vozne dinamike med \u0161portnimi avtomobili \u0161e vedno velja za enega najbolj idealnih vozni\u0161kih avtomobilov, kar so jih kdajkoli izdelali.<\/p>\n<p><strong>Notranjost<\/strong><\/p>\n<p>Ker je ta Porsche Cayman S 2016 primerek z nizkim \u0161tevilom prevo\u017eenih kilometrov, je notranjost po pri\u010dakovanjih brez oznak in v odli\u010dnem stanju. Prvotni lastnik ga skrbno pregleda z nekaj za\u017eelenimi mo\u017enostmi, ki jih bo naslednji lastnik cenil. Elektronsko nastavljivi \u0161portni sede\u017ei, informacijsko-zabavni sistem z vgrajenim digitalnim zaslonom in ve\u010dfunkcijski volan bodo vozni\u0161ko izku\u0161njo dvignili na vi\u0161jo raven. Vidna je zna\u010dilna Porschejeva kakovost notranjosti ter izjemna opremljenost in kon\u010dna obdelava.<\/p>\n<p><strong>Stanje<\/strong><\/p>\n<p>Ta brezhibni Porsche Cayman S je v zadnjih sedmih letih prevozil nekaj ve\u010d kot 33.000 kilometrov. Tako nizka kilometrina, nekaj skrbnih lastnikov in ustrezni zapisi o vzdr\u017eevanju zagotavljajo, da je avtomobil v popolnem stanju. Prodajalec je zelo ugleden prodajalec \u0161portnih avtomobilov v Italiji, ki je tako prepri\u010dan o splo\u0161nem stanju tega Caymana S, da ima <strong>12-mese\u010dno garancijo<\/strong>, kar je zelo pomembno in lo\u010di to vozilo od podobnih, ki jih lahko najdete na prodaj. Obstajajo zapisi o vzdr\u017eevanju in pomembnih storitvah, opravljenih leta 2021.<\/p>\n<p><strong>Zunanjost in kolesa<\/strong><\/p>\n<p>Elegantna bela zunanjost je brez prask in udarcev, na odbija\u010dih pa so zanimive grafi\u010dne podrobnosti, ki so tovarni\u0161ko originalne in ka\u017eejo, da ta Cayman ni osnovni model. \u0160portni videz avtomobila dopolnjujejo 20-pal\u010dna plati\u0161\u010da, ki so enaka tistim iz obdobja 911, ovita v skoraj nove pnevmatike Michelin Pilot Sport 4S, znane kot izbira navdu\u0161enih voznikov. Ni nobenih sprememb in ta Cayman je v idealnem originalnem stanju.<\/p>\n<p><strong>Dokumentacija<\/strong><\/p>\n<p>To vozilo prodaja trgovec z ustrezno dokumentacijo in se nahaja v Italiji. Poro\u010dilo <a href=\"https:\/\/pistonaddict.com\/wp-content\/uploads\/2023\/10\/CARFAX-Vehicle-History-Report-PORSCHE-WP0ZZZ98ZGK181513.pdf\" target=\"_blank\" rel=\"noopener\">CarFax<\/a> je \u010disto; ni dokazov o nesre\u010dah, popravilih, lastni\u0161tvu ali pravnih te\u017eavah. Prodajalec pa nas je obvestil, da se je leta 2017 zgodila nesre\u010da z motornim kolesom, prizadeti element, sprednja maska, pa je bil seveda popravljen. Na voljo so zapisi o rednem vzdr\u017eevanju ter originalne tovarni\u0161ke bro\u0161ure in ra\u010duni. V prodajo je vklju\u010dena 12-mese\u010dna garancija prodajalca.  <strong>\u010ce \u017eivite v Evropi, lahko prodajalec poskrbi tudi za prevoz in vam vozilo pripelje na dom.<\/strong><\/p>\n<p><strong> <\/strong><\/p>\n<p>Oglejte si videoposnetek odkrivanja tega \u010dudovitega Porscheja Cayman S :<\/p>\n<p><iframe title=\"Video of the Porsche Cayman S for auction sale\" width=\"1200\" height=\"675\" src=\"https:\/\/www.youtube.com\/embed\/-29PE_JnFJM?feature=oembed\" frameborder=\"0\" allow=\"accelerometer; autoplay; clipboard-write; encrypted-media; gyroscope; picture-in-picture; web-share\" allowfullscreen><\/iframe><\/p>\n","protected":false},"excerpt":{"rendered":"<p>Kot podjetje, ki si \u017ee od nekdaj prizadeva za popolnost \u0161portnih avtomobilov, se je Porsche na kritike odzval na najbolj\u0161i mo\u017eni na\u010din &#8211; s predstavitvijo modela za predane voznike, ki je splo\u0161no priljubljen in hvaljen. Ko je debitirala prva generacija modela Cayman, je bil vse, kar so si \u017eeleli navdu\u0161enci, saj je imel 90 % ob\u010dutka Porscheja 911 za 60 % cene. Cayman je bil la\u017eji, natan\u010dnej\u0161i in bolj privla\u010den avtomobil, razli\u010dica S pa je bila popolnoma uravnote\u017een \u0161portni avtomobil. Tu je \u0161e posebej zanimiv primerek v idealnem stanju. <strong>Za dostop do te dra\u017ebe morate <a href=\"https:\/\/pistonaddict.com\/sl\/moj-racun\/\">ustvariti svoj ra\u010dun<\/a>.<\/strong><\/p>\n","protected":false},"featured_media":55132,"comment_status":"open","ping_status":"closed","template":"","meta":{"inline_featured_image":false},"product_cat":[700],"product_tag":[2265,2261,904,2258],"acf":[],"yoast_head":"<!-- This site is optimized with the Yoast SEO plugin v22.5 - https:\/\/yoast.com\/wordpress\/plugins\/seo\/ -->\n<title>Porsche Cayman S 3.4 325 CV dra\u017ebe - Piston Addict<\/title>\n<meta name=\"robots\" content=\"index, follow, max-snippet:-1, max-image-preview:large, max-video-preview:-1\" \/>\n<link rel=\"canonical\" href=\"https:\/\/pistonaddict.com\/sl\/product\/porsche-cayman-s-3-4-325-cv\/\" \/>\n<meta property=\"og:locale\" content=\"sl_SI\" \/>\n<meta property=\"og:type\" content=\"article\" \/>\n<meta property=\"og:title\" content=\"Porsche Cayman S 3.4 325 CV dra\u017ebe - Piston Addict\" \/>\n<meta property=\"og:description\" content=\"Kot podjetje, ki si \u017ee od nekdaj prizadeva za popolnost \u0161portnih avtomobilov, se je Porsche na kritike odzval na najbolj\u0161i mo\u017eni na\u010din - s predstavitvijo modela za predane voznike, ki je splo\u0161no priljubljen in hvaljen. Ko je debitirala prva generacija modela Cayman, je bil vse, kar so si \u017eeleli navdu\u0161enci, saj je imel 90 % ob\u010dutka Porscheja 911 za 60 % cene. Cayman je bil la\u017eji, natan\u010dnej\u0161i in bolj privla\u010den avtomobil, razli\u010dica S pa je bila popolnoma uravnote\u017een \u0161portni avtomobil. Tu je \u0161e posebej zanimiv primerek v idealnem stanju. Za dostop do te dra\u017ebe morate ustvariti svoj ra\u010dun.\" \/>\n<meta property=\"og:url\" content=\"https:\/\/pistonaddict.com\/sl\/product\/porsche-cayman-s-3-4-325-cv\/\" \/>\n<meta property=\"og:site_name\" content=\"Piston Addict\" \/>\n<meta property=\"article:modified_time\" content=\"2024-03-19T16:03:50+00:00\" \/>\n<meta property=\"og:image\" content=\"https:\/\/pistonaddict.com\/wp-content\/uploads\/2023\/10\/CAYMAN-1.png\" \/>\n\t<meta property=\"og:image:width\" content=\"1887\" \/>\n\t<meta property=\"og:image:height\" content=\"781\" \/>\n\t<meta property=\"og:image:type\" content=\"image\/png\" \/>\n<meta name=\"twitter:card\" content=\"summary_large_image\" \/>\n<meta name=\"twitter:label1\" content=\"Est. reading time\" \/>\n\t<meta name=\"twitter:data1\" content=\"3 minute\" \/>\n<script type=\"application\/ld+json\" class=\"yoast-schema-graph\">{\"@context\":\"https:\/\/schema.org\",\"@graph\":[{\"@type\":\"WebPage\",\"@id\":\"https:\/\/pistonaddict.com\/sl\/product\/porsche-cayman-s-3-4-325-cv\/\",\"url\":\"https:\/\/pistonaddict.com\/sl\/product\/porsche-cayman-s-3-4-325-cv\/\",\"name\":\"Porsche Cayman S 3.4 325 CV dra\u017ebe - Piston Addict\",\"isPartOf\":{\"@id\":\"https:\/\/pistonaddict.com\/sl\/#website\"},\"primaryImageOfPage\":{\"@id\":\"https:\/\/pistonaddict.com\/sl\/product\/porsche-cayman-s-3-4-325-cv\/#primaryimage\"},\"image\":{\"@id\":\"https:\/\/pistonaddict.com\/sl\/product\/porsche-cayman-s-3-4-325-cv\/#primaryimage\"},\"thumbnailUrl\":\"https:\/\/pistonaddict.com\/wp-content\/uploads\/2023\/10\/CAYMAN-1.png\",\"datePublished\":\"2023-10-13T07:36:04+00:00\",\"dateModified\":\"2024-03-19T16:03:50+00:00\",\"breadcrumb\":{\"@id\":\"https:\/\/pistonaddict.com\/sl\/product\/porsche-cayman-s-3-4-325-cv\/#breadcrumb\"},\"inLanguage\":\"sl-SI\",\"potentialAction\":[{\"@type\":\"ReadAction\",\"target\":[\"https:\/\/pistonaddict.com\/sl\/product\/porsche-cayman-s-3-4-325-cv\/\"]}]},{\"@type\":\"ImageObject\",\"inLanguage\":\"sl-SI\",\"@id\":\"https:\/\/pistonaddict.com\/sl\/product\/porsche-cayman-s-3-4-325-cv\/#primaryimage\",\"url\":\"https:\/\/pistonaddict.com\/wp-content\/uploads\/2023\/10\/CAYMAN-1.png\",\"contentUrl\":\"https:\/\/pistonaddict.com\/wp-content\/uploads\/2023\/10\/CAYMAN-1.png\",\"width\":1887,\"height\":781},{\"@type\":\"BreadcrumbList\",\"@id\":\"https:\/\/pistonaddict.com\/sl\/product\/porsche-cayman-s-3-4-325-cv\/#breadcrumb\",\"itemListElement\":[{\"@type\":\"ListItem\",\"position\":1,\"name\":\"Doma\u010da stran\",\"item\":\"https:\/\/pistonaddict.com\/sl\/domaca-stran-2\/\"},{\"@type\":\"ListItem\",\"position\":2,\"name\":\"Auctions\",\"item\":\"https:\/\/pistonaddict.com\/auctions-listing\/\"},{\"@type\":\"ListItem\",\"position\":3,\"name\":\"Porsche Cayman S 3.4 325 CV\"}]},{\"@type\":\"WebSite\",\"@id\":\"https:\/\/pistonaddict.com\/sl\/#website\",\"url\":\"https:\/\/pistonaddict.com\/sl\/\",\"name\":\"Piston Addict\",\"description\":\"Only interesting vehicles\",\"publisher\":{\"@id\":\"https:\/\/pistonaddict.com\/sl\/#organization\"},\"potentialAction\":[{\"@type\":\"SearchAction\",\"target\":{\"@type\":\"EntryPoint\",\"urlTemplate\":\"https:\/\/pistonaddict.com\/sl\/?s={search_term_string}\"},\"query-input\":\"required name=search_term_string\"}],\"inLanguage\":\"sl-SI\"},{\"@type\":\"Organization\",\"@id\":\"https:\/\/pistonaddict.com\/sl\/#organization\",\"name\":\"Piston Addict\",\"url\":\"https:\/\/pistonaddict.com\/sl\/\",\"logo\":{\"@type\":\"ImageObject\",\"inLanguage\":\"sl-SI\",\"@id\":\"https:\/\/pistonaddict.com\/sl\/#\/schema\/logo\/image\/\",\"url\":\"https:\/\/pistonaddict.com\/wp-content\/uploads\/2022\/07\/logo-6.png\",\"contentUrl\":\"https:\/\/pistonaddict.com\/wp-content\/uploads\/2022\/07\/logo-6.png\",\"width\":970,\"height\":200,\"caption\":\"Piston Addict\"},\"image\":{\"@id\":\"https:\/\/pistonaddict.com\/sl\/#\/schema\/logo\/image\/\"}}]}<\/script>\n<!-- \/ Yoast SEO plugin. -->","yoast_head_json":{"title":"Porsche Cayman S 3.4 325 CV dra\u017ebe - Piston Addict","robots":{"index":"index","follow":"follow","max-snippet":"max-snippet:-1","max-image-preview":"max-image-preview:large","max-video-preview":"max-video-preview:-1"},"canonical":"https:\/\/pistonaddict.com\/sl\/product\/porsche-cayman-s-3-4-325-cv\/","og_locale":"sl_SI","og_type":"article","og_title":"Porsche Cayman S 3.4 325 CV dra\u017ebe - Piston Addict","og_description":"Kot podjetje, ki si \u017ee od nekdaj prizadeva za popolnost \u0161portnih avtomobilov, se je Porsche na kritike odzval na najbolj\u0161i mo\u017eni na\u010din - s predstavitvijo modela za predane voznike, ki je splo\u0161no priljubljen in hvaljen. Ko je debitirala prva generacija modela Cayman, je bil vse, kar so si \u017eeleli navdu\u0161enci, saj je imel 90 % ob\u010dutka Porscheja 911 za 60 % cene. Cayman je bil la\u017eji, natan\u010dnej\u0161i in bolj privla\u010den avtomobil, razli\u010dica S pa je bila popolnoma uravnote\u017een \u0161portni avtomobil. Tu je \u0161e posebej zanimiv primerek v idealnem stanju. Za dostop do te dra\u017ebe morate ustvariti svoj ra\u010dun.","og_url":"https:\/\/pistonaddict.com\/sl\/product\/porsche-cayman-s-3-4-325-cv\/","og_site_name":"Piston Addict","article_modified_time":"2024-03-19T16:03:50+00:00","og_image":[{"width":1887,"height":781,"url":"https:\/\/pistonaddict.com\/wp-content\/uploads\/2023\/10\/CAYMAN-1.png","type":"image\/png"}],"twitter_card":"summary_large_image","twitter_misc":{"Est. reading time":"3 minute"},"schema":{"@context":"https:\/\/schema.org","@graph":[{"@type":"WebPage","@id":"https:\/\/pistonaddict.com\/sl\/product\/porsche-cayman-s-3-4-325-cv\/","url":"https:\/\/pistonaddict.com\/sl\/product\/porsche-cayman-s-3-4-325-cv\/","name":"Porsche Cayman S 3.4 325 CV dra\u017ebe - Piston Addict","isPartOf":{"@id":"https:\/\/pistonaddict.com\/sl\/#website"},"primaryImageOfPage":{"@id":"https:\/\/pistonaddict.com\/sl\/product\/porsche-cayman-s-3-4-325-cv\/#primaryimage"},"image":{"@id":"https:\/\/pistonaddict.com\/sl\/product\/porsche-cayman-s-3-4-325-cv\/#primaryimage"},"thumbnailUrl":"https:\/\/pistonaddict.com\/wp-content\/uploads\/2023\/10\/CAYMAN-1.png","datePublished":"2023-10-13T07:36:04+00:00","dateModified":"2024-03-19T16:03:50+00:00","breadcrumb":{"@id":"https:\/\/pistonaddict.com\/sl\/product\/porsche-cayman-s-3-4-325-cv\/#breadcrumb"},"inLanguage":"sl-SI","potentialAction":[{"@type":"ReadAction","target":["https:\/\/pistonaddict.com\/sl\/product\/porsche-cayman-s-3-4-325-cv\/"]}]},{"@type":"ImageObject","inLanguage":"sl-SI","@id":"https:\/\/pistonaddict.com\/sl\/product\/porsche-cayman-s-3-4-325-cv\/#primaryimage","url":"https:\/\/pistonaddict.com\/wp-content\/uploads\/2023\/10\/CAYMAN-1.png","contentUrl":"https:\/\/pistonaddict.com\/wp-content\/uploads\/2023\/10\/CAYMAN-1.png","width":1887,"height":781},{"@type":"BreadcrumbList","@id":"https:\/\/pistonaddict.com\/sl\/product\/porsche-cayman-s-3-4-325-cv\/#breadcrumb","itemListElement":[{"@type":"ListItem","position":1,"name":"Doma\u010da stran","item":"https:\/\/pistonaddict.com\/sl\/domaca-stran-2\/"},{"@type":"ListItem","position":2,"name":"Auctions","item":"https:\/\/pistonaddict.com\/auctions-listing\/"},{"@type":"ListItem","position":3,"name":"Porsche Cayman S 3.4 325 CV"}]},{"@type":"WebSite","@id":"https:\/\/pistonaddict.com\/sl\/#website","url":"https:\/\/pistonaddict.com\/sl\/","name":"Piston Addict","description":"Only interesting vehicles","publisher":{"@id":"https:\/\/pistonaddict.com\/sl\/#organization"},"potentialAction":[{"@type":"SearchAction","target":{"@type":"EntryPoint","urlTemplate":"https:\/\/pistonaddict.com\/sl\/?s={search_term_string}"},"query-input":"required name=search_term_string"}],"inLanguage":"sl-SI"},{"@type":"Organization","@id":"https:\/\/pistonaddict.com\/sl\/#organization","name":"Piston Addict","url":"https:\/\/pistonaddict.com\/sl\/","logo":{"@type":"ImageObject","inLanguage":"sl-SI","@id":"https:\/\/pistonaddict.com\/sl\/#\/schema\/logo\/image\/","url":"https:\/\/pistonaddict.com\/wp-content\/uploads\/2022\/07\/logo-6.png","contentUrl":"https:\/\/pistonaddict.com\/wp-content\/uploads\/2022\/07\/logo-6.png","width":970,"height":200,"caption":"Piston Addict"},"image":{"@id":"https:\/\/pistonaddict.com\/sl\/#\/schema\/logo\/image\/"}}]}},"_links":{"self":[{"href":"https:\/\/pistonaddict.com\/sl\/wp-json\/wp\/v2\/product\/55260"}],"collection":[{"href":"https:\/\/pistonaddict.com\/sl\/wp-json\/wp\/v2\/product"}],"about":[{"href":"https:\/\/pistonaddict.com\/sl\/wp-json\/wp\/v2\/types\/product"}],"replies":[{"embeddable":true,"href":"https:\/\/pistonaddict.com\/sl\/wp-json\/wp\/v2\/comments?post=55260"}],"wp:featuredmedia":[{"embeddable":true,"href":"https:\/\/pistonaddict.com\/sl\/wp-json\/wp\/v2\/media\/55132"}],"wp:attachment":[{"href":"https:\/\/pistonaddict.com\/sl\/wp-json\/wp\/v2\/media?parent=55260"}],"wp:term":[{"taxonomy":"product_cat","embeddable":true,"href":"https:\/\/pistonaddict.com\/sl\/wp-json\/wp\/v2\/product_cat?post=55260"},{"taxonomy":"product_tag","embeddable":true,"href":"https:\/\/pistonaddict.com\/sl\/wp-json\/wp\/v2\/product_tag?post=55260"}],"curies":[{"name":"wp","href":"https:\/\/api.w.org\/{rel}","templated":true}]}}