{"id":53494,"date":"2023-10-06T11:28:15","date_gmt":"2023-10-06T09:28:15","guid":{"rendered":"https:\/\/pistonaddict.com\/product\/porsche-911-carrera-2-cabrio-997\/"},"modified":"2023-12-20T09:49:29","modified_gmt":"2023-12-20T08:49:29","slug":"porsche-911-carrera-2-cabrio-997","status":"publish","type":"product","link":"https:\/\/pistonaddict.com\/sl\/product\/porsche-911-carrera-2-cabrio-997\/","title":{"rendered":"Porsche 911 Carrera 2 Cabrio (997)"},"content":{"rendered":"<p><strong>Zgodovina avtomobila<\/strong><\/p>\n<p>Porsche 911 Carrera 2 Cabrio &#8220;Guards Red&#8221; je bil izdelan decembra 2006 in kot nov prodan v \u0160paniji, kjer je pre\u017eivel vse svoje \u017eivljenje. Sedanji lastnik ga je kupil leta 2021. Ta kabriolet je odli\u010den primer modela Carrera 2 iz generacije 997, ki je znana po lahki konstrukciji, visokozmogljivih motorjih in brezkompromisnih voznih ob\u010dutkih. Porschejevi puristi so pogosto kritizirali naslednje modele 911, ker so bili preveliki in prete\u017eki, vendar so se vsi strinjali, da je bil model 997 zadnji iz klasi\u010dne linije avtomobilov. Ponuja okretno podvozje, motorje z notranjim zgorevanjem, zna\u010dilen zvok in edinstvene vozne lastnosti, zlasti v izvedbi s pogonom na vse \u0161tiri kolesa, kot je ta. Ta primerek <strong>poganja 3,6-litrski<\/strong> <strong>ploski \u0161estvaljni motor z mo\u010djo 325 KM<\/strong> in ve\u010d kot dobrimi zmogljivostmi. Sprint od 0 do 100 km\/h je mogo\u010d v samo 4,8 sekunde, najve\u010dja hitrost pa presega 280 km\/h (177 mph). Vendar je bistvena stvar 6-stopenjski ro\u010dni menjalnik, ki ta rde\u010di kabriolet takoj spremeni iz navadnega modela 911 v redek zbirateljski primerek. Ro\u010dni menjalnik je zelo za\u017eelena mo\u017enost, ki ne le pomaga avtomobilu dose\u010di vse njegove zmogljivosti, temve\u010d vsako vo\u017enjo spremeni v nepozabno do\u017eivetje.<\/p>\n<p><strong>Notranjost<\/strong><\/p>\n<p>Notranjost v barvi &#8220;Natural Brown&#8221; se presenetljivo ujema z rde\u010do zunanjostjo in ta primerek \u0161e bolj lo\u010di od drugih modelov 911. Notranjost je v brezhibnem stanju, usnjeni sede\u017ei so brez prask. Poleg tega je dobro opremljen z opcijskimi \u0161portnimi sede\u017ei, avdio sistemom Bose in ustreznim volanom. Edini neoriginalni element je Kenwoodova glavna enota z zaslonom na dotik, vendar se ta okusna nadgradnja odli\u010dno ujema z obliko armaturne plo\u0161\u010de. \u010ceprav je bil ta kabriolet v son\u010dni \u0160paniji kot vikend kri\u017earka, na \u010dudoviti notranjosti iz tan ko\u017ee ni nobenih znakov po\u0161kodb zaradi sonca.<\/p>\n<p><strong>Stanje<\/strong><\/p>\n<p>Vozilo je na novo prevo\u017eilo le 43.000 kilometrov in je v brezhibnem stanju, brez nesre\u010d ali po\u0161kodb. Zadnji servis motorja je bil opravljen leta 2022, zavore pa so bile obnovljene oktobra 2023. Avtomobil je bil temeljito o\u010di\u0161\u010den, opravljena je bila analiza olja, ki je pokazala, da sta motor in pogonski sklop v idealnem stanju. Avtomobili 911 so vedno sloveli po kakovosti, ob ustreznem vzdr\u017eevanju in skrbnem hranjenju, kot je ta, pa lahko slu\u017eijo celo \u017eivljenje.<\/p>\n<p><strong>Zunanjost in kolesa  <\/strong><\/p>\n<p>Rde\u010da karoserija je v odli\u010dnem stanju, brez prask ali udarcev, streha kabrioleta pa je brez po\u0161kodb. Barvna kombinacija je odli\u010dna in zaradi nje ta primer izstopa iz mno\u017eice. Ta 911 Carrera 2 ima Porschejeva zna\u010dilna 19-pal\u010dna plati\u0161\u010da &#8220;Lobster Claw&#8221;, ovita v povsem nove pnevmatike Michelin Pilot Sport.<\/p>\n<p><strong>Dokumentacija:<\/strong><\/p>\n<p>To vozilo prodaja trgovec z ustrezno dokumentacijo iz \u0160panije. Poro\u010dilo CarFax je \u010disto; ni dokazov o nesre\u010dah, popravilih, lastni\u0161tvu ali pravnih te\u017eavah. Na voljo so zapisi o rednem vzdr\u017eevanju ter originalne tovarni\u0161ke bro\u0161ure in ra\u010duni. \u0160panski tehni\u010dni pregled (ITV) je vklju\u010den v dokumentacijo in avto ga je uspe\u0161no opravil. Preverite <a href=\"https:\/\/pistonaddict.com\/wp-content\/uploads\/2023\/10\/CARFAX-Vehicle-History-Report-PORSCHE-911.pdf\">dokument CarFax<\/a> tega \u010dudovitega kabrioleta Porsche 911 Carrera.<\/p>\n<p><strong>Za dostop do dra\u017ebe tega vrhunskega vozila je potreben odtis kreditne kartice (samodejno se sprosti).<\/strong><\/p>\n<p>Oglejte si videoposnetek hladnega zagona tega \u010dudovitega kabrioleta Porsche 911 Carrera :<\/p>\n<p><iframe title=\"Cold Start Video of the Porsche 911 Carrera Cabrio 325 CV\" width=\"1200\" height=\"675\" src=\"https:\/\/www.youtube.com\/embed\/FNuC3o32Erw?feature=oembed\" frameborder=\"0\" allow=\"accelerometer; autoplay; clipboard-write; encrypted-media; gyroscope; picture-in-picture; web-share\" allowfullscreen><\/iframe><\/p>\n","protected":false},"excerpt":{"rendered":"<p>Porsche 911 ima v svetu \u0161portnih avtomobilov posebno mesto. Ni ve\u010d samo vozilo, saj presega meje avtomobilske industrije in je postal kulturni simbol in svetovno prepoznavna oblika. Model 911 se je skozi svoje generacije razvijal od majhnega \u0161portnega kupeja do dana\u0161njega razko\u0161nega vozila GT. \u010ce pa si \u017eelite ob\u010dutka, ki je zna\u010dilen za model 911, ropot motorja bokser z naravnim polnjenjem in \u010disti ob\u010dutek pri vo\u017enji. V tem primeru je generacija 997 zadnja, ki ponuja vse za\u017eelene klasi\u010dne prednosti v sodobni embala\u017ei. Je popolnost na \u0161tirih kolesih v obliki kabrioleta in z ro\u010dnim menjalnikom.<\/p>\n","protected":false},"featured_media":53279,"comment_status":"open","ping_status":"closed","template":"","meta":{"inline_featured_image":false},"product_cat":[700],"product_tag":[2118,850,2116,2117,849,970],"acf":[],"yoast_head":"<!-- This site is optimized with the Yoast SEO plugin v22.5 - https:\/\/yoast.com\/wordpress\/plugins\/seo\/ -->\n<title>Porsche 911 Carrera 2 Cabrio (997) dra\u017ebe - Piston Addict<\/title>\n<meta name=\"robots\" content=\"index, follow, max-snippet:-1, max-image-preview:large, max-video-preview:-1\" \/>\n<link rel=\"canonical\" href=\"https:\/\/pistonaddict.com\/sl\/product\/porsche-911-carrera-2-cabrio-997\/\" \/>\n<meta property=\"og:locale\" content=\"sl_SI\" \/>\n<meta property=\"og:type\" content=\"article\" \/>\n<meta property=\"og:title\" content=\"Porsche 911 Carrera 2 Cabrio (997) dra\u017ebe - Piston Addict\" \/>\n<meta property=\"og:description\" content=\"Porsche 911 ima v svetu \u0161portnih avtomobilov posebno mesto. Ni ve\u010d samo vozilo, saj presega meje avtomobilske industrije in je postal kulturni simbol in svetovno prepoznavna oblika. Model 911 se je skozi svoje generacije razvijal od majhnega \u0161portnega kupeja do dana\u0161njega razko\u0161nega vozila GT. \u010ce pa si \u017eelite ob\u010dutka, ki je zna\u010dilen za model 911, ropot motorja bokser z naravnim polnjenjem in \u010disti ob\u010dutek pri vo\u017enji. V tem primeru je generacija 997 zadnja, ki ponuja vse za\u017eelene klasi\u010dne prednosti v sodobni embala\u017ei. Je popolnost na \u0161tirih kolesih v obliki kabrioleta in z ro\u010dnim menjalnikom.\" \/>\n<meta property=\"og:url\" content=\"https:\/\/pistonaddict.com\/sl\/product\/porsche-911-carrera-2-cabrio-997\/\" \/>\n<meta property=\"og:site_name\" content=\"Piston Addict\" \/>\n<meta property=\"article:modified_time\" content=\"2023-12-20T08:49:29+00:00\" \/>\n<meta property=\"og:image\" content=\"https:\/\/pistonaddict.com\/wp-content\/uploads\/2023\/10\/20220624_201726_resized-copia.jpg\" \/>\n\t<meta property=\"og:image:width\" content=\"1008\" \/>\n\t<meta property=\"og:image:height\" content=\"567\" \/>\n\t<meta property=\"og:image:type\" content=\"image\/jpeg\" \/>\n<meta name=\"twitter:card\" content=\"summary_large_image\" \/>\n<meta name=\"twitter:label1\" content=\"Est. reading time\" \/>\n\t<meta name=\"twitter:data1\" content=\"3 minute\" \/>\n<script type=\"application\/ld+json\" class=\"yoast-schema-graph\">{\"@context\":\"https:\/\/schema.org\",\"@graph\":[{\"@type\":\"WebPage\",\"@id\":\"https:\/\/pistonaddict.com\/sl\/product\/porsche-911-carrera-2-cabrio-997\/\",\"url\":\"https:\/\/pistonaddict.com\/sl\/product\/porsche-911-carrera-2-cabrio-997\/\",\"name\":\"Porsche 911 Carrera 2 Cabrio (997) dra\u017ebe - Piston Addict\",\"isPartOf\":{\"@id\":\"https:\/\/pistonaddict.com\/sl\/#website\"},\"primaryImageOfPage\":{\"@id\":\"https:\/\/pistonaddict.com\/sl\/product\/porsche-911-carrera-2-cabrio-997\/#primaryimage\"},\"image\":{\"@id\":\"https:\/\/pistonaddict.com\/sl\/product\/porsche-911-carrera-2-cabrio-997\/#primaryimage\"},\"thumbnailUrl\":\"https:\/\/pistonaddict.com\/wp-content\/uploads\/2023\/10\/20220624_201726_resized-copia.jpg\",\"datePublished\":\"2023-10-06T09:28:15+00:00\",\"dateModified\":\"2023-12-20T08:49:29+00:00\",\"breadcrumb\":{\"@id\":\"https:\/\/pistonaddict.com\/sl\/product\/porsche-911-carrera-2-cabrio-997\/#breadcrumb\"},\"inLanguage\":\"sl-SI\",\"potentialAction\":[{\"@type\":\"ReadAction\",\"target\":[\"https:\/\/pistonaddict.com\/sl\/product\/porsche-911-carrera-2-cabrio-997\/\"]}]},{\"@type\":\"ImageObject\",\"inLanguage\":\"sl-SI\",\"@id\":\"https:\/\/pistonaddict.com\/sl\/product\/porsche-911-carrera-2-cabrio-997\/#primaryimage\",\"url\":\"https:\/\/pistonaddict.com\/wp-content\/uploads\/2023\/10\/20220624_201726_resized-copia.jpg\",\"contentUrl\":\"https:\/\/pistonaddict.com\/wp-content\/uploads\/2023\/10\/20220624_201726_resized-copia.jpg\",\"width\":1008,\"height\":567},{\"@type\":\"BreadcrumbList\",\"@id\":\"https:\/\/pistonaddict.com\/sl\/product\/porsche-911-carrera-2-cabrio-997\/#breadcrumb\",\"itemListElement\":[{\"@type\":\"ListItem\",\"position\":1,\"name\":\"Doma\u010da stran\",\"item\":\"https:\/\/pistonaddict.com\/sl\/domaca-stran-2\/\"},{\"@type\":\"ListItem\",\"position\":2,\"name\":\"Auctions\",\"item\":\"https:\/\/pistonaddict.com\/auctions-listing\/\"},{\"@type\":\"ListItem\",\"position\":3,\"name\":\"Porsche 911 Carrera 2 Cabrio (997)\"}]},{\"@type\":\"WebSite\",\"@id\":\"https:\/\/pistonaddict.com\/sl\/#website\",\"url\":\"https:\/\/pistonaddict.com\/sl\/\",\"name\":\"Piston Addict\",\"description\":\"Only interesting vehicles\",\"publisher\":{\"@id\":\"https:\/\/pistonaddict.com\/sl\/#organization\"},\"potentialAction\":[{\"@type\":\"SearchAction\",\"target\":{\"@type\":\"EntryPoint\",\"urlTemplate\":\"https:\/\/pistonaddict.com\/sl\/?s={search_term_string}\"},\"query-input\":\"required name=search_term_string\"}],\"inLanguage\":\"sl-SI\"},{\"@type\":\"Organization\",\"@id\":\"https:\/\/pistonaddict.com\/sl\/#organization\",\"name\":\"Piston Addict\",\"url\":\"https:\/\/pistonaddict.com\/sl\/\",\"logo\":{\"@type\":\"ImageObject\",\"inLanguage\":\"sl-SI\",\"@id\":\"https:\/\/pistonaddict.com\/sl\/#\/schema\/logo\/image\/\",\"url\":\"https:\/\/pistonaddict.com\/wp-content\/uploads\/2022\/07\/logo-6.png\",\"contentUrl\":\"https:\/\/pistonaddict.com\/wp-content\/uploads\/2022\/07\/logo-6.png\",\"width\":970,\"height\":200,\"caption\":\"Piston Addict\"},\"image\":{\"@id\":\"https:\/\/pistonaddict.com\/sl\/#\/schema\/logo\/image\/\"}}]}<\/script>\n<!-- \/ Yoast SEO plugin. -->","yoast_head_json":{"title":"Porsche 911 Carrera 2 Cabrio (997) dra\u017ebe - Piston Addict","robots":{"index":"index","follow":"follow","max-snippet":"max-snippet:-1","max-image-preview":"max-image-preview:large","max-video-preview":"max-video-preview:-1"},"canonical":"https:\/\/pistonaddict.com\/sl\/product\/porsche-911-carrera-2-cabrio-997\/","og_locale":"sl_SI","og_type":"article","og_title":"Porsche 911 Carrera 2 Cabrio (997) dra\u017ebe - Piston Addict","og_description":"Porsche 911 ima v svetu \u0161portnih avtomobilov posebno mesto. Ni ve\u010d samo vozilo, saj presega meje avtomobilske industrije in je postal kulturni simbol in svetovno prepoznavna oblika. Model 911 se je skozi svoje generacije razvijal od majhnega \u0161portnega kupeja do dana\u0161njega razko\u0161nega vozila GT. \u010ce pa si \u017eelite ob\u010dutka, ki je zna\u010dilen za model 911, ropot motorja bokser z naravnim polnjenjem in \u010disti ob\u010dutek pri vo\u017enji. V tem primeru je generacija 997 zadnja, ki ponuja vse za\u017eelene klasi\u010dne prednosti v sodobni embala\u017ei. Je popolnost na \u0161tirih kolesih v obliki kabrioleta in z ro\u010dnim menjalnikom.","og_url":"https:\/\/pistonaddict.com\/sl\/product\/porsche-911-carrera-2-cabrio-997\/","og_site_name":"Piston Addict","article_modified_time":"2023-12-20T08:49:29+00:00","og_image":[{"width":1008,"height":567,"url":"https:\/\/pistonaddict.com\/wp-content\/uploads\/2023\/10\/20220624_201726_resized-copia.jpg","type":"image\/jpeg"}],"twitter_card":"summary_large_image","twitter_misc":{"Est. reading time":"3 minute"},"schema":{"@context":"https:\/\/schema.org","@graph":[{"@type":"WebPage","@id":"https:\/\/pistonaddict.com\/sl\/product\/porsche-911-carrera-2-cabrio-997\/","url":"https:\/\/pistonaddict.com\/sl\/product\/porsche-911-carrera-2-cabrio-997\/","name":"Porsche 911 Carrera 2 Cabrio (997) dra\u017ebe - Piston Addict","isPartOf":{"@id":"https:\/\/pistonaddict.com\/sl\/#website"},"primaryImageOfPage":{"@id":"https:\/\/pistonaddict.com\/sl\/product\/porsche-911-carrera-2-cabrio-997\/#primaryimage"},"image":{"@id":"https:\/\/pistonaddict.com\/sl\/product\/porsche-911-carrera-2-cabrio-997\/#primaryimage"},"thumbnailUrl":"https:\/\/pistonaddict.com\/wp-content\/uploads\/2023\/10\/20220624_201726_resized-copia.jpg","datePublished":"2023-10-06T09:28:15+00:00","dateModified":"2023-12-20T08:49:29+00:00","breadcrumb":{"@id":"https:\/\/pistonaddict.com\/sl\/product\/porsche-911-carrera-2-cabrio-997\/#breadcrumb"},"inLanguage":"sl-SI","potentialAction":[{"@type":"ReadAction","target":["https:\/\/pistonaddict.com\/sl\/product\/porsche-911-carrera-2-cabrio-997\/"]}]},{"@type":"ImageObject","inLanguage":"sl-SI","@id":"https:\/\/pistonaddict.com\/sl\/product\/porsche-911-carrera-2-cabrio-997\/#primaryimage","url":"https:\/\/pistonaddict.com\/wp-content\/uploads\/2023\/10\/20220624_201726_resized-copia.jpg","contentUrl":"https:\/\/pistonaddict.com\/wp-content\/uploads\/2023\/10\/20220624_201726_resized-copia.jpg","width":1008,"height":567},{"@type":"BreadcrumbList","@id":"https:\/\/pistonaddict.com\/sl\/product\/porsche-911-carrera-2-cabrio-997\/#breadcrumb","itemListElement":[{"@type":"ListItem","position":1,"name":"Doma\u010da stran","item":"https:\/\/pistonaddict.com\/sl\/domaca-stran-2\/"},{"@type":"ListItem","position":2,"name":"Auctions","item":"https:\/\/pistonaddict.com\/auctions-listing\/"},{"@type":"ListItem","position":3,"name":"Porsche 911 Carrera 2 Cabrio (997)"}]},{"@type":"WebSite","@id":"https:\/\/pistonaddict.com\/sl\/#website","url":"https:\/\/pistonaddict.com\/sl\/","name":"Piston Addict","description":"Only interesting vehicles","publisher":{"@id":"https:\/\/pistonaddict.com\/sl\/#organization"},"potentialAction":[{"@type":"SearchAction","target":{"@type":"EntryPoint","urlTemplate":"https:\/\/pistonaddict.com\/sl\/?s={search_term_string}"},"query-input":"required name=search_term_string"}],"inLanguage":"sl-SI"},{"@type":"Organization","@id":"https:\/\/pistonaddict.com\/sl\/#organization","name":"Piston Addict","url":"https:\/\/pistonaddict.com\/sl\/","logo":{"@type":"ImageObject","inLanguage":"sl-SI","@id":"https:\/\/pistonaddict.com\/sl\/#\/schema\/logo\/image\/","url":"https:\/\/pistonaddict.com\/wp-content\/uploads\/2022\/07\/logo-6.png","contentUrl":"https:\/\/pistonaddict.com\/wp-content\/uploads\/2022\/07\/logo-6.png","width":970,"height":200,"caption":"Piston Addict"},"image":{"@id":"https:\/\/pistonaddict.com\/sl\/#\/schema\/logo\/image\/"}}]}},"_links":{"self":[{"href":"https:\/\/pistonaddict.com\/sl\/wp-json\/wp\/v2\/product\/53494"}],"collection":[{"href":"https:\/\/pistonaddict.com\/sl\/wp-json\/wp\/v2\/product"}],"about":[{"href":"https:\/\/pistonaddict.com\/sl\/wp-json\/wp\/v2\/types\/product"}],"replies":[{"embeddable":true,"href":"https:\/\/pistonaddict.com\/sl\/wp-json\/wp\/v2\/comments?post=53494"}],"wp:featuredmedia":[{"embeddable":true,"href":"https:\/\/pistonaddict.com\/sl\/wp-json\/wp\/v2\/media\/53279"}],"wp:attachment":[{"href":"https:\/\/pistonaddict.com\/sl\/wp-json\/wp\/v2\/media?parent=53494"}],"wp:term":[{"taxonomy":"product_cat","embeddable":true,"href":"https:\/\/pistonaddict.com\/sl\/wp-json\/wp\/v2\/product_cat?post=53494"},{"taxonomy":"product_tag","embeddable":true,"href":"https:\/\/pistonaddict.com\/sl\/wp-json\/wp\/v2\/product_tag?post=53494"}],"curies":[{"name":"wp","href":"https:\/\/api.w.org\/{rel}","templated":true}]}}