{"id":47834,"date":"2024-01-16T09:00:29","date_gmt":"2024-01-16T08:00:29","guid":{"rendered":"https:\/\/pistonaddict.com\/product\/morgan-roadster-v6-3-0\/"},"modified":"2024-03-20T09:43:18","modified_gmt":"2024-03-20T08:43:18","slug":"morgan-roadster-v6-3-0","status":"publish","type":"product","link":"https:\/\/pistonaddict.com\/sl\/product\/morgan-roadster-v6-3-0\/","title":{"rendered":"Morgan Roadster V6 3.0"},"content":{"rendered":"<p><strong>Zgodovina avtomobila<\/strong><\/p>\n<p>Sedanji lastnik tega elegantnega roadsterja ga je kupil leta 2010, ko je bil star le tri leta. Dobavljen je bil nov in je vse svoje \u017eivljenje pre\u017eivel v \u0160paniji, kjer se je uporabljal za spro\u0161\u010dujo\u010de vo\u017enje ob obali. Ta generacija Morganovega \u010dastitljivega roadsterja je bila predstavljena leta 2004, in \u010deprav je bila od zunaj skorajda neprepoznavna, je pod dolgim pokrovom motorja imela zelo dobrodo\u0161lo izbolj\u0161avo &#8211; Fordov 3,0-litrski motor V6 Duratec. Fordov motor V6 s 24 ventili, sodobno konstrukcijo in neprimerljivo zanesljivostjo je v skoraj vseh pogledih bolj\u0161i od starega Roverjevega motorja V8, ki ga je uporabljal Morgan. Ta motor zagotavlja dobrih 223 KM in ker je motor V6 kraj\u0161i od motorja V8, je name\u0161\u010den bolj proti sredini vozila, zato je vozilo bolje vodljivo. Verjetno veste, da je ena od skrivnosti Morganove edinstvene vozne dinamike njegova \u0161asija, ki je delno izdelana iz lesa. Ko imate roadster, ki tehta malo manj kot tono, imate \u017eivahno vozni\u0161ko izku\u0161njo in opazite vsako podrobnost pri vo\u017enji, pospe\u0161evanju in upravljanju. Mimogrede, do 100 km\/h dose\u017ee v 5,5 sekunde, zato je vo\u017enja z njim zelo zanimiva.<\/p>\n<p><strong>Stanje<\/strong><\/p>\n<p>Ta Morgan Roadster je prevozil le nekaj ve\u010d kot 41.000 kilometrov in ima dva lastnika od novega. Splo\u0161no stanje je zelo dobro, brez po\u0161kodb, razbitin ali zunanjih popravil. Vozilo je bilo redno vzdr\u017eevano, brez sprememb na motorju, karoseriji ali vzmetenju. Lastnik je pred kratkim obnovil zavore in opravil analizo olja, ki je bila negativna, kar pomeni, da je motor v odli\u010dnem stanju. To je pri\u010dakovano, saj je Fordov 3,0-litrski motor V6 znan po svoji vzdr\u017eljivosti in dolgo\u017eivosti.<\/p>\n<p><strong>Notranjost<\/strong><\/p>\n<p>Ena od najbolj\u0161ih lastnosti vozila Morgan Roadster je bila njegova klasi\u010dna, a elegantna notranjost, ki je bila v tem primeru dopolnjena z legendarnim lesenim volanom Moto-Lita. Lesena armaturna plo\u0161\u010da ima vse instrumente, avdio sistem in uro. Hkrati so sede\u017ei oblazinjeni s \u010dudovitim be\u017e usnjem, ki je v idealnem stanju in se odli\u010dno ujema z zunanjo barvo. Tudi \u010drna streha kabrioleta je v odli\u010dnem stanju in je bila le redko uporabljena, saj je bilo vozilo shranjeno v gara\u017ei in se je vozilo v lepem vremenu. Vklju\u010dena je tudi originalna notranja platnica Morgan.<\/p>\n<p><strong>Zunanjost in kolesa<\/strong><\/p>\n<p>Ta Morgan, ki se uradno imenuje Connaught Green, vendar je bolj znan kot BRG (British Racing Green), je izdelan v najbolj za\u017eeleni barvi med vsemi. Klasi\u010den temen odtenek, ki se odli\u010dno ujema z be\u017e notranjostjo, je vrhunska specifikacija za vsak klasi\u010dni britanski roadster. Karoserija je v odli\u010dni kondiciji, brez prask ali razbarvanosti, z zanimivimi podrobnostmi, kot so lu\u010di za meglo, zna\u010dke in usnjeni trakovi, ki dr\u017eijo pokrov motorja na mestu (nalepko na pokrovu motorja je mogo\u010de preprosto odstraniti). Videz dopolnjujejo 18-pal\u010dna \u017ei\u010dna plati\u0161\u010da, obuta v pnevmatike Yokohama, in zadaj name\u0161\u010deno rezervno kolo polne velikosti. Kolesa so morda videti kot iz 40. let prej\u0161njega stoletja, vendar so povsem nova in skrbno obnovljena, zasnovana za sodobne gume.<\/p>\n<p><strong>Dokumentacija<\/strong><\/p>\n<p>To je vozilo v zasebni lasti z ustrezno dokumentacijo, ki se nahaja v Palmi de Mallorci v \u0160paniji. Poro\u010dila so \u010dista; ni dokazov o nesre\u010dah, popravilih po nesre\u010dah, lastni\u0161tvu ali pravnih te\u017eavah. Obstajajo zapisi o rednem vzdr\u017eevanju, ki segajo v leto 2020.<br \/>\nCarFax tega vozila Morgan Roadster V6 cabrio lahko preverite <a href=\"https:\/\/pistonaddict.com\/wp-content\/uploads\/2023\/08\/CARFAX-Vehicle-History-Report-MORGAN-ROADSTER-Convertible-2007.pdf\">tukaj<\/a>. <strong>\u0160panski MOT (ITV) je opravljen in velja do 4. avgusta 2024<\/strong>.<\/p>\n<p><strong>Oprema in dodatki<\/strong><\/p>\n<p>&#8211; Klasi\u010dni leseni volan Motolita<br \/>\n&#8211; Lesena armaturna plo\u0161\u010da<br \/>\n&#8211; Jeklena ro\u010dica menjalnika<br \/>\n&#8211; Stranski \u017eepi v usnjenih vratih<br \/>\n&#8211; Obrobe pre\u010dke \u0161\u010dita Morgan<br \/>\n&#8211; Obloge notranjih klju\u010davnic s \u0161\u010ditnikom Morgan<br \/>\n&#8211; Ura<br \/>\n&#8211; Radio CD\/MP3 Blaupunkt<br \/>\n&#8211; 2 dodatni sprednji lu\u010di<br \/>\n&#8211; Notranji usnjeni pas, podlo\u017een z ov\u010djo ko\u017eo na vrhu pokrova motorja<br \/>\n&#8211; Sen\u010dniki iz \u010drnega usnja<br \/>\n&#8211; Odklopnik akumulatorja proti kraji<br \/>\n&#8211; Sprednja vrstica za oznake\/\u0161\u010ditke<br \/>\n&#8211; \u010crna usnjena prevleka za kapuco s \u0161\u010ditnikom Morgan<br \/>\n&#8211; 2 \u010drni usnjeni prevleki za metakrilatna okna s \u0161\u010ditnikom Morgan<br \/>\n&#8211; Notranji za\u0161\u010ditni pokrov za avto (modra tkanina) s \u0161\u010ditnikom Morgan<\/p>\n<p><strong>Oglejte si videoposnetek hladnega zagona tega \u010dudovitega kabrioleta Morgan Roadster V6:<\/strong><\/p>\n<p><iframe title=\"Cold Start : Morgan Roadster V6 3.0 on PistonAddict.com\" width=\"1200\" height=\"675\" src=\"https:\/\/www.youtube.com\/embed\/yLSfe-ePOFg?start=29&#038;feature=oembed\" frameborder=\"0\" allow=\"accelerometer; autoplay; clipboard-write; encrypted-media; gyroscope; picture-in-picture; web-share\" allowfullscreen><\/iframe><\/p>\n","protected":false},"excerpt":{"rendered":"<p>Med \u0161tevilnimi klasi\u010dnimi avtomobili iz Zdru\u017eenega kraljestva je Morgan Roadster nedvomno utele\u0161enje britanskega \u0161arma v avtomobilski obliki. Sodobni Morgan Plus Six z brez\u010dasno zasnovo, ki izvira iz zgodnjih dni roadsterjev, in modelno linijo, ki je neprekinjena \u017ee od leta 1950, je neustavljiva kombinacija edinstvene konstrukcije, ro\u010dne izdelave po naro\u010dilu in zmogljivega motorja V6, ki to klasiko v dobri veri spremeni v zmogljiv \u0161portni avtomobil z odprto streho.<\/p>\n","protected":false},"featured_media":46741,"comment_status":"open","ping_status":"closed","template":"","meta":{"inline_featured_image":false},"product_cat":[700],"product_tag":[2033,2032,2030,2031,970],"acf":[],"yoast_head":"<!-- This site is optimized with the Yoast SEO plugin v22.5 - https:\/\/yoast.com\/wordpress\/plugins\/seo\/ -->\n<title>Morgan Roadster V6 3.0 dra\u017ebe - Piston Addict<\/title>\n<meta name=\"description\" content=\"Neverjeten Morgan Roadster V6 3.0 iz leta 2007 v odli\u010dnih pogojih na dra\u017ebi na PistonAddict.com\" \/>\n<meta name=\"robots\" content=\"index, follow, max-snippet:-1, max-image-preview:large, max-video-preview:-1\" \/>\n<link rel=\"canonical\" href=\"https:\/\/pistonaddict.com\/sl\/product\/morgan-roadster-v6-3-0\/\" \/>\n<meta property=\"og:locale\" content=\"sl_SI\" \/>\n<meta property=\"og:type\" content=\"article\" \/>\n<meta property=\"og:title\" content=\"Morgan Roadster V6 3.0 dra\u017ebe - Piston Addict\" \/>\n<meta property=\"og:description\" content=\"Neverjeten Morgan Roadster V6 3.0 iz leta 2007 v odli\u010dnih pogojih na dra\u017ebi na PistonAddict.com\" \/>\n<meta property=\"og:url\" content=\"https:\/\/pistonaddict.com\/sl\/product\/morgan-roadster-v6-3-0\/\" \/>\n<meta property=\"og:site_name\" content=\"Piston Addict\" \/>\n<meta property=\"article:modified_time\" content=\"2024-03-20T08:43:18+00:00\" \/>\n<meta property=\"og:image\" content=\"https:\/\/pistonaddict.com\/wp-content\/uploads\/2023\/08\/DSC0169-scaled.jpg\" \/>\n\t<meta property=\"og:image:width\" content=\"2560\" \/>\n\t<meta property=\"og:image:height\" content=\"1707\" \/>\n\t<meta property=\"og:image:type\" content=\"image\/jpeg\" \/>\n<meta name=\"twitter:card\" content=\"summary_large_image\" \/>\n<meta name=\"twitter:label1\" content=\"Est. reading time\" \/>\n\t<meta name=\"twitter:data1\" content=\"4 minute\" \/>\n<script type=\"application\/ld+json\" class=\"yoast-schema-graph\">{\"@context\":\"https:\/\/schema.org\",\"@graph\":[{\"@type\":\"WebPage\",\"@id\":\"https:\/\/pistonaddict.com\/sl\/product\/morgan-roadster-v6-3-0\/\",\"url\":\"https:\/\/pistonaddict.com\/sl\/product\/morgan-roadster-v6-3-0\/\",\"name\":\"Morgan Roadster V6 3.0 dra\u017ebe - Piston Addict\",\"isPartOf\":{\"@id\":\"https:\/\/pistonaddict.com\/sl\/#website\"},\"primaryImageOfPage\":{\"@id\":\"https:\/\/pistonaddict.com\/sl\/product\/morgan-roadster-v6-3-0\/#primaryimage\"},\"image\":{\"@id\":\"https:\/\/pistonaddict.com\/sl\/product\/morgan-roadster-v6-3-0\/#primaryimage\"},\"thumbnailUrl\":\"https:\/\/pistonaddict.com\/wp-content\/uploads\/2023\/08\/DSC0169-scaled.jpg\",\"datePublished\":\"2024-01-16T08:00:29+00:00\",\"dateModified\":\"2024-03-20T08:43:18+00:00\",\"description\":\"Neverjeten Morgan Roadster V6 3.0 iz leta 2007 v odli\u010dnih pogojih na dra\u017ebi na PistonAddict.com\",\"breadcrumb\":{\"@id\":\"https:\/\/pistonaddict.com\/sl\/product\/morgan-roadster-v6-3-0\/#breadcrumb\"},\"inLanguage\":\"sl-SI\",\"potentialAction\":[{\"@type\":\"ReadAction\",\"target\":[\"https:\/\/pistonaddict.com\/sl\/product\/morgan-roadster-v6-3-0\/\"]}]},{\"@type\":\"ImageObject\",\"inLanguage\":\"sl-SI\",\"@id\":\"https:\/\/pistonaddict.com\/sl\/product\/morgan-roadster-v6-3-0\/#primaryimage\",\"url\":\"https:\/\/pistonaddict.com\/wp-content\/uploads\/2023\/08\/DSC0169-scaled.jpg\",\"contentUrl\":\"https:\/\/pistonaddict.com\/wp-content\/uploads\/2023\/08\/DSC0169-scaled.jpg\",\"width\":2560,\"height\":1707},{\"@type\":\"BreadcrumbList\",\"@id\":\"https:\/\/pistonaddict.com\/sl\/product\/morgan-roadster-v6-3-0\/#breadcrumb\",\"itemListElement\":[{\"@type\":\"ListItem\",\"position\":1,\"name\":\"Doma\u010da stran\",\"item\":\"https:\/\/pistonaddict.com\/sl\/domaca-stran-2\/\"},{\"@type\":\"ListItem\",\"position\":2,\"name\":\"Auctions\",\"item\":\"https:\/\/pistonaddict.com\/auctions-listing\/\"},{\"@type\":\"ListItem\",\"position\":3,\"name\":\"Morgan Roadster V6 3.0\"}]},{\"@type\":\"WebSite\",\"@id\":\"https:\/\/pistonaddict.com\/sl\/#website\",\"url\":\"https:\/\/pistonaddict.com\/sl\/\",\"name\":\"Piston Addict\",\"description\":\"Only interesting vehicles\",\"publisher\":{\"@id\":\"https:\/\/pistonaddict.com\/sl\/#organization\"},\"potentialAction\":[{\"@type\":\"SearchAction\",\"target\":{\"@type\":\"EntryPoint\",\"urlTemplate\":\"https:\/\/pistonaddict.com\/sl\/?s={search_term_string}\"},\"query-input\":\"required name=search_term_string\"}],\"inLanguage\":\"sl-SI\"},{\"@type\":\"Organization\",\"@id\":\"https:\/\/pistonaddict.com\/sl\/#organization\",\"name\":\"Piston Addict\",\"url\":\"https:\/\/pistonaddict.com\/sl\/\",\"logo\":{\"@type\":\"ImageObject\",\"inLanguage\":\"sl-SI\",\"@id\":\"https:\/\/pistonaddict.com\/sl\/#\/schema\/logo\/image\/\",\"url\":\"https:\/\/pistonaddict.com\/wp-content\/uploads\/2022\/07\/logo-6.png\",\"contentUrl\":\"https:\/\/pistonaddict.com\/wp-content\/uploads\/2022\/07\/logo-6.png\",\"width\":970,\"height\":200,\"caption\":\"Piston Addict\"},\"image\":{\"@id\":\"https:\/\/pistonaddict.com\/sl\/#\/schema\/logo\/image\/\"}}]}<\/script>\n<!-- \/ Yoast SEO plugin. -->","yoast_head_json":{"title":"Morgan Roadster V6 3.0 dra\u017ebe - Piston Addict","description":"Neverjeten Morgan Roadster V6 3.0 iz leta 2007 v odli\u010dnih pogojih na dra\u017ebi na PistonAddict.com","robots":{"index":"index","follow":"follow","max-snippet":"max-snippet:-1","max-image-preview":"max-image-preview:large","max-video-preview":"max-video-preview:-1"},"canonical":"https:\/\/pistonaddict.com\/sl\/product\/morgan-roadster-v6-3-0\/","og_locale":"sl_SI","og_type":"article","og_title":"Morgan Roadster V6 3.0 dra\u017ebe - Piston Addict","og_description":"Neverjeten Morgan Roadster V6 3.0 iz leta 2007 v odli\u010dnih pogojih na dra\u017ebi na PistonAddict.com","og_url":"https:\/\/pistonaddict.com\/sl\/product\/morgan-roadster-v6-3-0\/","og_site_name":"Piston Addict","article_modified_time":"2024-03-20T08:43:18+00:00","og_image":[{"width":2560,"height":1707,"url":"https:\/\/pistonaddict.com\/wp-content\/uploads\/2023\/08\/DSC0169-scaled.jpg","type":"image\/jpeg"}],"twitter_card":"summary_large_image","twitter_misc":{"Est. reading time":"4 minute"},"schema":{"@context":"https:\/\/schema.org","@graph":[{"@type":"WebPage","@id":"https:\/\/pistonaddict.com\/sl\/product\/morgan-roadster-v6-3-0\/","url":"https:\/\/pistonaddict.com\/sl\/product\/morgan-roadster-v6-3-0\/","name":"Morgan Roadster V6 3.0 dra\u017ebe - Piston Addict","isPartOf":{"@id":"https:\/\/pistonaddict.com\/sl\/#website"},"primaryImageOfPage":{"@id":"https:\/\/pistonaddict.com\/sl\/product\/morgan-roadster-v6-3-0\/#primaryimage"},"image":{"@id":"https:\/\/pistonaddict.com\/sl\/product\/morgan-roadster-v6-3-0\/#primaryimage"},"thumbnailUrl":"https:\/\/pistonaddict.com\/wp-content\/uploads\/2023\/08\/DSC0169-scaled.jpg","datePublished":"2024-01-16T08:00:29+00:00","dateModified":"2024-03-20T08:43:18+00:00","description":"Neverjeten Morgan Roadster V6 3.0 iz leta 2007 v odli\u010dnih pogojih na dra\u017ebi na PistonAddict.com","breadcrumb":{"@id":"https:\/\/pistonaddict.com\/sl\/product\/morgan-roadster-v6-3-0\/#breadcrumb"},"inLanguage":"sl-SI","potentialAction":[{"@type":"ReadAction","target":["https:\/\/pistonaddict.com\/sl\/product\/morgan-roadster-v6-3-0\/"]}]},{"@type":"ImageObject","inLanguage":"sl-SI","@id":"https:\/\/pistonaddict.com\/sl\/product\/morgan-roadster-v6-3-0\/#primaryimage","url":"https:\/\/pistonaddict.com\/wp-content\/uploads\/2023\/08\/DSC0169-scaled.jpg","contentUrl":"https:\/\/pistonaddict.com\/wp-content\/uploads\/2023\/08\/DSC0169-scaled.jpg","width":2560,"height":1707},{"@type":"BreadcrumbList","@id":"https:\/\/pistonaddict.com\/sl\/product\/morgan-roadster-v6-3-0\/#breadcrumb","itemListElement":[{"@type":"ListItem","position":1,"name":"Doma\u010da stran","item":"https:\/\/pistonaddict.com\/sl\/domaca-stran-2\/"},{"@type":"ListItem","position":2,"name":"Auctions","item":"https:\/\/pistonaddict.com\/auctions-listing\/"},{"@type":"ListItem","position":3,"name":"Morgan Roadster V6 3.0"}]},{"@type":"WebSite","@id":"https:\/\/pistonaddict.com\/sl\/#website","url":"https:\/\/pistonaddict.com\/sl\/","name":"Piston Addict","description":"Only interesting vehicles","publisher":{"@id":"https:\/\/pistonaddict.com\/sl\/#organization"},"potentialAction":[{"@type":"SearchAction","target":{"@type":"EntryPoint","urlTemplate":"https:\/\/pistonaddict.com\/sl\/?s={search_term_string}"},"query-input":"required name=search_term_string"}],"inLanguage":"sl-SI"},{"@type":"Organization","@id":"https:\/\/pistonaddict.com\/sl\/#organization","name":"Piston Addict","url":"https:\/\/pistonaddict.com\/sl\/","logo":{"@type":"ImageObject","inLanguage":"sl-SI","@id":"https:\/\/pistonaddict.com\/sl\/#\/schema\/logo\/image\/","url":"https:\/\/pistonaddict.com\/wp-content\/uploads\/2022\/07\/logo-6.png","contentUrl":"https:\/\/pistonaddict.com\/wp-content\/uploads\/2022\/07\/logo-6.png","width":970,"height":200,"caption":"Piston Addict"},"image":{"@id":"https:\/\/pistonaddict.com\/sl\/#\/schema\/logo\/image\/"}}]}},"_links":{"self":[{"href":"https:\/\/pistonaddict.com\/sl\/wp-json\/wp\/v2\/product\/47834"}],"collection":[{"href":"https:\/\/pistonaddict.com\/sl\/wp-json\/wp\/v2\/product"}],"about":[{"href":"https:\/\/pistonaddict.com\/sl\/wp-json\/wp\/v2\/types\/product"}],"replies":[{"embeddable":true,"href":"https:\/\/pistonaddict.com\/sl\/wp-json\/wp\/v2\/comments?post=47834"}],"wp:featuredmedia":[{"embeddable":true,"href":"https:\/\/pistonaddict.com\/sl\/wp-json\/wp\/v2\/media\/46741"}],"wp:attachment":[{"href":"https:\/\/pistonaddict.com\/sl\/wp-json\/wp\/v2\/media?parent=47834"}],"wp:term":[{"taxonomy":"product_cat","embeddable":true,"href":"https:\/\/pistonaddict.com\/sl\/wp-json\/wp\/v2\/product_cat?post=47834"},{"taxonomy":"product_tag","embeddable":true,"href":"https:\/\/pistonaddict.com\/sl\/wp-json\/wp\/v2\/product_tag?post=47834"}],"curies":[{"name":"wp","href":"https:\/\/api.w.org\/{rel}","templated":true}]}}