{"id":45984,"date":"2023-06-16T15:02:15","date_gmt":"2023-06-16T13:02:15","guid":{"rendered":"https:\/\/pistonaddict.com\/product\/audi-r8-v10-red-dynamite\/"},"modified":"2023-12-20T09:47:16","modified_gmt":"2023-12-20T08:47:16","slug":"audi-r8-v10-red-dynamite","status":"publish","type":"product","link":"https:\/\/pistonaddict.com\/sl\/product\/audi-r8-v10-red-dynamite\/","title":{"rendered":"Audi R8 V10 Red Dynamite"},"content":{"rendered":"<h2>Zunanjost<\/h2>\n<p>S svetlo rde\u010do barvo in \u010drnimi detajli, Ta Audi R8 je pobarvan v \u017eivo rde\u010di barvi, zato ne bo ostal neopa\u017een, kjer koli se bo pojavil. Poleg tega elementi, kot so kromirana re\u0161etka in pokrovi ogledal iz ogljikovih vlaken, le \u0161e izbolj\u0161ajo njegov videz. Toda, odkrito povedano, R8 je osupljiv avtomobil v katerikoli barvi in ne glede na prisotnost tak\u0161nih podrobnosti.<\/p>\n<p>Bistvo je, da je nem\u0161kim oblikovalcem pri modelu R8 uspelo dose\u010di skoraj popolno kombinacijo agresivnosti in subtilnosti. Te\u017eko je verjeti, da je pod njim bolj ali manj Lamborgini Aventador, ki je veliko bolj ble\u0161\u010de\u010d in kri\u010de\u010d. \u010ce torej i\u0161\u010dete zmogljiv \u0161portni avtomobil, a ne \u017eelite biti videti kot izme\u010dek, je R8 ena najbolj\u0161ih izbir. Med preostalimi zanimivimi podrobnostmi tega dvosede\u017enega vozila sta \u0161e ogromen zadnji spojler in tovarni\u0161ko name\u0161\u010dena 20-pal\u010dna plati\u0161\u010da s povsem novimi pnevmatikami Good Year Eagle.<\/p>\n<h2>Notranjost<\/h2>\n<p>V notranjosti tega R8 prevladuje kombinacija \u010drnega usnja, rde\u010dih \u0161ivov in okrasnih elementov iz ogljikovih vlaken. Sede\u017ei, ki so videti, kot da so jih pravkar pripeljali iz tovarne, so hkrati vzdr\u017eljivi in udobni. Tu je \u0161e v usnje ovit trikraki volan z gumbi za upravljanje vseh osnovnih funkcij. Poleg obi\u010dajnih, kot so tisti za stereo ali potovalni ra\u010dunalnik, so tu \u0161e gumbi za izbiro na\u010dina vo\u017enje, nadzor zagona in nastavitev izpu\u0161nih plinov.<\/p>\n<p>Za volanom je digitalna instrumentna plo\u0161\u010da, ki poleg osnovnih informacij lahko prikazuje \u0161e veliko ve\u010d. To vklju\u010duje navigacijo, kamero za vzvratno vo\u017enjo in stereo sistem, ki ga mimogrede izdeluje svetovno znana dru\u017eba Bang&amp;Olufsen.<\/p>\n<h2>Mehanika<\/h2>\n<p>Pod subtilno in elegantno lupino te druge generacije R8 se skriva tr\u0161e in la\u017eje podvozje iz aluminija in ogljikovih vlaken. Najpomembnej\u0161i del tega avtomobila pa je predvidoma njegov motor, mo\u010dan 5,2-litrski motor V10. Ker je Audijev model Plus, ima 610 konjskih mo\u010di in 560 Nm navora, ki se prek sistema Quattro in 7-stopenjske samodejne menjalni\u0161ke enote prena\u0161a na vsa kolesa. Z vsem tem bo R8 od 0 do 100 pospe\u0161eval v pribli\u017eno 3 sekundah in dosegel najve\u010djo hitrost 329 km\/h. Da bi zagotovili zavorno mo\u010d, ki ustreza vsej tej hitrosti, so povsod name\u0161\u010dene velike zavore.<\/p>\n<h2>Zgodovina vozila<\/h2>\n<p>Po navedbah prodajalca je bil ta Audi R8 nazadnje servisiran oktobra 2022, zavore pa so bile prenovljene pred nekaj dnevi. Poleg tega na armaturni plo\u0161\u010di ni nobenih znanih napak ali opozoril. Po prilo\u017eenih fotografijah sode\u010d ni nobenih karoserijskih pomanjkljivosti, o katerih bi bilo treba poro\u010dati.<\/p>\n<p>&nbsp;<\/p>\n<p><strong>Za dostop do dra\u017ebe tega vrhunskega vozila je potreben odtis kreditne kartice.<\/strong><\/p>\n","protected":false},"excerpt":{"rendered":"<p>Avtomobil, ki je naprodaj, je verjetno eden najzmogljivej\u0161ih modelov v svojem razredu &#8211; kultni Audi R8. To je bil in je \u0161e vedno prvi poskus proizvajalca iz Ingolstadta na trgu superavtomobilov, ki se je izkazal za zelo uspe\u0161nega. Po navedbah prodajalca je to vozilo v celoti servisirano in ni imelo nobene nesre\u010de, kar potrjuje tudi ustrezno poro\u010dilo CarVertical. Poleg tega je do zdaj prevozil manj kot 50.000 km, kar za tak avtomobil ni veliko. <strong>Audi R8 V10 plus Quattro <\/strong>iz leta 2015 se trenutno nahaja v Belgiji, kjer je registriran \u017ee od novega vozila. Ponudbo za ta avtomobil lahko oddate tako, da <a href=\"https:\/\/pistonaddict.com\/contact-us\/\">nas kontaktirate<\/a>.<\/p>\n","protected":false},"featured_media":43359,"comment_status":"open","ping_status":"closed","template":"","meta":{"inline_featured_image":false},"product_cat":[700],"product_tag":[1910,1914,904],"acf":[],"yoast_head":"<!-- This site is optimized with the Yoast SEO plugin v22.5 - https:\/\/yoast.com\/wordpress\/plugins\/seo\/ -->\n<title>Audi R8 V10 Red Dynamite dra\u017ebe - Piston Addict<\/title>\n<meta name=\"description\" content=\"Avtomobil, ki je na dra\u017ebi na prodaj, je verjetno eden najzmogljivej\u0161ih modelov v svojem razredu - kultni Audi R8 V10.\" \/>\n<meta name=\"robots\" content=\"index, follow, max-snippet:-1, max-image-preview:large, max-video-preview:-1\" \/>\n<link rel=\"canonical\" href=\"https:\/\/pistonaddict.com\/sl\/product\/audi-r8-v10-red-dynamite\/\" \/>\n<meta property=\"og:locale\" content=\"sl_SI\" \/>\n<meta property=\"og:type\" content=\"article\" \/>\n<meta property=\"og:title\" content=\"Audi R8 V10 Red Dynamite dra\u017ebe - Piston Addict\" \/>\n<meta property=\"og:description\" content=\"Avtomobil, ki je na dra\u017ebi na prodaj, je verjetno eden najzmogljivej\u0161ih modelov v svojem razredu - kultni Audi R8 V10.\" \/>\n<meta property=\"og:url\" content=\"https:\/\/pistonaddict.com\/sl\/product\/audi-r8-v10-red-dynamite\/\" \/>\n<meta property=\"og:site_name\" content=\"Piston Addict\" \/>\n<meta property=\"article:modified_time\" content=\"2023-12-20T08:47:16+00:00\" \/>\n<meta property=\"og:image\" content=\"https:\/\/pistonaddict.com\/wp-content\/uploads\/2023\/06\/DSC_0412.jpg\" \/>\n\t<meta property=\"og:image:width\" content=\"2048\" \/>\n\t<meta property=\"og:image:height\" content=\"1365\" \/>\n\t<meta property=\"og:image:type\" content=\"image\/jpeg\" \/>\n<meta name=\"twitter:card\" content=\"summary_large_image\" \/>\n<meta name=\"twitter:label1\" content=\"Est. reading time\" \/>\n\t<meta name=\"twitter:data1\" content=\"2 minuti\" \/>\n<script type=\"application\/ld+json\" class=\"yoast-schema-graph\">{\"@context\":\"https:\/\/schema.org\",\"@graph\":[{\"@type\":\"WebPage\",\"@id\":\"https:\/\/pistonaddict.com\/sl\/product\/audi-r8-v10-red-dynamite\/\",\"url\":\"https:\/\/pistonaddict.com\/sl\/product\/audi-r8-v10-red-dynamite\/\",\"name\":\"Audi R8 V10 Red Dynamite dra\u017ebe - Piston Addict\",\"isPartOf\":{\"@id\":\"https:\/\/pistonaddict.com\/sl\/#website\"},\"primaryImageOfPage\":{\"@id\":\"https:\/\/pistonaddict.com\/sl\/product\/audi-r8-v10-red-dynamite\/#primaryimage\"},\"image\":{\"@id\":\"https:\/\/pistonaddict.com\/sl\/product\/audi-r8-v10-red-dynamite\/#primaryimage\"},\"thumbnailUrl\":\"https:\/\/pistonaddict.com\/wp-content\/uploads\/2023\/06\/DSC_0412.jpg\",\"datePublished\":\"2023-06-16T13:02:15+00:00\",\"dateModified\":\"2023-12-20T08:47:16+00:00\",\"description\":\"Avtomobil, ki je na dra\u017ebi na prodaj, je verjetno eden najzmogljivej\u0161ih modelov v svojem razredu - kultni Audi R8 V10.\",\"breadcrumb\":{\"@id\":\"https:\/\/pistonaddict.com\/sl\/product\/audi-r8-v10-red-dynamite\/#breadcrumb\"},\"inLanguage\":\"sl-SI\",\"potentialAction\":[{\"@type\":\"ReadAction\",\"target\":[\"https:\/\/pistonaddict.com\/sl\/product\/audi-r8-v10-red-dynamite\/\"]}]},{\"@type\":\"ImageObject\",\"inLanguage\":\"sl-SI\",\"@id\":\"https:\/\/pistonaddict.com\/sl\/product\/audi-r8-v10-red-dynamite\/#primaryimage\",\"url\":\"https:\/\/pistonaddict.com\/wp-content\/uploads\/2023\/06\/DSC_0412.jpg\",\"contentUrl\":\"https:\/\/pistonaddict.com\/wp-content\/uploads\/2023\/06\/DSC_0412.jpg\",\"width\":2048,\"height\":1365},{\"@type\":\"BreadcrumbList\",\"@id\":\"https:\/\/pistonaddict.com\/sl\/product\/audi-r8-v10-red-dynamite\/#breadcrumb\",\"itemListElement\":[{\"@type\":\"ListItem\",\"position\":1,\"name\":\"Doma\u010da stran\",\"item\":\"https:\/\/pistonaddict.com\/sl\/domaca-stran-2\/\"},{\"@type\":\"ListItem\",\"position\":2,\"name\":\"Auctions\",\"item\":\"https:\/\/pistonaddict.com\/auctions-listing\/\"},{\"@type\":\"ListItem\",\"position\":3,\"name\":\"Audi R8 V10 Red Dynamite\"}]},{\"@type\":\"WebSite\",\"@id\":\"https:\/\/pistonaddict.com\/sl\/#website\",\"url\":\"https:\/\/pistonaddict.com\/sl\/\",\"name\":\"Piston Addict\",\"description\":\"Only interesting vehicles\",\"publisher\":{\"@id\":\"https:\/\/pistonaddict.com\/sl\/#organization\"},\"potentialAction\":[{\"@type\":\"SearchAction\",\"target\":{\"@type\":\"EntryPoint\",\"urlTemplate\":\"https:\/\/pistonaddict.com\/sl\/?s={search_term_string}\"},\"query-input\":\"required name=search_term_string\"}],\"inLanguage\":\"sl-SI\"},{\"@type\":\"Organization\",\"@id\":\"https:\/\/pistonaddict.com\/sl\/#organization\",\"name\":\"Piston Addict\",\"url\":\"https:\/\/pistonaddict.com\/sl\/\",\"logo\":{\"@type\":\"ImageObject\",\"inLanguage\":\"sl-SI\",\"@id\":\"https:\/\/pistonaddict.com\/sl\/#\/schema\/logo\/image\/\",\"url\":\"https:\/\/pistonaddict.com\/wp-content\/uploads\/2022\/07\/logo-6.png\",\"contentUrl\":\"https:\/\/pistonaddict.com\/wp-content\/uploads\/2022\/07\/logo-6.png\",\"width\":970,\"height\":200,\"caption\":\"Piston Addict\"},\"image\":{\"@id\":\"https:\/\/pistonaddict.com\/sl\/#\/schema\/logo\/image\/\"}}]}<\/script>\n<!-- \/ Yoast SEO plugin. -->","yoast_head_json":{"title":"Audi R8 V10 Red Dynamite dra\u017ebe - Piston Addict","description":"Avtomobil, ki je na dra\u017ebi na prodaj, je verjetno eden najzmogljivej\u0161ih modelov v svojem razredu - kultni Audi R8 V10.","robots":{"index":"index","follow":"follow","max-snippet":"max-snippet:-1","max-image-preview":"max-image-preview:large","max-video-preview":"max-video-preview:-1"},"canonical":"https:\/\/pistonaddict.com\/sl\/product\/audi-r8-v10-red-dynamite\/","og_locale":"sl_SI","og_type":"article","og_title":"Audi R8 V10 Red Dynamite dra\u017ebe - Piston Addict","og_description":"Avtomobil, ki je na dra\u017ebi na prodaj, je verjetno eden najzmogljivej\u0161ih modelov v svojem razredu - kultni Audi R8 V10.","og_url":"https:\/\/pistonaddict.com\/sl\/product\/audi-r8-v10-red-dynamite\/","og_site_name":"Piston Addict","article_modified_time":"2023-12-20T08:47:16+00:00","og_image":[{"width":2048,"height":1365,"url":"https:\/\/pistonaddict.com\/wp-content\/uploads\/2023\/06\/DSC_0412.jpg","type":"image\/jpeg"}],"twitter_card":"summary_large_image","twitter_misc":{"Est. reading time":"2 minuti"},"schema":{"@context":"https:\/\/schema.org","@graph":[{"@type":"WebPage","@id":"https:\/\/pistonaddict.com\/sl\/product\/audi-r8-v10-red-dynamite\/","url":"https:\/\/pistonaddict.com\/sl\/product\/audi-r8-v10-red-dynamite\/","name":"Audi R8 V10 Red Dynamite dra\u017ebe - Piston Addict","isPartOf":{"@id":"https:\/\/pistonaddict.com\/sl\/#website"},"primaryImageOfPage":{"@id":"https:\/\/pistonaddict.com\/sl\/product\/audi-r8-v10-red-dynamite\/#primaryimage"},"image":{"@id":"https:\/\/pistonaddict.com\/sl\/product\/audi-r8-v10-red-dynamite\/#primaryimage"},"thumbnailUrl":"https:\/\/pistonaddict.com\/wp-content\/uploads\/2023\/06\/DSC_0412.jpg","datePublished":"2023-06-16T13:02:15+00:00","dateModified":"2023-12-20T08:47:16+00:00","description":"Avtomobil, ki je na dra\u017ebi na prodaj, je verjetno eden najzmogljivej\u0161ih modelov v svojem razredu - kultni Audi R8 V10.","breadcrumb":{"@id":"https:\/\/pistonaddict.com\/sl\/product\/audi-r8-v10-red-dynamite\/#breadcrumb"},"inLanguage":"sl-SI","potentialAction":[{"@type":"ReadAction","target":["https:\/\/pistonaddict.com\/sl\/product\/audi-r8-v10-red-dynamite\/"]}]},{"@type":"ImageObject","inLanguage":"sl-SI","@id":"https:\/\/pistonaddict.com\/sl\/product\/audi-r8-v10-red-dynamite\/#primaryimage","url":"https:\/\/pistonaddict.com\/wp-content\/uploads\/2023\/06\/DSC_0412.jpg","contentUrl":"https:\/\/pistonaddict.com\/wp-content\/uploads\/2023\/06\/DSC_0412.jpg","width":2048,"height":1365},{"@type":"BreadcrumbList","@id":"https:\/\/pistonaddict.com\/sl\/product\/audi-r8-v10-red-dynamite\/#breadcrumb","itemListElement":[{"@type":"ListItem","position":1,"name":"Doma\u010da stran","item":"https:\/\/pistonaddict.com\/sl\/domaca-stran-2\/"},{"@type":"ListItem","position":2,"name":"Auctions","item":"https:\/\/pistonaddict.com\/auctions-listing\/"},{"@type":"ListItem","position":3,"name":"Audi R8 V10 Red Dynamite"}]},{"@type":"WebSite","@id":"https:\/\/pistonaddict.com\/sl\/#website","url":"https:\/\/pistonaddict.com\/sl\/","name":"Piston Addict","description":"Only interesting vehicles","publisher":{"@id":"https:\/\/pistonaddict.com\/sl\/#organization"},"potentialAction":[{"@type":"SearchAction","target":{"@type":"EntryPoint","urlTemplate":"https:\/\/pistonaddict.com\/sl\/?s={search_term_string}"},"query-input":"required name=search_term_string"}],"inLanguage":"sl-SI"},{"@type":"Organization","@id":"https:\/\/pistonaddict.com\/sl\/#organization","name":"Piston Addict","url":"https:\/\/pistonaddict.com\/sl\/","logo":{"@type":"ImageObject","inLanguage":"sl-SI","@id":"https:\/\/pistonaddict.com\/sl\/#\/schema\/logo\/image\/","url":"https:\/\/pistonaddict.com\/wp-content\/uploads\/2022\/07\/logo-6.png","contentUrl":"https:\/\/pistonaddict.com\/wp-content\/uploads\/2022\/07\/logo-6.png","width":970,"height":200,"caption":"Piston Addict"},"image":{"@id":"https:\/\/pistonaddict.com\/sl\/#\/schema\/logo\/image\/"}}]}},"_links":{"self":[{"href":"https:\/\/pistonaddict.com\/sl\/wp-json\/wp\/v2\/product\/45984"}],"collection":[{"href":"https:\/\/pistonaddict.com\/sl\/wp-json\/wp\/v2\/product"}],"about":[{"href":"https:\/\/pistonaddict.com\/sl\/wp-json\/wp\/v2\/types\/product"}],"replies":[{"embeddable":true,"href":"https:\/\/pistonaddict.com\/sl\/wp-json\/wp\/v2\/comments?post=45984"}],"wp:featuredmedia":[{"embeddable":true,"href":"https:\/\/pistonaddict.com\/sl\/wp-json\/wp\/v2\/media\/43359"}],"wp:attachment":[{"href":"https:\/\/pistonaddict.com\/sl\/wp-json\/wp\/v2\/media?parent=45984"}],"wp:term":[{"taxonomy":"product_cat","embeddable":true,"href":"https:\/\/pistonaddict.com\/sl\/wp-json\/wp\/v2\/product_cat?post=45984"},{"taxonomy":"product_tag","embeddable":true,"href":"https:\/\/pistonaddict.com\/sl\/wp-json\/wp\/v2\/product_tag?post=45984"}],"curies":[{"name":"wp","href":"https:\/\/api.w.org\/{rel}","templated":true}]}}