{"id":39961,"date":"2023-04-19T17:58:30","date_gmt":"2023-04-19T15:58:30","guid":{"rendered":"https:\/\/pistonaddict.com\/product\/nissan-gtr\/"},"modified":"2024-03-19T17:52:22","modified_gmt":"2024-03-19T16:52:22","slug":"nissan-gtr","status":"publish","type":"product","link":"https:\/\/pistonaddict.com\/sl\/product\/nissan-gtr\/","title":{"rendered":"Nissan GT-R Nismo"},"content":{"rendered":"<h2>Zunanjost<\/h2>\n<p>Od zunaj je ta \u010drno obarvani dvovratni kupe navidezno subtilnega videza uravnote\u017een z agresivnimi podrobnostmi, ki nakazujejo njegov pravi zna\u010daj. Sprednji del ima veliko re\u0161etko in trikotno oblikovane \u017earomete, ki mu dajejo impozantno podobo na cesti. Silhueto vozila GT-R dolo\u010dajo dolg pokrov motorja, po\u0161evna stre\u0161na linija in velik zadnji spojler. Na zadnjem delu prevladujejo Nissanove zna\u010dilne okrogle zadnje lu\u010di. Ker ga je izdelalo podjetje Nismo, se ta GT-R od standardnih modelov razlikuje v ve\u010d podrobnostih. Poleg oznake na mre\u017ei hladilnika vklju\u010duje pove\u010dan sprednji razdelilnik zraka in pokrov prtlja\u017enika iz ogljikovih vlaken. Avtomobil stoji na oprijemljivih Michelinovih pnevmatikah Super Sport Cup 2, name\u0161\u010denih na bronastih 20-pal\u010dnih kolesih, ki jih je izdelalo podjetje Volk Racking.<\/p>\n<h2>Notranjost<\/h2>\n<p>Notranjost vozila GT-R z razporeditvijo sede\u017eev 2+2 razkriva njegovo prakti\u010dnost. Jasno je, da je na zadnjih sede\u017eih le malo prostora in da so primerni le za kratke razdalje. A tudi tako jih je lepo imeti. Sprednji sede\u017ei so druga\u010dna zgodba. V \u010drnem usnju z rde\u010dimi poudarki nudijo prakti\u010dno neomejeno oporo in voznika trdno dr\u017eijo na mestu tudi v najostrej\u0161ih ovinkih. Pogajali so se tudi o trikrakem volanu, prevle\u010denem v bru\u0161eno usnje z rde\u010dimi \u0161ivi. Za njim je instrumentna plo\u0161\u010da, na kateri prevladuje merilnik vrtljajev, ki se vrti do 8.000 vrtljajev na minuto. Druge \u0161tevil\u010dnice vklju\u010dujejo merilnik hitrosti ter merilnika temperature motorja in nivoja goriva. Na sredini je name\u0161\u010den tudi zaslon, ki prikazuje parametre, podobne dirkalnim, kot so pospe\u0161ek ali bo\u010dne sile.<\/p>\n<h2>Mehanika<\/h2>\n<p>\u010ceprav je Nissan GT-R osupljivega videza, je v resnici najbolj fascinanten zaradi mehanske osnove pod ko\u017eo. Prvi je motor, 3,8-litrski V6 z dvema turbinama, ki so ga z najve\u010djo mo\u017eno natan\u010dnostjo ro\u010dno izdelali Nissanovi najbolj\u0161i tehniki. Poleg tega je vsak od njih nastavljen na najve\u010djo mo\u017eno mero, zato se mo\u010d posameznega avtomobila razlikuje. S 750 konjskimi mo\u010dmi na pipi je mo\u010d nekaj, \u010desar ima ta GT-R na pretek. Potem je tu \u0161eststopenjski samodejni menjalnik z dvojno sklopko, ki je zaradi bolj\u0161e porazdelitve te\u017ee name\u0161\u010den zadaj. Prav tako je ro\u010dno izdelan in povezan z motorjem, da je prestavljanje \u010dim hitrej\u0161e. Vsa ta izjemna mo\u010d se u\u010dinkovito prena\u0161a na podlago prek zapletenega sistema pogona na vsa kolesa. Z vsem tem Nissan GT-R pospe\u0161i od 0 do 60 v samo 2,5 sekunde in dose\u017ee najve\u010djo hitrost 205 MPH.<\/p>\n<h2>Zgodovina vozila<\/h2>\n<p>\u010ceprav je vsak Nissan GT-R z ro\u010dno izdelano mehaniko in prilagojeno nastavitvijo po svoje edinstven, je ta model \u0161e bolj poseben. To je bil prvi model z levim pogonom, ki ga je izdelal Nismo, Nissanov lastni dirka\u0161ki oddelek, izdelan osebno za takratnega predsednika Renaultove ekipe Formule 1. Po navedbah prodajalca je avto kot nov, prevo\u017eenih je bilo 2.703 milj in se trenutno nahaja v Zdru\u017eenem kraljestvu.<\/p>\n","protected":false},"excerpt":{"rendered":"<p>Legendarni Nissan GT-R je eden najbolj kultnih in za\u017eelenih avtomobilov iz de\u017eele vzhajajo\u010dega sonca. Ta cestna po\u0161ast z mogo\u010dnim motorjem V6 s turbinskim polnilnikom in dovr\u0161enim \u0161tirikolesnim pogonom voznike navdu\u0161uje s svojo hitrostjo in vodljivostjo, za katero se zdi, da nasprotuje zakonom fizike. Toda ta model iz leta 2016, ki je naprodaj pri profesionalnem prodajalcu, ni obi\u010dajen GT-R. Namesto tega si ogledate avto GT-R Nismo, ki je namenjen dirkali\u0161\u010dem in podira rekorde. Do zdaj je prevozil le 2700 kilometrov in ne \u010daka na novega lastnika.<\/p>\n","protected":false},"featured_media":39386,"comment_status":"open","ping_status":"closed","template":"","meta":{"inline_featured_image":false},"product_cat":[700],"product_tag":[1699,904,1694,1690],"acf":[],"yoast_head":"<!-- This site is optimized with the Yoast SEO plugin v22.5 - https:\/\/yoast.com\/wordpress\/plugins\/seo\/ -->\n<title>Nissan GT-R Nismo dra\u017ebe - Piston Addict<\/title>\n<meta name=\"description\" content=\"Oglejte si ta Nissan GT-R Nismo za prodajo na dra\u017ebi na PistonAddict.com\" \/>\n<meta name=\"robots\" content=\"index, follow, max-snippet:-1, max-image-preview:large, max-video-preview:-1\" \/>\n<link rel=\"canonical\" href=\"https:\/\/pistonaddict.com\/sl\/product\/nissan-gtr\/\" \/>\n<meta property=\"og:locale\" content=\"sl_SI\" \/>\n<meta property=\"og:type\" content=\"article\" \/>\n<meta property=\"og:title\" content=\"Nissan GT-R Nismo dra\u017ebe - Piston Addict\" \/>\n<meta property=\"og:description\" content=\"Oglejte si ta Nissan GT-R Nismo za prodajo na dra\u017ebi na PistonAddict.com\" \/>\n<meta property=\"og:url\" content=\"https:\/\/pistonaddict.com\/sl\/product\/nissan-gtr\/\" \/>\n<meta property=\"og:site_name\" content=\"Piston Addict\" \/>\n<meta property=\"article:modified_time\" content=\"2024-03-19T16:52:22+00:00\" \/>\n<meta property=\"og:image\" content=\"https:\/\/pistonaddict.com\/wp-content\/uploads\/2023\/04\/LuxurycarLondonApril11PistonAddict_0497-scaled.jpg\" \/>\n\t<meta property=\"og:image:width\" content=\"2560\" \/>\n\t<meta property=\"og:image:height\" content=\"1972\" \/>\n\t<meta property=\"og:image:type\" content=\"image\/jpeg\" \/>\n<meta name=\"twitter:card\" content=\"summary_large_image\" \/>\n<meta name=\"twitter:label1\" content=\"Est. reading time\" \/>\n\t<meta name=\"twitter:data1\" content=\"2 minuti\" \/>\n<script type=\"application\/ld+json\" class=\"yoast-schema-graph\">{\"@context\":\"https:\/\/schema.org\",\"@graph\":[{\"@type\":\"WebPage\",\"@id\":\"https:\/\/pistonaddict.com\/sl\/product\/nissan-gtr\/\",\"url\":\"https:\/\/pistonaddict.com\/sl\/product\/nissan-gtr\/\",\"name\":\"Nissan GT-R Nismo dra\u017ebe - Piston Addict\",\"isPartOf\":{\"@id\":\"https:\/\/pistonaddict.com\/sl\/#website\"},\"primaryImageOfPage\":{\"@id\":\"https:\/\/pistonaddict.com\/sl\/product\/nissan-gtr\/#primaryimage\"},\"image\":{\"@id\":\"https:\/\/pistonaddict.com\/sl\/product\/nissan-gtr\/#primaryimage\"},\"thumbnailUrl\":\"https:\/\/pistonaddict.com\/wp-content\/uploads\/2023\/04\/LuxurycarLondonApril11PistonAddict_0497-scaled.jpg\",\"datePublished\":\"2023-04-19T15:58:30+00:00\",\"dateModified\":\"2024-03-19T16:52:22+00:00\",\"description\":\"Oglejte si ta Nissan GT-R Nismo za prodajo na dra\u017ebi na PistonAddict.com\",\"breadcrumb\":{\"@id\":\"https:\/\/pistonaddict.com\/sl\/product\/nissan-gtr\/#breadcrumb\"},\"inLanguage\":\"sl-SI\",\"potentialAction\":[{\"@type\":\"ReadAction\",\"target\":[\"https:\/\/pistonaddict.com\/sl\/product\/nissan-gtr\/\"]}]},{\"@type\":\"ImageObject\",\"inLanguage\":\"sl-SI\",\"@id\":\"https:\/\/pistonaddict.com\/sl\/product\/nissan-gtr\/#primaryimage\",\"url\":\"https:\/\/pistonaddict.com\/wp-content\/uploads\/2023\/04\/LuxurycarLondonApril11PistonAddict_0497-scaled.jpg\",\"contentUrl\":\"https:\/\/pistonaddict.com\/wp-content\/uploads\/2023\/04\/LuxurycarLondonApril11PistonAddict_0497-scaled.jpg\",\"width\":2560,\"height\":1972},{\"@type\":\"BreadcrumbList\",\"@id\":\"https:\/\/pistonaddict.com\/sl\/product\/nissan-gtr\/#breadcrumb\",\"itemListElement\":[{\"@type\":\"ListItem\",\"position\":1,\"name\":\"Doma\u010da stran\",\"item\":\"https:\/\/pistonaddict.com\/sl\/domaca-stran-2\/\"},{\"@type\":\"ListItem\",\"position\":2,\"name\":\"Auctions\",\"item\":\"https:\/\/pistonaddict.com\/auctions-listing\/\"},{\"@type\":\"ListItem\",\"position\":3,\"name\":\"Nissan GT-R Nismo\"}]},{\"@type\":\"WebSite\",\"@id\":\"https:\/\/pistonaddict.com\/sl\/#website\",\"url\":\"https:\/\/pistonaddict.com\/sl\/\",\"name\":\"Piston Addict\",\"description\":\"Only interesting vehicles\",\"publisher\":{\"@id\":\"https:\/\/pistonaddict.com\/sl\/#organization\"},\"potentialAction\":[{\"@type\":\"SearchAction\",\"target\":{\"@type\":\"EntryPoint\",\"urlTemplate\":\"https:\/\/pistonaddict.com\/sl\/?s={search_term_string}\"},\"query-input\":\"required name=search_term_string\"}],\"inLanguage\":\"sl-SI\"},{\"@type\":\"Organization\",\"@id\":\"https:\/\/pistonaddict.com\/sl\/#organization\",\"name\":\"Piston Addict\",\"url\":\"https:\/\/pistonaddict.com\/sl\/\",\"logo\":{\"@type\":\"ImageObject\",\"inLanguage\":\"sl-SI\",\"@id\":\"https:\/\/pistonaddict.com\/sl\/#\/schema\/logo\/image\/\",\"url\":\"https:\/\/pistonaddict.com\/wp-content\/uploads\/2022\/07\/logo-6.png\",\"contentUrl\":\"https:\/\/pistonaddict.com\/wp-content\/uploads\/2022\/07\/logo-6.png\",\"width\":970,\"height\":200,\"caption\":\"Piston Addict\"},\"image\":{\"@id\":\"https:\/\/pistonaddict.com\/sl\/#\/schema\/logo\/image\/\"}}]}<\/script>\n<!-- \/ Yoast SEO plugin. -->","yoast_head_json":{"title":"Nissan GT-R Nismo dra\u017ebe - Piston Addict","description":"Oglejte si ta Nissan GT-R Nismo za prodajo na dra\u017ebi na PistonAddict.com","robots":{"index":"index","follow":"follow","max-snippet":"max-snippet:-1","max-image-preview":"max-image-preview:large","max-video-preview":"max-video-preview:-1"},"canonical":"https:\/\/pistonaddict.com\/sl\/product\/nissan-gtr\/","og_locale":"sl_SI","og_type":"article","og_title":"Nissan GT-R Nismo dra\u017ebe - Piston Addict","og_description":"Oglejte si ta Nissan GT-R Nismo za prodajo na dra\u017ebi na PistonAddict.com","og_url":"https:\/\/pistonaddict.com\/sl\/product\/nissan-gtr\/","og_site_name":"Piston Addict","article_modified_time":"2024-03-19T16:52:22+00:00","og_image":[{"width":2560,"height":1972,"url":"https:\/\/pistonaddict.com\/wp-content\/uploads\/2023\/04\/LuxurycarLondonApril11PistonAddict_0497-scaled.jpg","type":"image\/jpeg"}],"twitter_card":"summary_large_image","twitter_misc":{"Est. reading time":"2 minuti"},"schema":{"@context":"https:\/\/schema.org","@graph":[{"@type":"WebPage","@id":"https:\/\/pistonaddict.com\/sl\/product\/nissan-gtr\/","url":"https:\/\/pistonaddict.com\/sl\/product\/nissan-gtr\/","name":"Nissan GT-R Nismo dra\u017ebe - Piston Addict","isPartOf":{"@id":"https:\/\/pistonaddict.com\/sl\/#website"},"primaryImageOfPage":{"@id":"https:\/\/pistonaddict.com\/sl\/product\/nissan-gtr\/#primaryimage"},"image":{"@id":"https:\/\/pistonaddict.com\/sl\/product\/nissan-gtr\/#primaryimage"},"thumbnailUrl":"https:\/\/pistonaddict.com\/wp-content\/uploads\/2023\/04\/LuxurycarLondonApril11PistonAddict_0497-scaled.jpg","datePublished":"2023-04-19T15:58:30+00:00","dateModified":"2024-03-19T16:52:22+00:00","description":"Oglejte si ta Nissan GT-R Nismo za prodajo na dra\u017ebi na PistonAddict.com","breadcrumb":{"@id":"https:\/\/pistonaddict.com\/sl\/product\/nissan-gtr\/#breadcrumb"},"inLanguage":"sl-SI","potentialAction":[{"@type":"ReadAction","target":["https:\/\/pistonaddict.com\/sl\/product\/nissan-gtr\/"]}]},{"@type":"ImageObject","inLanguage":"sl-SI","@id":"https:\/\/pistonaddict.com\/sl\/product\/nissan-gtr\/#primaryimage","url":"https:\/\/pistonaddict.com\/wp-content\/uploads\/2023\/04\/LuxurycarLondonApril11PistonAddict_0497-scaled.jpg","contentUrl":"https:\/\/pistonaddict.com\/wp-content\/uploads\/2023\/04\/LuxurycarLondonApril11PistonAddict_0497-scaled.jpg","width":2560,"height":1972},{"@type":"BreadcrumbList","@id":"https:\/\/pistonaddict.com\/sl\/product\/nissan-gtr\/#breadcrumb","itemListElement":[{"@type":"ListItem","position":1,"name":"Doma\u010da stran","item":"https:\/\/pistonaddict.com\/sl\/domaca-stran-2\/"},{"@type":"ListItem","position":2,"name":"Auctions","item":"https:\/\/pistonaddict.com\/auctions-listing\/"},{"@type":"ListItem","position":3,"name":"Nissan GT-R Nismo"}]},{"@type":"WebSite","@id":"https:\/\/pistonaddict.com\/sl\/#website","url":"https:\/\/pistonaddict.com\/sl\/","name":"Piston Addict","description":"Only interesting vehicles","publisher":{"@id":"https:\/\/pistonaddict.com\/sl\/#organization"},"potentialAction":[{"@type":"SearchAction","target":{"@type":"EntryPoint","urlTemplate":"https:\/\/pistonaddict.com\/sl\/?s={search_term_string}"},"query-input":"required name=search_term_string"}],"inLanguage":"sl-SI"},{"@type":"Organization","@id":"https:\/\/pistonaddict.com\/sl\/#organization","name":"Piston Addict","url":"https:\/\/pistonaddict.com\/sl\/","logo":{"@type":"ImageObject","inLanguage":"sl-SI","@id":"https:\/\/pistonaddict.com\/sl\/#\/schema\/logo\/image\/","url":"https:\/\/pistonaddict.com\/wp-content\/uploads\/2022\/07\/logo-6.png","contentUrl":"https:\/\/pistonaddict.com\/wp-content\/uploads\/2022\/07\/logo-6.png","width":970,"height":200,"caption":"Piston Addict"},"image":{"@id":"https:\/\/pistonaddict.com\/sl\/#\/schema\/logo\/image\/"}}]}},"_links":{"self":[{"href":"https:\/\/pistonaddict.com\/sl\/wp-json\/wp\/v2\/product\/39961"}],"collection":[{"href":"https:\/\/pistonaddict.com\/sl\/wp-json\/wp\/v2\/product"}],"about":[{"href":"https:\/\/pistonaddict.com\/sl\/wp-json\/wp\/v2\/types\/product"}],"replies":[{"embeddable":true,"href":"https:\/\/pistonaddict.com\/sl\/wp-json\/wp\/v2\/comments?post=39961"}],"wp:featuredmedia":[{"embeddable":true,"href":"https:\/\/pistonaddict.com\/sl\/wp-json\/wp\/v2\/media\/39386"}],"wp:attachment":[{"href":"https:\/\/pistonaddict.com\/sl\/wp-json\/wp\/v2\/media?parent=39961"}],"wp:term":[{"taxonomy":"product_cat","embeddable":true,"href":"https:\/\/pistonaddict.com\/sl\/wp-json\/wp\/v2\/product_cat?post=39961"},{"taxonomy":"product_tag","embeddable":true,"href":"https:\/\/pistonaddict.com\/sl\/wp-json\/wp\/v2\/product_tag?post=39961"}],"curies":[{"name":"wp","href":"https:\/\/api.w.org\/{rel}","templated":true}]}}