{"id":39215,"date":"2023-04-19T17:31:19","date_gmt":"2023-04-19T15:31:19","guid":{"rendered":"https:\/\/pistonaddict.com\/product\/mclaren-720s\/"},"modified":"2024-03-19T17:51:56","modified_gmt":"2024-03-19T16:51:56","slug":"mclaren-720s","status":"publish","type":"product","link":"https:\/\/pistonaddict.com\/sl\/product\/mclaren-720s\/","title":{"rendered":"McLaren 720S"},"content":{"rendered":"<h2>Zunanjost<\/h2>\n<p>S svetlo oran\u017eno barvo obarvan McLaren 720S, ki je na voljo, bo zagotovo obra\u010dal glave, kjerkoli se bo pojavil. Vendar pa bi bil zaradi osupljivega dizajna, ki ga je navdihnil morski pes, enak tudi v kateri koli drugi barvi. Z agresivnim sprednjim delom, poenostavljeno silhueto in prakti\u010dnimi, a zabavnimi metuljastimi vrati je impresiven z vsakega zornega kota. To vklju\u010duje velike zra\u010dne lopute ob straneh, z mre\u017eo prekrit motorni prostor, ki sveti, ko je v\u017eigalnik vklopljen, in zadnji spojler, ki se ob mo\u010dnem zaviranju dvigne. Za zaviranje poskrbijo masivni kerami\u010dni diski, ki so name\u0161\u010deni za \u010drnimi 19-pal\u010dnimi plati\u0161\u010di s pnevmatikami Pirelli P Zero.<\/p>\n<p>Kljub temu ta dvosede\u017enik ni videti tako, kot je videti samo za razstavo, saj je ve\u010dina oblik karoserije oblikovana za izbolj\u0161anje aerodinamike in ustvarjanje pritiska. Zato McLaren 720S dokazuje, da sta oblika in funkcija lahko v popolni harmoniji.<\/p>\n<h2>Notranjost<\/h2>\n<p>McLarnova notranjost, odeta v alkantaro in ogljikova vlakna, \u0161e dodatno razkriva, kako zelo je ta avtomobil usmerjen na dirkali\u0161\u010de. Prvi je par \u0161portnih sede\u017eev, ki so oblikovani tako, da voznika in sopotnika v ostrih ovinkih trdno priklenejo. Potem je tu trikraki volan, prevle\u010den z usnjem, ki uokvirja digitalno instrumentno plo\u0161\u010do. V standardnem na\u010dinu prikazuje razli\u010dne parametre motorja in vozila, kot sta hitrost in temperatura motorja. Ko pa je vklopljen na\u010din Track, se celoten sklop nagne navzdol in na vrhu prika\u017ee majhen zaslon, ki prikazuje le merilnik vrtljajev, hitrost in izbrano prestavo. Sredinska konzola je redka, vendar funkcionalno opremljena z osnovnimi gumbi in gumbi, ki jih spremlja osrednji zaslon na dotik, usmerjen k vozniku.<\/p>\n<h2>Mehanika<\/h2>\n<p>Pod elegantno in aerodinami\u010dno oblikovano ko\u017eo ima 720S \u0161asijo iz ogljikovih vlaken, ki jo McLaren imenuje MonoCage. Ta struktura, navdihnjena z modelom F1, ni le lahka, temve\u010d tudi izjemno toga, kar zmanj\u0161uje upogibanje karoserije pri sunkovitem zavijanju.<\/p>\n<p>Srce vsakega super\u0161portnega avtomobila je motor, ki je pri McLarnu name\u0161\u010den tik za sede\u017ei. V tovarni\u0161ki razli\u010dici ima V8 z dvema turbinama 720 konjskih mo\u010di, kar je tudi ime avtomobila, in neverjetnih 770 Nm navora. Mo\u010d se prena\u0161a na zadnji kolesi prek hitrega 7-stopenjskega menjalnika z dvojno sklopko.<\/p>\n<p>Vse to v avtomobilu, ki tehta le 1.400 kilogramov, je ve\u010d kot dovolj za odli\u010dno vodljivost in zmogljivost. V \u0161tevilkah to pomeni pospe\u0161ek od 0 do 100 v 2,9 sekunde in najve\u010djo hitrost 212 kilometrov na uro. Vendar to ni obi\u010dajen, tovarni\u0161ko nastavljen McLaren 720S. Namesto tega mu je lastnik namestil nastavitev Litchfield Custom Tune, s katero je mo\u010d motorja pove\u010dal na 800 konjskih mo\u010di.<\/p>\n<h2>Zgodovina vozila<\/h2>\n<p>Prodajalec navaja, da so bila vsa vzdr\u017eevalna dela opravljena redno, zadnji servis pa je bil opravljen oktobra 2022. Trenutno na armaturni plo\u0161\u010di ni nobenih znanih napak ali opozoril. Poleg tega po prilo\u017eenih fotografijah sode\u010d ni nobenih karoserijskih pomanjkljivosti, o katerih bi bilo treba poro\u010dati.<\/p>\n","protected":false},"excerpt":{"rendered":"<p>Tu je naprodaj McLaren 720S, verjetno eden najzmogljivej\u0161ih avtomobilov v svojem razredu. S turbinskim motorjem V8 in najsodobnej\u0161im vzmetenjem je ta kupe izjemno hiter na ravnini in v ovinkih. McLaren 720S iz leta 2017 je po navedbah profesionalnega prodajalca, ki ga prodaja na dra\u017ebi, brezhiben, v celoti servisiran in ni bil udele\u017een v nobeni nesre\u010di. Do zdaj je prevozil nekaj ve\u010d kot 4.000 kilometrov in se trenutno nahaja v Zdru\u017eenem kraljestvu.<\/p>\n","protected":false},"featured_media":39166,"comment_status":"open","ping_status":"closed","template":"","meta":{"inline_featured_image":false},"product_cat":[700],"product_tag":[1617,1613,904,1609],"acf":[],"yoast_head":"<!-- This site is optimized with the Yoast SEO plugin v22.5 - https:\/\/yoast.com\/wordpress\/plugins\/seo\/ -->\n<title>McLaren 720S dra\u017ebe - Piston Addict<\/title>\n<meta name=\"description\" content=\"Oglejte si ta McLaren 720S za prodajo na dra\u017ebi na PistonAddict.com\" \/>\n<meta name=\"robots\" content=\"index, follow, max-snippet:-1, max-image-preview:large, max-video-preview:-1\" \/>\n<link rel=\"canonical\" href=\"https:\/\/pistonaddict.com\/sl\/product\/mclaren-720s\/\" \/>\n<meta property=\"og:locale\" content=\"sl_SI\" \/>\n<meta property=\"og:type\" content=\"article\" \/>\n<meta property=\"og:title\" content=\"McLaren 720S dra\u017ebe - Piston Addict\" \/>\n<meta property=\"og:description\" content=\"Oglejte si ta McLaren 720S za prodajo na dra\u017ebi na PistonAddict.com\" \/>\n<meta property=\"og:url\" content=\"https:\/\/pistonaddict.com\/sl\/product\/mclaren-720s\/\" \/>\n<meta property=\"og:site_name\" content=\"Piston Addict\" \/>\n<meta property=\"article:modified_time\" content=\"2024-03-19T16:51:56+00:00\" \/>\n<meta property=\"og:image\" content=\"https:\/\/pistonaddict.com\/wp-content\/uploads\/2023\/04\/LuxurycarLondonApril11PistonAddict_0851-scaled.jpg\" \/>\n\t<meta property=\"og:image:width\" content=\"2560\" \/>\n\t<meta property=\"og:image:height\" content=\"1534\" \/>\n\t<meta property=\"og:image:type\" content=\"image\/jpeg\" \/>\n<meta name=\"twitter:card\" content=\"summary_large_image\" \/>\n<meta name=\"twitter:label1\" content=\"Est. reading time\" \/>\n\t<meta name=\"twitter:data1\" content=\"2 minuti\" \/>\n<script type=\"application\/ld+json\" class=\"yoast-schema-graph\">{\"@context\":\"https:\/\/schema.org\",\"@graph\":[{\"@type\":\"WebPage\",\"@id\":\"https:\/\/pistonaddict.com\/sl\/product\/mclaren-720s\/\",\"url\":\"https:\/\/pistonaddict.com\/sl\/product\/mclaren-720s\/\",\"name\":\"McLaren 720S dra\u017ebe - Piston Addict\",\"isPartOf\":{\"@id\":\"https:\/\/pistonaddict.com\/sl\/#website\"},\"primaryImageOfPage\":{\"@id\":\"https:\/\/pistonaddict.com\/sl\/product\/mclaren-720s\/#primaryimage\"},\"image\":{\"@id\":\"https:\/\/pistonaddict.com\/sl\/product\/mclaren-720s\/#primaryimage\"},\"thumbnailUrl\":\"https:\/\/pistonaddict.com\/wp-content\/uploads\/2023\/04\/LuxurycarLondonApril11PistonAddict_0851-scaled.jpg\",\"datePublished\":\"2023-04-19T15:31:19+00:00\",\"dateModified\":\"2024-03-19T16:51:56+00:00\",\"description\":\"Oglejte si ta McLaren 720S za prodajo na dra\u017ebi na PistonAddict.com\",\"breadcrumb\":{\"@id\":\"https:\/\/pistonaddict.com\/sl\/product\/mclaren-720s\/#breadcrumb\"},\"inLanguage\":\"sl-SI\",\"potentialAction\":[{\"@type\":\"ReadAction\",\"target\":[\"https:\/\/pistonaddict.com\/sl\/product\/mclaren-720s\/\"]}]},{\"@type\":\"ImageObject\",\"inLanguage\":\"sl-SI\",\"@id\":\"https:\/\/pistonaddict.com\/sl\/product\/mclaren-720s\/#primaryimage\",\"url\":\"https:\/\/pistonaddict.com\/wp-content\/uploads\/2023\/04\/LuxurycarLondonApril11PistonAddict_0851-scaled.jpg\",\"contentUrl\":\"https:\/\/pistonaddict.com\/wp-content\/uploads\/2023\/04\/LuxurycarLondonApril11PistonAddict_0851-scaled.jpg\",\"width\":2560,\"height\":1534},{\"@type\":\"BreadcrumbList\",\"@id\":\"https:\/\/pistonaddict.com\/sl\/product\/mclaren-720s\/#breadcrumb\",\"itemListElement\":[{\"@type\":\"ListItem\",\"position\":1,\"name\":\"Doma\u010da stran\",\"item\":\"https:\/\/pistonaddict.com\/sl\/domaca-stran-2\/\"},{\"@type\":\"ListItem\",\"position\":2,\"name\":\"Auctions\",\"item\":\"https:\/\/pistonaddict.com\/auctions-listing\/\"},{\"@type\":\"ListItem\",\"position\":3,\"name\":\"McLaren 720S\"}]},{\"@type\":\"WebSite\",\"@id\":\"https:\/\/pistonaddict.com\/sl\/#website\",\"url\":\"https:\/\/pistonaddict.com\/sl\/\",\"name\":\"Piston Addict\",\"description\":\"Only interesting vehicles\",\"publisher\":{\"@id\":\"https:\/\/pistonaddict.com\/sl\/#organization\"},\"potentialAction\":[{\"@type\":\"SearchAction\",\"target\":{\"@type\":\"EntryPoint\",\"urlTemplate\":\"https:\/\/pistonaddict.com\/sl\/?s={search_term_string}\"},\"query-input\":\"required name=search_term_string\"}],\"inLanguage\":\"sl-SI\"},{\"@type\":\"Organization\",\"@id\":\"https:\/\/pistonaddict.com\/sl\/#organization\",\"name\":\"Piston Addict\",\"url\":\"https:\/\/pistonaddict.com\/sl\/\",\"logo\":{\"@type\":\"ImageObject\",\"inLanguage\":\"sl-SI\",\"@id\":\"https:\/\/pistonaddict.com\/sl\/#\/schema\/logo\/image\/\",\"url\":\"https:\/\/pistonaddict.com\/wp-content\/uploads\/2022\/07\/logo-6.png\",\"contentUrl\":\"https:\/\/pistonaddict.com\/wp-content\/uploads\/2022\/07\/logo-6.png\",\"width\":970,\"height\":200,\"caption\":\"Piston Addict\"},\"image\":{\"@id\":\"https:\/\/pistonaddict.com\/sl\/#\/schema\/logo\/image\/\"}}]}<\/script>\n<!-- \/ Yoast SEO plugin. -->","yoast_head_json":{"title":"McLaren 720S dra\u017ebe - Piston Addict","description":"Oglejte si ta McLaren 720S za prodajo na dra\u017ebi na PistonAddict.com","robots":{"index":"index","follow":"follow","max-snippet":"max-snippet:-1","max-image-preview":"max-image-preview:large","max-video-preview":"max-video-preview:-1"},"canonical":"https:\/\/pistonaddict.com\/sl\/product\/mclaren-720s\/","og_locale":"sl_SI","og_type":"article","og_title":"McLaren 720S dra\u017ebe - Piston Addict","og_description":"Oglejte si ta McLaren 720S za prodajo na dra\u017ebi na PistonAddict.com","og_url":"https:\/\/pistonaddict.com\/sl\/product\/mclaren-720s\/","og_site_name":"Piston Addict","article_modified_time":"2024-03-19T16:51:56+00:00","og_image":[{"width":2560,"height":1534,"url":"https:\/\/pistonaddict.com\/wp-content\/uploads\/2023\/04\/LuxurycarLondonApril11PistonAddict_0851-scaled.jpg","type":"image\/jpeg"}],"twitter_card":"summary_large_image","twitter_misc":{"Est. reading time":"2 minuti"},"schema":{"@context":"https:\/\/schema.org","@graph":[{"@type":"WebPage","@id":"https:\/\/pistonaddict.com\/sl\/product\/mclaren-720s\/","url":"https:\/\/pistonaddict.com\/sl\/product\/mclaren-720s\/","name":"McLaren 720S dra\u017ebe - Piston Addict","isPartOf":{"@id":"https:\/\/pistonaddict.com\/sl\/#website"},"primaryImageOfPage":{"@id":"https:\/\/pistonaddict.com\/sl\/product\/mclaren-720s\/#primaryimage"},"image":{"@id":"https:\/\/pistonaddict.com\/sl\/product\/mclaren-720s\/#primaryimage"},"thumbnailUrl":"https:\/\/pistonaddict.com\/wp-content\/uploads\/2023\/04\/LuxurycarLondonApril11PistonAddict_0851-scaled.jpg","datePublished":"2023-04-19T15:31:19+00:00","dateModified":"2024-03-19T16:51:56+00:00","description":"Oglejte si ta McLaren 720S za prodajo na dra\u017ebi na PistonAddict.com","breadcrumb":{"@id":"https:\/\/pistonaddict.com\/sl\/product\/mclaren-720s\/#breadcrumb"},"inLanguage":"sl-SI","potentialAction":[{"@type":"ReadAction","target":["https:\/\/pistonaddict.com\/sl\/product\/mclaren-720s\/"]}]},{"@type":"ImageObject","inLanguage":"sl-SI","@id":"https:\/\/pistonaddict.com\/sl\/product\/mclaren-720s\/#primaryimage","url":"https:\/\/pistonaddict.com\/wp-content\/uploads\/2023\/04\/LuxurycarLondonApril11PistonAddict_0851-scaled.jpg","contentUrl":"https:\/\/pistonaddict.com\/wp-content\/uploads\/2023\/04\/LuxurycarLondonApril11PistonAddict_0851-scaled.jpg","width":2560,"height":1534},{"@type":"BreadcrumbList","@id":"https:\/\/pistonaddict.com\/sl\/product\/mclaren-720s\/#breadcrumb","itemListElement":[{"@type":"ListItem","position":1,"name":"Doma\u010da stran","item":"https:\/\/pistonaddict.com\/sl\/domaca-stran-2\/"},{"@type":"ListItem","position":2,"name":"Auctions","item":"https:\/\/pistonaddict.com\/auctions-listing\/"},{"@type":"ListItem","position":3,"name":"McLaren 720S"}]},{"@type":"WebSite","@id":"https:\/\/pistonaddict.com\/sl\/#website","url":"https:\/\/pistonaddict.com\/sl\/","name":"Piston Addict","description":"Only interesting vehicles","publisher":{"@id":"https:\/\/pistonaddict.com\/sl\/#organization"},"potentialAction":[{"@type":"SearchAction","target":{"@type":"EntryPoint","urlTemplate":"https:\/\/pistonaddict.com\/sl\/?s={search_term_string}"},"query-input":"required name=search_term_string"}],"inLanguage":"sl-SI"},{"@type":"Organization","@id":"https:\/\/pistonaddict.com\/sl\/#organization","name":"Piston Addict","url":"https:\/\/pistonaddict.com\/sl\/","logo":{"@type":"ImageObject","inLanguage":"sl-SI","@id":"https:\/\/pistonaddict.com\/sl\/#\/schema\/logo\/image\/","url":"https:\/\/pistonaddict.com\/wp-content\/uploads\/2022\/07\/logo-6.png","contentUrl":"https:\/\/pistonaddict.com\/wp-content\/uploads\/2022\/07\/logo-6.png","width":970,"height":200,"caption":"Piston Addict"},"image":{"@id":"https:\/\/pistonaddict.com\/sl\/#\/schema\/logo\/image\/"}}]}},"_links":{"self":[{"href":"https:\/\/pistonaddict.com\/sl\/wp-json\/wp\/v2\/product\/39215"}],"collection":[{"href":"https:\/\/pistonaddict.com\/sl\/wp-json\/wp\/v2\/product"}],"about":[{"href":"https:\/\/pistonaddict.com\/sl\/wp-json\/wp\/v2\/types\/product"}],"replies":[{"embeddable":true,"href":"https:\/\/pistonaddict.com\/sl\/wp-json\/wp\/v2\/comments?post=39215"}],"wp:featuredmedia":[{"embeddable":true,"href":"https:\/\/pistonaddict.com\/sl\/wp-json\/wp\/v2\/media\/39166"}],"wp:attachment":[{"href":"https:\/\/pistonaddict.com\/sl\/wp-json\/wp\/v2\/media?parent=39215"}],"wp:term":[{"taxonomy":"product_cat","embeddable":true,"href":"https:\/\/pistonaddict.com\/sl\/wp-json\/wp\/v2\/product_cat?post=39215"},{"taxonomy":"product_tag","embeddable":true,"href":"https:\/\/pistonaddict.com\/sl\/wp-json\/wp\/v2\/product_tag?post=39215"}],"curies":[{"name":"wp","href":"https:\/\/api.w.org\/{rel}","templated":true}]}}