{"id":37936,"date":"2023-04-19T16:55:04","date_gmt":"2023-04-19T14:55:04","guid":{"rendered":"https:\/\/pistonaddict.com\/product\/ferrari-412\/"},"modified":"2024-03-19T17:51:56","modified_gmt":"2024-03-19T16:51:56","slug":"ferrari-412","status":"publish","type":"product","link":"https:\/\/pistonaddict.com\/sl\/product\/ferrari-412\/","title":{"rendered":"Ferrari 412"},"content":{"rendered":"<p><strong>Zgodovina avtomobila<\/strong><\/p>\n<p>Ferrari 412 je bil predstavljen leta 1985 kot vrhunski model GT, ki je ponujal prostor za \u0161tiri potnike in prostoren prtlja\u017enik. Poganja ga klasi\u010dni motor Colombo V12 s prostornino 4,9 litra in predstavlja eno zadnjih izvedb klasi\u010dnega obdobja Ferrarija GT. S 340 KM, ki prek Borg-Warnerjevega samodejnega menjalnika poganja zadnji kolesi, lahko ta Ferrari 412 dose\u017ee 100 km\/h v samo 6,5 sekunde in pospe\u0161i do najve\u010dje hitrosti 260 km\/h. Ta primerek je eden zadnjih izdelanih, ki je bil prvemu lastniku dobavljen novembra 1988. Proizvodnja se je kon\u010dala leta 1989, ko je bilo dobavljenih 576 avtomobilov, od tega le 306 s samodejnim menjalnikom. Zadnji servis je bil opravljen aprila 2021, od takrat pa je bilo vozilo komajda uporabljeno.<\/p>\n<p><strong>Stanje avtomobila<\/strong><\/p>\n<p>Ta elegantni GT je tako privla\u010den zaradi svojega stanja. Z manj kot 37.000 prevo\u017eenimi kilometri je odli\u010dno ohranjen primerek Ferrarijeve elegance iz 80. let. Avtomobil ni bil nikoli obnovljen in je v izjemnem originalnem stanju, vse do originalnih plati\u0161\u010d, kompleta za orodje (cenjena podrobnost med zbiratelji Ferrarija) in tovarni\u0161ko pravilnih pnevmatik, ki so danes precej nenavadne. Ta Ferrari 412 je bil ustrezno vzdr\u017eevan in gara\u017eiran, kar je eden od razlogov, da je videti kot nov. Na podvozju ni pu\u0161\u010danja olja, motorni prostor je urejen, vsi originalni \u017eigi in oznake pa so prisotni.<\/p>\n<p><strong>Notranjost<\/strong><\/p>\n<p>Notranjost tega Ferrarija 412 iz leta 1988 je po pri\u010dakovanjih prekrita z usnjem, posebej privla\u010dna pa je barvna kombinacija \u010drne zunanjosti z rjavimi sede\u017ei. Ni vidnih po\u0161kodb, sede\u017ei, vratne kartice in armaturna plo\u0161\u010da pa so v brezhibnem stanju. Seveda je notranjost luksuznega GT, kar ta Ferrari 412 vsekakor je, polna udobja, dodatne opreme in delujo\u010de klimatske naprave. Edina stvar, ki ni originalna, je glavna enota avdio sistema, ki je zamenjana s sodobno.<\/p>\n<p><strong>Zunanjost in kolesa<\/strong><\/p>\n<p>Vsi zunanji okrasni deli, letve in plasti\u010dni elementi so videti v popolni kondiciji in brez rje, kot bi lahko pri\u010dakovali od vozila, za katerega je bilo dobro poskrbljeno. Na vozilu ni prask ali udarcev, barva pa je v odli\u010dnem stanju. Zanimivo je, da je avto ohranil originalna plati\u0161\u010da in gume TRX, ki jih je imel, ko je bil nov. Nekateri lastniki Ferrarija 412 so zamenjali plati\u0161\u010da z modernej\u0161imi, saj je pnevmatike TRX te\u017eko najti, vendar je lastnik tega primerka ostal zvest prvotnim specifikacijam, kar je lep dotik in ka\u017ee, kako dobro je bilo za avtomobil poskrbljeno.<\/p>\n<p><strong>Dokumentacija<\/strong><\/p>\n<p>To je vozilo v zasebni lasti z ustrezno dokumentacijo, ki se nahaja v Londonu v Zdru\u017eenem kraljestvu. Poro\u010dilo CarVertical je \u010disto; ni dokazov o nesre\u010dah, popravilih zaradi nesre\u010d ali pravnih te\u017eavah. Obstajajo zapisi o rednem vzdr\u017eevanju.<\/p>\n","protected":false},"excerpt":{"rendered":"<p>Ferrarijevi avtomobili V12 GT so bili vedno vzvi\u0161eni vozni stroji, ki so bili sposobni z veliko hitrostjo preskakovati celine in zagotavljati impresivno udobje, in ni\u010d druga\u010de ni pri tem modelu 412 iz leta 1988. Za\u017eeleni pozni model ima vse sestavine odli\u010dne nalo\u017ebe Ferrari z zmogljivim motorjem V12, popolno barvno kombinacijo in brezhibnim stanjem z le 37.000 prevo\u017eenimi kilometri od novega.<\/p>\n","protected":false},"featured_media":37887,"comment_status":"open","ping_status":"closed","template":"","meta":{"inline_featured_image":false},"product_cat":[700],"product_tag":[1538,1546,904,1543],"acf":[],"yoast_head":"<!-- This site is optimized with the Yoast SEO plugin v22.5 - https:\/\/yoast.com\/wordpress\/plugins\/seo\/ -->\n<title>Ferrari 412 dra\u017ebe - Piston Addict<\/title>\n<meta name=\"description\" content=\"Oglejte si ta Ferrari 412 za prodajo na dra\u017ebi na PistonAddict.com s samodejnim menjalnikom in le 36 971 km.\" \/>\n<meta name=\"robots\" content=\"index, follow, max-snippet:-1, max-image-preview:large, max-video-preview:-1\" \/>\n<link rel=\"canonical\" href=\"https:\/\/pistonaddict.com\/sl\/product\/ferrari-412\/\" \/>\n<meta property=\"og:locale\" content=\"sl_SI\" \/>\n<meta property=\"og:type\" content=\"article\" \/>\n<meta property=\"og:title\" content=\"Ferrari 412 dra\u017ebe - Piston Addict\" \/>\n<meta property=\"og:description\" content=\"Oglejte si ta Ferrari 412 za prodajo na dra\u017ebi na PistonAddict.com s samodejnim menjalnikom in le 36 971 km.\" \/>\n<meta property=\"og:url\" content=\"https:\/\/pistonaddict.com\/sl\/product\/ferrari-412\/\" \/>\n<meta property=\"og:site_name\" content=\"Piston Addict\" \/>\n<meta property=\"article:modified_time\" content=\"2024-03-19T16:51:56+00:00\" \/>\n<meta property=\"og:image\" content=\"https:\/\/pistonaddict.com\/wp-content\/uploads\/2023\/04\/LuxurycarLondonApril11PistonAddict_0358-scaled.jpg\" \/>\n\t<meta property=\"og:image:width\" content=\"2560\" \/>\n\t<meta property=\"og:image:height\" content=\"1737\" \/>\n\t<meta property=\"og:image:type\" content=\"image\/jpeg\" \/>\n<meta name=\"twitter:card\" content=\"summary_large_image\" \/>\n<meta name=\"twitter:label1\" content=\"Est. reading time\" \/>\n\t<meta name=\"twitter:data1\" content=\"2 minuti\" \/>\n<script type=\"application\/ld+json\" class=\"yoast-schema-graph\">{\"@context\":\"https:\/\/schema.org\",\"@graph\":[{\"@type\":\"WebPage\",\"@id\":\"https:\/\/pistonaddict.com\/sl\/product\/ferrari-412\/\",\"url\":\"https:\/\/pistonaddict.com\/sl\/product\/ferrari-412\/\",\"name\":\"Ferrari 412 dra\u017ebe - Piston Addict\",\"isPartOf\":{\"@id\":\"https:\/\/pistonaddict.com\/sl\/#website\"},\"primaryImageOfPage\":{\"@id\":\"https:\/\/pistonaddict.com\/sl\/product\/ferrari-412\/#primaryimage\"},\"image\":{\"@id\":\"https:\/\/pistonaddict.com\/sl\/product\/ferrari-412\/#primaryimage\"},\"thumbnailUrl\":\"https:\/\/pistonaddict.com\/wp-content\/uploads\/2023\/04\/LuxurycarLondonApril11PistonAddict_0358-scaled.jpg\",\"datePublished\":\"2023-04-19T14:55:04+00:00\",\"dateModified\":\"2024-03-19T16:51:56+00:00\",\"description\":\"Oglejte si ta Ferrari 412 za prodajo na dra\u017ebi na PistonAddict.com s samodejnim menjalnikom in le 36 971 km.\",\"breadcrumb\":{\"@id\":\"https:\/\/pistonaddict.com\/sl\/product\/ferrari-412\/#breadcrumb\"},\"inLanguage\":\"sl-SI\",\"potentialAction\":[{\"@type\":\"ReadAction\",\"target\":[\"https:\/\/pistonaddict.com\/sl\/product\/ferrari-412\/\"]}]},{\"@type\":\"ImageObject\",\"inLanguage\":\"sl-SI\",\"@id\":\"https:\/\/pistonaddict.com\/sl\/product\/ferrari-412\/#primaryimage\",\"url\":\"https:\/\/pistonaddict.com\/wp-content\/uploads\/2023\/04\/LuxurycarLondonApril11PistonAddict_0358-scaled.jpg\",\"contentUrl\":\"https:\/\/pistonaddict.com\/wp-content\/uploads\/2023\/04\/LuxurycarLondonApril11PistonAddict_0358-scaled.jpg\",\"width\":2560,\"height\":1737},{\"@type\":\"BreadcrumbList\",\"@id\":\"https:\/\/pistonaddict.com\/sl\/product\/ferrari-412\/#breadcrumb\",\"itemListElement\":[{\"@type\":\"ListItem\",\"position\":1,\"name\":\"Doma\u010da stran\",\"item\":\"https:\/\/pistonaddict.com\/sl\/domaca-stran-2\/\"},{\"@type\":\"ListItem\",\"position\":2,\"name\":\"Auctions\",\"item\":\"https:\/\/pistonaddict.com\/auctions-listing\/\"},{\"@type\":\"ListItem\",\"position\":3,\"name\":\"Ferrari 412\"}]},{\"@type\":\"WebSite\",\"@id\":\"https:\/\/pistonaddict.com\/sl\/#website\",\"url\":\"https:\/\/pistonaddict.com\/sl\/\",\"name\":\"Piston Addict\",\"description\":\"Only interesting vehicles\",\"publisher\":{\"@id\":\"https:\/\/pistonaddict.com\/sl\/#organization\"},\"potentialAction\":[{\"@type\":\"SearchAction\",\"target\":{\"@type\":\"EntryPoint\",\"urlTemplate\":\"https:\/\/pistonaddict.com\/sl\/?s={search_term_string}\"},\"query-input\":\"required name=search_term_string\"}],\"inLanguage\":\"sl-SI\"},{\"@type\":\"Organization\",\"@id\":\"https:\/\/pistonaddict.com\/sl\/#organization\",\"name\":\"Piston Addict\",\"url\":\"https:\/\/pistonaddict.com\/sl\/\",\"logo\":{\"@type\":\"ImageObject\",\"inLanguage\":\"sl-SI\",\"@id\":\"https:\/\/pistonaddict.com\/sl\/#\/schema\/logo\/image\/\",\"url\":\"https:\/\/pistonaddict.com\/wp-content\/uploads\/2022\/07\/logo-6.png\",\"contentUrl\":\"https:\/\/pistonaddict.com\/wp-content\/uploads\/2022\/07\/logo-6.png\",\"width\":970,\"height\":200,\"caption\":\"Piston Addict\"},\"image\":{\"@id\":\"https:\/\/pistonaddict.com\/sl\/#\/schema\/logo\/image\/\"}}]}<\/script>\n<!-- \/ Yoast SEO plugin. -->","yoast_head_json":{"title":"Ferrari 412 dra\u017ebe - Piston Addict","description":"Oglejte si ta Ferrari 412 za prodajo na dra\u017ebi na PistonAddict.com s samodejnim menjalnikom in le 36 971 km.","robots":{"index":"index","follow":"follow","max-snippet":"max-snippet:-1","max-image-preview":"max-image-preview:large","max-video-preview":"max-video-preview:-1"},"canonical":"https:\/\/pistonaddict.com\/sl\/product\/ferrari-412\/","og_locale":"sl_SI","og_type":"article","og_title":"Ferrari 412 dra\u017ebe - Piston Addict","og_description":"Oglejte si ta Ferrari 412 za prodajo na dra\u017ebi na PistonAddict.com s samodejnim menjalnikom in le 36 971 km.","og_url":"https:\/\/pistonaddict.com\/sl\/product\/ferrari-412\/","og_site_name":"Piston Addict","article_modified_time":"2024-03-19T16:51:56+00:00","og_image":[{"width":2560,"height":1737,"url":"https:\/\/pistonaddict.com\/wp-content\/uploads\/2023\/04\/LuxurycarLondonApril11PistonAddict_0358-scaled.jpg","type":"image\/jpeg"}],"twitter_card":"summary_large_image","twitter_misc":{"Est. reading time":"2 minuti"},"schema":{"@context":"https:\/\/schema.org","@graph":[{"@type":"WebPage","@id":"https:\/\/pistonaddict.com\/sl\/product\/ferrari-412\/","url":"https:\/\/pistonaddict.com\/sl\/product\/ferrari-412\/","name":"Ferrari 412 dra\u017ebe - Piston Addict","isPartOf":{"@id":"https:\/\/pistonaddict.com\/sl\/#website"},"primaryImageOfPage":{"@id":"https:\/\/pistonaddict.com\/sl\/product\/ferrari-412\/#primaryimage"},"image":{"@id":"https:\/\/pistonaddict.com\/sl\/product\/ferrari-412\/#primaryimage"},"thumbnailUrl":"https:\/\/pistonaddict.com\/wp-content\/uploads\/2023\/04\/LuxurycarLondonApril11PistonAddict_0358-scaled.jpg","datePublished":"2023-04-19T14:55:04+00:00","dateModified":"2024-03-19T16:51:56+00:00","description":"Oglejte si ta Ferrari 412 za prodajo na dra\u017ebi na PistonAddict.com s samodejnim menjalnikom in le 36 971 km.","breadcrumb":{"@id":"https:\/\/pistonaddict.com\/sl\/product\/ferrari-412\/#breadcrumb"},"inLanguage":"sl-SI","potentialAction":[{"@type":"ReadAction","target":["https:\/\/pistonaddict.com\/sl\/product\/ferrari-412\/"]}]},{"@type":"ImageObject","inLanguage":"sl-SI","@id":"https:\/\/pistonaddict.com\/sl\/product\/ferrari-412\/#primaryimage","url":"https:\/\/pistonaddict.com\/wp-content\/uploads\/2023\/04\/LuxurycarLondonApril11PistonAddict_0358-scaled.jpg","contentUrl":"https:\/\/pistonaddict.com\/wp-content\/uploads\/2023\/04\/LuxurycarLondonApril11PistonAddict_0358-scaled.jpg","width":2560,"height":1737},{"@type":"BreadcrumbList","@id":"https:\/\/pistonaddict.com\/sl\/product\/ferrari-412\/#breadcrumb","itemListElement":[{"@type":"ListItem","position":1,"name":"Doma\u010da stran","item":"https:\/\/pistonaddict.com\/sl\/domaca-stran-2\/"},{"@type":"ListItem","position":2,"name":"Auctions","item":"https:\/\/pistonaddict.com\/auctions-listing\/"},{"@type":"ListItem","position":3,"name":"Ferrari 412"}]},{"@type":"WebSite","@id":"https:\/\/pistonaddict.com\/sl\/#website","url":"https:\/\/pistonaddict.com\/sl\/","name":"Piston Addict","description":"Only interesting vehicles","publisher":{"@id":"https:\/\/pistonaddict.com\/sl\/#organization"},"potentialAction":[{"@type":"SearchAction","target":{"@type":"EntryPoint","urlTemplate":"https:\/\/pistonaddict.com\/sl\/?s={search_term_string}"},"query-input":"required name=search_term_string"}],"inLanguage":"sl-SI"},{"@type":"Organization","@id":"https:\/\/pistonaddict.com\/sl\/#organization","name":"Piston Addict","url":"https:\/\/pistonaddict.com\/sl\/","logo":{"@type":"ImageObject","inLanguage":"sl-SI","@id":"https:\/\/pistonaddict.com\/sl\/#\/schema\/logo\/image\/","url":"https:\/\/pistonaddict.com\/wp-content\/uploads\/2022\/07\/logo-6.png","contentUrl":"https:\/\/pistonaddict.com\/wp-content\/uploads\/2022\/07\/logo-6.png","width":970,"height":200,"caption":"Piston Addict"},"image":{"@id":"https:\/\/pistonaddict.com\/sl\/#\/schema\/logo\/image\/"}}]}},"_links":{"self":[{"href":"https:\/\/pistonaddict.com\/sl\/wp-json\/wp\/v2\/product\/37936"}],"collection":[{"href":"https:\/\/pistonaddict.com\/sl\/wp-json\/wp\/v2\/product"}],"about":[{"href":"https:\/\/pistonaddict.com\/sl\/wp-json\/wp\/v2\/types\/product"}],"replies":[{"embeddable":true,"href":"https:\/\/pistonaddict.com\/sl\/wp-json\/wp\/v2\/comments?post=37936"}],"wp:featuredmedia":[{"embeddable":true,"href":"https:\/\/pistonaddict.com\/sl\/wp-json\/wp\/v2\/media\/37887"}],"wp:attachment":[{"href":"https:\/\/pistonaddict.com\/sl\/wp-json\/wp\/v2\/media?parent=37936"}],"wp:term":[{"taxonomy":"product_cat","embeddable":true,"href":"https:\/\/pistonaddict.com\/sl\/wp-json\/wp\/v2\/product_cat?post=37936"},{"taxonomy":"product_tag","embeddable":true,"href":"https:\/\/pistonaddict.com\/sl\/wp-json\/wp\/v2\/product_tag?post=37936"}],"curies":[{"name":"wp","href":"https:\/\/api.w.org\/{rel}","templated":true}]}}