{"id":35656,"date":"2023-04-19T15:45:16","date_gmt":"2023-04-19T13:45:16","guid":{"rendered":"https:\/\/pistonaddict.com\/product\/bmw-m4\/"},"modified":"2024-03-19T17:51:16","modified_gmt":"2024-03-19T16:51:16","slug":"bmw-m4","status":"publish","type":"product","link":"https:\/\/pistonaddict.com\/sl\/product\/bmw-m4\/","title":{"rendered":"BMW M4"},"content":{"rendered":"<p><strong>Zgodovina avtomobila<\/strong><\/p>\n<p>M4 serije F82 je bil za BMW velik korak, ko je debitiral leta 2014. To je bil prvi izdelek M, ki je imel \u0161estvaljni motor s turbinskim polnilnikom, elektri\u010dni servo volan in obse\u017eno uporabo ogljikovih vlaken v konstrukciji vozila. Rezultat je bil fantasti\u010den vozni stroj s 425 KM v serijski obliki, skladnim vzmetenjem in odli\u010dnimi zmogljivostmi. F82 je bil tudi prvi model, ki je uporabljal oznako M4, ki je bila oznaka za kupejevsko razli\u010dico modela M3. Ta primerek je bil izdelan leta 2017 in je bolj za\u017eelen in izbolj\u0161an poznej\u0161i model. Vendar so pri tem avtomobilu najbolj zanimivi njegova specifikacija, stanje in \u0161tevilo prevo\u017eenih kilometrov. Z nekaj ve\u010d kot 2.000 prevo\u017eenimi miljami (3.500 km) je prakti\u010dno povsem nov avtomobil, zato je investicijsko vreden. Vendar je ta M4 tudi mo\u010dno opcijsko opremljen in okusno spremenjen, da bi zagotovil ve\u010d mo\u010di, bolj\u0161e vozne lastnosti in impresivno splo\u0161no vozno dinamiko. Novo ga je naro\u010dila BMW-jeva VIP-stranka, ki je natan\u010dno vedela, kako izbrati popoln M4.<\/p>\n<p><strong> <\/strong><strong>Stanje<\/strong><\/p>\n<p>Minimalna kilometrina zagotavlja, da je ta M4 v odli\u010dnem stanju, brez mehanskih napak, po\u0161kodb v nesre\u010di in z nedavnim servisom, opravljenim februarja 2022. Poleg impresivnega seznama tovarni\u0161ke opreme je to vozilo imelo tudi spremenjeno vzmetenje in je sedelo ni\u017eje od serijskega, kar zagotavlja \u0161e bolj\u0161e vozne lastnosti in bolj\u0161i ob\u010dutek pri vo\u017enji. Vendar je to \u0161ele za\u010detek, saj je prvotni lastnik tega avtomobila vgradil Akrapovi\u010dev izpu\u0161ni sistem iz titana s karbonskimi konicami, ki \u0161e izbolj\u0161a zvok slavnega \u0161estvaljnega motorja. Zunanje izbolj\u0161ave so bile dopolnjene s sprednjim karbonskim razdelilnikom, zadnjim spojlerjem in naknadno izdelanimi plati\u0161\u010di. Zanimivo je, da je prvotni lastnik izbolj\u0161al zmogljivost, \u010deprav je 425 KM precej veliko, in motor zdaj zagotavlja 510 KM, zaradi \u010desar je ta M4 resni\u010dno kompetenten avtomobil. Menjalnik je BMW-jev 7-stopenjski samodejni menjalnik DCT, ki je inteligentna izbira, ki zdru\u017euje udobje in zmogljivost. To vozilo je opremljeno z opcijskimi kerami\u010dnimi zavornimi diski.<\/p>\n<p><strong>Notranjost<\/strong><\/p>\n<p>Notranjost, oble\u010dena v \u010drno usnje s sede\u017ei za M in karbonskimi poudarki, ne ka\u017ee nobenih znakov uporabe. S popolnim polo\u017eajem sede\u017eev, vrhunskim avdio sistemom in BMW-jevim znamenitim informacijsko-zabavnim sistemom iDrive bo pre\u017eivljanje \u010dasa v tem M4 u\u017eitek, medtem ko boste kilometre premagovali z neverjetno hitrostjo. V notranjosti ni nobenih sprememb, seznam dodatne opreme in udobja pa je obse\u017een.<\/p>\n<p><strong>Zunanjost in kolesa<\/strong><\/p>\n<p>Ta M4 je odet v osupljiv odtenek Austin Yellow Metallic, njegova zunanjost je brezhibna, vsi deli oblog so prisotni in brez oznak. Karbonski nastavki so del kataloga M Performance Accessories in se odli\u010dno prilegajo. Pomembna podrobnost so naknadna plati\u0161\u010da HRE, ki se ujemajo z zunanjostjo ter so la\u017eja in mo\u010dnej\u0161a od tovarni\u0161kih.<\/p>\n<p><strong>Dokumentacija<\/strong><\/p>\n<p>To je vozilo v zasebni lasti z ustrezno dokumentacijo, ki se nahaja v Londonu v Zdru\u017eenem kraljestvu. Poro\u010dilo CarVertical je \u010disto; ni dokazov o nesre\u010dah, popravilih zaradi nesre\u010d ali pravnih te\u017eavah. Obstajajo zapisi o rednem vzdr\u017eevanju.<\/p>\n","protected":false},"excerpt":{"rendered":"<p>BMW M4 je med ljubitelji zmogljivih avtomobilov tako cenjen iz dobrega razloga. Noben drug avtomobil v svojem razredu ne ponuja tako prepri\u010dljive dinamike \u0161portnega avtomobila in vsakodnevne uporabnosti kot M4 serije F82. Ta avtomobil je odli\u010den primer, rahlo spremenjen za \u0161e bolj\u0161o vo\u017enjo, z minimalnimi prevo\u017eenimi kilometri, dobro vzdr\u017eevan in pripravljen za naslednjega lastnika.<\/p>\n","protected":false},"featured_media":35440,"comment_status":"open","ping_status":"closed","template":"","meta":{"inline_featured_image":false},"product_cat":[700],"product_tag":[1446,904,1442,1444],"acf":[],"yoast_head":"<!-- This site is optimized with the Yoast SEO plugin v22.5 - https:\/\/yoast.com\/wordpress\/plugins\/seo\/ -->\n<title>BMW M4 dra\u017ebe - Piston Addict<\/title>\n<meta name=\"description\" content=\"Oglejte si ta BMW M4 za prodajo na dra\u017ebi na PistonAddict.com s samodejnim menjalnikom in le 2053 prevo\u017eenimi kilometri.\" \/>\n<meta name=\"robots\" content=\"index, follow, max-snippet:-1, max-image-preview:large, max-video-preview:-1\" \/>\n<link rel=\"canonical\" href=\"https:\/\/pistonaddict.com\/sl\/product\/bmw-m4\/\" \/>\n<meta property=\"og:locale\" content=\"sl_SI\" \/>\n<meta property=\"og:type\" content=\"article\" \/>\n<meta property=\"og:title\" content=\"BMW M4 dra\u017ebe - Piston Addict\" \/>\n<meta property=\"og:description\" content=\"Oglejte si ta BMW M4 za prodajo na dra\u017ebi na PistonAddict.com s samodejnim menjalnikom in le 2053 prevo\u017eenimi kilometri.\" \/>\n<meta property=\"og:url\" content=\"https:\/\/pistonaddict.com\/sl\/product\/bmw-m4\/\" \/>\n<meta property=\"og:site_name\" content=\"Piston Addict\" \/>\n<meta property=\"article:modified_time\" content=\"2024-03-19T16:51:16+00:00\" \/>\n<meta property=\"og:image\" content=\"https:\/\/pistonaddict.com\/wp-content\/uploads\/2023\/04\/LuxurycarLondonApril11PistonAddict_0647-scaled.jpg\" \/>\n\t<meta property=\"og:image:width\" content=\"2560\" \/>\n\t<meta property=\"og:image:height\" content=\"1708\" \/>\n\t<meta property=\"og:image:type\" content=\"image\/jpeg\" \/>\n<meta name=\"twitter:card\" content=\"summary_large_image\" \/>\n<meta name=\"twitter:label1\" content=\"Est. reading time\" \/>\n\t<meta name=\"twitter:data1\" content=\"3 minute\" \/>\n<script type=\"application\/ld+json\" class=\"yoast-schema-graph\">{\"@context\":\"https:\/\/schema.org\",\"@graph\":[{\"@type\":\"WebPage\",\"@id\":\"https:\/\/pistonaddict.com\/sl\/product\/bmw-m4\/\",\"url\":\"https:\/\/pistonaddict.com\/sl\/product\/bmw-m4\/\",\"name\":\"BMW M4 dra\u017ebe - Piston Addict\",\"isPartOf\":{\"@id\":\"https:\/\/pistonaddict.com\/sl\/#website\"},\"primaryImageOfPage\":{\"@id\":\"https:\/\/pistonaddict.com\/sl\/product\/bmw-m4\/#primaryimage\"},\"image\":{\"@id\":\"https:\/\/pistonaddict.com\/sl\/product\/bmw-m4\/#primaryimage\"},\"thumbnailUrl\":\"https:\/\/pistonaddict.com\/wp-content\/uploads\/2023\/04\/LuxurycarLondonApril11PistonAddict_0647-scaled.jpg\",\"datePublished\":\"2023-04-19T13:45:16+00:00\",\"dateModified\":\"2024-03-19T16:51:16+00:00\",\"description\":\"Oglejte si ta BMW M4 za prodajo na dra\u017ebi na PistonAddict.com s samodejnim menjalnikom in le 2053 prevo\u017eenimi kilometri.\",\"breadcrumb\":{\"@id\":\"https:\/\/pistonaddict.com\/sl\/product\/bmw-m4\/#breadcrumb\"},\"inLanguage\":\"sl-SI\",\"potentialAction\":[{\"@type\":\"ReadAction\",\"target\":[\"https:\/\/pistonaddict.com\/sl\/product\/bmw-m4\/\"]}]},{\"@type\":\"ImageObject\",\"inLanguage\":\"sl-SI\",\"@id\":\"https:\/\/pistonaddict.com\/sl\/product\/bmw-m4\/#primaryimage\",\"url\":\"https:\/\/pistonaddict.com\/wp-content\/uploads\/2023\/04\/LuxurycarLondonApril11PistonAddict_0647-scaled.jpg\",\"contentUrl\":\"https:\/\/pistonaddict.com\/wp-content\/uploads\/2023\/04\/LuxurycarLondonApril11PistonAddict_0647-scaled.jpg\",\"width\":2560,\"height\":1708},{\"@type\":\"BreadcrumbList\",\"@id\":\"https:\/\/pistonaddict.com\/sl\/product\/bmw-m4\/#breadcrumb\",\"itemListElement\":[{\"@type\":\"ListItem\",\"position\":1,\"name\":\"Doma\u010da stran\",\"item\":\"https:\/\/pistonaddict.com\/sl\/domaca-stran-2\/\"},{\"@type\":\"ListItem\",\"position\":2,\"name\":\"Auctions\",\"item\":\"https:\/\/pistonaddict.com\/auctions-listing\/\"},{\"@type\":\"ListItem\",\"position\":3,\"name\":\"BMW M4\"}]},{\"@type\":\"WebSite\",\"@id\":\"https:\/\/pistonaddict.com\/sl\/#website\",\"url\":\"https:\/\/pistonaddict.com\/sl\/\",\"name\":\"Piston Addict\",\"description\":\"Only interesting vehicles\",\"publisher\":{\"@id\":\"https:\/\/pistonaddict.com\/sl\/#organization\"},\"potentialAction\":[{\"@type\":\"SearchAction\",\"target\":{\"@type\":\"EntryPoint\",\"urlTemplate\":\"https:\/\/pistonaddict.com\/sl\/?s={search_term_string}\"},\"query-input\":\"required name=search_term_string\"}],\"inLanguage\":\"sl-SI\"},{\"@type\":\"Organization\",\"@id\":\"https:\/\/pistonaddict.com\/sl\/#organization\",\"name\":\"Piston Addict\",\"url\":\"https:\/\/pistonaddict.com\/sl\/\",\"logo\":{\"@type\":\"ImageObject\",\"inLanguage\":\"sl-SI\",\"@id\":\"https:\/\/pistonaddict.com\/sl\/#\/schema\/logo\/image\/\",\"url\":\"https:\/\/pistonaddict.com\/wp-content\/uploads\/2022\/07\/logo-6.png\",\"contentUrl\":\"https:\/\/pistonaddict.com\/wp-content\/uploads\/2022\/07\/logo-6.png\",\"width\":970,\"height\":200,\"caption\":\"Piston Addict\"},\"image\":{\"@id\":\"https:\/\/pistonaddict.com\/sl\/#\/schema\/logo\/image\/\"}}]}<\/script>\n<!-- \/ Yoast SEO plugin. -->","yoast_head_json":{"title":"BMW M4 dra\u017ebe - Piston Addict","description":"Oglejte si ta BMW M4 za prodajo na dra\u017ebi na PistonAddict.com s samodejnim menjalnikom in le 2053 prevo\u017eenimi kilometri.","robots":{"index":"index","follow":"follow","max-snippet":"max-snippet:-1","max-image-preview":"max-image-preview:large","max-video-preview":"max-video-preview:-1"},"canonical":"https:\/\/pistonaddict.com\/sl\/product\/bmw-m4\/","og_locale":"sl_SI","og_type":"article","og_title":"BMW M4 dra\u017ebe - Piston Addict","og_description":"Oglejte si ta BMW M4 za prodajo na dra\u017ebi na PistonAddict.com s samodejnim menjalnikom in le 2053 prevo\u017eenimi kilometri.","og_url":"https:\/\/pistonaddict.com\/sl\/product\/bmw-m4\/","og_site_name":"Piston Addict","article_modified_time":"2024-03-19T16:51:16+00:00","og_image":[{"width":2560,"height":1708,"url":"https:\/\/pistonaddict.com\/wp-content\/uploads\/2023\/04\/LuxurycarLondonApril11PistonAddict_0647-scaled.jpg","type":"image\/jpeg"}],"twitter_card":"summary_large_image","twitter_misc":{"Est. reading time":"3 minute"},"schema":{"@context":"https:\/\/schema.org","@graph":[{"@type":"WebPage","@id":"https:\/\/pistonaddict.com\/sl\/product\/bmw-m4\/","url":"https:\/\/pistonaddict.com\/sl\/product\/bmw-m4\/","name":"BMW M4 dra\u017ebe - Piston Addict","isPartOf":{"@id":"https:\/\/pistonaddict.com\/sl\/#website"},"primaryImageOfPage":{"@id":"https:\/\/pistonaddict.com\/sl\/product\/bmw-m4\/#primaryimage"},"image":{"@id":"https:\/\/pistonaddict.com\/sl\/product\/bmw-m4\/#primaryimage"},"thumbnailUrl":"https:\/\/pistonaddict.com\/wp-content\/uploads\/2023\/04\/LuxurycarLondonApril11PistonAddict_0647-scaled.jpg","datePublished":"2023-04-19T13:45:16+00:00","dateModified":"2024-03-19T16:51:16+00:00","description":"Oglejte si ta BMW M4 za prodajo na dra\u017ebi na PistonAddict.com s samodejnim menjalnikom in le 2053 prevo\u017eenimi kilometri.","breadcrumb":{"@id":"https:\/\/pistonaddict.com\/sl\/product\/bmw-m4\/#breadcrumb"},"inLanguage":"sl-SI","potentialAction":[{"@type":"ReadAction","target":["https:\/\/pistonaddict.com\/sl\/product\/bmw-m4\/"]}]},{"@type":"ImageObject","inLanguage":"sl-SI","@id":"https:\/\/pistonaddict.com\/sl\/product\/bmw-m4\/#primaryimage","url":"https:\/\/pistonaddict.com\/wp-content\/uploads\/2023\/04\/LuxurycarLondonApril11PistonAddict_0647-scaled.jpg","contentUrl":"https:\/\/pistonaddict.com\/wp-content\/uploads\/2023\/04\/LuxurycarLondonApril11PistonAddict_0647-scaled.jpg","width":2560,"height":1708},{"@type":"BreadcrumbList","@id":"https:\/\/pistonaddict.com\/sl\/product\/bmw-m4\/#breadcrumb","itemListElement":[{"@type":"ListItem","position":1,"name":"Doma\u010da stran","item":"https:\/\/pistonaddict.com\/sl\/domaca-stran-2\/"},{"@type":"ListItem","position":2,"name":"Auctions","item":"https:\/\/pistonaddict.com\/auctions-listing\/"},{"@type":"ListItem","position":3,"name":"BMW M4"}]},{"@type":"WebSite","@id":"https:\/\/pistonaddict.com\/sl\/#website","url":"https:\/\/pistonaddict.com\/sl\/","name":"Piston Addict","description":"Only interesting vehicles","publisher":{"@id":"https:\/\/pistonaddict.com\/sl\/#organization"},"potentialAction":[{"@type":"SearchAction","target":{"@type":"EntryPoint","urlTemplate":"https:\/\/pistonaddict.com\/sl\/?s={search_term_string}"},"query-input":"required name=search_term_string"}],"inLanguage":"sl-SI"},{"@type":"Organization","@id":"https:\/\/pistonaddict.com\/sl\/#organization","name":"Piston Addict","url":"https:\/\/pistonaddict.com\/sl\/","logo":{"@type":"ImageObject","inLanguage":"sl-SI","@id":"https:\/\/pistonaddict.com\/sl\/#\/schema\/logo\/image\/","url":"https:\/\/pistonaddict.com\/wp-content\/uploads\/2022\/07\/logo-6.png","contentUrl":"https:\/\/pistonaddict.com\/wp-content\/uploads\/2022\/07\/logo-6.png","width":970,"height":200,"caption":"Piston Addict"},"image":{"@id":"https:\/\/pistonaddict.com\/sl\/#\/schema\/logo\/image\/"}}]}},"_links":{"self":[{"href":"https:\/\/pistonaddict.com\/sl\/wp-json\/wp\/v2\/product\/35656"}],"collection":[{"href":"https:\/\/pistonaddict.com\/sl\/wp-json\/wp\/v2\/product"}],"about":[{"href":"https:\/\/pistonaddict.com\/sl\/wp-json\/wp\/v2\/types\/product"}],"replies":[{"embeddable":true,"href":"https:\/\/pistonaddict.com\/sl\/wp-json\/wp\/v2\/comments?post=35656"}],"wp:featuredmedia":[{"embeddable":true,"href":"https:\/\/pistonaddict.com\/sl\/wp-json\/wp\/v2\/media\/35440"}],"wp:attachment":[{"href":"https:\/\/pistonaddict.com\/sl\/wp-json\/wp\/v2\/media?parent=35656"}],"wp:term":[{"taxonomy":"product_cat","embeddable":true,"href":"https:\/\/pistonaddict.com\/sl\/wp-json\/wp\/v2\/product_cat?post=35656"},{"taxonomy":"product_tag","embeddable":true,"href":"https:\/\/pistonaddict.com\/sl\/wp-json\/wp\/v2\/product_tag?post=35656"}],"curies":[{"name":"wp","href":"https:\/\/api.w.org\/{rel}","templated":true}]}}