{"id":34583,"date":"2023-04-19T15:06:28","date_gmt":"2023-04-19T13:06:28","guid":{"rendered":"https:\/\/pistonaddict.com\/product\/bentley-flying-spur\/"},"modified":"2024-03-19T17:50:58","modified_gmt":"2024-03-19T16:50:58","slug":"bentley-flying-spur","status":"publish","type":"product","link":"https:\/\/pistonaddict.com\/sl\/product\/bentley-flying-spur\/","title":{"rendered":"Bentley Flying Spur"},"content":{"rendered":"<p><strong>Zgodovina avtomobila<\/strong><\/p>\n<p>Ta Flying Spur je eden od prvih tak\u0161nih avtomobilov, ki bodo konec leta 2020 dobavljeni znanim VIP-strankam Bentleyja. Avtomobil je bil v lasti enega lastnika in je prevozil le 8359 km. Ta Flying Spur, izdelan v za\u017eeleni zeleni barvi z ujemajo\u010do se tan ko\u017eo, je bil opremljen s paketom zunanjih oblog black-out in je model First Edition. V Bentleyjevem svetu so modeli First Edition vedno najbolj za\u017eeleni zaradi posebne in edinstvene izbire barv, drobnih podrobnosti in opreme, ki je pogosto dodatna oprema za avtomobile standardne specifikacije.<\/p>\n<p><strong>Stanje avtomobila<\/strong><\/p>\n<p>Ker gre za enega od Bentleyjev Flying Spurs z najvi\u0161jo stopnjo opreme, prvotni in sedanji lastnik ni kupil le paketa First Edition, temve\u010d je \u017ee tako impresivni specifikaciji dodal \u0161tevilne funkcije in opremo. Opcijski 6,0-litrski motor W12 z mo\u010djo 626 KM lahko to superluksuzno limuzino po\u017eene do impresivnega sprinta od 0 do 100 km\/h v 3,5 sekunde. \u0160e bolj fascinantna je najve\u010dja hitrost, in \u010de se znajdete na odseku avtoceste brez omejitev, lahko dose\u017eete 333 km\/h! Prepri\u010dani smo, da bo ta Flying Spur tudi pri tej hitrosti stabilen in udoben.<\/p>\n<p><strong>Zunanjost in kolesa<\/strong><\/p>\n<p>Zaradi skrbnega vzdr\u017eevanja, gara\u017ee s klimo in nizkih kilometrov se ta Flying Spur prodaja s popolno barvo, brez po\u0161kodb na zunanjosti (in notranjosti) ter z originalnimi plati\u0161\u010di. Ena od majhnih, a zanimivih podrobnosti je \u010drna streha, ki se odli\u010dno ujema s \u010drnimi zunanjimi oblogami in \u0161e bolj poudarja \u0161portni zna\u010daj te elegantne limuzine.<\/p>\n<p><strong>Notranjost<\/strong><\/p>\n<p>Eden najbolj zanimivih delov tega avtomobila je notranjost. Ta Flying Spur je zasnovan kot popolna me\u0161anica sodobne tehnologije in klasi\u010dnega luksuznega pristopa ter je prekrit z za\u017eeleno rjavo ko\u017eo s kontrastnim zelenim usnjem in lesenimi vlo\u017eki. Na nekaterih kromiranih delih je za\u0161\u010ditna folija, polna vseh vrst udobja, kar ka\u017ee na to, da je bil ta avtomobil komajda uporabljen.<\/p>\n<p><strong>Dokumentacija<\/strong><\/p>\n<p>To je vozilo v zasebni lasti z ustrezno dokumentacijo, ki se nahaja v Londonu v Zdru\u017eenem kraljestvu. Poro\u010dilo CarVertical je \u010disto; ni dokazov o nesre\u010dah, popravilih zaradi nesre\u010d ali pravnih te\u017eavah. Obstajajo zapisi o rednem vzdr\u017eevanju.<\/p>\n","protected":false},"excerpt":{"rendered":"<p>Tako kot \u0161tevilni konkurenti se bo tudi Bentley v bli\u017enji prihodnosti odlo\u010dil za modele z elektri\u010dnim pogonom. To pomeni, da je to morda zadnja prilo\u017enost za nakup veli\u010dastnega luksuznega vozila z motorjem na stisnjen zemeljski plin, kot je ta Flying Spur, v zelo za\u017eeleni specifikaciji in v stanju kot nov. Ta edinstven primerek, ki ga poganja zna\u010dilen motor W12, je kot nala\u0161\u010d za zahtevne Bentleyjeve poznavalce.<\/p>\n","protected":false},"featured_media":34095,"comment_status":"open","ping_status":"closed","template":"","meta":{"inline_featured_image":false},"product_cat":[700],"product_tag":[1309,904,1300,1304],"acf":[],"yoast_head":"<!-- This site is optimized with the Yoast SEO plugin v22.5 - https:\/\/yoast.com\/wordpress\/plugins\/seo\/ -->\n<title>Bentley Flying Spur dra\u017ebe - Piston Addict<\/title>\n<meta name=\"description\" content=\"Oglejte si ta Bentley Flying Spur za prodajo na dra\u017ebi na PistonAddict.com s samodejnim menjalnikom in le 8359 km.\" \/>\n<meta name=\"robots\" content=\"index, follow, max-snippet:-1, max-image-preview:large, max-video-preview:-1\" \/>\n<link rel=\"canonical\" href=\"https:\/\/pistonaddict.com\/sl\/product\/bentley-flying-spur\/\" \/>\n<meta property=\"og:locale\" content=\"sl_SI\" \/>\n<meta property=\"og:type\" content=\"article\" \/>\n<meta property=\"og:title\" content=\"Bentley Flying Spur dra\u017ebe - Piston Addict\" \/>\n<meta property=\"og:description\" content=\"Oglejte si ta Bentley Flying Spur za prodajo na dra\u017ebi na PistonAddict.com s samodejnim menjalnikom in le 8359 km.\" \/>\n<meta property=\"og:url\" content=\"https:\/\/pistonaddict.com\/sl\/product\/bentley-flying-spur\/\" \/>\n<meta property=\"og:site_name\" content=\"Piston Addict\" \/>\n<meta property=\"article:modified_time\" content=\"2024-03-19T16:50:58+00:00\" \/>\n<meta property=\"og:image\" content=\"https:\/\/pistonaddict.com\/wp-content\/uploads\/2023\/04\/LuxurycarLondonApril11PistonAddict_0433-scaled.jpg\" \/>\n\t<meta property=\"og:image:width\" content=\"2560\" \/>\n\t<meta property=\"og:image:height\" content=\"1505\" \/>\n\t<meta property=\"og:image:type\" content=\"image\/jpeg\" \/>\n<meta name=\"twitter:card\" content=\"summary_large_image\" \/>\n<meta name=\"twitter:label1\" content=\"Est. reading time\" \/>\n\t<meta name=\"twitter:data1\" content=\"2 minuti\" \/>\n<script type=\"application\/ld+json\" class=\"yoast-schema-graph\">{\"@context\":\"https:\/\/schema.org\",\"@graph\":[{\"@type\":\"WebPage\",\"@id\":\"https:\/\/pistonaddict.com\/sl\/product\/bentley-flying-spur\/\",\"url\":\"https:\/\/pistonaddict.com\/sl\/product\/bentley-flying-spur\/\",\"name\":\"Bentley Flying Spur dra\u017ebe - Piston Addict\",\"isPartOf\":{\"@id\":\"https:\/\/pistonaddict.com\/sl\/#website\"},\"primaryImageOfPage\":{\"@id\":\"https:\/\/pistonaddict.com\/sl\/product\/bentley-flying-spur\/#primaryimage\"},\"image\":{\"@id\":\"https:\/\/pistonaddict.com\/sl\/product\/bentley-flying-spur\/#primaryimage\"},\"thumbnailUrl\":\"https:\/\/pistonaddict.com\/wp-content\/uploads\/2023\/04\/LuxurycarLondonApril11PistonAddict_0433-scaled.jpg\",\"datePublished\":\"2023-04-19T13:06:28+00:00\",\"dateModified\":\"2024-03-19T16:50:58+00:00\",\"description\":\"Oglejte si ta Bentley Flying Spur za prodajo na dra\u017ebi na PistonAddict.com s samodejnim menjalnikom in le 8359 km.\",\"breadcrumb\":{\"@id\":\"https:\/\/pistonaddict.com\/sl\/product\/bentley-flying-spur\/#breadcrumb\"},\"inLanguage\":\"sl-SI\",\"potentialAction\":[{\"@type\":\"ReadAction\",\"target\":[\"https:\/\/pistonaddict.com\/sl\/product\/bentley-flying-spur\/\"]}]},{\"@type\":\"ImageObject\",\"inLanguage\":\"sl-SI\",\"@id\":\"https:\/\/pistonaddict.com\/sl\/product\/bentley-flying-spur\/#primaryimage\",\"url\":\"https:\/\/pistonaddict.com\/wp-content\/uploads\/2023\/04\/LuxurycarLondonApril11PistonAddict_0433-scaled.jpg\",\"contentUrl\":\"https:\/\/pistonaddict.com\/wp-content\/uploads\/2023\/04\/LuxurycarLondonApril11PistonAddict_0433-scaled.jpg\",\"width\":2560,\"height\":1505},{\"@type\":\"BreadcrumbList\",\"@id\":\"https:\/\/pistonaddict.com\/sl\/product\/bentley-flying-spur\/#breadcrumb\",\"itemListElement\":[{\"@type\":\"ListItem\",\"position\":1,\"name\":\"Doma\u010da stran\",\"item\":\"https:\/\/pistonaddict.com\/sl\/domaca-stran-2\/\"},{\"@type\":\"ListItem\",\"position\":2,\"name\":\"Auctions\",\"item\":\"https:\/\/pistonaddict.com\/auctions-listing\/\"},{\"@type\":\"ListItem\",\"position\":3,\"name\":\"Bentley Flying Spur\"}]},{\"@type\":\"WebSite\",\"@id\":\"https:\/\/pistonaddict.com\/sl\/#website\",\"url\":\"https:\/\/pistonaddict.com\/sl\/\",\"name\":\"Piston Addict\",\"description\":\"Only interesting vehicles\",\"publisher\":{\"@id\":\"https:\/\/pistonaddict.com\/sl\/#organization\"},\"potentialAction\":[{\"@type\":\"SearchAction\",\"target\":{\"@type\":\"EntryPoint\",\"urlTemplate\":\"https:\/\/pistonaddict.com\/sl\/?s={search_term_string}\"},\"query-input\":\"required name=search_term_string\"}],\"inLanguage\":\"sl-SI\"},{\"@type\":\"Organization\",\"@id\":\"https:\/\/pistonaddict.com\/sl\/#organization\",\"name\":\"Piston Addict\",\"url\":\"https:\/\/pistonaddict.com\/sl\/\",\"logo\":{\"@type\":\"ImageObject\",\"inLanguage\":\"sl-SI\",\"@id\":\"https:\/\/pistonaddict.com\/sl\/#\/schema\/logo\/image\/\",\"url\":\"https:\/\/pistonaddict.com\/wp-content\/uploads\/2022\/07\/logo-6.png\",\"contentUrl\":\"https:\/\/pistonaddict.com\/wp-content\/uploads\/2022\/07\/logo-6.png\",\"width\":970,\"height\":200,\"caption\":\"Piston Addict\"},\"image\":{\"@id\":\"https:\/\/pistonaddict.com\/sl\/#\/schema\/logo\/image\/\"}}]}<\/script>\n<!-- \/ Yoast SEO plugin. -->","yoast_head_json":{"title":"Bentley Flying Spur dra\u017ebe - Piston Addict","description":"Oglejte si ta Bentley Flying Spur za prodajo na dra\u017ebi na PistonAddict.com s samodejnim menjalnikom in le 8359 km.","robots":{"index":"index","follow":"follow","max-snippet":"max-snippet:-1","max-image-preview":"max-image-preview:large","max-video-preview":"max-video-preview:-1"},"canonical":"https:\/\/pistonaddict.com\/sl\/product\/bentley-flying-spur\/","og_locale":"sl_SI","og_type":"article","og_title":"Bentley Flying Spur dra\u017ebe - Piston Addict","og_description":"Oglejte si ta Bentley Flying Spur za prodajo na dra\u017ebi na PistonAddict.com s samodejnim menjalnikom in le 8359 km.","og_url":"https:\/\/pistonaddict.com\/sl\/product\/bentley-flying-spur\/","og_site_name":"Piston Addict","article_modified_time":"2024-03-19T16:50:58+00:00","og_image":[{"width":2560,"height":1505,"url":"https:\/\/pistonaddict.com\/wp-content\/uploads\/2023\/04\/LuxurycarLondonApril11PistonAddict_0433-scaled.jpg","type":"image\/jpeg"}],"twitter_card":"summary_large_image","twitter_misc":{"Est. reading time":"2 minuti"},"schema":{"@context":"https:\/\/schema.org","@graph":[{"@type":"WebPage","@id":"https:\/\/pistonaddict.com\/sl\/product\/bentley-flying-spur\/","url":"https:\/\/pistonaddict.com\/sl\/product\/bentley-flying-spur\/","name":"Bentley Flying Spur dra\u017ebe - Piston Addict","isPartOf":{"@id":"https:\/\/pistonaddict.com\/sl\/#website"},"primaryImageOfPage":{"@id":"https:\/\/pistonaddict.com\/sl\/product\/bentley-flying-spur\/#primaryimage"},"image":{"@id":"https:\/\/pistonaddict.com\/sl\/product\/bentley-flying-spur\/#primaryimage"},"thumbnailUrl":"https:\/\/pistonaddict.com\/wp-content\/uploads\/2023\/04\/LuxurycarLondonApril11PistonAddict_0433-scaled.jpg","datePublished":"2023-04-19T13:06:28+00:00","dateModified":"2024-03-19T16:50:58+00:00","description":"Oglejte si ta Bentley Flying Spur za prodajo na dra\u017ebi na PistonAddict.com s samodejnim menjalnikom in le 8359 km.","breadcrumb":{"@id":"https:\/\/pistonaddict.com\/sl\/product\/bentley-flying-spur\/#breadcrumb"},"inLanguage":"sl-SI","potentialAction":[{"@type":"ReadAction","target":["https:\/\/pistonaddict.com\/sl\/product\/bentley-flying-spur\/"]}]},{"@type":"ImageObject","inLanguage":"sl-SI","@id":"https:\/\/pistonaddict.com\/sl\/product\/bentley-flying-spur\/#primaryimage","url":"https:\/\/pistonaddict.com\/wp-content\/uploads\/2023\/04\/LuxurycarLondonApril11PistonAddict_0433-scaled.jpg","contentUrl":"https:\/\/pistonaddict.com\/wp-content\/uploads\/2023\/04\/LuxurycarLondonApril11PistonAddict_0433-scaled.jpg","width":2560,"height":1505},{"@type":"BreadcrumbList","@id":"https:\/\/pistonaddict.com\/sl\/product\/bentley-flying-spur\/#breadcrumb","itemListElement":[{"@type":"ListItem","position":1,"name":"Doma\u010da stran","item":"https:\/\/pistonaddict.com\/sl\/domaca-stran-2\/"},{"@type":"ListItem","position":2,"name":"Auctions","item":"https:\/\/pistonaddict.com\/auctions-listing\/"},{"@type":"ListItem","position":3,"name":"Bentley Flying Spur"}]},{"@type":"WebSite","@id":"https:\/\/pistonaddict.com\/sl\/#website","url":"https:\/\/pistonaddict.com\/sl\/","name":"Piston Addict","description":"Only interesting vehicles","publisher":{"@id":"https:\/\/pistonaddict.com\/sl\/#organization"},"potentialAction":[{"@type":"SearchAction","target":{"@type":"EntryPoint","urlTemplate":"https:\/\/pistonaddict.com\/sl\/?s={search_term_string}"},"query-input":"required name=search_term_string"}],"inLanguage":"sl-SI"},{"@type":"Organization","@id":"https:\/\/pistonaddict.com\/sl\/#organization","name":"Piston Addict","url":"https:\/\/pistonaddict.com\/sl\/","logo":{"@type":"ImageObject","inLanguage":"sl-SI","@id":"https:\/\/pistonaddict.com\/sl\/#\/schema\/logo\/image\/","url":"https:\/\/pistonaddict.com\/wp-content\/uploads\/2022\/07\/logo-6.png","contentUrl":"https:\/\/pistonaddict.com\/wp-content\/uploads\/2022\/07\/logo-6.png","width":970,"height":200,"caption":"Piston Addict"},"image":{"@id":"https:\/\/pistonaddict.com\/sl\/#\/schema\/logo\/image\/"}}]}},"_links":{"self":[{"href":"https:\/\/pistonaddict.com\/sl\/wp-json\/wp\/v2\/product\/34583"}],"collection":[{"href":"https:\/\/pistonaddict.com\/sl\/wp-json\/wp\/v2\/product"}],"about":[{"href":"https:\/\/pistonaddict.com\/sl\/wp-json\/wp\/v2\/types\/product"}],"replies":[{"embeddable":true,"href":"https:\/\/pistonaddict.com\/sl\/wp-json\/wp\/v2\/comments?post=34583"}],"wp:featuredmedia":[{"embeddable":true,"href":"https:\/\/pistonaddict.com\/sl\/wp-json\/wp\/v2\/media\/34095"}],"wp:attachment":[{"href":"https:\/\/pistonaddict.com\/sl\/wp-json\/wp\/v2\/media?parent=34583"}],"wp:term":[{"taxonomy":"product_cat","embeddable":true,"href":"https:\/\/pistonaddict.com\/sl\/wp-json\/wp\/v2\/product_cat?post=34583"},{"taxonomy":"product_tag","embeddable":true,"href":"https:\/\/pistonaddict.com\/sl\/wp-json\/wp\/v2\/product_tag?post=34583"}],"curies":[{"name":"wp","href":"https:\/\/api.w.org\/{rel}","templated":true}]}}