{"id":34029,"date":"2023-04-19T10:37:02","date_gmt":"2023-04-19T08:37:02","guid":{"rendered":"https:\/\/pistonaddict.com\/product\/porsche-gt3-touring\/"},"modified":"2024-03-19T17:27:12","modified_gmt":"2024-03-19T16:27:12","slug":"porsche-gt3-touring","status":"publish","type":"product","link":"https:\/\/pistonaddict.com\/sl\/product\/porsche-gt3-touring\/","title":{"rendered":"Porsche GT3 Touring"},"content":{"rendered":"<h2>Zunanjost<\/h2>\n<p>Na zunaj si ta sivo obarvani model Touring ve\u010dino oblikovnih podrobnosti deli z modelom 911 RS3, na katerem temelji. To vklju\u010duje ksenonske \u017earomete z LED-lu\u010dmi, velike odprtine za dovod zraka spredaj ter raz\u0161irjene karoserijske plo\u0161\u010de in odbija\u010de. Razlika med obema avtomobiloma je v velikem krilcu na zadku, ki ga pri modelu Touring navidezno ni. Namesto tega ima ta model dvi\u017eni zadnji spojler, ki se spro\u017ei pri hitrosti 75 km\/h in zagotavlja dodaten pritisk. Vendar se spojler pri nizkih hitrostih umakne in se zlije s silhueto vozila, kar mu daje eleganten in poenostavljen videz. Porsche ima tovarni\u0161ka 19-pal\u010dna plati\u0161\u010da in pnevmatike Dunlop Sport Maxx Race 2, ki mu odli\u010dno ustrezajo.<\/p>\n<h2>Notranjost<\/h2>\n<p>V notranjosti ima ta Porsche par lahkih vedrovih sede\u017eev, oble\u010denih v \u010drno usnje s temno sivimi vlo\u017eki iz blaga. Rumeni varnostni pasovi so lep dodatek, ki notranjosti daje \u017eivahnej\u0161i videz. V nasprotju z <em>obi\u010dajnim<\/em> vozilom 911 zadaj ni sede\u017eev. V notranjosti voznik najde usnjen volan s tremi vijaki, za njim pa instrumentno plo\u0161\u010do s Porschejevim zna\u010dilnim znakom. To vklju\u010duje sredinsko name\u0161\u010den merilnik vrtljajev do 10.000 vrtljajev na minuto, merilnik hitrosti in ve\u010d drugih merilnikov. Na sredini konzole je velik zaslon na dotik z vgrajenim stereo sistemom, prikazom kamere za vzvratno vo\u017enjo in navigacijo. Kot ve\u010dina drugih modelov GT3 ima tudi ta Porsche na vrhu armaturne plo\u0161\u010de \u0161toparico, ki je koristna pri merjenju \u010dasa.<\/p>\n<h2>Mehanika<\/h2>\n<p>Kljub temu, da se zdi, da je ta model Touring namenjen za prosti \u010das, je \u0161e vedno del presti\u017enega programa GT3. To pomeni, da ima enak 4,0-litrski, naravno zasnovan ploski \u0161estvaljni motor, ki razvije 500 KM in 469 Nm navora. Za razliko od ve\u010dine modelov GT3, ki uporabljajo samodejne menjalnike z dvojno sklopko, pa je v tem avtomobilu na voljo bolj tradicionalen ro\u010dni \u0161eststopenjski menjalnik. Mo\u010d se na zadnji kolesi prena\u0161a prek diferenciala z omejenim zdrsom, ki izbolj\u0161a oprijem, zlasti v spolzkih razmerah. Z vsem tem Porsche pospe\u0161i od 0 do 60 v samo 3,4 sekunde in dose\u017ee najve\u010djo hitrost 196 MPH. In ko se mora ustaviti, bodo ogromne zavore poskrbele, da se bo to zgodilo v najkraj\u0161em mo\u017enem \u010dasu.<\/p>\n<h2>Zgodovina vozila<\/h2>\n<p>To posebno vozilo 911 GT3 Touring je Porsche izdelal po meri za eno od svojih VIP strank, ki ga je naro\u010dila kot del \u0161ir\u0161e zbirke. Kljub temu, da je ta model v Zdru\u017eenem kraljestvu, ima levosu\u010dni pogon in luksembur\u0161ke registrske tablice. Zadnji servis je bil opravljen februarja pred nekaj meseci, zdaj pa je popolnoma pripravljen za vo\u017enjo.<\/p>\n","protected":false},"excerpt":{"rendered":"<p>Ta Porsche 911 GT3 Touring bo kot nala\u0161\u010d za nekoga, ki i\u0161\u010de eleganten in uglajen avtomobil z izjemno zmogljivostjo. \u010ceprav je ta dvovratni kupe na zunaj videti subtilno ali celo nevsiljivo, je pod njim pravi \u010distokrvni dirkalnik. Zato je enako dober tako med vo\u017enjo po avtocesti kot na dirkali\u0161\u010du. Ta porsche, ki je bil izdelan leta 2018 kot eden zadnjih avtomobilov iz serije 991.2, je prevozil le 1.400 kilometrov. Poleg tega prodajalec pravi, da je bil pred kratkim servisiran, in ga opisuje <em>kot novega<\/em>.<\/p>\n","protected":false},"featured_media":33496,"comment_status":"open","ping_status":"closed","template":"","meta":{"inline_featured_image":false},"product_cat":[700],"product_tag":[1275,904,1145,849],"acf":[],"yoast_head":"<!-- This site is optimized with the Yoast SEO plugin v22.5 - https:\/\/yoast.com\/wordpress\/plugins\/seo\/ -->\n<title>Porsche GT3 Touring dra\u017ebe - Piston Addict<\/title>\n<meta name=\"description\" content=\"Oglejte si ta Porsche GT3 Touring za prodajo na dra\u017ebi na PistonAddict.com z avtomatskim menjalnikom in le 1414 prevo\u017eenimi kilometri.\" \/>\n<meta name=\"robots\" content=\"index, follow, max-snippet:-1, max-image-preview:large, max-video-preview:-1\" \/>\n<link rel=\"canonical\" href=\"https:\/\/pistonaddict.com\/sl\/product\/porsche-gt3-touring\/\" \/>\n<meta property=\"og:locale\" content=\"sl_SI\" \/>\n<meta property=\"og:type\" content=\"article\" \/>\n<meta property=\"og:title\" content=\"Porsche GT3 Touring dra\u017ebe - Piston Addict\" \/>\n<meta property=\"og:description\" content=\"Oglejte si ta Porsche GT3 Touring za prodajo na dra\u017ebi na PistonAddict.com z avtomatskim menjalnikom in le 1414 prevo\u017eenimi kilometri.\" \/>\n<meta property=\"og:url\" content=\"https:\/\/pistonaddict.com\/sl\/product\/porsche-gt3-touring\/\" \/>\n<meta property=\"og:site_name\" content=\"Piston Addict\" \/>\n<meta property=\"article:modified_time\" content=\"2024-03-19T16:27:12+00:00\" \/>\n<meta property=\"og:image\" content=\"https:\/\/pistonaddict.com\/wp-content\/uploads\/2023\/04\/LuxurycarLondonApril11PistonAddict_0868-2-scaled.jpg\" \/>\n\t<meta property=\"og:image:width\" content=\"2560\" \/>\n\t<meta property=\"og:image:height\" content=\"1673\" \/>\n\t<meta property=\"og:image:type\" content=\"image\/jpeg\" \/>\n<meta name=\"twitter:card\" content=\"summary_large_image\" \/>\n<meta name=\"twitter:label1\" content=\"Est. reading time\" \/>\n\t<meta name=\"twitter:data1\" content=\"2 minuti\" \/>\n<script type=\"application\/ld+json\" class=\"yoast-schema-graph\">{\"@context\":\"https:\/\/schema.org\",\"@graph\":[{\"@type\":\"WebPage\",\"@id\":\"https:\/\/pistonaddict.com\/sl\/product\/porsche-gt3-touring\/\",\"url\":\"https:\/\/pistonaddict.com\/sl\/product\/porsche-gt3-touring\/\",\"name\":\"Porsche GT3 Touring dra\u017ebe - Piston Addict\",\"isPartOf\":{\"@id\":\"https:\/\/pistonaddict.com\/sl\/#website\"},\"primaryImageOfPage\":{\"@id\":\"https:\/\/pistonaddict.com\/sl\/product\/porsche-gt3-touring\/#primaryimage\"},\"image\":{\"@id\":\"https:\/\/pistonaddict.com\/sl\/product\/porsche-gt3-touring\/#primaryimage\"},\"thumbnailUrl\":\"https:\/\/pistonaddict.com\/wp-content\/uploads\/2023\/04\/LuxurycarLondonApril11PistonAddict_0868-2-scaled.jpg\",\"datePublished\":\"2023-04-19T08:37:02+00:00\",\"dateModified\":\"2024-03-19T16:27:12+00:00\",\"description\":\"Oglejte si ta Porsche GT3 Touring za prodajo na dra\u017ebi na PistonAddict.com z avtomatskim menjalnikom in le 1414 prevo\u017eenimi kilometri.\",\"breadcrumb\":{\"@id\":\"https:\/\/pistonaddict.com\/sl\/product\/porsche-gt3-touring\/#breadcrumb\"},\"inLanguage\":\"sl-SI\",\"potentialAction\":[{\"@type\":\"ReadAction\",\"target\":[\"https:\/\/pistonaddict.com\/sl\/product\/porsche-gt3-touring\/\"]}]},{\"@type\":\"ImageObject\",\"inLanguage\":\"sl-SI\",\"@id\":\"https:\/\/pistonaddict.com\/sl\/product\/porsche-gt3-touring\/#primaryimage\",\"url\":\"https:\/\/pistonaddict.com\/wp-content\/uploads\/2023\/04\/LuxurycarLondonApril11PistonAddict_0868-2-scaled.jpg\",\"contentUrl\":\"https:\/\/pistonaddict.com\/wp-content\/uploads\/2023\/04\/LuxurycarLondonApril11PistonAddict_0868-2-scaled.jpg\",\"width\":2560,\"height\":1673},{\"@type\":\"BreadcrumbList\",\"@id\":\"https:\/\/pistonaddict.com\/sl\/product\/porsche-gt3-touring\/#breadcrumb\",\"itemListElement\":[{\"@type\":\"ListItem\",\"position\":1,\"name\":\"Doma\u010da stran\",\"item\":\"https:\/\/pistonaddict.com\/sl\/domaca-stran-2\/\"},{\"@type\":\"ListItem\",\"position\":2,\"name\":\"Auctions\",\"item\":\"https:\/\/pistonaddict.com\/auctions-listing\/\"},{\"@type\":\"ListItem\",\"position\":3,\"name\":\"Porsche GT3 Touring\"}]},{\"@type\":\"WebSite\",\"@id\":\"https:\/\/pistonaddict.com\/sl\/#website\",\"url\":\"https:\/\/pistonaddict.com\/sl\/\",\"name\":\"Piston Addict\",\"description\":\"Only interesting vehicles\",\"publisher\":{\"@id\":\"https:\/\/pistonaddict.com\/sl\/#organization\"},\"potentialAction\":[{\"@type\":\"SearchAction\",\"target\":{\"@type\":\"EntryPoint\",\"urlTemplate\":\"https:\/\/pistonaddict.com\/sl\/?s={search_term_string}\"},\"query-input\":\"required name=search_term_string\"}],\"inLanguage\":\"sl-SI\"},{\"@type\":\"Organization\",\"@id\":\"https:\/\/pistonaddict.com\/sl\/#organization\",\"name\":\"Piston Addict\",\"url\":\"https:\/\/pistonaddict.com\/sl\/\",\"logo\":{\"@type\":\"ImageObject\",\"inLanguage\":\"sl-SI\",\"@id\":\"https:\/\/pistonaddict.com\/sl\/#\/schema\/logo\/image\/\",\"url\":\"https:\/\/pistonaddict.com\/wp-content\/uploads\/2022\/07\/logo-6.png\",\"contentUrl\":\"https:\/\/pistonaddict.com\/wp-content\/uploads\/2022\/07\/logo-6.png\",\"width\":970,\"height\":200,\"caption\":\"Piston Addict\"},\"image\":{\"@id\":\"https:\/\/pistonaddict.com\/sl\/#\/schema\/logo\/image\/\"}}]}<\/script>\n<!-- \/ Yoast SEO plugin. -->","yoast_head_json":{"title":"Porsche GT3 Touring dra\u017ebe - Piston Addict","description":"Oglejte si ta Porsche GT3 Touring za prodajo na dra\u017ebi na PistonAddict.com z avtomatskim menjalnikom in le 1414 prevo\u017eenimi kilometri.","robots":{"index":"index","follow":"follow","max-snippet":"max-snippet:-1","max-image-preview":"max-image-preview:large","max-video-preview":"max-video-preview:-1"},"canonical":"https:\/\/pistonaddict.com\/sl\/product\/porsche-gt3-touring\/","og_locale":"sl_SI","og_type":"article","og_title":"Porsche GT3 Touring dra\u017ebe - Piston Addict","og_description":"Oglejte si ta Porsche GT3 Touring za prodajo na dra\u017ebi na PistonAddict.com z avtomatskim menjalnikom in le 1414 prevo\u017eenimi kilometri.","og_url":"https:\/\/pistonaddict.com\/sl\/product\/porsche-gt3-touring\/","og_site_name":"Piston Addict","article_modified_time":"2024-03-19T16:27:12+00:00","og_image":[{"width":2560,"height":1673,"url":"https:\/\/pistonaddict.com\/wp-content\/uploads\/2023\/04\/LuxurycarLondonApril11PistonAddict_0868-2-scaled.jpg","type":"image\/jpeg"}],"twitter_card":"summary_large_image","twitter_misc":{"Est. reading time":"2 minuti"},"schema":{"@context":"https:\/\/schema.org","@graph":[{"@type":"WebPage","@id":"https:\/\/pistonaddict.com\/sl\/product\/porsche-gt3-touring\/","url":"https:\/\/pistonaddict.com\/sl\/product\/porsche-gt3-touring\/","name":"Porsche GT3 Touring dra\u017ebe - Piston Addict","isPartOf":{"@id":"https:\/\/pistonaddict.com\/sl\/#website"},"primaryImageOfPage":{"@id":"https:\/\/pistonaddict.com\/sl\/product\/porsche-gt3-touring\/#primaryimage"},"image":{"@id":"https:\/\/pistonaddict.com\/sl\/product\/porsche-gt3-touring\/#primaryimage"},"thumbnailUrl":"https:\/\/pistonaddict.com\/wp-content\/uploads\/2023\/04\/LuxurycarLondonApril11PistonAddict_0868-2-scaled.jpg","datePublished":"2023-04-19T08:37:02+00:00","dateModified":"2024-03-19T16:27:12+00:00","description":"Oglejte si ta Porsche GT3 Touring za prodajo na dra\u017ebi na PistonAddict.com z avtomatskim menjalnikom in le 1414 prevo\u017eenimi kilometri.","breadcrumb":{"@id":"https:\/\/pistonaddict.com\/sl\/product\/porsche-gt3-touring\/#breadcrumb"},"inLanguage":"sl-SI","potentialAction":[{"@type":"ReadAction","target":["https:\/\/pistonaddict.com\/sl\/product\/porsche-gt3-touring\/"]}]},{"@type":"ImageObject","inLanguage":"sl-SI","@id":"https:\/\/pistonaddict.com\/sl\/product\/porsche-gt3-touring\/#primaryimage","url":"https:\/\/pistonaddict.com\/wp-content\/uploads\/2023\/04\/LuxurycarLondonApril11PistonAddict_0868-2-scaled.jpg","contentUrl":"https:\/\/pistonaddict.com\/wp-content\/uploads\/2023\/04\/LuxurycarLondonApril11PistonAddict_0868-2-scaled.jpg","width":2560,"height":1673},{"@type":"BreadcrumbList","@id":"https:\/\/pistonaddict.com\/sl\/product\/porsche-gt3-touring\/#breadcrumb","itemListElement":[{"@type":"ListItem","position":1,"name":"Doma\u010da stran","item":"https:\/\/pistonaddict.com\/sl\/domaca-stran-2\/"},{"@type":"ListItem","position":2,"name":"Auctions","item":"https:\/\/pistonaddict.com\/auctions-listing\/"},{"@type":"ListItem","position":3,"name":"Porsche GT3 Touring"}]},{"@type":"WebSite","@id":"https:\/\/pistonaddict.com\/sl\/#website","url":"https:\/\/pistonaddict.com\/sl\/","name":"Piston Addict","description":"Only interesting vehicles","publisher":{"@id":"https:\/\/pistonaddict.com\/sl\/#organization"},"potentialAction":[{"@type":"SearchAction","target":{"@type":"EntryPoint","urlTemplate":"https:\/\/pistonaddict.com\/sl\/?s={search_term_string}"},"query-input":"required name=search_term_string"}],"inLanguage":"sl-SI"},{"@type":"Organization","@id":"https:\/\/pistonaddict.com\/sl\/#organization","name":"Piston Addict","url":"https:\/\/pistonaddict.com\/sl\/","logo":{"@type":"ImageObject","inLanguage":"sl-SI","@id":"https:\/\/pistonaddict.com\/sl\/#\/schema\/logo\/image\/","url":"https:\/\/pistonaddict.com\/wp-content\/uploads\/2022\/07\/logo-6.png","contentUrl":"https:\/\/pistonaddict.com\/wp-content\/uploads\/2022\/07\/logo-6.png","width":970,"height":200,"caption":"Piston Addict"},"image":{"@id":"https:\/\/pistonaddict.com\/sl\/#\/schema\/logo\/image\/"}}]}},"_links":{"self":[{"href":"https:\/\/pistonaddict.com\/sl\/wp-json\/wp\/v2\/product\/34029"}],"collection":[{"href":"https:\/\/pistonaddict.com\/sl\/wp-json\/wp\/v2\/product"}],"about":[{"href":"https:\/\/pistonaddict.com\/sl\/wp-json\/wp\/v2\/types\/product"}],"replies":[{"embeddable":true,"href":"https:\/\/pistonaddict.com\/sl\/wp-json\/wp\/v2\/comments?post=34029"}],"wp:featuredmedia":[{"embeddable":true,"href":"https:\/\/pistonaddict.com\/sl\/wp-json\/wp\/v2\/media\/33496"}],"wp:attachment":[{"href":"https:\/\/pistonaddict.com\/sl\/wp-json\/wp\/v2\/media?parent=34029"}],"wp:term":[{"taxonomy":"product_cat","embeddable":true,"href":"https:\/\/pistonaddict.com\/sl\/wp-json\/wp\/v2\/product_cat?post=34029"},{"taxonomy":"product_tag","embeddable":true,"href":"https:\/\/pistonaddict.com\/sl\/wp-json\/wp\/v2\/product_tag?post=34029"}],"curies":[{"name":"wp","href":"https:\/\/api.w.org\/{rel}","templated":true}]}}