{"id":33363,"date":"2023-04-19T09:41:30","date_gmt":"2023-04-19T07:41:30","guid":{"rendered":"https:\/\/pistonaddict.com\/product\/jensen-interceptor\/"},"modified":"2024-03-19T17:47:59","modified_gmt":"2024-03-19T16:47:59","slug":"jensen-interceptor","status":"publish","type":"product","link":"https:\/\/pistonaddict.com\/sl\/product\/jensen-interceptor\/","title":{"rendered":"Jensen Interceptor R Mk3"},"content":{"rendered":"<p><strong>Zgodovina avtomobila<\/strong><\/p>\n<p>Ta posebni Jensen Interceptor je bil prvotnemu lastniku dobavljen marca 1972. Poganjal ga je ogromen Chryslerjev motor V8 440 CID, ki je zaradi stro\u017ejih emisijskih standardov v tistem \u010dasu zmogel le 280 KM. Modeli Mk3 (predstavljeni leta 1971) so bili znani po razko\u0161ni notranjosti, dolgem seznamu standardne opreme in uglajeni vozni dinamiki. Ker pa je ve\u010dina Interceptorjev \u0161e naprej \u017eivela kot del zbirk klasi\u010dnih avtomobilov, je bil ta primerek temeljito preurejen, dobil novo \u017eivljenje in mo\u010dno izbolj\u0161ano mo\u010d. Iz kri\u017eanca iz sedemdesetih let prej\u0161njega stoletja ga spremenite v mi\u0161i\u010dnjaka 21. stoletja, ki je na avtocesti pripravljen presenetiti lastnike Porscheja. Britansko podjetje JIR je izvedlo popolno preobrazbo, pri \u010demer je ohranilo prvotne linije, vendar je mo\u010dno posodobilo mehaniko.<\/p>\n<p><strong>Stanje avtomobila<\/strong><\/p>\n<p>Ta Jensen Interceptor R je od popolne obnove prevozil manj kot 10.000 milj in je v brezhibnem stanju. Ker gre za odli\u010den primer uspe\u0161nega restomoda, so specifikacije \u0161e posebej zanimive. Stro\u0161ki izdelave tega avtomobila so presegli 200.000 funtov, zato je seznam sprememb, sestavnih delov po meri in edinstvenih delov obse\u017een. Prav ta Interceptor R velja za najbolj razvitega Jensena na svetu. Pod pokrovom je 6,2-litrski motor V8 iz Corvette ZR1 z mo\u010djo ve\u010d kot 600 KM, ki se prek 6-stopenjskega samodejnega menjalnika prena\u0161a na zadnji kolesi. Tak\u0161na mo\u010d je zahtevala zavore AP, spremenjeno vzmetenje in \u0161e veliko ve\u010d. Rezultat je fantasti\u010den stroj, ki 100 km dose\u017ee v nekaj ve\u010d kot 4 sekundah in udobno vozi pri visokih hitrostih.<\/p>\n<p><strong>Notranjost<\/strong><\/p>\n<p>V notranjosti je bila klju\u010dna podcenjenost s klasi\u010dno razporeditvijo armaturne plo\u0161\u010de in oblazinjenjem, vendar z nadgrajenimi sede\u017ei, tehnologijo in najbolj\u0161im usnjenim oblazinjenjem. Bordo barva se odli\u010dno ujema z dvobarvno zunanjostjo. Lastniki klasi\u010dnih vozil Jensen bi vam povedali, da so imeli ti avtomobili, ko so bili novi, zapleteno elektroniko in pogosto zapletene sisteme. Na sre\u010do je ta primerek pridobil popolno preobrazbo, sodobne komponente, funkcije, delujo\u010do klimatsko napravo in vrhunski avdio sistem.<\/p>\n<p><strong>Zunanjost in kolesa<\/strong><\/p>\n<p>Ta Interceptor R iz leta 1972, izdelan v elegantni dvobarvni kombinaciji, je videti precej serijski, vendar boste takoj, ko si ogledate podrobnosti, ugotovili, da je vse prej kot to. Kolesa so izdelana po meri in so zelo podobna prvotni zasnovi, vendar so \u0161ir\u0161a in ve\u010dja. Dodan je bil stranski zra\u010dnik, ki je pomagal hladiti zmogljiv motor, diskretno pa so bili dodani tudi druga\u010dna re\u0161etka in oznake. Tisti, ki poznajo klasi\u010dne Interceptorje, vedo, da so bili ti avtomobili nagnjeni k rji, vendar je ta primerek po vseh opravljenih delih prakti\u010dno novo vozilo brez kakr\u0161nih koli te\u017eav.<\/p>\n<p><strong>  Dokumentacija<\/strong><\/p>\n<p>To je vozilo v zasebni lasti z ustrezno dokumentacijo, ki se nahaja v Londonu v Zdru\u017eenem kraljestvu. Poro\u010dilo CarVertical je \u010disto; ni dokazov o nesre\u010dah, popravilih zaradi nesre\u010d ali pravnih te\u017eavah. Obstajajo zapisi o rednem vzdr\u017eevanju. Bodo\u010di lastniki bi radi vedeli, da je ta primerek avtomobil slavnih osebnosti, saj ga je testiral slavni Jeremy Clarkson in ga v sezoni 2011\/2012 predstavil v oddaji Top Gear.<\/p>\n","protected":false},"excerpt":{"rendered":"<p>\u010ceprav je ta \u010dudoviti Interceptor od zunaj videti precej serijski, ima vznemirljivo skrivnost. Motor V8 s 600 konjskimi mo\u010dmi in osupljivimi zmogljivostmi, zavit v enega najlep\u0161ih dizajnov 70. let prej\u0161njega stoletja. To je pravi britanski restomod GT z ameri\u0161kim srcem, ki je pripravljen premagati vse, kar mu pride na pot.<\/p>\n","protected":false},"featured_media":32678,"comment_status":"open","ping_status":"closed","template":"","meta":{"inline_featured_image":false},"product_cat":[700],"product_tag":[1251,904,1137,1138],"acf":[],"yoast_head":"<!-- This site is optimized with the Yoast SEO plugin v22.5 - https:\/\/yoast.com\/wordpress\/plugins\/seo\/ -->\n<title>Jensen Interceptor R Mk3 dra\u017ebe - Piston Addict<\/title>\n<meta name=\"description\" content=\"Oglejte si ta Jensen Interceptor R MK3 za prodajo na dra\u017ebi na PistonAddict.com\" \/>\n<meta name=\"robots\" content=\"index, follow, max-snippet:-1, max-image-preview:large, max-video-preview:-1\" \/>\n<link rel=\"canonical\" href=\"https:\/\/pistonaddict.com\/sl\/product\/jensen-interceptor\/\" \/>\n<meta property=\"og:locale\" content=\"sl_SI\" \/>\n<meta property=\"og:type\" content=\"article\" \/>\n<meta property=\"og:title\" content=\"Jensen Interceptor R Mk3 dra\u017ebe - Piston Addict\" \/>\n<meta property=\"og:description\" content=\"Oglejte si ta Jensen Interceptor R MK3 za prodajo na dra\u017ebi na PistonAddict.com\" \/>\n<meta property=\"og:url\" content=\"https:\/\/pistonaddict.com\/sl\/product\/jensen-interceptor\/\" \/>\n<meta property=\"og:site_name\" content=\"Piston Addict\" \/>\n<meta property=\"article:modified_time\" content=\"2024-03-19T16:47:59+00:00\" \/>\n<meta property=\"og:image\" content=\"https:\/\/pistonaddict.com\/wp-content\/uploads\/2023\/04\/LuxurycarLondonApril11PistonAddict_0906-scaled.jpg\" \/>\n\t<meta property=\"og:image:width\" content=\"2560\" \/>\n\t<meta property=\"og:image:height\" content=\"1505\" \/>\n\t<meta property=\"og:image:type\" content=\"image\/jpeg\" \/>\n<meta name=\"twitter:card\" content=\"summary_large_image\" \/>\n<meta name=\"twitter:label1\" content=\"Est. reading time\" \/>\n\t<meta name=\"twitter:data1\" content=\"3 minute\" \/>\n<script type=\"application\/ld+json\" class=\"yoast-schema-graph\">{\"@context\":\"https:\/\/schema.org\",\"@graph\":[{\"@type\":\"WebPage\",\"@id\":\"https:\/\/pistonaddict.com\/sl\/product\/jensen-interceptor\/\",\"url\":\"https:\/\/pistonaddict.com\/sl\/product\/jensen-interceptor\/\",\"name\":\"Jensen Interceptor R Mk3 dra\u017ebe - Piston Addict\",\"isPartOf\":{\"@id\":\"https:\/\/pistonaddict.com\/sl\/#website\"},\"primaryImageOfPage\":{\"@id\":\"https:\/\/pistonaddict.com\/sl\/product\/jensen-interceptor\/#primaryimage\"},\"image\":{\"@id\":\"https:\/\/pistonaddict.com\/sl\/product\/jensen-interceptor\/#primaryimage\"},\"thumbnailUrl\":\"https:\/\/pistonaddict.com\/wp-content\/uploads\/2023\/04\/LuxurycarLondonApril11PistonAddict_0906-scaled.jpg\",\"datePublished\":\"2023-04-19T07:41:30+00:00\",\"dateModified\":\"2024-03-19T16:47:59+00:00\",\"description\":\"Oglejte si ta Jensen Interceptor R MK3 za prodajo na dra\u017ebi na PistonAddict.com\",\"breadcrumb\":{\"@id\":\"https:\/\/pistonaddict.com\/sl\/product\/jensen-interceptor\/#breadcrumb\"},\"inLanguage\":\"sl-SI\",\"potentialAction\":[{\"@type\":\"ReadAction\",\"target\":[\"https:\/\/pistonaddict.com\/sl\/product\/jensen-interceptor\/\"]}]},{\"@type\":\"ImageObject\",\"inLanguage\":\"sl-SI\",\"@id\":\"https:\/\/pistonaddict.com\/sl\/product\/jensen-interceptor\/#primaryimage\",\"url\":\"https:\/\/pistonaddict.com\/wp-content\/uploads\/2023\/04\/LuxurycarLondonApril11PistonAddict_0906-scaled.jpg\",\"contentUrl\":\"https:\/\/pistonaddict.com\/wp-content\/uploads\/2023\/04\/LuxurycarLondonApril11PistonAddict_0906-scaled.jpg\",\"width\":2560,\"height\":1505},{\"@type\":\"BreadcrumbList\",\"@id\":\"https:\/\/pistonaddict.com\/sl\/product\/jensen-interceptor\/#breadcrumb\",\"itemListElement\":[{\"@type\":\"ListItem\",\"position\":1,\"name\":\"Doma\u010da stran\",\"item\":\"https:\/\/pistonaddict.com\/sl\/domaca-stran-2\/\"},{\"@type\":\"ListItem\",\"position\":2,\"name\":\"Auctions\",\"item\":\"https:\/\/pistonaddict.com\/auctions-listing\/\"},{\"@type\":\"ListItem\",\"position\":3,\"name\":\"Jensen Interceptor R Mk3\"}]},{\"@type\":\"WebSite\",\"@id\":\"https:\/\/pistonaddict.com\/sl\/#website\",\"url\":\"https:\/\/pistonaddict.com\/sl\/\",\"name\":\"Piston Addict\",\"description\":\"Only interesting vehicles\",\"publisher\":{\"@id\":\"https:\/\/pistonaddict.com\/sl\/#organization\"},\"potentialAction\":[{\"@type\":\"SearchAction\",\"target\":{\"@type\":\"EntryPoint\",\"urlTemplate\":\"https:\/\/pistonaddict.com\/sl\/?s={search_term_string}\"},\"query-input\":\"required name=search_term_string\"}],\"inLanguage\":\"sl-SI\"},{\"@type\":\"Organization\",\"@id\":\"https:\/\/pistonaddict.com\/sl\/#organization\",\"name\":\"Piston Addict\",\"url\":\"https:\/\/pistonaddict.com\/sl\/\",\"logo\":{\"@type\":\"ImageObject\",\"inLanguage\":\"sl-SI\",\"@id\":\"https:\/\/pistonaddict.com\/sl\/#\/schema\/logo\/image\/\",\"url\":\"https:\/\/pistonaddict.com\/wp-content\/uploads\/2022\/07\/logo-6.png\",\"contentUrl\":\"https:\/\/pistonaddict.com\/wp-content\/uploads\/2022\/07\/logo-6.png\",\"width\":970,\"height\":200,\"caption\":\"Piston Addict\"},\"image\":{\"@id\":\"https:\/\/pistonaddict.com\/sl\/#\/schema\/logo\/image\/\"}}]}<\/script>\n<!-- \/ Yoast SEO plugin. -->","yoast_head_json":{"title":"Jensen Interceptor R Mk3 dra\u017ebe - Piston Addict","description":"Oglejte si ta Jensen Interceptor R MK3 za prodajo na dra\u017ebi na PistonAddict.com","robots":{"index":"index","follow":"follow","max-snippet":"max-snippet:-1","max-image-preview":"max-image-preview:large","max-video-preview":"max-video-preview:-1"},"canonical":"https:\/\/pistonaddict.com\/sl\/product\/jensen-interceptor\/","og_locale":"sl_SI","og_type":"article","og_title":"Jensen Interceptor R Mk3 dra\u017ebe - Piston Addict","og_description":"Oglejte si ta Jensen Interceptor R MK3 za prodajo na dra\u017ebi na PistonAddict.com","og_url":"https:\/\/pistonaddict.com\/sl\/product\/jensen-interceptor\/","og_site_name":"Piston Addict","article_modified_time":"2024-03-19T16:47:59+00:00","og_image":[{"width":2560,"height":1505,"url":"https:\/\/pistonaddict.com\/wp-content\/uploads\/2023\/04\/LuxurycarLondonApril11PistonAddict_0906-scaled.jpg","type":"image\/jpeg"}],"twitter_card":"summary_large_image","twitter_misc":{"Est. reading time":"3 minute"},"schema":{"@context":"https:\/\/schema.org","@graph":[{"@type":"WebPage","@id":"https:\/\/pistonaddict.com\/sl\/product\/jensen-interceptor\/","url":"https:\/\/pistonaddict.com\/sl\/product\/jensen-interceptor\/","name":"Jensen Interceptor R Mk3 dra\u017ebe - Piston Addict","isPartOf":{"@id":"https:\/\/pistonaddict.com\/sl\/#website"},"primaryImageOfPage":{"@id":"https:\/\/pistonaddict.com\/sl\/product\/jensen-interceptor\/#primaryimage"},"image":{"@id":"https:\/\/pistonaddict.com\/sl\/product\/jensen-interceptor\/#primaryimage"},"thumbnailUrl":"https:\/\/pistonaddict.com\/wp-content\/uploads\/2023\/04\/LuxurycarLondonApril11PistonAddict_0906-scaled.jpg","datePublished":"2023-04-19T07:41:30+00:00","dateModified":"2024-03-19T16:47:59+00:00","description":"Oglejte si ta Jensen Interceptor R MK3 za prodajo na dra\u017ebi na PistonAddict.com","breadcrumb":{"@id":"https:\/\/pistonaddict.com\/sl\/product\/jensen-interceptor\/#breadcrumb"},"inLanguage":"sl-SI","potentialAction":[{"@type":"ReadAction","target":["https:\/\/pistonaddict.com\/sl\/product\/jensen-interceptor\/"]}]},{"@type":"ImageObject","inLanguage":"sl-SI","@id":"https:\/\/pistonaddict.com\/sl\/product\/jensen-interceptor\/#primaryimage","url":"https:\/\/pistonaddict.com\/wp-content\/uploads\/2023\/04\/LuxurycarLondonApril11PistonAddict_0906-scaled.jpg","contentUrl":"https:\/\/pistonaddict.com\/wp-content\/uploads\/2023\/04\/LuxurycarLondonApril11PistonAddict_0906-scaled.jpg","width":2560,"height":1505},{"@type":"BreadcrumbList","@id":"https:\/\/pistonaddict.com\/sl\/product\/jensen-interceptor\/#breadcrumb","itemListElement":[{"@type":"ListItem","position":1,"name":"Doma\u010da stran","item":"https:\/\/pistonaddict.com\/sl\/domaca-stran-2\/"},{"@type":"ListItem","position":2,"name":"Auctions","item":"https:\/\/pistonaddict.com\/auctions-listing\/"},{"@type":"ListItem","position":3,"name":"Jensen Interceptor R Mk3"}]},{"@type":"WebSite","@id":"https:\/\/pistonaddict.com\/sl\/#website","url":"https:\/\/pistonaddict.com\/sl\/","name":"Piston Addict","description":"Only interesting vehicles","publisher":{"@id":"https:\/\/pistonaddict.com\/sl\/#organization"},"potentialAction":[{"@type":"SearchAction","target":{"@type":"EntryPoint","urlTemplate":"https:\/\/pistonaddict.com\/sl\/?s={search_term_string}"},"query-input":"required name=search_term_string"}],"inLanguage":"sl-SI"},{"@type":"Organization","@id":"https:\/\/pistonaddict.com\/sl\/#organization","name":"Piston Addict","url":"https:\/\/pistonaddict.com\/sl\/","logo":{"@type":"ImageObject","inLanguage":"sl-SI","@id":"https:\/\/pistonaddict.com\/sl\/#\/schema\/logo\/image\/","url":"https:\/\/pistonaddict.com\/wp-content\/uploads\/2022\/07\/logo-6.png","contentUrl":"https:\/\/pistonaddict.com\/wp-content\/uploads\/2022\/07\/logo-6.png","width":970,"height":200,"caption":"Piston Addict"},"image":{"@id":"https:\/\/pistonaddict.com\/sl\/#\/schema\/logo\/image\/"}}]}},"_links":{"self":[{"href":"https:\/\/pistonaddict.com\/sl\/wp-json\/wp\/v2\/product\/33363"}],"collection":[{"href":"https:\/\/pistonaddict.com\/sl\/wp-json\/wp\/v2\/product"}],"about":[{"href":"https:\/\/pistonaddict.com\/sl\/wp-json\/wp\/v2\/types\/product"}],"replies":[{"embeddable":true,"href":"https:\/\/pistonaddict.com\/sl\/wp-json\/wp\/v2\/comments?post=33363"}],"wp:featuredmedia":[{"embeddable":true,"href":"https:\/\/pistonaddict.com\/sl\/wp-json\/wp\/v2\/media\/32678"}],"wp:attachment":[{"href":"https:\/\/pistonaddict.com\/sl\/wp-json\/wp\/v2\/media?parent=33363"}],"wp:term":[{"taxonomy":"product_cat","embeddable":true,"href":"https:\/\/pistonaddict.com\/sl\/wp-json\/wp\/v2\/product_cat?post=33363"},{"taxonomy":"product_tag","embeddable":true,"href":"https:\/\/pistonaddict.com\/sl\/wp-json\/wp\/v2\/product_tag?post=33363"}],"curies":[{"name":"wp","href":"https:\/\/api.w.org\/{rel}","templated":true}]}}