{"id":32600,"date":"2023-04-18T18:05:14","date_gmt":"2023-04-18T16:05:14","guid":{"rendered":"https:\/\/pistonaddict.com\/product\/maserati-ghibli-ss-49-litra\/"},"modified":"2024-03-19T17:37:04","modified_gmt":"2024-03-19T16:37:04","slug":"maserati-ghibli-ss-49-litrov","status":"publish","type":"product","link":"https:\/\/pistonaddict.com\/sl\/product\/maserati-ghibli-ss-49-litrov\/","title":{"rendered":"Maserati Ghibli SS 4,9 litra"},"content":{"rendered":"<h2>Zunanjost<\/h2>\n<p>Avtomobil, ki se prodaja na tej dra\u017ebi, je obarvan modro in ima spredaj privla\u010dne izsko\u010dne \u017earomete. Vendar pa je elegantna silhueta tega modela Sypder tako privla\u010dna in privla\u010dna. Ta dvovratni roadster, ki ga je oblikoval eden najve\u010djih strokovnjakov v industriji, Giorgetto Giugiaro, ima nizek, morskemu psu podoben nos, mi\u0161i\u010daste kolesne loke in nagnjen zadnji del. Zato je idealen za spro\u0161\u010deno vo\u017enjo po bulvarjih ali slikovitih obalnih cestah. Ob neugodnih vremenskih razmerah vam bo prav pri\u0161el zlo\u017eljiv mehki pokrov, skrit pod barvno kodiranim pokrovom. Avtomobil ima 15-pal\u010dna \u017ei\u010dnata plati\u0161\u010da Ruote Borrani in Michelinove pnevmatike Radial X, ki ustrezajo \u010dasu. Drugi omembe vredni detajli so kromirani odbija\u010di ter funkcionalni zra\u010dniki na pokrovu motorja in blatnikih.<\/p>\n<h2>Notranjost<\/h2>\n<p>V notranjosti tega Maseratija sta dva udobna, a vzdr\u017eljiva sede\u017ea, prekrita z mehkim svetlo rjavim usnjem. Z enakim materialom, ki je prijeten za o\u010di, je oblazinjena ve\u010dina notranjosti, razen zgornjega dela armaturne plo\u0161\u010de, ki je prevle\u010den s \u010drnim semi\u0161em. Sode\u010d po fotografijah, ki jih je posredoval prodajalec, je notranjost v brezhibnem stanju. V notranjosti voznik prevzame nadzor nad \u010dudovitim lesenim volanom s tremi pre\u010dkami iz nerjavnega jekla na sredini. Za njim je instrumentna plo\u0161\u010da z merilnikom vrtljajev z rde\u010do linijo 5.555 vrtljajev na minuto in merilnikom hitrosti, katerega kon\u010dna vrednost je 300 km\/h. Poleg njih ima ta Ghibli \u0161e pet sredinsko name\u0161\u010denih merilnikov, ki prikazujejo pomembne parametre, kot so tlak olja, temperatura in raven goriva. Trenutno je na \u0161tevcu prevo\u017eenih kilometrov pribli\u017eno 13.000 km.<\/p>\n<h2>Mehanika<\/h2>\n<p>Prodajani avtomobil je model SS, kar pomeni, da je opremljen z ve\u010djim in zmogljivej\u0161im 4,9-litrskim motorjem V8. S \u0161tirimi Webrovimi uplinja\u010di z dvema du\u0161ilcema razvije 335 KM in nekaj ve\u010d kot 480 Nm navora, ki se prek petstopenjskega ro\u010dnega menjalnika prena\u0161a na zadnji kolesi. To je dovolj, da Ghibli SS roadster dose\u017ee najve\u010djo hitrost 280 MPH, s \u010dimer je najhitrej\u0161i Maserati svojega \u010dasa. Poleg mehanike ima avtomobil tudi jekleno cevasto \u0161asijo, ki zagotavlja lahkotnost in strukturno togost.<\/p>\n<h2>Zgodovina vozila<\/h2>\n<p>Omenjeno predelavo Spyderja je opravila specializirana delavnica v Mondeni, kar zagotavlja kakovost dela. To je priljubljena modifikacija med lastniki vozil Ghibli, saj je Maserati izdelal manj kot 50 tovarni\u0161kih vozil Spyder. Poleg tega je bilo vozilo temeljito obnovljeno, kar je opravil Furlonger Cars, ugledni restavrator iz Ashforda, ki se ukvarja z italijanskimi superavtomobili.<\/p>\n<p>Po besedah lastnika so bila vsa vzdr\u017eevalna dela opravljena redno, zadnji servis pa je bil opravljen junija 2021. Trenutno ni znanih napak ali te\u017eav z nobenim od sestavnih delov. Poleg tega ni opaznih prask, vdolbin ali drugih karoserijskih pomanjkljivosti.<\/p>\n","protected":false},"excerpt":{"rendered":"<p>Ta odprti roadster Maserati Ghibli SS iz leta 1971, ki je prevozil le nekaj ve\u010d kot 13.000 kilometrov, prodaja zasebni lastnik. Poganja ga motor V8, povezan s petstopenjskim ro\u010dnim menjalnikom. \u010ceprav je vizualno enak ikoni\u010dnemu modelu Spyder, je bil ta avtomobil sprva kupe, \u0161ele pozneje pa so ga preoblikovali v sedanjo obliko. Poleg tega, da je avto v skoraj brezhibnem stanju, je tudi v celoti servisiran in &#8211; po navedbah lastnika &#8211; ni bil udele\u017een v nobeni nesre\u010di, trenutno pa se nahaja v Zdru\u017eenem kraljestvu.<\/p>\n","protected":false},"featured_media":32160,"comment_status":"open","ping_status":"closed","template":"","meta":{"inline_featured_image":false},"product_cat":[700],"product_tag":[1231,1060,1055,970],"acf":[],"yoast_head":"<!-- This site is optimized with the Yoast SEO plugin v22.5 - https:\/\/yoast.com\/wordpress\/plugins\/seo\/ -->\n<title>Maserati Ghibli SS 4,9 litra dra\u017ebe - Piston Addict<\/title>\n<meta name=\"description\" content=\"Oglejte si ta Maserati Ghibli SS 4,9 litra za prodajo na dra\u017ebi na PistonAddict.com z ro\u010dnim menjalnikom in samo 13 220 km.\" \/>\n<meta name=\"robots\" content=\"index, follow, max-snippet:-1, max-image-preview:large, max-video-preview:-1\" \/>\n<link rel=\"canonical\" href=\"https:\/\/pistonaddict.com\/sl\/product\/maserati-ghibli-ss-49-litrov\/\" \/>\n<meta property=\"og:locale\" content=\"sl_SI\" \/>\n<meta property=\"og:type\" content=\"article\" \/>\n<meta property=\"og:title\" content=\"Maserati Ghibli SS 4,9 litra dra\u017ebe - Piston Addict\" \/>\n<meta property=\"og:description\" content=\"Oglejte si ta Maserati Ghibli SS 4,9 litra za prodajo na dra\u017ebi na PistonAddict.com z ro\u010dnim menjalnikom in samo 13 220 km.\" \/>\n<meta property=\"og:url\" content=\"https:\/\/pistonaddict.com\/sl\/product\/maserati-ghibli-ss-49-litrov\/\" \/>\n<meta property=\"og:site_name\" content=\"Piston Addict\" \/>\n<meta property=\"article:modified_time\" content=\"2024-03-19T16:37:04+00:00\" \/>\n<meta property=\"og:image\" content=\"https:\/\/pistonaddict.com\/wp-content\/uploads\/2023\/04\/Maserati13-scaled.jpg\" \/>\n\t<meta property=\"og:image:width\" content=\"2560\" \/>\n\t<meta property=\"og:image:height\" content=\"1609\" \/>\n\t<meta property=\"og:image:type\" content=\"image\/jpeg\" \/>\n<meta name=\"twitter:card\" content=\"summary_large_image\" \/>\n<meta name=\"twitter:label1\" content=\"Est. reading time\" \/>\n\t<meta name=\"twitter:data1\" content=\"2 minuti\" \/>\n<script type=\"application\/ld+json\" class=\"yoast-schema-graph\">{\"@context\":\"https:\/\/schema.org\",\"@graph\":[{\"@type\":\"WebPage\",\"@id\":\"https:\/\/pistonaddict.com\/sl\/product\/maserati-ghibli-ss-49-litrov\/\",\"url\":\"https:\/\/pistonaddict.com\/sl\/product\/maserati-ghibli-ss-49-litrov\/\",\"name\":\"Maserati Ghibli SS 4,9 litra dra\u017ebe - Piston Addict\",\"isPartOf\":{\"@id\":\"https:\/\/pistonaddict.com\/sl\/#website\"},\"primaryImageOfPage\":{\"@id\":\"https:\/\/pistonaddict.com\/sl\/product\/maserati-ghibli-ss-49-litrov\/#primaryimage\"},\"image\":{\"@id\":\"https:\/\/pistonaddict.com\/sl\/product\/maserati-ghibli-ss-49-litrov\/#primaryimage\"},\"thumbnailUrl\":\"https:\/\/pistonaddict.com\/wp-content\/uploads\/2023\/04\/Maserati13-scaled.jpg\",\"datePublished\":\"2023-04-18T16:05:14+00:00\",\"dateModified\":\"2024-03-19T16:37:04+00:00\",\"description\":\"Oglejte si ta Maserati Ghibli SS 4,9 litra za prodajo na dra\u017ebi na PistonAddict.com z ro\u010dnim menjalnikom in samo 13 220 km.\",\"breadcrumb\":{\"@id\":\"https:\/\/pistonaddict.com\/sl\/product\/maserati-ghibli-ss-49-litrov\/#breadcrumb\"},\"inLanguage\":\"sl-SI\",\"potentialAction\":[{\"@type\":\"ReadAction\",\"target\":[\"https:\/\/pistonaddict.com\/sl\/product\/maserati-ghibli-ss-49-litrov\/\"]}]},{\"@type\":\"ImageObject\",\"inLanguage\":\"sl-SI\",\"@id\":\"https:\/\/pistonaddict.com\/sl\/product\/maserati-ghibli-ss-49-litrov\/#primaryimage\",\"url\":\"https:\/\/pistonaddict.com\/wp-content\/uploads\/2023\/04\/Maserati13-scaled.jpg\",\"contentUrl\":\"https:\/\/pistonaddict.com\/wp-content\/uploads\/2023\/04\/Maserati13-scaled.jpg\",\"width\":2560,\"height\":1609},{\"@type\":\"BreadcrumbList\",\"@id\":\"https:\/\/pistonaddict.com\/sl\/product\/maserati-ghibli-ss-49-litrov\/#breadcrumb\",\"itemListElement\":[{\"@type\":\"ListItem\",\"position\":1,\"name\":\"Doma\u010da stran\",\"item\":\"https:\/\/pistonaddict.com\/sl\/domaca-stran-2\/\"},{\"@type\":\"ListItem\",\"position\":2,\"name\":\"Auctions\",\"item\":\"https:\/\/pistonaddict.com\/auctions-listing\/\"},{\"@type\":\"ListItem\",\"position\":3,\"name\":\"Maserati Ghibli SS 4,9 litra\"}]},{\"@type\":\"WebSite\",\"@id\":\"https:\/\/pistonaddict.com\/sl\/#website\",\"url\":\"https:\/\/pistonaddict.com\/sl\/\",\"name\":\"Piston Addict\",\"description\":\"Only interesting vehicles\",\"publisher\":{\"@id\":\"https:\/\/pistonaddict.com\/sl\/#organization\"},\"potentialAction\":[{\"@type\":\"SearchAction\",\"target\":{\"@type\":\"EntryPoint\",\"urlTemplate\":\"https:\/\/pistonaddict.com\/sl\/?s={search_term_string}\"},\"query-input\":\"required name=search_term_string\"}],\"inLanguage\":\"sl-SI\"},{\"@type\":\"Organization\",\"@id\":\"https:\/\/pistonaddict.com\/sl\/#organization\",\"name\":\"Piston Addict\",\"url\":\"https:\/\/pistonaddict.com\/sl\/\",\"logo\":{\"@type\":\"ImageObject\",\"inLanguage\":\"sl-SI\",\"@id\":\"https:\/\/pistonaddict.com\/sl\/#\/schema\/logo\/image\/\",\"url\":\"https:\/\/pistonaddict.com\/wp-content\/uploads\/2022\/07\/logo-6.png\",\"contentUrl\":\"https:\/\/pistonaddict.com\/wp-content\/uploads\/2022\/07\/logo-6.png\",\"width\":970,\"height\":200,\"caption\":\"Piston Addict\"},\"image\":{\"@id\":\"https:\/\/pistonaddict.com\/sl\/#\/schema\/logo\/image\/\"}}]}<\/script>\n<!-- \/ Yoast SEO plugin. -->","yoast_head_json":{"title":"Maserati Ghibli SS 4,9 litra dra\u017ebe - Piston Addict","description":"Oglejte si ta Maserati Ghibli SS 4,9 litra za prodajo na dra\u017ebi na PistonAddict.com z ro\u010dnim menjalnikom in samo 13 220 km.","robots":{"index":"index","follow":"follow","max-snippet":"max-snippet:-1","max-image-preview":"max-image-preview:large","max-video-preview":"max-video-preview:-1"},"canonical":"https:\/\/pistonaddict.com\/sl\/product\/maserati-ghibli-ss-49-litrov\/","og_locale":"sl_SI","og_type":"article","og_title":"Maserati Ghibli SS 4,9 litra dra\u017ebe - Piston Addict","og_description":"Oglejte si ta Maserati Ghibli SS 4,9 litra za prodajo na dra\u017ebi na PistonAddict.com z ro\u010dnim menjalnikom in samo 13 220 km.","og_url":"https:\/\/pistonaddict.com\/sl\/product\/maserati-ghibli-ss-49-litrov\/","og_site_name":"Piston Addict","article_modified_time":"2024-03-19T16:37:04+00:00","og_image":[{"width":2560,"height":1609,"url":"https:\/\/pistonaddict.com\/wp-content\/uploads\/2023\/04\/Maserati13-scaled.jpg","type":"image\/jpeg"}],"twitter_card":"summary_large_image","twitter_misc":{"Est. reading time":"2 minuti"},"schema":{"@context":"https:\/\/schema.org","@graph":[{"@type":"WebPage","@id":"https:\/\/pistonaddict.com\/sl\/product\/maserati-ghibli-ss-49-litrov\/","url":"https:\/\/pistonaddict.com\/sl\/product\/maserati-ghibli-ss-49-litrov\/","name":"Maserati Ghibli SS 4,9 litra dra\u017ebe - Piston Addict","isPartOf":{"@id":"https:\/\/pistonaddict.com\/sl\/#website"},"primaryImageOfPage":{"@id":"https:\/\/pistonaddict.com\/sl\/product\/maserati-ghibli-ss-49-litrov\/#primaryimage"},"image":{"@id":"https:\/\/pistonaddict.com\/sl\/product\/maserati-ghibli-ss-49-litrov\/#primaryimage"},"thumbnailUrl":"https:\/\/pistonaddict.com\/wp-content\/uploads\/2023\/04\/Maserati13-scaled.jpg","datePublished":"2023-04-18T16:05:14+00:00","dateModified":"2024-03-19T16:37:04+00:00","description":"Oglejte si ta Maserati Ghibli SS 4,9 litra za prodajo na dra\u017ebi na PistonAddict.com z ro\u010dnim menjalnikom in samo 13 220 km.","breadcrumb":{"@id":"https:\/\/pistonaddict.com\/sl\/product\/maserati-ghibli-ss-49-litrov\/#breadcrumb"},"inLanguage":"sl-SI","potentialAction":[{"@type":"ReadAction","target":["https:\/\/pistonaddict.com\/sl\/product\/maserati-ghibli-ss-49-litrov\/"]}]},{"@type":"ImageObject","inLanguage":"sl-SI","@id":"https:\/\/pistonaddict.com\/sl\/product\/maserati-ghibli-ss-49-litrov\/#primaryimage","url":"https:\/\/pistonaddict.com\/wp-content\/uploads\/2023\/04\/Maserati13-scaled.jpg","contentUrl":"https:\/\/pistonaddict.com\/wp-content\/uploads\/2023\/04\/Maserati13-scaled.jpg","width":2560,"height":1609},{"@type":"BreadcrumbList","@id":"https:\/\/pistonaddict.com\/sl\/product\/maserati-ghibli-ss-49-litrov\/#breadcrumb","itemListElement":[{"@type":"ListItem","position":1,"name":"Doma\u010da stran","item":"https:\/\/pistonaddict.com\/sl\/domaca-stran-2\/"},{"@type":"ListItem","position":2,"name":"Auctions","item":"https:\/\/pistonaddict.com\/auctions-listing\/"},{"@type":"ListItem","position":3,"name":"Maserati Ghibli SS 4,9 litra"}]},{"@type":"WebSite","@id":"https:\/\/pistonaddict.com\/sl\/#website","url":"https:\/\/pistonaddict.com\/sl\/","name":"Piston Addict","description":"Only interesting vehicles","publisher":{"@id":"https:\/\/pistonaddict.com\/sl\/#organization"},"potentialAction":[{"@type":"SearchAction","target":{"@type":"EntryPoint","urlTemplate":"https:\/\/pistonaddict.com\/sl\/?s={search_term_string}"},"query-input":"required name=search_term_string"}],"inLanguage":"sl-SI"},{"@type":"Organization","@id":"https:\/\/pistonaddict.com\/sl\/#organization","name":"Piston Addict","url":"https:\/\/pistonaddict.com\/sl\/","logo":{"@type":"ImageObject","inLanguage":"sl-SI","@id":"https:\/\/pistonaddict.com\/sl\/#\/schema\/logo\/image\/","url":"https:\/\/pistonaddict.com\/wp-content\/uploads\/2022\/07\/logo-6.png","contentUrl":"https:\/\/pistonaddict.com\/wp-content\/uploads\/2022\/07\/logo-6.png","width":970,"height":200,"caption":"Piston Addict"},"image":{"@id":"https:\/\/pistonaddict.com\/sl\/#\/schema\/logo\/image\/"}}]}},"_links":{"self":[{"href":"https:\/\/pistonaddict.com\/sl\/wp-json\/wp\/v2\/product\/32600"}],"collection":[{"href":"https:\/\/pistonaddict.com\/sl\/wp-json\/wp\/v2\/product"}],"about":[{"href":"https:\/\/pistonaddict.com\/sl\/wp-json\/wp\/v2\/types\/product"}],"replies":[{"embeddable":true,"href":"https:\/\/pistonaddict.com\/sl\/wp-json\/wp\/v2\/comments?post=32600"}],"wp:featuredmedia":[{"embeddable":true,"href":"https:\/\/pistonaddict.com\/sl\/wp-json\/wp\/v2\/media\/32160"}],"wp:attachment":[{"href":"https:\/\/pistonaddict.com\/sl\/wp-json\/wp\/v2\/media?parent=32600"}],"wp:term":[{"taxonomy":"product_cat","embeddable":true,"href":"https:\/\/pistonaddict.com\/sl\/wp-json\/wp\/v2\/product_cat?post=32600"},{"taxonomy":"product_tag","embeddable":true,"href":"https:\/\/pistonaddict.com\/sl\/wp-json\/wp\/v2\/product_tag?post=32600"}],"curies":[{"name":"wp","href":"https:\/\/api.w.org\/{rel}","templated":true}]}}