{"id":29700,"date":"2023-03-02T21:25:19","date_gmt":"2023-03-02T20:25:19","guid":{"rendered":"https:\/\/pistonaddict.com\/product\/1985-porsche-911-carrera-3-2-za-prodajo\/"},"modified":"2024-03-22T16:10:19","modified_gmt":"2024-03-22T15:10:19","slug":"1985-porsche-911-carrera-3-2-for-sale","status":"publish","type":"product","link":"https:\/\/pistonaddict.com\/sl\/product\/1985-porsche-911-carrera-3-2-for-sale\/","title":{"rendered":"1985 Porsche 911 Carrera 3.2 za prodajo na dra\u017ebi"},"content":{"rendered":"<p><strong>Zgodovina avtomobila<\/strong><\/p>\n<p>Prodajalec je ta \u010dudovit primerek \u010darovnije iz sredine 80. let prej\u0161njega stoletja kupil leta 1997 v Luksemburgu in ga uvozil v \u0160vico. Ta Carrera je bila opremljena s standardnim 3,2-litrskim \u0161estvaljnim motorjem, ki prek 5-stopenjskega ro\u010dnega menjalnika na zadnji kolesi poganja 231 KM. Motor z vbrizgavanjem goriva je sposoben ta legendarni \u0161portni avtomobil pospe\u0161iti od 0 do 100 km\/h v 5,9 sekunde in dose\u010di najvi\u0161jo, \u0161e vedno spo\u0161tljivo hitrost 245 km\/h (150 mph). O morebitnih spremembah motorja ni nobenih zapisov, vendar je bilo vozilo redno vzdr\u017eevano, zadnji dokumentirani servis je bil opravljen konec marca 2022. Ta \u010drni porsche je do zdaj prevozil 168.000 km.<\/p>\n<p><strong>Stanje<\/strong><\/p>\n<p>Vozilo je bilo dele\u017eno popolne profesionalne prenove karoserije in obnove motorja, pri \u010demer so bili uporabljeni originalni deli in komponente. Prestal je \u0161vicarski tehni\u010dni pregled, njegova cesta pa je zakonita in registrirana. Potencialni kupci \u017eelijo vedeti, da je bila opravljena analiza olja in da so rezultati v redu. V videoposnetkih lahko vidite, da tlak olja in vsi merilniki delujejo pravilno. Na podvozju ni pu\u0161\u010danja olja, motorni prostor je urejen, vsi originalni \u017eigi in oznake pa so prisotni.<\/p>\n<p><strong>Notranjost<\/strong><\/p>\n<p>Notranjost tega Porscheja 911 Carrera 3.2 iz leta 1985 je originalna, saj so sede\u017ei in vratne kartice oble\u010deni v usnje. V primerjavi s podobnimi avtomobili ima ta trojno \u010drn primerek (karoserija, notranjost in preproge &#8211; vse \u010drno) nekaj za\u017eelenih mo\u017enosti, ki jih i\u0161\u010dejo zbiratelji. Prvi med njimi so usnjeni sede\u017ei z mo\u017enostjo elektri\u010dnega upravljanja. Drugi\u010d, ta primer je opremljen s klimatsko napravo, ki je dobrodo\u0161la, zlasti v vro\u010dih poletnih dneh. Tretji\u010d, ta Carrera iz leta 1985 ima tudi stre\u0161no okno, elektri\u010dno pomi\u010dna ogledala in pralnike \u017earometov, kar vse prispeva k bolj\u0161i izku\u0161nji. Zadnje steklo je ogrevano, za va\u0161e najljub\u0161e skladbe iz osemdesetih let pa je na voljo naknadno nabavljena stereo enota. Vendar pa ro\u010dica menjalnika ni originalni element.<\/p>\n<p><strong>Zunanjost in kolesa<\/strong><\/p>\n<p>Vsi zunanji okrasni deli, letve in plasti\u010dni elementi so videti v popolni kondiciji, prav tako ni vidne rje okoli odprtine stre\u0161ne strehe, ki je pri teh avtomobilih pogosta. To pomeni, da je vozilo dobro vzdr\u017eevano in se uporablja le ob\u010dasno. Zanimivo je, da se je lastnik odlo\u010dil izbolj\u0161ati vozni park tega Porscheja 911 Carrera iz leta 1985. Namesto tovarni\u0161ko pravilnih 15-pal\u010dnih plati\u0161\u010d ima ta avtomobil 16-pal\u010dna originalna Fuchsova plati\u0161\u010da, ovita v pnevmatike Pirelli P Zero. Seveda so zadnje \u0161ir\u0161e od sprednjih. To je pogosta sprememba, ki pripomore tako k videzu kot tudi k vozni dinamiki. Pnevmatike so bile name\u0161\u010dene sredi leta 2021. Avtomobil je opremljen z originalnim kompletom orodja in rezervnim kolesom, kar ka\u017ee na stopnjo izvirnosti, ki je ugodna za zbiratelje.<\/p>\n<p><strong>Dokumentacija<\/strong><\/p>\n<p>To je vozilo v zasebni lasti z ustrezno dokumentacijo, ki se nahaja v \u017denevi v \u0160vici. Poro\u010dilo CarVertical je \u010disto; ni dokazov o nesre\u010dah, popravilih ali lastni\u0161tvu ali pravnih te\u017eavah. Zapisi o rednem vzdr\u017eevanju segajo do leta 2015.<\/p>\n","protected":false},"excerpt":{"rendered":"<p>Ta Carrera 3.2 iz leta 1985, izdelana v elegantnem odtenku porschejeve \u010drne barve in z ujemajo\u010do se notranjostjo, je popoln primer vozni\u0161ko kakovostnega klasi\u010dnega modela 911, ki je pripravljen, da v njem u\u017eiva novi lastnik. Ta Carrera z neozna\u010deno zunanjostjo, \u0161tevilnimi za\u017eelenimi mo\u017enostmi in dobro opremljeno notranjostjo je dobro vzdr\u017eevana in zanesljiva klasika z veliko zmogljivostmi, ki je pripravljena, da se z zaupanjem odpravi na poletno potovanje \u010dez Evropo.<\/p>\n","protected":false},"featured_media":29674,"comment_status":"open","ping_status":"closed","template":"","meta":{"inline_featured_image":false},"product_cat":[700],"product_tag":[971,850,879,849,970],"acf":[],"yoast_head":"<!-- This site is optimized with the Yoast SEO plugin v22.5 - https:\/\/yoast.com\/wordpress\/plugins\/seo\/ -->\n<title>1985 Porsche 911 Carrera 3.2 za prodajo na dra\u017ebi - ime Piston Addict<\/title>\n<meta name=\"description\" content=\"Oglejte si to \u010dudovito dra\u017ebo Porscheja 911 Carrera 3.2 iz leta 1985 na PistonAddict.com\" \/>\n<meta name=\"robots\" content=\"index, follow, max-snippet:-1, max-image-preview:large, max-video-preview:-1\" \/>\n<link rel=\"canonical\" href=\"https:\/\/pistonaddict.com\/sl\/product\/1985-porsche-911-carrera-3-2-for-sale\/\" \/>\n<meta property=\"og:locale\" content=\"sl_SI\" \/>\n<meta property=\"og:type\" content=\"article\" \/>\n<meta property=\"og:title\" content=\"1985 Porsche 911 Carrera 3.2 za prodajo na dra\u017ebi - ime Piston Addict\" \/>\n<meta property=\"og:description\" content=\"Oglejte si to \u010dudovito dra\u017ebo Porscheja 911 Carrera 3.2 iz leta 1985 na PistonAddict.com\" \/>\n<meta property=\"og:url\" content=\"https:\/\/pistonaddict.com\/sl\/product\/1985-porsche-911-carrera-3-2-for-sale\/\" \/>\n<meta property=\"og:site_name\" content=\"Piston Addict\" \/>\n<meta property=\"article:modified_time\" content=\"2024-03-22T15:10:19+00:00\" \/>\n<meta property=\"og:image\" content=\"https:\/\/pistonaddict.com\/wp-content\/uploads\/2023\/03\/IMG_2519-scaled.jpeg\" \/>\n\t<meta property=\"og:image:width\" content=\"2560\" \/>\n\t<meta property=\"og:image:height\" content=\"1920\" \/>\n\t<meta property=\"og:image:type\" content=\"image\/jpeg\" \/>\n<meta name=\"twitter:card\" content=\"summary_large_image\" \/>\n<meta name=\"twitter:label1\" content=\"Est. reading time\" \/>\n\t<meta name=\"twitter:data1\" content=\"2 minuti\" \/>\n<script type=\"application\/ld+json\" class=\"yoast-schema-graph\">{\"@context\":\"https:\/\/schema.org\",\"@graph\":[{\"@type\":\"WebPage\",\"@id\":\"https:\/\/pistonaddict.com\/sl\/product\/1985-porsche-911-carrera-3-2-for-sale\/\",\"url\":\"https:\/\/pistonaddict.com\/sl\/product\/1985-porsche-911-carrera-3-2-for-sale\/\",\"name\":\"1985 Porsche 911 Carrera 3.2 za prodajo na dra\u017ebi - ime Piston Addict\",\"isPartOf\":{\"@id\":\"https:\/\/pistonaddict.com\/sl\/#website\"},\"primaryImageOfPage\":{\"@id\":\"https:\/\/pistonaddict.com\/sl\/product\/1985-porsche-911-carrera-3-2-for-sale\/#primaryimage\"},\"image\":{\"@id\":\"https:\/\/pistonaddict.com\/sl\/product\/1985-porsche-911-carrera-3-2-for-sale\/#primaryimage\"},\"thumbnailUrl\":\"https:\/\/pistonaddict.com\/wp-content\/uploads\/2023\/03\/IMG_2519-scaled.jpeg\",\"datePublished\":\"2023-03-02T20:25:19+00:00\",\"dateModified\":\"2024-03-22T15:10:19+00:00\",\"description\":\"Oglejte si to \u010dudovito dra\u017ebo Porscheja 911 Carrera 3.2 iz leta 1985 na PistonAddict.com\",\"breadcrumb\":{\"@id\":\"https:\/\/pistonaddict.com\/sl\/product\/1985-porsche-911-carrera-3-2-for-sale\/#breadcrumb\"},\"inLanguage\":\"sl-SI\",\"potentialAction\":[{\"@type\":\"ReadAction\",\"target\":[\"https:\/\/pistonaddict.com\/sl\/product\/1985-porsche-911-carrera-3-2-for-sale\/\"]}]},{\"@type\":\"ImageObject\",\"inLanguage\":\"sl-SI\",\"@id\":\"https:\/\/pistonaddict.com\/sl\/product\/1985-porsche-911-carrera-3-2-for-sale\/#primaryimage\",\"url\":\"https:\/\/pistonaddict.com\/wp-content\/uploads\/2023\/03\/IMG_2519-scaled.jpeg\",\"contentUrl\":\"https:\/\/pistonaddict.com\/wp-content\/uploads\/2023\/03\/IMG_2519-scaled.jpeg\",\"width\":2560,\"height\":1920},{\"@type\":\"BreadcrumbList\",\"@id\":\"https:\/\/pistonaddict.com\/sl\/product\/1985-porsche-911-carrera-3-2-for-sale\/#breadcrumb\",\"itemListElement\":[{\"@type\":\"ListItem\",\"position\":1,\"name\":\"Doma\u010da stran\",\"item\":\"https:\/\/pistonaddict.com\/sl\/domaca-stran-2\/\"},{\"@type\":\"ListItem\",\"position\":2,\"name\":\"Auctions\",\"item\":\"https:\/\/pistonaddict.com\/auctions-listing\/\"},{\"@type\":\"ListItem\",\"position\":3,\"name\":\"1985 Porsche 911 Carrera 3.2 za prodajo na dra\u017ebi\"}]},{\"@type\":\"WebSite\",\"@id\":\"https:\/\/pistonaddict.com\/sl\/#website\",\"url\":\"https:\/\/pistonaddict.com\/sl\/\",\"name\":\"Piston Addict\",\"description\":\"Only interesting vehicles\",\"publisher\":{\"@id\":\"https:\/\/pistonaddict.com\/sl\/#organization\"},\"potentialAction\":[{\"@type\":\"SearchAction\",\"target\":{\"@type\":\"EntryPoint\",\"urlTemplate\":\"https:\/\/pistonaddict.com\/sl\/?s={search_term_string}\"},\"query-input\":\"required name=search_term_string\"}],\"inLanguage\":\"sl-SI\"},{\"@type\":\"Organization\",\"@id\":\"https:\/\/pistonaddict.com\/sl\/#organization\",\"name\":\"Piston Addict\",\"url\":\"https:\/\/pistonaddict.com\/sl\/\",\"logo\":{\"@type\":\"ImageObject\",\"inLanguage\":\"sl-SI\",\"@id\":\"https:\/\/pistonaddict.com\/sl\/#\/schema\/logo\/image\/\",\"url\":\"https:\/\/pistonaddict.com\/wp-content\/uploads\/2022\/07\/logo-6.png\",\"contentUrl\":\"https:\/\/pistonaddict.com\/wp-content\/uploads\/2022\/07\/logo-6.png\",\"width\":970,\"height\":200,\"caption\":\"Piston Addict\"},\"image\":{\"@id\":\"https:\/\/pistonaddict.com\/sl\/#\/schema\/logo\/image\/\"}}]}<\/script>\n<!-- \/ Yoast SEO plugin. -->","yoast_head_json":{"title":"1985 Porsche 911 Carrera 3.2 za prodajo na dra\u017ebi - ime Piston Addict","description":"Oglejte si to \u010dudovito dra\u017ebo Porscheja 911 Carrera 3.2 iz leta 1985 na PistonAddict.com","robots":{"index":"index","follow":"follow","max-snippet":"max-snippet:-1","max-image-preview":"max-image-preview:large","max-video-preview":"max-video-preview:-1"},"canonical":"https:\/\/pistonaddict.com\/sl\/product\/1985-porsche-911-carrera-3-2-for-sale\/","og_locale":"sl_SI","og_type":"article","og_title":"1985 Porsche 911 Carrera 3.2 za prodajo na dra\u017ebi - ime Piston Addict","og_description":"Oglejte si to \u010dudovito dra\u017ebo Porscheja 911 Carrera 3.2 iz leta 1985 na PistonAddict.com","og_url":"https:\/\/pistonaddict.com\/sl\/product\/1985-porsche-911-carrera-3-2-for-sale\/","og_site_name":"Piston Addict","article_modified_time":"2024-03-22T15:10:19+00:00","og_image":[{"width":2560,"height":1920,"url":"https:\/\/pistonaddict.com\/wp-content\/uploads\/2023\/03\/IMG_2519-scaled.jpeg","type":"image\/jpeg"}],"twitter_card":"summary_large_image","twitter_misc":{"Est. reading time":"2 minuti"},"schema":{"@context":"https:\/\/schema.org","@graph":[{"@type":"WebPage","@id":"https:\/\/pistonaddict.com\/sl\/product\/1985-porsche-911-carrera-3-2-for-sale\/","url":"https:\/\/pistonaddict.com\/sl\/product\/1985-porsche-911-carrera-3-2-for-sale\/","name":"1985 Porsche 911 Carrera 3.2 za prodajo na dra\u017ebi - ime Piston Addict","isPartOf":{"@id":"https:\/\/pistonaddict.com\/sl\/#website"},"primaryImageOfPage":{"@id":"https:\/\/pistonaddict.com\/sl\/product\/1985-porsche-911-carrera-3-2-for-sale\/#primaryimage"},"image":{"@id":"https:\/\/pistonaddict.com\/sl\/product\/1985-porsche-911-carrera-3-2-for-sale\/#primaryimage"},"thumbnailUrl":"https:\/\/pistonaddict.com\/wp-content\/uploads\/2023\/03\/IMG_2519-scaled.jpeg","datePublished":"2023-03-02T20:25:19+00:00","dateModified":"2024-03-22T15:10:19+00:00","description":"Oglejte si to \u010dudovito dra\u017ebo Porscheja 911 Carrera 3.2 iz leta 1985 na PistonAddict.com","breadcrumb":{"@id":"https:\/\/pistonaddict.com\/sl\/product\/1985-porsche-911-carrera-3-2-for-sale\/#breadcrumb"},"inLanguage":"sl-SI","potentialAction":[{"@type":"ReadAction","target":["https:\/\/pistonaddict.com\/sl\/product\/1985-porsche-911-carrera-3-2-for-sale\/"]}]},{"@type":"ImageObject","inLanguage":"sl-SI","@id":"https:\/\/pistonaddict.com\/sl\/product\/1985-porsche-911-carrera-3-2-for-sale\/#primaryimage","url":"https:\/\/pistonaddict.com\/wp-content\/uploads\/2023\/03\/IMG_2519-scaled.jpeg","contentUrl":"https:\/\/pistonaddict.com\/wp-content\/uploads\/2023\/03\/IMG_2519-scaled.jpeg","width":2560,"height":1920},{"@type":"BreadcrumbList","@id":"https:\/\/pistonaddict.com\/sl\/product\/1985-porsche-911-carrera-3-2-for-sale\/#breadcrumb","itemListElement":[{"@type":"ListItem","position":1,"name":"Doma\u010da stran","item":"https:\/\/pistonaddict.com\/sl\/domaca-stran-2\/"},{"@type":"ListItem","position":2,"name":"Auctions","item":"https:\/\/pistonaddict.com\/auctions-listing\/"},{"@type":"ListItem","position":3,"name":"1985 Porsche 911 Carrera 3.2 za prodajo na dra\u017ebi"}]},{"@type":"WebSite","@id":"https:\/\/pistonaddict.com\/sl\/#website","url":"https:\/\/pistonaddict.com\/sl\/","name":"Piston Addict","description":"Only interesting vehicles","publisher":{"@id":"https:\/\/pistonaddict.com\/sl\/#organization"},"potentialAction":[{"@type":"SearchAction","target":{"@type":"EntryPoint","urlTemplate":"https:\/\/pistonaddict.com\/sl\/?s={search_term_string}"},"query-input":"required name=search_term_string"}],"inLanguage":"sl-SI"},{"@type":"Organization","@id":"https:\/\/pistonaddict.com\/sl\/#organization","name":"Piston Addict","url":"https:\/\/pistonaddict.com\/sl\/","logo":{"@type":"ImageObject","inLanguage":"sl-SI","@id":"https:\/\/pistonaddict.com\/sl\/#\/schema\/logo\/image\/","url":"https:\/\/pistonaddict.com\/wp-content\/uploads\/2022\/07\/logo-6.png","contentUrl":"https:\/\/pistonaddict.com\/wp-content\/uploads\/2022\/07\/logo-6.png","width":970,"height":200,"caption":"Piston Addict"},"image":{"@id":"https:\/\/pistonaddict.com\/sl\/#\/schema\/logo\/image\/"}}]}},"_links":{"self":[{"href":"https:\/\/pistonaddict.com\/sl\/wp-json\/wp\/v2\/product\/29700"}],"collection":[{"href":"https:\/\/pistonaddict.com\/sl\/wp-json\/wp\/v2\/product"}],"about":[{"href":"https:\/\/pistonaddict.com\/sl\/wp-json\/wp\/v2\/types\/product"}],"replies":[{"embeddable":true,"href":"https:\/\/pistonaddict.com\/sl\/wp-json\/wp\/v2\/comments?post=29700"}],"wp:featuredmedia":[{"embeddable":true,"href":"https:\/\/pistonaddict.com\/sl\/wp-json\/wp\/v2\/media\/29674"}],"wp:attachment":[{"href":"https:\/\/pistonaddict.com\/sl\/wp-json\/wp\/v2\/media?parent=29700"}],"wp:term":[{"taxonomy":"product_cat","embeddable":true,"href":"https:\/\/pistonaddict.com\/sl\/wp-json\/wp\/v2\/product_cat?post=29700"},{"taxonomy":"product_tag","embeddable":true,"href":"https:\/\/pistonaddict.com\/sl\/wp-json\/wp\/v2\/product_tag?post=29700"}],"curies":[{"name":"wp","href":"https:\/\/api.w.org\/{rel}","templated":true}]}}