{"id":28016,"date":"2023-03-02T16:24:00","date_gmt":"2023-03-02T15:24:00","guid":{"rendered":"https:\/\/pistonaddict.com\/product\/2008-porsche-911-gt2\/"},"modified":"2024-03-22T16:09:18","modified_gmt":"2024-03-22T15:09:18","slug":"2008-porsche-911-gt2","status":"publish","type":"product","link":"https:\/\/pistonaddict.com\/sl\/product\/2008-porsche-911-gt2\/","title":{"rendered":"2008 Porsche 911 GT2 za prodajo na dra\u017ebi"},"content":{"rendered":"<h2>Zunanjost<\/h2>\n<p>Vozilo, ki ga imate v rokah, je pobarvano \u010drno in ima biksenonske \u017earomete. Toda najbolj presenetljiv pri tem Porscheju je njegov agresivni videz. V primerjavi s standardnim modelom 911 ima GT2 raz\u0161irjene karoserijske plo\u0161\u010de in odbija\u010de ter dodatne odprtine za bolj\u0161e hlajenje. Ble\u0161\u010de\u010de izpu\u0161ne konice iz titana so \u0161e ena pomembna podrobnost, ki ga lo\u010di od drugih modelov. Nazadnje, velik \u010drn spojler na zadku daje agresivnej\u0161i videz in izbolj\u0161uje aerodinamiko. Avtomobil stoji na tovarni\u0161kih 19-pal\u010dnih plati\u0161\u010dih s pnevmatikami Michelin Pilot Sport Cup2. Te pnevmatike so bile na vozilo name\u0161\u010dene julija 2022 in so idealno primerne za uporabo.<\/p>\n<h2>Notranjost<\/h2>\n<p>V notranjosti sta dva ro\u010dno nastavljiva, lahka sede\u017ea, oblazinjena v negorljivo tkanino in opremljena z rde\u010dimi dirkalnimi pasovi. Lastnik jih opisuje kot <em>nove<\/em>, kar potrjujejo tudi fotografije. Zadaj je tovarni\u0161ko vgrajen varnostni drog, ki oja\u010da podvozje in izbolj\u0161a varnost. Preostala notranjost vozila je oble\u010dena v \u010drno tkanino. Ko se voznik usede, sedi za \u0161tirikrakim volanom, ovitim v usnje Alcantara. Tako kot pri ve\u010dini Porschejev na armaturni plo\u0161\u010di prevladuje merilnik vrtljajev, katerega rde\u010da meja je 7.000 vrtljajev na minuto. Poleg tega ima merilnik hitrosti, ki dose\u017ee do 350 kilometrov na minuto, in ve\u010d merilnikov, ki prikazujejo pomembne parametre delovanja. To med drugim vklju\u010duje temperaturo motorja, tlak olja in raven goriva. Na \u0161tevcu prevo\u017eenih kilometrov je trenutno nastavljenih pribli\u017eno 12.000 kilometrov. Na sredini armaturne plo\u0161\u010de je name\u0161\u010dena \u0161toparica, ki je uporabna pri merjenju \u010dasa krogov.<\/p>\n<h2>Mehanika<\/h2>\n<p>Pod ko\u017eo se v celoti razkrije zna\u010daj vozila GT2. Za za\u010detek ima 3,6-litrski ploski \u0161estvaljnik, ki se uporablja v ve\u010dini modelov 997. Za uporabo v GT2 pa je ta motor opremljen z dvojico turbinskih polnilnikov s spremenljivo geometrijo in neposrednim vbrizgavanjem goriva. S temi posodobitvami se je njegova mo\u010d pove\u010dala na 530 konjskih mo\u010di. Ta se na zadnji kolesi prena\u0161a prek obi\u010dajnega 6-stopenjskega menjalnika. Porsche se je odlo\u010dil prihraniti pri te\u017ei in ni vgradil sistema za pogon na vsa kolesa ali zapletenega menjalnika PDK z dvojno sklopko. Tovarni\u0161ko vgrajene kerami\u010dne zavore poskrbijo, da se GT2 ustavi tako prepri\u010dljivo, kot se pelje.<\/p>\n<h2>Servisna zgodovina<\/h2>\n<p>Lastnik pravi, da je bil avtomobil redno servisiran po urniku proizvajalca, zadnji servis pa je bil opravljen julija 2022. Trenutno na armaturni plo\u0161\u010di ni nobenih znanih napak ali opozorilnih lu\u010di. Poleg tega ni opaznih prask, vdolbin ali drugih karoserijskih pomanjkljivosti. To vozilo je v celoti serijsko, brez kakr\u0161nih koli naknadnih tr\u017enih sprememb. Glede na vse to lahko re\u010demo, da je ta 911 GT2 <em>v popolnem stanju<\/em>, kot ga je opisal lastnik.<\/p>\n","protected":false},"excerpt":{"rendered":"<p>Porsche 911 GT2 iz leta 2008 z nekaj manj kot 12.000 prevo\u017eenimi kilometri prodaja zasebni lastnik, ki ga je kupil povsem novega. Poganja ga 530-konjski turbodizelski \u0161estvaljni motor s \u0161estimi stopnjami, ki je povezan s \u0161eststopenjskim samodejnim menjalnikom. Med opremo so 19-pal\u010dna Porschejeva plati\u0161\u010da, biksenonski \u017earometi, kerami\u010dne zavore, lahki vedreni sede\u017ei z dirkalnimi varnostnimi pasovi in tovarni\u0161ko name\u0161\u010dena pre\u010dna pre\u010dka. Avtomobil je trenutno v \u0160vici, kjer je registriran od prvega dne. Pred kratkim je bilo v celoti servisirano in ima zdaj skoraj povsem nove pnevmatike. Razen manj\u0161e praske na odbija\u010du leta 2013, ki je bila v celoti popravljena, je ta GT2 brez po\u0161kodb, kar potrjuje tudi ustrezno poro\u010dilo carVertical.<\/p>\n","protected":false},"featured_media":27905,"comment_status":"open","ping_status":"closed","template":"","meta":{"inline_featured_image":false},"product_cat":[700],"product_tag":[975,850,904,851,849],"acf":[],"yoast_head":"<!-- This site is optimized with the Yoast SEO plugin v22.5 - https:\/\/yoast.com\/wordpress\/plugins\/seo\/ -->\n<title>2008 Porsche 911 GT2 za prodajo na dra\u017ebi - ime Piston Addict<\/title>\n<meta name=\"description\" content=\"Oglejte si Porsche 911 GT2 2008 za prodajo na dra\u017ebi na PistonAddict.com\" \/>\n<meta name=\"robots\" content=\"index, follow, max-snippet:-1, max-image-preview:large, max-video-preview:-1\" \/>\n<link rel=\"canonical\" href=\"https:\/\/pistonaddict.com\/sl\/product\/2008-porsche-911-gt2\/\" \/>\n<meta property=\"og:locale\" content=\"sl_SI\" \/>\n<meta property=\"og:type\" content=\"article\" \/>\n<meta property=\"og:title\" content=\"2008 Porsche 911 GT2 za prodajo na dra\u017ebi - ime Piston Addict\" \/>\n<meta property=\"og:description\" content=\"Oglejte si Porsche 911 GT2 2008 za prodajo na dra\u017ebi na PistonAddict.com\" \/>\n<meta property=\"og:url\" content=\"https:\/\/pistonaddict.com\/sl\/product\/2008-porsche-911-gt2\/\" \/>\n<meta property=\"og:site_name\" content=\"Piston Addict\" \/>\n<meta property=\"article:modified_time\" content=\"2024-03-22T15:09:18+00:00\" \/>\n<meta property=\"og:image\" content=\"https:\/\/pistonaddict.com\/wp-content\/uploads\/2023\/03\/MainGT22008.jpg\" \/>\n\t<meta property=\"og:image:width\" content=\"1200\" \/>\n\t<meta property=\"og:image:height\" content=\"798\" \/>\n\t<meta property=\"og:image:type\" content=\"image\/jpeg\" \/>\n<meta name=\"twitter:card\" content=\"summary_large_image\" \/>\n<meta name=\"twitter:label1\" content=\"Est. reading time\" \/>\n\t<meta name=\"twitter:data1\" content=\"2 minuti\" \/>\n<script type=\"application\/ld+json\" class=\"yoast-schema-graph\">{\"@context\":\"https:\/\/schema.org\",\"@graph\":[{\"@type\":\"WebPage\",\"@id\":\"https:\/\/pistonaddict.com\/sl\/product\/2008-porsche-911-gt2\/\",\"url\":\"https:\/\/pistonaddict.com\/sl\/product\/2008-porsche-911-gt2\/\",\"name\":\"2008 Porsche 911 GT2 za prodajo na dra\u017ebi - ime Piston Addict\",\"isPartOf\":{\"@id\":\"https:\/\/pistonaddict.com\/sl\/#website\"},\"primaryImageOfPage\":{\"@id\":\"https:\/\/pistonaddict.com\/sl\/product\/2008-porsche-911-gt2\/#primaryimage\"},\"image\":{\"@id\":\"https:\/\/pistonaddict.com\/sl\/product\/2008-porsche-911-gt2\/#primaryimage\"},\"thumbnailUrl\":\"https:\/\/pistonaddict.com\/wp-content\/uploads\/2023\/03\/MainGT22008.jpg\",\"datePublished\":\"2023-03-02T15:24:00+00:00\",\"dateModified\":\"2024-03-22T15:09:18+00:00\",\"description\":\"Oglejte si Porsche 911 GT2 2008 za prodajo na dra\u017ebi na PistonAddict.com\",\"breadcrumb\":{\"@id\":\"https:\/\/pistonaddict.com\/sl\/product\/2008-porsche-911-gt2\/#breadcrumb\"},\"inLanguage\":\"sl-SI\",\"potentialAction\":[{\"@type\":\"ReadAction\",\"target\":[\"https:\/\/pistonaddict.com\/sl\/product\/2008-porsche-911-gt2\/\"]}]},{\"@type\":\"ImageObject\",\"inLanguage\":\"sl-SI\",\"@id\":\"https:\/\/pistonaddict.com\/sl\/product\/2008-porsche-911-gt2\/#primaryimage\",\"url\":\"https:\/\/pistonaddict.com\/wp-content\/uploads\/2023\/03\/MainGT22008.jpg\",\"contentUrl\":\"https:\/\/pistonaddict.com\/wp-content\/uploads\/2023\/03\/MainGT22008.jpg\",\"width\":1200,\"height\":798},{\"@type\":\"BreadcrumbList\",\"@id\":\"https:\/\/pistonaddict.com\/sl\/product\/2008-porsche-911-gt2\/#breadcrumb\",\"itemListElement\":[{\"@type\":\"ListItem\",\"position\":1,\"name\":\"Doma\u010da stran\",\"item\":\"https:\/\/pistonaddict.com\/sl\/domaca-stran-2\/\"},{\"@type\":\"ListItem\",\"position\":2,\"name\":\"Auctions\",\"item\":\"https:\/\/pistonaddict.com\/auctions-listing\/\"},{\"@type\":\"ListItem\",\"position\":3,\"name\":\"2008 Porsche 911 GT2 za prodajo na dra\u017ebi\"}]},{\"@type\":\"WebSite\",\"@id\":\"https:\/\/pistonaddict.com\/sl\/#website\",\"url\":\"https:\/\/pistonaddict.com\/sl\/\",\"name\":\"Piston Addict\",\"description\":\"Only interesting vehicles\",\"publisher\":{\"@id\":\"https:\/\/pistonaddict.com\/sl\/#organization\"},\"potentialAction\":[{\"@type\":\"SearchAction\",\"target\":{\"@type\":\"EntryPoint\",\"urlTemplate\":\"https:\/\/pistonaddict.com\/sl\/?s={search_term_string}\"},\"query-input\":\"required name=search_term_string\"}],\"inLanguage\":\"sl-SI\"},{\"@type\":\"Organization\",\"@id\":\"https:\/\/pistonaddict.com\/sl\/#organization\",\"name\":\"Piston Addict\",\"url\":\"https:\/\/pistonaddict.com\/sl\/\",\"logo\":{\"@type\":\"ImageObject\",\"inLanguage\":\"sl-SI\",\"@id\":\"https:\/\/pistonaddict.com\/sl\/#\/schema\/logo\/image\/\",\"url\":\"https:\/\/pistonaddict.com\/wp-content\/uploads\/2022\/07\/logo-6.png\",\"contentUrl\":\"https:\/\/pistonaddict.com\/wp-content\/uploads\/2022\/07\/logo-6.png\",\"width\":970,\"height\":200,\"caption\":\"Piston Addict\"},\"image\":{\"@id\":\"https:\/\/pistonaddict.com\/sl\/#\/schema\/logo\/image\/\"}}]}<\/script>\n<!-- \/ Yoast SEO plugin. -->","yoast_head_json":{"title":"2008 Porsche 911 GT2 za prodajo na dra\u017ebi - ime Piston Addict","description":"Oglejte si Porsche 911 GT2 2008 za prodajo na dra\u017ebi na PistonAddict.com","robots":{"index":"index","follow":"follow","max-snippet":"max-snippet:-1","max-image-preview":"max-image-preview:large","max-video-preview":"max-video-preview:-1"},"canonical":"https:\/\/pistonaddict.com\/sl\/product\/2008-porsche-911-gt2\/","og_locale":"sl_SI","og_type":"article","og_title":"2008 Porsche 911 GT2 za prodajo na dra\u017ebi - ime Piston Addict","og_description":"Oglejte si Porsche 911 GT2 2008 za prodajo na dra\u017ebi na PistonAddict.com","og_url":"https:\/\/pistonaddict.com\/sl\/product\/2008-porsche-911-gt2\/","og_site_name":"Piston Addict","article_modified_time":"2024-03-22T15:09:18+00:00","og_image":[{"width":1200,"height":798,"url":"https:\/\/pistonaddict.com\/wp-content\/uploads\/2023\/03\/MainGT22008.jpg","type":"image\/jpeg"}],"twitter_card":"summary_large_image","twitter_misc":{"Est. reading time":"2 minuti"},"schema":{"@context":"https:\/\/schema.org","@graph":[{"@type":"WebPage","@id":"https:\/\/pistonaddict.com\/sl\/product\/2008-porsche-911-gt2\/","url":"https:\/\/pistonaddict.com\/sl\/product\/2008-porsche-911-gt2\/","name":"2008 Porsche 911 GT2 za prodajo na dra\u017ebi - ime Piston Addict","isPartOf":{"@id":"https:\/\/pistonaddict.com\/sl\/#website"},"primaryImageOfPage":{"@id":"https:\/\/pistonaddict.com\/sl\/product\/2008-porsche-911-gt2\/#primaryimage"},"image":{"@id":"https:\/\/pistonaddict.com\/sl\/product\/2008-porsche-911-gt2\/#primaryimage"},"thumbnailUrl":"https:\/\/pistonaddict.com\/wp-content\/uploads\/2023\/03\/MainGT22008.jpg","datePublished":"2023-03-02T15:24:00+00:00","dateModified":"2024-03-22T15:09:18+00:00","description":"Oglejte si Porsche 911 GT2 2008 za prodajo na dra\u017ebi na PistonAddict.com","breadcrumb":{"@id":"https:\/\/pistonaddict.com\/sl\/product\/2008-porsche-911-gt2\/#breadcrumb"},"inLanguage":"sl-SI","potentialAction":[{"@type":"ReadAction","target":["https:\/\/pistonaddict.com\/sl\/product\/2008-porsche-911-gt2\/"]}]},{"@type":"ImageObject","inLanguage":"sl-SI","@id":"https:\/\/pistonaddict.com\/sl\/product\/2008-porsche-911-gt2\/#primaryimage","url":"https:\/\/pistonaddict.com\/wp-content\/uploads\/2023\/03\/MainGT22008.jpg","contentUrl":"https:\/\/pistonaddict.com\/wp-content\/uploads\/2023\/03\/MainGT22008.jpg","width":1200,"height":798},{"@type":"BreadcrumbList","@id":"https:\/\/pistonaddict.com\/sl\/product\/2008-porsche-911-gt2\/#breadcrumb","itemListElement":[{"@type":"ListItem","position":1,"name":"Doma\u010da stran","item":"https:\/\/pistonaddict.com\/sl\/domaca-stran-2\/"},{"@type":"ListItem","position":2,"name":"Auctions","item":"https:\/\/pistonaddict.com\/auctions-listing\/"},{"@type":"ListItem","position":3,"name":"2008 Porsche 911 GT2 za prodajo na dra\u017ebi"}]},{"@type":"WebSite","@id":"https:\/\/pistonaddict.com\/sl\/#website","url":"https:\/\/pistonaddict.com\/sl\/","name":"Piston Addict","description":"Only interesting vehicles","publisher":{"@id":"https:\/\/pistonaddict.com\/sl\/#organization"},"potentialAction":[{"@type":"SearchAction","target":{"@type":"EntryPoint","urlTemplate":"https:\/\/pistonaddict.com\/sl\/?s={search_term_string}"},"query-input":"required name=search_term_string"}],"inLanguage":"sl-SI"},{"@type":"Organization","@id":"https:\/\/pistonaddict.com\/sl\/#organization","name":"Piston Addict","url":"https:\/\/pistonaddict.com\/sl\/","logo":{"@type":"ImageObject","inLanguage":"sl-SI","@id":"https:\/\/pistonaddict.com\/sl\/#\/schema\/logo\/image\/","url":"https:\/\/pistonaddict.com\/wp-content\/uploads\/2022\/07\/logo-6.png","contentUrl":"https:\/\/pistonaddict.com\/wp-content\/uploads\/2022\/07\/logo-6.png","width":970,"height":200,"caption":"Piston Addict"},"image":{"@id":"https:\/\/pistonaddict.com\/sl\/#\/schema\/logo\/image\/"}}]}},"_links":{"self":[{"href":"https:\/\/pistonaddict.com\/sl\/wp-json\/wp\/v2\/product\/28016"}],"collection":[{"href":"https:\/\/pistonaddict.com\/sl\/wp-json\/wp\/v2\/product"}],"about":[{"href":"https:\/\/pistonaddict.com\/sl\/wp-json\/wp\/v2\/types\/product"}],"replies":[{"embeddable":true,"href":"https:\/\/pistonaddict.com\/sl\/wp-json\/wp\/v2\/comments?post=28016"}],"wp:featuredmedia":[{"embeddable":true,"href":"https:\/\/pistonaddict.com\/sl\/wp-json\/wp\/v2\/media\/27905"}],"wp:attachment":[{"href":"https:\/\/pistonaddict.com\/sl\/wp-json\/wp\/v2\/media?parent=28016"}],"wp:term":[{"taxonomy":"product_cat","embeddable":true,"href":"https:\/\/pistonaddict.com\/sl\/wp-json\/wp\/v2\/product_cat?post=28016"},{"taxonomy":"product_tag","embeddable":true,"href":"https:\/\/pistonaddict.com\/sl\/wp-json\/wp\/v2\/product_tag?post=28016"}],"curies":[{"name":"wp","href":"https:\/\/api.w.org\/{rel}","templated":true}]}}