{"id":108794,"date":"2024-06-11T17:05:07","date_gmt":"2024-06-11T15:05:07","guid":{"rendered":"https:\/\/pistonaddict.com\/product\/lamborghini-urraco-p250\/"},"modified":"2024-06-12T09:54:32","modified_gmt":"2024-06-12T07:54:32","slug":"lamborghini-urraco-p250","status":"publish","type":"product","link":"https:\/\/pistonaddict.com\/sl\/product\/lamborghini-urraco-p250\/","title":{"rendered":"Lamborghini Urraco P250"},"content":{"rendered":"<h2>Zunanjost<\/h2>\n<p>Na zunaj ima ta italijanski \u0161tirisede\u017enik klinasto silhueto, zna\u010dilno za ve\u010dino superavtomobilov tistega \u010dasa. Spredaj prevladujejo kultni izsko\u010dni \u017earometi, ki so nujno potrebni za namestitev plo\u0161\u010date, nizko vise\u010de maske motorja. Ob straneh so najbolj opazni mi\u0161i\u010dasti kolesni loki, v katerih so name\u0161\u010dena originalna 14-pal\u010dna plati\u0161\u010da iz lahke zlitine, opremljena z ustreznimi pnevmatikami Michelin XWX. Poleg tega bo pozorno oko na zadnji strani opazilo dvojno ANSA iz nerjavnega jekla, ki jo je izdelal znani ugla\u0161evalec Abart. To vozilo je pobarvano v elegantni srebrni barvi, ki daje eleganten preliv njegovi agresivni dr\u017ei.<\/p>\n<h2>Notranjost<\/h2>\n<p>Z odpiranjem vrat se razkrije razko\u0161na notranjost Lamba v barvi Nero, pri \u010demer so najbolj izstopajo\u010di prednji sede\u017ei, katerih stanje prodajalec opisuje kot &#8220;novo&#8221;. Enak opis lahko uporabimo za zadnjo klop, ki je dovolj prostorna za dve osebi. Ko se voznik usede, ga pri\u010daka usnjen volan s \u0161tirimi kraki, za katerim se nahaja zapletena instrumentna plo\u0161\u010da. Poleg merilnika hitrosti do 280 km\/h in merilnika vrtljajev za 9000 vrtljajev na minuto so na \u0161tevil\u010dnicah \u0161e merilniki temperature motorja, tlaka olja in polnilne napetosti. Armaturna plo\u0161\u010da je prekrita s temno sivim usnjem Alcantara, kar ji daje mehak ob\u010dutek in raven videz, ki ne odbija son\u010dnih \u017earkov.<\/p>\n<h2>Mehanika<\/h2>\n<p>Kot model P250 ima ta Urraco 2,5-litrski motor V8, ki proizvede 250 KM in enako impresiven navor 220 Nm. Ta mo\u010d se prena\u0161a prek 5-stopenjskega ro\u010dnega menjalnika, kar zagotavlja \u010das od 0 do 100 v manj kot 7 sekundah in najve\u010djo hitrost 240 kilometrov na uro. S temi zmogljivostmi, ki so impresivne tudi po dana\u0161njih merilih, je bil Uracco eden najhitrej\u0161ih \u0161tirisede\u017enih avtomobilov tistega \u010dasa. Zahvaljujo\u010d neodvisnemu vzmetenju je upravljanje natan\u010dno, zmogljive in vzdr\u017eljive kolutne zavore na vseh \u0161tirih kolesih pa zagotavljajo varno ustavljanje.<\/p>\n<h2>Zgodovina vozila<\/h2>\n<p>Lamborghini Urraco P250 je bil izdelan leta 1975 in ima trenutno 78.000 prevo\u017eenih kilometrov. V vseh teh letih avtomobil ni bil nikoli uporabljen na dirkali\u0161\u010du niti ni bil udele\u017een v nesre\u010di. Leta 2016 je bil dele\u017een obse\u017enega remonta, med katerim so v celoti obnovili motor in vzmetenje, podvozje pa je dobilo nov sloj protikorozijske za\u0161\u010dite. Hkrati je bila notranjost popolnoma na novo oblazinjena in avtomobil je bil na novo pobarvan. Vizualne pomanjkljivosti so omejene na manj\u0161e po\u0161kodbe na voznikovih vratih, ki bodo popravljene pred predajo bodo\u010demu lastniku. Vozilo je trenutno v \u0160paniji, kjer je registrirano od prvega dne.<\/p>\n<p><strong>Oglejte si videoposnetek hladnega zagona tega neverjetnega<\/strong> <strong>Lamborghinija Urraco P250<\/strong>:<\/p>\n<p><iframe title=\"Cold Start Video of the amazing Lamborghini Urraco P250\" width=\"1200\" height=\"675\" src=\"https:\/\/www.youtube.com\/embed\/wt_LCr8LgcQ?feature=oembed\" frameborder=\"0\" allow=\"accelerometer; autoplay; clipboard-write; encrypted-media; gyroscope; picture-in-picture; web-share\" referrerpolicy=\"strict-origin-when-cross-origin\" allowfullscreen><\/iframe><\/p>\n<p><strong>In video ogled :<\/strong><\/p>\n<p><iframe title=\"Video Tour of the Lamborghini Urraco P250\" width=\"1200\" height=\"675\" src=\"https:\/\/www.youtube.com\/embed\/azU8K1XDHOA?feature=oembed\" frameborder=\"0\" allow=\"accelerometer; autoplay; clipboard-write; encrypted-media; gyroscope; picture-in-picture; web-share\" referrerpolicy=\"strict-origin-when-cross-origin\" allowfullscreen><\/iframe><\/p>\n","protected":false},"excerpt":{"rendered":"<p>Urraco, poimenovan po pasmi bojnih bikov iz Miure, je \u0161portni avtomobil, ki ga je Lamborghini izdeloval med letoma 1972 in 1979. Ta \u0161tirisede\u017eni avtomobil, ki ga je zasnoval Bertone, je bil namenjen tekmecem, kot sta Ferrari 308 GT4 in legendarni Porsche 911. \u010ceprav je bil Urraco \u010dudovit na pogled in enostaven za vo\u017enjo, ni bil velik prodajni hit, saj so v sedmih letih proizvodnje izdelali le 791 avtomobilov. Vendar pa tako omejena proizvodnja zagotavlja ekskluzivnost, zato bodo tisti, ki bodo kupili ta srebrni Lambo, imeli nekaj, kar se ne vidi pogosto.<\/p>\n","protected":false},"featured_media":108767,"comment_status":"open","ping_status":"closed","template":"","meta":{"inline_featured_image":false},"product_cat":[700],"product_tag":[4255,4256,4254,970],"acf":[],"yoast_head":"<!-- This site is optimized with the Yoast SEO plugin v22.5 - https:\/\/yoast.com\/wordpress\/plugins\/seo\/ -->\n<title>Lamborghini Urraco P250 - ime Piston Addict<\/title>\n<meta name=\"robots\" content=\"index, follow, max-snippet:-1, max-image-preview:large, max-video-preview:-1\" \/>\n<link rel=\"canonical\" href=\"https:\/\/pistonaddict.com\/sl\/product\/lamborghini-urraco-p250\/\" \/>\n<meta property=\"og:locale\" content=\"sl_SI\" \/>\n<meta property=\"og:type\" content=\"article\" \/>\n<meta property=\"og:title\" content=\"Lamborghini Urraco P250 - ime Piston Addict\" \/>\n<meta property=\"og:description\" content=\"Urraco, poimenovan po pasmi bojnih bikov iz Miure, je \u0161portni avtomobil, ki ga je Lamborghini izdeloval med letoma 1972 in 1979. Ta \u0161tirisede\u017eni avtomobil, ki ga je zasnoval Bertone, je bil namenjen tekmecem, kot sta Ferrari 308 GT4 in legendarni Porsche 911. \u010ceprav je bil Urraco \u010dudovit na pogled in enostaven za vo\u017enjo, ni bil velik prodajni hit, saj so v sedmih letih proizvodnje izdelali le 791 avtomobilov. Vendar pa tako omejena proizvodnja zagotavlja ekskluzivnost, zato bodo tisti, ki bodo kupili ta srebrni Lambo, imeli nekaj, kar se ne vidi pogosto.\" \/>\n<meta property=\"og:url\" content=\"https:\/\/pistonaddict.com\/sl\/product\/lamborghini-urraco-p250\/\" \/>\n<meta property=\"og:site_name\" content=\"Piston Addict\" \/>\n<meta property=\"article:modified_time\" content=\"2024-06-12T07:54:32+00:00\" \/>\n<meta property=\"og:image\" content=\"https:\/\/pistonaddict.com\/wp-content\/uploads\/2024\/06\/IMG-20231121-WA0182.jpg\" \/>\n\t<meta property=\"og:image:width\" content=\"2048\" \/>\n\t<meta property=\"og:image:height\" content=\"1536\" \/>\n\t<meta property=\"og:image:type\" content=\"image\/jpeg\" \/>\n<meta name=\"twitter:card\" content=\"summary_large_image\" \/>\n<meta name=\"twitter:label1\" content=\"Est. reading time\" \/>\n\t<meta name=\"twitter:data1\" content=\"2 minuti\" \/>\n<script type=\"application\/ld+json\" class=\"yoast-schema-graph\">{\"@context\":\"https:\/\/schema.org\",\"@graph\":[{\"@type\":\"WebPage\",\"@id\":\"https:\/\/pistonaddict.com\/sl\/product\/lamborghini-urraco-p250\/\",\"url\":\"https:\/\/pistonaddict.com\/sl\/product\/lamborghini-urraco-p250\/\",\"name\":\"Lamborghini Urraco P250 - ime Piston Addict\",\"isPartOf\":{\"@id\":\"https:\/\/pistonaddict.com\/sl\/#website\"},\"primaryImageOfPage\":{\"@id\":\"https:\/\/pistonaddict.com\/sl\/product\/lamborghini-urraco-p250\/#primaryimage\"},\"image\":{\"@id\":\"https:\/\/pistonaddict.com\/sl\/product\/lamborghini-urraco-p250\/#primaryimage\"},\"thumbnailUrl\":\"https:\/\/pistonaddict.com\/wp-content\/uploads\/2024\/06\/IMG-20231121-WA0182.jpg\",\"datePublished\":\"2024-06-11T15:05:07+00:00\",\"dateModified\":\"2024-06-12T07:54:32+00:00\",\"breadcrumb\":{\"@id\":\"https:\/\/pistonaddict.com\/sl\/product\/lamborghini-urraco-p250\/#breadcrumb\"},\"inLanguage\":\"sl-SI\",\"potentialAction\":[{\"@type\":\"ReadAction\",\"target\":[\"https:\/\/pistonaddict.com\/sl\/product\/lamborghini-urraco-p250\/\"]}]},{\"@type\":\"ImageObject\",\"inLanguage\":\"sl-SI\",\"@id\":\"https:\/\/pistonaddict.com\/sl\/product\/lamborghini-urraco-p250\/#primaryimage\",\"url\":\"https:\/\/pistonaddict.com\/wp-content\/uploads\/2024\/06\/IMG-20231121-WA0182.jpg\",\"contentUrl\":\"https:\/\/pistonaddict.com\/wp-content\/uploads\/2024\/06\/IMG-20231121-WA0182.jpg\",\"width\":2048,\"height\":1536},{\"@type\":\"BreadcrumbList\",\"@id\":\"https:\/\/pistonaddict.com\/sl\/product\/lamborghini-urraco-p250\/#breadcrumb\",\"itemListElement\":[{\"@type\":\"ListItem\",\"position\":1,\"name\":\"Doma\u010da stran\",\"item\":\"https:\/\/pistonaddict.com\/sl\/domaca-stran-2\/\"},{\"@type\":\"ListItem\",\"position\":2,\"name\":\"Auctions\",\"item\":\"https:\/\/pistonaddict.com\/auctions-listing\/\"},{\"@type\":\"ListItem\",\"position\":3,\"name\":\"Lamborghini Urraco P250\"}]},{\"@type\":\"WebSite\",\"@id\":\"https:\/\/pistonaddict.com\/sl\/#website\",\"url\":\"https:\/\/pistonaddict.com\/sl\/\",\"name\":\"Piston Addict\",\"description\":\"Only interesting vehicles\",\"publisher\":{\"@id\":\"https:\/\/pistonaddict.com\/sl\/#organization\"},\"potentialAction\":[{\"@type\":\"SearchAction\",\"target\":{\"@type\":\"EntryPoint\",\"urlTemplate\":\"https:\/\/pistonaddict.com\/sl\/?s={search_term_string}\"},\"query-input\":\"required name=search_term_string\"}],\"inLanguage\":\"sl-SI\"},{\"@type\":\"Organization\",\"@id\":\"https:\/\/pistonaddict.com\/sl\/#organization\",\"name\":\"Piston Addict\",\"url\":\"https:\/\/pistonaddict.com\/sl\/\",\"logo\":{\"@type\":\"ImageObject\",\"inLanguage\":\"sl-SI\",\"@id\":\"https:\/\/pistonaddict.com\/sl\/#\/schema\/logo\/image\/\",\"url\":\"https:\/\/pistonaddict.com\/wp-content\/uploads\/2022\/07\/logo-6.png\",\"contentUrl\":\"https:\/\/pistonaddict.com\/wp-content\/uploads\/2022\/07\/logo-6.png\",\"width\":970,\"height\":200,\"caption\":\"Piston Addict\"},\"image\":{\"@id\":\"https:\/\/pistonaddict.com\/sl\/#\/schema\/logo\/image\/\"}}]}<\/script>\n<!-- \/ Yoast SEO plugin. -->","yoast_head_json":{"title":"Lamborghini Urraco P250 - ime Piston Addict","robots":{"index":"index","follow":"follow","max-snippet":"max-snippet:-1","max-image-preview":"max-image-preview:large","max-video-preview":"max-video-preview:-1"},"canonical":"https:\/\/pistonaddict.com\/sl\/product\/lamborghini-urraco-p250\/","og_locale":"sl_SI","og_type":"article","og_title":"Lamborghini Urraco P250 - ime Piston Addict","og_description":"Urraco, poimenovan po pasmi bojnih bikov iz Miure, je \u0161portni avtomobil, ki ga je Lamborghini izdeloval med letoma 1972 in 1979. Ta \u0161tirisede\u017eni avtomobil, ki ga je zasnoval Bertone, je bil namenjen tekmecem, kot sta Ferrari 308 GT4 in legendarni Porsche 911. \u010ceprav je bil Urraco \u010dudovit na pogled in enostaven za vo\u017enjo, ni bil velik prodajni hit, saj so v sedmih letih proizvodnje izdelali le 791 avtomobilov. Vendar pa tako omejena proizvodnja zagotavlja ekskluzivnost, zato bodo tisti, ki bodo kupili ta srebrni Lambo, imeli nekaj, kar se ne vidi pogosto.","og_url":"https:\/\/pistonaddict.com\/sl\/product\/lamborghini-urraco-p250\/","og_site_name":"Piston Addict","article_modified_time":"2024-06-12T07:54:32+00:00","og_image":[{"width":2048,"height":1536,"url":"https:\/\/pistonaddict.com\/wp-content\/uploads\/2024\/06\/IMG-20231121-WA0182.jpg","type":"image\/jpeg"}],"twitter_card":"summary_large_image","twitter_misc":{"Est. reading time":"2 minuti"},"schema":{"@context":"https:\/\/schema.org","@graph":[{"@type":"WebPage","@id":"https:\/\/pistonaddict.com\/sl\/product\/lamborghini-urraco-p250\/","url":"https:\/\/pistonaddict.com\/sl\/product\/lamborghini-urraco-p250\/","name":"Lamborghini Urraco P250 - ime Piston Addict","isPartOf":{"@id":"https:\/\/pistonaddict.com\/sl\/#website"},"primaryImageOfPage":{"@id":"https:\/\/pistonaddict.com\/sl\/product\/lamborghini-urraco-p250\/#primaryimage"},"image":{"@id":"https:\/\/pistonaddict.com\/sl\/product\/lamborghini-urraco-p250\/#primaryimage"},"thumbnailUrl":"https:\/\/pistonaddict.com\/wp-content\/uploads\/2024\/06\/IMG-20231121-WA0182.jpg","datePublished":"2024-06-11T15:05:07+00:00","dateModified":"2024-06-12T07:54:32+00:00","breadcrumb":{"@id":"https:\/\/pistonaddict.com\/sl\/product\/lamborghini-urraco-p250\/#breadcrumb"},"inLanguage":"sl-SI","potentialAction":[{"@type":"ReadAction","target":["https:\/\/pistonaddict.com\/sl\/product\/lamborghini-urraco-p250\/"]}]},{"@type":"ImageObject","inLanguage":"sl-SI","@id":"https:\/\/pistonaddict.com\/sl\/product\/lamborghini-urraco-p250\/#primaryimage","url":"https:\/\/pistonaddict.com\/wp-content\/uploads\/2024\/06\/IMG-20231121-WA0182.jpg","contentUrl":"https:\/\/pistonaddict.com\/wp-content\/uploads\/2024\/06\/IMG-20231121-WA0182.jpg","width":2048,"height":1536},{"@type":"BreadcrumbList","@id":"https:\/\/pistonaddict.com\/sl\/product\/lamborghini-urraco-p250\/#breadcrumb","itemListElement":[{"@type":"ListItem","position":1,"name":"Doma\u010da stran","item":"https:\/\/pistonaddict.com\/sl\/domaca-stran-2\/"},{"@type":"ListItem","position":2,"name":"Auctions","item":"https:\/\/pistonaddict.com\/auctions-listing\/"},{"@type":"ListItem","position":3,"name":"Lamborghini Urraco P250"}]},{"@type":"WebSite","@id":"https:\/\/pistonaddict.com\/sl\/#website","url":"https:\/\/pistonaddict.com\/sl\/","name":"Piston Addict","description":"Only interesting vehicles","publisher":{"@id":"https:\/\/pistonaddict.com\/sl\/#organization"},"potentialAction":[{"@type":"SearchAction","target":{"@type":"EntryPoint","urlTemplate":"https:\/\/pistonaddict.com\/sl\/?s={search_term_string}"},"query-input":"required name=search_term_string"}],"inLanguage":"sl-SI"},{"@type":"Organization","@id":"https:\/\/pistonaddict.com\/sl\/#organization","name":"Piston Addict","url":"https:\/\/pistonaddict.com\/sl\/","logo":{"@type":"ImageObject","inLanguage":"sl-SI","@id":"https:\/\/pistonaddict.com\/sl\/#\/schema\/logo\/image\/","url":"https:\/\/pistonaddict.com\/wp-content\/uploads\/2022\/07\/logo-6.png","contentUrl":"https:\/\/pistonaddict.com\/wp-content\/uploads\/2022\/07\/logo-6.png","width":970,"height":200,"caption":"Piston Addict"},"image":{"@id":"https:\/\/pistonaddict.com\/sl\/#\/schema\/logo\/image\/"}}]}},"_links":{"self":[{"href":"https:\/\/pistonaddict.com\/sl\/wp-json\/wp\/v2\/product\/108794"}],"collection":[{"href":"https:\/\/pistonaddict.com\/sl\/wp-json\/wp\/v2\/product"}],"about":[{"href":"https:\/\/pistonaddict.com\/sl\/wp-json\/wp\/v2\/types\/product"}],"replies":[{"embeddable":true,"href":"https:\/\/pistonaddict.com\/sl\/wp-json\/wp\/v2\/comments?post=108794"}],"wp:featuredmedia":[{"embeddable":true,"href":"https:\/\/pistonaddict.com\/sl\/wp-json\/wp\/v2\/media\/108767"}],"wp:attachment":[{"href":"https:\/\/pistonaddict.com\/sl\/wp-json\/wp\/v2\/media?parent=108794"}],"wp:term":[{"taxonomy":"product_cat","embeddable":true,"href":"https:\/\/pistonaddict.com\/sl\/wp-json\/wp\/v2\/product_cat?post=108794"},{"taxonomy":"product_tag","embeddable":true,"href":"https:\/\/pistonaddict.com\/sl\/wp-json\/wp\/v2\/product_tag?post=108794"}],"curies":[{"name":"wp","href":"https:\/\/api.w.org\/{rel}","templated":true}]}}