{"id":104844,"date":"2024-05-21T11:33:26","date_gmt":"2024-05-21T09:33:26","guid":{"rendered":"https:\/\/pistonaddict.com\/product\/fisker-karma-2\/"},"modified":"2024-05-21T14:15:18","modified_gmt":"2024-05-21T12:15:18","slug":"fisker-karma-2","status":"publish","type":"product","link":"https:\/\/pistonaddict.com\/sl\/product\/fisker-karma-2\/","title":{"rendered":"Fisker Karma"},"content":{"rendered":"<p><strong>Zgodovina avtomobila<\/strong><\/p>\n<p>Fisker Karma, ki je dokaz genialnosti Henrika Fiskerja, je bil predstavljen leta 2011. To priklju\u010dno hibridno elektri\u010dno vozilo (PHEV) ni le premikalo meja avtomobilskega oblikovanja in tehnologije, temve\u010d je osvojilo tudi srca z osupljivo estetiko, razko\u0161no notranjostjo in inovativnim in\u017eeniringom. \u010ceprav hibridi takrat \u0161e niso bili novost, je Karma na novo opredelila dojemanje in jih spremenila iz vsakdanjih v ambiciozne. V njem sta brezhibno zdru\u017eena zmogljivost in trajnost, zato so hibridi okolju prijazni, elegantni in vznemirljivi za vo\u017enjo. Karma, ki jo poganja mo\u010dna kombinacija 2,0-litrskega bencinskega motorja s turbinskim polnilnikom in dveh elektri\u010dnih motorjev, se pona\u0161a z impresivnimi zmogljivostmi. Njegov pospe\u0161ek od 0 do 100 km\/h v pi\u010dlih 5,9 sekunde in najve\u010dja hitrost ve\u010d kot 200 km\/h sta bila dokaz, da je \u0161portni avtomobil. Vse to je dosegel ob hvalevrednem izkoristku goriva. Poleg zmogljivosti je postala zna\u010dilnost vozila Karma tudi njegova zasnova. Njegove graciozne linije in mogo\u010dna podoba so vzbujale navdu\u0161enje avtomobilskih navdu\u0161encev po vsem svetu, kamorkoli je zapeljal. Ta model, iteracija druge serije iz leta 2013, je zelo redek in ekskluziven. Med 2.349 izdelanimi vozili Fisker Karma je to vozilo v zadnji seriji in ima serijsko \u0161tevilko 2.259. Ta edinstvena kombinacija barve in plati\u0161\u010d je redek dragulj, saj se z njo pona\u0161a le 188 vozil na svetu.<\/p>\n<p><strong>Stanje<\/strong><\/p>\n<p>Ta Karma ima prevo\u017eenih le 82.080 km, obse\u017eno servisno zgodovino in le nekaj predanih lastnikov, zato je v brezhibnem stanju. Kar zadeva u\u010dinkovitost porabe goriva, je Fiskerjeva trditev o dosegu ve\u010d kot 80 km samo na elektriko upravi\u010dena, zato je vozilo primerno za vsakodnevne vo\u017enje na delo. Poleg tega se pri uporabi bencina in elektrike poka\u017eejo izjemne \u0161tevilke, saj v povpre\u010dju porabi le 4,5 litra goriva na 100 km. Potencialni kupci bodo cenili skrbno vzdr\u017eevanje tega vozila, o \u010demer pri\u010dajo iz\u010drpni servisni zapisi. Konec leta 2022 so zamenjali olje, marca 2024 opravili celoten servis, maja 2024 pa pregledali zavorni sistem, da bo ta elegantna \u010drna Karma v odli\u010dnem stanju. Najpomembneje je omeniti, da se je akumulator kon\u010dal leta 2017, ko je sedanji lastnik kupil avtomobil &#8211; kar pomeni, da bodo imeli prihodnji lastniki nemoteno lastni\u0161ko izku\u0161njo.<\/p>\n<p><strong>Notranjost<\/strong><\/p>\n<p>Kombinacija \u010drnega usnja in alkantare se odli\u010dno ujema z zunanjostjo, najpomembnej\u0161e pa je, da je notranjost kot nova, brez raztrganin, po\u0161kodb ali sprememb. Prisotna sta informacijsko-zabavni in avdio sistem, vrata brez okvirja pa dodajajo limuzini \u0161portni in kupejevski zna\u010daj. Zaradi svoje specifi\u010dne konstrukcije je Karma nizka in potnikom zagotavlja ve\u010d prostora v notranjosti kot konkurenti. Vse funkcije, kot so ogrevani sede\u017ei, so funkcionalne in delujejo.<\/p>\n<p><strong>Zunanjost in kolesa<\/strong><\/p>\n<p>Ble\u0161\u010de\u010da \u010drna barva je v odli\u010dnem stanju, brez prask, udarcev ali po\u0161kodb. Edinstvena son\u010dna streha je prisotna in funkcionalna ter je \u0161e vedno ena od najzna\u010dilnej\u0161ih lastnosti tega modela. Ta Karma je opremljena z opcijskimi 22-pal\u010dnimi plati\u0161\u010di s Pirellijevimi pnevmatikami na sprednjih kolesih in Goodyearovimi pnevmatikami na zadnjih kolesih. Sprednje pnevmatike so bile name\u0161\u010dene marca 2024 in so kot nove. Na zunanjosti je bilo opravljeno le popravilo koles edinstvenega videza, tako da so videti, kot da so bila pravkar dobavljena.<\/p>\n<p><strong>Dokumentacija<\/strong><\/p>\n<p>Ta avto se nahaja v \u0160vici in ga prodaja zasebnik. <a href=\"https:\/\/pistonaddict.com\/wp-content\/uploads\/2024\/05\/YH4K14AA4CA002259.pdf\">Poro\u010dilo CarVertical<\/a> je \u010disto; ni dokazov o nesre\u010dah, popravilih, lastni\u0161tvu ali pravnih te\u017eavah. Obstajajo zapisi o rednem vzdr\u017eevanju, ra\u010duni o prodaji in potrdila o pla\u010dilu. Za ta model ni na voljo tovarni\u0161ke garancije.<\/p>\n<p><strong>Oglejte si videoposnetek tega \u010dudovitega vozila Fisker Karma :<\/strong><\/p>\n<p><iframe title=\"Video Tour of the Fisker Karma for auction sale\" width=\"1200\" height=\"675\" src=\"https:\/\/www.youtube.com\/embed\/xv_ZkvmcPKw?feature=oembed\" frameborder=\"0\" allow=\"accelerometer; autoplay; clipboard-write; encrypted-media; gyroscope; picture-in-picture; web-share\" referrerpolicy=\"strict-origin-when-cross-origin\" allowfullscreen><\/iframe><\/p>\n","protected":false},"excerpt":{"rendered":"<p>Fisker Karma bo vedno ostal v spominu kot eden najzanimivej\u0161ih in eden prvih hibridov, ki so bili na voljo po vsem svetu. S svojo edinstveno obliko, zmogljivim pogonskim sklopom, odli\u010dnimi funkcijami in zelo majhno proizvodnjo je Karma dejansko prvi zbirateljski avtomobil sodobne dobe elektri\u010dnih\/hibridnih vozil. Prihodnja klasika? Vsekakor!<\/p>\n","protected":false},"featured_media":104629,"comment_status":"open","ping_status":"closed","template":"","meta":{"inline_featured_image":false},"product_cat":[700],"product_tag":[4092,4093,904,1859,4095],"acf":[],"yoast_head":"<!-- This site is optimized with the Yoast SEO plugin v22.5 - https:\/\/yoast.com\/wordpress\/plugins\/seo\/ -->\n<title>Fisker Karma - ime Piston Addict<\/title>\n<meta name=\"robots\" content=\"index, follow, max-snippet:-1, max-image-preview:large, max-video-preview:-1\" \/>\n<link rel=\"canonical\" href=\"https:\/\/pistonaddict.com\/sl\/product\/fisker-karma-2\/\" \/>\n<meta property=\"og:locale\" content=\"sl_SI\" \/>\n<meta property=\"og:type\" content=\"article\" \/>\n<meta property=\"og:title\" content=\"Fisker Karma - ime Piston Addict\" \/>\n<meta property=\"og:description\" content=\"Fisker Karma bo vedno ostal v spominu kot eden najzanimivej\u0161ih in eden prvih hibridov, ki so bili na voljo po vsem svetu. S svojo edinstveno obliko, zmogljivim pogonskim sklopom, odli\u010dnimi funkcijami in zelo majhno proizvodnjo je Karma dejansko prvi zbirateljski avtomobil sodobne dobe elektri\u010dnih\/hibridnih vozil. Prihodnja klasika? Vsekakor!\" \/>\n<meta property=\"og:url\" content=\"https:\/\/pistonaddict.com\/sl\/product\/fisker-karma-2\/\" \/>\n<meta property=\"og:site_name\" content=\"Piston Addict\" \/>\n<meta property=\"article:modified_time\" content=\"2024-05-21T12:15:18+00:00\" \/>\n<meta property=\"og:image\" content=\"https:\/\/pistonaddict.com\/wp-content\/uploads\/2024\/05\/IMG-20240321-WA0010.jpg\" \/>\n\t<meta property=\"og:image:width\" content=\"2000\" \/>\n\t<meta property=\"og:image:height\" content=\"1500\" \/>\n\t<meta property=\"og:image:type\" content=\"image\/jpeg\" \/>\n<meta name=\"twitter:card\" content=\"summary_large_image\" \/>\n<meta name=\"twitter:label1\" content=\"Est. reading time\" \/>\n\t<meta name=\"twitter:data1\" content=\"3 minute\" \/>\n<script type=\"application\/ld+json\" class=\"yoast-schema-graph\">{\"@context\":\"https:\/\/schema.org\",\"@graph\":[{\"@type\":\"WebPage\",\"@id\":\"https:\/\/pistonaddict.com\/sl\/product\/fisker-karma-2\/\",\"url\":\"https:\/\/pistonaddict.com\/sl\/product\/fisker-karma-2\/\",\"name\":\"Fisker Karma - ime Piston Addict\",\"isPartOf\":{\"@id\":\"https:\/\/pistonaddict.com\/sl\/#website\"},\"primaryImageOfPage\":{\"@id\":\"https:\/\/pistonaddict.com\/sl\/product\/fisker-karma-2\/#primaryimage\"},\"image\":{\"@id\":\"https:\/\/pistonaddict.com\/sl\/product\/fisker-karma-2\/#primaryimage\"},\"thumbnailUrl\":\"https:\/\/pistonaddict.com\/wp-content\/uploads\/2024\/05\/IMG-20240321-WA0010.jpg\",\"datePublished\":\"2024-05-21T09:33:26+00:00\",\"dateModified\":\"2024-05-21T12:15:18+00:00\",\"breadcrumb\":{\"@id\":\"https:\/\/pistonaddict.com\/sl\/product\/fisker-karma-2\/#breadcrumb\"},\"inLanguage\":\"sl-SI\",\"potentialAction\":[{\"@type\":\"ReadAction\",\"target\":[\"https:\/\/pistonaddict.com\/sl\/product\/fisker-karma-2\/\"]}]},{\"@type\":\"ImageObject\",\"inLanguage\":\"sl-SI\",\"@id\":\"https:\/\/pistonaddict.com\/sl\/product\/fisker-karma-2\/#primaryimage\",\"url\":\"https:\/\/pistonaddict.com\/wp-content\/uploads\/2024\/05\/IMG-20240321-WA0010.jpg\",\"contentUrl\":\"https:\/\/pistonaddict.com\/wp-content\/uploads\/2024\/05\/IMG-20240321-WA0010.jpg\",\"width\":2000,\"height\":1500},{\"@type\":\"BreadcrumbList\",\"@id\":\"https:\/\/pistonaddict.com\/sl\/product\/fisker-karma-2\/#breadcrumb\",\"itemListElement\":[{\"@type\":\"ListItem\",\"position\":1,\"name\":\"Doma\u010da stran\",\"item\":\"https:\/\/pistonaddict.com\/sl\/domaca-stran-2\/\"},{\"@type\":\"ListItem\",\"position\":2,\"name\":\"Auctions\",\"item\":\"https:\/\/pistonaddict.com\/auctions-listing\/\"},{\"@type\":\"ListItem\",\"position\":3,\"name\":\"Fisker Karma\"}]},{\"@type\":\"WebSite\",\"@id\":\"https:\/\/pistonaddict.com\/sl\/#website\",\"url\":\"https:\/\/pistonaddict.com\/sl\/\",\"name\":\"Piston Addict\",\"description\":\"Only interesting vehicles\",\"publisher\":{\"@id\":\"https:\/\/pistonaddict.com\/sl\/#organization\"},\"potentialAction\":[{\"@type\":\"SearchAction\",\"target\":{\"@type\":\"EntryPoint\",\"urlTemplate\":\"https:\/\/pistonaddict.com\/sl\/?s={search_term_string}\"},\"query-input\":\"required name=search_term_string\"}],\"inLanguage\":\"sl-SI\"},{\"@type\":\"Organization\",\"@id\":\"https:\/\/pistonaddict.com\/sl\/#organization\",\"name\":\"Piston Addict\",\"url\":\"https:\/\/pistonaddict.com\/sl\/\",\"logo\":{\"@type\":\"ImageObject\",\"inLanguage\":\"sl-SI\",\"@id\":\"https:\/\/pistonaddict.com\/sl\/#\/schema\/logo\/image\/\",\"url\":\"https:\/\/pistonaddict.com\/wp-content\/uploads\/2022\/07\/logo-6.png\",\"contentUrl\":\"https:\/\/pistonaddict.com\/wp-content\/uploads\/2022\/07\/logo-6.png\",\"width\":970,\"height\":200,\"caption\":\"Piston Addict\"},\"image\":{\"@id\":\"https:\/\/pistonaddict.com\/sl\/#\/schema\/logo\/image\/\"}}]}<\/script>\n<!-- \/ Yoast SEO plugin. -->","yoast_head_json":{"title":"Fisker Karma - ime Piston Addict","robots":{"index":"index","follow":"follow","max-snippet":"max-snippet:-1","max-image-preview":"max-image-preview:large","max-video-preview":"max-video-preview:-1"},"canonical":"https:\/\/pistonaddict.com\/sl\/product\/fisker-karma-2\/","og_locale":"sl_SI","og_type":"article","og_title":"Fisker Karma - ime Piston Addict","og_description":"Fisker Karma bo vedno ostal v spominu kot eden najzanimivej\u0161ih in eden prvih hibridov, ki so bili na voljo po vsem svetu. S svojo edinstveno obliko, zmogljivim pogonskim sklopom, odli\u010dnimi funkcijami in zelo majhno proizvodnjo je Karma dejansko prvi zbirateljski avtomobil sodobne dobe elektri\u010dnih\/hibridnih vozil. Prihodnja klasika? Vsekakor!","og_url":"https:\/\/pistonaddict.com\/sl\/product\/fisker-karma-2\/","og_site_name":"Piston Addict","article_modified_time":"2024-05-21T12:15:18+00:00","og_image":[{"width":2000,"height":1500,"url":"https:\/\/pistonaddict.com\/wp-content\/uploads\/2024\/05\/IMG-20240321-WA0010.jpg","type":"image\/jpeg"}],"twitter_card":"summary_large_image","twitter_misc":{"Est. reading time":"3 minute"},"schema":{"@context":"https:\/\/schema.org","@graph":[{"@type":"WebPage","@id":"https:\/\/pistonaddict.com\/sl\/product\/fisker-karma-2\/","url":"https:\/\/pistonaddict.com\/sl\/product\/fisker-karma-2\/","name":"Fisker Karma - ime Piston Addict","isPartOf":{"@id":"https:\/\/pistonaddict.com\/sl\/#website"},"primaryImageOfPage":{"@id":"https:\/\/pistonaddict.com\/sl\/product\/fisker-karma-2\/#primaryimage"},"image":{"@id":"https:\/\/pistonaddict.com\/sl\/product\/fisker-karma-2\/#primaryimage"},"thumbnailUrl":"https:\/\/pistonaddict.com\/wp-content\/uploads\/2024\/05\/IMG-20240321-WA0010.jpg","datePublished":"2024-05-21T09:33:26+00:00","dateModified":"2024-05-21T12:15:18+00:00","breadcrumb":{"@id":"https:\/\/pistonaddict.com\/sl\/product\/fisker-karma-2\/#breadcrumb"},"inLanguage":"sl-SI","potentialAction":[{"@type":"ReadAction","target":["https:\/\/pistonaddict.com\/sl\/product\/fisker-karma-2\/"]}]},{"@type":"ImageObject","inLanguage":"sl-SI","@id":"https:\/\/pistonaddict.com\/sl\/product\/fisker-karma-2\/#primaryimage","url":"https:\/\/pistonaddict.com\/wp-content\/uploads\/2024\/05\/IMG-20240321-WA0010.jpg","contentUrl":"https:\/\/pistonaddict.com\/wp-content\/uploads\/2024\/05\/IMG-20240321-WA0010.jpg","width":2000,"height":1500},{"@type":"BreadcrumbList","@id":"https:\/\/pistonaddict.com\/sl\/product\/fisker-karma-2\/#breadcrumb","itemListElement":[{"@type":"ListItem","position":1,"name":"Doma\u010da stran","item":"https:\/\/pistonaddict.com\/sl\/domaca-stran-2\/"},{"@type":"ListItem","position":2,"name":"Auctions","item":"https:\/\/pistonaddict.com\/auctions-listing\/"},{"@type":"ListItem","position":3,"name":"Fisker Karma"}]},{"@type":"WebSite","@id":"https:\/\/pistonaddict.com\/sl\/#website","url":"https:\/\/pistonaddict.com\/sl\/","name":"Piston Addict","description":"Only interesting vehicles","publisher":{"@id":"https:\/\/pistonaddict.com\/sl\/#organization"},"potentialAction":[{"@type":"SearchAction","target":{"@type":"EntryPoint","urlTemplate":"https:\/\/pistonaddict.com\/sl\/?s={search_term_string}"},"query-input":"required name=search_term_string"}],"inLanguage":"sl-SI"},{"@type":"Organization","@id":"https:\/\/pistonaddict.com\/sl\/#organization","name":"Piston Addict","url":"https:\/\/pistonaddict.com\/sl\/","logo":{"@type":"ImageObject","inLanguage":"sl-SI","@id":"https:\/\/pistonaddict.com\/sl\/#\/schema\/logo\/image\/","url":"https:\/\/pistonaddict.com\/wp-content\/uploads\/2022\/07\/logo-6.png","contentUrl":"https:\/\/pistonaddict.com\/wp-content\/uploads\/2022\/07\/logo-6.png","width":970,"height":200,"caption":"Piston Addict"},"image":{"@id":"https:\/\/pistonaddict.com\/sl\/#\/schema\/logo\/image\/"}}]}},"_links":{"self":[{"href":"https:\/\/pistonaddict.com\/sl\/wp-json\/wp\/v2\/product\/104844"}],"collection":[{"href":"https:\/\/pistonaddict.com\/sl\/wp-json\/wp\/v2\/product"}],"about":[{"href":"https:\/\/pistonaddict.com\/sl\/wp-json\/wp\/v2\/types\/product"}],"replies":[{"embeddable":true,"href":"https:\/\/pistonaddict.com\/sl\/wp-json\/wp\/v2\/comments?post=104844"}],"wp:featuredmedia":[{"embeddable":true,"href":"https:\/\/pistonaddict.com\/sl\/wp-json\/wp\/v2\/media\/104629"}],"wp:attachment":[{"href":"https:\/\/pistonaddict.com\/sl\/wp-json\/wp\/v2\/media?parent=104844"}],"wp:term":[{"taxonomy":"product_cat","embeddable":true,"href":"https:\/\/pistonaddict.com\/sl\/wp-json\/wp\/v2\/product_cat?post=104844"},{"taxonomy":"product_tag","embeddable":true,"href":"https:\/\/pistonaddict.com\/sl\/wp-json\/wp\/v2\/product_tag?post=104844"}],"curies":[{"name":"wp","href":"https:\/\/api.w.org\/{rel}","templated":true}]}}