{"id":104252,"date":"2024-05-17T11:16:20","date_gmt":"2024-05-17T09:16:20","guid":{"rendered":"https:\/\/pistonaddict.com\/product\/1979-pontiac-bonneville-brougham\/"},"modified":"2024-05-17T15:57:17","modified_gmt":"2024-05-17T13:57:17","slug":"1979-pontiac-bonneville-brougham","status":"publish","type":"product","link":"https:\/\/pistonaddict.com\/sl\/product\/1979-pontiac-bonneville-brougham\/","title":{"rendered":"1979 Pontiac Bonneville Brougham"},"content":{"rendered":"<p><strong>Zgodovina avtomobila<\/strong><\/p>\n<p>V GM-ovi nomenklaturi je imel Pontiac Bonneville posebno mesto. \u010ceprav je bil tesno povezan z bolj vsakdanjima modeloma Chevrolet Impala in Caprice, se je po edinstvenih oblikovnih zna\u010dilnostih, razko\u0161ju v vi\u0161jem razredu in zmogljivosti jasno razlikoval od drugih modelov. Vse od predstavitve prvega modela Bonneville leta 1958 ima ta znamka poseben \u010dar med ameri\u0161kimi ljubitelji avtomobilov. \u010ceprav je bil Bonneville iz leta 1979 manj zmogljiv od svojih predhodnikov, je veljal za eno najbolj\u0161ih limuzin na trgu in najbolj\u0161o izbiro za zahtevne navdu\u0161ence, ki \u017eelijo me\u0161anico razko\u0161ja in zmogljivosti. \u0160esta generacija je bila predstavljena leta 1977 in se je prodajala do leta 1981, nato pa jo je GM zamenjal z manj\u0161im in ne tako privla\u010dnim modelom. Zato je ta posebni Bonneville tako zanimiv. Ne le, da je to eden zadnjih pravih Pontiacovih limuzin, temve\u010d tudi primerek z edinstveno zgodbo in v brezhibnem stanju. Ker gre za model Bonneville Brougham (vrhunski model), je tudi precej redek, Pontiac pa je tistega leta izdelal le pribli\u017eno 17.300 primerkov. Pod pokrovom je po \u017eelji name\u0161\u010den 350 V8 (5,7 litra) s 170 KM, ki je povezan s 4-stopenjskim samodejnim menjalnikom.<\/p>\n<p>Ta primerek je bil prvotno prodan v Mehiki leta 1979 in takoj zatem uvo\u017een v \u0160panijo. Zato ima merilnik hitrosti v kilometrih in druge specifi\u010dne podatke. Lastnik ga je uvozil in ga uporabljal le ob\u010dasno, tako da je avto prevozil le 31.000 kilometrov. Sedanji lastnik ga je leta 2019 prevzel od dru\u017eine prvotnega lastnika in ga obnovil (lakiranje in nekaj podrobnosti), s \u010dimer je ta iskana limuzina dobila novo podobo.<\/p>\n<p><strong>Notranjost<\/strong><\/p>\n<p>Ko sedete za volan Pontiaca Bonneville iz leta 1979, se va\u0161a predstava o luksuzni notranjosti takoj spremeni. Masivni in udobni sede\u017ei iz velurja, veliko prostora v notranjosti, kromirani detajli in ti\u0161ina so neprimerljivi celo z mnogimi avtomobili, ki jih nikoli ni bilo. Oblazinjenje in preproge karamelne barve se odli\u010dno ujemajo z lesenimi vlo\u017eki in zunanjo barvo ter so odli\u010den primer detroitske estetike poznih 70. let. Poleg tega je dobro opremljeno vozilo z elektri\u010dnimi stekli in ogledali, avtomatsko klimatsko napravo, ki je prilagojena sodobnemu plinu, stereo sistemom in tempomatom. Vse je popolnoma funkcionalno in brez po\u0161kodb.<\/p>\n<p><strong>Stanje avtomobila<\/strong><\/p>\n<p>Na \u0161tevcu prevo\u017eenih kilometrov je natanko 31.619 kilometrov, ta Bonneville Brougham pa je bil vedno v gara\u017ei in pod edinstvenim pokrovom, ko ni bil v uporabi. Zaradi nedavnega prelakiranja v prvotni barvi lahko mirno trdimo, da je vozilo v stanju kot novo. Kromirane podrobnosti so ble\u0161\u010de\u010de, vse okrasne obloge so v odli\u010dnem stanju, z originalnimi plati\u0161\u010di in ustreznimi pnevmatikami. Avtomobil je bil servisiran, olje je bilo zamenjano, aprila 2024 so bile obnovljene zavore, leta 2021 pa so bila opravljena nekatera elektri\u010dna dela. Glede na \u0161tevilo prevo\u017eenih kilometrov, stanje in ohranjenost je to lahko najbolj\u0161i Bonneville Brougham iz leta 1979. Vozilo je opravilo tehni\u010dni pregled ITV, ki velja do leta 2028.<\/p>\n<p><strong>Zunanjost in kolesa<\/strong><\/p>\n<p>Karoserija je po strokovnem in pravilnem novem barvanju v originalni barvi brezhibna. Prebarvanje je bilo uspe\u0161no, saj je bila karoserija popolnoma ohranjena, brez korozije, po\u0161kodb ali popravil. Z originalnimi \u017ei\u010dnatimi plati\u0161\u010di je lastnik v letu 2021 namestil zna\u010dilne in originalne bele pnevmatike.<\/p>\n<p><strong>Dokumentacija<\/strong><\/p>\n<p>Vozilo se nahaja v \u0160paniji in ima obse\u017eno dokumentacijo, vklju\u010dno s potrdili o opravljenem vzdr\u017eevanju, dokumentacijo \u0161panskega tehni\u010dnega pregleda, odobritvijo statusa klasi\u010dnega avtomobila itd. O \u0161kodi, izterjavi zaradi kraje ali zavarovalnih zahtevkih ni nobenih podatkov. Dokumentacija zajema vozilo od prvega dne in vsebuje dokazila o izjemni oskrbi.<\/p>\n<p><strong>Oglejte si videoposnetek hladnega zagona tega brezhibnega Pontiaca Bonneville iz leta 1979:<\/strong><\/p>\n<p><iframe title=\"Cold Start Video of the incredible 1979 Pontiac Bonneville\" width=\"1200\" height=\"675\" src=\"https:\/\/www.youtube.com\/embed\/6DKO8uhEkN8?feature=oembed\" frameborder=\"0\" allow=\"accelerometer; autoplay; clipboard-write; encrypted-media; gyroscope; picture-in-picture; web-share\" referrerpolicy=\"strict-origin-when-cross-origin\" allowfullscreen><\/iframe><\/p>\n","protected":false},"excerpt":{"rendered":"<p>Pontiac se je v zgodovino avtomobilov zapisal kot vznemirljiva blagovna znamka dru\u017ebe GM z vrsto zmogljivih mi\u0161i\u010dastih avtomobilov, elegantnimi oblikami in inovativnimi modeli. Bonneville iz leta 1979 je na vrhu modelne linije in pomeni konec obdobja polnovrednih limuzin. Ta limuzina je z neprimerljivim slogom, veliko prostora in vrsto luksuznih funkcij odli\u010den primer klasi\u010dnega ameri\u0161kega avtomobila.<\/p>\n","protected":false},"featured_media":104298,"comment_status":"open","ping_status":"closed","template":"","meta":{"inline_featured_image":false},"product_cat":[700],"product_tag":[4002,4024,904],"acf":[],"yoast_head":"<!-- This site is optimized with the Yoast SEO plugin v22.5 - https:\/\/yoast.com\/wordpress\/plugins\/seo\/ -->\n<title>1979 Pontiac Bonneville Brougham - ime Piston Addict<\/title>\n<meta name=\"robots\" content=\"index, follow, max-snippet:-1, max-image-preview:large, max-video-preview:-1\" \/>\n<link rel=\"canonical\" href=\"https:\/\/pistonaddict.com\/sl\/product\/1979-pontiac-bonneville-brougham\/\" \/>\n<meta property=\"og:locale\" content=\"sl_SI\" \/>\n<meta property=\"og:type\" content=\"article\" \/>\n<meta property=\"og:title\" content=\"1979 Pontiac Bonneville Brougham - ime Piston Addict\" \/>\n<meta property=\"og:description\" content=\"Pontiac se je v zgodovino avtomobilov zapisal kot vznemirljiva blagovna znamka dru\u017ebe GM z vrsto zmogljivih mi\u0161i\u010dastih avtomobilov, elegantnimi oblikami in inovativnimi modeli. Bonneville iz leta 1979 je na vrhu modelne linije in pomeni konec obdobja polnovrednih limuzin. Ta limuzina je z neprimerljivim slogom, veliko prostora in vrsto luksuznih funkcij odli\u010den primer klasi\u010dnega ameri\u0161kega avtomobila.\" \/>\n<meta property=\"og:url\" content=\"https:\/\/pistonaddict.com\/sl\/product\/1979-pontiac-bonneville-brougham\/\" \/>\n<meta property=\"og:site_name\" content=\"Piston Addict\" \/>\n<meta property=\"article:modified_time\" content=\"2024-05-17T13:57:17+00:00\" \/>\n<meta property=\"og:image\" content=\"https:\/\/pistonaddict.com\/wp-content\/uploads\/2024\/05\/5a7bfe0d-cda7-49a4-89d2-85a67cfe2d90-1.jpg\" \/>\n\t<meta property=\"og:image:width\" content=\"2016\" \/>\n\t<meta property=\"og:image:height\" content=\"1134\" \/>\n\t<meta property=\"og:image:type\" content=\"image\/jpeg\" \/>\n<meta name=\"twitter:card\" content=\"summary_large_image\" \/>\n<meta name=\"twitter:label1\" content=\"Est. reading time\" \/>\n\t<meta name=\"twitter:data1\" content=\"3 minute\" \/>\n<script type=\"application\/ld+json\" class=\"yoast-schema-graph\">{\"@context\":\"https:\/\/schema.org\",\"@graph\":[{\"@type\":\"WebPage\",\"@id\":\"https:\/\/pistonaddict.com\/sl\/product\/1979-pontiac-bonneville-brougham\/\",\"url\":\"https:\/\/pistonaddict.com\/sl\/product\/1979-pontiac-bonneville-brougham\/\",\"name\":\"1979 Pontiac Bonneville Brougham - ime Piston Addict\",\"isPartOf\":{\"@id\":\"https:\/\/pistonaddict.com\/sl\/#website\"},\"primaryImageOfPage\":{\"@id\":\"https:\/\/pistonaddict.com\/sl\/product\/1979-pontiac-bonneville-brougham\/#primaryimage\"},\"image\":{\"@id\":\"https:\/\/pistonaddict.com\/sl\/product\/1979-pontiac-bonneville-brougham\/#primaryimage\"},\"thumbnailUrl\":\"https:\/\/pistonaddict.com\/wp-content\/uploads\/2024\/05\/5a7bfe0d-cda7-49a4-89d2-85a67cfe2d90-1.jpg\",\"datePublished\":\"2024-05-17T09:16:20+00:00\",\"dateModified\":\"2024-05-17T13:57:17+00:00\",\"breadcrumb\":{\"@id\":\"https:\/\/pistonaddict.com\/sl\/product\/1979-pontiac-bonneville-brougham\/#breadcrumb\"},\"inLanguage\":\"sl-SI\",\"potentialAction\":[{\"@type\":\"ReadAction\",\"target\":[\"https:\/\/pistonaddict.com\/sl\/product\/1979-pontiac-bonneville-brougham\/\"]}]},{\"@type\":\"ImageObject\",\"inLanguage\":\"sl-SI\",\"@id\":\"https:\/\/pistonaddict.com\/sl\/product\/1979-pontiac-bonneville-brougham\/#primaryimage\",\"url\":\"https:\/\/pistonaddict.com\/wp-content\/uploads\/2024\/05\/5a7bfe0d-cda7-49a4-89d2-85a67cfe2d90-1.jpg\",\"contentUrl\":\"https:\/\/pistonaddict.com\/wp-content\/uploads\/2024\/05\/5a7bfe0d-cda7-49a4-89d2-85a67cfe2d90-1.jpg\",\"width\":2016,\"height\":1134},{\"@type\":\"BreadcrumbList\",\"@id\":\"https:\/\/pistonaddict.com\/sl\/product\/1979-pontiac-bonneville-brougham\/#breadcrumb\",\"itemListElement\":[{\"@type\":\"ListItem\",\"position\":1,\"name\":\"Doma\u010da stran\",\"item\":\"https:\/\/pistonaddict.com\/sl\/domaca-stran-2\/\"},{\"@type\":\"ListItem\",\"position\":2,\"name\":\"Auctions\",\"item\":\"https:\/\/pistonaddict.com\/auctions-listing\/\"},{\"@type\":\"ListItem\",\"position\":3,\"name\":\"1979 Pontiac Bonneville Brougham\"}]},{\"@type\":\"WebSite\",\"@id\":\"https:\/\/pistonaddict.com\/sl\/#website\",\"url\":\"https:\/\/pistonaddict.com\/sl\/\",\"name\":\"Piston Addict\",\"description\":\"Only interesting vehicles\",\"publisher\":{\"@id\":\"https:\/\/pistonaddict.com\/sl\/#organization\"},\"potentialAction\":[{\"@type\":\"SearchAction\",\"target\":{\"@type\":\"EntryPoint\",\"urlTemplate\":\"https:\/\/pistonaddict.com\/sl\/?s={search_term_string}\"},\"query-input\":\"required name=search_term_string\"}],\"inLanguage\":\"sl-SI\"},{\"@type\":\"Organization\",\"@id\":\"https:\/\/pistonaddict.com\/sl\/#organization\",\"name\":\"Piston Addict\",\"url\":\"https:\/\/pistonaddict.com\/sl\/\",\"logo\":{\"@type\":\"ImageObject\",\"inLanguage\":\"sl-SI\",\"@id\":\"https:\/\/pistonaddict.com\/sl\/#\/schema\/logo\/image\/\",\"url\":\"https:\/\/pistonaddict.com\/wp-content\/uploads\/2022\/07\/logo-6.png\",\"contentUrl\":\"https:\/\/pistonaddict.com\/wp-content\/uploads\/2022\/07\/logo-6.png\",\"width\":970,\"height\":200,\"caption\":\"Piston Addict\"},\"image\":{\"@id\":\"https:\/\/pistonaddict.com\/sl\/#\/schema\/logo\/image\/\"}}]}<\/script>\n<!-- \/ Yoast SEO plugin. -->","yoast_head_json":{"title":"1979 Pontiac Bonneville Brougham - ime Piston Addict","robots":{"index":"index","follow":"follow","max-snippet":"max-snippet:-1","max-image-preview":"max-image-preview:large","max-video-preview":"max-video-preview:-1"},"canonical":"https:\/\/pistonaddict.com\/sl\/product\/1979-pontiac-bonneville-brougham\/","og_locale":"sl_SI","og_type":"article","og_title":"1979 Pontiac Bonneville Brougham - ime Piston Addict","og_description":"Pontiac se je v zgodovino avtomobilov zapisal kot vznemirljiva blagovna znamka dru\u017ebe GM z vrsto zmogljivih mi\u0161i\u010dastih avtomobilov, elegantnimi oblikami in inovativnimi modeli. Bonneville iz leta 1979 je na vrhu modelne linije in pomeni konec obdobja polnovrednih limuzin. Ta limuzina je z neprimerljivim slogom, veliko prostora in vrsto luksuznih funkcij odli\u010den primer klasi\u010dnega ameri\u0161kega avtomobila.","og_url":"https:\/\/pistonaddict.com\/sl\/product\/1979-pontiac-bonneville-brougham\/","og_site_name":"Piston Addict","article_modified_time":"2024-05-17T13:57:17+00:00","og_image":[{"width":2016,"height":1134,"url":"https:\/\/pistonaddict.com\/wp-content\/uploads\/2024\/05\/5a7bfe0d-cda7-49a4-89d2-85a67cfe2d90-1.jpg","type":"image\/jpeg"}],"twitter_card":"summary_large_image","twitter_misc":{"Est. reading time":"3 minute"},"schema":{"@context":"https:\/\/schema.org","@graph":[{"@type":"WebPage","@id":"https:\/\/pistonaddict.com\/sl\/product\/1979-pontiac-bonneville-brougham\/","url":"https:\/\/pistonaddict.com\/sl\/product\/1979-pontiac-bonneville-brougham\/","name":"1979 Pontiac Bonneville Brougham - ime Piston Addict","isPartOf":{"@id":"https:\/\/pistonaddict.com\/sl\/#website"},"primaryImageOfPage":{"@id":"https:\/\/pistonaddict.com\/sl\/product\/1979-pontiac-bonneville-brougham\/#primaryimage"},"image":{"@id":"https:\/\/pistonaddict.com\/sl\/product\/1979-pontiac-bonneville-brougham\/#primaryimage"},"thumbnailUrl":"https:\/\/pistonaddict.com\/wp-content\/uploads\/2024\/05\/5a7bfe0d-cda7-49a4-89d2-85a67cfe2d90-1.jpg","datePublished":"2024-05-17T09:16:20+00:00","dateModified":"2024-05-17T13:57:17+00:00","breadcrumb":{"@id":"https:\/\/pistonaddict.com\/sl\/product\/1979-pontiac-bonneville-brougham\/#breadcrumb"},"inLanguage":"sl-SI","potentialAction":[{"@type":"ReadAction","target":["https:\/\/pistonaddict.com\/sl\/product\/1979-pontiac-bonneville-brougham\/"]}]},{"@type":"ImageObject","inLanguage":"sl-SI","@id":"https:\/\/pistonaddict.com\/sl\/product\/1979-pontiac-bonneville-brougham\/#primaryimage","url":"https:\/\/pistonaddict.com\/wp-content\/uploads\/2024\/05\/5a7bfe0d-cda7-49a4-89d2-85a67cfe2d90-1.jpg","contentUrl":"https:\/\/pistonaddict.com\/wp-content\/uploads\/2024\/05\/5a7bfe0d-cda7-49a4-89d2-85a67cfe2d90-1.jpg","width":2016,"height":1134},{"@type":"BreadcrumbList","@id":"https:\/\/pistonaddict.com\/sl\/product\/1979-pontiac-bonneville-brougham\/#breadcrumb","itemListElement":[{"@type":"ListItem","position":1,"name":"Doma\u010da stran","item":"https:\/\/pistonaddict.com\/sl\/domaca-stran-2\/"},{"@type":"ListItem","position":2,"name":"Auctions","item":"https:\/\/pistonaddict.com\/auctions-listing\/"},{"@type":"ListItem","position":3,"name":"1979 Pontiac Bonneville Brougham"}]},{"@type":"WebSite","@id":"https:\/\/pistonaddict.com\/sl\/#website","url":"https:\/\/pistonaddict.com\/sl\/","name":"Piston Addict","description":"Only interesting vehicles","publisher":{"@id":"https:\/\/pistonaddict.com\/sl\/#organization"},"potentialAction":[{"@type":"SearchAction","target":{"@type":"EntryPoint","urlTemplate":"https:\/\/pistonaddict.com\/sl\/?s={search_term_string}"},"query-input":"required name=search_term_string"}],"inLanguage":"sl-SI"},{"@type":"Organization","@id":"https:\/\/pistonaddict.com\/sl\/#organization","name":"Piston Addict","url":"https:\/\/pistonaddict.com\/sl\/","logo":{"@type":"ImageObject","inLanguage":"sl-SI","@id":"https:\/\/pistonaddict.com\/sl\/#\/schema\/logo\/image\/","url":"https:\/\/pistonaddict.com\/wp-content\/uploads\/2022\/07\/logo-6.png","contentUrl":"https:\/\/pistonaddict.com\/wp-content\/uploads\/2022\/07\/logo-6.png","width":970,"height":200,"caption":"Piston Addict"},"image":{"@id":"https:\/\/pistonaddict.com\/sl\/#\/schema\/logo\/image\/"}}]}},"_links":{"self":[{"href":"https:\/\/pistonaddict.com\/sl\/wp-json\/wp\/v2\/product\/104252"}],"collection":[{"href":"https:\/\/pistonaddict.com\/sl\/wp-json\/wp\/v2\/product"}],"about":[{"href":"https:\/\/pistonaddict.com\/sl\/wp-json\/wp\/v2\/types\/product"}],"replies":[{"embeddable":true,"href":"https:\/\/pistonaddict.com\/sl\/wp-json\/wp\/v2\/comments?post=104252"}],"wp:featuredmedia":[{"embeddable":true,"href":"https:\/\/pistonaddict.com\/sl\/wp-json\/wp\/v2\/media\/104298"}],"wp:attachment":[{"href":"https:\/\/pistonaddict.com\/sl\/wp-json\/wp\/v2\/media?parent=104252"}],"wp:term":[{"taxonomy":"product_cat","embeddable":true,"href":"https:\/\/pistonaddict.com\/sl\/wp-json\/wp\/v2\/product_cat?post=104252"},{"taxonomy":"product_tag","embeddable":true,"href":"https:\/\/pistonaddict.com\/sl\/wp-json\/wp\/v2\/product_tag?post=104252"}],"curies":[{"name":"wp","href":"https:\/\/api.w.org\/{rel}","templated":true}]}}