{"id":10071,"date":"2022-06-12T14:24:29","date_gmt":"2022-06-12T12:24:29","guid":{"rendered":"https:\/\/pistonaddict.com\/produit\/klasicna\/"},"modified":"2023-11-29T10:39:47","modified_gmt":"2023-11-29T09:39:47","slug":"klasicna","status":"publish","type":"product","link":"https:\/\/pistonaddict.com\/sl\/product\/klasicna\/","title":{"rendered":"klasi\u010dna"},"content":{"rendered":"<p><strong>Kako deluje?<\/strong><\/p>\n<ol>\n<li>Naro\u010dite se za 99 \u20ac<\/li>\n<li>Predlo\u017eite svoje vozilo<\/li>\n<li>Sprejemamo, \u010de se ujema<\/li>\n<li>Napi\u0161emo va\u0161 oglas<\/li>\n<li>Uredite in potrdite svoj oglas.<\/li>\n<li>Va\u0161 oglas je na spletu<\/li>\n<\/ol>\n","protected":false},"excerpt":{"rendered":"<p>Najbolj\u0161e mesto za prodajo vozila. 99 \u20ac za predlo\u017eitev, brez drugih pristojbin prodajalca in z dra\u017ebo po meri na na\u0161em spletnem mestu.<\/p>\n","protected":false},"featured_media":1707,"comment_status":"closed","ping_status":"closed","template":"","meta":{"inline_featured_image":false},"product_cat":[],"product_tag":[],"acf":[],"yoast_head":"<!-- This site is optimized with the Yoast SEO plugin v22.5 - https:\/\/yoast.com\/wordpress\/plugins\/seo\/ -->\n<title>klasi\u010dna - ime Piston Addict<\/title>\n<meta name=\"robots\" content=\"index, follow, max-snippet:-1, max-image-preview:large, max-video-preview:-1\" \/>\n<link rel=\"canonical\" href=\"https:\/\/pistonaddict.com\/sl\/product\/klasicna\/\" \/>\n<meta property=\"og:locale\" content=\"sl_SI\" \/>\n<meta property=\"og:type\" content=\"article\" \/>\n<meta property=\"og:title\" content=\"klasi\u010dna - ime Piston Addict\" \/>\n<meta property=\"og:description\" content=\"Najbolj\u0161e mesto za prodajo vozila. 99 \u20ac za predlo\u017eitev, brez drugih pristojbin prodajalca in z dra\u017ebo po meri na na\u0161em spletnem mestu.\" \/>\n<meta property=\"og:url\" content=\"https:\/\/pistonaddict.com\/sl\/product\/klasicna\/\" \/>\n<meta property=\"og:site_name\" content=\"Piston Addict\" \/>\n<meta property=\"article:modified_time\" content=\"2023-11-29T09:39:47+00:00\" \/>\n<meta property=\"og:image\" content=\"https:\/\/pistonaddict.com\/wp-content\/uploads\/2022\/05\/cropped-PA-Favicon.png\" \/>\n\t<meta property=\"og:image:width\" content=\"512\" \/>\n\t<meta property=\"og:image:height\" content=\"512\" \/>\n\t<meta property=\"og:image:type\" content=\"image\/png\" \/>\n<meta name=\"twitter:card\" content=\"summary_large_image\" \/>\n<script type=\"application\/ld+json\" class=\"yoast-schema-graph\">{\"@context\":\"https:\/\/schema.org\",\"@graph\":[{\"@type\":\"WebPage\",\"@id\":\"https:\/\/pistonaddict.com\/sl\/product\/klasicna\/\",\"url\":\"https:\/\/pistonaddict.com\/sl\/product\/klasicna\/\",\"name\":\"klasi\u010dna - ime Piston Addict\",\"isPartOf\":{\"@id\":\"https:\/\/pistonaddict.com\/sl\/#website\"},\"primaryImageOfPage\":{\"@id\":\"https:\/\/pistonaddict.com\/sl\/product\/klasicna\/#primaryimage\"},\"image\":{\"@id\":\"https:\/\/pistonaddict.com\/sl\/product\/klasicna\/#primaryimage\"},\"thumbnailUrl\":\"https:\/\/pistonaddict.com\/wp-content\/uploads\/2022\/05\/cropped-PA-Favicon.png\",\"datePublished\":\"2022-06-12T12:24:29+00:00\",\"dateModified\":\"2023-11-29T09:39:47+00:00\",\"breadcrumb\":{\"@id\":\"https:\/\/pistonaddict.com\/sl\/product\/klasicna\/#breadcrumb\"},\"inLanguage\":\"sl-SI\",\"potentialAction\":[{\"@type\":\"ReadAction\",\"target\":[\"https:\/\/pistonaddict.com\/sl\/product\/klasicna\/\"]}]},{\"@type\":\"ImageObject\",\"inLanguage\":\"sl-SI\",\"@id\":\"https:\/\/pistonaddict.com\/sl\/product\/klasicna\/#primaryimage\",\"url\":\"https:\/\/pistonaddict.com\/wp-content\/uploads\/2022\/05\/cropped-PA-Favicon.png\",\"contentUrl\":\"https:\/\/pistonaddict.com\/wp-content\/uploads\/2022\/05\/cropped-PA-Favicon.png\",\"width\":512,\"height\":512},{\"@type\":\"BreadcrumbList\",\"@id\":\"https:\/\/pistonaddict.com\/sl\/product\/klasicna\/#breadcrumb\",\"itemListElement\":[{\"@type\":\"ListItem\",\"position\":1,\"name\":\"Doma\u010da stran\",\"item\":\"https:\/\/pistonaddict.com\/sl\/domaca-stran-2\/\"},{\"@type\":\"ListItem\",\"position\":2,\"name\":\"Auctions\",\"item\":\"https:\/\/pistonaddict.com\/auctions-listing\/\"},{\"@type\":\"ListItem\",\"position\":3,\"name\":\"klasi\u010dna\"}]},{\"@type\":\"WebSite\",\"@id\":\"https:\/\/pistonaddict.com\/sl\/#website\",\"url\":\"https:\/\/pistonaddict.com\/sl\/\",\"name\":\"Piston Addict\",\"description\":\"Only interesting vehicles\",\"publisher\":{\"@id\":\"https:\/\/pistonaddict.com\/sl\/#organization\"},\"potentialAction\":[{\"@type\":\"SearchAction\",\"target\":{\"@type\":\"EntryPoint\",\"urlTemplate\":\"https:\/\/pistonaddict.com\/sl\/?s={search_term_string}\"},\"query-input\":\"required name=search_term_string\"}],\"inLanguage\":\"sl-SI\"},{\"@type\":\"Organization\",\"@id\":\"https:\/\/pistonaddict.com\/sl\/#organization\",\"name\":\"Piston Addict\",\"url\":\"https:\/\/pistonaddict.com\/sl\/\",\"logo\":{\"@type\":\"ImageObject\",\"inLanguage\":\"sl-SI\",\"@id\":\"https:\/\/pistonaddict.com\/sl\/#\/schema\/logo\/image\/\",\"url\":\"https:\/\/pistonaddict.com\/wp-content\/uploads\/2022\/07\/logo-6.png\",\"contentUrl\":\"https:\/\/pistonaddict.com\/wp-content\/uploads\/2022\/07\/logo-6.png\",\"width\":970,\"height\":200,\"caption\":\"Piston Addict\"},\"image\":{\"@id\":\"https:\/\/pistonaddict.com\/sl\/#\/schema\/logo\/image\/\"}}]}<\/script>\n<!-- \/ Yoast SEO plugin. -->","yoast_head_json":{"title":"klasi\u010dna - ime Piston Addict","robots":{"index":"index","follow":"follow","max-snippet":"max-snippet:-1","max-image-preview":"max-image-preview:large","max-video-preview":"max-video-preview:-1"},"canonical":"https:\/\/pistonaddict.com\/sl\/product\/klasicna\/","og_locale":"sl_SI","og_type":"article","og_title":"klasi\u010dna - ime Piston Addict","og_description":"Najbolj\u0161e mesto za prodajo vozila. 99 \u20ac za predlo\u017eitev, brez drugih pristojbin prodajalca in z dra\u017ebo po meri na na\u0161em spletnem mestu.","og_url":"https:\/\/pistonaddict.com\/sl\/product\/klasicna\/","og_site_name":"Piston Addict","article_modified_time":"2023-11-29T09:39:47+00:00","og_image":[{"width":512,"height":512,"url":"https:\/\/pistonaddict.com\/wp-content\/uploads\/2022\/05\/cropped-PA-Favicon.png","type":"image\/png"}],"twitter_card":"summary_large_image","schema":{"@context":"https:\/\/schema.org","@graph":[{"@type":"WebPage","@id":"https:\/\/pistonaddict.com\/sl\/product\/klasicna\/","url":"https:\/\/pistonaddict.com\/sl\/product\/klasicna\/","name":"klasi\u010dna - ime Piston Addict","isPartOf":{"@id":"https:\/\/pistonaddict.com\/sl\/#website"},"primaryImageOfPage":{"@id":"https:\/\/pistonaddict.com\/sl\/product\/klasicna\/#primaryimage"},"image":{"@id":"https:\/\/pistonaddict.com\/sl\/product\/klasicna\/#primaryimage"},"thumbnailUrl":"https:\/\/pistonaddict.com\/wp-content\/uploads\/2022\/05\/cropped-PA-Favicon.png","datePublished":"2022-06-12T12:24:29+00:00","dateModified":"2023-11-29T09:39:47+00:00","breadcrumb":{"@id":"https:\/\/pistonaddict.com\/sl\/product\/klasicna\/#breadcrumb"},"inLanguage":"sl-SI","potentialAction":[{"@type":"ReadAction","target":["https:\/\/pistonaddict.com\/sl\/product\/klasicna\/"]}]},{"@type":"ImageObject","inLanguage":"sl-SI","@id":"https:\/\/pistonaddict.com\/sl\/product\/klasicna\/#primaryimage","url":"https:\/\/pistonaddict.com\/wp-content\/uploads\/2022\/05\/cropped-PA-Favicon.png","contentUrl":"https:\/\/pistonaddict.com\/wp-content\/uploads\/2022\/05\/cropped-PA-Favicon.png","width":512,"height":512},{"@type":"BreadcrumbList","@id":"https:\/\/pistonaddict.com\/sl\/product\/klasicna\/#breadcrumb","itemListElement":[{"@type":"ListItem","position":1,"name":"Doma\u010da stran","item":"https:\/\/pistonaddict.com\/sl\/domaca-stran-2\/"},{"@type":"ListItem","position":2,"name":"Auctions","item":"https:\/\/pistonaddict.com\/auctions-listing\/"},{"@type":"ListItem","position":3,"name":"klasi\u010dna"}]},{"@type":"WebSite","@id":"https:\/\/pistonaddict.com\/sl\/#website","url":"https:\/\/pistonaddict.com\/sl\/","name":"Piston Addict","description":"Only interesting vehicles","publisher":{"@id":"https:\/\/pistonaddict.com\/sl\/#organization"},"potentialAction":[{"@type":"SearchAction","target":{"@type":"EntryPoint","urlTemplate":"https:\/\/pistonaddict.com\/sl\/?s={search_term_string}"},"query-input":"required name=search_term_string"}],"inLanguage":"sl-SI"},{"@type":"Organization","@id":"https:\/\/pistonaddict.com\/sl\/#organization","name":"Piston Addict","url":"https:\/\/pistonaddict.com\/sl\/","logo":{"@type":"ImageObject","inLanguage":"sl-SI","@id":"https:\/\/pistonaddict.com\/sl\/#\/schema\/logo\/image\/","url":"https:\/\/pistonaddict.com\/wp-content\/uploads\/2022\/07\/logo-6.png","contentUrl":"https:\/\/pistonaddict.com\/wp-content\/uploads\/2022\/07\/logo-6.png","width":970,"height":200,"caption":"Piston Addict"},"image":{"@id":"https:\/\/pistonaddict.com\/sl\/#\/schema\/logo\/image\/"}}]}},"_links":{"self":[{"href":"https:\/\/pistonaddict.com\/sl\/wp-json\/wp\/v2\/product\/10071"}],"collection":[{"href":"https:\/\/pistonaddict.com\/sl\/wp-json\/wp\/v2\/product"}],"about":[{"href":"https:\/\/pistonaddict.com\/sl\/wp-json\/wp\/v2\/types\/product"}],"replies":[{"embeddable":true,"href":"https:\/\/pistonaddict.com\/sl\/wp-json\/wp\/v2\/comments?post=10071"}],"wp:featuredmedia":[{"embeddable":true,"href":"https:\/\/pistonaddict.com\/sl\/wp-json\/wp\/v2\/media\/1707"}],"wp:attachment":[{"href":"https:\/\/pistonaddict.com\/sl\/wp-json\/wp\/v2\/media?parent=10071"}],"wp:term":[{"taxonomy":"product_cat","embeddable":true,"href":"https:\/\/pistonaddict.com\/sl\/wp-json\/wp\/v2\/product_cat?post=10071"},{"taxonomy":"product_tag","embeddable":true,"href":"https:\/\/pistonaddict.com\/sl\/wp-json\/wp\/v2\/product_tag?post=10071"}],"curies":[{"name":"wp","href":"https:\/\/api.w.org\/{rel}","templated":true}]}}