{"id":51265,"date":"2022-04-28T09:17:25","date_gmt":"2022-04-28T07:17:25","guid":{"rendered":"https:\/\/pistonaddict.com\/domaca-stran-2\/"},"modified":"2024-05-17T17:26:22","modified_gmt":"2024-05-17T15:26:22","slug":"domaca-stran-2","status":"publish","type":"page","link":"https:\/\/pistonaddict.com\/sl\/","title":{"rendered":"Doma\u010da stran"},"content":{"rendered":"","protected":false},"excerpt":{"rendered":"","protected":false},"author":1,"featured_media":0,"parent":0,"menu_order":0,"comment_status":"closed","ping_status":"closed","template":"template-parts\/tpl-accueil.php","meta":{"inline_featured_image":false,"footnotes":""},"acf":[],"yoast_head":"<!-- This site is optimized with the Yoast SEO plugin v22.5 - https:\/\/yoast.com\/wordpress\/plugins\/seo\/ -->\n<title>Piston Addict : Trg spletnih dra\u017eb avtomobilov<\/title>\n<meta name=\"description\" content=\"Avkcije Piston Addict so mednarodna tr\u017enica starodobnih in klasi\u010dnih vozil. Na dra\u017ebah prodajte in kupite sanjsko vozilo na portalu Piston Addict, samo zanimiva vozila, od starodobnega motocikla do hiperavtomobilov. O svojem naslednjem vozilu se lahko informirate tudi s \u010dlanki o avtomobilih Piston Addict, ki jih pi\u0161ejo na\u0161i avtomobilski novinarji, in zastavite vpra\u0161anja skupnosti Piston Addict.\" \/>\n<meta name=\"robots\" content=\"index, follow, max-snippet:-1, max-image-preview:large, max-video-preview:-1\" \/>\n<link rel=\"canonical\" href=\"https:\/\/pistonaddict.com\/sl\/\" \/>\n<meta property=\"og:locale\" content=\"sl_SI\" \/>\n<meta property=\"og:type\" content=\"article\" \/>\n<meta property=\"og:title\" content=\"Piston Addict : Trg spletnih dra\u017eb avtomobilov\" \/>\n<meta property=\"og:description\" content=\"Avkcije Piston Addict so mednarodna tr\u017enica starodobnih in klasi\u010dnih vozil. Na dra\u017ebah prodajte in kupite sanjsko vozilo na portalu Piston Addict, samo zanimiva vozila, od starodobnega motocikla do hiperavtomobilov. O svojem naslednjem vozilu se lahko informirate tudi s \u010dlanki o avtomobilih Piston Addict, ki jih pi\u0161ejo na\u0161i avtomobilski novinarji, in zastavite vpra\u0161anja skupnosti Piston Addict.\" \/>\n<meta property=\"og:url\" content=\"https:\/\/pistonaddict.com\/sl\/\" \/>\n<meta property=\"og:site_name\" content=\"Piston Addict\" \/>\n<meta property=\"article:modified_time\" content=\"2024-05-17T15:26:22+00:00\" \/>\n<meta name=\"twitter:card\" content=\"summary_large_image\" \/>\n<script type=\"application\/ld+json\" class=\"yoast-schema-graph\">{\"@context\":\"https:\/\/schema.org\",\"@graph\":[{\"@type\":\"WebPage\",\"@id\":\"https:\/\/pistonaddict.com\/sl\/\",\"url\":\"https:\/\/pistonaddict.com\/sl\/\",\"name\":\"Piston Addict : Trg spletnih dra\u017eb avtomobilov\",\"isPartOf\":{\"@id\":\"https:\/\/pistonaddict.com\/sl\/#website\"},\"datePublished\":\"2022-04-28T07:17:25+00:00\",\"dateModified\":\"2024-05-17T15:26:22+00:00\",\"description\":\"Avkcije Piston Addict so mednarodna tr\u017enica starodobnih in klasi\u010dnih vozil. Na dra\u017ebah prodajte in kupite sanjsko vozilo na portalu Piston Addict, samo zanimiva vozila, od starodobnega motocikla do hiperavtomobilov. O svojem naslednjem vozilu se lahko informirate tudi s \u010dlanki o avtomobilih Piston Addict, ki jih pi\u0161ejo na\u0161i avtomobilski novinarji, in zastavite vpra\u0161anja skupnosti Piston Addict.\",\"breadcrumb\":{\"@id\":\"https:\/\/pistonaddict.com\/sl\/#breadcrumb\"},\"inLanguage\":\"sl-SI\",\"potentialAction\":[{\"@type\":\"ReadAction\",\"target\":[\"https:\/\/pistonaddict.com\/sl\/\"]}]},{\"@type\":\"BreadcrumbList\",\"@id\":\"https:\/\/pistonaddict.com\/sl\/#breadcrumb\",\"itemListElement\":[{\"@type\":\"ListItem\",\"position\":1,\"name\":\"Doma\u010da stran\",\"item\":\"https:\/\/pistonaddict.com\/sl\/domaca-stran-2\/\"},{\"@type\":\"ListItem\",\"position\":2,\"name\":\"Doma\u010da stran\"}]},{\"@type\":\"WebSite\",\"@id\":\"https:\/\/pistonaddict.com\/sl\/#website\",\"url\":\"https:\/\/pistonaddict.com\/sl\/\",\"name\":\"Piston Addict\",\"description\":\"Only interesting vehicles\",\"publisher\":{\"@id\":\"https:\/\/pistonaddict.com\/sl\/#organization\"},\"potentialAction\":[{\"@type\":\"SearchAction\",\"target\":{\"@type\":\"EntryPoint\",\"urlTemplate\":\"https:\/\/pistonaddict.com\/sl\/?s={search_term_string}\"},\"query-input\":\"required name=search_term_string\"}],\"inLanguage\":\"sl-SI\"},{\"@type\":\"Organization\",\"@id\":\"https:\/\/pistonaddict.com\/sl\/#organization\",\"name\":\"Piston Addict\",\"url\":\"https:\/\/pistonaddict.com\/sl\/\",\"logo\":{\"@type\":\"ImageObject\",\"inLanguage\":\"sl-SI\",\"@id\":\"https:\/\/pistonaddict.com\/sl\/#\/schema\/logo\/image\/\",\"url\":\"https:\/\/pistonaddict.com\/wp-content\/uploads\/2022\/07\/logo-6.png\",\"contentUrl\":\"https:\/\/pistonaddict.com\/wp-content\/uploads\/2022\/07\/logo-6.png\",\"width\":970,\"height\":200,\"caption\":\"Piston Addict\"},\"image\":{\"@id\":\"https:\/\/pistonaddict.com\/sl\/#\/schema\/logo\/image\/\"}}]}<\/script>\n<!-- \/ Yoast SEO plugin. -->","yoast_head_json":{"title":"Piston Addict : Trg spletnih dra\u017eb avtomobilov","description":"Avkcije Piston Addict so mednarodna tr\u017enica starodobnih in klasi\u010dnih vozil. Na dra\u017ebah prodajte in kupite sanjsko vozilo na portalu Piston Addict, samo zanimiva vozila, od starodobnega motocikla do hiperavtomobilov. O svojem naslednjem vozilu se lahko informirate tudi s \u010dlanki o avtomobilih Piston Addict, ki jih pi\u0161ejo na\u0161i avtomobilski novinarji, in zastavite vpra\u0161anja skupnosti Piston Addict.","robots":{"index":"index","follow":"follow","max-snippet":"max-snippet:-1","max-image-preview":"max-image-preview:large","max-video-preview":"max-video-preview:-1"},"canonical":"https:\/\/pistonaddict.com\/sl\/","og_locale":"sl_SI","og_type":"article","og_title":"Piston Addict : Trg spletnih dra\u017eb avtomobilov","og_description":"Avkcije Piston Addict so mednarodna tr\u017enica starodobnih in klasi\u010dnih vozil. Na dra\u017ebah prodajte in kupite sanjsko vozilo na portalu Piston Addict, samo zanimiva vozila, od starodobnega motocikla do hiperavtomobilov. O svojem naslednjem vozilu se lahko informirate tudi s \u010dlanki o avtomobilih Piston Addict, ki jih pi\u0161ejo na\u0161i avtomobilski novinarji, in zastavite vpra\u0161anja skupnosti Piston Addict.","og_url":"https:\/\/pistonaddict.com\/sl\/","og_site_name":"Piston Addict","article_modified_time":"2024-05-17T15:26:22+00:00","twitter_card":"summary_large_image","schema":{"@context":"https:\/\/schema.org","@graph":[{"@type":"WebPage","@id":"https:\/\/pistonaddict.com\/sl\/","url":"https:\/\/pistonaddict.com\/sl\/","name":"Piston Addict : Trg spletnih dra\u017eb avtomobilov","isPartOf":{"@id":"https:\/\/pistonaddict.com\/sl\/#website"},"datePublished":"2022-04-28T07:17:25+00:00","dateModified":"2024-05-17T15:26:22+00:00","description":"Avkcije Piston Addict so mednarodna tr\u017enica starodobnih in klasi\u010dnih vozil. Na dra\u017ebah prodajte in kupite sanjsko vozilo na portalu Piston Addict, samo zanimiva vozila, od starodobnega motocikla do hiperavtomobilov. O svojem naslednjem vozilu se lahko informirate tudi s \u010dlanki o avtomobilih Piston Addict, ki jih pi\u0161ejo na\u0161i avtomobilski novinarji, in zastavite vpra\u0161anja skupnosti Piston Addict.","breadcrumb":{"@id":"https:\/\/pistonaddict.com\/sl\/#breadcrumb"},"inLanguage":"sl-SI","potentialAction":[{"@type":"ReadAction","target":["https:\/\/pistonaddict.com\/sl\/"]}]},{"@type":"BreadcrumbList","@id":"https:\/\/pistonaddict.com\/sl\/#breadcrumb","itemListElement":[{"@type":"ListItem","position":1,"name":"Doma\u010da stran","item":"https:\/\/pistonaddict.com\/sl\/domaca-stran-2\/"},{"@type":"ListItem","position":2,"name":"Doma\u010da stran"}]},{"@type":"WebSite","@id":"https:\/\/pistonaddict.com\/sl\/#website","url":"https:\/\/pistonaddict.com\/sl\/","name":"Piston Addict","description":"Only interesting vehicles","publisher":{"@id":"https:\/\/pistonaddict.com\/sl\/#organization"},"potentialAction":[{"@type":"SearchAction","target":{"@type":"EntryPoint","urlTemplate":"https:\/\/pistonaddict.com\/sl\/?s={search_term_string}"},"query-input":"required name=search_term_string"}],"inLanguage":"sl-SI"},{"@type":"Organization","@id":"https:\/\/pistonaddict.com\/sl\/#organization","name":"Piston Addict","url":"https:\/\/pistonaddict.com\/sl\/","logo":{"@type":"ImageObject","inLanguage":"sl-SI","@id":"https:\/\/pistonaddict.com\/sl\/#\/schema\/logo\/image\/","url":"https:\/\/pistonaddict.com\/wp-content\/uploads\/2022\/07\/logo-6.png","contentUrl":"https:\/\/pistonaddict.com\/wp-content\/uploads\/2022\/07\/logo-6.png","width":970,"height":200,"caption":"Piston Addict"},"image":{"@id":"https:\/\/pistonaddict.com\/sl\/#\/schema\/logo\/image\/"}}]}},"_links":{"self":[{"href":"https:\/\/pistonaddict.com\/sl\/wp-json\/wp\/v2\/pages\/51265"}],"collection":[{"href":"https:\/\/pistonaddict.com\/sl\/wp-json\/wp\/v2\/pages"}],"about":[{"href":"https:\/\/pistonaddict.com\/sl\/wp-json\/wp\/v2\/types\/page"}],"author":[{"embeddable":true,"href":"https:\/\/pistonaddict.com\/sl\/wp-json\/wp\/v2\/users\/1"}],"replies":[{"embeddable":true,"href":"https:\/\/pistonaddict.com\/sl\/wp-json\/wp\/v2\/comments?post=51265"}],"version-history":[{"count":1,"href":"https:\/\/pistonaddict.com\/sl\/wp-json\/wp\/v2\/pages\/51265\/revisions"}],"predecessor-version":[{"id":80977,"href":"https:\/\/pistonaddict.com\/sl\/wp-json\/wp\/v2\/pages\/51265\/revisions\/80977"}],"wp:attachment":[{"href":"https:\/\/pistonaddict.com\/sl\/wp-json\/wp\/v2\/media?parent=51265"}],"curies":[{"name":"wp","href":"https:\/\/api.w.org\/{rel}","templated":true}]}}