{"id":3102,"date":"2022-04-29T11:19:54","date_gmt":"2022-04-29T09:19:54","guid":{"rendered":"https:\/\/pistonaddict.com\/politika-zasebnosti\/"},"modified":"2022-05-04T17:59:56","modified_gmt":"2022-05-04T15:59:56","slug":"politika-zasebnosti","status":"publish","type":"page","link":"https:\/\/pistonaddict.com\/sl\/politika-zasebnosti\/","title":{"rendered":"Politika zasebnosti"},"content":{"rendered":"\t\t<div data-elementor-type=\"wp-page\" data-elementor-id=\"3102\" class=\"elementor elementor-3102 elementor-339\">\n\t\t\t\t\t\t<section class=\"elementor-section elementor-top-section elementor-element elementor-element-82c15da elementor-section-boxed elementor-section-height-default elementor-section-height-default\" data-id=\"82c15da\" data-element_type=\"section\">\n\t\t\t\t\t\t<div class=\"elementor-container elementor-column-gap-default\">\n\t\t\t\t\t<div class=\"elementor-column elementor-col-100 elementor-top-column elementor-element elementor-element-ddaf1f1\" data-id=\"ddaf1f1\" data-element_type=\"column\">\n\t\t\t<div class=\"elementor-widget-wrap elementor-element-populated\">\n\t\t\t\t\t\t<div class=\"elementor-element elementor-element-25741e6 elementor-widget elementor-widget-text-editor\" data-id=\"25741e6\" data-element_type=\"widget\" data-widget_type=\"text-editor.default\">\n\t\t\t\t<div class=\"elementor-widget-container\">\n\t\t\t<style>\/*! elementor - v3.21.0 - 18-04-2024 *\/\n.elementor-widget-text-editor.elementor-drop-cap-view-stacked .elementor-drop-cap{background-color:#69727d;color:#fff}.elementor-widget-text-editor.elementor-drop-cap-view-framed .elementor-drop-cap{color:#69727d;border:3px solid;background-color:transparent}.elementor-widget-text-editor:not(.elementor-drop-cap-view-default) .elementor-drop-cap{margin-top:8px}.elementor-widget-text-editor:not(.elementor-drop-cap-view-default) .elementor-drop-cap-letter{width:1em;height:1em}.elementor-widget-text-editor .elementor-drop-cap{float:left;text-align:center;line-height:1;font-size:50px}.elementor-widget-text-editor .elementor-drop-cap-letter{display:inline-block}<\/style>\t\t\t\t\n          <p> <\/p>\n          <p>Namen politike zasebnosti je pokazati, kako <strong>Piston Addict<\/strong> uporablja, upravlja in varuje osebne podatke, ki ste jih morda posredovali podjetju v okviru uporabe njegovega spletnega mesta: https:\/\/www.pistonaddict.com. Ta politika zasebnosti temelji na obveznostih urednika spletne strani, kot jih opredeljuje Splo\u0161na uredba o varstvu podatkov (GDPR), za vse zadeve v zvezi s privolitvijo v zbiranje osebnih podatkov, varovanjem in varnostjo osebnih podatkov, spo\u0161tovanjem va\u0161e pravice v zvezi z dostopom, popravkom, obdelavo, prenosljivostjo in izbrisom va\u0161ih podatkov.<\/p>\n          <p>Politika zasebnosti <strong>Piston<\/strong> Addicta se lahko spremeni glede na morebitne spremembe v zakonodajnih (RGPD), regulativnih in sodnih okvirih, ki dolo\u010dajo njen razvoj in uporabo.<\/p>\n          <div class=\"vc_row wpb_row vc_row-fluid row_bg_bottom vc_custom_1496737831361\"> <\/div>\n          <div class=\"wpb_column vc_column_container vc_col-sm-12\">\n            <div class=\"vc_column-inner\">\n              <div class=\"wpb_wrapper\"> <\/div>\n            <\/div>\n          <\/div>\n          <div class=\"cms-custom-heading-wrap heading2 text-left vc_custom_heading heading2_uppercase \">\n            <h2 class=\"cmsc-custom-heading vc_custom_heading\">1\u00b0 ZBIRANJE OSEBNIH PODATKOV<\/h2>\n          <\/div>\n          <div class=\"wpb_text_column wpb_content_element vc_custom_1621498045904 cms_text_block\">\n            <div class=\"wpb_wrapper \"> <\/div>\n          <\/div>\n          <p>Po spletnem mestu https:\/\/www.pistonaddict.com je povsem mogo\u010de brskati, ne da bi izdajatelju spletne strani razkrili svoje osebne podatke, z omejitvami, ki jih to nalaga glede dostopa do dela ponujenih informacij in storitev.<\/p>\n          <p>Zagotavljanje osebnih podatkov (priimek in ime, naziv podjetja, funkcija v podjetju, e-po\u0161tni naslov, poklicna telefonska \u0161tevilka itd.) <strong>Piston Addictu<\/strong> je obveznost, \u010de \u017eelite prejeti ponudbo, kontaktirati ali zaprositi za informacije.<\/p>\n          <p>Zato sprejemate na\u010delo njihovega zbiranja za namene, opisane v obrazcih in v odstavku \u00bbNameni obdelave podatkov\u00ab. Zalo\u017enik zbira osebne podatke tudi z uporabo povezovalnih datotek v skladu z veljavno zakonodajo o uporabi pi\u0161kotkov.<\/p>\n          <div class=\"vc_row wpb_row vc_row-fluid row_bg_bottom vc_custom_1496737831361\"> <\/div>\n          <div class=\"wpb_column vc_column_container vc_col-sm-12\">\n            <div class=\"vc_column-inner\">\n              <div class=\"wpb_wrapper\"> <\/div>\n            <\/div>\n          <\/div>\n          <div class=\"cms-custom-heading-wrap heading2 text-left vc_custom_heading heading2_uppercase \">\n            <h2 class=\"cmsc-custom-heading vc_custom_heading\">2\u00b0 VAROVANJE OSEBNIH PODATKOV<\/h2>\n          <\/div>\n          <p><strong>Piston Addict<\/strong> izvaja razli\u010dne varnostne ukrepe za ohranjanje varnosti va\u0161ih osebnih podatkov:<\/p>\n          <ul>\n            <li>uporaba najsodobnej\u0161ega \u0161ifriranja za za\u0161\u010dito va\u0161ih osebnih podatkov, ki se prena\u0161ajo na spletu,<\/li>\n            <li>analiti\u010dni pi\u0161kotki omogo\u010dajo \u0161tetje uporabnikov interneta, medtem ko analizirajo njihovo vedenje med obiskom spletne strani z namenom ustvarjanja statistike prometa,<\/li>\n            <li>uporaba ra\u010dunalnikov in stre\u017enikov v varnem okolju za shranjevanje in obdelavo va\u0161ih podatkov,<\/li>\n            <li>omejen dostop do osebnih podatkov za zaposlene, ki morajo opravljati dolo\u010deno delo (fakturiranje ipd.).<\/li>\n          <\/ul>\n          <div class=\"vc_row wpb_row vc_row-fluid row_bg_bottom vc_custom_1496737831361\"> <\/div>\n          <div class=\"wpb_column vc_column_container vc_col-sm-12\">\n            <div class=\"vc_column-inner\">\n              <div class=\"wpb_wrapper\"> <\/div>\n            <\/div>\n          <\/div>\n          <div class=\"cms-custom-heading-wrap heading2 text-left vc_custom_heading heading2_uppercase \">\n            <h2 class=\"cmsc-custom-heading vc_custom_heading\">3\u00b0 OBDELAVA OSEBNIH PODATKOV<\/h2>\n          <\/div>\n          <div class=\"wpb_text_column wpb_content_element vc_custom_1621498045904 cms_text_block\">\n            <div class=\"wpb_wrapper \"> <\/div>\n          <\/div>\n          <p><strong>Piston Addict<\/strong> ima zelo strogo politiko za obdelavo osebnih podatkov, ki sestoji iz tega, da jih nikoli ne dodeljuje, posoja, daja v najem ali preprodaja tretjim organizacijam.<\/p>\n          <p>Vso obdelavo va\u0161ih osebnih podatkov, zbranih na spletnem mestu https:\/\/www.pistonaddict.com, izvajajo neposredno za ta namen poobla\u0161\u010deni \u010dlani ekipe za <strong>u\u010dinkovitost<\/strong> .<\/p>\n          <p>Zato se strinjate z na\u010delom obdelave va\u0161ih osebnih podatkov za namene, opisane v kontaktnih obrazcih, ustvarjanju\/upravljanju ra\u010duna in v spodnjem odstavku, da bomo bolje razumeli va\u0161e potrebe glede izdelkov in storitev.<\/p>\n          <div class=\"vc_row wpb_row vc_row-fluid row_bg_bottom vc_custom_1496737831361\"> <\/div>\n          <div class=\"wpb_column vc_column_container vc_col-sm-12\">\n            <div class=\"vc_column-inner\">\n              <div class=\"wpb_wrapper\"> <\/div>\n            <\/div>\n          <\/div>\n          <div class=\"cms-custom-heading-wrap heading2 text-left vc_custom_heading heading2_uppercase \">\n            <h2 class=\"cmsc-custom-heading vc_custom_heading\">4\u00b0 NAMENI OBDELAVE PODATKOV<\/h2>\n          <\/div>\n          <div class=\"wpb_text_column wpb_content_element vc_custom_1621498045904 cms_text_block\">\n            <div class=\"wpb_wrapper \"> <\/div>\n          <\/div>\n          <p><strong>Piston Addict<\/strong> izvaja ro\u010dno ali avtomatsko obdelavo va\u0161ih osebnih podatkov glede na posebne namene:<\/p>\n          <ul>\n            <li>Podatki, zbrani preko obrazcev za vnos informacij na spletnem mestu (kontakt, zahteva za ponudbo, zaposlovanje), se uporabljajo za po\u0161iljanje ponudb, ustvarjanje ali razvoj poslovnega odnosa, zaposlovanje pripravnikov in\/ali zaposlenih.<\/li>\n            <li>Podatki, zbrani med predvajanjem videoposnetkov, objavljenih na specializiranih platformah, so potrebni za dostop do teh spletnih mest tretjih oseb in izvajanje njihovih zahtev.<\/li>\n            <li>Podatki, zbrani pri uporabi gumbov za dostop do dru\u017ebenih omre\u017eij, so potrebni za izvajanje zahtev teh spletnih mest tretjih oseb.<\/li>\n          <\/ul>\n          <div class=\"vc_row wpb_row vc_row-fluid row_bg_bottom vc_custom_1496737831361\"> <\/div>\n          <div class=\"wpb_column vc_column_container vc_col-sm-12\">\n            <div class=\"vc_column-inner\">\n              <div class=\"wpb_wrapper\"> <\/div>\n            <\/div>\n          <\/div>\n          <div class=\"cms-custom-heading-wrap heading2 text-left vc_custom_heading heading2_uppercase \">\n            <h2 class=\"cmsc-custom-heading vc_custom_heading\">5\u00b0 ZBIRANJE SOGLASJA ZA ZBIRANJE PODATKOV<\/h2>\n          <\/div>\n          <div class=\"wpb_text_column wpb_content_element vc_custom_1621498045904 cms_text_block\">\n            <div class=\"wpb_wrapper \"> <\/div>\n          <\/div>\n          <p>Za vse vrste zbiranja osebnih podatkov preko svojega spletnega mesta <strong>Piston Addict<\/strong> uporablja naprave za prejemanje va\u0161e izrecne privolitve:<\/p>\n          <ul>\n            <li>za sprejem zbiranja podatkov pri izpolnjevanju kontaktnih obrazcev,<\/li>\n            <li>za sprejem pi\u0161kotkov ob prikazu opozorilne pasice.<\/li>\n          <\/ul>\n          <p><strong>Piston Addict<\/strong> shranjuje zbirke soglasij za zbiranje osebnih podatkov, da jih lahko na preprosto zahtevo da na voljo CNIL in kateremu koli drugemu nadzornemu organu.<\/p>\n          <div class=\"vc_row wpb_row vc_row-fluid row_bg_bottom vc_custom_1496737831361\"> <\/div>\n          <div class=\"wpb_column vc_column_container vc_col-sm-12\">\n            <div class=\"vc_column-inner\">\n              <div class=\"wpb_wrapper\"> <\/div>\n            <\/div>\n          <\/div>\n          <div class=\"cms-custom-heading-wrap heading2 text-left vc_custom_heading heading2_uppercase \">\n            <h2 class=\"cmsc-custom-heading vc_custom_heading\">6\u00b0 TRAJANJE OHRANJANJA OSEBNIH PODATKOV<\/h2>\n          <\/div>\n          <div class=\"wpb_text_column wpb_content_element vc_custom_1621498045904 cms_text_block\">\n            <div class=\"wpb_wrapper \"> <\/div>\n          <\/div>\n          <p>Obdobje hrambe va\u0161ih osebnih podatkov se razlikuje glede na njihovo naravo in tehnologijo, ki se uporablja za njihovo zbiranje:<\/p>\n          <ul>\n            <li>za vse va\u0161e osebne podatke, ki jih zbirajo pi\u0161kotki, je obdobje hrambe najve\u010d 13 mesecev,<\/li>\n            <li>za vse va\u0161e podatke, zbrane z obrazcem, obdobje hrambe ne sme presegati 36 mesecev.<\/li>\n          <\/ul>\n          <div class=\"vc_row wpb_row vc_row-fluid row_bg_bottom vc_custom_1496737831361\"> <\/div>\n          <div class=\"wpb_column vc_column_container vc_col-sm-12\">\n            <div class=\"vc_column-inner\">\n              <div class=\"wpb_wrapper\"> <\/div>\n            <\/div>\n          <\/div>\n          <div class=\"cms-custom-heading-wrap heading2 text-left vc_custom_heading heading2_uppercase \">\n            <h2 class=\"cmsc-custom-heading vc_custom_heading\">7\u00b0 PRENOS OSEBNIH PODATKOV<\/h2>\n          <\/div>\n          <div class=\"wpb_text_column wpb_content_element vc_custom_1621498045904 cms_text_block\">\n            <div class=\"wpb_wrapper \"> <\/div>\n          <\/div>\n          <p><strong>Piston Addict<\/strong> va\u0161ih osebnih podatkov ne prena\u0161a v tretje dr\u017eave, ne glede na to, ali se nahajajo znotraj ali zunaj Evropske unije.<\/p>\n          <div class=\"vc_row wpb_row vc_row-fluid row_bg_bottom vc_custom_1496737831361\"> <\/div>\n          <div class=\"wpb_column vc_column_container vc_col-sm-12\">\n            <div class=\"vc_column-inner\">\n              <div class=\"wpb_wrapper\"> <\/div>\n            <\/div>\n          <\/div>\n          <div class=\"cms-custom-heading-wrap heading2 text-left vc_custom_heading heading2_uppercase \">\n            <h2 class=\"cmsc-custom-heading vc_custom_heading\">8\u00b0 POOBLA\u0160\u010cENI PONUDNIKI<\/h2>\n          <\/div>\n          <div class=\"wpb_text_column wpb_content_element vc_custom_1621498045904 cms_text_block\">\n            <div class=\"wpb_wrapper \"> <\/div>\n          <\/div>\n          <p><strong>Piston Addict<\/strong> uporablja storitve poobla\u0161\u010denih ponudnikov storitev za olaj\u0161anje obdelave osebnih podatkov, ki jih uporabljate na spletnem mestu.<\/p>\n          <div class=\"wpb_column vc_column_container vc_col-sm-12\">\n            <div class=\"vc_column-inner\">\n              <div class=\"wpb_wrapper\"> <\/div>\n            <\/div>\n          <\/div>\n          <div class=\"cms-custom-heading-wrap heading2 text-left vc_custom_heading heading2_uppercase \">\n            <h2 class=\"cmsc-custom-heading vc_custom_heading\">9\u00b0 URESNI\u010cEVANJE PRAVIC UPORABNIKOV INTERNETA<\/h2>\n          <\/div>\n          <div class=\"wpb_text_column wpb_content_element vc_custom_1621498045904 cms_text_block\">\n            <div class=\"wpb_wrapper \"> <\/div>\n          <\/div>\n          <p>V skladu s Splo\u0161no uredbo o varstvu podatkov, ki jo je Evropski parlament sprejel 14. aprila 2016, in spremenjenim Zakonom o varstvu podatkov z dne 6. januarja 1978 imate nabor pravic v zvezi z va\u0161imi osebnimi podatki.<\/p>\n          <p>Te pravice lahko uveljavljate tako, da se obrnete neposredno na izdajatelja spletne strani:<\/p>\n          <ul>\n            <li>po po\u0161ti: <strong>Piston Addict<\/strong> \u2013 <\/li>\n            <li>po telefonu: <\/li>\n            <li>po elektronski po\u0161ti : <\/li>\n          <\/ul>\n          <h3>9.1\u00b0 Pravica dostopa do podatkov<\/h3>\n          <p>V okviru pravnega okvira, ki ga dolo\u010da RGPD, lahko kadarkoli vlo\u017eite pisno zahtevo za posredovanje va\u0161ih osebnih podatkov.<\/p>\n          <p>Za to lahko uporabite vzorec pisma, ki ga je ustvarila Komisija Nationale de l&#8217;Informatique et des Libert\u00e9s: https:\/\/www.cnil.fr\/fr\/modele\/courrier\/exerciser-son-droit-dacces.<\/p>\n          <h3>9.2\u00b0 Pravica do popravka podatkov<\/h3>\n          <p>Zakonodaja v zvezi z osebnimi podatki vam omogo\u010da, da zahtevate spremembo ali popravek nepopolnih, neto\u010dnih ali zastarelih podatkov, ki se nana\u0161ajo na vas ali na pokojno bli\u017enjo osebo.<\/p>\n          <p>Za to lahko uporabite vzorec pisma, ki ga je izdelala Komisija Nationale de l&#8217;Informatique et des Libert\u00e9s: https:\/\/www.cnil.fr\/fr\/modele\/courrier\/rectifier-des-donnees-inexactes-obsoletes-ou -potekel.<\/p>\n          <h3>9.3\u00b0 Pravica do ugovora iz legitimnih razlogov<\/h3>\n          <p>V zakonodajnem okviru, ki ga dolo\u010da GDPR, lahko kadar koli ugovarjate obdelavi va\u0161ih osebnih podatkov iz naslednjih razlogov:<\/p>\n          <ul>\n            <li>nasprotovanje uporabi podatkov, zbranih v okviru komercialnih dejavnosti iskanja,<\/li>\n            <li>nasprotovanje na podlagi legitimnih razlogov.<\/li>\n          <\/ul>\n          <p>Za to lahko uporabite vzorec pisma, ki ga je pripravila Komisija Nationale de l&#8217;Informatique et des Libert\u00e9s: https:\/\/www.cnil.fr\/fr\/modele\/courrier\/sopposing-lutilisation-commerciale-de-ses- koordinatorji .<\/p>\n          <h3>9.4\u00b0 Pravica do prenosljivosti podatkov<\/h3>\n          <p>V okviru zakonodajnega okvira, ki ga dolo\u010da RGPD, lahko kadar koli zahtevate obnovitev va\u0161ih osebnih podatkov v odprti in strojno berljivi obliki, da jih shranite na drug medij ali jih posredujete drugemu informacijskemu sistemu za ponovno uporabo. .<\/p>\n          <p>Za to lahko uporabite vzorec pisma, ki ga je predlagala Komisija Nationale de l&#8217;Informatique et des Libert\u00e9s: https:\/\/www.cnil.fr\/fr\/modele\/courrier\/exerciser-son-droit-dacces.<\/p>\n          <h3>9,5\u00b0 Pravica do izbrisa podatkov<\/h3>\n          <p>Zakonodaja o osebnih podatkih vam omogo\u010da, da zahtevate izbris vseh va\u0161ih podatkov, ki so bili shranjeni na spletnem mestu <strong>Piston Addict<\/strong> .<\/p>\n          <p>Za to lahko uporabite vzorec pisma, ki ga je predlagala Komisija Nationale de l&#8217;Informatique et des Libert\u00e9s: https:\/\/www.cnil.fr\/fr\/modele\/courrier\/supprimer-des-informations-vous-concernant-dun -Spletna stran.<\/p>\n          <h3>9.6\u00b0 Obdelava va\u0161ih zahtevkov<\/h3>\n          <p><strong>Piston Addict<\/strong> se zavezuje, da bo na va\u0161e zahteve v zvezi z osebnimi podatki odgovoril v razumnem roku, ki ne sme biti dalj\u0161i od 1 meseca od prejema.<\/p>\n          <p><strong>Piston Addict<\/strong> si pridr\u017euje pravico, da zavrne zahteve v zvezi s podatki, za katere je zna\u010dilna o\u010ditno zlonamerna namera ali ponavljajo\u010da se in zloraba.<\/p>\n          <h3>9.7\u00b0 Oseba, odgovorna za osebne podatke<\/h3>\n          <p><strong>Gospod. <\/strong><br>E-naslov : <br>Telefon : <\/p>\n        \t\t\t\t\t\t<\/div>\n\t\t\t\t<\/div>\n\t\t\t\t\t<\/div>\n\t\t<\/div>\n\t\t\t\t\t<\/div>\n\t\t<\/section>\n\t\t\t\t<\/div>\n\t\t","protected":false},"excerpt":{"rendered":"<p>Namen politike zasebnosti je pokazati, kako Piston Addict uporablja, upravlja in varuje osebne podatke, ki ste jih morda posredovali podjetju v okviru uporabe njegovega spletnega mesta: https:\/\/www.pistonaddict.com. Ta politika zasebnosti temelji na obveznostih urednika spletne strani, kot jih opredeljuje Splo\u0161na uredba o varstvu podatkov (GDPR), za vse zadeve v zvezi s privolitvijo v zbiranje osebnih &#8230; <a title=\"Politika zasebnosti\" class=\"read-more\" href=\"https:\/\/pistonaddict.com\/sl\/politika-zasebnosti\/\">Preberi ve\u010d<span class=\"screen-reader-text\">Politika zasebnosti<\/span><\/a><\/p>\n","protected":false},"author":1,"featured_media":0,"parent":0,"menu_order":0,"comment_status":"closed","ping_status":"closed","template":"","meta":{"inline_featured_image":false,"footnotes":""},"acf":[],"yoast_head":"<!-- This site is optimized with the Yoast SEO plugin v22.5 - https:\/\/yoast.com\/wordpress\/plugins\/seo\/ -->\n<title>Politika zasebnosti - ime Piston Addict<\/title>\n<meta name=\"robots\" content=\"index, follow, max-snippet:-1, max-image-preview:large, max-video-preview:-1\" \/>\n<link rel=\"canonical\" href=\"https:\/\/pistonaddict.com\/sl\/politika-zasebnosti\/\" \/>\n<meta property=\"og:locale\" content=\"sl_SI\" \/>\n<meta property=\"og:type\" content=\"article\" \/>\n<meta property=\"og:title\" content=\"Politika zasebnosti - ime Piston Addict\" \/>\n<meta property=\"og:description\" content=\"Namen politike zasebnosti je pokazati, kako Piston Addict uporablja, upravlja in varuje osebne podatke, ki ste jih morda posredovali podjetju v okviru uporabe njegovega spletnega mesta: https:\/\/www.pistonaddict.com. Ta politika zasebnosti temelji na obveznostih urednika spletne strani, kot jih opredeljuje Splo\u0161na uredba o varstvu podatkov (GDPR), za vse zadeve v zvezi s privolitvijo v zbiranje osebnih ... Preberi ve\u010dPolitika zasebnosti\" \/>\n<meta property=\"og:url\" content=\"https:\/\/pistonaddict.com\/sl\/politika-zasebnosti\/\" \/>\n<meta property=\"og:site_name\" content=\"Piston Addict\" \/>\n<meta property=\"article:modified_time\" content=\"2022-05-04T15:59:56+00:00\" \/>\n<meta name=\"twitter:card\" content=\"summary_large_image\" \/>\n<meta name=\"twitter:label1\" content=\"Est. reading time\" \/>\n\t<meta name=\"twitter:data1\" content=\"5 minut\" \/>\n<script type=\"application\/ld+json\" class=\"yoast-schema-graph\">{\"@context\":\"https:\/\/schema.org\",\"@graph\":[{\"@type\":\"WebPage\",\"@id\":\"https:\/\/pistonaddict.com\/sl\/politika-zasebnosti\/\",\"url\":\"https:\/\/pistonaddict.com\/sl\/politika-zasebnosti\/\",\"name\":\"Politika zasebnosti - ime Piston Addict\",\"isPartOf\":{\"@id\":\"https:\/\/pistonaddict.com\/sl\/#website\"},\"datePublished\":\"2022-04-29T09:19:54+00:00\",\"dateModified\":\"2022-05-04T15:59:56+00:00\",\"breadcrumb\":{\"@id\":\"https:\/\/pistonaddict.com\/sl\/politika-zasebnosti\/#breadcrumb\"},\"inLanguage\":\"sl-SI\",\"potentialAction\":[{\"@type\":\"ReadAction\",\"target\":[\"https:\/\/pistonaddict.com\/sl\/politika-zasebnosti\/\"]}]},{\"@type\":\"BreadcrumbList\",\"@id\":\"https:\/\/pistonaddict.com\/sl\/politika-zasebnosti\/#breadcrumb\",\"itemListElement\":[{\"@type\":\"ListItem\",\"position\":1,\"name\":\"Doma\u010da stran\",\"item\":\"https:\/\/pistonaddict.com\/sl\/domaca-stran-2\/\"},{\"@type\":\"ListItem\",\"position\":2,\"name\":\"Politika zasebnosti\"}]},{\"@type\":\"WebSite\",\"@id\":\"https:\/\/pistonaddict.com\/sl\/#website\",\"url\":\"https:\/\/pistonaddict.com\/sl\/\",\"name\":\"Piston Addict\",\"description\":\"Only interesting vehicles\",\"publisher\":{\"@id\":\"https:\/\/pistonaddict.com\/sl\/#organization\"},\"potentialAction\":[{\"@type\":\"SearchAction\",\"target\":{\"@type\":\"EntryPoint\",\"urlTemplate\":\"https:\/\/pistonaddict.com\/sl\/?s={search_term_string}\"},\"query-input\":\"required name=search_term_string\"}],\"inLanguage\":\"sl-SI\"},{\"@type\":\"Organization\",\"@id\":\"https:\/\/pistonaddict.com\/sl\/#organization\",\"name\":\"Piston Addict\",\"url\":\"https:\/\/pistonaddict.com\/sl\/\",\"logo\":{\"@type\":\"ImageObject\",\"inLanguage\":\"sl-SI\",\"@id\":\"https:\/\/pistonaddict.com\/sl\/#\/schema\/logo\/image\/\",\"url\":\"https:\/\/pistonaddict.com\/wp-content\/uploads\/2022\/07\/logo-6.png\",\"contentUrl\":\"https:\/\/pistonaddict.com\/wp-content\/uploads\/2022\/07\/logo-6.png\",\"width\":970,\"height\":200,\"caption\":\"Piston Addict\"},\"image\":{\"@id\":\"https:\/\/pistonaddict.com\/sl\/#\/schema\/logo\/image\/\"}}]}<\/script>\n<!-- \/ Yoast SEO plugin. -->","yoast_head_json":{"title":"Politika zasebnosti - ime Piston Addict","robots":{"index":"index","follow":"follow","max-snippet":"max-snippet:-1","max-image-preview":"max-image-preview:large","max-video-preview":"max-video-preview:-1"},"canonical":"https:\/\/pistonaddict.com\/sl\/politika-zasebnosti\/","og_locale":"sl_SI","og_type":"article","og_title":"Politika zasebnosti - ime Piston Addict","og_description":"Namen politike zasebnosti je pokazati, kako Piston Addict uporablja, upravlja in varuje osebne podatke, ki ste jih morda posredovali podjetju v okviru uporabe njegovega spletnega mesta: https:\/\/www.pistonaddict.com. Ta politika zasebnosti temelji na obveznostih urednika spletne strani, kot jih opredeljuje Splo\u0161na uredba o varstvu podatkov (GDPR), za vse zadeve v zvezi s privolitvijo v zbiranje osebnih ... Preberi ve\u010dPolitika zasebnosti","og_url":"https:\/\/pistonaddict.com\/sl\/politika-zasebnosti\/","og_site_name":"Piston Addict","article_modified_time":"2022-05-04T15:59:56+00:00","twitter_card":"summary_large_image","twitter_misc":{"Est. reading time":"5 minut"},"schema":{"@context":"https:\/\/schema.org","@graph":[{"@type":"WebPage","@id":"https:\/\/pistonaddict.com\/sl\/politika-zasebnosti\/","url":"https:\/\/pistonaddict.com\/sl\/politika-zasebnosti\/","name":"Politika zasebnosti - ime Piston Addict","isPartOf":{"@id":"https:\/\/pistonaddict.com\/sl\/#website"},"datePublished":"2022-04-29T09:19:54+00:00","dateModified":"2022-05-04T15:59:56+00:00","breadcrumb":{"@id":"https:\/\/pistonaddict.com\/sl\/politika-zasebnosti\/#breadcrumb"},"inLanguage":"sl-SI","potentialAction":[{"@type":"ReadAction","target":["https:\/\/pistonaddict.com\/sl\/politika-zasebnosti\/"]}]},{"@type":"BreadcrumbList","@id":"https:\/\/pistonaddict.com\/sl\/politika-zasebnosti\/#breadcrumb","itemListElement":[{"@type":"ListItem","position":1,"name":"Doma\u010da stran","item":"https:\/\/pistonaddict.com\/sl\/domaca-stran-2\/"},{"@type":"ListItem","position":2,"name":"Politika zasebnosti"}]},{"@type":"WebSite","@id":"https:\/\/pistonaddict.com\/sl\/#website","url":"https:\/\/pistonaddict.com\/sl\/","name":"Piston Addict","description":"Only interesting vehicles","publisher":{"@id":"https:\/\/pistonaddict.com\/sl\/#organization"},"potentialAction":[{"@type":"SearchAction","target":{"@type":"EntryPoint","urlTemplate":"https:\/\/pistonaddict.com\/sl\/?s={search_term_string}"},"query-input":"required name=search_term_string"}],"inLanguage":"sl-SI"},{"@type":"Organization","@id":"https:\/\/pistonaddict.com\/sl\/#organization","name":"Piston Addict","url":"https:\/\/pistonaddict.com\/sl\/","logo":{"@type":"ImageObject","inLanguage":"sl-SI","@id":"https:\/\/pistonaddict.com\/sl\/#\/schema\/logo\/image\/","url":"https:\/\/pistonaddict.com\/wp-content\/uploads\/2022\/07\/logo-6.png","contentUrl":"https:\/\/pistonaddict.com\/wp-content\/uploads\/2022\/07\/logo-6.png","width":970,"height":200,"caption":"Piston Addict"},"image":{"@id":"https:\/\/pistonaddict.com\/sl\/#\/schema\/logo\/image\/"}}]}},"_links":{"self":[{"href":"https:\/\/pistonaddict.com\/sl\/wp-json\/wp\/v2\/pages\/3102"}],"collection":[{"href":"https:\/\/pistonaddict.com\/sl\/wp-json\/wp\/v2\/pages"}],"about":[{"href":"https:\/\/pistonaddict.com\/sl\/wp-json\/wp\/v2\/types\/page"}],"author":[{"embeddable":true,"href":"https:\/\/pistonaddict.com\/sl\/wp-json\/wp\/v2\/users\/1"}],"replies":[{"embeddable":true,"href":"https:\/\/pistonaddict.com\/sl\/wp-json\/wp\/v2\/comments?post=3102"}],"version-history":[{"count":2,"href":"https:\/\/pistonaddict.com\/sl\/wp-json\/wp\/v2\/pages\/3102\/revisions"}],"predecessor-version":[{"id":4054,"href":"https:\/\/pistonaddict.com\/sl\/wp-json\/wp\/v2\/pages\/3102\/revisions\/4054"}],"wp:attachment":[{"href":"https:\/\/pistonaddict.com\/sl\/wp-json\/wp\/v2\/media?parent=3102"}],"curies":[{"name":"wp","href":"https:\/\/api.w.org\/{rel}","templated":true}]}}