{"id":3045,"date":"2022-04-29T11:20:06","date_gmt":"2022-04-29T09:20:06","guid":{"rendered":"https:\/\/pistonaddict.com\/pravila-komentiranja\/"},"modified":"2023-02-05T11:11:44","modified_gmt":"2023-02-05T10:11:44","slug":"pravila-komentiranja","status":"publish","type":"page","link":"https:\/\/pistonaddict.com\/sl\/pravila-komentiranja\/","title":{"rendered":"Pravila za komentiranje"},"content":{"rendered":"\t\t<div data-elementor-type=\"wp-page\" data-elementor-id=\"3045\" class=\"elementor elementor-3045 elementor-3043\">\n\t\t\t\t\t\t<section class=\"elementor-section elementor-top-section elementor-element elementor-element-01b8fa5 elementor-section-boxed elementor-section-height-default elementor-section-height-default\" data-id=\"01b8fa5\" data-element_type=\"section\">\n\t\t\t\t\t\t<div class=\"elementor-container elementor-column-gap-default\">\n\t\t\t\t\t<div class=\"elementor-column elementor-col-100 elementor-top-column elementor-element elementor-element-19e2c1c\" data-id=\"19e2c1c\" data-element_type=\"column\">\n\t\t\t<div class=\"elementor-widget-wrap elementor-element-populated\">\n\t\t\t\t\t\t<div class=\"elementor-element elementor-element-9413b6d elementor-widget elementor-widget-text-editor\" data-id=\"9413b6d\" data-element_type=\"widget\" data-widget_type=\"text-editor.default\">\n\t\t\t\t<div class=\"elementor-widget-container\">\n\t\t\t<style>\/*! elementor - v3.21.0 - 18-04-2024 *\/\n.elementor-widget-text-editor.elementor-drop-cap-view-stacked .elementor-drop-cap{background-color:#69727d;color:#fff}.elementor-widget-text-editor.elementor-drop-cap-view-framed .elementor-drop-cap{color:#69727d;border:3px solid;background-color:transparent}.elementor-widget-text-editor:not(.elementor-drop-cap-view-default) .elementor-drop-cap{margin-top:8px}.elementor-widget-text-editor:not(.elementor-drop-cap-view-default) .elementor-drop-cap-letter{width:1em;height:1em}.elementor-widget-text-editor .elementor-drop-cap{float:left;text-align:center;line-height:1;font-size:50px}.elementor-widget-text-editor .elementor-drop-cap-letter{display:inline-block}<\/style>\t\t\t\t<\/p>\n<h2> <\/h2>\n<h2>Pravilo 1. Bodite konstruktivni in ne negativni.<\/h2>\n<p>La\u017eje je re\u010di, da ti nekaj ni v\u0161e\u010d, in v\u010dasih je to lahko upravi\u010deno. Po drugi strani pa je bolj dragoceno povedati, kako bi jo lahko izbolj\u0161ali, prava dodana vrednost je, \u010de lahko navedete, kaj je narobe in kako bi jo lahko polep\u0161ali.<\/p>\n<h2> <\/h2>\n<h2>Pravilo 2. Izku\u0161nje zmagujejo<\/h2>\n<p>Drugim bralcem je veliko bolj pomembno va\u0161e mnenje, \u010de izhaja iz ustreznih izku\u0161enj. \u010ce poznate zgodovino dolo\u010denega vozila ali veliko veste o dolo\u010deni znamki ali modelu, je veliko bolj verjetno, da boste zanimivi.<\/p>\n<h2> <\/h2>\n<h2>Pravilo 3. Govorite o avtomobilih, ne o drugih<\/h2>\n<p>Vsakdo ima pravico imeti svoje mnenje, tudi \u010de se z njim ne strinja. Kritike zna\u010daja, okusa ali splo\u0161ne narave drugih \u010dlanov niso na mestu.<\/p>\n<h2> <\/h2>\n<h2>Pravilo 4. Trg dolo\u010da ceno<\/h2>\n<p>Piston Addict je prosti trg, na katerem prodajalec in kupec dolo\u010data ceno, zato trditev, da je nekaj predrago ali precenjeno, ne pomeni ni\u010desar. Predmet je vreden toliko, kolikor je nekdo pripravljen pla\u010dati.<\/p>\n<h2> <\/h2>\n<h2>Pravilo 5. \u010ce niste prebrali vseh preostalih komentarjev, \u0161e niste pripravljeni pustiti svojega.<\/h2>\n<p>To je digitalni ekvivalent poslu\u0161aj, preden spregovori\u0161.<\/p>\n<h2> <\/h2>\n<h2>Pravilo 6. V razdelku s komentarji ni dovoljen nakup, prodaja ali kontaktni podatki.<\/h2>\n<p>\u010ce imate avto za prodajo, nam ga po\u0161ljite prek obrazca za oddajo. Zahteve za nakup, e-po\u0161tni naslovi in telefonske \u0161tevilke, objavljene v komentarjih  <br \/>se izbri\u0161e.<\/p>\n<h2> <\/h2>\n<h2>Pravilo 7. Vsi so dobrodo\u0161li<\/h2>\n<p>\u010clani na\u0161e skupnosti so tako raznoliki, kot je raznolik izbor avtomobilov, ki jih ponujamo. Politi\u010dni, mizogini ali homofobni komentarji niso dovoljeni.<\/p>\n<h2> <\/h2>\n<h2>Funkcionalnost komentarjev<\/h2>\n<p><strong>Spreminjanje komentarjev<\/strong>: avtor lahko komentarje po objavi spremeni brez \u010dasovne omejitve. Kliknite rde\u010do povezavo &#8220;Uredi&#8221;, ki je na voljo v ta namen.<\/p>\n<p><strong>Ozna\u010dite kot nekonstruktivno:<\/strong> \u010ce komentar kr\u0161i zgornja pravila, kliknite povezavo &#8220;Prijavi&#8221;, da ga lahko pregledamo ali odstranimo. Pregledamo vse prijavljene komentarje in sprejmemo kon\u010dno odlo\u010ditev o njihovi ponovni vklju\u010ditvi ali odstranitvi.<br \/>\u017delimo, da je pogovor na tem spletnem mestu kakovosten.<\/p>\n<p><strong>Prvi\u010d komentirajo\u010di: Vsi<\/strong> komentatorji, ki komentirajo <strong>prvi\u010d,<\/strong> so moderirani in komentar ne bo objavljen na spletnem mestu, dokler ga ne pregleda osebje Piston Addict. Ko prvi\u010d objavite komentar, ti ne bodo ve\u010d moderirani.<\/p>\n\t\t\t\t\t\t<\/div>\n\t\t\t\t<\/div>\n\t\t\t\t\t<\/div>\n\t\t<\/div>\n\t\t\t\t\t<\/div>\n\t\t<\/section>\n\t\t\t\t<\/div>\n\t\t","protected":false},"excerpt":{"rendered":"<p>Pravilo 1. Bodite konstruktivni in ne negativni. La\u017eje je re\u010di, da ti nekaj ni v\u0161e\u010d, in v\u010dasih je to lahko upravi\u010deno. Po drugi strani pa je bolj dragoceno povedati, kako bi jo lahko izbolj\u0161ali, prava dodana vrednost je, \u010de lahko navedete, kaj je narobe in kako bi jo lahko polep\u0161ali. Pravilo 2. Izku\u0161nje zmagujejo Drugim &#8230; <a title=\"Pravila za komentiranje\" class=\"read-more\" href=\"https:\/\/pistonaddict.com\/sl\/pravila-komentiranja\/\">Preberi ve\u010d<span class=\"screen-reader-text\">Pravila za komentiranje<\/span><\/a><\/p>\n","protected":false},"author":1,"featured_media":0,"parent":0,"menu_order":0,"comment_status":"closed","ping_status":"closed","template":"","meta":{"inline_featured_image":false,"footnotes":""},"acf":[],"yoast_head":"<!-- This site is optimized with the Yoast SEO plugin v22.5 - https:\/\/yoast.com\/wordpress\/plugins\/seo\/ -->\n<title>Pravila za komentiranje - ime Piston Addict<\/title>\n<meta name=\"robots\" content=\"index, follow, max-snippet:-1, max-image-preview:large, max-video-preview:-1\" \/>\n<link rel=\"canonical\" href=\"https:\/\/pistonaddict.com\/sl\/pravila-komentiranja\/\" \/>\n<meta property=\"og:locale\" content=\"sl_SI\" \/>\n<meta property=\"og:type\" content=\"article\" \/>\n<meta property=\"og:title\" content=\"Pravila za komentiranje - ime Piston Addict\" \/>\n<meta property=\"og:description\" content=\"Pravilo 1. Bodite konstruktivni in ne negativni. La\u017eje je re\u010di, da ti nekaj ni v\u0161e\u010d, in v\u010dasih je to lahko upravi\u010deno. Po drugi strani pa je bolj dragoceno povedati, kako bi jo lahko izbolj\u0161ali, prava dodana vrednost je, \u010de lahko navedete, kaj je narobe in kako bi jo lahko polep\u0161ali. Pravilo 2. Izku\u0161nje zmagujejo Drugim ... Preberi ve\u010dPravila za komentiranje\" \/>\n<meta property=\"og:url\" content=\"https:\/\/pistonaddict.com\/sl\/pravila-komentiranja\/\" \/>\n<meta property=\"og:site_name\" content=\"Piston Addict\" \/>\n<meta property=\"article:modified_time\" content=\"2023-02-05T10:11:44+00:00\" \/>\n<meta name=\"twitter:card\" content=\"summary_large_image\" \/>\n<meta name=\"twitter:label1\" content=\"Est. reading time\" \/>\n\t<meta name=\"twitter:data1\" content=\"2 minuti\" \/>\n<script type=\"application\/ld+json\" class=\"yoast-schema-graph\">{\"@context\":\"https:\/\/schema.org\",\"@graph\":[{\"@type\":\"WebPage\",\"@id\":\"https:\/\/pistonaddict.com\/sl\/pravila-komentiranja\/\",\"url\":\"https:\/\/pistonaddict.com\/sl\/pravila-komentiranja\/\",\"name\":\"Pravila za komentiranje - ime Piston Addict\",\"isPartOf\":{\"@id\":\"https:\/\/pistonaddict.com\/sl\/#website\"},\"datePublished\":\"2022-04-29T09:20:06+00:00\",\"dateModified\":\"2023-02-05T10:11:44+00:00\",\"breadcrumb\":{\"@id\":\"https:\/\/pistonaddict.com\/sl\/pravila-komentiranja\/#breadcrumb\"},\"inLanguage\":\"sl-SI\",\"potentialAction\":[{\"@type\":\"ReadAction\",\"target\":[\"https:\/\/pistonaddict.com\/sl\/pravila-komentiranja\/\"]}]},{\"@type\":\"BreadcrumbList\",\"@id\":\"https:\/\/pistonaddict.com\/sl\/pravila-komentiranja\/#breadcrumb\",\"itemListElement\":[{\"@type\":\"ListItem\",\"position\":1,\"name\":\"Doma\u010da stran\",\"item\":\"https:\/\/pistonaddict.com\/sl\/domaca-stran-2\/\"},{\"@type\":\"ListItem\",\"position\":2,\"name\":\"Pravila za komentiranje\"}]},{\"@type\":\"WebSite\",\"@id\":\"https:\/\/pistonaddict.com\/sl\/#website\",\"url\":\"https:\/\/pistonaddict.com\/sl\/\",\"name\":\"Piston Addict\",\"description\":\"Only interesting vehicles\",\"publisher\":{\"@id\":\"https:\/\/pistonaddict.com\/sl\/#organization\"},\"potentialAction\":[{\"@type\":\"SearchAction\",\"target\":{\"@type\":\"EntryPoint\",\"urlTemplate\":\"https:\/\/pistonaddict.com\/sl\/?s={search_term_string}\"},\"query-input\":\"required name=search_term_string\"}],\"inLanguage\":\"sl-SI\"},{\"@type\":\"Organization\",\"@id\":\"https:\/\/pistonaddict.com\/sl\/#organization\",\"name\":\"Piston Addict\",\"url\":\"https:\/\/pistonaddict.com\/sl\/\",\"logo\":{\"@type\":\"ImageObject\",\"inLanguage\":\"sl-SI\",\"@id\":\"https:\/\/pistonaddict.com\/sl\/#\/schema\/logo\/image\/\",\"url\":\"https:\/\/pistonaddict.com\/wp-content\/uploads\/2022\/07\/logo-6.png\",\"contentUrl\":\"https:\/\/pistonaddict.com\/wp-content\/uploads\/2022\/07\/logo-6.png\",\"width\":970,\"height\":200,\"caption\":\"Piston Addict\"},\"image\":{\"@id\":\"https:\/\/pistonaddict.com\/sl\/#\/schema\/logo\/image\/\"}}]}<\/script>\n<!-- \/ Yoast SEO plugin. -->","yoast_head_json":{"title":"Pravila za komentiranje - ime Piston Addict","robots":{"index":"index","follow":"follow","max-snippet":"max-snippet:-1","max-image-preview":"max-image-preview:large","max-video-preview":"max-video-preview:-1"},"canonical":"https:\/\/pistonaddict.com\/sl\/pravila-komentiranja\/","og_locale":"sl_SI","og_type":"article","og_title":"Pravila za komentiranje - ime Piston Addict","og_description":"Pravilo 1. Bodite konstruktivni in ne negativni. La\u017eje je re\u010di, da ti nekaj ni v\u0161e\u010d, in v\u010dasih je to lahko upravi\u010deno. Po drugi strani pa je bolj dragoceno povedati, kako bi jo lahko izbolj\u0161ali, prava dodana vrednost je, \u010de lahko navedete, kaj je narobe in kako bi jo lahko polep\u0161ali. Pravilo 2. Izku\u0161nje zmagujejo Drugim ... Preberi ve\u010dPravila za komentiranje","og_url":"https:\/\/pistonaddict.com\/sl\/pravila-komentiranja\/","og_site_name":"Piston Addict","article_modified_time":"2023-02-05T10:11:44+00:00","twitter_card":"summary_large_image","twitter_misc":{"Est. reading time":"2 minuti"},"schema":{"@context":"https:\/\/schema.org","@graph":[{"@type":"WebPage","@id":"https:\/\/pistonaddict.com\/sl\/pravila-komentiranja\/","url":"https:\/\/pistonaddict.com\/sl\/pravila-komentiranja\/","name":"Pravila za komentiranje - ime Piston Addict","isPartOf":{"@id":"https:\/\/pistonaddict.com\/sl\/#website"},"datePublished":"2022-04-29T09:20:06+00:00","dateModified":"2023-02-05T10:11:44+00:00","breadcrumb":{"@id":"https:\/\/pistonaddict.com\/sl\/pravila-komentiranja\/#breadcrumb"},"inLanguage":"sl-SI","potentialAction":[{"@type":"ReadAction","target":["https:\/\/pistonaddict.com\/sl\/pravila-komentiranja\/"]}]},{"@type":"BreadcrumbList","@id":"https:\/\/pistonaddict.com\/sl\/pravila-komentiranja\/#breadcrumb","itemListElement":[{"@type":"ListItem","position":1,"name":"Doma\u010da stran","item":"https:\/\/pistonaddict.com\/sl\/domaca-stran-2\/"},{"@type":"ListItem","position":2,"name":"Pravila za komentiranje"}]},{"@type":"WebSite","@id":"https:\/\/pistonaddict.com\/sl\/#website","url":"https:\/\/pistonaddict.com\/sl\/","name":"Piston Addict","description":"Only interesting vehicles","publisher":{"@id":"https:\/\/pistonaddict.com\/sl\/#organization"},"potentialAction":[{"@type":"SearchAction","target":{"@type":"EntryPoint","urlTemplate":"https:\/\/pistonaddict.com\/sl\/?s={search_term_string}"},"query-input":"required name=search_term_string"}],"inLanguage":"sl-SI"},{"@type":"Organization","@id":"https:\/\/pistonaddict.com\/sl\/#organization","name":"Piston Addict","url":"https:\/\/pistonaddict.com\/sl\/","logo":{"@type":"ImageObject","inLanguage":"sl-SI","@id":"https:\/\/pistonaddict.com\/sl\/#\/schema\/logo\/image\/","url":"https:\/\/pistonaddict.com\/wp-content\/uploads\/2022\/07\/logo-6.png","contentUrl":"https:\/\/pistonaddict.com\/wp-content\/uploads\/2022\/07\/logo-6.png","width":970,"height":200,"caption":"Piston Addict"},"image":{"@id":"https:\/\/pistonaddict.com\/sl\/#\/schema\/logo\/image\/"}}]}},"_links":{"self":[{"href":"https:\/\/pistonaddict.com\/sl\/wp-json\/wp\/v2\/pages\/3045"}],"collection":[{"href":"https:\/\/pistonaddict.com\/sl\/wp-json\/wp\/v2\/pages"}],"about":[{"href":"https:\/\/pistonaddict.com\/sl\/wp-json\/wp\/v2\/types\/page"}],"author":[{"embeddable":true,"href":"https:\/\/pistonaddict.com\/sl\/wp-json\/wp\/v2\/users\/1"}],"replies":[{"embeddable":true,"href":"https:\/\/pistonaddict.com\/sl\/wp-json\/wp\/v2\/comments?post=3045"}],"version-history":[{"count":5,"href":"https:\/\/pistonaddict.com\/sl\/wp-json\/wp\/v2\/pages\/3045\/revisions"}],"predecessor-version":[{"id":26247,"href":"https:\/\/pistonaddict.com\/sl\/wp-json\/wp\/v2\/pages\/3045\/revisions\/26247"}],"wp:attachment":[{"href":"https:\/\/pistonaddict.com\/sl\/wp-json\/wp\/v2\/media?parent=3045"}],"curies":[{"name":"wp","href":"https:\/\/api.w.org\/{rel}","templated":true}]}}