{"id":3039,"date":"2022-04-29T11:19:25","date_gmt":"2022-04-29T09:19:25","guid":{"rendered":"https:\/\/pistonaddict.com\/upravljanje-piskotkov\/"},"modified":"2022-10-28T10:21:19","modified_gmt":"2022-10-28T08:21:19","slug":"upravljanje-piskotkov","status":"publish","type":"page","link":"https:\/\/pistonaddict.com\/sl\/upravljanje-piskotkov\/","title":{"rendered":"Upravljanje pi\u0161kotkov"},"content":{"rendered":"\t\t<div data-elementor-type=\"wp-page\" data-elementor-id=\"3039\" class=\"elementor elementor-3039 elementor-2954\">\n\t\t\t\t\t\t<section class=\"elementor-section elementor-top-section elementor-element elementor-element-00987b4 elementor-section-boxed elementor-section-height-default elementor-section-height-default\" data-id=\"00987b4\" data-element_type=\"section\">\n\t\t\t\t\t\t<div class=\"elementor-container elementor-column-gap-default\">\n\t\t\t\t\t<div class=\"elementor-column elementor-col-100 elementor-top-column elementor-element elementor-element-9f5f945\" data-id=\"9f5f945\" data-element_type=\"column\">\n\t\t\t<div class=\"elementor-widget-wrap elementor-element-populated\">\n\t\t\t\t\t\t<div class=\"elementor-element elementor-element-8525f40 elementor-widget elementor-widget-text-editor\" data-id=\"8525f40\" data-element_type=\"widget\" data-widget_type=\"text-editor.default\">\n\t\t\t\t<div class=\"elementor-widget-container\">\n\t\t\t<style>\/*! elementor - v3.21.0 - 18-04-2024 *\/\n.elementor-widget-text-editor.elementor-drop-cap-view-stacked .elementor-drop-cap{background-color:#69727d;color:#fff}.elementor-widget-text-editor.elementor-drop-cap-view-framed .elementor-drop-cap{color:#69727d;border:3px solid;background-color:transparent}.elementor-widget-text-editor:not(.elementor-drop-cap-view-default) .elementor-drop-cap{margin-top:8px}.elementor-widget-text-editor:not(.elementor-drop-cap-view-default) .elementor-drop-cap-letter{width:1em;height:1em}.elementor-widget-text-editor .elementor-drop-cap{float:left;text-align:center;line-height:1;font-size:50px}.elementor-widget-text-editor .elementor-drop-cap-letter{display:inline-block}<\/style>\t\t\t\t<div class=\"wpb_text_column wpb_content_element cms_text_block\">\n<div class=\"wpb_wrapper \">\n<p>Lors de votre premier acc\u00e8s au site Internet : https:\/\/www.pistonaddict.com, un bandeau situ\u00e9 en bas de page vous informe que des donn\u00e9es relatives \u00e0 votre navigation vont \u00eatre enregistr\u00e9es sur des fichiers sp\u00e9cifiques appel\u00e9s &#8221; cookies &#8221; ou fichiers de connexion .<\/p>\n<p>Da bi vas bolje obvestili o njihovem pomenu, omejitvah, povezanih z njihovim sprejetjem ali zavrnitvijo, in o postopkih, ki jih je treba upo\u0161tevati, da bi prepre\u010dili njihovo namestitev na va\u0161em ra\u010dunalniku, vam <strong>Piston Addict<\/strong> predstavi svojo politiko upravljanja pi\u0161kotkov.<\/p>\n<div class=\"wpb_column vc_column_container vc_col-sm-12\">\n<div class=\"vc_column-inner\">\n<div class=\"wpb_wrapper\"> <\/div>\n<\/div>\n<\/div>\n<div class=\"cms-custom-heading-wrap heading2 text-left vc_custom_heading heading2_uppercase \">\n<h2> <\/h2>\n<h2 class=\"cmsc-custom-heading vc_custom_heading\">1\u00b0 LE R\u00d4LE DES COOKIES OU FICHIERS DE CONNEXION<\/h2>\n<\/div>\n<p>Les cookies permettent de collecter les informations concernant votre consultation du site Internet (https:\/\/www.pistonaddict.com) dans le but d&#8217;ajuster et d&#8217;orienter au mieux votre navigation. Priro\u010dniki za povezavo, ki jih pripravi navigator, omogo\u010dajo natan\u010dno opredelitev storitev in informacij, ki jih i\u0161\u010dete, glede na rubrike in strani, ki jih pregledujete.<\/p>\n<p>Za optimalno uporabo spletnega mesta in njegovih storitev se uporabljajo razli\u010dne vrste pi\u0161kotkov glede na njihove cilje:<\/p>\n<ul>\n<li>les cookies de session sont principalement install\u00e9s sur les sites marchands pour sauvegarder durant toute la s\u00e9quence de navigation, certaines donn\u00e9es saisies en amont,<\/li>\n<li>les cookies fonctionnels prennent en compte les pr\u00e9f\u00e9rences de navigation (langue, r\u00e9solution d&#8217;\u00e9cran&#8230;), ou g\u00e8rent les informations saisies lors de s\u00e9ances de navigation pr\u00e9c\u00e9dentes (identifiants de connexion, services souscrits, donn\u00e9es saisies&#8230;),<\/li>\n<li>les cookies analytiques permettent de comptabiliser les internautes tout en analysant leur comportement durant la visite du site Internet afin de g\u00e9n\u00e9rer des statistiques de fr\u00e9quentation,<\/li>\n<li>les cookies tiers sont d\u00e9pos\u00e9s sur le navigateur de l&#8217;internaute par des r\u00e9gies publicitaires ou des partenaires du site Internet, ainsi que par les r\u00e9seaux sociaux et les plateformes vid\u00e9os en lien avec ledit site.<\/li>\n<\/ul>\n<p>Les donn\u00e9es n\u00e9cessaires par les fichiers de connexion ne permettent pas de vous identifier de mani\u00e8re nominative, elles sont uniquement utilis\u00e9es pour le bon fonctionnement du site Internet et ne sont jamais communiqu\u00e9es par <strong>Piston Addict<\/strong> \u00e0 d&#8217;autres structures.<\/p>\n<div class=\"wpb_column vc_column_container vc_col-sm-12\">\n<div class=\"vc_column-inner\">\n<div class=\"wpb_wrapper\"> <\/div>\n<\/div>\n<\/div>\n<div class=\"cms-custom-heading-wrap heading2 text-left vc_custom_heading heading2_uppercase \">\n<h2> <\/h2>\n<h2 class=\"cmsc-custom-heading vc_custom_heading\">2\u00b0 LES COOKIES PR\u00c9SENTS SUR LE SITE PISTONADDICT.COM<\/h2>\n<\/div>\n<div class=\"wpb_text_column wpb_content_element vc_custom_1621498045904 cms_text_block\">\n<div class=\"wpb_wrapper \"> <\/div>\n<\/div>\n<p>Selon leur nature et le type de donn\u00e9es qu&#8217;ils collectent, les cookies utilis\u00e9s sur le site Internet https:\/\/www.pistonaddict.com emp\u00eachent votre consentement pour leur utilisation ou en sont au contraire contraires.<\/p>\n<h3> <\/h3>\n<h3>2.1\u00b0 Les cookies fonctionnels<\/h3>\n<p>Nacionalna komisija za informatiko in svobo\u0161\u010dine (CNIL) priporo\u010da, da se pri pridobivanju soglasja ne upo\u0161teva pi\u0161kotkov, ki so potrebni za dobro delovanje spletnega mesta ali imajo za edini cilj olaj\u0161anje komunikacije po elektronski poti.<\/p>\n<p>Cela concerne principalement les cookies d&#8217;identifiant de session, les cookies de session pour lecteur multim\u00e9dia, les cookies d&#8217;authentification, les cookies de session d&#8217;\u00e9quilibrage de charge ou cr\u00e9\u00e9s ainsi que des cookies de personnalisation de votre interface utilisateur.<\/p>\n<h3> <\/h3>\n<h3>2.2\u00b0 Les cookies de suivi<\/h3>\n<p>V skladu z veljavno zakonodajo, ki jo uporablja RGPD, so vsi pi\u0161kotki, ki omogo\u010dajo uporabo pi\u0161kotkov ali profilage, dostopni pred njihovim posredovanjem na va\u0161 navigacijski sistem: zapis va\u0161ega soglasja, mo\u017enost nasprotovanja njihovi uporabi, informacije o tem, da je uporaba navigacijskega sistema pogojena s posredovanjem pi\u0161kotkov na va\u0161 terminal.<\/p>\n<p>Cela concerne \u00e0 la fois les cookies de mesure d&#8217;audience (Analytics) et les cookies de partage sur les r\u00e9seaux sociaux (Facebook&#8230;), ces cookies sont donc soumis aux politiques de confidentialit\u00e9 des \u00e9diteurs de ces applications logicielles.<\/p>\n<h4> <\/h4>\n<h4><strong>2.2.1\u00b0 Les cookies de mesure d&#8217;audience<\/strong><\/h4>\n<p>Les cookies de Google Analytics permettent d&#8217;\u00e9tablir des statistiques relatives \u00e0 l&#8217;utilisation du site Internet : https:\/\/www.pistonaddict.com.<\/p>\n<p>Ils ont \u00e9t\u00e9 param\u00e9tr\u00e9s de fa\u00e7on \u00e0 collecter des donn\u00e9es permettant facultatif le recueil de votre consentement :<\/p>\n<ul>\n<li>objavljeni pi\u0161kotki slu\u017eijo izklju\u010dno za izdelavo anonimnih statistik, naslov IP, ki omogo\u010da va\u0161o lokacijo, ni natan\u010dnej\u0161i od vi\u0161ine kraja, konkretno so izlo\u010deni dva zadnja okteta naslova IP,<\/li>\n<li>les cookies permettant d&#8217;\u00e9tablir votre tra\u00e7abilit\u00e9 ainsi que vos adresses IP ne sont pas conserv\u00e9s au-del\u00e0 de 13 mois \u00e0 compter de la premi\u00e8re visite.<\/li>\n<\/ul>\n<p>Politika zaupnosti storitve Google Analytics je na voljo na naslednjem naslovu: https:\/\/policies.google.com\/privacy?hl=fr<\/p>\n<h3> <\/h3>\n<h4><strong>2.2.2\u00b0 Les cookies de partage de donn\u00e9es<\/strong><\/h4>\n<p>Les cookies de partage sur les r\u00e9seaux sociaux (Facebook&#8230;) sont \u00e9mis et g\u00e9r\u00e9s par les \u00e9diteurs des applications. Ob upo\u0161tevanju va\u0161ega soglasja lahko s pomo\u010djo teh pi\u0161kotkov preprosto spremljate vsebine, objavljene na spletnem mestu Internet : https:\/\/www.pistonaddict.com au moyen des boutons applicatifs d\u00e9di\u00e9s.<\/p>\n<p>Politike zaupnosti dru\u017ebenih omre\u017eij so na voljo na naslednjih straneh:<\/p>\n<ul>\n<li>Facebook : https:\/\/fr-fr.facebook.com\/privacy\/explanation<\/li>\n<li>Twitter: https:\/\/twitter.com\/fr\/privacy#update<\/li>\n<li>Pinterest : https:\/\/policy.pinterest.com\/fr\/privacy-policy<\/li>\n<li>Instagram : https:\/\/help.instagram.com\/519522125107875<\/li>\n<\/ul>\n<h3> <\/h3>\n<h4><strong>2.2.3\u00b0 Les cookies de plateformes vid\u00e9o<\/strong><\/h4>\n<p>Les cookies li\u00e9s \u00e0 la visualisation de vid\u00e9os sur YouTube sont \u00e9mis et g\u00e9r\u00e9s par l&#8217;\u00e9diteur de la plateforme vid\u00e9o. Sous r\u00e9serve du consentement de votre, ces cookies sont envoy\u00e9s sur votre navigateur de l&#8217;internaute lors de la lecture de vid\u00e9os publi\u00e9es sur le site Internet : https:\/\/www.pistonaddict.com et h\u00e9berg\u00e9es sur la plateforme.<\/p>\n<p>Politika zaupnosti YouTube je dostopna na naslednjem naslovu: https:\/\/policies.google.com\/privacy?hl=fr-CA<\/p>\n<\/div>\n<\/div>\n<div class=\"wpb_column vc_column_container vc_col-sm-12\">\n<div class=\"vc_column-inner\">\n<div class=\"wpb_wrapper\"> <\/div>\n<\/div>\n<\/div>\n<div class=\"cms-custom-heading-wrap heading2 text-left vc_custom_heading heading2_uppercase \">\n<h2> <\/h2>\n<h2 class=\"cmsc-custom-heading vc_custom_heading\">3\u00b0 L&#8217;ACCEPTATION OU LE REFUS DES COOKIES<\/h2>\n<\/div>\n<div class=\"wpb_text_column wpb_content_element vc_custom_1621498045904 cms_text_block\">\n<div class=\"wpb_wrapper \">\n<p>Lors de votre premi\u00e8re visite du site Internet https:\/\/www.pistonaddict.com, un bandeau est affich\u00e9 en bas de page pour vous permettre d&#8217;accepter ou de refuser les cookies. Ce bandeau comporte \u00e9galement les mentions relatives \u00e0 la finalit\u00e9 des envois de cookies sur votre navigateur Internet.<\/p>\n<p>Vous pouvez \u00e9galement param\u00e9trer votre navigateur Internet afin d&#8217;\u00eatre averti lorsque des cookies seront d\u00e9pos\u00e9s avec la possibilit\u00e9 de les accepter ou de les refuser. En fonction du navigateur utilis\u00e9 la configuration de la gestion des cookies (acceptation ou refus) diff\u00e9rente.<\/p>\n<p>Retrouvez ci-dessous les adresses des pages d\u00e9di\u00e9es pour chacun des principaux navigateurs :<\/p>\n<ul>\n<li>Microsoft Internet Explorer : http:\/\/windows.microsoft.com\/fr-FR\/windows-vista\/Block-or-allow-cookies<\/li>\n<li>Google Chrome : https:\/\/support.google.com\/chrome\/answer\/95647?hl=fr<\/li>\n<li>Safari : https:\/\/support.apple.com\/fr-fr\/guide\/safari\/sfri11471\/mac<\/li>\n<li>Firefox : https:\/\/support.mozilla.org\/fr\/kb\/autoriser-bloquer-cookies-preferences-sites<\/li>\n<li>Opera : https:\/\/help.opera.com\/en\/latest\/web-preferences\/#cookies<\/li>\n<\/ul>\n<p>A noter : Le refus des cookies peut emp\u00eacher la personnalisation de votre navigation sur le site Internet : https:\/\/www.pistonaddict.com, il est donc important que vous configuriez votre navigateur en toute connaissance de cause.<\/p>\n<\/div>\n<\/div>\n<div class=\"wpb_column vc_column_container vc_col-sm-12\">\n<div class=\"vc_column-inner\">\n<div class=\"wpb_wrapper\"> <\/div>\n<\/div>\n<\/div>\n<div class=\"cms-custom-heading-wrap heading2 text-left vc_custom_heading heading2_uppercase \">\n<h2> <\/h2>\n<h2 class=\"cmsc-custom-heading vc_custom_heading\">4\u00b0 PREKLIC SOGLASJA ZA PI\u0160KOTKE<\/h2>\n<\/div>\n<div class=\"wpb_text_column wpb_content_element vc_custom_1621498045904 cms_text_block\">\n<div class=\"wpb_wrapper \">\n<p>V vsakem trenutku je mogo\u010de preklicati <a class=\"wt-cli-manage-consent-link\">soglasje za pi\u0161kotke<\/a> na ravni in analiti\u010dne pi\u0161kotke.<\/p>\n<div class=\"wpb_column vc_column_container vc_col-sm-12\">\n<div class=\"vc_column-inner\">\n<div class=\"wpb_wrapper\"> <\/div>\n<\/div>\n<\/div>\n<div class=\"cms-custom-heading-wrap heading2 text-left vc_custom_heading heading2_uppercase \">\n<h2> <\/h2>\n<h2 class=\"cmsc-custom-heading vc_custom_heading\">5\u00b0 LA POLITIQUE DE CONFIDENTIALIT\u00c9<\/h2>\n<\/div>\n<div class=\"wpb_text_column wpb_content_element vc_custom_1621498045904 cms_text_block\">\n<div class=\"wpb_wrapper \"> <\/div>\n<\/div>\n<p>\u010ce \u017eelite izvedeti ve\u010d o politiki zaupnosti v podjetju <strong>Piston Addict<\/strong>, <a href=\"https:\/\/pistonaddict.com\/sl\/politika-zasebnosti\/\">kliknite tukaj<\/a>.<\/p>\n<\/div>\n<\/div>\n\t\t\t\t\t\t<\/div>\n\t\t\t\t<\/div>\n\t\t\t\t\t<\/div>\n\t\t<\/div>\n\t\t\t\t\t<\/div>\n\t\t<\/section>\n\t\t\t\t<\/div>\n\t\t","protected":false},"excerpt":{"rendered":"<p>Lors de votre premier acc\u00e8s au site Internet : https:\/\/www.pistonaddict.com, un bandeau situ\u00e9 en bas de page vous informe que des donn\u00e9es relatives \u00e0 votre navigation vont \u00eatre enregistr\u00e9es sur des fichiers sp\u00e9cifiques appel\u00e9s &#8221; cookies &#8221; ou fichiers de connexion . Da bi vas bolje obvestili o njihovem pomenu, omejitvah, povezanih z njihovim sprejetjem &#8230; <a title=\"Upravljanje pi\u0161kotkov\" class=\"read-more\" href=\"https:\/\/pistonaddict.com\/sl\/upravljanje-piskotkov\/\">Preberi ve\u010d<span class=\"screen-reader-text\">Upravljanje pi\u0161kotkov<\/span><\/a><\/p>\n","protected":false},"author":1,"featured_media":0,"parent":0,"menu_order":0,"comment_status":"closed","ping_status":"closed","template":"","meta":{"inline_featured_image":false,"footnotes":""},"acf":[],"yoast_head":"<!-- This site is optimized with the Yoast SEO plugin v22.5 - https:\/\/yoast.com\/wordpress\/plugins\/seo\/ -->\n<title>Upravljanje pi\u0161kotkov - ime Piston Addict<\/title>\n<meta name=\"robots\" content=\"index, follow, max-snippet:-1, max-image-preview:large, max-video-preview:-1\" \/>\n<link rel=\"canonical\" href=\"https:\/\/pistonaddict.com\/sl\/upravljanje-piskotkov\/\" \/>\n<meta property=\"og:locale\" content=\"sl_SI\" \/>\n<meta property=\"og:type\" content=\"article\" \/>\n<meta property=\"og:title\" content=\"Upravljanje pi\u0161kotkov - ime Piston Addict\" \/>\n<meta property=\"og:description\" content=\"Lors de votre premier acc\u00e8s au site Internet : https:\/\/www.pistonaddict.com, un bandeau situ\u00e9 en bas de page vous informe que des donn\u00e9es relatives \u00e0 votre navigation vont \u00eatre enregistr\u00e9es sur des fichiers sp\u00e9cifiques appel\u00e9s &#8221; cookies &#8221; ou fichiers de connexion . Da bi vas bolje obvestili o njihovem pomenu, omejitvah, povezanih z njihovim sprejetjem ... Preberi ve\u010dUpravljanje pi\u0161kotkov\" \/>\n<meta property=\"og:url\" content=\"https:\/\/pistonaddict.com\/sl\/upravljanje-piskotkov\/\" \/>\n<meta property=\"og:site_name\" content=\"Piston Addict\" \/>\n<meta property=\"article:modified_time\" content=\"2022-10-28T08:21:19+00:00\" \/>\n<meta name=\"twitter:card\" content=\"summary_large_image\" \/>\n<meta name=\"twitter:label1\" content=\"Est. reading time\" \/>\n\t<meta name=\"twitter:data1\" content=\"6 minut\" \/>\n<script type=\"application\/ld+json\" class=\"yoast-schema-graph\">{\"@context\":\"https:\/\/schema.org\",\"@graph\":[{\"@type\":\"WebPage\",\"@id\":\"https:\/\/pistonaddict.com\/sl\/upravljanje-piskotkov\/\",\"url\":\"https:\/\/pistonaddict.com\/sl\/upravljanje-piskotkov\/\",\"name\":\"Upravljanje pi\u0161kotkov - ime Piston Addict\",\"isPartOf\":{\"@id\":\"https:\/\/pistonaddict.com\/sl\/#website\"},\"datePublished\":\"2022-04-29T09:19:25+00:00\",\"dateModified\":\"2022-10-28T08:21:19+00:00\",\"breadcrumb\":{\"@id\":\"https:\/\/pistonaddict.com\/sl\/upravljanje-piskotkov\/#breadcrumb\"},\"inLanguage\":\"sl-SI\",\"potentialAction\":[{\"@type\":\"ReadAction\",\"target\":[\"https:\/\/pistonaddict.com\/sl\/upravljanje-piskotkov\/\"]}]},{\"@type\":\"BreadcrumbList\",\"@id\":\"https:\/\/pistonaddict.com\/sl\/upravljanje-piskotkov\/#breadcrumb\",\"itemListElement\":[{\"@type\":\"ListItem\",\"position\":1,\"name\":\"Doma\u010da stran\",\"item\":\"https:\/\/pistonaddict.com\/sl\/domaca-stran-2\/\"},{\"@type\":\"ListItem\",\"position\":2,\"name\":\"Upravljanje pi\u0161kotkov\"}]},{\"@type\":\"WebSite\",\"@id\":\"https:\/\/pistonaddict.com\/sl\/#website\",\"url\":\"https:\/\/pistonaddict.com\/sl\/\",\"name\":\"Piston Addict\",\"description\":\"Only interesting vehicles\",\"publisher\":{\"@id\":\"https:\/\/pistonaddict.com\/sl\/#organization\"},\"potentialAction\":[{\"@type\":\"SearchAction\",\"target\":{\"@type\":\"EntryPoint\",\"urlTemplate\":\"https:\/\/pistonaddict.com\/sl\/?s={search_term_string}\"},\"query-input\":\"required name=search_term_string\"}],\"inLanguage\":\"sl-SI\"},{\"@type\":\"Organization\",\"@id\":\"https:\/\/pistonaddict.com\/sl\/#organization\",\"name\":\"Piston Addict\",\"url\":\"https:\/\/pistonaddict.com\/sl\/\",\"logo\":{\"@type\":\"ImageObject\",\"inLanguage\":\"sl-SI\",\"@id\":\"https:\/\/pistonaddict.com\/sl\/#\/schema\/logo\/image\/\",\"url\":\"https:\/\/pistonaddict.com\/wp-content\/uploads\/2022\/07\/logo-6.png\",\"contentUrl\":\"https:\/\/pistonaddict.com\/wp-content\/uploads\/2022\/07\/logo-6.png\",\"width\":970,\"height\":200,\"caption\":\"Piston Addict\"},\"image\":{\"@id\":\"https:\/\/pistonaddict.com\/sl\/#\/schema\/logo\/image\/\"}}]}<\/script>\n<!-- \/ Yoast SEO plugin. -->","yoast_head_json":{"title":"Upravljanje pi\u0161kotkov - ime Piston Addict","robots":{"index":"index","follow":"follow","max-snippet":"max-snippet:-1","max-image-preview":"max-image-preview:large","max-video-preview":"max-video-preview:-1"},"canonical":"https:\/\/pistonaddict.com\/sl\/upravljanje-piskotkov\/","og_locale":"sl_SI","og_type":"article","og_title":"Upravljanje pi\u0161kotkov - ime Piston Addict","og_description":"Lors de votre premier acc\u00e8s au site Internet : https:\/\/www.pistonaddict.com, un bandeau situ\u00e9 en bas de page vous informe que des donn\u00e9es relatives \u00e0 votre navigation vont \u00eatre enregistr\u00e9es sur des fichiers sp\u00e9cifiques appel\u00e9s &#8221; cookies &#8221; ou fichiers de connexion . Da bi vas bolje obvestili o njihovem pomenu, omejitvah, povezanih z njihovim sprejetjem ... Preberi ve\u010dUpravljanje pi\u0161kotkov","og_url":"https:\/\/pistonaddict.com\/sl\/upravljanje-piskotkov\/","og_site_name":"Piston Addict","article_modified_time":"2022-10-28T08:21:19+00:00","twitter_card":"summary_large_image","twitter_misc":{"Est. reading time":"6 minut"},"schema":{"@context":"https:\/\/schema.org","@graph":[{"@type":"WebPage","@id":"https:\/\/pistonaddict.com\/sl\/upravljanje-piskotkov\/","url":"https:\/\/pistonaddict.com\/sl\/upravljanje-piskotkov\/","name":"Upravljanje pi\u0161kotkov - ime Piston Addict","isPartOf":{"@id":"https:\/\/pistonaddict.com\/sl\/#website"},"datePublished":"2022-04-29T09:19:25+00:00","dateModified":"2022-10-28T08:21:19+00:00","breadcrumb":{"@id":"https:\/\/pistonaddict.com\/sl\/upravljanje-piskotkov\/#breadcrumb"},"inLanguage":"sl-SI","potentialAction":[{"@type":"ReadAction","target":["https:\/\/pistonaddict.com\/sl\/upravljanje-piskotkov\/"]}]},{"@type":"BreadcrumbList","@id":"https:\/\/pistonaddict.com\/sl\/upravljanje-piskotkov\/#breadcrumb","itemListElement":[{"@type":"ListItem","position":1,"name":"Doma\u010da stran","item":"https:\/\/pistonaddict.com\/sl\/domaca-stran-2\/"},{"@type":"ListItem","position":2,"name":"Upravljanje pi\u0161kotkov"}]},{"@type":"WebSite","@id":"https:\/\/pistonaddict.com\/sl\/#website","url":"https:\/\/pistonaddict.com\/sl\/","name":"Piston Addict","description":"Only interesting vehicles","publisher":{"@id":"https:\/\/pistonaddict.com\/sl\/#organization"},"potentialAction":[{"@type":"SearchAction","target":{"@type":"EntryPoint","urlTemplate":"https:\/\/pistonaddict.com\/sl\/?s={search_term_string}"},"query-input":"required name=search_term_string"}],"inLanguage":"sl-SI"},{"@type":"Organization","@id":"https:\/\/pistonaddict.com\/sl\/#organization","name":"Piston Addict","url":"https:\/\/pistonaddict.com\/sl\/","logo":{"@type":"ImageObject","inLanguage":"sl-SI","@id":"https:\/\/pistonaddict.com\/sl\/#\/schema\/logo\/image\/","url":"https:\/\/pistonaddict.com\/wp-content\/uploads\/2022\/07\/logo-6.png","contentUrl":"https:\/\/pistonaddict.com\/wp-content\/uploads\/2022\/07\/logo-6.png","width":970,"height":200,"caption":"Piston Addict"},"image":{"@id":"https:\/\/pistonaddict.com\/sl\/#\/schema\/logo\/image\/"}}]}},"_links":{"self":[{"href":"https:\/\/pistonaddict.com\/sl\/wp-json\/wp\/v2\/pages\/3039"}],"collection":[{"href":"https:\/\/pistonaddict.com\/sl\/wp-json\/wp\/v2\/pages"}],"about":[{"href":"https:\/\/pistonaddict.com\/sl\/wp-json\/wp\/v2\/types\/page"}],"author":[{"embeddable":true,"href":"https:\/\/pistonaddict.com\/sl\/wp-json\/wp\/v2\/users\/1"}],"replies":[{"embeddable":true,"href":"https:\/\/pistonaddict.com\/sl\/wp-json\/wp\/v2\/comments?post=3039"}],"version-history":[{"count":4,"href":"https:\/\/pistonaddict.com\/sl\/wp-json\/wp\/v2\/pages\/3039\/revisions"}],"predecessor-version":[{"id":15985,"href":"https:\/\/pistonaddict.com\/sl\/wp-json\/wp\/v2\/pages\/3039\/revisions\/15985"}],"wp:attachment":[{"href":"https:\/\/pistonaddict.com\/sl\/wp-json\/wp\/v2\/media?parent=3039"}],"curies":[{"name":"wp","href":"https:\/\/api.w.org\/{rel}","templated":true}]}}