{"id":3005,"date":"2022-04-29T11:18:49","date_gmt":"2022-04-29T09:18:49","guid":{"rendered":"https:\/\/pistonaddict.com\/odprema\/"},"modified":"2022-05-04T17:59:57","modified_gmt":"2022-05-04T15:59:57","slug":"odprema","status":"publish","type":"page","link":"https:\/\/pistonaddict.com\/sl\/odprema\/","title":{"rendered":"Odprema"},"content":{"rendered":"\t\t<div data-elementor-type=\"wp-page\" data-elementor-id=\"3005\" class=\"elementor elementor-3005 elementor-333\">\n\t\t\t\t\t\t<section class=\"elementor-section elementor-top-section elementor-element elementor-element-eb8a04d elementor-section-boxed elementor-section-height-default elementor-section-height-default\" data-id=\"eb8a04d\" data-element_type=\"section\">\n\t\t\t\t\t\t<div class=\"elementor-container elementor-column-gap-default\">\n\t\t\t\t\t<div class=\"elementor-column elementor-col-100 elementor-top-column elementor-element elementor-element-43edc4e\" data-id=\"43edc4e\" data-element_type=\"column\">\n\t\t\t<div class=\"elementor-widget-wrap elementor-element-populated\">\n\t\t\t\t\t\t<div class=\"elementor-element elementor-element-d78828a elementor-widget elementor-widget-text-editor\" data-id=\"d78828a\" data-element_type=\"widget\" data-widget_type=\"text-editor.default\">\n\t\t\t\t<div class=\"elementor-widget-container\">\n\t\t\t<style>\/*! elementor - v3.21.0 - 18-04-2024 *\/\n.elementor-widget-text-editor.elementor-drop-cap-view-stacked .elementor-drop-cap{background-color:#69727d;color:#fff}.elementor-widget-text-editor.elementor-drop-cap-view-framed .elementor-drop-cap{color:#69727d;border:3px solid;background-color:transparent}.elementor-widget-text-editor:not(.elementor-drop-cap-view-default) .elementor-drop-cap{margin-top:8px}.elementor-widget-text-editor:not(.elementor-drop-cap-view-default) .elementor-drop-cap-letter{width:1em;height:1em}.elementor-widget-text-editor .elementor-drop-cap{float:left;text-align:center;line-height:1;font-size:50px}.elementor-widget-text-editor .elementor-drop-cap-letter{display:inline-block}<\/style>\t\t\t\t\n          <h1>\n            <strong>PO\u0160ILJANJE VA\u0160EGA VOZILA<\/strong>\n          <\/h1>\n          <h2>\n            <strong>KAKO PREVOZITI VA\u0160E VOZILO?<\/strong>\n          <\/h2>\n          <p>\u010ce \u017eelite svoje vozilo prepeljati, vam je na voljo ve\u010d re\u0161itev.<\/p>\n          <p>To lahko storite sami ali pa uporabite profesionalne transportne storitve, kot so vleka, transport, prevoz s plato ali tovornjaki ali kon\u010dno pomorski transport.<\/p>\n          <h3>\n            <strong>1- Vleka vozila<\/strong>\n          <\/h3>\n          <p>Ta vrsta prevoza je primerna za kratke razdalje, pri nizki hitrosti. Za vleko va\u0161ega vozila boste morali:<\/p>\n          <ul>\n            <li>Za najve\u010djo varnost uporabite odobreno vle\u010dno palico;<\/li>\n            <li>biti v spremstvu voznika v vle\u010denem vozilu;<\/li>\n            <li>Vozite z najve\u010d 50 km\/h in uporabljajte samo sekundarne osi;<\/li>\n            <li>Zagotoviti vle\u010dno vozilo, te\u017eje od vle\u010denega vozila;<\/li>\n            <li>Uporabite opozorila, bodite previdni in sprejmite prilagodljiv na\u010din vo\u017enje.<\/li>\n          <\/ul>\n          <h2> <\/h2>\n          <h3>\n            <strong>2- Prevozite vozilo na plo\u0161\u010dadi<\/strong>\n          <\/h3>\n          <p>Ta mo\u017enost je primerna za popolno varno preva\u017eanje va\u0161ega vozila na dolge razdalje. Izberete lahko, da va\u0161e vozilo preva\u017eate na tovornjaku s kesonom, po mo\u017enosti pokrito, da za\u0161\u010ditite karoserijo med prevozom.<\/p>\n          <h3>\n            <strong>3- Prevoz vozil s tovornjakom<\/strong>\n          <\/h3>\n          <p>To je enako kot pri prevozu s tovornjakom, vendar se v tem primeru va\u0161e vozilo preva\u017ea v prikolici tovornjaka. Ta alternativa je mo\u017ena tudi, \u010de imate za prevoz samo eno vozilo. Ta mo\u017enost je ekonomi\u010dna; najbolj\u0161i igralci na trgu ponujajo dobavne roke od enega do dveh tednov od prevzema naro\u010dila do dostave.<\/p>\n          <h3>\n            <strong>4- Prevoz z vozilom<\/strong>\n          <\/h3>\n          <p>Da je prevoz mogo\u010d, mora biti vozilo mobilno, v dobrem delovnem stanju in dobro vzdr\u017eevano. Teko\u010di trak je dodeljen va\u0161im potrebam in poganja vozilo od odhoda do cilja.<\/p>\n          <p>Je hitra alternativa, ne da bi \u0161li skozi razli\u010dne nakladalne ali razkladalne platforme, vendar je dra\u017eja.<\/p>\n          <h3>\n            <strong>5- Pomorski promet<\/strong>\n          <\/h3>\n          <p>Prevoz avtomobilov z ro-ro ladjo (ali RO-RO) predstavlja veliko ve\u010dino pomorskega tovora za vozila. Vozila so tam parkirana za \u010das trajanja prevoza. To je najbolj ekonomi\u010den in v\u010dasih najhitrej\u0161i na\u010din prevoza avtomobilov.<\/p>\n          <p>Uporaba posrednika je pogosto obvezna, da lahko vozilo po\u0161ljete v tujo dr\u017eavo. To bo poskrbelo za administrativne postopke v pristani\u0161\u010du odhoda, pa tudi v pristani\u0161\u010du prihoda.<\/p>\n          <h2>\n            <strong>KAK\u0160NE DOKUMENTE JE POTREBNO PREDLO\u017dITI, DA BI VA\u0160E VOZILO PO\u0160ILJALI V MEDNARODNO VOZILO?<\/strong>\n          <\/h2>\n          <ul>\n            <li>Ra\u010dun nakupa vozila;<\/li>\n            <li>Kopija va\u0161ega osebnega dokumenta;<\/li>\n            <li>Dokument o registraciji vozila;<\/li>\n            <li>Potrdilo o prenosu;<\/li>\n            <li>Nezastavno potrdilo;<\/li>\n            <li>Izpolnjeno in podpisano potrdilo o vrednosti ( <strong><a href=\"https:\/\/pistonaddict.com\/wp-content\/uploads\/2022\/05\/Attestation-de-valeur-vehicule.pdf\" target=\"_blank\" rel=\"noopener\"><u>prenesite ga<\/u><\/a><\/strong> ).<\/li>\n          <\/ul>\n          <p>Odvisno od namembne dr\u017eave bodo morda potrebni drugi dokumenti. Ne pozabite povpra\u0161ati svojega prevoznika, ali so davki, carine in pristojbine za carinjenje vklju\u010dene v predstavljeno ponudbo.<\/p>\n          <h2>\n            <strong>KOLIKO STANE PO\u0160ILJANJE VOZILA MEDNARODNO?<\/strong>\n          <\/h2>\n          <p>Cene se seveda razlikujejo od enega prevoznika do drugega: prevoznik za vozila upo\u0161teva ve\u010d elementov pri izra\u010dunu stro\u0161kov prevoza:<\/p>\n          <ul>\n            <li>vrsta vozila;<\/li>\n            <li>Na\u010din prevoza;<\/li>\n            <li>Razdalja med dr\u017eavama;<\/li>\n            <li>Rok za po\u0161iljanje in letni \u010das.<\/li>\n          <\/ul>\n          <p>Ostajate odgovorni za zavarovanje prevoza, ki vam ga bo ponudilo prevozni\u0161ko podjetje, kot tudi za carinske pristojbine in davke, ki jih morate pla\u010dati.<\/p>\n          <p>Kopenski promet je najbolj prakti\u010den na\u010din po\u0161iljanja vozila, zlasti med sosednjimi dr\u017eavami. Prednost pomorskega prometa je, da je ekonomi\u010den, vendar po\u010dasnej\u0161i.<\/p>\n          <h2>\n            <strong>NASVET ZA ODVISNIKE BAT<\/strong>\n          <\/h2>\n          <p>Zdaj, ko veste vse, kar morate vedeti o prevozu vozil, je tukaj nekaj nasvetov, ki jih je vedno dobro upo\u0161tevati, preden svoje vozilo zaupate izbranemu prevoznemu podjetju:<\/p>\n          <ul>\n            <li>Deaktivirajte alarm, \u010de obstaja, da prepre\u010dite, da bi se spro\u017eil med transportom;<\/li>\n            <li>Akumulator napolnite do maksimuma, da se med transportom ne izprazni popolnoma;<\/li>\n            <li>Iz varnostnih razlogov \u010dim bolj izpraznite rezervoar za gorivo;<\/li>\n            <li>Pazite, da v vozilu ne pustite nobenih predmetov;<\/li>\n            <li>Preden ga predate prevozniku, shranite dokazila o stanju vozila;<\/li>\n            <li>Sklenite zavarovanje za garancijo vra\u010dila denarja v primeru te\u017eav med prevozom;<\/li>\n            <li>Hranite izvirnike potrdila o registraciji vozila, potrdila o lastni\u0161tvu in potrdila o nezastavitvi;<\/li>\n            <li>Pri sebi imejte rezervne klju\u010de vozila. Predvsem pa ne pozabite poslati dvojnikov klju\u010dev, ko kupec prejme vozilo.<\/li>\n          <\/ul>\n          <p> <\/p>\n          <h2>\n            <strong>Na\u0161a priporo\u010dila s tovornjakom<\/strong>\n          <\/h2>\n          <ul>\n            <li><em><strong>Nem\u010dija \u2013 Avstrija \u2013 Belgija \u2013 \u0160panija \u2013 Francija \u2013 Italija \u2013 Nizozemska \u2013 Portugalska \u2013 \u0160vica &#8211; Zdru\u017eeno kraljestvo<\/strong> :<\/em> mednarodno: <a href=\"https:\/\/www.eurosender.com\/en\/vt\/vehicle-transport\/car\" target=\"_blank\" rel=\"noopener\">Eurosender<\/a> , <a href=\"https:\/\/www.shiply.com\/vehicle-delivery\/car-transport-to-europe.php\" target=\"_blank\" rel=\"noopener\">Shiply<\/a><\/li>\n            <li><strong><em>Francija:<\/em><\/strong> National: <a href=\"https:\/\/disposeo.com\/\" target=\"_blank\" rel=\"noopener\">Disposeo<\/a> , <a href=\"https:\/\/www.hiflow.com\/particulier\" target=\"_blank\" rel=\"noopener\">Hiflow<\/a><\/li>\n          <\/ul>\n          <h2>\n            <strong>Na\u0161a priporo\u010dila po morju<\/strong>\n          <\/h2>\n          <ul>\n            <li><a href=\"https:\/\/cfrrinkens.com\/rate-request\/\" target=\"_blank\" rel=\"noopener\">CFR Rinkens<\/a> , <a href=\"https:\/\/www.carseurope.net\/international-car-transportation-quote\/\" target=\"_blank\" rel=\"noopener\">AVTOMOBILA<\/a><\/li>\n          <\/ul>\n        \t\t\t\t\t\t<\/div>\n\t\t\t\t<\/div>\n\t\t\t\t\t<\/div>\n\t\t<\/div>\n\t\t\t\t\t<\/div>\n\t\t<\/section>\n\t\t\t\t<\/div>\n\t\t","protected":false},"excerpt":{"rendered":"<p>PO\u0160ILJANJE VA\u0160EGA VOZILA KAKO PREVOZITI VA\u0160E VOZILO? \u010ce \u017eelite svoje vozilo prepeljati, vam je na voljo ve\u010d re\u0161itev. To lahko storite sami ali pa uporabite profesionalne transportne storitve, kot so vleka, transport, prevoz s plato ali tovornjaki ali kon\u010dno pomorski transport. 1- Vleka vozila Ta vrsta prevoza je primerna za kratke razdalje, pri nizki hitrosti. &#8230; <a title=\"Odprema\" class=\"read-more\" href=\"https:\/\/pistonaddict.com\/sl\/odprema\/\">Preberi ve\u010d<span class=\"screen-reader-text\">Odprema<\/span><\/a><\/p>\n","protected":false},"author":1,"featured_media":0,"parent":0,"menu_order":0,"comment_status":"closed","ping_status":"closed","template":"","meta":{"inline_featured_image":false,"footnotes":""},"acf":[],"yoast_head":"<!-- This site is optimized with the Yoast SEO plugin v22.5 - https:\/\/yoast.com\/wordpress\/plugins\/seo\/ -->\n<title>Odprema - ime Piston Addict<\/title>\n<meta name=\"robots\" content=\"index, follow, max-snippet:-1, max-image-preview:large, max-video-preview:-1\" \/>\n<link rel=\"canonical\" href=\"https:\/\/pistonaddict.com\/sl\/odprema\/\" \/>\n<meta property=\"og:locale\" content=\"sl_SI\" \/>\n<meta property=\"og:type\" content=\"article\" \/>\n<meta property=\"og:title\" content=\"Odprema - ime Piston Addict\" \/>\n<meta property=\"og:description\" content=\"PO\u0160ILJANJE VA\u0160EGA VOZILA KAKO PREVOZITI VA\u0160E VOZILO? \u010ce \u017eelite svoje vozilo prepeljati, vam je na voljo ve\u010d re\u0161itev. To lahko storite sami ali pa uporabite profesionalne transportne storitve, kot so vleka, transport, prevoz s plato ali tovornjaki ali kon\u010dno pomorski transport. 1- Vleka vozila Ta vrsta prevoza je primerna za kratke razdalje, pri nizki hitrosti. ... Preberi ve\u010dOdprema\" \/>\n<meta property=\"og:url\" content=\"https:\/\/pistonaddict.com\/sl\/odprema\/\" \/>\n<meta property=\"og:site_name\" content=\"Piston Addict\" \/>\n<meta property=\"article:modified_time\" content=\"2022-05-04T15:59:57+00:00\" \/>\n<meta name=\"twitter:card\" content=\"summary_large_image\" \/>\n<meta name=\"twitter:label1\" content=\"Est. reading time\" \/>\n\t<meta name=\"twitter:data1\" content=\"3 minute\" \/>\n<script type=\"application\/ld+json\" class=\"yoast-schema-graph\">{\"@context\":\"https:\/\/schema.org\",\"@graph\":[{\"@type\":\"WebPage\",\"@id\":\"https:\/\/pistonaddict.com\/sl\/odprema\/\",\"url\":\"https:\/\/pistonaddict.com\/sl\/odprema\/\",\"name\":\"Odprema - ime Piston Addict\",\"isPartOf\":{\"@id\":\"https:\/\/pistonaddict.com\/sl\/#website\"},\"datePublished\":\"2022-04-29T09:18:49+00:00\",\"dateModified\":\"2022-05-04T15:59:57+00:00\",\"breadcrumb\":{\"@id\":\"https:\/\/pistonaddict.com\/sl\/odprema\/#breadcrumb\"},\"inLanguage\":\"sl-SI\",\"potentialAction\":[{\"@type\":\"ReadAction\",\"target\":[\"https:\/\/pistonaddict.com\/sl\/odprema\/\"]}]},{\"@type\":\"BreadcrumbList\",\"@id\":\"https:\/\/pistonaddict.com\/sl\/odprema\/#breadcrumb\",\"itemListElement\":[{\"@type\":\"ListItem\",\"position\":1,\"name\":\"Doma\u010da stran\",\"item\":\"https:\/\/pistonaddict.com\/sl\/domaca-stran-2\/\"},{\"@type\":\"ListItem\",\"position\":2,\"name\":\"Odprema\"}]},{\"@type\":\"WebSite\",\"@id\":\"https:\/\/pistonaddict.com\/sl\/#website\",\"url\":\"https:\/\/pistonaddict.com\/sl\/\",\"name\":\"Piston Addict\",\"description\":\"Only interesting vehicles\",\"publisher\":{\"@id\":\"https:\/\/pistonaddict.com\/sl\/#organization\"},\"potentialAction\":[{\"@type\":\"SearchAction\",\"target\":{\"@type\":\"EntryPoint\",\"urlTemplate\":\"https:\/\/pistonaddict.com\/sl\/?s={search_term_string}\"},\"query-input\":\"required name=search_term_string\"}],\"inLanguage\":\"sl-SI\"},{\"@type\":\"Organization\",\"@id\":\"https:\/\/pistonaddict.com\/sl\/#organization\",\"name\":\"Piston Addict\",\"url\":\"https:\/\/pistonaddict.com\/sl\/\",\"logo\":{\"@type\":\"ImageObject\",\"inLanguage\":\"sl-SI\",\"@id\":\"https:\/\/pistonaddict.com\/sl\/#\/schema\/logo\/image\/\",\"url\":\"https:\/\/pistonaddict.com\/wp-content\/uploads\/2022\/07\/logo-6.png\",\"contentUrl\":\"https:\/\/pistonaddict.com\/wp-content\/uploads\/2022\/07\/logo-6.png\",\"width\":970,\"height\":200,\"caption\":\"Piston Addict\"},\"image\":{\"@id\":\"https:\/\/pistonaddict.com\/sl\/#\/schema\/logo\/image\/\"}}]}<\/script>\n<!-- \/ Yoast SEO plugin. -->","yoast_head_json":{"title":"Odprema - ime Piston Addict","robots":{"index":"index","follow":"follow","max-snippet":"max-snippet:-1","max-image-preview":"max-image-preview:large","max-video-preview":"max-video-preview:-1"},"canonical":"https:\/\/pistonaddict.com\/sl\/odprema\/","og_locale":"sl_SI","og_type":"article","og_title":"Odprema - ime Piston Addict","og_description":"PO\u0160ILJANJE VA\u0160EGA VOZILA KAKO PREVOZITI VA\u0160E VOZILO? \u010ce \u017eelite svoje vozilo prepeljati, vam je na voljo ve\u010d re\u0161itev. To lahko storite sami ali pa uporabite profesionalne transportne storitve, kot so vleka, transport, prevoz s plato ali tovornjaki ali kon\u010dno pomorski transport. 1- Vleka vozila Ta vrsta prevoza je primerna za kratke razdalje, pri nizki hitrosti. ... Preberi ve\u010dOdprema","og_url":"https:\/\/pistonaddict.com\/sl\/odprema\/","og_site_name":"Piston Addict","article_modified_time":"2022-05-04T15:59:57+00:00","twitter_card":"summary_large_image","twitter_misc":{"Est. reading time":"3 minute"},"schema":{"@context":"https:\/\/schema.org","@graph":[{"@type":"WebPage","@id":"https:\/\/pistonaddict.com\/sl\/odprema\/","url":"https:\/\/pistonaddict.com\/sl\/odprema\/","name":"Odprema - ime Piston Addict","isPartOf":{"@id":"https:\/\/pistonaddict.com\/sl\/#website"},"datePublished":"2022-04-29T09:18:49+00:00","dateModified":"2022-05-04T15:59:57+00:00","breadcrumb":{"@id":"https:\/\/pistonaddict.com\/sl\/odprema\/#breadcrumb"},"inLanguage":"sl-SI","potentialAction":[{"@type":"ReadAction","target":["https:\/\/pistonaddict.com\/sl\/odprema\/"]}]},{"@type":"BreadcrumbList","@id":"https:\/\/pistonaddict.com\/sl\/odprema\/#breadcrumb","itemListElement":[{"@type":"ListItem","position":1,"name":"Doma\u010da stran","item":"https:\/\/pistonaddict.com\/sl\/domaca-stran-2\/"},{"@type":"ListItem","position":2,"name":"Odprema"}]},{"@type":"WebSite","@id":"https:\/\/pistonaddict.com\/sl\/#website","url":"https:\/\/pistonaddict.com\/sl\/","name":"Piston Addict","description":"Only interesting vehicles","publisher":{"@id":"https:\/\/pistonaddict.com\/sl\/#organization"},"potentialAction":[{"@type":"SearchAction","target":{"@type":"EntryPoint","urlTemplate":"https:\/\/pistonaddict.com\/sl\/?s={search_term_string}"},"query-input":"required name=search_term_string"}],"inLanguage":"sl-SI"},{"@type":"Organization","@id":"https:\/\/pistonaddict.com\/sl\/#organization","name":"Piston Addict","url":"https:\/\/pistonaddict.com\/sl\/","logo":{"@type":"ImageObject","inLanguage":"sl-SI","@id":"https:\/\/pistonaddict.com\/sl\/#\/schema\/logo\/image\/","url":"https:\/\/pistonaddict.com\/wp-content\/uploads\/2022\/07\/logo-6.png","contentUrl":"https:\/\/pistonaddict.com\/wp-content\/uploads\/2022\/07\/logo-6.png","width":970,"height":200,"caption":"Piston Addict"},"image":{"@id":"https:\/\/pistonaddict.com\/sl\/#\/schema\/logo\/image\/"}}]}},"_links":{"self":[{"href":"https:\/\/pistonaddict.com\/sl\/wp-json\/wp\/v2\/pages\/3005"}],"collection":[{"href":"https:\/\/pistonaddict.com\/sl\/wp-json\/wp\/v2\/pages"}],"about":[{"href":"https:\/\/pistonaddict.com\/sl\/wp-json\/wp\/v2\/types\/page"}],"author":[{"embeddable":true,"href":"https:\/\/pistonaddict.com\/sl\/wp-json\/wp\/v2\/users\/1"}],"replies":[{"embeddable":true,"href":"https:\/\/pistonaddict.com\/sl\/wp-json\/wp\/v2\/comments?post=3005"}],"version-history":[{"count":2,"href":"https:\/\/pistonaddict.com\/sl\/wp-json\/wp\/v2\/pages\/3005\/revisions"}],"predecessor-version":[{"id":4068,"href":"https:\/\/pistonaddict.com\/sl\/wp-json\/wp\/v2\/pages\/3005\/revisions\/4068"}],"wp:attachment":[{"href":"https:\/\/pistonaddict.com\/sl\/wp-json\/wp\/v2\/media?parent=3005"}],"curies":[{"name":"wp","href":"https:\/\/api.w.org\/{rel}","templated":true}]}}