{"id":2854,"date":"2022-04-29T11:18:33","date_gmt":"2022-04-29T09:18:33","guid":{"rendered":"https:\/\/pistonaddict.com\/pravno-obvestilo\/"},"modified":"2024-10-26T08:17:36","modified_gmt":"2024-10-26T06:17:36","slug":"pravno-obvestilo","status":"publish","type":"page","link":"https:\/\/pistonaddict.com\/sl\/pravno-obvestilo\/","title":{"rendered":"Pravno obvestilo"},"content":{"rendered":"\t\t<div data-elementor-type=\"wp-page\" data-elementor-id=\"2854\" class=\"elementor elementor-2854 elementor-2848\">\n\t\t\t\t\t\t<section class=\"elementor-section elementor-top-section elementor-element elementor-element-4eb0e23 elementor-section-boxed elementor-section-height-default elementor-section-height-default\" data-id=\"4eb0e23\" data-element_type=\"section\">\n\t\t\t\t\t\t<div class=\"elementor-container elementor-column-gap-default\">\n\t\t\t\t\t<div class=\"elementor-column elementor-col-100 elementor-top-column elementor-element elementor-element-229cbe5\" data-id=\"229cbe5\" data-element_type=\"column\">\n\t\t\t<div class=\"elementor-widget-wrap elementor-element-populated\">\n\t\t\t\t\t\t<div class=\"elementor-element elementor-element-2af4966 elementor-widget elementor-widget-text-editor\" data-id=\"2af4966\" data-element_type=\"widget\" data-widget_type=\"text-editor.default\">\n\t\t\t\t<div class=\"elementor-widget-container\">\n\t\t\t<style>\/*! elementor - v3.21.0 - 18-04-2024 *\/\n.elementor-widget-text-editor.elementor-drop-cap-view-stacked .elementor-drop-cap{background-color:#69727d;color:#fff}.elementor-widget-text-editor.elementor-drop-cap-view-framed .elementor-drop-cap{color:#69727d;border:3px solid;background-color:transparent}.elementor-widget-text-editor:not(.elementor-drop-cap-view-default) .elementor-drop-cap{margin-top:8px}.elementor-widget-text-editor:not(.elementor-drop-cap-view-default) .elementor-drop-cap-letter{width:1em;height:1em}.elementor-widget-text-editor .elementor-drop-cap{float:left;text-align:center;line-height:1;font-size:50px}.elementor-widget-text-editor .elementor-drop-cap-letter{display:inline-block}<\/style>\t\t\t\t<h2><strong>PREDSTAVITEV SPLETNEGA MESTA<\/strong><\/h2>\n<p>V skladu s 6. \u010dlenom zakona \u0161t. 2004-575 z dne 21. junija 2004 o zaupanju v digitalno gospodarstvo in ob uporabi <strong>Splo\u0161ne<\/strong> <strong>uredbe o<\/strong> <strong>varstvu podatkov<\/strong> [Uredba (EU) 2016\/679] je uporabnikom spletnega mesta: https:\/\/www.pistonaddict.com dolo\u010dena identiteta razli\u010dnih dele\u017enikov v okviru njegovega izvajanja in spremljanja.<\/p>\n<ul>\n<li><strong>Lastnik:<\/strong> <strong>Piston Addict SA<\/strong><\/li>\n<li>SA z osnovnim kapitalom 400 000 CHF<\/li>\n<li>\u0160tevilka IDE: IDE \u0160TEVILKA: CHE-354.351.695<\/li>\n<li>\u0160tevilka DDV: CHE-354.351.695TVA in EU528667635 (\u0161tevilka OSS zunaj EU)<\/li>\n<li>Pisarna : Rue Alexandre Gavard 16, 1227 Carouge,&nbsp; \u0160vica<\/li>\n<li>Telefon: 00 41 22 342 03 55<\/li>\n<\/ul>\n<ul>\n<li><strong>Ustvarjalec\/spletni skrbnik: KUBIWEB<\/strong><\/li>\n<li>SAS z osnovnim kapitalom 21 320 EUR<\/li>\n<li>\u0160tevilka SIRET: 53018964600025<\/li>\n<li>Sede\u017e podjetja: 46-48 Chemin de la Bruy\u00e8re &#8211; 69570 DARDILLY<\/li>\n<\/ul>\n<ul>\n<li><strong>Gostitelj: HOSTINGER<\/strong><\/li>\n<li>Sede\u017e podjetja: Lordou Vironos Street 61, 6023 Larnaca, Ciper<\/li>\n<li>Kontakt: <a href=\"https:\/\/www.hostinger.fr\/contact\" target=\"_blank\" rel=\"noopener\">https:\/\/www.hostinger.fr\/contact<\/a><\/li>\n<\/ul>\n\n<ul>\n<li>E-po\u0161ta : <a href=\"https:\/\/pistonaddict.com\/sl\/kontaktiraj-nas\/\">Kontaktni obrazec<\/a><\/li>\n<\/ul>\n<p>Dejavnosti Piston Addict se odvijajo po vsem svetu z glavnim poudarkom na Evropi, razen v Zdru\u017eenem kraljestvu in na Irskem.&nbsp;<\/p>\n<p><\/p>\n<h2><strong>SPLO\u0160NI POGOJI UPORABE SPLETNEGA MESTA IN PONUJENIH STORITEV<\/strong><\/h2>\n<p>Uporaba spletnega mesta https:\/\/www.pistonaddict.com pomeni, da se v celoti strinjate s splo\u0161nimi pogoji uporabe, opisanimi v nadaljevanju. Ti pogoji uporabe se lahko kadar koli spremenijo ali dopolnijo, zato uporabnike spletnega mesta https:\/\/www.pistonaddict.com pozivamo, da jih redno preverjajo.<\/p>\n<p>To spletno mesto je uporabnikom obi\u010dajno dostopno kadar koli. O prekinitvi zaradi tehni\u010dnega vzdr\u017eevanja lahko odlo\u010di <strong>Piston Addict<\/strong>, ki bo uporabnike pred tem obvestil o datumih in urah intervencije.<\/p>\n<p>Stran https:\/\/www.pistonaddict.com redno posodablja <strong>Piston Addict<\/strong>. Prav tako se lahko pravna obvestila kadar koli spremenijo: kljub temu se uporabniku, ki je pozvan, da se z njimi \u010dim pogosteje seznani, vsiljujejo, da bi se z njimi seznanil.<\/p>\n<h2>&nbsp;<\/h2>\n<h2><strong>OPIS OPRAVLJENIH STORITEV<\/strong><\/h2>\n<p>Namen spletnega mesta https:\/\/www.pistonaddict.com je zagotoviti informacije o vseh dejavnostih podjetja. <strong>Piston Addict<\/strong> si prizadeva, da bi bile informacije na spletni strani https:\/\/www.pistonaddict.com \u010dim bolj to\u010dne.<\/p>\n<p>Vendar ne more biti odgovoren za opustitve, neto\u010dnosti in pomanjkljivosti v posodobitvi, ki jih je povzro\u010dil sam ali partnerji tretjih oseb, ki mu posredujejo te informacije.<\/p>\n<p>Vse informacije, navedene na spletnem mestu https:\/\/www.pistonaddict.com, so okvirne in se bodo verjetno spreminjale. Poleg tega informacije na spletnem mestu https:\/\/www.pistonaddict.com niso iz\u010drpne. Navedene so pod pogojem, da so bile po objavi na spletu opravljene spremembe.<\/p>\n<h2>&nbsp;<\/h2>\n<h2><strong>POGODBENE OMEJITVE ZA TEHNI\u010cNE PODATKE<\/strong><\/h2>\n<p>Spletno mesto uporablja tehnologijo JavaScript.<\/p>\n<p>Spletno mesto ne odgovarja za materialno \u0161kodo, povezano z uporabo spletnega mesta. Poleg tega se uporabnik spletnega mesta strinja, da bo do spletnega mesta dostopal z najnovej\u0161o opremo, ki ne vsebuje virusov, in s posodobljenim brskalnikom zadnje generacije.<\/p>\n<h2>&nbsp;<\/h2>\n<h2><strong>INTELEKTUALNA LASTNINA IN KR\u0160ITVE<\/strong><\/h2>\n<p><strong>Piston Addict<\/strong> je lastnik pravic intelektualne lastnine ali ima pravice do uporabe vseh elementov, ki so dostopni na spletnem mestu, zlasti besedil, slik, grafike, logotipa, ikon, zvokov in programske opreme.<\/p>\n<p>Prepovedano je kakr\u0161no koli razmno\u017eevanje, predstavljanje, spreminjanje, objavljanje, prilagajanje vseh ali dela elementov spletnega mesta, ne glede na uporabljeno sredstvo ali postopek, razen s predhodnim pisnim dovoljenjem dru\u017ebe <strong>Piston Addict<\/strong>.<\/p>\n<p>Vsaka nepoobla\u0161\u010dena uporaba spletnega mesta ali katerega koli elementa, ki ga vsebuje, se bo obravnavala kot kr\u0161itev in se preganjala v skladu z dolo\u010dbami \u010dlena L.335-2 in naslednjih zakonika o intelektualni lastnini.<\/p>\n<h2>&nbsp;<\/h2>\n<h2><strong>OMEJITVE ODGOVORNOSTI<\/strong><\/h2>\n<p>Dru\u017eba <strong>Piston Addict<\/strong> ne odgovarja za neposredno ali posredno \u0161kodo, povzro\u010deno na opremi uporabnika pri dostopu do spletnega mesta https:\/\/www.pistonaddict.com, ki je posledica uporabe opreme, ki ne ustreza specifikacijam iz to\u010dke 4, ali pojava napake ali nezdru\u017eljivosti.<\/p>\n<p><strong>Podjetje Piston Addict<\/strong> tudi ne more biti odgovorno za posledi\u010dno \u0161kodo (kot je izguba trga ali izguba prilo\u017enosti), ki bi nastala zaradi uporabe spletnega mesta https:\/\/www.pistonaddict.com. Uporabnikom so na voljo interaktivni prostori (mo\u017enost postavljanja vpra\u0161anj v kontaktnem prostoru).<\/p>\n<p><strong>Piston Addict<\/strong> si pridr\u017euje pravico, da brez predhodnega obvestila izbri\u0161e vsako vsebino, objavljeno v tem prostoru, ki bi bila v nasprotju z zakonodajo, veljavno v Franciji, zlasti z dolo\u010dbami o varstvu podatkov.<\/p>\n<p><strong>Piston Addict<\/strong> si po potrebi pridr\u017euje pravico, da se vpra\u0161a o civilni in\/ali kazenski odgovornosti uporabnika, zlasti v primeru rasisti\u010dnega, \u017ealjivega, obrekljivega ali pornografskega sporo\u010dila, ne glede na uporabljeni medij (besedilo, fotografija itd.).<\/p>\n<h2>&nbsp;<\/h2>\n<h2><strong>UPRAVLJANJE OSEBNIH PODATKOV<\/strong><\/h2>\n<p>V Franciji so osebni podatki za\u0161\u010diteni zlasti z zakonom \u0161t. 78-87 z dne 6. januarja 1978, zakonom \u0161t. 2004-801 z dne 6. avgusta 2004, \u010dlenom L. 226-13 kazenskega zakonika in evropsko direktivo z dne 24. oktobra 1995 ter Uredbo (EU) 2016\/679 Evropskega parlamenta in Sveta z dne 27. aprila 2016.<\/p>\n<p>Pri uporabi spletnega mesta https:\/\/www.pistonaddict.com se lahko zbirajo naslednji podatki: URL povezave, prek katere je uporabnik dostopil do spletnega mesta https:\/\/www.pistonaddict.com , uporabnikov ponudnik internetnih storitev, uporabnikov naslov internetnega protokola (IP).<\/p>\n<p>V vsakem primeru <strong>Piston Addict<\/strong> zbira osebne podatke, ki se nana\u0161ajo na uporabnika, samo za potrebe dolo\u010denih storitev, ki jih ponuja spletna stran https:\/\/www.pistonaddict.com.<\/p>\n<p>Uporabnik te informacije posreduje s polnim poznavanjem dejstev, zlasti kadar jih vnese sam. Uporabniku spletnega mesta https:\/\/www.pistonaddict.com se nato dolo\u010di, ali mora te informacije posredovati ali ne. V skladu z dolo\u010dbami 38. in naslednjih \u010dlenov zakona 78-17 z dne 6. januarja 1978 o obdelavi podatkov, datotekah in svobo\u0161\u010dinah ter dolo\u010dbami poglavja 3 Splo\u0161nih predpisov o varstvu podatkov imajo vsi uporabniki pravico do dostopa, popravka in ugovora v zvezi z osebnimi podatki, ki se nana\u0161ajo nanje, in sicer s pisno in podpisano zahtevo, ki ji je treba prilo\u017eiti kopijo osebnega dokumenta s podpisom imetnika dokumenta, z navedbo naslova, na katerega naj se po\u0161lje odgovor.<\/p>\n<p>Osebni podatki uporabnika spletnega mesta https:\/\/www.pistonaddict.com se brez vednosti uporabnika ne objavljajo, izmenjujejo, prena\u0161ajo, dodeljujejo ali prodajajo tretjim osebam na kakr\u0161nem koli mediju.<\/p>\n<p>Samo prevzem odkupa dru\u017ebe <strong>Piston Addict<\/strong> in njenih pravic bi omogo\u010dil prenos teh informacij potencialnemu kupcu, ki bi ga v zameno zavezovala enaka obveznost shranjevanja in spreminjanja podatkov v zvezi z uporabnikom spletnega mesta. https:\/\/www.pistonaddict.com.<\/p>\n<p>Spletna stran ni prijavljena CNIL, ker ne zbira osebnih podatkov brez privolitve zadevnih oseb. Podatkovne zbirke so za\u0161\u010ditene z dolo\u010dbami zakona z dne 1. julija 1998, ki prena\u0161a Direktivo 96\/9 z dne 11. marca 1996 o pravnem varstvu podatkovnih zbirk.<\/p>\n<p><span lang=\"en\">Za uveljavljanje pravic v zvezi z va\u0161imi osebnimi podatki ali v primeru vpra\u0161anj v zvezi z njimi se lahko obrnete na na\u0161o poobla\u0161\u010deno osebo za varstvo podatkov na naslednjem naslovu: dpo@pistonaddict.com.<\/span><\/p>\n<h2>&nbsp;<\/h2>\n<h2><strong>HIPERTEKSTNE POVEZAVE IN PI\u0160KOTKI<\/strong><\/h2>\n<p>Spletna stran https:\/\/www.pistonaddict.com vsebuje dolo\u010deno \u0161tevilo hipertekstnih povezav do drugih spletnih strani, ki so bile vzpostavljene z dovoljenjem dru\u017ebe <strong>Piston Addict<\/strong>. Vendar <strong>Piston Addict<\/strong> nima mo\u017enosti preverjanja vsebine tako obiskanih spletnih strani, zato za to ne prevzema nobene odgovornosti.<\/p>\n<p>Brskanje po spletnem mestu https:\/\/www.pistonaddict.com bo verjetno povzro\u010dilo namestitev pi\u0161kotkov na uporabnikov ra\u010dunalnik. Pi\u0161kotek je majhna datoteka, ki ne omogo\u010da identifikacije uporabnika, vendar bele\u017ei informacije v zvezi z navigacijo ra\u010dunalnika po spletnem mestu.<\/p>\n<p>Tako pridobljeni podatki so namenjeni la\u017eji nadaljnji navigaciji po spletnem mestu in omogo\u010dajo tudi razli\u010dne meritve obiskanosti.<\/p>\n<p>Zavrnitev namestitve pi\u0161kotka lahko onemogo\u010di dostop do nekaterih storitev. Vendar lahko uporabnik svoj ra\u010dunalnik nastavi tako, da zavrne namestitev pi\u0161kotkov:<\/p>\n<ul>\n<li>V brskalniku Internet Explorer: zavihek Orodje (piktogram v obliki zobnika zgoraj desno) \/ Internetne mo\u017enosti. Kliknite Zasebnost in izberite mo\u017enost Blokiraj vse pi\u0161kotke. Potrdi na Ok.<\/li>\n<li>V brskalniku Firefox: na vrhu okna brskalnika kliknite gumb Firefox in nato odprite zavihek Mo\u017enosti. Kliknite zavihek Zasebnost. Pravila shranjevanja nastavite na: uporabite nastavitve po meri za zgodovino. Nazadnje ga odstranite, da onemogo\u010dite pi\u0161kotke.<\/li>\n<li>Pod Safarijem: V brskalniku Safari kliknite na ikono menija v zgornjem desnem kotu (simbolizira jo zobnik). Izberite Nastavitve. Kliknite Prika\u017ei napredne nastavitve. V razdelku Zasebnost kliknite na Nastavitve vsebine. V razdelku &#8220;Pi\u0161kotki&#8221; lahko blokirate pi\u0161kotke.<\/li>\n<li>V brskalniku Chrome: V brskalniku Chrome kliknite desno zgoraj na ikono menija (ki jo simbolizirajo tri vodoravne \u010drte). Izberite Nastavitve. Kliknite Prika\u017ei napredne nastavitve. V razdelku Zasebnost kliknite nastavitve. V zavihku Zasebnost lahko blokirate pi\u0161kotke.<\/li>\n<\/ul>\n<h2>&nbsp;<\/h2>\n<h2><strong>PRAVO, KI SE UPORABLJA, IN DOLO\u010cITEV PRISTOJNOSTI<\/strong><\/h2>\n<p>Za vse spore v zvezi z uporabo spletnega mesta https:\/\/www.pistonaddict.com velja \u0161vicarsko pravo. Izklju\u010dno pristojna so pristojna sodi\u0161\u010da v \u017denevi.<\/p>\n<h2>&nbsp;<\/h2>\n<h2><strong>GLAVNI ZADEVNI ZAKONI<\/strong><\/h2>\n<p>Zakon \u0161t. 78-87 z dne 6. januarja 1978, zlasti spremenjen z zakonom \u0161t. 2004-801 z dne 6. avgusta 2004 o obdelavi podatkov, datotekah in svobo\u0161\u010dinah. Zakon \u0161t. 2004-575 z dne 21. junija 2004 o zaupanju v digitalno gospodarstvo. oddelki 2, 3, 4 in 5 poglavja 3 Splo\u0161ne uredbe o varstvu podatkov.<\/p>\n<h2>&nbsp;<\/h2>\n<h2><strong>LEXICON<\/strong><\/h2>\n<p>Uporabnik: internetni uporabnik, ki se povezuje in uporablja zgoraj navedeno spletno mesto.<\/p>\n<p>Osebni podatki: Osebni podatki: &#8220;podatki, ki v kakr\u0161ni koli obliki neposredno ali posredno omogo\u010dajo identifikacijo fizi\u010dnih oseb, na katere se nana\u0161ajo&#8221; (\u010dlen 4 zakona \u0161t. 78-17 z dne 6. januarja 1978).<\/p>\n<h2>&nbsp;<\/h2>\n<h2>AVTORSKE PRAVICE<\/h2>\n<p><a title=\"klju\u010dne ikone\" href=\"https:\/\/www.flaticon.com\/free-icons\/key\">Klju\u010dne ikone, ki jih je ustvaril Good Ware &#8211; Flaticon<br><\/a><\/p>\n<p><strong>Piston Addict<\/strong> je registrirana blagovna znamka, vse pravice pridr\u017eane.<\/p>\t\t\t\t\t\t<\/div>\n\t\t\t\t<\/div>\n\t\t\t\t\t<\/div>\n\t\t<\/div>\n\t\t\t\t\t<\/div>\n\t\t<\/section>\n\t\t\t\t<\/div>\n\t\t","protected":false},"excerpt":{"rendered":"<p>PREDSTAVITEV SPLETNEGA MESTA V skladu s 6. \u010dlenom zakona \u0161t. 2004-575 z dne 21. junija 2004 o zaupanju v digitalno gospodarstvo in ob uporabi Splo\u0161ne uredbe o varstvu podatkov [Uredba (EU) 2016\/679] je uporabnikom spletnega mesta: https:\/\/www.pistonaddict.com dolo\u010dena identiteta razli\u010dnih dele\u017enikov v okviru njegovega izvajanja in spremljanja. Lastnik: Piston Addict SA SA z osnovnim kapitalom &#8230; <a title=\"Pravno obvestilo\" class=\"read-more\" href=\"https:\/\/pistonaddict.com\/sl\/pravno-obvestilo\/\">Preberi ve\u010d<span class=\"screen-reader-text\">Pravno obvestilo<\/span><\/a><\/p>\n","protected":false},"author":1,"featured_media":0,"parent":0,"menu_order":0,"comment_status":"closed","ping_status":"closed","template":"","meta":{"inline_featured_image":false,"footnotes":""},"acf":[],"yoast_head":"<!-- This site is optimized with the Yoast SEO plugin v22.5 - https:\/\/yoast.com\/wordpress\/plugins\/seo\/ -->\n<title>Pravno obvestilo - ime Piston Addict<\/title>\n<meta name=\"robots\" content=\"index, follow, max-snippet:-1, max-image-preview:large, max-video-preview:-1\" \/>\n<link rel=\"canonical\" href=\"https:\/\/pistonaddict.com\/sl\/pravno-obvestilo\/\" \/>\n<meta property=\"og:locale\" content=\"sl_SI\" \/>\n<meta property=\"og:type\" content=\"article\" \/>\n<meta property=\"og:title\" content=\"Pravno obvestilo - ime Piston Addict\" \/>\n<meta property=\"og:description\" content=\"PREDSTAVITEV SPLETNEGA MESTA V skladu s 6. \u010dlenom zakona \u0161t. 2004-575 z dne 21. junija 2004 o zaupanju v digitalno gospodarstvo in ob uporabi Splo\u0161ne uredbe o varstvu podatkov [Uredba (EU) 2016\/679] je uporabnikom spletnega mesta: https:\/\/www.pistonaddict.com dolo\u010dena identiteta razli\u010dnih dele\u017enikov v okviru njegovega izvajanja in spremljanja. Lastnik: Piston Addict SA SA z osnovnim kapitalom ... Preberi ve\u010dPravno obvestilo\" \/>\n<meta property=\"og:url\" content=\"https:\/\/pistonaddict.com\/sl\/pravno-obvestilo\/\" \/>\n<meta property=\"og:site_name\" content=\"Piston Addict\" \/>\n<meta property=\"article:modified_time\" content=\"2024-10-26T06:17:36+00:00\" \/>\n<meta name=\"twitter:card\" content=\"summary_large_image\" \/>\n<meta name=\"twitter:label1\" content=\"Est. reading time\" \/>\n\t<meta name=\"twitter:data1\" content=\"7 minut\" \/>\n<script type=\"application\/ld+json\" class=\"yoast-schema-graph\">{\"@context\":\"https:\/\/schema.org\",\"@graph\":[{\"@type\":\"WebPage\",\"@id\":\"https:\/\/pistonaddict.com\/sl\/pravno-obvestilo\/\",\"url\":\"https:\/\/pistonaddict.com\/sl\/pravno-obvestilo\/\",\"name\":\"Pravno obvestilo - ime Piston Addict\",\"isPartOf\":{\"@id\":\"https:\/\/pistonaddict.com\/sl\/#website\"},\"datePublished\":\"2022-04-29T09:18:33+00:00\",\"dateModified\":\"2024-10-26T06:17:36+00:00\",\"breadcrumb\":{\"@id\":\"https:\/\/pistonaddict.com\/sl\/pravno-obvestilo\/#breadcrumb\"},\"inLanguage\":\"sl-SI\",\"potentialAction\":[{\"@type\":\"ReadAction\",\"target\":[\"https:\/\/pistonaddict.com\/sl\/pravno-obvestilo\/\"]}]},{\"@type\":\"BreadcrumbList\",\"@id\":\"https:\/\/pistonaddict.com\/sl\/pravno-obvestilo\/#breadcrumb\",\"itemListElement\":[{\"@type\":\"ListItem\",\"position\":1,\"name\":\"Doma\u010da stran\",\"item\":\"https:\/\/pistonaddict.com\/sl\/domaca-stran-2\/\"},{\"@type\":\"ListItem\",\"position\":2,\"name\":\"Pravno obvestilo\"}]},{\"@type\":\"WebSite\",\"@id\":\"https:\/\/pistonaddict.com\/sl\/#website\",\"url\":\"https:\/\/pistonaddict.com\/sl\/\",\"name\":\"Piston Addict\",\"description\":\"Only interesting vehicles\",\"publisher\":{\"@id\":\"https:\/\/pistonaddict.com\/sl\/#organization\"},\"potentialAction\":[{\"@type\":\"SearchAction\",\"target\":{\"@type\":\"EntryPoint\",\"urlTemplate\":\"https:\/\/pistonaddict.com\/sl\/?s={search_term_string}\"},\"query-input\":\"required name=search_term_string\"}],\"inLanguage\":\"sl-SI\"},{\"@type\":\"Organization\",\"@id\":\"https:\/\/pistonaddict.com\/sl\/#organization\",\"name\":\"Piston Addict\",\"url\":\"https:\/\/pistonaddict.com\/sl\/\",\"logo\":{\"@type\":\"ImageObject\",\"inLanguage\":\"sl-SI\",\"@id\":\"https:\/\/pistonaddict.com\/sl\/#\/schema\/logo\/image\/\",\"url\":\"https:\/\/pistonaddict.com\/wp-content\/uploads\/2022\/07\/logo-6.png\",\"contentUrl\":\"https:\/\/pistonaddict.com\/wp-content\/uploads\/2022\/07\/logo-6.png\",\"width\":970,\"height\":200,\"caption\":\"Piston Addict\"},\"image\":{\"@id\":\"https:\/\/pistonaddict.com\/sl\/#\/schema\/logo\/image\/\"}}]}<\/script>\n<!-- \/ Yoast SEO plugin. -->","yoast_head_json":{"title":"Pravno obvestilo - ime Piston Addict","robots":{"index":"index","follow":"follow","max-snippet":"max-snippet:-1","max-image-preview":"max-image-preview:large","max-video-preview":"max-video-preview:-1"},"canonical":"https:\/\/pistonaddict.com\/sl\/pravno-obvestilo\/","og_locale":"sl_SI","og_type":"article","og_title":"Pravno obvestilo - ime Piston Addict","og_description":"PREDSTAVITEV SPLETNEGA MESTA V skladu s 6. \u010dlenom zakona \u0161t. 2004-575 z dne 21. junija 2004 o zaupanju v digitalno gospodarstvo in ob uporabi Splo\u0161ne uredbe o varstvu podatkov [Uredba (EU) 2016\/679] je uporabnikom spletnega mesta: https:\/\/www.pistonaddict.com dolo\u010dena identiteta razli\u010dnih dele\u017enikov v okviru njegovega izvajanja in spremljanja. Lastnik: Piston Addict SA SA z osnovnim kapitalom ... Preberi ve\u010dPravno obvestilo","og_url":"https:\/\/pistonaddict.com\/sl\/pravno-obvestilo\/","og_site_name":"Piston Addict","article_modified_time":"2024-10-26T06:17:36+00:00","twitter_card":"summary_large_image","twitter_misc":{"Est. reading time":"7 minut"},"schema":{"@context":"https:\/\/schema.org","@graph":[{"@type":"WebPage","@id":"https:\/\/pistonaddict.com\/sl\/pravno-obvestilo\/","url":"https:\/\/pistonaddict.com\/sl\/pravno-obvestilo\/","name":"Pravno obvestilo - ime Piston Addict","isPartOf":{"@id":"https:\/\/pistonaddict.com\/sl\/#website"},"datePublished":"2022-04-29T09:18:33+00:00","dateModified":"2024-10-26T06:17:36+00:00","breadcrumb":{"@id":"https:\/\/pistonaddict.com\/sl\/pravno-obvestilo\/#breadcrumb"},"inLanguage":"sl-SI","potentialAction":[{"@type":"ReadAction","target":["https:\/\/pistonaddict.com\/sl\/pravno-obvestilo\/"]}]},{"@type":"BreadcrumbList","@id":"https:\/\/pistonaddict.com\/sl\/pravno-obvestilo\/#breadcrumb","itemListElement":[{"@type":"ListItem","position":1,"name":"Doma\u010da stran","item":"https:\/\/pistonaddict.com\/sl\/domaca-stran-2\/"},{"@type":"ListItem","position":2,"name":"Pravno obvestilo"}]},{"@type":"WebSite","@id":"https:\/\/pistonaddict.com\/sl\/#website","url":"https:\/\/pistonaddict.com\/sl\/","name":"Piston Addict","description":"Only interesting vehicles","publisher":{"@id":"https:\/\/pistonaddict.com\/sl\/#organization"},"potentialAction":[{"@type":"SearchAction","target":{"@type":"EntryPoint","urlTemplate":"https:\/\/pistonaddict.com\/sl\/?s={search_term_string}"},"query-input":"required name=search_term_string"}],"inLanguage":"sl-SI"},{"@type":"Organization","@id":"https:\/\/pistonaddict.com\/sl\/#organization","name":"Piston Addict","url":"https:\/\/pistonaddict.com\/sl\/","logo":{"@type":"ImageObject","inLanguage":"sl-SI","@id":"https:\/\/pistonaddict.com\/sl\/#\/schema\/logo\/image\/","url":"https:\/\/pistonaddict.com\/wp-content\/uploads\/2022\/07\/logo-6.png","contentUrl":"https:\/\/pistonaddict.com\/wp-content\/uploads\/2022\/07\/logo-6.png","width":970,"height":200,"caption":"Piston Addict"},"image":{"@id":"https:\/\/pistonaddict.com\/sl\/#\/schema\/logo\/image\/"}}]}},"_links":{"self":[{"href":"https:\/\/pistonaddict.com\/sl\/wp-json\/wp\/v2\/pages\/2854"}],"collection":[{"href":"https:\/\/pistonaddict.com\/sl\/wp-json\/wp\/v2\/pages"}],"about":[{"href":"https:\/\/pistonaddict.com\/sl\/wp-json\/wp\/v2\/types\/page"}],"author":[{"embeddable":true,"href":"https:\/\/pistonaddict.com\/sl\/wp-json\/wp\/v2\/users\/1"}],"replies":[{"embeddable":true,"href":"https:\/\/pistonaddict.com\/sl\/wp-json\/wp\/v2\/comments?post=2854"}],"version-history":[{"count":15,"href":"https:\/\/pistonaddict.com\/sl\/wp-json\/wp\/v2\/pages\/2854\/revisions"}],"predecessor-version":[{"id":111608,"href":"https:\/\/pistonaddict.com\/sl\/wp-json\/wp\/v2\/pages\/2854\/revisions\/111608"}],"wp:attachment":[{"href":"https:\/\/pistonaddict.com\/sl\/wp-json\/wp\/v2\/media?parent=2854"}],"curies":[{"name":"wp","href":"https:\/\/api.w.org\/{rel}","templated":true}]}}