{"id":22676,"date":"2022-04-20T13:00:00","date_gmt":"2022-04-20T11:00:00","guid":{"rendered":"https:\/\/pistonaddict.com\/prevleke\/"},"modified":"2023-01-04T12:23:05","modified_gmt":"2023-01-04T11:23:05","slug":"prevleke","status":"publish","type":"page","link":"https:\/\/pistonaddict.com\/sl\/prevleke\/","title":{"rendered":"Prevleke"},"content":{"rendered":"\t\t<div data-elementor-type=\"wp-page\" data-elementor-id=\"22676\" class=\"elementor elementor-22676 elementor-19002\">\n\t\t\t\t\t\t<section class=\"elementor-section elementor-top-section elementor-element elementor-element-3668bb8 elementor-section-full_width elementor-section-content-middle banniere-page elementor-section-height-default elementor-section-height-default\" data-id=\"3668bb8\" data-element_type=\"section\" data-settings=\"{&quot;background_background&quot;:&quot;classic&quot;}\">\n\t\t\t\t\t\t<div class=\"elementor-container elementor-column-gap-default\">\n\t\t\t\t\t<div class=\"elementor-column elementor-col-100 elementor-top-column elementor-element elementor-element-b2088b2\" data-id=\"b2088b2\" data-element_type=\"column\">\n\t\t\t<div class=\"elementor-widget-wrap elementor-element-populated\">\n\t\t\t\t\t\t<div class=\"elementor-element elementor-element-26e06c0 elementor-widget elementor-widget-heading\" data-id=\"26e06c0\" data-element_type=\"widget\" data-widget_type=\"heading.default\">\n\t\t\t\t<div class=\"elementor-widget-container\">\n\t\t\t<style>\/*! elementor - v3.21.0 - 18-04-2024 *\/\n.elementor-heading-title{padding:0;margin:0;line-height:1}.elementor-widget-heading .elementor-heading-title[class*=elementor-size-]>a{color:inherit;font-size:inherit;line-height:inherit}.elementor-widget-heading .elementor-heading-title.elementor-size-small{font-size:15px}.elementor-widget-heading .elementor-heading-title.elementor-size-medium{font-size:19px}.elementor-widget-heading .elementor-heading-title.elementor-size-large{font-size:29px}.elementor-widget-heading .elementor-heading-title.elementor-size-xl{font-size:39px}.elementor-widget-heading .elementor-heading-title.elementor-size-xxl{font-size:59px}<\/style><h1 class=\"elementor-heading-title elementor-size-default\">O podjetju Piston Addict<\/h1>\t\t<\/div>\n\t\t\t\t<\/div>\n\t\t\t\t\t<\/div>\n\t\t<\/div>\n\t\t\t\t\t<\/div>\n\t\t<\/section>\n\t\t\t\t<section class=\"elementor-section elementor-top-section elementor-element elementor-element-62ecd00 elementor-section-full_width descs elementor-section-height-default elementor-section-height-default\" data-id=\"62ecd00\" data-element_type=\"section\">\n\t\t\t\t\t\t<div class=\"elementor-container elementor-column-gap-default\">\n\t\t\t\t\t<div class=\"elementor-column elementor-col-100 elementor-top-column elementor-element elementor-element-cae2e10\" data-id=\"cae2e10\" data-element_type=\"column\">\n\t\t\t<div class=\"elementor-widget-wrap elementor-element-populated\">\n\t\t\t\t\t\t<div class=\"elementor-element elementor-element-174bee4 elementor-widget elementor-widget-text-editor\" data-id=\"174bee4\" data-element_type=\"widget\" data-widget_type=\"text-editor.default\">\n\t\t\t\t<div class=\"elementor-widget-container\">\n\t\t\t<style>\/*! elementor - v3.21.0 - 18-04-2024 *\/\n.elementor-widget-text-editor.elementor-drop-cap-view-stacked .elementor-drop-cap{background-color:#69727d;color:#fff}.elementor-widget-text-editor.elementor-drop-cap-view-framed .elementor-drop-cap{color:#69727d;border:3px solid;background-color:transparent}.elementor-widget-text-editor:not(.elementor-drop-cap-view-default) .elementor-drop-cap{margin-top:8px}.elementor-widget-text-editor:not(.elementor-drop-cap-view-default) .elementor-drop-cap-letter{width:1em;height:1em}.elementor-widget-text-editor .elementor-drop-cap{float:left;text-align:center;line-height:1;font-size:50px}.elementor-widget-text-editor .elementor-drop-cap-letter{display:inline-block}<\/style>\t\t\t\t<\/p>\n<h2>Na\u0161a zgodovina<\/h2>\n<p>Piston Addict je spletna dra\u017ebena platforma, specializirana za izjemna vozila.  <\/p>\n<p>\u017de od malih nog smo avtomobilski navdu\u0161enci, zato nam je bilo pomembno, da prodajo in nakup avtomobilov in motociklov naredimo bolj dostopno ter vam omogo\u010dimo prodajo ali nakup vozila, ne glede na to, kje se nahajate. na\u0161li ste.<\/p>\n<p>Piston Addict se je rodil z \u017eeljo, da bi revolucionarno spremenil trg rabljenih vozil na najpreprostej\u0161i, najbolj teko\u010d in pregleden na\u010din: za nakup in prodajo zanimivih vozil potrebujete le en klik ali dra\u017ebo. navdu\u0161encev.<\/p>\n<h2> <\/h2>\n<h2>Kako delujemo<\/h2>\n<p>Piston Addict na novo izumlja na\u010din prodaje ali nakupa klasi\u010dnih, zbirateljskih in entuziasti\u010dnih vozil.<\/p>\n<p>Vsako predlo\u017eeno vozilo preu\u010dimo z najve\u010djo pozornostjo: pri podjetju Piston Addict najdete ekipo navdu\u0161encev, ki so strokovnjaki za stare ali sodobne avtomobile.<\/p>\n<p>Na\u0161e dra\u017ebe ponujajo popolno preglednost, obse\u017enej\u0161e ponudbe in pravi\u010dnej\u0161e pristojbine v primerjavi s tradicionalnimi platformami. Izbiramo najrazli\u010dnej\u0161e znamke, modele in tipe vozil: \u017eelimo si ogledati \u010dim ve\u010d razli\u010dic!<\/p>\n\t\t\t\t\t\t<\/div>\n\t\t\t\t<\/div>\n\t\t\t\t\t<\/div>\n\t\t<\/div>\n\t\t\t\t\t<\/div>\n\t\t<\/section>\n\t\t\t\t<section class=\"elementor-section elementor-top-section elementor-element elementor-element-38f2e81 elementor-section-content-middle story elementor-section-boxed elementor-section-height-default elementor-section-height-default\" data-id=\"38f2e81\" data-element_type=\"section\" data-settings=\"{&quot;background_background&quot;:&quot;gradient&quot;}\">\n\t\t\t\t\t\t<div class=\"elementor-container elementor-column-gap-default\">\n\t\t\t\t\t<div class=\"elementor-column elementor-col-100 elementor-top-column elementor-element elementor-element-71b8e7e\" data-id=\"71b8e7e\" data-element_type=\"column\">\n\t\t\t<div class=\"elementor-widget-wrap elementor-element-populated\">\n\t\t\t\t\t\t<div class=\"elementor-element elementor-element-205cd4d elementor-widget elementor-widget-text-editor\" data-id=\"205cd4d\" data-element_type=\"widget\" data-widget_type=\"text-editor.default\">\n\t\t\t\t<div class=\"elementor-widget-container\">\n\t\t\t\t\t\t\t\n          <h3>Pri\u010devanje<\/h3>\n          <p>V\u0161e\u010d nam je, ko nam kupci in prodajalci pripovedujejo o dobrih izku\u0161njah, ki so jih imeli na na\u0161em spletnem mestu.<\/p>\n          <p>Po\u0161ljite nam svojo zgodbo o nakupu ali prodaji z nekaj zanimivimi fotografijami in objavili bomo va\u0161e pri\u010devanje.<\/p>\n          <p>\n            <a href=\"mailto:contact@pistonaddict.com\">Po\u0161ljite svoje pri\u010devanje<\/a>\n          <\/p>\n        \t\t\t\t\t\t<\/div>\n\t\t\t\t<\/div>\n\t\t\t\t\t<\/div>\n\t\t<\/div>\n\t\t\t\t\t<\/div>\n\t\t<\/section>\n\t\t\t\t<\/div>\n\t\t","protected":false},"excerpt":{"rendered":"<p>O podjetju Piston Addict Na\u0161a zgodovina Piston Addict je spletna dra\u017ebena platforma, specializirana za izjemna vozila. \u017de od malih nog smo avtomobilski navdu\u0161enci, zato nam je bilo pomembno, da prodajo in nakup avtomobilov in motociklov naredimo bolj dostopno ter vam omogo\u010dimo prodajo ali nakup vozila, ne glede na to, kje se nahajate. na\u0161li ste. Piston &#8230; <a title=\"Prevleke\" class=\"read-more\" href=\"https:\/\/pistonaddict.com\/sl\/prevleke\/\">Preberi ve\u010d<span class=\"screen-reader-text\">Prevleke<\/span><\/a><\/p>\n","protected":false},"author":1,"featured_media":0,"parent":0,"menu_order":0,"comment_status":"closed","ping_status":"closed","template":"","meta":{"inline_featured_image":false,"footnotes":""},"acf":[],"yoast_head":"<!-- This site is optimized with the Yoast SEO plugin v22.5 - https:\/\/yoast.com\/wordpress\/plugins\/seo\/ -->\n<title>Prevleke - ime Piston Addict<\/title>\n<meta name=\"robots\" content=\"index, follow, max-snippet:-1, max-image-preview:large, max-video-preview:-1\" \/>\n<link rel=\"canonical\" href=\"https:\/\/pistonaddict.com\/sl\/prevleke\/\" \/>\n<meta property=\"og:locale\" content=\"sl_SI\" \/>\n<meta property=\"og:type\" content=\"article\" \/>\n<meta property=\"og:title\" content=\"Prevleke - ime Piston Addict\" \/>\n<meta property=\"og:description\" content=\"O podjetju Piston Addict Na\u0161a zgodovina Piston Addict je spletna dra\u017ebena platforma, specializirana za izjemna vozila. \u017de od malih nog smo avtomobilski navdu\u0161enci, zato nam je bilo pomembno, da prodajo in nakup avtomobilov in motociklov naredimo bolj dostopno ter vam omogo\u010dimo prodajo ali nakup vozila, ne glede na to, kje se nahajate. na\u0161li ste. Piston ... Preberi ve\u010dPrevleke\" \/>\n<meta property=\"og:url\" content=\"https:\/\/pistonaddict.com\/sl\/prevleke\/\" \/>\n<meta property=\"og:site_name\" content=\"Piston Addict\" \/>\n<meta property=\"article:modified_time\" content=\"2023-01-04T11:23:05+00:00\" \/>\n<meta name=\"twitter:card\" content=\"summary_large_image\" \/>\n<meta name=\"twitter:label1\" content=\"Est. reading time\" \/>\n\t<meta name=\"twitter:data1\" content=\"1 minuta\" \/>\n<script type=\"application\/ld+json\" class=\"yoast-schema-graph\">{\"@context\":\"https:\/\/schema.org\",\"@graph\":[{\"@type\":\"WebPage\",\"@id\":\"https:\/\/pistonaddict.com\/sl\/prevleke\/\",\"url\":\"https:\/\/pistonaddict.com\/sl\/prevleke\/\",\"name\":\"Prevleke - ime Piston Addict\",\"isPartOf\":{\"@id\":\"https:\/\/pistonaddict.com\/sl\/#website\"},\"datePublished\":\"2022-04-20T11:00:00+00:00\",\"dateModified\":\"2023-01-04T11:23:05+00:00\",\"breadcrumb\":{\"@id\":\"https:\/\/pistonaddict.com\/sl\/prevleke\/#breadcrumb\"},\"inLanguage\":\"sl-SI\",\"potentialAction\":[{\"@type\":\"ReadAction\",\"target\":[\"https:\/\/pistonaddict.com\/sl\/prevleke\/\"]}]},{\"@type\":\"BreadcrumbList\",\"@id\":\"https:\/\/pistonaddict.com\/sl\/prevleke\/#breadcrumb\",\"itemListElement\":[{\"@type\":\"ListItem\",\"position\":1,\"name\":\"Doma\u010da stran\",\"item\":\"https:\/\/pistonaddict.com\/sl\/domaca-stran-2\/\"},{\"@type\":\"ListItem\",\"position\":2,\"name\":\"Prevleke\"}]},{\"@type\":\"WebSite\",\"@id\":\"https:\/\/pistonaddict.com\/sl\/#website\",\"url\":\"https:\/\/pistonaddict.com\/sl\/\",\"name\":\"Piston Addict\",\"description\":\"Only interesting vehicles\",\"publisher\":{\"@id\":\"https:\/\/pistonaddict.com\/sl\/#organization\"},\"potentialAction\":[{\"@type\":\"SearchAction\",\"target\":{\"@type\":\"EntryPoint\",\"urlTemplate\":\"https:\/\/pistonaddict.com\/sl\/?s={search_term_string}\"},\"query-input\":\"required name=search_term_string\"}],\"inLanguage\":\"sl-SI\"},{\"@type\":\"Organization\",\"@id\":\"https:\/\/pistonaddict.com\/sl\/#organization\",\"name\":\"Piston Addict\",\"url\":\"https:\/\/pistonaddict.com\/sl\/\",\"logo\":{\"@type\":\"ImageObject\",\"inLanguage\":\"sl-SI\",\"@id\":\"https:\/\/pistonaddict.com\/sl\/#\/schema\/logo\/image\/\",\"url\":\"https:\/\/pistonaddict.com\/wp-content\/uploads\/2022\/07\/logo-6.png\",\"contentUrl\":\"https:\/\/pistonaddict.com\/wp-content\/uploads\/2022\/07\/logo-6.png\",\"width\":970,\"height\":200,\"caption\":\"Piston Addict\"},\"image\":{\"@id\":\"https:\/\/pistonaddict.com\/sl\/#\/schema\/logo\/image\/\"}}]}<\/script>\n<!-- \/ Yoast SEO plugin. -->","yoast_head_json":{"title":"Prevleke - ime Piston Addict","robots":{"index":"index","follow":"follow","max-snippet":"max-snippet:-1","max-image-preview":"max-image-preview:large","max-video-preview":"max-video-preview:-1"},"canonical":"https:\/\/pistonaddict.com\/sl\/prevleke\/","og_locale":"sl_SI","og_type":"article","og_title":"Prevleke - ime Piston Addict","og_description":"O podjetju Piston Addict Na\u0161a zgodovina Piston Addict je spletna dra\u017ebena platforma, specializirana za izjemna vozila. \u017de od malih nog smo avtomobilski navdu\u0161enci, zato nam je bilo pomembno, da prodajo in nakup avtomobilov in motociklov naredimo bolj dostopno ter vam omogo\u010dimo prodajo ali nakup vozila, ne glede na to, kje se nahajate. na\u0161li ste. Piston ... Preberi ve\u010dPrevleke","og_url":"https:\/\/pistonaddict.com\/sl\/prevleke\/","og_site_name":"Piston Addict","article_modified_time":"2023-01-04T11:23:05+00:00","twitter_card":"summary_large_image","twitter_misc":{"Est. reading time":"1 minuta"},"schema":{"@context":"https:\/\/schema.org","@graph":[{"@type":"WebPage","@id":"https:\/\/pistonaddict.com\/sl\/prevleke\/","url":"https:\/\/pistonaddict.com\/sl\/prevleke\/","name":"Prevleke - ime Piston Addict","isPartOf":{"@id":"https:\/\/pistonaddict.com\/sl\/#website"},"datePublished":"2022-04-20T11:00:00+00:00","dateModified":"2023-01-04T11:23:05+00:00","breadcrumb":{"@id":"https:\/\/pistonaddict.com\/sl\/prevleke\/#breadcrumb"},"inLanguage":"sl-SI","potentialAction":[{"@type":"ReadAction","target":["https:\/\/pistonaddict.com\/sl\/prevleke\/"]}]},{"@type":"BreadcrumbList","@id":"https:\/\/pistonaddict.com\/sl\/prevleke\/#breadcrumb","itemListElement":[{"@type":"ListItem","position":1,"name":"Doma\u010da stran","item":"https:\/\/pistonaddict.com\/sl\/domaca-stran-2\/"},{"@type":"ListItem","position":2,"name":"Prevleke"}]},{"@type":"WebSite","@id":"https:\/\/pistonaddict.com\/sl\/#website","url":"https:\/\/pistonaddict.com\/sl\/","name":"Piston Addict","description":"Only interesting vehicles","publisher":{"@id":"https:\/\/pistonaddict.com\/sl\/#organization"},"potentialAction":[{"@type":"SearchAction","target":{"@type":"EntryPoint","urlTemplate":"https:\/\/pistonaddict.com\/sl\/?s={search_term_string}"},"query-input":"required name=search_term_string"}],"inLanguage":"sl-SI"},{"@type":"Organization","@id":"https:\/\/pistonaddict.com\/sl\/#organization","name":"Piston Addict","url":"https:\/\/pistonaddict.com\/sl\/","logo":{"@type":"ImageObject","inLanguage":"sl-SI","@id":"https:\/\/pistonaddict.com\/sl\/#\/schema\/logo\/image\/","url":"https:\/\/pistonaddict.com\/wp-content\/uploads\/2022\/07\/logo-6.png","contentUrl":"https:\/\/pistonaddict.com\/wp-content\/uploads\/2022\/07\/logo-6.png","width":970,"height":200,"caption":"Piston Addict"},"image":{"@id":"https:\/\/pistonaddict.com\/sl\/#\/schema\/logo\/image\/"}}]}},"_links":{"self":[{"href":"https:\/\/pistonaddict.com\/sl\/wp-json\/wp\/v2\/pages\/22676"}],"collection":[{"href":"https:\/\/pistonaddict.com\/sl\/wp-json\/wp\/v2\/pages"}],"about":[{"href":"https:\/\/pistonaddict.com\/sl\/wp-json\/wp\/v2\/types\/page"}],"author":[{"embeddable":true,"href":"https:\/\/pistonaddict.com\/sl\/wp-json\/wp\/v2\/users\/1"}],"replies":[{"embeddable":true,"href":"https:\/\/pistonaddict.com\/sl\/wp-json\/wp\/v2\/comments?post=22676"}],"version-history":[{"count":1,"href":"https:\/\/pistonaddict.com\/sl\/wp-json\/wp\/v2\/pages\/22676\/revisions"}],"predecessor-version":[{"id":22678,"href":"https:\/\/pistonaddict.com\/sl\/wp-json\/wp\/v2\/pages\/22676\/revisions\/22678"}],"wp:attachment":[{"href":"https:\/\/pistonaddict.com\/sl\/wp-json\/wp\/v2\/media?parent=22676"}],"curies":[{"name":"wp","href":"https:\/\/api.w.org\/{rel}","templated":true}]}}