{"id":1997,"date":"2022-04-13T10:38:14","date_gmt":"2022-04-13T08:38:14","guid":{"rendered":"https:\/\/pistonaddict.com\/vzorcna-stran\/"},"modified":"2022-05-04T18:00:05","modified_gmt":"2022-05-04T16:00:05","slug":"vzorcna-stran","status":"publish","type":"page","link":"https:\/\/pistonaddict.com\/sl\/vzorcna-stran\/","title":{"rendered":"Vzor\u010dna stran"},"content":{"rendered":"\n<p>To je primer strani. Razlikuje se od objave v spletnem dnevniku, ker bo ostal na enem mestu in bo prikazan v navigaciji va\u0161ega spletnega mesta (v ve\u010dini tem). Ve\u010dina ljudi za\u010dne s stranjo \u00bbVizitka\u00ab, ki jih predstavi ljudem, ki obi\u0161\u010dejo spletno mesto. Lahko bi izgledalo nekako takole:<\/p>\n\n<blockquote class=\"wp-block-quote\"><p>Dobro jutro ! Sem mehanik, ki si prizadeva postati igralec, in to je moja stran. \u017divim v Bordeauxu, imam odli\u010dnega psa po imenu Russell in obo\u017eujem vodko (pa tudi, da me preseneti nenaden de\u017e med dolgimi sprehodi po pla\u017ei ob son\u010dnem zahodu).<\/p><\/blockquote>\n\n<p>&#8230;ali nekaj takega:<\/p>\n\n<blockquote class=\"wp-block-quote\"><p>Podjetje 123 Machin Truc je bilo ustanovljeno leta 1971 in od takrat javnosti ponuja kakovostne pripomo\u010dke. 123 Machin Truc, ki se nahaja v Saint-Remy-en-Bouzemont-Saint-Genest-et-Isson, zaposluje 2000 ljudi in izdeluje vse vrste odli\u010dnih pripomo\u010dkov za skupnost Bouzemont.<\/p><\/blockquote>\n\n<p>Kot nov uporabnik WordPressa bi morali iti na <a href=\"https:\/\/pistonaddict.com\/wp-admin\/\">svojo nadzorno plo\u0161\u010do<\/a> , da izbri\u0161ete to stran in ustvarite nove strani za svojo vsebino. Zabavaj se !<\/p>\n","protected":false},"excerpt":{"rendered":"<p>To je primer strani. Razlikuje se od objave v spletnem dnevniku, ker bo ostal na enem mestu in bo prikazan v navigaciji va\u0161ega spletnega mesta (v ve\u010dini tem). Ve\u010dina ljudi za\u010dne s stranjo \u00bbVizitka\u00ab, ki jih predstavi ljudem, ki obi\u0161\u010dejo spletno mesto. Lahko bi izgledalo nekako takole: Dobro jutro ! Sem mehanik, ki si prizadeva &#8230; <a title=\"Vzor\u010dna stran\" class=\"read-more\" href=\"https:\/\/pistonaddict.com\/sl\/vzorcna-stran\/\">Preberi ve\u010d<span class=\"screen-reader-text\">Vzor\u010dna stran<\/span><\/a><\/p>\n","protected":false},"author":1,"featured_media":0,"parent":0,"menu_order":0,"comment_status":"closed","ping_status":"closed","template":"","meta":{"inline_featured_image":false,"footnotes":""},"acf":[],"yoast_head":"<!-- This site is optimized with the Yoast SEO plugin v22.5 - https:\/\/yoast.com\/wordpress\/plugins\/seo\/ -->\n<title>Vzor\u010dna stran - ime Piston Addict<\/title>\n<meta name=\"robots\" content=\"index, follow, max-snippet:-1, max-image-preview:large, max-video-preview:-1\" \/>\n<link rel=\"canonical\" href=\"https:\/\/pistonaddict.com\/sl\/vzorcna-stran\/\" \/>\n<meta property=\"og:locale\" content=\"sl_SI\" \/>\n<meta property=\"og:type\" content=\"article\" \/>\n<meta property=\"og:title\" content=\"Vzor\u010dna stran - ime Piston Addict\" \/>\n<meta property=\"og:description\" content=\"To je primer strani. Razlikuje se od objave v spletnem dnevniku, ker bo ostal na enem mestu in bo prikazan v navigaciji va\u0161ega spletnega mesta (v ve\u010dini tem). Ve\u010dina ljudi za\u010dne s stranjo \u00bbVizitka\u00ab, ki jih predstavi ljudem, ki obi\u0161\u010dejo spletno mesto. Lahko bi izgledalo nekako takole: Dobro jutro ! Sem mehanik, ki si prizadeva ... Preberi ve\u010dVzor\u010dna stran\" \/>\n<meta property=\"og:url\" content=\"https:\/\/pistonaddict.com\/sl\/vzorcna-stran\/\" \/>\n<meta property=\"og:site_name\" content=\"Piston Addict\" \/>\n<meta property=\"article:modified_time\" content=\"2022-05-04T16:00:05+00:00\" \/>\n<meta name=\"twitter:card\" content=\"summary_large_image\" \/>\n<meta name=\"twitter:label1\" content=\"Est. reading time\" \/>\n\t<meta name=\"twitter:data1\" content=\"1 minuta\" \/>\n<script type=\"application\/ld+json\" class=\"yoast-schema-graph\">{\"@context\":\"https:\/\/schema.org\",\"@graph\":[{\"@type\":\"WebPage\",\"@id\":\"https:\/\/pistonaddict.com\/sl\/vzorcna-stran\/\",\"url\":\"https:\/\/pistonaddict.com\/sl\/vzorcna-stran\/\",\"name\":\"Vzor\u010dna stran - ime Piston Addict\",\"isPartOf\":{\"@id\":\"https:\/\/pistonaddict.com\/sl\/#website\"},\"datePublished\":\"2022-04-13T08:38:14+00:00\",\"dateModified\":\"2022-05-04T16:00:05+00:00\",\"breadcrumb\":{\"@id\":\"https:\/\/pistonaddict.com\/sl\/vzorcna-stran\/#breadcrumb\"},\"inLanguage\":\"sl-SI\",\"potentialAction\":[{\"@type\":\"ReadAction\",\"target\":[\"https:\/\/pistonaddict.com\/sl\/vzorcna-stran\/\"]}]},{\"@type\":\"BreadcrumbList\",\"@id\":\"https:\/\/pistonaddict.com\/sl\/vzorcna-stran\/#breadcrumb\",\"itemListElement\":[{\"@type\":\"ListItem\",\"position\":1,\"name\":\"Doma\u010da stran\",\"item\":\"https:\/\/pistonaddict.com\/sl\/domaca-stran-2\/\"},{\"@type\":\"ListItem\",\"position\":2,\"name\":\"Vzor\u010dna stran\"}]},{\"@type\":\"WebSite\",\"@id\":\"https:\/\/pistonaddict.com\/sl\/#website\",\"url\":\"https:\/\/pistonaddict.com\/sl\/\",\"name\":\"Piston Addict\",\"description\":\"Only interesting vehicles\",\"publisher\":{\"@id\":\"https:\/\/pistonaddict.com\/sl\/#organization\"},\"potentialAction\":[{\"@type\":\"SearchAction\",\"target\":{\"@type\":\"EntryPoint\",\"urlTemplate\":\"https:\/\/pistonaddict.com\/sl\/?s={search_term_string}\"},\"query-input\":\"required name=search_term_string\"}],\"inLanguage\":\"sl-SI\"},{\"@type\":\"Organization\",\"@id\":\"https:\/\/pistonaddict.com\/sl\/#organization\",\"name\":\"Piston Addict\",\"url\":\"https:\/\/pistonaddict.com\/sl\/\",\"logo\":{\"@type\":\"ImageObject\",\"inLanguage\":\"sl-SI\",\"@id\":\"https:\/\/pistonaddict.com\/sl\/#\/schema\/logo\/image\/\",\"url\":\"https:\/\/pistonaddict.com\/wp-content\/uploads\/2022\/07\/logo-6.png\",\"contentUrl\":\"https:\/\/pistonaddict.com\/wp-content\/uploads\/2022\/07\/logo-6.png\",\"width\":970,\"height\":200,\"caption\":\"Piston Addict\"},\"image\":{\"@id\":\"https:\/\/pistonaddict.com\/sl\/#\/schema\/logo\/image\/\"}}]}<\/script>\n<!-- \/ Yoast SEO plugin. -->","yoast_head_json":{"title":"Vzor\u010dna stran - ime Piston Addict","robots":{"index":"index","follow":"follow","max-snippet":"max-snippet:-1","max-image-preview":"max-image-preview:large","max-video-preview":"max-video-preview:-1"},"canonical":"https:\/\/pistonaddict.com\/sl\/vzorcna-stran\/","og_locale":"sl_SI","og_type":"article","og_title":"Vzor\u010dna stran - ime Piston Addict","og_description":"To je primer strani. Razlikuje se od objave v spletnem dnevniku, ker bo ostal na enem mestu in bo prikazan v navigaciji va\u0161ega spletnega mesta (v ve\u010dini tem). Ve\u010dina ljudi za\u010dne s stranjo \u00bbVizitka\u00ab, ki jih predstavi ljudem, ki obi\u0161\u010dejo spletno mesto. Lahko bi izgledalo nekako takole: Dobro jutro ! Sem mehanik, ki si prizadeva ... Preberi ve\u010dVzor\u010dna stran","og_url":"https:\/\/pistonaddict.com\/sl\/vzorcna-stran\/","og_site_name":"Piston Addict","article_modified_time":"2022-05-04T16:00:05+00:00","twitter_card":"summary_large_image","twitter_misc":{"Est. reading time":"1 minuta"},"schema":{"@context":"https:\/\/schema.org","@graph":[{"@type":"WebPage","@id":"https:\/\/pistonaddict.com\/sl\/vzorcna-stran\/","url":"https:\/\/pistonaddict.com\/sl\/vzorcna-stran\/","name":"Vzor\u010dna stran - ime Piston Addict","isPartOf":{"@id":"https:\/\/pistonaddict.com\/sl\/#website"},"datePublished":"2022-04-13T08:38:14+00:00","dateModified":"2022-05-04T16:00:05+00:00","breadcrumb":{"@id":"https:\/\/pistonaddict.com\/sl\/vzorcna-stran\/#breadcrumb"},"inLanguage":"sl-SI","potentialAction":[{"@type":"ReadAction","target":["https:\/\/pistonaddict.com\/sl\/vzorcna-stran\/"]}]},{"@type":"BreadcrumbList","@id":"https:\/\/pistonaddict.com\/sl\/vzorcna-stran\/#breadcrumb","itemListElement":[{"@type":"ListItem","position":1,"name":"Doma\u010da stran","item":"https:\/\/pistonaddict.com\/sl\/domaca-stran-2\/"},{"@type":"ListItem","position":2,"name":"Vzor\u010dna stran"}]},{"@type":"WebSite","@id":"https:\/\/pistonaddict.com\/sl\/#website","url":"https:\/\/pistonaddict.com\/sl\/","name":"Piston Addict","description":"Only interesting vehicles","publisher":{"@id":"https:\/\/pistonaddict.com\/sl\/#organization"},"potentialAction":[{"@type":"SearchAction","target":{"@type":"EntryPoint","urlTemplate":"https:\/\/pistonaddict.com\/sl\/?s={search_term_string}"},"query-input":"required name=search_term_string"}],"inLanguage":"sl-SI"},{"@type":"Organization","@id":"https:\/\/pistonaddict.com\/sl\/#organization","name":"Piston Addict","url":"https:\/\/pistonaddict.com\/sl\/","logo":{"@type":"ImageObject","inLanguage":"sl-SI","@id":"https:\/\/pistonaddict.com\/sl\/#\/schema\/logo\/image\/","url":"https:\/\/pistonaddict.com\/wp-content\/uploads\/2022\/07\/logo-6.png","contentUrl":"https:\/\/pistonaddict.com\/wp-content\/uploads\/2022\/07\/logo-6.png","width":970,"height":200,"caption":"Piston Addict"},"image":{"@id":"https:\/\/pistonaddict.com\/sl\/#\/schema\/logo\/image\/"}}]}},"_links":{"self":[{"href":"https:\/\/pistonaddict.com\/sl\/wp-json\/wp\/v2\/pages\/1997"}],"collection":[{"href":"https:\/\/pistonaddict.com\/sl\/wp-json\/wp\/v2\/pages"}],"about":[{"href":"https:\/\/pistonaddict.com\/sl\/wp-json\/wp\/v2\/types\/page"}],"author":[{"embeddable":true,"href":"https:\/\/pistonaddict.com\/sl\/wp-json\/wp\/v2\/users\/1"}],"replies":[{"embeddable":true,"href":"https:\/\/pistonaddict.com\/sl\/wp-json\/wp\/v2\/comments?post=1997"}],"version-history":[{"count":3,"href":"https:\/\/pistonaddict.com\/sl\/wp-json\/wp\/v2\/pages\/1997\/revisions"}],"predecessor-version":[{"id":4221,"href":"https:\/\/pistonaddict.com\/sl\/wp-json\/wp\/v2\/pages\/1997\/revisions\/4221"}],"wp:attachment":[{"href":"https:\/\/pistonaddict.com\/sl\/wp-json\/wp\/v2\/media?parent=1997"}],"curies":[{"name":"wp","href":"https:\/\/api.w.org\/{rel}","templated":true}]}}