{"id":11058,"date":"2022-07-05T08:47:55","date_gmt":"2022-07-05T06:47:55","guid":{"rendered":"https:\/\/pistonaddict.com\/moj-racun\/moje-drazbe\/"},"modified":"2022-07-05T08:49:10","modified_gmt":"2022-07-05T06:49:10","slug":"moje-drazbe","status":"publish","type":"page","link":"https:\/\/pistonaddict.com\/sl\/moj-racun\/moje-drazbe\/","title":{"rendered":"Moje dra\u017ebe"},"content":{"rendered":"<h1>Moje dra\u017ebe<\/h1>\n<h2>Moje dejavnosti na dra\u017ebah<\/h2>\n<p>&nbsp;<\/p>\n<div class=\"woocommerce\"><p class=\"woocommerce-info\">Prijavite se, da si ogledate svoje dejavnosti na dra\u017ebah.<\/p><\/div>\n<h2>Moje dra\u017ebe whatchlist<\/h2>\n<p>&nbsp;<\/p>\n<div class=\"woocommerce\"><p class=\"woocommerce-info\">Prijavite se, da si ogledate svoje dra\u017ebe.<\/p><\/div>\n","protected":false},"excerpt":{"rendered":"<p>Moje dra\u017ebe Moje dejavnosti na dra\u017ebah &nbsp; Moje dra\u017ebe whatchlist &nbsp;<\/p>\n","protected":false},"author":1,"featured_media":0,"parent":2196,"menu_order":0,"comment_status":"closed","ping_status":"closed","template":"","meta":{"inline_featured_image":false,"footnotes":""},"acf":[],"yoast_head":"<!-- This site is optimized with the Yoast SEO plugin v22.5 - https:\/\/yoast.com\/wordpress\/plugins\/seo\/ -->\n<title>Moje dra\u017ebe - ime Piston Addict<\/title>\n<meta name=\"robots\" content=\"index, follow, max-snippet:-1, max-image-preview:large, max-video-preview:-1\" \/>\n<link rel=\"canonical\" href=\"https:\/\/pistonaddict.com\/sl\/moj-racun\/moje-drazbe\/\" \/>\n<meta property=\"og:locale\" content=\"sl_SI\" \/>\n<meta property=\"og:type\" content=\"article\" \/>\n<meta property=\"og:title\" content=\"Moje dra\u017ebe - ime Piston Addict\" \/>\n<meta property=\"og:description\" content=\"Moje dra\u017ebe Moje dejavnosti na dra\u017ebah &nbsp; Moje dra\u017ebe whatchlist &nbsp;\" \/>\n<meta property=\"og:url\" content=\"https:\/\/pistonaddict.com\/sl\/moj-racun\/moje-drazbe\/\" \/>\n<meta property=\"og:site_name\" content=\"Piston Addict\" \/>\n<meta property=\"article:modified_time\" content=\"2022-07-05T06:49:10+00:00\" \/>\n<meta name=\"twitter:card\" content=\"summary_large_image\" \/>\n<script type=\"application\/ld+json\" class=\"yoast-schema-graph\">{\"@context\":\"https:\/\/schema.org\",\"@graph\":[{\"@type\":\"WebPage\",\"@id\":\"https:\/\/pistonaddict.com\/sl\/moj-racun\/moje-drazbe\/\",\"url\":\"https:\/\/pistonaddict.com\/sl\/moj-racun\/moje-drazbe\/\",\"name\":\"Moje dra\u017ebe - ime Piston Addict\",\"isPartOf\":{\"@id\":\"https:\/\/pistonaddict.com\/sl\/#website\"},\"datePublished\":\"2022-07-05T06:47:55+00:00\",\"dateModified\":\"2022-07-05T06:49:10+00:00\",\"breadcrumb\":{\"@id\":\"https:\/\/pistonaddict.com\/sl\/moj-racun\/moje-drazbe\/#breadcrumb\"},\"inLanguage\":\"sl-SI\",\"potentialAction\":[{\"@type\":\"ReadAction\",\"target\":[\"https:\/\/pistonaddict.com\/sl\/moj-racun\/moje-drazbe\/\"]}]},{\"@type\":\"BreadcrumbList\",\"@id\":\"https:\/\/pistonaddict.com\/sl\/moj-racun\/moje-drazbe\/#breadcrumb\",\"itemListElement\":[{\"@type\":\"ListItem\",\"position\":1,\"name\":\"Doma\u010da stran\",\"item\":\"https:\/\/pistonaddict.com\/sl\/domaca-stran-2\/\"},{\"@type\":\"ListItem\",\"position\":2,\"name\":\"Moj ra\u010dun\",\"item\":\"https:\/\/pistonaddict.com\/sl\/moj-racun\/\"},{\"@type\":\"ListItem\",\"position\":3,\"name\":\"Moje dra\u017ebe\"}]},{\"@type\":\"WebSite\",\"@id\":\"https:\/\/pistonaddict.com\/sl\/#website\",\"url\":\"https:\/\/pistonaddict.com\/sl\/\",\"name\":\"Piston Addict\",\"description\":\"Only interesting vehicles\",\"publisher\":{\"@id\":\"https:\/\/pistonaddict.com\/sl\/#organization\"},\"potentialAction\":[{\"@type\":\"SearchAction\",\"target\":{\"@type\":\"EntryPoint\",\"urlTemplate\":\"https:\/\/pistonaddict.com\/sl\/?s={search_term_string}\"},\"query-input\":\"required name=search_term_string\"}],\"inLanguage\":\"sl-SI\"},{\"@type\":\"Organization\",\"@id\":\"https:\/\/pistonaddict.com\/sl\/#organization\",\"name\":\"Piston Addict\",\"url\":\"https:\/\/pistonaddict.com\/sl\/\",\"logo\":{\"@type\":\"ImageObject\",\"inLanguage\":\"sl-SI\",\"@id\":\"https:\/\/pistonaddict.com\/sl\/#\/schema\/logo\/image\/\",\"url\":\"https:\/\/pistonaddict.com\/wp-content\/uploads\/2022\/07\/logo-6.png\",\"contentUrl\":\"https:\/\/pistonaddict.com\/wp-content\/uploads\/2022\/07\/logo-6.png\",\"width\":970,\"height\":200,\"caption\":\"Piston Addict\"},\"image\":{\"@id\":\"https:\/\/pistonaddict.com\/sl\/#\/schema\/logo\/image\/\"}}]}<\/script>\n<!-- \/ Yoast SEO plugin. -->","yoast_head_json":{"title":"Moje dra\u017ebe - ime Piston Addict","robots":{"index":"index","follow":"follow","max-snippet":"max-snippet:-1","max-image-preview":"max-image-preview:large","max-video-preview":"max-video-preview:-1"},"canonical":"https:\/\/pistonaddict.com\/sl\/moj-racun\/moje-drazbe\/","og_locale":"sl_SI","og_type":"article","og_title":"Moje dra\u017ebe - ime Piston Addict","og_description":"Moje dra\u017ebe Moje dejavnosti na dra\u017ebah &nbsp; Moje dra\u017ebe whatchlist &nbsp;","og_url":"https:\/\/pistonaddict.com\/sl\/moj-racun\/moje-drazbe\/","og_site_name":"Piston Addict","article_modified_time":"2022-07-05T06:49:10+00:00","twitter_card":"summary_large_image","schema":{"@context":"https:\/\/schema.org","@graph":[{"@type":"WebPage","@id":"https:\/\/pistonaddict.com\/sl\/moj-racun\/moje-drazbe\/","url":"https:\/\/pistonaddict.com\/sl\/moj-racun\/moje-drazbe\/","name":"Moje dra\u017ebe - ime Piston Addict","isPartOf":{"@id":"https:\/\/pistonaddict.com\/sl\/#website"},"datePublished":"2022-07-05T06:47:55+00:00","dateModified":"2022-07-05T06:49:10+00:00","breadcrumb":{"@id":"https:\/\/pistonaddict.com\/sl\/moj-racun\/moje-drazbe\/#breadcrumb"},"inLanguage":"sl-SI","potentialAction":[{"@type":"ReadAction","target":["https:\/\/pistonaddict.com\/sl\/moj-racun\/moje-drazbe\/"]}]},{"@type":"BreadcrumbList","@id":"https:\/\/pistonaddict.com\/sl\/moj-racun\/moje-drazbe\/#breadcrumb","itemListElement":[{"@type":"ListItem","position":1,"name":"Doma\u010da stran","item":"https:\/\/pistonaddict.com\/sl\/domaca-stran-2\/"},{"@type":"ListItem","position":2,"name":"Moj ra\u010dun","item":"https:\/\/pistonaddict.com\/sl\/moj-racun\/"},{"@type":"ListItem","position":3,"name":"Moje dra\u017ebe"}]},{"@type":"WebSite","@id":"https:\/\/pistonaddict.com\/sl\/#website","url":"https:\/\/pistonaddict.com\/sl\/","name":"Piston Addict","description":"Only interesting vehicles","publisher":{"@id":"https:\/\/pistonaddict.com\/sl\/#organization"},"potentialAction":[{"@type":"SearchAction","target":{"@type":"EntryPoint","urlTemplate":"https:\/\/pistonaddict.com\/sl\/?s={search_term_string}"},"query-input":"required name=search_term_string"}],"inLanguage":"sl-SI"},{"@type":"Organization","@id":"https:\/\/pistonaddict.com\/sl\/#organization","name":"Piston Addict","url":"https:\/\/pistonaddict.com\/sl\/","logo":{"@type":"ImageObject","inLanguage":"sl-SI","@id":"https:\/\/pistonaddict.com\/sl\/#\/schema\/logo\/image\/","url":"https:\/\/pistonaddict.com\/wp-content\/uploads\/2022\/07\/logo-6.png","contentUrl":"https:\/\/pistonaddict.com\/wp-content\/uploads\/2022\/07\/logo-6.png","width":970,"height":200,"caption":"Piston Addict"},"image":{"@id":"https:\/\/pistonaddict.com\/sl\/#\/schema\/logo\/image\/"}}]}},"_links":{"self":[{"href":"https:\/\/pistonaddict.com\/sl\/wp-json\/wp\/v2\/pages\/11058"}],"collection":[{"href":"https:\/\/pistonaddict.com\/sl\/wp-json\/wp\/v2\/pages"}],"about":[{"href":"https:\/\/pistonaddict.com\/sl\/wp-json\/wp\/v2\/types\/page"}],"author":[{"embeddable":true,"href":"https:\/\/pistonaddict.com\/sl\/wp-json\/wp\/v2\/users\/1"}],"replies":[{"embeddable":true,"href":"https:\/\/pistonaddict.com\/sl\/wp-json\/wp\/v2\/comments?post=11058"}],"version-history":[{"count":1,"href":"https:\/\/pistonaddict.com\/sl\/wp-json\/wp\/v2\/pages\/11058\/revisions"}],"predecessor-version":[{"id":11082,"href":"https:\/\/pistonaddict.com\/sl\/wp-json\/wp\/v2\/pages\/11058\/revisions\/11082"}],"up":[{"embeddable":true,"href":"https:\/\/pistonaddict.com\/sl\/wp-json\/wp\/v2\/pages\/2196"}],"wp:attachment":[{"href":"https:\/\/pistonaddict.com\/sl\/wp-json\/wp\/v2\/media?parent=11058"}],"curies":[{"name":"wp","href":"https:\/\/api.w.org\/{rel}","templated":true}]}}