{"id":98270,"date":"2024-03-20T15:15:43","date_gmt":"2024-03-20T14:15:43","guid":{"rendered":"https:\/\/pistonaddict.com\/product\/porsche-997-targa\/"},"modified":"2024-03-20T15:24:10","modified_gmt":"2024-03-20T14:24:10","slug":"porsche-997-targa","status":"publish","type":"product","link":"https:\/\/pistonaddict.com\/sk\/product\/porsche-997-targa\/","title":{"rendered":"Porsche 997 Targa 4S"},"content":{"rendered":"<p><strong>Hist\u00f3ria vozidla<\/strong><\/p>\n<p>\u0160iesta gener\u00e1cia ikonick\u00e9ho modelu Porsche 911 mala premi\u00e9ru v roku 2004 a interne sa ozna\u010dovala ako 997. Jeho predchodca, model 996, zost\u00e1va jedn\u00fdm z najkontroverznej\u0161\u00edch modelov 911, ktor\u00e9 boli kedy vyroben\u00e9, najm\u00e4 pre svoj dizajn a zavedenie vodou chladen\u00fdch motorov. Model 997 bol v\u0161ak v\u0161eobecne chv\u00e1len\u00fd za \u010dist\u00e9 l\u00ednie a vylep\u0161en\u00e9 technol\u00f3gie a v\u00fdkon. Aj ke\u010f m\u00e1 997 niektor\u00e9 mechanick\u00e9 podobnosti a rovnak\u00fa platformu ako 996, bolo to ove\u013ea lep\u0161ie a kompetentnej\u0161ie auto, nehovoriac o tom, \u017ee modernej\u0161ie a kraj\u0161ie. Nie je prekvapen\u00edm, \u017ee predajn\u00e9 \u010d\u00edsla potvrdili predajn\u00fd \u00faspech modelu 997, ktor\u00e9ho sa za 9 rokov vyrobilo viac ako 212 000 kusov. Tento konkr\u00e9tny exempl\u00e1r je v\u0161ak dos\u0165 vz\u00e1cny, a to nielen preto, \u017ee ide o skor\u0161\u00ed model 997.1, ale aj pre jeho vz\u00e1cny \u0161t\u00fdl karos\u00e9rie Targa. V roku 2008 bolo dodan\u00fdch len 1426 exempl\u00e1rov modelu Targa 4S a len ve\u013emi m\u00e1lo z nich malo 6-stup\u0148ov\u00fa manu\u00e1lnu prevodovku. Celkovo sa vyrobilo len pribli\u017ene 8 400 kusov Targy 4S gener\u00e1cie 997. Ploch\u00fd \u0161es\u0165valec s objemom 3,8 litra poh\u00e1\u0148al v\u0161etky \u0161tyri koles\u00e1 v\u00fdkonom 350 kon\u00ed, \u010do sa prejavilo p\u00f4sobiv\u00fdm zr\u00fdchlen\u00edm a vynikaj\u00facim dr\u017ean\u00edm stopy za ak\u00fdchko\u013evek podmienok. Kombin\u00e1cia siln\u00e9ho v\u00fdkonu so vzdu\u0161nos\u0165ou sklenenej strechy a mechanick\u00fdm pocitom z manu\u00e1lnej prevodovky rob\u00ed tento exempl\u00e1r neuverite\u013ene zauj\u00edmav\u00fdm pre ka\u017ed\u00e9ho skuto\u010dn\u00e9ho zberate\u013ea.<\/p>\n<p><strong>Interi\u00e9r<\/strong><\/p>\n<p>Interi\u00e9r Porsche Targa 4S z roku 2008, dokon\u010den\u00fd v \u010diernej ko\u017ei so vz\u00e1cnou a volite\u013enou ko\u017eenou pr\u00edstrojovou doskou, je v perfektnom stave bez po\u0161koden\u00ed a s mal\u00fdmi zn\u00e1mkami opotrebovania. Tento exempl\u00e1r m\u00e1 mno\u017estvo \u017eiaducej pr\u00edplatkovej v\u00fdbavy, ako je tempomat, pr\u00e9miov\u00fd audiosyst\u00e9m, elektricky ovl\u00e1dan\u00e9 a vyhrievan\u00e9 \u0161portov\u00e9 ko\u017een\u00e9 sedadl\u00e1, multifunk\u010dn\u00fd volant, naviga\u010dn\u00fd syst\u00e9m at\u010f. V\u0161etko funguje tak, ako m\u00e1, spolu so sklenenou strechou, a nie s\u00fa na nej \u017eiadne \u00fapravy. V porovnan\u00ed s ostatn\u00fdmi modelmi 911 z tohto obdobia je Targa celkom jedine\u010dn\u00e1, preto\u017ee pon\u00faka pocit otvoren\u00e9ho kabrioletu, ale komfort kup\u00e9 a celoro\u010dn\u00fa pou\u017eite\u013enos\u0165.<\/p>\n<p><strong>Stav vozidla<\/strong><\/p>\n<p>Toto Porsche 911 Targa 4S m\u00e1 od novoty najazden\u00fdch len nie\u010do vy\u0161e 110 000 km a dvoch starostliv\u00fdch majite\u013eov, je v p\u00f4sobivom stave a starostlivo udr\u017eiavan\u00e9. Z\u00e1znamy ukazuj\u00fa, \u017ee posledn\u00fd v\u00e4\u010d\u0161\u00ed servis bol vykonan\u00fd koncom roka 2022, pri\u010dom brzdy boli zrekon\u0161truovan\u00e9 len pred nieko\u013ek\u00fdmi d\u0148ami, v marci 2024. K dispoz\u00edcii s\u00fa v\u0161etky z\u00e1znamy o \u00fadr\u017ebe, ktor\u00e9 dokazuj\u00fa, ako starostlivo sa o vozidlo starali. Toto konkr\u00e9tne vozidlo bolo dodan\u00e9 v Belgicku.<\/p>\n<p><strong>Exteri\u00e9r a koles\u00e1<\/strong><\/p>\n<p>Tento konkr\u00e9tny exempl\u00e1r bol profesion\u00e1lne prelakovan\u00fd do p\u00f4vodnej tmavosivej farby, ktor\u00e1 vyzer\u00e1 perfektne a hod\u00ed sa k p\u00f4vodn\u00fdm koles\u00e1m a \u010diernemu interi\u00e9ru. Ako je uveden\u00e9 v CarVertical, jedin\u00fdm detailom, ktor\u00fd stoj\u00ed za zmienku, je mierne po\u0161kodenie na zadnom n\u00e1razn\u00edku, ktor\u00e9 bolo opraven\u00e9, ako m\u00f4\u017eete vidie\u0165 na fotografi\u00e1ch. Pneumatiky Bridgestone, ktor\u00e9 maj\u00fa spr\u00e1vne \u0161pecifik\u00e1cie, poch\u00e1dzaj\u00fa z roku 2018 a s\u00fa len mierne opotrebovan\u00e9.<\/p>\n<p><strong>Dokument\u00e1cia<\/strong><\/p>\n<p>Predajca pred\u00e1va toto vozidlo s pr\u00edslu\u0161nou dokument\u00e1ciou a nach\u00e1dza sa v Belgicku. <a href=\"https:\/\/pistonaddict.com\/wp-content\/uploads\/2024\/03\/CarVertical-Porsche.pdf\">Spr\u00e1va CarVertical<\/a> je \u010dist\u00e1, vlastn\u00edcke alebo pr\u00e1vne probl\u00e9my. Existuj\u00fa z\u00e1znamy o pravidelnej \u00fadr\u017ebe a \u00fa\u010dty.<\/p>\n","protected":false},"excerpt":{"rendered":"<p>Gener\u00e1cia 997, ktor\u00e1 predstavuje dokonal\u00fa rovnov\u00e1hu medzi klasick\u00fdm dojmom z modelu 911, kompaktn\u00fdmi rozmermi, komunikat\u00edvnym podvozkom a modern\u00fdmi technol\u00f3giami a funkciami, je medzi nad\u0161encami modelu 911 \u010doraz ob\u013e\u00fabenej\u0161ia. To znamen\u00e1, \u017ee ide o \u010fal\u0161iu ve\u013ek\u00fa vec vo svete 911 s rast\u00facimi cenami. Predpokladajme, \u017ee chcete nasko\u010di\u0165 do vozidla 997. V takom pr\u00edpade nie je ni\u010d lep\u0161ie ako ve\u013emi \u017eiadan\u00fd automobil v zriedkavej karos\u00e9rii s \u017eiadanou manu\u00e1lnou prevodovkou, ktor\u00fd je pripraven\u00fd na to, aby ste si ho poriadne u\u017eili.<\/p>\n","protected":false},"featured_media":97683,"comment_status":"open","ping_status":"closed","template":"","meta":{"inline_featured_image":false},"product_cat":[755],"product_tag":[3943,3946,947,2330,3941],"acf":[],"yoast_head":"<!-- This site is optimized with the Yoast SEO plugin v22.5 - https:\/\/yoast.com\/wordpress\/plugins\/seo\/ -->\n<title>Porsche 997 Targa 4S - Piston Addict str\u00e1nky<\/title>\n<meta name=\"robots\" content=\"index, follow, max-snippet:-1, max-image-preview:large, max-video-preview:-1\" \/>\n<link rel=\"canonical\" href=\"https:\/\/pistonaddict.com\/sk\/product\/porsche-997-targa\/\" \/>\n<meta property=\"og:locale\" content=\"sk_SK\" \/>\n<meta property=\"og:type\" content=\"article\" \/>\n<meta property=\"og:title\" content=\"Porsche 997 Targa 4S - Piston Addict str\u00e1nky\" \/>\n<meta property=\"og:description\" content=\"Gener\u00e1cia 997, ktor\u00e1 predstavuje dokonal\u00fa rovnov\u00e1hu medzi klasick\u00fdm dojmom z modelu 911, kompaktn\u00fdmi rozmermi, komunikat\u00edvnym podvozkom a modern\u00fdmi technol\u00f3giami a funkciami, je medzi nad\u0161encami modelu 911 \u010doraz ob\u013e\u00fabenej\u0161ia. To znamen\u00e1, \u017ee ide o \u010fal\u0161iu ve\u013ek\u00fa vec vo svete 911 s rast\u00facimi cenami. Predpokladajme, \u017ee chcete nasko\u010di\u0165 do vozidla 997. V takom pr\u00edpade nie je ni\u010d lep\u0161ie ako ve\u013emi \u017eiadan\u00fd automobil v zriedkavej karos\u00e9rii s \u017eiadanou manu\u00e1lnou prevodovkou, ktor\u00fd je pripraven\u00fd na to, aby ste si ho poriadne u\u017eili.\" \/>\n<meta property=\"og:url\" content=\"https:\/\/pistonaddict.com\/sk\/product\/porsche-997-targa\/\" \/>\n<meta property=\"og:site_name\" content=\"Piston Addict\" \/>\n<meta property=\"article:modified_time\" content=\"2024-03-20T14:24:10+00:00\" \/>\n<meta property=\"og:image\" content=\"https:\/\/pistonaddict.com\/wp-content\/uploads\/2024\/03\/1-1-1024x611.png\" \/>\n\t<meta property=\"og:image:width\" content=\"1024\" \/>\n\t<meta property=\"og:image:height\" content=\"611\" \/>\n\t<meta property=\"og:image:type\" content=\"image\/png\" \/>\n<meta name=\"twitter:card\" content=\"summary_large_image\" \/>\n<meta name=\"twitter:label1\" content=\"Predpokladan\u00fd \u010das \u010d\u00edtania\" \/>\n\t<meta name=\"twitter:data1\" content=\"3 min\u00faty\" \/>\n<script type=\"application\/ld+json\" class=\"yoast-schema-graph\">{\"@context\":\"https:\/\/schema.org\",\"@graph\":[{\"@type\":\"WebPage\",\"@id\":\"https:\/\/pistonaddict.com\/sk\/product\/porsche-997-targa\/\",\"url\":\"https:\/\/pistonaddict.com\/sk\/product\/porsche-997-targa\/\",\"name\":\"Porsche 997 Targa 4S - Piston Addict str\u00e1nky\",\"isPartOf\":{\"@id\":\"https:\/\/pistonaddict.com\/sk\/#website\"},\"primaryImageOfPage\":{\"@id\":\"https:\/\/pistonaddict.com\/sk\/product\/porsche-997-targa\/#primaryimage\"},\"image\":{\"@id\":\"https:\/\/pistonaddict.com\/sk\/product\/porsche-997-targa\/#primaryimage\"},\"thumbnailUrl\":\"https:\/\/pistonaddict.com\/wp-content\/uploads\/2024\/03\/1-1.png\",\"datePublished\":\"2024-03-20T14:15:43+00:00\",\"dateModified\":\"2024-03-20T14:24:10+00:00\",\"breadcrumb\":{\"@id\":\"https:\/\/pistonaddict.com\/sk\/product\/porsche-997-targa\/#breadcrumb\"},\"inLanguage\":\"sk-SK\",\"potentialAction\":[{\"@type\":\"ReadAction\",\"target\":[\"https:\/\/pistonaddict.com\/sk\/product\/porsche-997-targa\/\"]}]},{\"@type\":\"ImageObject\",\"inLanguage\":\"sk-SK\",\"@id\":\"https:\/\/pistonaddict.com\/sk\/product\/porsche-997-targa\/#primaryimage\",\"url\":\"https:\/\/pistonaddict.com\/wp-content\/uploads\/2024\/03\/1-1.png\",\"contentUrl\":\"https:\/\/pistonaddict.com\/wp-content\/uploads\/2024\/03\/1-1.png\",\"width\":2778,\"height\":1657},{\"@type\":\"BreadcrumbList\",\"@id\":\"https:\/\/pistonaddict.com\/sk\/product\/porsche-997-targa\/#breadcrumb\",\"itemListElement\":[{\"@type\":\"ListItem\",\"position\":1,\"name\":\"domovskej str\u00e1nke\",\"item\":\"https:\/\/pistonaddict.com\/sk\/uvodna-stranka\/\"},{\"@type\":\"ListItem\",\"position\":2,\"name\":\"Auctions\",\"item\":\"https:\/\/pistonaddict.com\/auctions-listing\/\"},{\"@type\":\"ListItem\",\"position\":3,\"name\":\"Porsche 997 Targa 4S\"}]},{\"@type\":\"WebSite\",\"@id\":\"https:\/\/pistonaddict.com\/sk\/#website\",\"url\":\"https:\/\/pistonaddict.com\/sk\/\",\"name\":\"Piston Addict\",\"description\":\"Only interesting vehicles\",\"publisher\":{\"@id\":\"https:\/\/pistonaddict.com\/sk\/#organization\"},\"potentialAction\":[{\"@type\":\"SearchAction\",\"target\":{\"@type\":\"EntryPoint\",\"urlTemplate\":\"https:\/\/pistonaddict.com\/sk\/?s={search_term_string}\"},\"query-input\":\"required name=search_term_string\"}],\"inLanguage\":\"sk-SK\"},{\"@type\":\"Organization\",\"@id\":\"https:\/\/pistonaddict.com\/sk\/#organization\",\"name\":\"Piston Addict\",\"url\":\"https:\/\/pistonaddict.com\/sk\/\",\"logo\":{\"@type\":\"ImageObject\",\"inLanguage\":\"sk-SK\",\"@id\":\"https:\/\/pistonaddict.com\/sk\/#\/schema\/logo\/image\/\",\"url\":\"https:\/\/pistonaddict.com\/wp-content\/uploads\/2022\/07\/logo-6.png\",\"contentUrl\":\"https:\/\/pistonaddict.com\/wp-content\/uploads\/2022\/07\/logo-6.png\",\"width\":970,\"height\":200,\"caption\":\"Piston Addict\"},\"image\":{\"@id\":\"https:\/\/pistonaddict.com\/sk\/#\/schema\/logo\/image\/\"}}]}<\/script>\n<!-- \/ Yoast SEO plugin. -->","yoast_head_json":{"title":"Porsche 997 Targa 4S - Piston Addict str\u00e1nky","robots":{"index":"index","follow":"follow","max-snippet":"max-snippet:-1","max-image-preview":"max-image-preview:large","max-video-preview":"max-video-preview:-1"},"canonical":"https:\/\/pistonaddict.com\/sk\/product\/porsche-997-targa\/","og_locale":"sk_SK","og_type":"article","og_title":"Porsche 997 Targa 4S - Piston Addict str\u00e1nky","og_description":"Gener\u00e1cia 997, ktor\u00e1 predstavuje dokonal\u00fa rovnov\u00e1hu medzi klasick\u00fdm dojmom z modelu 911, kompaktn\u00fdmi rozmermi, komunikat\u00edvnym podvozkom a modern\u00fdmi technol\u00f3giami a funkciami, je medzi nad\u0161encami modelu 911 \u010doraz ob\u013e\u00fabenej\u0161ia. To znamen\u00e1, \u017ee ide o \u010fal\u0161iu ve\u013ek\u00fa vec vo svete 911 s rast\u00facimi cenami. Predpokladajme, \u017ee chcete nasko\u010di\u0165 do vozidla 997. V takom pr\u00edpade nie je ni\u010d lep\u0161ie ako ve\u013emi \u017eiadan\u00fd automobil v zriedkavej karos\u00e9rii s \u017eiadanou manu\u00e1lnou prevodovkou, ktor\u00fd je pripraven\u00fd na to, aby ste si ho poriadne u\u017eili.","og_url":"https:\/\/pistonaddict.com\/sk\/product\/porsche-997-targa\/","og_site_name":"Piston Addict","article_modified_time":"2024-03-20T14:24:10+00:00","og_image":[{"width":1024,"height":611,"url":"https:\/\/pistonaddict.com\/wp-content\/uploads\/2024\/03\/1-1-1024x611.png","type":"image\/png"}],"twitter_card":"summary_large_image","twitter_misc":{"Predpokladan\u00fd \u010das \u010d\u00edtania":"3 min\u00faty"},"schema":{"@context":"https:\/\/schema.org","@graph":[{"@type":"WebPage","@id":"https:\/\/pistonaddict.com\/sk\/product\/porsche-997-targa\/","url":"https:\/\/pistonaddict.com\/sk\/product\/porsche-997-targa\/","name":"Porsche 997 Targa 4S - Piston Addict str\u00e1nky","isPartOf":{"@id":"https:\/\/pistonaddict.com\/sk\/#website"},"primaryImageOfPage":{"@id":"https:\/\/pistonaddict.com\/sk\/product\/porsche-997-targa\/#primaryimage"},"image":{"@id":"https:\/\/pistonaddict.com\/sk\/product\/porsche-997-targa\/#primaryimage"},"thumbnailUrl":"https:\/\/pistonaddict.com\/wp-content\/uploads\/2024\/03\/1-1.png","datePublished":"2024-03-20T14:15:43+00:00","dateModified":"2024-03-20T14:24:10+00:00","breadcrumb":{"@id":"https:\/\/pistonaddict.com\/sk\/product\/porsche-997-targa\/#breadcrumb"},"inLanguage":"sk-SK","potentialAction":[{"@type":"ReadAction","target":["https:\/\/pistonaddict.com\/sk\/product\/porsche-997-targa\/"]}]},{"@type":"ImageObject","inLanguage":"sk-SK","@id":"https:\/\/pistonaddict.com\/sk\/product\/porsche-997-targa\/#primaryimage","url":"https:\/\/pistonaddict.com\/wp-content\/uploads\/2024\/03\/1-1.png","contentUrl":"https:\/\/pistonaddict.com\/wp-content\/uploads\/2024\/03\/1-1.png","width":2778,"height":1657},{"@type":"BreadcrumbList","@id":"https:\/\/pistonaddict.com\/sk\/product\/porsche-997-targa\/#breadcrumb","itemListElement":[{"@type":"ListItem","position":1,"name":"domovskej str\u00e1nke","item":"https:\/\/pistonaddict.com\/sk\/uvodna-stranka\/"},{"@type":"ListItem","position":2,"name":"Auctions","item":"https:\/\/pistonaddict.com\/auctions-listing\/"},{"@type":"ListItem","position":3,"name":"Porsche 997 Targa 4S"}]},{"@type":"WebSite","@id":"https:\/\/pistonaddict.com\/sk\/#website","url":"https:\/\/pistonaddict.com\/sk\/","name":"Piston Addict","description":"Only interesting vehicles","publisher":{"@id":"https:\/\/pistonaddict.com\/sk\/#organization"},"potentialAction":[{"@type":"SearchAction","target":{"@type":"EntryPoint","urlTemplate":"https:\/\/pistonaddict.com\/sk\/?s={search_term_string}"},"query-input":"required name=search_term_string"}],"inLanguage":"sk-SK"},{"@type":"Organization","@id":"https:\/\/pistonaddict.com\/sk\/#organization","name":"Piston Addict","url":"https:\/\/pistonaddict.com\/sk\/","logo":{"@type":"ImageObject","inLanguage":"sk-SK","@id":"https:\/\/pistonaddict.com\/sk\/#\/schema\/logo\/image\/","url":"https:\/\/pistonaddict.com\/wp-content\/uploads\/2022\/07\/logo-6.png","contentUrl":"https:\/\/pistonaddict.com\/wp-content\/uploads\/2022\/07\/logo-6.png","width":970,"height":200,"caption":"Piston Addict"},"image":{"@id":"https:\/\/pistonaddict.com\/sk\/#\/schema\/logo\/image\/"}}]}},"_links":{"self":[{"href":"https:\/\/pistonaddict.com\/sk\/wp-json\/wp\/v2\/product\/98270"}],"collection":[{"href":"https:\/\/pistonaddict.com\/sk\/wp-json\/wp\/v2\/product"}],"about":[{"href":"https:\/\/pistonaddict.com\/sk\/wp-json\/wp\/v2\/types\/product"}],"replies":[{"embeddable":true,"href":"https:\/\/pistonaddict.com\/sk\/wp-json\/wp\/v2\/comments?post=98270"}],"wp:featuredmedia":[{"embeddable":true,"href":"https:\/\/pistonaddict.com\/sk\/wp-json\/wp\/v2\/media\/97683"}],"wp:attachment":[{"href":"https:\/\/pistonaddict.com\/sk\/wp-json\/wp\/v2\/media?parent=98270"}],"wp:term":[{"taxonomy":"product_cat","embeddable":true,"href":"https:\/\/pistonaddict.com\/sk\/wp-json\/wp\/v2\/product_cat?post=98270"},{"taxonomy":"product_tag","embeddable":true,"href":"https:\/\/pistonaddict.com\/sk\/wp-json\/wp\/v2\/product_tag?post=98270"}],"curies":[{"name":"wp","href":"https:\/\/api.w.org\/{rel}","templated":true}]}}