{"id":97458,"date":"2024-03-15T18:51:57","date_gmt":"2024-03-15T17:51:57","guid":{"rendered":"https:\/\/pistonaddict.com\/product\/sutaz-bmw-m4\/"},"modified":"2024-03-20T14:16:49","modified_gmt":"2024-03-20T13:16:49","slug":"bmw-m4-sutaz","status":"publish","type":"product","link":"https:\/\/pistonaddict.com\/sk\/product\/bmw-m4-sutaz\/","title":{"rendered":"S\u00fa\u0165a\u017e BMW M4"},"content":{"rendered":"<h2>Exteri\u00e9r<\/h2>\n<p>Za\u010dnime farbou vozidla &#8211; nazva\u0165 ho hned\u00fdm by bolo prinajmen\u0161om nespravodliv\u00e9. BMW ho pomenovalo Sepang Bronze a aby ste ho plne ocenili, mus\u00edte auto vidie\u0165 na slnku. Najv\u00fdraznej\u0161\u00edm prvkom modelu M4 je v\u0161ak skladacia strecha z uhl\u00edkov\u00fdch vl\u00e1kien, v\u010faka ktorej je \u013eahk\u00e1 a pevn\u00e1. V\u010faka nemu sa toto BMW dok\u00e1\u017ee stla\u010den\u00edm tla\u010didla zmeni\u0165 zo \u0161portov\u00e9ho kup\u00e9 na elegantn\u00fd mestsk\u00fd k\u0159i\u017en\u00edk.<\/p>\n<p>Medzi \u010fal\u0161ie pozoruhodn\u00e9 detaily patria xen\u00f3nov\u00e9 svetlomety vpredu, 19-palcov\u00e9 disky s pneumatikami Michelin Pilot Sport na boku a dvojit\u00e9 v\u00fdfuky vzadu. Rovnako ako v\u0161etky ostatn\u00e9 vozidl\u00e1 M4 m\u00e1 aj toto vozidlo agres\u00edvne n\u00e1razn\u00edky, vetracie otvory v blatn\u00edkoch a kapotu s vypukl\u00fdm stredom.<\/p>\n<h2>Interi\u00e9r<\/h2>\n<p>V interi\u00e9ri na prv\u00fd poh\u013ead zaujm\u00fa sedadl\u00e1 \u010dal\u00fanen\u00e9 m\u00e4kkou hnedou ko\u017eou s bielym pre\u0161\u00edvan\u00edm. Okrem toho, \u017ee s\u00fa \u0161portov\u00e9 a podporn\u00e9, ako to mo\u017eno nazna\u010duje ich vzh\u013ead, s\u00fa aj ve\u013emi pohodln\u00e9. Po usaden\u00ed sa ocitnete za charakteristick\u00fdm trojramenn\u00fdm volantom BMW a pr\u00edstrojovou doskou s jednoduch\u00fdm usporiadan\u00edm pr\u00edstrojov. Patr\u00ed sem r\u00fdchlomer, ktor\u00fd kon\u010d\u00ed na hodnote 330 km\/h, ot\u00e1\u010dkomer s ot\u00e1\u010dkami a\u017e do 8000 ot\u00e1\u010dok za min\u00fatu a ukazovatele stavu paliva a teploty motora. A ak sa nechcete pri ostrej jazde v z\u00e1krute pozera\u0165 dolu, na \u010delnom skle je Head-Up displej, ktor\u00fd zobrazuje v\u0161etky d\u00f4le\u017eit\u00e9 inform\u00e1cie.<\/p>\n<h2>Mechanika<\/h2>\n<p>Odhliadnuc od \u00fa\u017easn\u00e9ho vzh\u013eadu, ka\u017ed\u00e9 BMW mus\u00ed by\u0165 dokonal\u00fdm jazdn\u00fdm strojom. Tento model M4 m\u00e1 v ruk\u00e1ve nieko\u013eko es, ktor\u00e9 mu pom\u00f4\u017eu splni\u0165 tieto o\u010dak\u00e1vania. Na za\u010diatok sa pod kapotou nach\u00e1dza ve\u013ekolep\u00fd radov\u00fd \u0161es\u0165valec s dvoma turbod\u00fachadlami, ktor\u00fd dosahuje v\u00fdkon 450 kon\u00ed. V\u00fdkon sa pren\u00e1\u0161a na zadn\u00e9 koles\u00e1 prostredn\u00edctvom 7-stup\u0148ovej dvojspojkovej prevodovky a elektronicky riaden\u00e9ho diferenci\u00e1lu s obmedzenou svornos\u0165ou.<\/p>\n<p>So v\u0161etk\u00fdmi t\u00fdmito technol\u00f3giami M4 bez probl\u00e9mov dosiahne r\u00fdchlos\u0165 100 km\/h za pribli\u017ene 4 sekundy a zr\u00fdchli a\u017e na 250 km\/h. A pravdepodobne by i\u0161iel ove\u013ea r\u00fdchlej\u0161ie, keby nebolo elektronick\u00e9ho obmedzova\u010da. Aby ste mali v\u0161etko pod kontrolou pri r\u00fdchlosti, je vozidlo vybaven\u00e9 tuh\u0161\u00edm zavesen\u00edm a obrovsk\u00fdmi brzdami.<\/p>\n<h2>Hist\u00f3ria vozidla<\/h2>\n<p>Na z\u00e1ver si povieme p\u00e1r slov o s\u00fa\u010dasnom stave BMW M4, ktor\u00fd pred\u00e1vaj\u00faci opisuje ako bezchybn\u00fd. A pod\u013ea fotografi\u00ed a poskytnut\u00e9ho videa to tak ur\u010dite je, bez vidite\u013en\u00e9ho po\u0161kodenia. Vozidlo bolo pravidelne servisovan\u00e9 a kontrolovan\u00e9 autorizovan\u00fdm predajcom BMW, pri\u010dom posledn\u00fd servis bol vykonan\u00fd v j\u00fani 2022.<\/p>\n<p>Pred\u00e1vaj\u00faci tvrd\u00ed, \u017ee vozidlo, ktor\u00e9 sa moment\u00e1lne nach\u00e1dza v Belgicku, nebolo pou\u017e\u00edvan\u00e9 na trati ani nebolo \u00fa\u010dastn\u00edkom \u017eiadnej nehody, \u010do potvrdzuje aj zodpovedaj\u00faca <a href=\"https:\/\/pistonaddict.com\/wp-content\/uploads\/2024\/03\/CarVerticalBMWM4.pdf\">spr\u00e1va o hist\u00f3rii vozidla CarVertical<\/a>.<\/p>\n<p><strong>Pozrite si video so studen\u00fdm \u0161tartom tohto skvel\u00e9ho<\/strong> <strong>BMW M4 Competition<\/strong>:<\/p>\n<p><iframe title=\"Cold Start Video of the BMW M4 Competition\" width=\"1200\" height=\"675\" src=\"https:\/\/www.youtube.com\/embed\/-weepN3iz9c?feature=oembed\" frameborder=\"0\" allow=\"accelerometer; autoplay; clipboard-write; encrypted-media; gyroscope; picture-in-picture; web-share\" allowfullscreen><\/iframe><\/p>\n","protected":false},"excerpt":{"rendered":"<p>Ak h\u013ead\u00e1te nie\u010do, \u010do bude na trati l\u00e1ma\u0165 rekordy, potrebujete \u0161portov\u00e9 auto. Na druhej strane, ak uprednost\u0148ujete pohodln\u00fa plavbu po ulici po\u010das slne\u010dn\u00e9ho d\u0148a, najlep\u0161ou vo\u013ebou je elegantn\u00fd kabriolet. Ak v\u0161ak chcete nie\u010do, \u010do dok\u00e1\u017ee oboje, potom sa v\u00e1m ur\u010dite bude p\u00e1\u010di\u0165 toto BMW M4 Competition, ktor\u00e9 m\u00e1me v aukcii. Je v bezchybnom stave, m\u00e1 jedn\u00e9ho predch\u00e1dzaj\u00faceho majite\u013ea a najazden\u00fdch 74 000 km.<\/p>\n","protected":false},"featured_media":96752,"comment_status":"open","ping_status":"closed","template":"","meta":{"inline_featured_image":false},"product_cat":[755],"product_tag":[3144,3134,941,3133],"acf":[],"yoast_head":"<!-- This site is optimized with the Yoast SEO plugin v22.5 - https:\/\/yoast.com\/wordpress\/plugins\/seo\/ -->\n<title>S\u00fa\u0165a\u017e BMW M4 - Piston Addict str\u00e1nky<\/title>\n<meta name=\"robots\" content=\"index, follow, max-snippet:-1, max-image-preview:large, max-video-preview:-1\" \/>\n<link rel=\"canonical\" href=\"https:\/\/pistonaddict.com\/sk\/product\/bmw-m4-sutaz\/\" \/>\n<meta property=\"og:locale\" content=\"sk_SK\" \/>\n<meta property=\"og:type\" content=\"article\" \/>\n<meta property=\"og:title\" content=\"S\u00fa\u0165a\u017e BMW M4 - Piston Addict str\u00e1nky\" \/>\n<meta property=\"og:description\" content=\"Ak h\u013ead\u00e1te nie\u010do, \u010do bude na trati l\u00e1ma\u0165 rekordy, potrebujete \u0161portov\u00e9 auto. Na druhej strane, ak uprednost\u0148ujete pohodln\u00fa plavbu po ulici po\u010das slne\u010dn\u00e9ho d\u0148a, najlep\u0161ou vo\u013ebou je elegantn\u00fd kabriolet. Ak v\u0161ak chcete nie\u010do, \u010do dok\u00e1\u017ee oboje, potom sa v\u00e1m ur\u010dite bude p\u00e1\u010di\u0165 toto BMW M4 Competition, ktor\u00e9 m\u00e1me v aukcii. Je v bezchybnom stave, m\u00e1 jedn\u00e9ho predch\u00e1dzaj\u00faceho majite\u013ea a najazden\u00fdch 74 000 km.\" \/>\n<meta property=\"og:url\" content=\"https:\/\/pistonaddict.com\/sk\/product\/bmw-m4-sutaz\/\" \/>\n<meta property=\"og:site_name\" content=\"Piston Addict\" \/>\n<meta property=\"article:modified_time\" content=\"2024-03-20T13:16:49+00:00\" \/>\n<meta property=\"og:image\" content=\"https:\/\/pistonaddict.com\/wp-content\/uploads\/2024\/03\/1-1024x612.png\" \/>\n\t<meta property=\"og:image:width\" content=\"1024\" \/>\n\t<meta property=\"og:image:height\" content=\"612\" \/>\n\t<meta property=\"og:image:type\" content=\"image\/png\" \/>\n<meta name=\"twitter:card\" content=\"summary_large_image\" \/>\n<meta name=\"twitter:label1\" content=\"Predpokladan\u00fd \u010das \u010d\u00edtania\" \/>\n\t<meta name=\"twitter:data1\" content=\"3 min\u00faty\" \/>\n<script type=\"application\/ld+json\" class=\"yoast-schema-graph\">{\"@context\":\"https:\/\/schema.org\",\"@graph\":[{\"@type\":\"WebPage\",\"@id\":\"https:\/\/pistonaddict.com\/sk\/product\/bmw-m4-sutaz\/\",\"url\":\"https:\/\/pistonaddict.com\/sk\/product\/bmw-m4-sutaz\/\",\"name\":\"S\u00fa\u0165a\u017e BMW M4 - Piston Addict str\u00e1nky\",\"isPartOf\":{\"@id\":\"https:\/\/pistonaddict.com\/sk\/#website\"},\"primaryImageOfPage\":{\"@id\":\"https:\/\/pistonaddict.com\/sk\/product\/bmw-m4-sutaz\/#primaryimage\"},\"image\":{\"@id\":\"https:\/\/pistonaddict.com\/sk\/product\/bmw-m4-sutaz\/#primaryimage\"},\"thumbnailUrl\":\"https:\/\/pistonaddict.com\/wp-content\/uploads\/2024\/03\/1.png\",\"datePublished\":\"2024-03-15T17:51:57+00:00\",\"dateModified\":\"2024-03-20T13:16:49+00:00\",\"breadcrumb\":{\"@id\":\"https:\/\/pistonaddict.com\/sk\/product\/bmw-m4-sutaz\/#breadcrumb\"},\"inLanguage\":\"sk-SK\",\"potentialAction\":[{\"@type\":\"ReadAction\",\"target\":[\"https:\/\/pistonaddict.com\/sk\/product\/bmw-m4-sutaz\/\"]}]},{\"@type\":\"ImageObject\",\"inLanguage\":\"sk-SK\",\"@id\":\"https:\/\/pistonaddict.com\/sk\/product\/bmw-m4-sutaz\/#primaryimage\",\"url\":\"https:\/\/pistonaddict.com\/wp-content\/uploads\/2024\/03\/1.png\",\"contentUrl\":\"https:\/\/pistonaddict.com\/wp-content\/uploads\/2024\/03\/1.png\",\"width\":2778,\"height\":1660},{\"@type\":\"BreadcrumbList\",\"@id\":\"https:\/\/pistonaddict.com\/sk\/product\/bmw-m4-sutaz\/#breadcrumb\",\"itemListElement\":[{\"@type\":\"ListItem\",\"position\":1,\"name\":\"domovskej str\u00e1nke\",\"item\":\"https:\/\/pistonaddict.com\/sk\/uvodna-stranka\/\"},{\"@type\":\"ListItem\",\"position\":2,\"name\":\"Auctions\",\"item\":\"https:\/\/pistonaddict.com\/auctions-listing\/\"},{\"@type\":\"ListItem\",\"position\":3,\"name\":\"S\u00fa\u0165a\u017e BMW M4\"}]},{\"@type\":\"WebSite\",\"@id\":\"https:\/\/pistonaddict.com\/sk\/#website\",\"url\":\"https:\/\/pistonaddict.com\/sk\/\",\"name\":\"Piston Addict\",\"description\":\"Only interesting vehicles\",\"publisher\":{\"@id\":\"https:\/\/pistonaddict.com\/sk\/#organization\"},\"potentialAction\":[{\"@type\":\"SearchAction\",\"target\":{\"@type\":\"EntryPoint\",\"urlTemplate\":\"https:\/\/pistonaddict.com\/sk\/?s={search_term_string}\"},\"query-input\":\"required name=search_term_string\"}],\"inLanguage\":\"sk-SK\"},{\"@type\":\"Organization\",\"@id\":\"https:\/\/pistonaddict.com\/sk\/#organization\",\"name\":\"Piston Addict\",\"url\":\"https:\/\/pistonaddict.com\/sk\/\",\"logo\":{\"@type\":\"ImageObject\",\"inLanguage\":\"sk-SK\",\"@id\":\"https:\/\/pistonaddict.com\/sk\/#\/schema\/logo\/image\/\",\"url\":\"https:\/\/pistonaddict.com\/wp-content\/uploads\/2022\/07\/logo-6.png\",\"contentUrl\":\"https:\/\/pistonaddict.com\/wp-content\/uploads\/2022\/07\/logo-6.png\",\"width\":970,\"height\":200,\"caption\":\"Piston Addict\"},\"image\":{\"@id\":\"https:\/\/pistonaddict.com\/sk\/#\/schema\/logo\/image\/\"}}]}<\/script>\n<!-- \/ Yoast SEO plugin. -->","yoast_head_json":{"title":"S\u00fa\u0165a\u017e BMW M4 - Piston Addict str\u00e1nky","robots":{"index":"index","follow":"follow","max-snippet":"max-snippet:-1","max-image-preview":"max-image-preview:large","max-video-preview":"max-video-preview:-1"},"canonical":"https:\/\/pistonaddict.com\/sk\/product\/bmw-m4-sutaz\/","og_locale":"sk_SK","og_type":"article","og_title":"S\u00fa\u0165a\u017e BMW M4 - Piston Addict str\u00e1nky","og_description":"Ak h\u013ead\u00e1te nie\u010do, \u010do bude na trati l\u00e1ma\u0165 rekordy, potrebujete \u0161portov\u00e9 auto. Na druhej strane, ak uprednost\u0148ujete pohodln\u00fa plavbu po ulici po\u010das slne\u010dn\u00e9ho d\u0148a, najlep\u0161ou vo\u013ebou je elegantn\u00fd kabriolet. Ak v\u0161ak chcete nie\u010do, \u010do dok\u00e1\u017ee oboje, potom sa v\u00e1m ur\u010dite bude p\u00e1\u010di\u0165 toto BMW M4 Competition, ktor\u00e9 m\u00e1me v aukcii. Je v bezchybnom stave, m\u00e1 jedn\u00e9ho predch\u00e1dzaj\u00faceho majite\u013ea a najazden\u00fdch 74 000 km.","og_url":"https:\/\/pistonaddict.com\/sk\/product\/bmw-m4-sutaz\/","og_site_name":"Piston Addict","article_modified_time":"2024-03-20T13:16:49+00:00","og_image":[{"width":1024,"height":612,"url":"https:\/\/pistonaddict.com\/wp-content\/uploads\/2024\/03\/1-1024x612.png","type":"image\/png"}],"twitter_card":"summary_large_image","twitter_misc":{"Predpokladan\u00fd \u010das \u010d\u00edtania":"3 min\u00faty"},"schema":{"@context":"https:\/\/schema.org","@graph":[{"@type":"WebPage","@id":"https:\/\/pistonaddict.com\/sk\/product\/bmw-m4-sutaz\/","url":"https:\/\/pistonaddict.com\/sk\/product\/bmw-m4-sutaz\/","name":"S\u00fa\u0165a\u017e BMW M4 - Piston Addict str\u00e1nky","isPartOf":{"@id":"https:\/\/pistonaddict.com\/sk\/#website"},"primaryImageOfPage":{"@id":"https:\/\/pistonaddict.com\/sk\/product\/bmw-m4-sutaz\/#primaryimage"},"image":{"@id":"https:\/\/pistonaddict.com\/sk\/product\/bmw-m4-sutaz\/#primaryimage"},"thumbnailUrl":"https:\/\/pistonaddict.com\/wp-content\/uploads\/2024\/03\/1.png","datePublished":"2024-03-15T17:51:57+00:00","dateModified":"2024-03-20T13:16:49+00:00","breadcrumb":{"@id":"https:\/\/pistonaddict.com\/sk\/product\/bmw-m4-sutaz\/#breadcrumb"},"inLanguage":"sk-SK","potentialAction":[{"@type":"ReadAction","target":["https:\/\/pistonaddict.com\/sk\/product\/bmw-m4-sutaz\/"]}]},{"@type":"ImageObject","inLanguage":"sk-SK","@id":"https:\/\/pistonaddict.com\/sk\/product\/bmw-m4-sutaz\/#primaryimage","url":"https:\/\/pistonaddict.com\/wp-content\/uploads\/2024\/03\/1.png","contentUrl":"https:\/\/pistonaddict.com\/wp-content\/uploads\/2024\/03\/1.png","width":2778,"height":1660},{"@type":"BreadcrumbList","@id":"https:\/\/pistonaddict.com\/sk\/product\/bmw-m4-sutaz\/#breadcrumb","itemListElement":[{"@type":"ListItem","position":1,"name":"domovskej str\u00e1nke","item":"https:\/\/pistonaddict.com\/sk\/uvodna-stranka\/"},{"@type":"ListItem","position":2,"name":"Auctions","item":"https:\/\/pistonaddict.com\/auctions-listing\/"},{"@type":"ListItem","position":3,"name":"S\u00fa\u0165a\u017e BMW M4"}]},{"@type":"WebSite","@id":"https:\/\/pistonaddict.com\/sk\/#website","url":"https:\/\/pistonaddict.com\/sk\/","name":"Piston Addict","description":"Only interesting vehicles","publisher":{"@id":"https:\/\/pistonaddict.com\/sk\/#organization"},"potentialAction":[{"@type":"SearchAction","target":{"@type":"EntryPoint","urlTemplate":"https:\/\/pistonaddict.com\/sk\/?s={search_term_string}"},"query-input":"required name=search_term_string"}],"inLanguage":"sk-SK"},{"@type":"Organization","@id":"https:\/\/pistonaddict.com\/sk\/#organization","name":"Piston Addict","url":"https:\/\/pistonaddict.com\/sk\/","logo":{"@type":"ImageObject","inLanguage":"sk-SK","@id":"https:\/\/pistonaddict.com\/sk\/#\/schema\/logo\/image\/","url":"https:\/\/pistonaddict.com\/wp-content\/uploads\/2022\/07\/logo-6.png","contentUrl":"https:\/\/pistonaddict.com\/wp-content\/uploads\/2022\/07\/logo-6.png","width":970,"height":200,"caption":"Piston Addict"},"image":{"@id":"https:\/\/pistonaddict.com\/sk\/#\/schema\/logo\/image\/"}}]}},"_links":{"self":[{"href":"https:\/\/pistonaddict.com\/sk\/wp-json\/wp\/v2\/product\/97458"}],"collection":[{"href":"https:\/\/pistonaddict.com\/sk\/wp-json\/wp\/v2\/product"}],"about":[{"href":"https:\/\/pistonaddict.com\/sk\/wp-json\/wp\/v2\/types\/product"}],"replies":[{"embeddable":true,"href":"https:\/\/pistonaddict.com\/sk\/wp-json\/wp\/v2\/comments?post=97458"}],"wp:featuredmedia":[{"embeddable":true,"href":"https:\/\/pistonaddict.com\/sk\/wp-json\/wp\/v2\/media\/96752"}],"wp:attachment":[{"href":"https:\/\/pistonaddict.com\/sk\/wp-json\/wp\/v2\/media?parent=97458"}],"wp:term":[{"taxonomy":"product_cat","embeddable":true,"href":"https:\/\/pistonaddict.com\/sk\/wp-json\/wp\/v2\/product_cat?post=97458"},{"taxonomy":"product_tag","embeddable":true,"href":"https:\/\/pistonaddict.com\/sk\/wp-json\/wp\/v2\/product_tag?post=97458"}],"curies":[{"name":"wp","href":"https:\/\/api.w.org\/{rel}","templated":true}]}}