{"id":96723,"date":"2024-03-15T17:17:18","date_gmt":"2024-03-15T16:17:18","guid":{"rendered":"https:\/\/pistonaddict.com\/product\/amg-sls-roadster\/"},"modified":"2024-03-19T16:40:33","modified_gmt":"2024-03-19T15:40:33","slug":"amg-sls-roadster","status":"publish","type":"product","link":"https:\/\/pistonaddict.com\/sk\/product\/amg-sls-roadster\/","title":{"rendered":"AMG SLS Roadster"},"content":{"rendered":"<p><strong>Hist\u00f3ria vozidla<\/strong><\/p>\n<p>Ke\u010f Mercedes v roku 2010 predstavil ikonick\u00fd model SLS AMG, automobilov\u00fd svet bol ohromen\u00fd. Klasick\u00fd pr\u00edstup, ale \u00faplne modern\u00e9 prevedenie, to bol \u010distokrvn\u00fd \u0161portov\u00fd automobil, ktor\u00fd jasne \u010derpal in\u0161pir\u00e1ciu zo sl\u00e1vnej minulosti zna\u010dky a legend\u00e1rneho modelu 300 SL Gullwing. Hoci sa spolo\u010dnos\u0165 Mercedes pri jeho navrhovan\u00ed pozerala do minulosti, zamerala sa na bud\u00facnos\u0165 s modernou kon\u0161trukciou podvozku, interi\u00e9rov\u00fdmi prvkami, komfortom a pohonn\u00fdm \u00fastrojenstvom. Pod touto dlhou kapotou sa nach\u00e1dzal 6,2-litrov\u00fd osemvalec (k\u00f3dov\u00e9 ozna\u010denie M156) s v\u00fdkonom 571 kon\u00ed, ktor\u00fd sa pren\u00e1\u0161al na zadn\u00e9 koles\u00e1 cez kompetentn\u00fa 7-stup\u0148ov\u00fa dvojspojkov\u00fa prevodovku. V\u00fdsledkom je auto, ktor\u00e9 vyzer\u00e1 \u00fa\u017easne a je st\u00e1le r\u00fdchle ako supercar. S \u010dasom z 0 na 100 km\/h len 3,8 sekundy a maxim\u00e1lnou r\u00fdchlos\u0165ou viac ako 310 km\/h je jasn\u00e9, pre\u010do Mercedes SLS AMG patr\u00ed medzi najr\u00fdchlej\u0161ie vozidl\u00e1 svojej \u00e9ry.<\/p>\n<p>Zauj\u00edmav\u00e9 je, \u017ee v\u00fdroba tohto neuverite\u013en\u00e9ho stroja bola pomerne kr\u00e1tka a v\u00fdroba tohto modelu bola ukon\u010den\u00e1 v roku 2014. Niektor\u00ed tvrdia, \u017ee Mercedes to urobil z\u00e1merne, aby zabezpe\u010dil exkluzivitu a vz\u00e1cnos\u0165 svojho najlep\u0161ieho modern\u00e9ho \u0161portov\u00e9ho vozidla. Tieto f\u00e1my m\u00f4\u017eu by\u0165 pravdiv\u00e9, ke\u010f\u017ee spolo\u010dnos\u0165 nikdy ofici\u00e1lne nezverejnila presn\u00e9 \u00fadaje o v\u00fdrobe. Pod\u013ea kvalifikovan\u00e9ho odhadu bolo dodan\u00fdch pribli\u017ene 8 000 kup\u00e9 a pribli\u017ene 4 000 roadsterov. Toto vozidlo je jedn\u00fdm z t\u00fdchto 4 000 exempl\u00e1rov, \u010do ho rob\u00ed e\u0161te exkluz\u00edvnej\u0161\u00edm a m\u00fdtickej\u0161\u00edm.<\/p>\n<p><strong>Interi\u00e9r<\/strong><\/p>\n<p>Interi\u00e9r tohto vozidla SLS AMG Roadster je dokon\u010den\u00fd v \u010diernej ko\u017ei s ko\u017eenou pr\u00edstrojovou doskou a je v perfektnom stave bez ak\u00fdchko\u013evek zn\u00e1mok pou\u017e\u00edvania. Sedadl\u00e1 a karty dver\u00ed s\u00fa bez ozna\u010denia; v\u0161etky funkcie funguj\u00fa spolu s naviga\u010dn\u00fdm syst\u00e9mom, pr\u00e9miov\u00fdm audiosyst\u00e9mom a vyhrievan\u00fdmi a elektricky ovl\u00e1dan\u00fdmi \u0161portov\u00fdmi sedadlami. Strecha kabrioletu je v stave ako nov\u00e1 a dokonale sa otv\u00e1ra a zatv\u00e1ra.<\/p>\n<p><strong>Stav<\/strong><\/p>\n<p>V\u017edy s rados\u0165ou pon\u00fakame vozidl\u00e1, ktor\u00e9 s\u00fa v stave ako nov\u00e9, a tento Mercedes SLS AMG Roadster z roku 2012 je jedn\u00fdm z nich. Toto vozidlo, ktor\u00e9 m\u00e1 od novoty najazden\u00fdch len 19 000 km, bolo v ruk\u00e1ch svojho prv\u00e9ho a jedin\u00e9ho majite\u013ea ve\u013emi m\u00e1lo pou\u017e\u00edvan\u00e9 a v priemere najazdilo menej ako 2 000 km ro\u010dne. To znamen\u00e1, \u017ee je v \u0161pi\u010dkovom mechanickom a estetickom stave a je \u00faplne p\u00f4vodn\u00fd z v\u00fdroby. Posledn\u00fd v\u00e4\u010d\u0161\u00ed servis bol vykonan\u00fd v roku 2018, pri\u010dom brzdy pre\u0161li gener\u00e1lnou opravou len ned\u00e1vno, v marci 2024. O vozidlo sa starostlivo staral predajca Mercedesu.<\/p>\n<p><strong>Exteri\u00e9r a koles\u00e1<\/strong><\/p>\n<p>Pri takom malom po\u010dte najazden\u00fdch kilometrov a posadnutej starostlivosti nie je prekvapen\u00edm, \u017ee karos\u00e9ria je ako nov\u00e1, bez \u0161krabancov a dier. Dokon\u010den\u00e9 v klasickom striebornom odtieni Mercedes (pripom\u00ednaj\u00facom pretek\u00e1rske vozidl\u00e1 Silver Arrow) vyzer\u00e1 \u00fa\u017easne s kontrastn\u00fdm \u010diernym interi\u00e9rom. Na vozidle s\u00fa p\u00f4vodn\u00e9 19-palcov\u00e9 koles\u00e1 obut\u00e9 do v\u00fdkonn\u00fdch pneumat\u00edk Continental ContiSport Contact (DOT 2017), ktor\u00e9 s\u00fa pou\u017eit\u00e9 pribli\u017ene na 50 %.<\/p>\n<p><strong>Dokument\u00e1cia<\/strong><\/p>\n<p>Predajca pred\u00e1va toto vozidlo v mene p\u00f4vodn\u00e9ho majite\u013ea s pr\u00edslu\u0161nou dokument\u00e1ciou, ktor\u00fd sa nach\u00e1dza v Belgicku. <a href=\"https:\/\/pistonaddict.com\/wp-content\/uploads\/2024\/03\/CarVerticalAMG.pdf\">Spr\u00e1va CarVertical<\/a> je \u010dist\u00e1, bez dokladov o nehod\u00e1ch, oprav\u00e1ch po nehode, vlastn\u00edctve alebo pr\u00e1vnych probl\u00e9moch. Existuj\u00fa z\u00e1znamy o pravidelnej \u00fadr\u017ebe a \u00fa\u010dty.<\/p>\n<p><strong>Pozrite si video so studen\u00fdm \u0161tartom tohto \u00fa\u017easn\u00e9ho AMG SLS Roadster :<\/strong><\/p>\n<p><iframe title=\"Cold Start Video of the AMG SLS Roadster\" width=\"1200\" height=\"675\" src=\"https:\/\/www.youtube.com\/embed\/vjLjXYVelXI?feature=oembed\" frameborder=\"0\" allow=\"accelerometer; autoplay; clipboard-write; encrypted-media; gyroscope; picture-in-picture; web-share\" allowfullscreen><\/iframe><\/p>\n","protected":false},"excerpt":{"rendered":"<p>Pri poh\u013eade na modern\u00e9 klasick\u00e9 vozidl\u00e1 zo Stuttgartu sa Mercedesu SLS AMG ni\u010d nevyrovn\u00e1. V\u010faka svojmu retro-futuristick\u00e9mu dizajnu, mohutn\u00e9mu 6,2-litrov\u00e9mu osemvalcu vpredu a skvel\u00e9mu v\u00fdkonu je SLS najvyh\u013ead\u00e1vanej\u0161\u00edm \u0161portov\u00fdm vozidlom zna\u010dky Mercedes od origin\u00e1lu z 50. rokov minul\u00e9ho storo\u010dia, ktor\u00fd od\u0161tartoval t\u00fato l\u00edniu. SLS je n\u00e1dhern\u00e9 vozidlo, ktor\u00e9 sa pred\u00e1va len zriedkavo, \u010do rob\u00ed tento exempl\u00e1r s n\u00edzkym po\u010dtom najazden\u00fdch kilometrov, jedin\u00fdm majite\u013eom a prakticky nov\u00fdm exempl\u00e1rom e\u0161te vz\u00e1cnej\u0161\u00edm a jedine\u010dnej\u0161\u00edm.<\/p>\n","protected":false},"featured_media":96003,"comment_status":"open","ping_status":"closed","template":"","meta":{"inline_featured_image":false},"product_cat":[755],"product_tag":[3075,2782,3072,941],"acf":[],"yoast_head":"<!-- This site is optimized with the Yoast SEO plugin v22.5 - https:\/\/yoast.com\/wordpress\/plugins\/seo\/ -->\n<title>AMG SLS Roadster - Piston Addict str\u00e1nky<\/title>\n<meta name=\"robots\" content=\"index, follow, max-snippet:-1, max-image-preview:large, max-video-preview:-1\" \/>\n<link rel=\"canonical\" href=\"https:\/\/pistonaddict.com\/sk\/product\/amg-sls-roadster\/\" \/>\n<meta property=\"og:locale\" content=\"sk_SK\" \/>\n<meta property=\"og:type\" content=\"article\" \/>\n<meta property=\"og:title\" content=\"AMG SLS Roadster - Piston Addict str\u00e1nky\" \/>\n<meta property=\"og:description\" content=\"Pri poh\u013eade na modern\u00e9 klasick\u00e9 vozidl\u00e1 zo Stuttgartu sa Mercedesu SLS AMG ni\u010d nevyrovn\u00e1. V\u010faka svojmu retro-futuristick\u00e9mu dizajnu, mohutn\u00e9mu 6,2-litrov\u00e9mu osemvalcu vpredu a skvel\u00e9mu v\u00fdkonu je SLS najvyh\u013ead\u00e1vanej\u0161\u00edm \u0161portov\u00fdm vozidlom zna\u010dky Mercedes od origin\u00e1lu z 50. rokov minul\u00e9ho storo\u010dia, ktor\u00fd od\u0161tartoval t\u00fato l\u00edniu. SLS je n\u00e1dhern\u00e9 vozidlo, ktor\u00e9 sa pred\u00e1va len zriedkavo, \u010do rob\u00ed tento exempl\u00e1r s n\u00edzkym po\u010dtom najazden\u00fdch kilometrov, jedin\u00fdm majite\u013eom a prakticky nov\u00fdm exempl\u00e1rom e\u0161te vz\u00e1cnej\u0161\u00edm a jedine\u010dnej\u0161\u00edm.\" \/>\n<meta property=\"og:url\" content=\"https:\/\/pistonaddict.com\/sk\/product\/amg-sls-roadster\/\" \/>\n<meta property=\"og:site_name\" content=\"Piston Addict\" \/>\n<meta property=\"article:modified_time\" content=\"2024-03-19T15:40:33+00:00\" \/>\n<meta property=\"og:image\" content=\"https:\/\/pistonaddict.com\/wp-content\/uploads\/2024\/03\/1-scaled.jpg\" \/>\n\t<meta property=\"og:image:width\" content=\"2560\" \/>\n\t<meta property=\"og:image:height\" content=\"1527\" \/>\n\t<meta property=\"og:image:type\" content=\"image\/jpeg\" \/>\n<meta name=\"twitter:card\" content=\"summary_large_image\" \/>\n<meta name=\"twitter:label1\" content=\"Predpokladan\u00fd \u010das \u010d\u00edtania\" \/>\n\t<meta name=\"twitter:data1\" content=\"3 min\u00faty\" \/>\n<script type=\"application\/ld+json\" class=\"yoast-schema-graph\">{\"@context\":\"https:\/\/schema.org\",\"@graph\":[{\"@type\":\"WebPage\",\"@id\":\"https:\/\/pistonaddict.com\/sk\/product\/amg-sls-roadster\/\",\"url\":\"https:\/\/pistonaddict.com\/sk\/product\/amg-sls-roadster\/\",\"name\":\"AMG SLS Roadster - Piston Addict str\u00e1nky\",\"isPartOf\":{\"@id\":\"https:\/\/pistonaddict.com\/sk\/#website\"},\"primaryImageOfPage\":{\"@id\":\"https:\/\/pistonaddict.com\/sk\/product\/amg-sls-roadster\/#primaryimage\"},\"image\":{\"@id\":\"https:\/\/pistonaddict.com\/sk\/product\/amg-sls-roadster\/#primaryimage\"},\"thumbnailUrl\":\"https:\/\/pistonaddict.com\/wp-content\/uploads\/2024\/03\/1-scaled.jpg\",\"datePublished\":\"2024-03-15T16:17:18+00:00\",\"dateModified\":\"2024-03-19T15:40:33+00:00\",\"breadcrumb\":{\"@id\":\"https:\/\/pistonaddict.com\/sk\/product\/amg-sls-roadster\/#breadcrumb\"},\"inLanguage\":\"sk-SK\",\"potentialAction\":[{\"@type\":\"ReadAction\",\"target\":[\"https:\/\/pistonaddict.com\/sk\/product\/amg-sls-roadster\/\"]}]},{\"@type\":\"ImageObject\",\"inLanguage\":\"sk-SK\",\"@id\":\"https:\/\/pistonaddict.com\/sk\/product\/amg-sls-roadster\/#primaryimage\",\"url\":\"https:\/\/pistonaddict.com\/wp-content\/uploads\/2024\/03\/1-scaled.jpg\",\"contentUrl\":\"https:\/\/pistonaddict.com\/wp-content\/uploads\/2024\/03\/1-scaled.jpg\",\"width\":2560,\"height\":1527},{\"@type\":\"BreadcrumbList\",\"@id\":\"https:\/\/pistonaddict.com\/sk\/product\/amg-sls-roadster\/#breadcrumb\",\"itemListElement\":[{\"@type\":\"ListItem\",\"position\":1,\"name\":\"domovskej str\u00e1nke\",\"item\":\"https:\/\/pistonaddict.com\/sk\/uvodna-stranka\/\"},{\"@type\":\"ListItem\",\"position\":2,\"name\":\"Auctions\",\"item\":\"https:\/\/pistonaddict.com\/auctions-listing\/\"},{\"@type\":\"ListItem\",\"position\":3,\"name\":\"AMG SLS Roadster\"}]},{\"@type\":\"WebSite\",\"@id\":\"https:\/\/pistonaddict.com\/sk\/#website\",\"url\":\"https:\/\/pistonaddict.com\/sk\/\",\"name\":\"Piston Addict\",\"description\":\"Only interesting vehicles\",\"publisher\":{\"@id\":\"https:\/\/pistonaddict.com\/sk\/#organization\"},\"potentialAction\":[{\"@type\":\"SearchAction\",\"target\":{\"@type\":\"EntryPoint\",\"urlTemplate\":\"https:\/\/pistonaddict.com\/sk\/?s={search_term_string}\"},\"query-input\":\"required name=search_term_string\"}],\"inLanguage\":\"sk-SK\"},{\"@type\":\"Organization\",\"@id\":\"https:\/\/pistonaddict.com\/sk\/#organization\",\"name\":\"Piston Addict\",\"url\":\"https:\/\/pistonaddict.com\/sk\/\",\"logo\":{\"@type\":\"ImageObject\",\"inLanguage\":\"sk-SK\",\"@id\":\"https:\/\/pistonaddict.com\/sk\/#\/schema\/logo\/image\/\",\"url\":\"https:\/\/pistonaddict.com\/wp-content\/uploads\/2022\/07\/logo-6.png\",\"contentUrl\":\"https:\/\/pistonaddict.com\/wp-content\/uploads\/2022\/07\/logo-6.png\",\"width\":970,\"height\":200,\"caption\":\"Piston Addict\"},\"image\":{\"@id\":\"https:\/\/pistonaddict.com\/sk\/#\/schema\/logo\/image\/\"}}]}<\/script>\n<!-- \/ Yoast SEO plugin. -->","yoast_head_json":{"title":"AMG SLS Roadster - Piston Addict str\u00e1nky","robots":{"index":"index","follow":"follow","max-snippet":"max-snippet:-1","max-image-preview":"max-image-preview:large","max-video-preview":"max-video-preview:-1"},"canonical":"https:\/\/pistonaddict.com\/sk\/product\/amg-sls-roadster\/","og_locale":"sk_SK","og_type":"article","og_title":"AMG SLS Roadster - Piston Addict str\u00e1nky","og_description":"Pri poh\u013eade na modern\u00e9 klasick\u00e9 vozidl\u00e1 zo Stuttgartu sa Mercedesu SLS AMG ni\u010d nevyrovn\u00e1. V\u010faka svojmu retro-futuristick\u00e9mu dizajnu, mohutn\u00e9mu 6,2-litrov\u00e9mu osemvalcu vpredu a skvel\u00e9mu v\u00fdkonu je SLS najvyh\u013ead\u00e1vanej\u0161\u00edm \u0161portov\u00fdm vozidlom zna\u010dky Mercedes od origin\u00e1lu z 50. rokov minul\u00e9ho storo\u010dia, ktor\u00fd od\u0161tartoval t\u00fato l\u00edniu. SLS je n\u00e1dhern\u00e9 vozidlo, ktor\u00e9 sa pred\u00e1va len zriedkavo, \u010do rob\u00ed tento exempl\u00e1r s n\u00edzkym po\u010dtom najazden\u00fdch kilometrov, jedin\u00fdm majite\u013eom a prakticky nov\u00fdm exempl\u00e1rom e\u0161te vz\u00e1cnej\u0161\u00edm a jedine\u010dnej\u0161\u00edm.","og_url":"https:\/\/pistonaddict.com\/sk\/product\/amg-sls-roadster\/","og_site_name":"Piston Addict","article_modified_time":"2024-03-19T15:40:33+00:00","og_image":[{"width":2560,"height":1527,"url":"https:\/\/pistonaddict.com\/wp-content\/uploads\/2024\/03\/1-scaled.jpg","type":"image\/jpeg"}],"twitter_card":"summary_large_image","twitter_misc":{"Predpokladan\u00fd \u010das \u010d\u00edtania":"3 min\u00faty"},"schema":{"@context":"https:\/\/schema.org","@graph":[{"@type":"WebPage","@id":"https:\/\/pistonaddict.com\/sk\/product\/amg-sls-roadster\/","url":"https:\/\/pistonaddict.com\/sk\/product\/amg-sls-roadster\/","name":"AMG SLS Roadster - Piston Addict str\u00e1nky","isPartOf":{"@id":"https:\/\/pistonaddict.com\/sk\/#website"},"primaryImageOfPage":{"@id":"https:\/\/pistonaddict.com\/sk\/product\/amg-sls-roadster\/#primaryimage"},"image":{"@id":"https:\/\/pistonaddict.com\/sk\/product\/amg-sls-roadster\/#primaryimage"},"thumbnailUrl":"https:\/\/pistonaddict.com\/wp-content\/uploads\/2024\/03\/1-scaled.jpg","datePublished":"2024-03-15T16:17:18+00:00","dateModified":"2024-03-19T15:40:33+00:00","breadcrumb":{"@id":"https:\/\/pistonaddict.com\/sk\/product\/amg-sls-roadster\/#breadcrumb"},"inLanguage":"sk-SK","potentialAction":[{"@type":"ReadAction","target":["https:\/\/pistonaddict.com\/sk\/product\/amg-sls-roadster\/"]}]},{"@type":"ImageObject","inLanguage":"sk-SK","@id":"https:\/\/pistonaddict.com\/sk\/product\/amg-sls-roadster\/#primaryimage","url":"https:\/\/pistonaddict.com\/wp-content\/uploads\/2024\/03\/1-scaled.jpg","contentUrl":"https:\/\/pistonaddict.com\/wp-content\/uploads\/2024\/03\/1-scaled.jpg","width":2560,"height":1527},{"@type":"BreadcrumbList","@id":"https:\/\/pistonaddict.com\/sk\/product\/amg-sls-roadster\/#breadcrumb","itemListElement":[{"@type":"ListItem","position":1,"name":"domovskej str\u00e1nke","item":"https:\/\/pistonaddict.com\/sk\/uvodna-stranka\/"},{"@type":"ListItem","position":2,"name":"Auctions","item":"https:\/\/pistonaddict.com\/auctions-listing\/"},{"@type":"ListItem","position":3,"name":"AMG SLS Roadster"}]},{"@type":"WebSite","@id":"https:\/\/pistonaddict.com\/sk\/#website","url":"https:\/\/pistonaddict.com\/sk\/","name":"Piston Addict","description":"Only interesting vehicles","publisher":{"@id":"https:\/\/pistonaddict.com\/sk\/#organization"},"potentialAction":[{"@type":"SearchAction","target":{"@type":"EntryPoint","urlTemplate":"https:\/\/pistonaddict.com\/sk\/?s={search_term_string}"},"query-input":"required name=search_term_string"}],"inLanguage":"sk-SK"},{"@type":"Organization","@id":"https:\/\/pistonaddict.com\/sk\/#organization","name":"Piston Addict","url":"https:\/\/pistonaddict.com\/sk\/","logo":{"@type":"ImageObject","inLanguage":"sk-SK","@id":"https:\/\/pistonaddict.com\/sk\/#\/schema\/logo\/image\/","url":"https:\/\/pistonaddict.com\/wp-content\/uploads\/2022\/07\/logo-6.png","contentUrl":"https:\/\/pistonaddict.com\/wp-content\/uploads\/2022\/07\/logo-6.png","width":970,"height":200,"caption":"Piston Addict"},"image":{"@id":"https:\/\/pistonaddict.com\/sk\/#\/schema\/logo\/image\/"}}]}},"_links":{"self":[{"href":"https:\/\/pistonaddict.com\/sk\/wp-json\/wp\/v2\/product\/96723"}],"collection":[{"href":"https:\/\/pistonaddict.com\/sk\/wp-json\/wp\/v2\/product"}],"about":[{"href":"https:\/\/pistonaddict.com\/sk\/wp-json\/wp\/v2\/types\/product"}],"replies":[{"embeddable":true,"href":"https:\/\/pistonaddict.com\/sk\/wp-json\/wp\/v2\/comments?post=96723"}],"wp:featuredmedia":[{"embeddable":true,"href":"https:\/\/pistonaddict.com\/sk\/wp-json\/wp\/v2\/media\/96003"}],"wp:attachment":[{"href":"https:\/\/pistonaddict.com\/sk\/wp-json\/wp\/v2\/media?parent=96723"}],"wp:term":[{"taxonomy":"product_cat","embeddable":true,"href":"https:\/\/pistonaddict.com\/sk\/wp-json\/wp\/v2\/product_cat?post=96723"},{"taxonomy":"product_tag","embeddable":true,"href":"https:\/\/pistonaddict.com\/sk\/wp-json\/wp\/v2\/product_tag?post=96723"}],"curies":[{"name":"wp","href":"https:\/\/api.w.org\/{rel}","templated":true}]}}