{"id":94130,"date":"2024-02-28T13:52:28","date_gmt":"2024-02-28T12:52:28","guid":{"rendered":"https:\/\/pistonaddict.com\/product\/fisker-karma\/"},"modified":"2024-03-19T16:38:56","modified_gmt":"2024-03-19T15:38:56","slug":"fisker-karma","status":"publish","type":"product","link":"https:\/\/pistonaddict.com\/sk\/product\/fisker-karma\/","title":{"rendered":"Fisker Karma"},"content":{"rendered":"<h2>Exteri\u00e9r<\/h2>\n<p>Zvonka, po\u010dn\u00fac prednou \u010das\u0165ou, m\u00e1 Karma n\u00edzko zavesen\u00fa predn\u00fa \u010das\u0165 so \u0161irok\u00fdmi mrie\u017ekami a pred\u013a\u017een\u00fdmi xen\u00f3nov\u00fdmi svetlometmi, ktor\u00e9 vozidlu dod\u00e1vaj\u00fa agres\u00edvny postoj. T\u00e1to t\u00e9ma pokra\u010duje aj na bokoch, kde svalnatej siluete dominuj\u00fa mohutn\u00e9 blatn\u00edky obop\u00ednaj\u00face 22-palcov\u00e9 koles\u00e1. Na \u0161irokej zadnej \u010dasti talianskeho superauta dod\u00e1vaj\u00fa Karme jedine\u010dn\u00fd vzh\u013ead na ceste detaily ako elegantn\u00e9 zadn\u00e9 svetl\u00e1 a reproduktory na mieste, kde by sme o\u010dak\u00e1vali koncovky v\u00fdfuku s pochr\u00f3movan\u00fdmi krytkami.<\/p>\n<p>Vozidlo je nalakovan\u00e9 modrou farbou Deep Ocean, ktor\u00e1 vyzer\u00e1 ve\u013ekolepo po\u010das jasn\u00fdch dn\u00ed, ke\u010f slne\u010dn\u00e9 l\u00fa\u010de zv\u00fdraznia jej \u0161upinatos\u0165. Ke\u010f u\u017e hovor\u00edme o slnku &#8211; Karma m\u00e1 sol\u00e1rne panely integrovan\u00e9 v streche, \u010do znamen\u00e1, \u017ee sa m\u00f4\u017ee dob\u00edja\u0165 u\u017e len t\u00fdm, \u017ee zaparkuje vonku.<\/p>\n<h2>Interi\u00e9r<\/h2>\n<p>Po nast\u00fapen\u00ed do vozidla sa ocitnete za \u0161tvorramenn\u00fdm ko\u017een\u00fdm volantom, ktor\u00fd r\u00e1muje elegantn\u00fd a futuristick\u00fd pr\u00edstrojov\u00fd panel. Na \u013eavej strane je r\u00fdchlomer s r\u00fdchlos\u0165ou do 220 km\/h. Na pravej strane je v\u0161ak namiesto ot\u00e1\u010dkomera zobrazen\u00e1 kapacita bat\u00e9rie a inform\u00e1cia o tom, \u010di sa bat\u00e9ria nab\u00edja alebo sa elektrick\u00e1 energia pou\u017e\u00edva na zr\u00fdchlenie. Pr\u00edstrojov\u00e1 doska je vybaven\u00e1 dotykov\u00fdm displejom, ktor\u00fd sl\u00fa\u017ei ako ovl\u00e1dacie centrum pre stereo, navig\u00e1ciu a klimatiz\u00e1ciu.<\/p>\n<p>Cel\u00fd interi\u00e9r je odet\u00fd do kombin\u00e1cie dreva, ko\u017ee a m\u00e4kkej Alcantary, \u010do mu dod\u00e1va vynikaj\u00faci pocit a vzh\u013ead. Jednou z vec\u00ed, ktor\u00e1 up\u00fata pozornos\u0165, je mas\u00edvny stredov\u00fd tunel, ktor\u00fd je nevyhnutn\u00fd, preto\u017ee sa v \u0148om nach\u00e1dzaj\u00fa bat\u00e9rie.<\/p>\n<h2>Mechanika<\/h2>\n<p>Akoko\u013evek \u00fa\u017easne vyzer\u00e1 zvonku aj zvn\u00fatra, najp\u00f4sobivej\u0161\u00ed je mechanick\u00fd z\u00e1klad vozidla Fisker. Ak odklop\u00edte kapotu, n\u00e1jdete pod \u0148ou motor ako v ka\u017edom inom aute. Tento prepl\u0148ovan\u00fd \u0161tvorvalec sa v\u0161ak nepou\u017e\u00edva na pohon kolies. Namiesto toho funguje ako gener\u00e1tor, ktor\u00fd nab\u00edja bat\u00e9rie, ke\u010f ich treba doplni\u0165.<\/p>\n<p>Vozidlo poh\u00e1\u0148aj\u00fa dva elektromotory, ktor\u00e9 pracuj\u00fa vo dvojici a pren\u00e1\u0161aj\u00fa v\u00fdkon na zadn\u00e9 koles\u00e1 cez diferenci\u00e1l s obmedzenou svornos\u0165ou. T\u00e1to kombin\u00e1cia dok\u00e1\u017ee vyvin\u00fa\u0165 v\u00fdkon a\u017e 409 kon\u00ed a kr\u00fatiaci moment 1300 Nm, \u010d\u00edm Karma z\u00edskava v\u00fdkon zodpovedaj\u00faci jej vzh\u013eadu.<\/p>\n<p>Ke\u010f\u017ee Fisker nechcel, aby bolo vozidlo pr\u00edli\u0161 \u0165a\u017ek\u00e9, preto\u017ee by to ohrozilo ovl\u00e1date\u013enos\u0165, bat\u00e9rie a v\u00fdsledn\u00fd dojazd v plne elektrickom re\u017eime nie s\u00fa pr\u00edli\u0161 ve\u013ek\u00e9. Po \u00faplnom nabit\u00ed dok\u00e1\u017ee Karma prejs\u0165 pribli\u017ene 80 kilometrov len na elektrick\u00fa energiu. Ale \u00faprimne povedan\u00e9, na v\u00e4\u010d\u0161inu ka\u017edodenn\u00e9ho doch\u00e1dzania do pr\u00e1ce je to pravdepodobne viac ne\u017e dos\u0165 a ako z\u00e1lo\u017en\u00fd gener\u00e1tor je v\u017edy k dispoz\u00edcii benz\u00ednov\u00fd motor.<\/p>\n<h2>Hist\u00f3ria vozidla<\/h2>\n<p>Na z\u00e1ver e\u0161te nieko\u013eko slov o stave vozidla Fisker, ktor\u00fd pred\u00e1vaj\u00faci ozna\u010duje za vynikaj\u00faci. A ak m\u00e1m by\u0165 \u00faprimn\u00fd, fotografie a kr\u00e1tke video hovoria o tom istom. Vozidlo bolo naposledy servisovan\u00e9 v novembri 2023 a okrem upozornenia na tlak v pneumatik\u00e1ch na pr\u00edstrojovej doske nem\u00e1 \u017eiadne nedostatky ani chyby. Je to zrejme preto, \u017ee vozidlo je v s\u00fa\u010dasnosti vybaven\u00e9 21-palcov\u00fdmi diskami Schmid, zatia\u013e \u010do syst\u00e9m TPMS je naprogramovan\u00fd na pr\u00e1cu s letnou 22-palcovou konfigur\u00e1ciou OEM. Majite\u013e tvrd\u00ed, \u017ee auto sa d\u00e1 prekalibrova\u0165 tak, aby rozpoznalo alternat\u00edvne rozmery pneumat\u00edk, ale nezaoberal sa t\u00fdm, preto\u017ee s n\u00edm v zime jazd\u00ed len zriedka. Okrem toho boli v roku 2022 vymenen\u00e9 v\u0161etky airbagy v r\u00e1mci rozsiahleho zvol\u00e1vania airbagov Takata.<\/p>\n<p>Ke\u010f\u017ee ide o hybridn\u00fd elektromobil, m\u00f4\u017ee to vyvol\u00e1va\u0165 obavy o stav bat\u00e9ri\u00ed, preto\u017ee ich v\u00fdmena je ve\u013emi n\u00e1kladn\u00e1. Pod\u013ea predajcu sa v\u0161ak nie je \u010doho ob\u00e1va\u0165, preto\u017ee bat\u00e9ria bola v auguste 2023 skontrolovan\u00e1 certifikovan\u00fdm technikom Fisker Karma, ktor\u00fd potvrdil, \u017ee je st\u00e1le plne funk\u010dn\u00e1. Vozidlo sa dod\u00e1va s origin\u00e1lnou mobilnou nab\u00edja\u010dkou, ktor\u00e1 sa prip\u00e1ja do z\u00e1suvky 220 V, a ru\u010dnou \u010d\u00edta\u010dkou k\u00f3dov OBD2. Rak\u00faska technick\u00e1 kontrola je \u00faspe\u0161ne absolvovan\u00e1 a platn\u00e1 do augusta 2024.<\/p>\n<p>Jedna pozn\u00e1mka k \u00fadr\u017ebe &#8211; hoci jedin\u00fd eur\u00f3psky autorizovan\u00fd predajca je v Holandsku, existuje mo\u017enos\u0165 necha\u0165 si ich kvalifikovan\u00e9ho \u0161pecialistu priletie\u0165 na miesto, kde sa postar\u00e1 o v\u0161etko, \u010do je potrebn\u00e9 urobi\u0165 (za predpokladu, \u017ee opravu mo\u017eno vykona\u0165 na mieste).<\/p>\n<p>Napokon, pred\u00e1vaj\u00faci, ktor\u00fd ho k\u00fapil v roku 2019, tvrd\u00ed, \u017ee vozidlo nikdy nemalo nehodu ani nebolo pou\u017e\u00edvan\u00e9 na pretek\u00e1rskej trati, \u010do m\u00f4\u017ee dodato\u010dne potvrdi\u0165 pr\u00edslu\u0161n\u00e1 <a href=\"https:\/\/pistonaddict.com\/wp-content\/uploads\/2024\/02\/FiskerKarma.pdf\">spr\u00e1va o hist\u00f3rii vozidla<\/a>. Za zmienku stoj\u00ed aj to, \u017ee pred\u00e1vaj\u00faci poskytne <a href=\"https:\/\/pistonaddict.com\/wp-content\/uploads\/2024\/02\/CoC1-rotated.jpg\">osved\u010denie o zhode<\/a>, ak chce kupuj\u00faci vozidlo presun\u00fa\u0165 mimo Rak\u00faska, kde je tento Fisker registrovan\u00fd od prv\u00e9ho d\u0148a.<\/p>\n<p><strong><br \/>\nPozrite si video so studen\u00fdm \u0161tartom tohto skvel\u00e9ho vozidla Fisker Karma :<\/strong><\/p>\n<p><iframe title=\"Cold Start Video of the Fisker Karma\" width=\"1200\" height=\"675\" src=\"https:\/\/www.youtube.com\/embed\/Ct2_uFf2FEw?feature=oembed\" frameborder=\"0\" allow=\"accelerometer; autoplay; clipboard-write; encrypted-media; gyroscope; picture-in-picture; web-share\" allowfullscreen><\/iframe><\/p>\n","protected":false},"excerpt":{"rendered":"<p>Ak h\u013ead\u00e1te \u0161portov\u00e9 auto, ktor\u00e9 odvezie \u0161tyri osoby a ich bato\u017einu, m\u00e1te z \u010doho vybera\u0165. Ak v\u0161ak chcete nie\u010do, \u010do v\u00e1s odl\u00ed\u0161i od be\u017en\u00fdch modelov, potom by sa v\u00e1m mohol p\u00e1\u010di\u0165 Fisker Karma. Pon\u00faka v\u0161etky v\u00fdhody elektromobilov bez ob\u00e1v z dojazdu a zv\u00fd\u0161enej hmotnosti, ktor\u00e9 sa s nimi zvy\u010dajne sp\u00e1jaj\u00fa. A \u010do viac, v\u0161etky tieto technick\u00e9 vymo\u017eenosti s\u00fa zabalen\u00e9 do ve\u013ekolep\u00e9ho tela. A v predaji tu m\u00e1me model z roku 2012, ktor\u00fd pred\u00e1va majite\u013e a ktor\u00fd doteraz najazdil 67 000 kilometrov. Pozrime sa bli\u017e\u0161ie na to, \u010do pon\u00faka.<\/p>\n","protected":false},"featured_media":93029,"comment_status":"open","ping_status":"closed","template":"","meta":{"inline_featured_image":false},"product_cat":[755],"product_tag":[2782,3044,941,1855,1854,3021],"acf":[],"yoast_head":"<!-- This site is optimized with the Yoast SEO plugin v22.5 - https:\/\/yoast.com\/wordpress\/plugins\/seo\/ -->\n<title>Fisker Karma - Piston Addict str\u00e1nky<\/title>\n<meta name=\"robots\" content=\"index, follow, max-snippet:-1, max-image-preview:large, max-video-preview:-1\" \/>\n<link rel=\"canonical\" href=\"https:\/\/pistonaddict.com\/sk\/product\/fisker-karma\/\" \/>\n<meta property=\"og:locale\" content=\"sk_SK\" \/>\n<meta property=\"og:type\" content=\"article\" \/>\n<meta property=\"og:title\" content=\"Fisker Karma - Piston Addict str\u00e1nky\" \/>\n<meta property=\"og:description\" content=\"Ak h\u013ead\u00e1te \u0161portov\u00e9 auto, ktor\u00e9 odvezie \u0161tyri osoby a ich bato\u017einu, m\u00e1te z \u010doho vybera\u0165. Ak v\u0161ak chcete nie\u010do, \u010do v\u00e1s odl\u00ed\u0161i od be\u017en\u00fdch modelov, potom by sa v\u00e1m mohol p\u00e1\u010di\u0165 Fisker Karma. Pon\u00faka v\u0161etky v\u00fdhody elektromobilov bez ob\u00e1v z dojazdu a zv\u00fd\u0161enej hmotnosti, ktor\u00e9 sa s nimi zvy\u010dajne sp\u00e1jaj\u00fa. A \u010do viac, v\u0161etky tieto technick\u00e9 vymo\u017eenosti s\u00fa zabalen\u00e9 do ve\u013ekolep\u00e9ho tela. A v predaji tu m\u00e1me model z roku 2012, ktor\u00fd pred\u00e1va majite\u013e a ktor\u00fd doteraz najazdil 67 000 kilometrov. Pozrime sa bli\u017e\u0161ie na to, \u010do pon\u00faka.\" \/>\n<meta property=\"og:url\" content=\"https:\/\/pistonaddict.com\/sk\/product\/fisker-karma\/\" \/>\n<meta property=\"og:site_name\" content=\"Piston Addict\" \/>\n<meta property=\"article:modified_time\" content=\"2024-03-19T15:38:56+00:00\" \/>\n<meta property=\"og:image\" content=\"https:\/\/pistonaddict.com\/wp-content\/uploads\/2024\/02\/1.jpg\" \/>\n\t<meta property=\"og:image:width\" content=\"1280\" \/>\n\t<meta property=\"og:image:height\" content=\"960\" \/>\n\t<meta property=\"og:image:type\" content=\"image\/jpeg\" \/>\n<meta name=\"twitter:card\" content=\"summary_large_image\" \/>\n<meta name=\"twitter:label1\" content=\"Predpokladan\u00fd \u010das \u010d\u00edtania\" \/>\n\t<meta name=\"twitter:data1\" content=\"4 min\u00faty\" \/>\n<script type=\"application\/ld+json\" class=\"yoast-schema-graph\">{\"@context\":\"https:\/\/schema.org\",\"@graph\":[{\"@type\":\"WebPage\",\"@id\":\"https:\/\/pistonaddict.com\/sk\/product\/fisker-karma\/\",\"url\":\"https:\/\/pistonaddict.com\/sk\/product\/fisker-karma\/\",\"name\":\"Fisker Karma - Piston Addict str\u00e1nky\",\"isPartOf\":{\"@id\":\"https:\/\/pistonaddict.com\/sk\/#website\"},\"primaryImageOfPage\":{\"@id\":\"https:\/\/pistonaddict.com\/sk\/product\/fisker-karma\/#primaryimage\"},\"image\":{\"@id\":\"https:\/\/pistonaddict.com\/sk\/product\/fisker-karma\/#primaryimage\"},\"thumbnailUrl\":\"https:\/\/pistonaddict.com\/wp-content\/uploads\/2024\/02\/1.jpg\",\"datePublished\":\"2024-02-28T12:52:28+00:00\",\"dateModified\":\"2024-03-19T15:38:56+00:00\",\"breadcrumb\":{\"@id\":\"https:\/\/pistonaddict.com\/sk\/product\/fisker-karma\/#breadcrumb\"},\"inLanguage\":\"sk-SK\",\"potentialAction\":[{\"@type\":\"ReadAction\",\"target\":[\"https:\/\/pistonaddict.com\/sk\/product\/fisker-karma\/\"]}]},{\"@type\":\"ImageObject\",\"inLanguage\":\"sk-SK\",\"@id\":\"https:\/\/pistonaddict.com\/sk\/product\/fisker-karma\/#primaryimage\",\"url\":\"https:\/\/pistonaddict.com\/wp-content\/uploads\/2024\/02\/1.jpg\",\"contentUrl\":\"https:\/\/pistonaddict.com\/wp-content\/uploads\/2024\/02\/1.jpg\",\"width\":1280,\"height\":960},{\"@type\":\"BreadcrumbList\",\"@id\":\"https:\/\/pistonaddict.com\/sk\/product\/fisker-karma\/#breadcrumb\",\"itemListElement\":[{\"@type\":\"ListItem\",\"position\":1,\"name\":\"domovskej str\u00e1nke\",\"item\":\"https:\/\/pistonaddict.com\/sk\/uvodna-stranka\/\"},{\"@type\":\"ListItem\",\"position\":2,\"name\":\"Auctions\",\"item\":\"https:\/\/pistonaddict.com\/auctions-listing\/\"},{\"@type\":\"ListItem\",\"position\":3,\"name\":\"Fisker Karma\"}]},{\"@type\":\"WebSite\",\"@id\":\"https:\/\/pistonaddict.com\/sk\/#website\",\"url\":\"https:\/\/pistonaddict.com\/sk\/\",\"name\":\"Piston Addict\",\"description\":\"Only interesting vehicles\",\"publisher\":{\"@id\":\"https:\/\/pistonaddict.com\/sk\/#organization\"},\"potentialAction\":[{\"@type\":\"SearchAction\",\"target\":{\"@type\":\"EntryPoint\",\"urlTemplate\":\"https:\/\/pistonaddict.com\/sk\/?s={search_term_string}\"},\"query-input\":\"required name=search_term_string\"}],\"inLanguage\":\"sk-SK\"},{\"@type\":\"Organization\",\"@id\":\"https:\/\/pistonaddict.com\/sk\/#organization\",\"name\":\"Piston Addict\",\"url\":\"https:\/\/pistonaddict.com\/sk\/\",\"logo\":{\"@type\":\"ImageObject\",\"inLanguage\":\"sk-SK\",\"@id\":\"https:\/\/pistonaddict.com\/sk\/#\/schema\/logo\/image\/\",\"url\":\"https:\/\/pistonaddict.com\/wp-content\/uploads\/2022\/07\/logo-6.png\",\"contentUrl\":\"https:\/\/pistonaddict.com\/wp-content\/uploads\/2022\/07\/logo-6.png\",\"width\":970,\"height\":200,\"caption\":\"Piston Addict\"},\"image\":{\"@id\":\"https:\/\/pistonaddict.com\/sk\/#\/schema\/logo\/image\/\"}}]}<\/script>\n<!-- \/ Yoast SEO plugin. -->","yoast_head_json":{"title":"Fisker Karma - Piston Addict str\u00e1nky","robots":{"index":"index","follow":"follow","max-snippet":"max-snippet:-1","max-image-preview":"max-image-preview:large","max-video-preview":"max-video-preview:-1"},"canonical":"https:\/\/pistonaddict.com\/sk\/product\/fisker-karma\/","og_locale":"sk_SK","og_type":"article","og_title":"Fisker Karma - Piston Addict str\u00e1nky","og_description":"Ak h\u013ead\u00e1te \u0161portov\u00e9 auto, ktor\u00e9 odvezie \u0161tyri osoby a ich bato\u017einu, m\u00e1te z \u010doho vybera\u0165. Ak v\u0161ak chcete nie\u010do, \u010do v\u00e1s odl\u00ed\u0161i od be\u017en\u00fdch modelov, potom by sa v\u00e1m mohol p\u00e1\u010di\u0165 Fisker Karma. Pon\u00faka v\u0161etky v\u00fdhody elektromobilov bez ob\u00e1v z dojazdu a zv\u00fd\u0161enej hmotnosti, ktor\u00e9 sa s nimi zvy\u010dajne sp\u00e1jaj\u00fa. A \u010do viac, v\u0161etky tieto technick\u00e9 vymo\u017eenosti s\u00fa zabalen\u00e9 do ve\u013ekolep\u00e9ho tela. A v predaji tu m\u00e1me model z roku 2012, ktor\u00fd pred\u00e1va majite\u013e a ktor\u00fd doteraz najazdil 67 000 kilometrov. Pozrime sa bli\u017e\u0161ie na to, \u010do pon\u00faka.","og_url":"https:\/\/pistonaddict.com\/sk\/product\/fisker-karma\/","og_site_name":"Piston Addict","article_modified_time":"2024-03-19T15:38:56+00:00","og_image":[{"width":1280,"height":960,"url":"https:\/\/pistonaddict.com\/wp-content\/uploads\/2024\/02\/1.jpg","type":"image\/jpeg"}],"twitter_card":"summary_large_image","twitter_misc":{"Predpokladan\u00fd \u010das \u010d\u00edtania":"4 min\u00faty"},"schema":{"@context":"https:\/\/schema.org","@graph":[{"@type":"WebPage","@id":"https:\/\/pistonaddict.com\/sk\/product\/fisker-karma\/","url":"https:\/\/pistonaddict.com\/sk\/product\/fisker-karma\/","name":"Fisker Karma - Piston Addict str\u00e1nky","isPartOf":{"@id":"https:\/\/pistonaddict.com\/sk\/#website"},"primaryImageOfPage":{"@id":"https:\/\/pistonaddict.com\/sk\/product\/fisker-karma\/#primaryimage"},"image":{"@id":"https:\/\/pistonaddict.com\/sk\/product\/fisker-karma\/#primaryimage"},"thumbnailUrl":"https:\/\/pistonaddict.com\/wp-content\/uploads\/2024\/02\/1.jpg","datePublished":"2024-02-28T12:52:28+00:00","dateModified":"2024-03-19T15:38:56+00:00","breadcrumb":{"@id":"https:\/\/pistonaddict.com\/sk\/product\/fisker-karma\/#breadcrumb"},"inLanguage":"sk-SK","potentialAction":[{"@type":"ReadAction","target":["https:\/\/pistonaddict.com\/sk\/product\/fisker-karma\/"]}]},{"@type":"ImageObject","inLanguage":"sk-SK","@id":"https:\/\/pistonaddict.com\/sk\/product\/fisker-karma\/#primaryimage","url":"https:\/\/pistonaddict.com\/wp-content\/uploads\/2024\/02\/1.jpg","contentUrl":"https:\/\/pistonaddict.com\/wp-content\/uploads\/2024\/02\/1.jpg","width":1280,"height":960},{"@type":"BreadcrumbList","@id":"https:\/\/pistonaddict.com\/sk\/product\/fisker-karma\/#breadcrumb","itemListElement":[{"@type":"ListItem","position":1,"name":"domovskej str\u00e1nke","item":"https:\/\/pistonaddict.com\/sk\/uvodna-stranka\/"},{"@type":"ListItem","position":2,"name":"Auctions","item":"https:\/\/pistonaddict.com\/auctions-listing\/"},{"@type":"ListItem","position":3,"name":"Fisker Karma"}]},{"@type":"WebSite","@id":"https:\/\/pistonaddict.com\/sk\/#website","url":"https:\/\/pistonaddict.com\/sk\/","name":"Piston Addict","description":"Only interesting vehicles","publisher":{"@id":"https:\/\/pistonaddict.com\/sk\/#organization"},"potentialAction":[{"@type":"SearchAction","target":{"@type":"EntryPoint","urlTemplate":"https:\/\/pistonaddict.com\/sk\/?s={search_term_string}"},"query-input":"required name=search_term_string"}],"inLanguage":"sk-SK"},{"@type":"Organization","@id":"https:\/\/pistonaddict.com\/sk\/#organization","name":"Piston Addict","url":"https:\/\/pistonaddict.com\/sk\/","logo":{"@type":"ImageObject","inLanguage":"sk-SK","@id":"https:\/\/pistonaddict.com\/sk\/#\/schema\/logo\/image\/","url":"https:\/\/pistonaddict.com\/wp-content\/uploads\/2022\/07\/logo-6.png","contentUrl":"https:\/\/pistonaddict.com\/wp-content\/uploads\/2022\/07\/logo-6.png","width":970,"height":200,"caption":"Piston Addict"},"image":{"@id":"https:\/\/pistonaddict.com\/sk\/#\/schema\/logo\/image\/"}}]}},"_links":{"self":[{"href":"https:\/\/pistonaddict.com\/sk\/wp-json\/wp\/v2\/product\/94130"}],"collection":[{"href":"https:\/\/pistonaddict.com\/sk\/wp-json\/wp\/v2\/product"}],"about":[{"href":"https:\/\/pistonaddict.com\/sk\/wp-json\/wp\/v2\/types\/product"}],"replies":[{"embeddable":true,"href":"https:\/\/pistonaddict.com\/sk\/wp-json\/wp\/v2\/comments?post=94130"}],"wp:featuredmedia":[{"embeddable":true,"href":"https:\/\/pistonaddict.com\/sk\/wp-json\/wp\/v2\/media\/93029"}],"wp:attachment":[{"href":"https:\/\/pistonaddict.com\/sk\/wp-json\/wp\/v2\/media?parent=94130"}],"wp:term":[{"taxonomy":"product_cat","embeddable":true,"href":"https:\/\/pistonaddict.com\/sk\/wp-json\/wp\/v2\/product_cat?post=94130"},{"taxonomy":"product_tag","embeddable":true,"href":"https:\/\/pistonaddict.com\/sk\/wp-json\/wp\/v2\/product_tag?post=94130"}],"curies":[{"name":"wp","href":"https:\/\/api.w.org\/{rel}","templated":true}]}}