{"id":92891,"date":"2024-02-23T14:19:05","date_gmt":"2024-02-23T13:19:05","guid":{"rendered":"https:\/\/pistonaddict.com\/product\/volkswagen-1303-cabrio-triple-white-beetle\/"},"modified":"2024-03-20T09:46:35","modified_gmt":"2024-03-20T08:46:35","slug":"volkswagen-1303-convertible-triple-white-beetle","status":"publish","type":"product","link":"https:\/\/pistonaddict.com\/sk\/product\/volkswagen-1303-convertible-triple-white-beetle\/","title":{"rendered":"Volkswagen 1303 Cabrio Triple White Beetle"},"content":{"rendered":"<p>Ak bol \u0161tandardn\u00fd Volkswagen Beetle ekonomick\u00fdm modelom, ktor\u00fd pos\u00faval svet na koles\u00e1, jeho verzia kabriolet bola v\u017edy tou luxusnej\u0161ou a prest\u00ed\u017enej\u0161ou. V prvom rade ho vyrobila sl\u00e1vna karos\u00e1re\u0148 Karmann a oproti \u0161tandardn\u00e9mu modelu sa vyzna\u010doval mnoh\u00fdmi \u00fapravami. Ne\u0161lo len o Beetle s padaj\u00facou strechou, ale o \u00faplne in\u00e9 vozidlo s vylep\u0161en\u00fdm podvozkom, in\u00fdmi dverami, \u010deln\u00fdmi sklami a \u0161pecifick\u00fdmi panelmi. Ku koncu dlh\u00e9ho obdobia v\u00fdroby dostal Volkswagen Beetle Cabrio modernizovan\u00fd motor, predn\u00e9 kot\u00fa\u010dov\u00e9 brzdy a viac prvkov, v\u010faka ktor\u00fdm sa stal lep\u0161\u00edm a schopnej\u0161\u00edm otvoren\u00fdm cestovn\u00fdm vozidlom. Dnes v\u00e1m s hrdos\u0165ou predstavujeme tak\u00e9to vozidlo. Volkswagen 1303 Cabrio z roku 1979 v jedine\u010dnej trojitej bielej farbe s 1,6-litrov\u00fdm motorom so vstrekovan\u00edm paliva a v \u00faplne p\u00f4vodnom stave. P\u00f4vodne sa tento neskor\u00fd model kabrioletu Beetle pred\u00e1val v USA pod n\u00e1zvom Super Beetle a patr\u00ed medzi \u017eiadanej\u0161ie exempl\u00e1re v\u010faka lep\u0161ej v\u00fdbave a motoru s v\u00fdkonom 48 k a maxim\u00e1lnou r\u00fdchlos\u0165ou 130 km\/h (82 km\/h). Tento konkr\u00e9tny automobil bol vyroben\u00fd v decembri 1979, \u010do z neho rob\u00ed jeden z posledn\u00fdch kabrioletov Beetle, ktor\u00e9ho v\u00fdroba sa skon\u010dila za\u010diatkom roka 1980. Volkswagen predal v roku 1980 len 4 572 kabrioletov 1303, z toho len ve\u013emi m\u00e1lo v trojfarebnej bielej farbe, a tento je jedn\u00fdm z nich. Tieto neskor\u0161ie modely maj\u00fa nieko\u013eko jedine\u010dn\u00fdch kon\u0161truk\u010dn\u00fdch prvkov, v\u010faka ktor\u00fdm s\u00fa e\u0161te praktickej\u0161ie a pr\u00edjemnej\u0161ie. Napr\u00edklad v\u00e4\u010d\u0161\u00ed predn\u00fd bato\u017einov\u00fd priestor a mierne zakriven\u00e9 \u010deln\u00e9 sklo zn\u00ed\u017eili hluk vetra, najm\u00e4 pri jazde so spustenou strechou.<\/p>\n<p><strong>Interi\u00e9r<\/strong><\/p>\n<p>Biele vinylov\u00e9 sedadl\u00e1 s\u00fa vo v\u00fdbornom stave a interi\u00e9r tohto atrakt\u00edvneho Beetle je \u00faplne p\u00f4vodn\u00fd. V\u010faka palubnej doske s dreven\u00fdm oblo\u017een\u00edm, jedine\u010dn\u00e9mu volantu a vylep\u0161enej ergon\u00f3mii ide o najluxusnej\u0161ie prostredie pre vodi\u010da zo v\u0161etk\u00fdch klasick\u00fdch Beetlov. Pr\u00edstrojov\u00e1 doska nie je prasknut\u00e1; audio syst\u00e9m m\u00e1 o\u010daruj\u00facu kazetov\u00fa jednotku Blaupunkt z 80. rokov.<\/p>\n<p><strong>Stav vozidla<\/strong><\/p>\n<p>Tento kabriolet 1303 s iba 94 000 najazden\u00fdmi kilometrami a nieko\u013ek\u00fdmi starostliv\u00fdmi majite\u013emi pre\u0161iel renov\u00e1ciou a zachoval si p\u00f4vodn\u00fd motor a prevodovku s rovnak\u00fdmi \u010d\u00edslami. Celkov\u00fd stav je takmer dokonal\u00fd, v\u0161etko je funk\u010dn\u00e9, bez \u0161kv\u0155n hrdze alebo zmeny farby. Posledn\u00e1 servisn\u00e1 prehliadka bola vykonan\u00e1 v okt\u00f3bri 2023 a vozidlo bez probl\u00e9mov pre\u0161lo ro\u010dnou technickou kontrolou v roku 2024. Na tak\u00fdchto vozidl\u00e1ch b\u00fdva \u010dasto problematick\u00e1 vinylov\u00e1 strecha, ale s rados\u0165ou m\u00f4\u017eeme ozn\u00e1mi\u0165, \u017ee aj t\u00e1 je v perfektnom stave, bez trhl\u00edn a netesnost\u00ed. Podvozok je rovnako \u010dist\u00fd ako karos\u00e9ria, bez probl\u00e9mov s hrdzou. Vozidlo bolo profesion\u00e1lne zrekon\u0161truovan\u00e9 pod\u013ea najvy\u0161\u0161\u00edch \u0161tandardov s pou\u017eit\u00edm origin\u00e1lnych dielov a udr\u017eiavan\u00e9 \u0161pecialistom VW. Od renov\u00e1cie bolo vozidlo ulo\u017een\u00e9 v klimatizovanej gar\u00e1\u017ei.<\/p>\n<p><strong>Exteri\u00e9r a koles\u00e1<\/strong><\/p>\n<p>Podpisov\u00e1 biela farba je v ide\u00e1lnom stave a trojit\u00e1 biela farebn\u00e1 sch\u00e9ma je origin\u00e1lna a vz\u00e1cna. Koles\u00e1 s\u00fa p\u00f4vodn\u00e9 15-palcov\u00e9 s chr\u00f3mov\u00fdmi krytmi n\u00e1bojov obut\u00e9 do \u00faplne nov\u00fdch (DOT 2023) a primerane ve\u013ek\u00fdch (175\/70\/R15) pneumat\u00edk.<\/p>\n<p><strong>Dokument\u00e1cia<\/strong><\/p>\n<p>S\u00fakromn\u00fd predajca pred\u00e1va toto vozidlo s pr\u00edslu\u0161nou dokument\u00e1ciou v Holandsku. <strong>Holandsk\u00fd MOT (APK) je platn\u00fd do augusta 2024<\/strong>. Existuj\u00fa z\u00e1znamy o pravidelnej \u00fadr\u017ebe, \u00fa\u010dty za predaj a \u00fa\u010dtenky. Dokument\u00e1cia obsahuje origin\u00e1lny titul majite\u013ea, bro\u017e\u00fary, <a href=\"https:\/\/pistonaddict.com\/wp-content\/uploads\/2024\/02\/Zertificat.pdf\" target=\"blank\" rel=\"noopener\">odborn\u00e9 posudky VW classic<\/a> a registra\u010dn\u00e9 doklady. Na tento model nie je k dispoz\u00edcii \u017eiadna v\u00fdrobn\u00e1 z\u00e1ruka.<\/p>\n<p><strong><br \/>\nPozrite si video so studen\u00fdm \u0161tartom tohto kr\u00e1sneho kabrioletu Beetle Triple White :<\/strong><\/p>\n<p>&nbsp;<\/p>\n<p><iframe title=\"Cold Start Video of the Volkswagen Coccinelle\/Beetle Cabriolet 1.6 Triple White\" width=\"1200\" height=\"675\" src=\"https:\/\/www.youtube.com\/embed\/G0rjRvyjhRo?feature=oembed\" frameborder=\"0\" allow=\"accelerometer; autoplay; clipboard-write; encrypted-media; gyroscope; picture-in-picture; web-share\" allowfullscreen><\/iframe><\/p>\n<p><strong> <\/strong><\/p>\n","protected":false},"excerpt":{"rendered":"<p>Rovnomenn\u00fd Volkswagen Beetle bol jedn\u00fdm z najobdivovanej\u0161\u00edch automobilov 20. storo\u010dia a st\u00e1le patr\u00ed medzi najlep\u0161ie \u0161tartovacie klasiky. Jeho verzia kabriolet je v\u0161ak ove\u013ea vz\u00e1cnej\u0161ia, chladnej\u0161ia a ide\u00e1lna na jazdu pod hol\u00fdm nebom po pobre\u017e\u00ed s nezamenite\u013en\u00fdm zvukom ploch\u00e9ho \u0161tvorvalca. Ak ste o\u010daren\u00ed klasick\u00fdmi l\u00edniami Chrob\u00e1ka, ale h\u013ead\u00e1te vozidlo s lep\u0161\u00edmi jazdn\u00fdmi vlastnos\u0165ami a v\u00fdkonom, toto je pre v\u00e1s ide\u00e1lne auto. \u017diadanej\u0161\u00ed, neskor\u0161\u00ed model 1303 Cabrio s v\u00fdkonnej\u0161\u00edm motorom so vstrekovan\u00edm paliva, pripraven\u00fd na letn\u00fa sez\u00f3nu.<\/p>\n","protected":false},"featured_media":92692,"comment_status":"open","ping_status":"closed","template":"","meta":{"inline_featured_image":false},"product_cat":[755],"product_tag":[2963,947,2961],"acf":[],"yoast_head":"<!-- This site is optimized with the Yoast SEO plugin v22.5 - https:\/\/yoast.com\/wordpress\/plugins\/seo\/ -->\n<title>Volkswagen 1303 Cabrio Triple White Beetle - Piston Addict str\u00e1nky<\/title>\n<meta name=\"robots\" content=\"index, follow, max-snippet:-1, max-image-preview:large, max-video-preview:-1\" \/>\n<link rel=\"canonical\" href=\"https:\/\/pistonaddict.com\/sk\/product\/volkswagen-1303-convertible-triple-white-beetle\/\" \/>\n<meta property=\"og:locale\" content=\"sk_SK\" \/>\n<meta property=\"og:type\" content=\"article\" \/>\n<meta property=\"og:title\" content=\"Volkswagen 1303 Cabrio Triple White Beetle - Piston Addict str\u00e1nky\" \/>\n<meta property=\"og:description\" content=\"Rovnomenn\u00fd Volkswagen Beetle bol jedn\u00fdm z najobdivovanej\u0161\u00edch automobilov 20. storo\u010dia a st\u00e1le patr\u00ed medzi najlep\u0161ie \u0161tartovacie klasiky. Jeho verzia kabriolet je v\u0161ak ove\u013ea vz\u00e1cnej\u0161ia, chladnej\u0161ia a ide\u00e1lna na jazdu pod hol\u00fdm nebom po pobre\u017e\u00ed s nezamenite\u013en\u00fdm zvukom ploch\u00e9ho \u0161tvorvalca. Ak ste o\u010daren\u00ed klasick\u00fdmi l\u00edniami Chrob\u00e1ka, ale h\u013ead\u00e1te vozidlo s lep\u0161\u00edmi jazdn\u00fdmi vlastnos\u0165ami a v\u00fdkonom, toto je pre v\u00e1s ide\u00e1lne auto. \u017diadanej\u0161\u00ed, neskor\u0161\u00ed model 1303 Cabrio s v\u00fdkonnej\u0161\u00edm motorom so vstrekovan\u00edm paliva, pripraven\u00fd na letn\u00fa sez\u00f3nu.\" \/>\n<meta property=\"og:url\" content=\"https:\/\/pistonaddict.com\/sk\/product\/volkswagen-1303-convertible-triple-white-beetle\/\" \/>\n<meta property=\"og:site_name\" content=\"Piston Addict\" \/>\n<meta property=\"article:modified_time\" content=\"2024-03-20T08:46:35+00:00\" \/>\n<meta property=\"og:image\" content=\"https:\/\/pistonaddict.com\/wp-content\/uploads\/2024\/02\/b2c02738-a5a6-4266-893c-b51da700edcd-1.jpg\" \/>\n\t<meta property=\"og:image:width\" content=\"1600\" \/>\n\t<meta property=\"og:image:height\" content=\"1200\" \/>\n\t<meta property=\"og:image:type\" content=\"image\/jpeg\" \/>\n<meta name=\"twitter:card\" content=\"summary_large_image\" \/>\n<meta name=\"twitter:label1\" content=\"Predpokladan\u00fd \u010das \u010d\u00edtania\" \/>\n\t<meta name=\"twitter:data1\" content=\"3 min\u00faty\" \/>\n<script type=\"application\/ld+json\" class=\"yoast-schema-graph\">{\"@context\":\"https:\/\/schema.org\",\"@graph\":[{\"@type\":\"WebPage\",\"@id\":\"https:\/\/pistonaddict.com\/sk\/product\/volkswagen-1303-convertible-triple-white-beetle\/\",\"url\":\"https:\/\/pistonaddict.com\/sk\/product\/volkswagen-1303-convertible-triple-white-beetle\/\",\"name\":\"Volkswagen 1303 Cabrio Triple White Beetle - Piston Addict str\u00e1nky\",\"isPartOf\":{\"@id\":\"https:\/\/pistonaddict.com\/sk\/#website\"},\"primaryImageOfPage\":{\"@id\":\"https:\/\/pistonaddict.com\/sk\/product\/volkswagen-1303-convertible-triple-white-beetle\/#primaryimage\"},\"image\":{\"@id\":\"https:\/\/pistonaddict.com\/sk\/product\/volkswagen-1303-convertible-triple-white-beetle\/#primaryimage\"},\"thumbnailUrl\":\"https:\/\/pistonaddict.com\/wp-content\/uploads\/2024\/02\/b2c02738-a5a6-4266-893c-b51da700edcd-1.jpg\",\"datePublished\":\"2024-02-23T13:19:05+00:00\",\"dateModified\":\"2024-03-20T08:46:35+00:00\",\"breadcrumb\":{\"@id\":\"https:\/\/pistonaddict.com\/sk\/product\/volkswagen-1303-convertible-triple-white-beetle\/#breadcrumb\"},\"inLanguage\":\"sk-SK\",\"potentialAction\":[{\"@type\":\"ReadAction\",\"target\":[\"https:\/\/pistonaddict.com\/sk\/product\/volkswagen-1303-convertible-triple-white-beetle\/\"]}]},{\"@type\":\"ImageObject\",\"inLanguage\":\"sk-SK\",\"@id\":\"https:\/\/pistonaddict.com\/sk\/product\/volkswagen-1303-convertible-triple-white-beetle\/#primaryimage\",\"url\":\"https:\/\/pistonaddict.com\/wp-content\/uploads\/2024\/02\/b2c02738-a5a6-4266-893c-b51da700edcd-1.jpg\",\"contentUrl\":\"https:\/\/pistonaddict.com\/wp-content\/uploads\/2024\/02\/b2c02738-a5a6-4266-893c-b51da700edcd-1.jpg\",\"width\":1600,\"height\":1200},{\"@type\":\"BreadcrumbList\",\"@id\":\"https:\/\/pistonaddict.com\/sk\/product\/volkswagen-1303-convertible-triple-white-beetle\/#breadcrumb\",\"itemListElement\":[{\"@type\":\"ListItem\",\"position\":1,\"name\":\"domovskej str\u00e1nke\",\"item\":\"https:\/\/pistonaddict.com\/sk\/uvodna-stranka\/\"},{\"@type\":\"ListItem\",\"position\":2,\"name\":\"Auctions\",\"item\":\"https:\/\/pistonaddict.com\/auctions-listing\/\"},{\"@type\":\"ListItem\",\"position\":3,\"name\":\"Volkswagen 1303 Cabrio Triple White Beetle\"}]},{\"@type\":\"WebSite\",\"@id\":\"https:\/\/pistonaddict.com\/sk\/#website\",\"url\":\"https:\/\/pistonaddict.com\/sk\/\",\"name\":\"Piston Addict\",\"description\":\"Only interesting vehicles\",\"publisher\":{\"@id\":\"https:\/\/pistonaddict.com\/sk\/#organization\"},\"potentialAction\":[{\"@type\":\"SearchAction\",\"target\":{\"@type\":\"EntryPoint\",\"urlTemplate\":\"https:\/\/pistonaddict.com\/sk\/?s={search_term_string}\"},\"query-input\":\"required name=search_term_string\"}],\"inLanguage\":\"sk-SK\"},{\"@type\":\"Organization\",\"@id\":\"https:\/\/pistonaddict.com\/sk\/#organization\",\"name\":\"Piston Addict\",\"url\":\"https:\/\/pistonaddict.com\/sk\/\",\"logo\":{\"@type\":\"ImageObject\",\"inLanguage\":\"sk-SK\",\"@id\":\"https:\/\/pistonaddict.com\/sk\/#\/schema\/logo\/image\/\",\"url\":\"https:\/\/pistonaddict.com\/wp-content\/uploads\/2022\/07\/logo-6.png\",\"contentUrl\":\"https:\/\/pistonaddict.com\/wp-content\/uploads\/2022\/07\/logo-6.png\",\"width\":970,\"height\":200,\"caption\":\"Piston Addict\"},\"image\":{\"@id\":\"https:\/\/pistonaddict.com\/sk\/#\/schema\/logo\/image\/\"}}]}<\/script>\n<!-- \/ Yoast SEO plugin. -->","yoast_head_json":{"title":"Volkswagen 1303 Cabrio Triple White Beetle - Piston Addict str\u00e1nky","robots":{"index":"index","follow":"follow","max-snippet":"max-snippet:-1","max-image-preview":"max-image-preview:large","max-video-preview":"max-video-preview:-1"},"canonical":"https:\/\/pistonaddict.com\/sk\/product\/volkswagen-1303-convertible-triple-white-beetle\/","og_locale":"sk_SK","og_type":"article","og_title":"Volkswagen 1303 Cabrio Triple White Beetle - Piston Addict str\u00e1nky","og_description":"Rovnomenn\u00fd Volkswagen Beetle bol jedn\u00fdm z najobdivovanej\u0161\u00edch automobilov 20. storo\u010dia a st\u00e1le patr\u00ed medzi najlep\u0161ie \u0161tartovacie klasiky. Jeho verzia kabriolet je v\u0161ak ove\u013ea vz\u00e1cnej\u0161ia, chladnej\u0161ia a ide\u00e1lna na jazdu pod hol\u00fdm nebom po pobre\u017e\u00ed s nezamenite\u013en\u00fdm zvukom ploch\u00e9ho \u0161tvorvalca. Ak ste o\u010daren\u00ed klasick\u00fdmi l\u00edniami Chrob\u00e1ka, ale h\u013ead\u00e1te vozidlo s lep\u0161\u00edmi jazdn\u00fdmi vlastnos\u0165ami a v\u00fdkonom, toto je pre v\u00e1s ide\u00e1lne auto. \u017diadanej\u0161\u00ed, neskor\u0161\u00ed model 1303 Cabrio s v\u00fdkonnej\u0161\u00edm motorom so vstrekovan\u00edm paliva, pripraven\u00fd na letn\u00fa sez\u00f3nu.","og_url":"https:\/\/pistonaddict.com\/sk\/product\/volkswagen-1303-convertible-triple-white-beetle\/","og_site_name":"Piston Addict","article_modified_time":"2024-03-20T08:46:35+00:00","og_image":[{"width":1600,"height":1200,"url":"https:\/\/pistonaddict.com\/wp-content\/uploads\/2024\/02\/b2c02738-a5a6-4266-893c-b51da700edcd-1.jpg","type":"image\/jpeg"}],"twitter_card":"summary_large_image","twitter_misc":{"Predpokladan\u00fd \u010das \u010d\u00edtania":"3 min\u00faty"},"schema":{"@context":"https:\/\/schema.org","@graph":[{"@type":"WebPage","@id":"https:\/\/pistonaddict.com\/sk\/product\/volkswagen-1303-convertible-triple-white-beetle\/","url":"https:\/\/pistonaddict.com\/sk\/product\/volkswagen-1303-convertible-triple-white-beetle\/","name":"Volkswagen 1303 Cabrio Triple White Beetle - Piston Addict str\u00e1nky","isPartOf":{"@id":"https:\/\/pistonaddict.com\/sk\/#website"},"primaryImageOfPage":{"@id":"https:\/\/pistonaddict.com\/sk\/product\/volkswagen-1303-convertible-triple-white-beetle\/#primaryimage"},"image":{"@id":"https:\/\/pistonaddict.com\/sk\/product\/volkswagen-1303-convertible-triple-white-beetle\/#primaryimage"},"thumbnailUrl":"https:\/\/pistonaddict.com\/wp-content\/uploads\/2024\/02\/b2c02738-a5a6-4266-893c-b51da700edcd-1.jpg","datePublished":"2024-02-23T13:19:05+00:00","dateModified":"2024-03-20T08:46:35+00:00","breadcrumb":{"@id":"https:\/\/pistonaddict.com\/sk\/product\/volkswagen-1303-convertible-triple-white-beetle\/#breadcrumb"},"inLanguage":"sk-SK","potentialAction":[{"@type":"ReadAction","target":["https:\/\/pistonaddict.com\/sk\/product\/volkswagen-1303-convertible-triple-white-beetle\/"]}]},{"@type":"ImageObject","inLanguage":"sk-SK","@id":"https:\/\/pistonaddict.com\/sk\/product\/volkswagen-1303-convertible-triple-white-beetle\/#primaryimage","url":"https:\/\/pistonaddict.com\/wp-content\/uploads\/2024\/02\/b2c02738-a5a6-4266-893c-b51da700edcd-1.jpg","contentUrl":"https:\/\/pistonaddict.com\/wp-content\/uploads\/2024\/02\/b2c02738-a5a6-4266-893c-b51da700edcd-1.jpg","width":1600,"height":1200},{"@type":"BreadcrumbList","@id":"https:\/\/pistonaddict.com\/sk\/product\/volkswagen-1303-convertible-triple-white-beetle\/#breadcrumb","itemListElement":[{"@type":"ListItem","position":1,"name":"domovskej str\u00e1nke","item":"https:\/\/pistonaddict.com\/sk\/uvodna-stranka\/"},{"@type":"ListItem","position":2,"name":"Auctions","item":"https:\/\/pistonaddict.com\/auctions-listing\/"},{"@type":"ListItem","position":3,"name":"Volkswagen 1303 Cabrio Triple White Beetle"}]},{"@type":"WebSite","@id":"https:\/\/pistonaddict.com\/sk\/#website","url":"https:\/\/pistonaddict.com\/sk\/","name":"Piston Addict","description":"Only interesting vehicles","publisher":{"@id":"https:\/\/pistonaddict.com\/sk\/#organization"},"potentialAction":[{"@type":"SearchAction","target":{"@type":"EntryPoint","urlTemplate":"https:\/\/pistonaddict.com\/sk\/?s={search_term_string}"},"query-input":"required name=search_term_string"}],"inLanguage":"sk-SK"},{"@type":"Organization","@id":"https:\/\/pistonaddict.com\/sk\/#organization","name":"Piston Addict","url":"https:\/\/pistonaddict.com\/sk\/","logo":{"@type":"ImageObject","inLanguage":"sk-SK","@id":"https:\/\/pistonaddict.com\/sk\/#\/schema\/logo\/image\/","url":"https:\/\/pistonaddict.com\/wp-content\/uploads\/2022\/07\/logo-6.png","contentUrl":"https:\/\/pistonaddict.com\/wp-content\/uploads\/2022\/07\/logo-6.png","width":970,"height":200,"caption":"Piston Addict"},"image":{"@id":"https:\/\/pistonaddict.com\/sk\/#\/schema\/logo\/image\/"}}]}},"_links":{"self":[{"href":"https:\/\/pistonaddict.com\/sk\/wp-json\/wp\/v2\/product\/92891"}],"collection":[{"href":"https:\/\/pistonaddict.com\/sk\/wp-json\/wp\/v2\/product"}],"about":[{"href":"https:\/\/pistonaddict.com\/sk\/wp-json\/wp\/v2\/types\/product"}],"replies":[{"embeddable":true,"href":"https:\/\/pistonaddict.com\/sk\/wp-json\/wp\/v2\/comments?post=92891"}],"wp:featuredmedia":[{"embeddable":true,"href":"https:\/\/pistonaddict.com\/sk\/wp-json\/wp\/v2\/media\/92692"}],"wp:attachment":[{"href":"https:\/\/pistonaddict.com\/sk\/wp-json\/wp\/v2\/media?parent=92891"}],"wp:term":[{"taxonomy":"product_cat","embeddable":true,"href":"https:\/\/pistonaddict.com\/sk\/wp-json\/wp\/v2\/product_cat?post=92891"},{"taxonomy":"product_tag","embeddable":true,"href":"https:\/\/pistonaddict.com\/sk\/wp-json\/wp\/v2\/product_tag?post=92891"}],"curies":[{"name":"wp","href":"https:\/\/api.w.org\/{rel}","templated":true}]}}