{"id":89360,"date":"2024-01-31T11:03:43","date_gmt":"2024-01-31T10:03:43","guid":{"rendered":"https:\/\/pistonaddict.com\/product\/abarth-695-tributo-ferrari-no424\/"},"modified":"2024-03-20T09:46:42","modified_gmt":"2024-03-20T08:46:42","slug":"abarth-695-tributo-ferrari-no424","status":"publish","type":"product","link":"https:\/\/pistonaddict.com\/sk\/product\/abarth-695-tributo-ferrari-no424\/","title":{"rendered":"Abarth 695 Tributo Ferrari n\u00ba424"},"content":{"rendered":"<h2>Exteri\u00e9r<\/h2>\n<p>Model 695, ktor\u00fd vych\u00e1dza zo sl\u00e1vneho a ve\u013emi ob\u013e\u00faben\u00e9ho Fiatu 500, pravdepodobne netreba pr\u00edli\u0161 predstavova\u0165. Spolo\u010dnos\u0165 Abarth pridala mas\u00edvne n\u00e1razn\u00edky vpredu a vzadu spolu so zodpovedaj\u00facimi krytmi prahov, zadn\u00fd spojler a dvojit\u00fd v\u00fdfuk. A potom, aby ho e\u0161te viac okorenili, namontovali detaily, ako s\u00fa kryty zrkadiel z uhl\u00edkov\u00fdch vl\u00e1kien a p\u00fatav\u00fd n\u00e1pis <em>Tributo Ferrari<\/em> na zadn\u00fdch \u0161tvrtinov\u00fdch paneloch.<br \/>\nTento konkr\u00e9tny Abart 695 je lakovan\u00fd v ohnivo \u010dervenej farbe so siv\u00fdmi pretek\u00e1rskymi p\u00e1smi, ktor\u00e9 za\u010d\u00ednaj\u00fa na kapote, presahuj\u00fa cez strechu a kon\u010dia na zadn\u00fdch dver\u00e1ch. O tom, ako ve\u013emi bolo auto jazden\u00e9, presnej\u0161ie povedan\u00e9 nejazden\u00e9, najlep\u0161ie sved\u010dia 17-palcov\u00e9 koles\u00e1, na ktor\u00fdch s\u00fa st\u00e1le namontovan\u00e9 tov\u00e1rensk\u00e9 pneumatiky Michelin Pilot.<\/p>\n<h2>Interi\u00e9r<\/h2>\n<p>Rovnako ako zvonku, aj v interi\u00e9ri vozidla sa r\u00fdchlo prejav\u00ed jeho prav\u00e1 povaha. Na za\u010diatok, predn\u00e9 vedrov\u00e9 sedadl\u00e1 vyroben\u00e9 spolo\u010dnos\u0165ou Sabelt maj\u00fa \u0161trukt\u00faru z uhl\u00edkov\u00fdch vl\u00e1kien a s\u00fa mimoriadne oporn\u00e9. Po usaden\u00ed sa do nich sa vodi\u010d ocitne za trojramenn\u00fdm ko\u017een\u00fdm volantom s \u010derven\u00fdmi akcentmi a pre\u0161\u00edvan\u00edm. Ke\u010f\u017ee ide o model s automatickou prevodovkou, tento Abart nem\u00e1 na stredovej konzole radiacu p\u00e1ku &#8211; namiesto nej je tu len nieko\u013eko tla\u010didiel na vo\u013ebu spiato\u010dky, jazdy alebo neutr\u00e1lu. Na volante s\u00fa v\u0161ak aj p\u00e1dla, ktor\u00e9 sl\u00fa\u017eia na manu\u00e1lne radenie r\u00fdchlostn\u00fdch stup\u0148ov.<\/p>\n<p>Cel\u00fd interi\u00e9r je pokryt\u00fd n\u00e1dhern\u00fdmi detailmi, ako s\u00fa karb\u00f3nov\u00e9 ozdobn\u00e9 prvky, klimatiz\u00e1cia, stereo s pripojen\u00edm USB, ako aj odznaky <em>Tributo Ferrari<\/em> po celom obvode.<\/p>\n<h2>Mechanika<\/h2>\n<p>Tento agres\u00edvne vyzeraj\u00faci taliansky \u0161portiak m\u00e1 1,4-litrov\u00fd prepl\u0148ovan\u00fd motor, z ktor\u00e9ho sa in\u017einierom Abarthu podarilo vy\u017em\u00fdka\u0165 \u00fa\u017easn\u00fdch 180 kon\u00ed. V\u00fdkon sa na predn\u00e9 koles\u00e1 pren\u00e1\u0161a prostredn\u00edctvom poloautomatickej prevodovky MTA, ktor\u00e1 funguje v automatickom alebo manu\u00e1lnom re\u017eime. Je ist\u00e9, \u017ee ke\u010f sa do tak\u00e9ho \u013eahk\u00e9ho vozidla vlo\u017e\u00ed to\u013eko v\u00fdkonu, dosiahne sa ve\u013ekolep\u00fd v\u00fdkon, napr\u00edklad maxim\u00e1lna r\u00fdchlos\u0165 viac ako 220 kilometrov za hodinu. Aby sa to v\u0161etko udr\u017ealo pod kontrolou, je tento Abarth 695 vybaven\u00fd tuh\u0161\u00edm odpru\u017een\u00edm a v\u00e4\u010d\u0161\u00edmi brzdami.<\/p>\n<h2>Hist\u00f3ria vozidla<\/h2>\n<p>Profesion\u00e1lny predajca, ktor\u00fd ho z\u00edskal len ned\u00e1vno, opisuje stav Abartha ako takmer dokonal\u00fd. Okrem n\u00edzkeho po\u010dtu najazden\u00fdch kilometrov bolo vozidlo naposledy servisovan\u00e9 v janu\u00e1ri 2023, ke\u010f bol vymenen\u00fd motorov\u00fd olej. Zvn\u00fatra ani zvonku nie s\u00fa \u017eiadne zn\u00e1mky opotrebovania, po\u0161kodenia alebo hrdze, jedin\u00fdmi vizu\u00e1lnymi nedostatkami s\u00fa dva drobn\u00e9 \u0161krabance na pravej strane. Tie v\u0161ak bud\u00facemu majite\u013eovi po predaji vozidla bezplatne odborne oprav\u00edme.<\/p>\n<p>Napokon, pod\u013ea pred\u00e1vaj\u00faceho vozidlo, ktor\u00e9 sa v s\u00fa\u010dasnosti nach\u00e1dza v \u0160panielsku, nikdy nemalo nehodu, \u010do dokazuje aj pr\u00edslu\u0161n\u00e1 spr\u00e1va o hist\u00f3rii vozidla <a href=\"https:\/\/pistonaddict.com\/wp-content\/uploads\/2024\/01\/carfaxAbarth695.pdf\">CARFAX<\/a>. \u0160panielske MOT (ITV) pre\u0161lo a plat\u00ed do decembra 2024.<\/p>\n<p><strong>Pozrite si video so studen\u00fdm \u0161tartom tohto kr\u00e1sneho Abarth 695 Tributo Ferrari :<\/strong><\/p>\n<p><iframe title=\"Cold Start Video of the Abarth 500 Tributo Ferrari\" width=\"1200\" height=\"675\" src=\"https:\/\/www.youtube.com\/embed\/lzDg2i_JYA4?feature=oembed\" frameborder=\"0\" allow=\"accelerometer; autoplay; clipboard-write; encrypted-media; gyroscope; picture-in-picture; web-share\" allowfullscreen><\/iframe><\/p>\n<p>&nbsp;<\/p>\n","protected":false},"excerpt":{"rendered":"<p>Mal\u00e9 mestsk\u00e9 auto nemus\u00ed by\u0165 nevyhnutne len praktick\u00fdm prostriedkom na presun v stiesnenom prostred\u00ed. Namiesto toho m\u00f4\u017ee by\u0165 so spr\u00e1vnou v\u00fdbavou pod kapotou skuto\u010dnou vreckovou raketou, ktor\u00e1, ak je vhodne upraven\u00e1, vyzer\u00e1 aj \u00fa\u017easne. Jedn\u00fdm z tak\u00fdchto vozidiel je Abarth 500, zalo\u017een\u00fd na mimoriadne \u00faspe\u0161nej reinkarn\u00e1cii legend\u00e1rneho modelu Fiat zo 60. rokov. Konkr\u00e9tny model, ktor\u00fd sa tu dra\u017e\u00ed, je v\u0161ak e\u0161te vy\u0161perkovanej\u0161\u00ed variant Abarth 695, ktor\u00fd bol vyroben\u00fd v roku 2010 a doteraz najazdil len 6 800 kilometrov. K exkluzivite prispieva aj to, \u017ee ide o vz\u00e1cny model Tributo Ferrari, ktor\u00e9ho v\u00fdrobn\u00fd po\u010det bol obmedzen\u00fd na 1 695 kusov. Po\u010fme sa teda pozrie\u0165, \u010do toto exkluz\u00edvne a agres\u00edvne vyzeraj\u00face vozidlo pon\u00faka&#8230;<\/p>\n","protected":false},"featured_media":89384,"comment_status":"open","ping_status":"closed","template":"","meta":{"inline_featured_image":false},"product_cat":[755],"product_tag":[2926,2927,941],"acf":[],"yoast_head":"<!-- This site is optimized with the Yoast SEO plugin v22.5 - https:\/\/yoast.com\/wordpress\/plugins\/seo\/ -->\n<title>Abarth 695 Tributo Ferrari n\u00ba424 - Piston Addict str\u00e1nky<\/title>\n<meta name=\"robots\" content=\"index, follow, max-snippet:-1, max-image-preview:large, max-video-preview:-1\" \/>\n<link rel=\"canonical\" href=\"https:\/\/pistonaddict.com\/sk\/product\/abarth-695-tributo-ferrari-no424\/\" \/>\n<meta property=\"og:locale\" content=\"sk_SK\" \/>\n<meta property=\"og:type\" content=\"article\" \/>\n<meta property=\"og:title\" content=\"Abarth 695 Tributo Ferrari n\u00ba424 - Piston Addict str\u00e1nky\" \/>\n<meta property=\"og:description\" content=\"Mal\u00e9 mestsk\u00e9 auto nemus\u00ed by\u0165 nevyhnutne len praktick\u00fdm prostriedkom na presun v stiesnenom prostred\u00ed. Namiesto toho m\u00f4\u017ee by\u0165 so spr\u00e1vnou v\u00fdbavou pod kapotou skuto\u010dnou vreckovou raketou, ktor\u00e1, ak je vhodne upraven\u00e1, vyzer\u00e1 aj \u00fa\u017easne. Jedn\u00fdm z tak\u00fdchto vozidiel je Abarth 500, zalo\u017een\u00fd na mimoriadne \u00faspe\u0161nej reinkarn\u00e1cii legend\u00e1rneho modelu Fiat zo 60. rokov. Konkr\u00e9tny model, ktor\u00fd sa tu dra\u017e\u00ed, je v\u0161ak e\u0161te vy\u0161perkovanej\u0161\u00ed variant Abarth 695, ktor\u00fd bol vyroben\u00fd v roku 2010 a doteraz najazdil len 6 800 kilometrov. K exkluzivite prispieva aj to, \u017ee ide o vz\u00e1cny model Tributo Ferrari, ktor\u00e9ho v\u00fdrobn\u00fd po\u010det bol obmedzen\u00fd na 1 695 kusov. Po\u010fme sa teda pozrie\u0165, \u010do toto exkluz\u00edvne a agres\u00edvne vyzeraj\u00face vozidlo pon\u00faka...\" \/>\n<meta property=\"og:url\" content=\"https:\/\/pistonaddict.com\/sk\/product\/abarth-695-tributo-ferrari-no424\/\" \/>\n<meta property=\"og:site_name\" content=\"Piston Addict\" \/>\n<meta property=\"article:modified_time\" content=\"2024-03-20T08:46:42+00:00\" \/>\n<meta property=\"og:image\" content=\"https:\/\/pistonaddict.com\/wp-content\/uploads\/2024\/01\/IMG-20240110-WA0149-1.jpg\" \/>\n\t<meta property=\"og:image:width\" content=\"1600\" \/>\n\t<meta property=\"og:image:height\" content=\"1200\" \/>\n\t<meta property=\"og:image:type\" content=\"image\/jpeg\" \/>\n<meta name=\"twitter:card\" content=\"summary_large_image\" \/>\n<meta name=\"twitter:label1\" content=\"Predpokladan\u00fd \u010das \u010d\u00edtania\" \/>\n\t<meta name=\"twitter:data1\" content=\"3 min\u00faty\" \/>\n<script type=\"application\/ld+json\" class=\"yoast-schema-graph\">{\"@context\":\"https:\/\/schema.org\",\"@graph\":[{\"@type\":\"WebPage\",\"@id\":\"https:\/\/pistonaddict.com\/sk\/product\/abarth-695-tributo-ferrari-no424\/\",\"url\":\"https:\/\/pistonaddict.com\/sk\/product\/abarth-695-tributo-ferrari-no424\/\",\"name\":\"Abarth 695 Tributo Ferrari n\u00ba424 - Piston Addict str\u00e1nky\",\"isPartOf\":{\"@id\":\"https:\/\/pistonaddict.com\/sk\/#website\"},\"primaryImageOfPage\":{\"@id\":\"https:\/\/pistonaddict.com\/sk\/product\/abarth-695-tributo-ferrari-no424\/#primaryimage\"},\"image\":{\"@id\":\"https:\/\/pistonaddict.com\/sk\/product\/abarth-695-tributo-ferrari-no424\/#primaryimage\"},\"thumbnailUrl\":\"https:\/\/pistonaddict.com\/wp-content\/uploads\/2024\/01\/IMG-20240110-WA0149-1.jpg\",\"datePublished\":\"2024-01-31T10:03:43+00:00\",\"dateModified\":\"2024-03-20T08:46:42+00:00\",\"breadcrumb\":{\"@id\":\"https:\/\/pistonaddict.com\/sk\/product\/abarth-695-tributo-ferrari-no424\/#breadcrumb\"},\"inLanguage\":\"sk-SK\",\"potentialAction\":[{\"@type\":\"ReadAction\",\"target\":[\"https:\/\/pistonaddict.com\/sk\/product\/abarth-695-tributo-ferrari-no424\/\"]}]},{\"@type\":\"ImageObject\",\"inLanguage\":\"sk-SK\",\"@id\":\"https:\/\/pistonaddict.com\/sk\/product\/abarth-695-tributo-ferrari-no424\/#primaryimage\",\"url\":\"https:\/\/pistonaddict.com\/wp-content\/uploads\/2024\/01\/IMG-20240110-WA0149-1.jpg\",\"contentUrl\":\"https:\/\/pistonaddict.com\/wp-content\/uploads\/2024\/01\/IMG-20240110-WA0149-1.jpg\",\"width\":1600,\"height\":1200},{\"@type\":\"BreadcrumbList\",\"@id\":\"https:\/\/pistonaddict.com\/sk\/product\/abarth-695-tributo-ferrari-no424\/#breadcrumb\",\"itemListElement\":[{\"@type\":\"ListItem\",\"position\":1,\"name\":\"domovskej str\u00e1nke\",\"item\":\"https:\/\/pistonaddict.com\/sk\/uvodna-stranka\/\"},{\"@type\":\"ListItem\",\"position\":2,\"name\":\"Auctions\",\"item\":\"https:\/\/pistonaddict.com\/auctions-listing\/\"},{\"@type\":\"ListItem\",\"position\":3,\"name\":\"Abarth 695 Tributo Ferrari n\u00ba424\"}]},{\"@type\":\"WebSite\",\"@id\":\"https:\/\/pistonaddict.com\/sk\/#website\",\"url\":\"https:\/\/pistonaddict.com\/sk\/\",\"name\":\"Piston Addict\",\"description\":\"Only interesting vehicles\",\"publisher\":{\"@id\":\"https:\/\/pistonaddict.com\/sk\/#organization\"},\"potentialAction\":[{\"@type\":\"SearchAction\",\"target\":{\"@type\":\"EntryPoint\",\"urlTemplate\":\"https:\/\/pistonaddict.com\/sk\/?s={search_term_string}\"},\"query-input\":\"required name=search_term_string\"}],\"inLanguage\":\"sk-SK\"},{\"@type\":\"Organization\",\"@id\":\"https:\/\/pistonaddict.com\/sk\/#organization\",\"name\":\"Piston Addict\",\"url\":\"https:\/\/pistonaddict.com\/sk\/\",\"logo\":{\"@type\":\"ImageObject\",\"inLanguage\":\"sk-SK\",\"@id\":\"https:\/\/pistonaddict.com\/sk\/#\/schema\/logo\/image\/\",\"url\":\"https:\/\/pistonaddict.com\/wp-content\/uploads\/2022\/07\/logo-6.png\",\"contentUrl\":\"https:\/\/pistonaddict.com\/wp-content\/uploads\/2022\/07\/logo-6.png\",\"width\":970,\"height\":200,\"caption\":\"Piston Addict\"},\"image\":{\"@id\":\"https:\/\/pistonaddict.com\/sk\/#\/schema\/logo\/image\/\"}}]}<\/script>\n<!-- \/ Yoast SEO plugin. -->","yoast_head_json":{"title":"Abarth 695 Tributo Ferrari n\u00ba424 - Piston Addict str\u00e1nky","robots":{"index":"index","follow":"follow","max-snippet":"max-snippet:-1","max-image-preview":"max-image-preview:large","max-video-preview":"max-video-preview:-1"},"canonical":"https:\/\/pistonaddict.com\/sk\/product\/abarth-695-tributo-ferrari-no424\/","og_locale":"sk_SK","og_type":"article","og_title":"Abarth 695 Tributo Ferrari n\u00ba424 - Piston Addict str\u00e1nky","og_description":"Mal\u00e9 mestsk\u00e9 auto nemus\u00ed by\u0165 nevyhnutne len praktick\u00fdm prostriedkom na presun v stiesnenom prostred\u00ed. Namiesto toho m\u00f4\u017ee by\u0165 so spr\u00e1vnou v\u00fdbavou pod kapotou skuto\u010dnou vreckovou raketou, ktor\u00e1, ak je vhodne upraven\u00e1, vyzer\u00e1 aj \u00fa\u017easne. Jedn\u00fdm z tak\u00fdchto vozidiel je Abarth 500, zalo\u017een\u00fd na mimoriadne \u00faspe\u0161nej reinkarn\u00e1cii legend\u00e1rneho modelu Fiat zo 60. rokov. Konkr\u00e9tny model, ktor\u00fd sa tu dra\u017e\u00ed, je v\u0161ak e\u0161te vy\u0161perkovanej\u0161\u00ed variant Abarth 695, ktor\u00fd bol vyroben\u00fd v roku 2010 a doteraz najazdil len 6 800 kilometrov. K exkluzivite prispieva aj to, \u017ee ide o vz\u00e1cny model Tributo Ferrari, ktor\u00e9ho v\u00fdrobn\u00fd po\u010det bol obmedzen\u00fd na 1 695 kusov. Po\u010fme sa teda pozrie\u0165, \u010do toto exkluz\u00edvne a agres\u00edvne vyzeraj\u00face vozidlo pon\u00faka...","og_url":"https:\/\/pistonaddict.com\/sk\/product\/abarth-695-tributo-ferrari-no424\/","og_site_name":"Piston Addict","article_modified_time":"2024-03-20T08:46:42+00:00","og_image":[{"width":1600,"height":1200,"url":"https:\/\/pistonaddict.com\/wp-content\/uploads\/2024\/01\/IMG-20240110-WA0149-1.jpg","type":"image\/jpeg"}],"twitter_card":"summary_large_image","twitter_misc":{"Predpokladan\u00fd \u010das \u010d\u00edtania":"3 min\u00faty"},"schema":{"@context":"https:\/\/schema.org","@graph":[{"@type":"WebPage","@id":"https:\/\/pistonaddict.com\/sk\/product\/abarth-695-tributo-ferrari-no424\/","url":"https:\/\/pistonaddict.com\/sk\/product\/abarth-695-tributo-ferrari-no424\/","name":"Abarth 695 Tributo Ferrari n\u00ba424 - Piston Addict str\u00e1nky","isPartOf":{"@id":"https:\/\/pistonaddict.com\/sk\/#website"},"primaryImageOfPage":{"@id":"https:\/\/pistonaddict.com\/sk\/product\/abarth-695-tributo-ferrari-no424\/#primaryimage"},"image":{"@id":"https:\/\/pistonaddict.com\/sk\/product\/abarth-695-tributo-ferrari-no424\/#primaryimage"},"thumbnailUrl":"https:\/\/pistonaddict.com\/wp-content\/uploads\/2024\/01\/IMG-20240110-WA0149-1.jpg","datePublished":"2024-01-31T10:03:43+00:00","dateModified":"2024-03-20T08:46:42+00:00","breadcrumb":{"@id":"https:\/\/pistonaddict.com\/sk\/product\/abarth-695-tributo-ferrari-no424\/#breadcrumb"},"inLanguage":"sk-SK","potentialAction":[{"@type":"ReadAction","target":["https:\/\/pistonaddict.com\/sk\/product\/abarth-695-tributo-ferrari-no424\/"]}]},{"@type":"ImageObject","inLanguage":"sk-SK","@id":"https:\/\/pistonaddict.com\/sk\/product\/abarth-695-tributo-ferrari-no424\/#primaryimage","url":"https:\/\/pistonaddict.com\/wp-content\/uploads\/2024\/01\/IMG-20240110-WA0149-1.jpg","contentUrl":"https:\/\/pistonaddict.com\/wp-content\/uploads\/2024\/01\/IMG-20240110-WA0149-1.jpg","width":1600,"height":1200},{"@type":"BreadcrumbList","@id":"https:\/\/pistonaddict.com\/sk\/product\/abarth-695-tributo-ferrari-no424\/#breadcrumb","itemListElement":[{"@type":"ListItem","position":1,"name":"domovskej str\u00e1nke","item":"https:\/\/pistonaddict.com\/sk\/uvodna-stranka\/"},{"@type":"ListItem","position":2,"name":"Auctions","item":"https:\/\/pistonaddict.com\/auctions-listing\/"},{"@type":"ListItem","position":3,"name":"Abarth 695 Tributo Ferrari n\u00ba424"}]},{"@type":"WebSite","@id":"https:\/\/pistonaddict.com\/sk\/#website","url":"https:\/\/pistonaddict.com\/sk\/","name":"Piston Addict","description":"Only interesting vehicles","publisher":{"@id":"https:\/\/pistonaddict.com\/sk\/#organization"},"potentialAction":[{"@type":"SearchAction","target":{"@type":"EntryPoint","urlTemplate":"https:\/\/pistonaddict.com\/sk\/?s={search_term_string}"},"query-input":"required name=search_term_string"}],"inLanguage":"sk-SK"},{"@type":"Organization","@id":"https:\/\/pistonaddict.com\/sk\/#organization","name":"Piston Addict","url":"https:\/\/pistonaddict.com\/sk\/","logo":{"@type":"ImageObject","inLanguage":"sk-SK","@id":"https:\/\/pistonaddict.com\/sk\/#\/schema\/logo\/image\/","url":"https:\/\/pistonaddict.com\/wp-content\/uploads\/2022\/07\/logo-6.png","contentUrl":"https:\/\/pistonaddict.com\/wp-content\/uploads\/2022\/07\/logo-6.png","width":970,"height":200,"caption":"Piston Addict"},"image":{"@id":"https:\/\/pistonaddict.com\/sk\/#\/schema\/logo\/image\/"}}]}},"_links":{"self":[{"href":"https:\/\/pistonaddict.com\/sk\/wp-json\/wp\/v2\/product\/89360"}],"collection":[{"href":"https:\/\/pistonaddict.com\/sk\/wp-json\/wp\/v2\/product"}],"about":[{"href":"https:\/\/pistonaddict.com\/sk\/wp-json\/wp\/v2\/types\/product"}],"replies":[{"embeddable":true,"href":"https:\/\/pistonaddict.com\/sk\/wp-json\/wp\/v2\/comments?post=89360"}],"wp:featuredmedia":[{"embeddable":true,"href":"https:\/\/pistonaddict.com\/sk\/wp-json\/wp\/v2\/media\/89384"}],"wp:attachment":[{"href":"https:\/\/pistonaddict.com\/sk\/wp-json\/wp\/v2\/media?parent=89360"}],"wp:term":[{"taxonomy":"product_cat","embeddable":true,"href":"https:\/\/pistonaddict.com\/sk\/wp-json\/wp\/v2\/product_cat?post=89360"},{"taxonomy":"product_tag","embeddable":true,"href":"https:\/\/pistonaddict.com\/sk\/wp-json\/wp\/v2\/product_tag?post=89360"}],"curies":[{"name":"wp","href":"https:\/\/api.w.org\/{rel}","templated":true}]}}