{"id":82555,"date":"2024-01-17T09:08:31","date_gmt":"2024-01-17T08:08:31","guid":{"rendered":"https:\/\/pistonaddict.com\/product\/mg-a-kupe\/"},"modified":"2024-05-29T10:47:15","modified_gmt":"2024-05-29T08:47:15","slug":"mg-a-coupe","status":"publish","type":"product","link":"https:\/\/pistonaddict.com\/sk\/product\/mg-a-coupe\/","title":{"rendered":"MG A kup\u00e9"},"content":{"rendered":"<p><strong>Hist\u00f3ria vozidla<\/strong><\/p>\n<p>Aj ke\u010f MG teraz vlastnia \u010c\u00ed\u0148ania a pred\u00e1vaj\u00fa rad nudn\u00fdch SUV, t\u00e1to zna\u010dka bude nav\u017edy synonymom kup\u00e9 a roadsterov, ktor\u00e9 boli svojho \u010dasu Mazdami Miatami. Mal\u00e9, agiln\u00e9, r\u00fdchle a z\u00e1bavn\u00e9 vozidl\u00e1 MG z tejto \u00e9ry maj\u00fa st\u00e1le ve\u013ek\u00fd ohlas u nad\u0161encov na celom svete. V\u010faka vysokoot\u00e1\u010dkov\u00fdm motorom, pohonu zadn\u00fdch kolies, presn\u00e9mu riadeniu a \u017eiv\u00e9mu v\u00fdkonu od\u0161tartoval MG cel\u00fa sc\u00e9nu cenovo dostupn\u00fdch \u0161portov\u00fdch vozidiel e\u0161te pred druhou svetovou vojnou. Ke\u010f sa v\u0161ak v roku 1955 objavil model MG A, bol to najmodernej\u0161\u00ed model nielen svoj\u00edm vzh\u013eadom, ale aj technol\u00f3giou. V Amerike sa pred\u00e1val pomerne dobre, \u010do spolo\u010dnosti dodalo impulz pre mnoh\u00e9 \u010fal\u0161ie modely. Kombin\u00e1cia n\u00e1dhern\u00e9ho vzh\u013eadu a \u00faspechov v motoristickom \u0161porte bola pre MG A v\u00ed\u0165azn\u00fdm receptom, v\u010faka \u010domu je tento model tak\u00fd v\u00fdnimo\u010dn\u00fd a \u017eiadan\u00fd. Tento konkr\u00e9tny exempl\u00e1r bol vyroben\u00fd v roku 1959 a ide o model druhej s\u00e9rie s v\u00fdkonnej\u0161\u00edm motorom s objemom 1 600 cm3 a v\u00fdkonom 80 kon\u00ed. Na vtedaj\u0161ie pomery to bola v\u00fdznamn\u00e1 hodnota a so 4-stup\u0148ovou manu\u00e1lnou prevodovkou s bl\u00edzkym raden\u00edm je dnes viac ne\u017e schopn\u00e1 poskytn\u00fa\u0165 rovnak\u00e9 vzru\u0161enie ako pred rokmi. MG A 1600 bol zn\u00e1my t\u00fdm, \u017ee mal predn\u00e9 kot\u00fa\u010dov\u00e9 brzdy, \u010do bola na rok 1959 ve\u013emi pokrokov\u00e1 technol\u00f3gia. Tento konkr\u00e9tny exempl\u00e1r je jedn\u00fdm z 31 000 kusov vyroben\u00fdch v rokoch 1959 a\u017e 1962, ke\u010f sa v\u00fdroba MG A skon\u010dila.<\/p>\n<p><strong>Interi\u00e9r<\/strong><\/p>\n<p>Interi\u00e9r tohto MG A Coupe 1600 z roku 1959, dokon\u010den\u00fd v \u010dervenej ko\u017ei, je v ide\u00e1lnom stave. V\u010faka v\u0161etk\u00e9mu, \u010do je v poriadku, a dostato\u010dnej patine, ktor\u00e1 ho rob\u00ed tak\u00fdm o\u010daruj\u00facim, s\u00fa jeho sedadl\u00e1 skvel\u00fdm miestom, kde si m\u00f4\u017eete toto auto vychutna\u0165. Aj ke\u010f v 65 rokov starom vozidle nem\u00f4\u017eeme hovori\u0165 o modern\u00fdch prvkoch, s\u00fa tu p\u00f4vabn\u00e9 anal\u00f3gov\u00e9 cifern\u00edky a k\u00farenie, ktor\u00e9 by sa v minulosti pova\u017eovali za \u0161pi\u010dkov\u00fa v\u00fdbavu. Bezpe\u010dnostn\u00e9 p\u00e1sy boli v z\u00e1ujme bezpe\u010dnosti a pou\u017eite\u013enosti modernizovan\u00e9 na modernej\u0161ie trojbodov\u00e9 p\u00e1sy.<\/p>\n<p><strong>Stav<\/strong><\/p>\n<p>Tento MG A, ktor\u00fd m\u00e1 od novoty najazden\u00fdch len 51 824 kilometrov (predpoklad\u00e1 sa, \u017ee ide o origin\u00e1l), bol niekedy v minulosti predmetom starostlivej a \u013eahkej renov\u00e1cie (vodn\u00e9 \u010derpadlo, zadn\u00e9 brzdy a karbur\u00e1tor boli zmenen\u00e9 v roku 2022). Na\u0161\u0165astie bol ka\u017ed\u00fd detail starostlivo zre\u0161taurovan\u00fd a vozidlo je vo ve\u013emi dobovom stave bez hrdze, je plne funk\u010dn\u00e9 a nem\u00e1 \u017eiadne mechanick\u00e9 probl\u00e9my. Pred\u00e1vaj\u00faci z\u00edskal vozidlo ned\u00e1vno a koncom roka 2023 vykonal pravideln\u00fa \u00fadr\u017ebu, pri\u010dom brzdy boli zrekon\u0161truovan\u00e9 len pred nieko\u013ek\u00fdmi d\u0148ami v janu\u00e1ri 2024.<\/p>\n<p><strong>Exteri\u00e9r a koles\u00e1<\/strong><\/p>\n<p>Klasick\u00fd \u010dierny lak je v slu\u0161nom stave, bez dier a v\u00e4\u010d\u0161\u00edch \u0161krabancov. V\u0161etok chr\u00f3m (ktor\u00fd je pri tak\u00fdchto klasick\u00fdch vozidl\u00e1ch ve\u013emi d\u00f4le\u017eit\u00fd) je v perfektnom stave vr\u00e1tane mrie\u017eky chladi\u010da, n\u00e1razn\u00edkov a oblo\u017eenia. Kombin\u00e1cia \u010dierneho exteri\u00e9ru a \u010derven\u00e9ho interi\u00e9ru je v\u00fdrazn\u00e1 a zd\u00f4raz\u0148uje l\u00ednie vozidla. P\u00f4vodn\u00e9 15-palcov\u00e9 koles\u00e1 s\u00fa obut\u00e9 do \u00faplne nov\u00fdch pneumat\u00edk, v\u010faka \u010domu je toto auto \u00faplne pripraven\u00e9 na \u010fal\u0161ieho majite\u013ea a v\u00edkendov\u00e9 jazdy v lete.<\/p>\n<p><strong>Dokument\u00e1cia<\/strong><\/p>\n<p>Predajca pred\u00e1va toto vozidlo s pr\u00edslu\u0161nou dokument\u00e1ciou (v\u0161etky fakt\u00fary, overen\u00e1 k\u00f3pia britsk\u00e9ho dedi\u010dstva automobilov\u00e9ho priemyslu a u\u017e\u00edvate\u013esk\u00e1 pr\u00edru\u010dka), ktor\u00e1 sa nach\u00e1dza v \u0160panielsku. Ke\u010f\u017ee toto auto poch\u00e1dza z roku 1959, neexistuj\u00fa \u017eiadne spr\u00e1vy CarFax, ale ani d\u00f4kazy o nehod\u00e1ch, oprav\u00e1ch po nehod\u00e1ch, vlastn\u00edctve alebo pr\u00e1vnych probl\u00e9moch. Existuj\u00fa z\u00e1znamy o pravidelnej \u00fadr\u017ebe a \u00fa\u010dty.<br \/>\n<strong>\u0160panielske MOT (ITV) je platn\u00e9 do augusta 2028.<\/strong><\/p>\n<p><strong>Pozrite si video so studen\u00fdm \u0161tartom tohto kr\u00e1sneho MG A Coupe :<\/strong><\/p>\n<p><iframe title=\"Cold Start Video of MGA coupe\" width=\"1200\" height=\"675\" src=\"https:\/\/www.youtube.com\/embed\/IaLRg9Rs9iY?feature=oembed\" frameborder=\"0\" allow=\"accelerometer; autoplay; clipboard-write; encrypted-media; gyroscope; picture-in-picture; web-share\" allowfullscreen><\/iframe><\/p>\n","protected":false},"excerpt":{"rendered":"<p>Ak by sme chceli presk\u00fama\u0165 gen\u00e9zu modern\u00fdch \u0161portov\u00fdch automobilov, mali by sme za\u010da\u0165 legend\u00e1rnym MG A. Tento \u0161portov\u00fd automobil s opticky upravenou karos\u00e9riou, motormi s vysok\u00fdm po\u010dtom ot\u00e1\u010dok, vynikaj\u00facim v\u00fdkonom (na dan\u00fa dobu) a prijate\u013enou cenou sp\u00f4sobil revol\u00faciu v tomto segmente. Zostal jedn\u00fdm z typick\u00fdch britsk\u00fdch kup\u00e9 v\u0161etk\u00fdch \u010dias.<\/p>\n","protected":false},"featured_media":81153,"comment_status":"open","ping_status":"closed","template":"","meta":{"inline_featured_image":false},"product_cat":[755],"product_tag":[2872,947,2870],"acf":[],"yoast_head":"<!-- This site is optimized with the Yoast SEO plugin v22.5 - https:\/\/yoast.com\/wordpress\/plugins\/seo\/ -->\n<title>MG A kup\u00e9 - Piston Addict str\u00e1nky<\/title>\n<meta name=\"robots\" content=\"index, follow, max-snippet:-1, max-image-preview:large, max-video-preview:-1\" \/>\n<link rel=\"canonical\" href=\"https:\/\/pistonaddict.com\/sk\/product\/mg-a-coupe\/\" \/>\n<meta property=\"og:locale\" content=\"sk_SK\" \/>\n<meta property=\"og:type\" content=\"article\" \/>\n<meta property=\"og:title\" content=\"MG A kup\u00e9 - Piston Addict str\u00e1nky\" \/>\n<meta property=\"og:description\" content=\"Ak by sme chceli presk\u00fama\u0165 gen\u00e9zu modern\u00fdch \u0161portov\u00fdch automobilov, mali by sme za\u010da\u0165 legend\u00e1rnym MG A. Tento \u0161portov\u00fd automobil s opticky upravenou karos\u00e9riou, motormi s vysok\u00fdm po\u010dtom ot\u00e1\u010dok, vynikaj\u00facim v\u00fdkonom (na dan\u00fa dobu) a prijate\u013enou cenou sp\u00f4sobil revol\u00faciu v tomto segmente. Zostal jedn\u00fdm z typick\u00fdch britsk\u00fdch kup\u00e9 v\u0161etk\u00fdch \u010dias.\" \/>\n<meta property=\"og:url\" content=\"https:\/\/pistonaddict.com\/sk\/product\/mg-a-coupe\/\" \/>\n<meta property=\"og:site_name\" content=\"Piston Addict\" \/>\n<meta property=\"article:modified_time\" content=\"2024-05-29T08:47:15+00:00\" \/>\n<meta property=\"og:image\" content=\"https:\/\/pistonaddict.com\/wp-content\/uploads\/2024\/01\/IMG-20231031-WA0006.jpg\" \/>\n\t<meta property=\"og:image:width\" content=\"1600\" \/>\n\t<meta property=\"og:image:height\" content=\"1200\" \/>\n\t<meta property=\"og:image:type\" content=\"image\/jpeg\" \/>\n<meta name=\"twitter:card\" content=\"summary_large_image\" \/>\n<meta name=\"twitter:label1\" content=\"Predpokladan\u00fd \u010das \u010d\u00edtania\" \/>\n\t<meta name=\"twitter:data1\" content=\"3 min\u00faty\" \/>\n<script type=\"application\/ld+json\" class=\"yoast-schema-graph\">{\"@context\":\"https:\/\/schema.org\",\"@graph\":[{\"@type\":\"WebPage\",\"@id\":\"https:\/\/pistonaddict.com\/sk\/product\/mg-a-coupe\/\",\"url\":\"https:\/\/pistonaddict.com\/sk\/product\/mg-a-coupe\/\",\"name\":\"MG A kup\u00e9 - Piston Addict str\u00e1nky\",\"isPartOf\":{\"@id\":\"https:\/\/pistonaddict.com\/sk\/#website\"},\"primaryImageOfPage\":{\"@id\":\"https:\/\/pistonaddict.com\/sk\/product\/mg-a-coupe\/#primaryimage\"},\"image\":{\"@id\":\"https:\/\/pistonaddict.com\/sk\/product\/mg-a-coupe\/#primaryimage\"},\"thumbnailUrl\":\"https:\/\/pistonaddict.com\/wp-content\/uploads\/2024\/01\/IMG-20231031-WA0006.jpg\",\"datePublished\":\"2024-01-17T08:08:31+00:00\",\"dateModified\":\"2024-05-29T08:47:15+00:00\",\"breadcrumb\":{\"@id\":\"https:\/\/pistonaddict.com\/sk\/product\/mg-a-coupe\/#breadcrumb\"},\"inLanguage\":\"sk-SK\",\"potentialAction\":[{\"@type\":\"ReadAction\",\"target\":[\"https:\/\/pistonaddict.com\/sk\/product\/mg-a-coupe\/\"]}]},{\"@type\":\"ImageObject\",\"inLanguage\":\"sk-SK\",\"@id\":\"https:\/\/pistonaddict.com\/sk\/product\/mg-a-coupe\/#primaryimage\",\"url\":\"https:\/\/pistonaddict.com\/wp-content\/uploads\/2024\/01\/IMG-20231031-WA0006.jpg\",\"contentUrl\":\"https:\/\/pistonaddict.com\/wp-content\/uploads\/2024\/01\/IMG-20231031-WA0006.jpg\",\"width\":1600,\"height\":1200},{\"@type\":\"BreadcrumbList\",\"@id\":\"https:\/\/pistonaddict.com\/sk\/product\/mg-a-coupe\/#breadcrumb\",\"itemListElement\":[{\"@type\":\"ListItem\",\"position\":1,\"name\":\"domovskej str\u00e1nke\",\"item\":\"https:\/\/pistonaddict.com\/sk\/uvodna-stranka\/\"},{\"@type\":\"ListItem\",\"position\":2,\"name\":\"Auctions\",\"item\":\"https:\/\/pistonaddict.com\/auctions-listing\/\"},{\"@type\":\"ListItem\",\"position\":3,\"name\":\"MG A kup\u00e9\"}]},{\"@type\":\"WebSite\",\"@id\":\"https:\/\/pistonaddict.com\/sk\/#website\",\"url\":\"https:\/\/pistonaddict.com\/sk\/\",\"name\":\"Piston Addict\",\"description\":\"Only interesting vehicles\",\"publisher\":{\"@id\":\"https:\/\/pistonaddict.com\/sk\/#organization\"},\"potentialAction\":[{\"@type\":\"SearchAction\",\"target\":{\"@type\":\"EntryPoint\",\"urlTemplate\":\"https:\/\/pistonaddict.com\/sk\/?s={search_term_string}\"},\"query-input\":\"required name=search_term_string\"}],\"inLanguage\":\"sk-SK\"},{\"@type\":\"Organization\",\"@id\":\"https:\/\/pistonaddict.com\/sk\/#organization\",\"name\":\"Piston Addict\",\"url\":\"https:\/\/pistonaddict.com\/sk\/\",\"logo\":{\"@type\":\"ImageObject\",\"inLanguage\":\"sk-SK\",\"@id\":\"https:\/\/pistonaddict.com\/sk\/#\/schema\/logo\/image\/\",\"url\":\"https:\/\/pistonaddict.com\/wp-content\/uploads\/2022\/07\/logo-6.png\",\"contentUrl\":\"https:\/\/pistonaddict.com\/wp-content\/uploads\/2022\/07\/logo-6.png\",\"width\":970,\"height\":200,\"caption\":\"Piston Addict\"},\"image\":{\"@id\":\"https:\/\/pistonaddict.com\/sk\/#\/schema\/logo\/image\/\"}}]}<\/script>\n<!-- \/ Yoast SEO plugin. -->","yoast_head_json":{"title":"MG A kup\u00e9 - Piston Addict str\u00e1nky","robots":{"index":"index","follow":"follow","max-snippet":"max-snippet:-1","max-image-preview":"max-image-preview:large","max-video-preview":"max-video-preview:-1"},"canonical":"https:\/\/pistonaddict.com\/sk\/product\/mg-a-coupe\/","og_locale":"sk_SK","og_type":"article","og_title":"MG A kup\u00e9 - Piston Addict str\u00e1nky","og_description":"Ak by sme chceli presk\u00fama\u0165 gen\u00e9zu modern\u00fdch \u0161portov\u00fdch automobilov, mali by sme za\u010da\u0165 legend\u00e1rnym MG A. Tento \u0161portov\u00fd automobil s opticky upravenou karos\u00e9riou, motormi s vysok\u00fdm po\u010dtom ot\u00e1\u010dok, vynikaj\u00facim v\u00fdkonom (na dan\u00fa dobu) a prijate\u013enou cenou sp\u00f4sobil revol\u00faciu v tomto segmente. Zostal jedn\u00fdm z typick\u00fdch britsk\u00fdch kup\u00e9 v\u0161etk\u00fdch \u010dias.","og_url":"https:\/\/pistonaddict.com\/sk\/product\/mg-a-coupe\/","og_site_name":"Piston Addict","article_modified_time":"2024-05-29T08:47:15+00:00","og_image":[{"width":1600,"height":1200,"url":"https:\/\/pistonaddict.com\/wp-content\/uploads\/2024\/01\/IMG-20231031-WA0006.jpg","type":"image\/jpeg"}],"twitter_card":"summary_large_image","twitter_misc":{"Predpokladan\u00fd \u010das \u010d\u00edtania":"3 min\u00faty"},"schema":{"@context":"https:\/\/schema.org","@graph":[{"@type":"WebPage","@id":"https:\/\/pistonaddict.com\/sk\/product\/mg-a-coupe\/","url":"https:\/\/pistonaddict.com\/sk\/product\/mg-a-coupe\/","name":"MG A kup\u00e9 - Piston Addict str\u00e1nky","isPartOf":{"@id":"https:\/\/pistonaddict.com\/sk\/#website"},"primaryImageOfPage":{"@id":"https:\/\/pistonaddict.com\/sk\/product\/mg-a-coupe\/#primaryimage"},"image":{"@id":"https:\/\/pistonaddict.com\/sk\/product\/mg-a-coupe\/#primaryimage"},"thumbnailUrl":"https:\/\/pistonaddict.com\/wp-content\/uploads\/2024\/01\/IMG-20231031-WA0006.jpg","datePublished":"2024-01-17T08:08:31+00:00","dateModified":"2024-05-29T08:47:15+00:00","breadcrumb":{"@id":"https:\/\/pistonaddict.com\/sk\/product\/mg-a-coupe\/#breadcrumb"},"inLanguage":"sk-SK","potentialAction":[{"@type":"ReadAction","target":["https:\/\/pistonaddict.com\/sk\/product\/mg-a-coupe\/"]}]},{"@type":"ImageObject","inLanguage":"sk-SK","@id":"https:\/\/pistonaddict.com\/sk\/product\/mg-a-coupe\/#primaryimage","url":"https:\/\/pistonaddict.com\/wp-content\/uploads\/2024\/01\/IMG-20231031-WA0006.jpg","contentUrl":"https:\/\/pistonaddict.com\/wp-content\/uploads\/2024\/01\/IMG-20231031-WA0006.jpg","width":1600,"height":1200},{"@type":"BreadcrumbList","@id":"https:\/\/pistonaddict.com\/sk\/product\/mg-a-coupe\/#breadcrumb","itemListElement":[{"@type":"ListItem","position":1,"name":"domovskej str\u00e1nke","item":"https:\/\/pistonaddict.com\/sk\/uvodna-stranka\/"},{"@type":"ListItem","position":2,"name":"Auctions","item":"https:\/\/pistonaddict.com\/auctions-listing\/"},{"@type":"ListItem","position":3,"name":"MG A kup\u00e9"}]},{"@type":"WebSite","@id":"https:\/\/pistonaddict.com\/sk\/#website","url":"https:\/\/pistonaddict.com\/sk\/","name":"Piston Addict","description":"Only interesting vehicles","publisher":{"@id":"https:\/\/pistonaddict.com\/sk\/#organization"},"potentialAction":[{"@type":"SearchAction","target":{"@type":"EntryPoint","urlTemplate":"https:\/\/pistonaddict.com\/sk\/?s={search_term_string}"},"query-input":"required name=search_term_string"}],"inLanguage":"sk-SK"},{"@type":"Organization","@id":"https:\/\/pistonaddict.com\/sk\/#organization","name":"Piston Addict","url":"https:\/\/pistonaddict.com\/sk\/","logo":{"@type":"ImageObject","inLanguage":"sk-SK","@id":"https:\/\/pistonaddict.com\/sk\/#\/schema\/logo\/image\/","url":"https:\/\/pistonaddict.com\/wp-content\/uploads\/2022\/07\/logo-6.png","contentUrl":"https:\/\/pistonaddict.com\/wp-content\/uploads\/2022\/07\/logo-6.png","width":970,"height":200,"caption":"Piston Addict"},"image":{"@id":"https:\/\/pistonaddict.com\/sk\/#\/schema\/logo\/image\/"}}]}},"_links":{"self":[{"href":"https:\/\/pistonaddict.com\/sk\/wp-json\/wp\/v2\/product\/82555"}],"collection":[{"href":"https:\/\/pistonaddict.com\/sk\/wp-json\/wp\/v2\/product"}],"about":[{"href":"https:\/\/pistonaddict.com\/sk\/wp-json\/wp\/v2\/types\/product"}],"replies":[{"embeddable":true,"href":"https:\/\/pistonaddict.com\/sk\/wp-json\/wp\/v2\/comments?post=82555"}],"wp:featuredmedia":[{"embeddable":true,"href":"https:\/\/pistonaddict.com\/sk\/wp-json\/wp\/v2\/media\/81153"}],"wp:attachment":[{"href":"https:\/\/pistonaddict.com\/sk\/wp-json\/wp\/v2\/media?parent=82555"}],"wp:term":[{"taxonomy":"product_cat","embeddable":true,"href":"https:\/\/pistonaddict.com\/sk\/wp-json\/wp\/v2\/product_cat?post=82555"},{"taxonomy":"product_tag","embeddable":true,"href":"https:\/\/pistonaddict.com\/sk\/wp-json\/wp\/v2\/product_tag?post=82555"}],"curies":[{"name":"wp","href":"https:\/\/api.w.org\/{rel}","templated":true}]}}