{"id":79070,"date":"2023-12-13T14:41:14","date_gmt":"2023-12-13T13:41:14","guid":{"rendered":"https:\/\/pistonaddict.com\/product\/alpine-a110\/"},"modified":"2024-03-20T09:42:32","modified_gmt":"2024-03-20T08:42:32","slug":"alpine-a110","status":"publish","type":"product","link":"https:\/\/pistonaddict.com\/sk\/product\/alpine-a110\/","title":{"rendered":"Alpine A110"},"content":{"rendered":"<p><strong>Hist\u00f3ria vozidla<\/strong><\/p>\n<p>Pre gener\u00e1cie milovn\u00edkov \u0161portov\u00fdch vozidiel, ktor\u00ed vyrastali v 60. a 70. rokoch minul\u00e9ho storo\u010dia, je meno Alpine synonymom pre \u0161ampion\u00e1ty v rallye, vysok\u00fd v\u00fdkon a bezkonkuren\u010dn\u00fa pr\u00edtomnos\u0165 na ulici. Aj ke\u010f Alpine pou\u017e\u00edvala \u0161tandardn\u00e9 komponenty Renault, vozidl\u00e1 mali takmer supercar pr\u00ed\u0165a\u017elivos\u0165 a boli ob\u013e\u00faben\u00e9 u nad\u0161encov pre svoj vzh\u013ead a jazdn\u00fa dynamiku. Za\u010diatkom 90. rokov v\u0161ak zna\u010dka zanikla, takmer zabudnut\u00e1 v\u0161etk\u00fdmi okrem najzarytej\u0161\u00edch fan\u00fa\u0161ikov. Na\u0161\u0165astie Renault pochopil, ak\u00fd ve\u013ek\u00fd potenci\u00e1l m\u00e1 toto legend\u00e1rne meno, a investoval ve\u013ek\u00e9 prostriedky do \u00faplne nov\u00e9ho modelu s kompletnou hlin\u00edkovou karos\u00e9riou, centr\u00e1lne umiestnen\u00fdm motorom a svi\u017enou dvojspojkovou prevodovkou. Spojen\u00edm ikonick\u00e9ho a retro-futuristick\u00e9ho vzh\u013eadu s motorom Clio RS a na mieru upraven\u00fdmi nastaveniami karos\u00e9rie a odpru\u017eenia vznikla okam\u017eit\u00e1 klasika a pravdepodobne najlep\u0161ie \u0161portov\u00e9 vozidlo desa\u0165ro\u010dia. Prepl\u0148ovan\u00fd 1,8-litrov\u00fd motor, ktor\u00fd pren\u00e1\u0161a v\u00fdkon na zadn\u00e9 koles\u00e1, dok\u00e1\u017ee toto n\u00e1dhern\u00e9 dvojmiestne vozidlo rozbehn\u00fa\u0165 na celkom presved\u010div\u00fd \u010das 4,5 sekundy z 0 na 100 km\/h. \u010c\u00edsla v\u0161ak tomuto autu nesved\u010dia. Alpine A110 s pohotovostnou hmotnos\u0165ou len o m\u00e1lo vy\u0161\u0161ou ako jedna tona lieta v z\u00e1krut\u00e1ch a ovl\u00e1da sa ako sen. Pr\u00e1ve v\u010faka bezkonkuren\u010dnej jazdnej dynamike je mil\u00e1\u010dikom mnoh\u00fdch recenzi\u00ed v \u010dasopisoch.<\/p>\n<p><strong>Interi\u00e9r<\/strong><\/p>\n<p>Ke\u010f\u017ee tento model je relat\u00edvne nov\u00fd a m\u00e1 m\u00e1lo najazden\u00fdch kilometrov, ko\u017een\u00fd interi\u00e9r je v stave ako nov\u00fd bez zn\u00e1mok opotrebovania. Sk\u00fasen\u00ed kupuj\u00faci si v\u0161imn\u00fa pr\u00edtomnos\u0165 volite\u013en\u00fdch sedadiel &#8220;GT&#8221;, \u010do je v\u00edtan\u00fd doplnok, ako aj niektor\u00e9 karb\u00f3nov\u00e9 ozdobn\u00e9 prvky pre vzh\u013ead motoristick\u00e9ho \u0161portu. D\u00f4le\u017eit\u00fd je v\u0161ak pr\u00e9miov\u00fd audiosyst\u00e9m Focal, ktor\u00fd je vz\u00e1cnou v\u00fdbavou.<\/p>\n<p><strong>Stav<\/strong><\/p>\n<p>Konkr\u00e9tny exempl\u00e1r bol dodan\u00fd ako nov\u00fd v roku 2021 a odvtedy najazdil nie\u010do vy\u0161e 30 000 km. Je to dobre udr\u017eiavan\u00e9 auto, ktor\u00e9 sa pou\u017e\u00edvalo na rados\u0165 z jazdy, presne tak, ako si ho jeho kon\u0161trukt\u00e9ri vymysleli. Dvaja starostliv\u00ed majitelia ho od novoty nikdy nesledovali ani nepo\u0161kodili. P\u00f4vodn\u00fdm majite\u013eom bol obchodn\u00fd riadite\u013e spolo\u010dnosti Alpine Spain. Posledn\u00fd servis bol vykonan\u00fd v novembri 2023, pri\u010dom brzdy boli zrekon\u0161truovan\u00e9 len ned\u00e1vno, v decembri 2023. Predch\u00e1dzaj\u00faca v\u00fdmena oleja bola vykonan\u00e1 v septembri. <strong>Tento model Alpine A110 je st\u00e1le v tov\u00e1renskej z\u00e1ruke do novembra 2024, tak\u017ee v\u0161etku \u00fadr\u017ebu vykonal ofici\u00e1lny servis v \u0160panielsku<\/strong>.<\/p>\n<p><strong> <\/strong><strong>Exteri\u00e9r a koles\u00e1<\/strong><\/p>\n<p>Tento Alpine A110, lakovan\u00fd v bielej farbe s ve\u013emi zauj\u00edmav\u00fdm grafick\u00fdm bal\u00edkom, m\u00e1 jedine\u010dn\u00fd vzh\u013ead so \u0161peci\u00e1lnymi 18-palcov\u00fdmi diskami, ktor\u00e9 s\u00fa ur\u010den\u00e9 len pre Alpine. Karos\u00e9ria je bez po\u0161koden\u00ed, dier alebo \u0161krabancov a pneumatiky s\u00fa pod\u013ea pred\u00e1vaj\u00faceho v slu\u0161nom stave, pri\u010dom s\u00fa pou\u017eit\u00e9 na 50 %. Ide o pneumatiky Michelin Pilot Sport, ktor\u00e9 boli vyroben\u00e9 koncom roka 2021.<\/p>\n<p><strong>Dokument\u00e1cia<\/strong><\/p>\n<p>Predajca pred\u00e1va toto vozidlo s pr\u00edslu\u0161nou dokument\u00e1ciou v \u0160panielsku. <a href=\"https:\/\/pistonaddict.com\/wp-content\/uploads\/2023\/12\/AlpineA110.pdf\">Spr\u00e1va CarFax<\/a> je \u010dist\u00e1; neexistuj\u00fa \u017eiadne d\u00f4kazy o nehod\u00e1ch, oprav\u00e1ch po nehode, vlastn\u00edctve ani pr\u00e1vnych probl\u00e9moch. Existuj\u00fa z\u00e1znamy o pravidelnej \u00fadr\u017ebe, \u00fa\u010dty za predaj a \u00fa\u010dtenky. Na tento model Alpine A110 sa st\u00e1le vz\u0165ahuje tov\u00e1rensk\u00e1 z\u00e1ruka, ktor\u00e1 je prenosn\u00e1 na \u010fal\u0161ieho majite\u013ea.<\/p>\n<p><strong>Pozrite si video so studen\u00fdm \u0161tartom tejto kr\u00e1snej Alpine A110 :<\/strong><\/p>\n<p><iframe title=\"Cold Start Video of this great Alpine A110 for auction sale\" width=\"1200\" height=\"675\" src=\"https:\/\/www.youtube.com\/embed\/FlqeDNY4UtI?feature=oembed\" frameborder=\"0\" allow=\"accelerometer; autoplay; clipboard-write; encrypted-media; gyroscope; picture-in-picture; web-share\" allowfullscreen><\/iframe><\/p>\n","protected":false},"excerpt":{"rendered":"<p>Najhor\u00facej\u0161\u00edm \u0161portov\u00fdm autom posledn\u00fdch rokov nie je Ferrari, Lamborghini ani McLaren. Je to Alpine A110 s na mieru vyrobenou, ve\u013emi \u013eahkou karos\u00e9riou, temperamentn\u00fdm prepl\u0148ovan\u00fdm \u0161tvorvalcom a \u017eiv\u00fdm v\u00fdkonom. Toto dvojmiestne vozidlo pripomenulo fan\u00fa\u0161ikom \u0161portov\u00fdch vozidiel, o \u010dom je jazda, a triumf\u00e1lne vr\u00e1tilo legend\u00e1rnu zna\u010dku na trh. Dnes v\u00e1m s hrdos\u0165ou predstavujeme jeden z najlep\u0161\u00edch pr\u00edkladov tohto ve\u013emi vplyvn\u00e9ho \u0161portov\u00e9ho vozidla.<\/p>\n","protected":false},"featured_media":78364,"comment_status":"open","ping_status":"closed","template":"","meta":{"inline_featured_image":false},"product_cat":[755],"product_tag":[2845,2842,941],"acf":[],"yoast_head":"<!-- This site is optimized with the Yoast SEO plugin v22.5 - https:\/\/yoast.com\/wordpress\/plugins\/seo\/ -->\n<title>Alpine A110 aukcie - Piston Addict<\/title>\n<meta name=\"robots\" content=\"index, follow, max-snippet:-1, max-image-preview:large, max-video-preview:-1\" \/>\n<link rel=\"canonical\" href=\"https:\/\/pistonaddict.com\/sk\/product\/alpine-a110\/\" \/>\n<meta property=\"og:locale\" content=\"sk_SK\" \/>\n<meta property=\"og:type\" content=\"article\" \/>\n<meta property=\"og:title\" content=\"Alpine A110 aukcie - Piston Addict\" \/>\n<meta property=\"og:description\" content=\"Najhor\u00facej\u0161\u00edm \u0161portov\u00fdm autom posledn\u00fdch rokov nie je Ferrari, Lamborghini ani McLaren. Je to Alpine A110 s na mieru vyrobenou, ve\u013emi \u013eahkou karos\u00e9riou, temperamentn\u00fdm prepl\u0148ovan\u00fdm \u0161tvorvalcom a \u017eiv\u00fdm v\u00fdkonom. Toto dvojmiestne vozidlo pripomenulo fan\u00fa\u0161ikom \u0161portov\u00fdch vozidiel, o \u010dom je jazda, a triumf\u00e1lne vr\u00e1tilo legend\u00e1rnu zna\u010dku na trh. Dnes v\u00e1m s hrdos\u0165ou predstavujeme jeden z najlep\u0161\u00edch pr\u00edkladov tohto ve\u013emi vplyvn\u00e9ho \u0161portov\u00e9ho vozidla.\" \/>\n<meta property=\"og:url\" content=\"https:\/\/pistonaddict.com\/sk\/product\/alpine-a110\/\" \/>\n<meta property=\"og:site_name\" content=\"Piston Addict\" \/>\n<meta property=\"article:modified_time\" content=\"2024-03-20T08:42:32+00:00\" \/>\n<meta property=\"og:image\" content=\"https:\/\/pistonaddict.com\/wp-content\/uploads\/2023\/12\/4517LTW_01.jpg\" \/>\n\t<meta property=\"og:image:width\" content=\"1440\" \/>\n\t<meta property=\"og:image:height\" content=\"1080\" \/>\n\t<meta property=\"og:image:type\" content=\"image\/jpeg\" \/>\n<meta name=\"twitter:card\" content=\"summary_large_image\" \/>\n<meta name=\"twitter:label1\" content=\"Predpokladan\u00fd \u010das \u010d\u00edtania\" \/>\n\t<meta name=\"twitter:data1\" content=\"3 min\u00faty\" \/>\n<script type=\"application\/ld+json\" class=\"yoast-schema-graph\">{\"@context\":\"https:\/\/schema.org\",\"@graph\":[{\"@type\":\"WebPage\",\"@id\":\"https:\/\/pistonaddict.com\/sk\/product\/alpine-a110\/\",\"url\":\"https:\/\/pistonaddict.com\/sk\/product\/alpine-a110\/\",\"name\":\"Alpine A110 aukcie - Piston Addict\",\"isPartOf\":{\"@id\":\"https:\/\/pistonaddict.com\/sk\/#website\"},\"primaryImageOfPage\":{\"@id\":\"https:\/\/pistonaddict.com\/sk\/product\/alpine-a110\/#primaryimage\"},\"image\":{\"@id\":\"https:\/\/pistonaddict.com\/sk\/product\/alpine-a110\/#primaryimage\"},\"thumbnailUrl\":\"https:\/\/pistonaddict.com\/wp-content\/uploads\/2023\/12\/4517LTW_01.jpg\",\"datePublished\":\"2023-12-13T13:41:14+00:00\",\"dateModified\":\"2024-03-20T08:42:32+00:00\",\"breadcrumb\":{\"@id\":\"https:\/\/pistonaddict.com\/sk\/product\/alpine-a110\/#breadcrumb\"},\"inLanguage\":\"sk-SK\",\"potentialAction\":[{\"@type\":\"ReadAction\",\"target\":[\"https:\/\/pistonaddict.com\/sk\/product\/alpine-a110\/\"]}]},{\"@type\":\"ImageObject\",\"inLanguage\":\"sk-SK\",\"@id\":\"https:\/\/pistonaddict.com\/sk\/product\/alpine-a110\/#primaryimage\",\"url\":\"https:\/\/pistonaddict.com\/wp-content\/uploads\/2023\/12\/4517LTW_01.jpg\",\"contentUrl\":\"https:\/\/pistonaddict.com\/wp-content\/uploads\/2023\/12\/4517LTW_01.jpg\",\"width\":1440,\"height\":1080},{\"@type\":\"BreadcrumbList\",\"@id\":\"https:\/\/pistonaddict.com\/sk\/product\/alpine-a110\/#breadcrumb\",\"itemListElement\":[{\"@type\":\"ListItem\",\"position\":1,\"name\":\"domovskej str\u00e1nke\",\"item\":\"https:\/\/pistonaddict.com\/sk\/uvodna-stranka\/\"},{\"@type\":\"ListItem\",\"position\":2,\"name\":\"Auctions\",\"item\":\"https:\/\/pistonaddict.com\/auctions-listing\/\"},{\"@type\":\"ListItem\",\"position\":3,\"name\":\"Alpine A110\"}]},{\"@type\":\"WebSite\",\"@id\":\"https:\/\/pistonaddict.com\/sk\/#website\",\"url\":\"https:\/\/pistonaddict.com\/sk\/\",\"name\":\"Piston Addict\",\"description\":\"Only interesting vehicles\",\"publisher\":{\"@id\":\"https:\/\/pistonaddict.com\/sk\/#organization\"},\"potentialAction\":[{\"@type\":\"SearchAction\",\"target\":{\"@type\":\"EntryPoint\",\"urlTemplate\":\"https:\/\/pistonaddict.com\/sk\/?s={search_term_string}\"},\"query-input\":\"required name=search_term_string\"}],\"inLanguage\":\"sk-SK\"},{\"@type\":\"Organization\",\"@id\":\"https:\/\/pistonaddict.com\/sk\/#organization\",\"name\":\"Piston Addict\",\"url\":\"https:\/\/pistonaddict.com\/sk\/\",\"logo\":{\"@type\":\"ImageObject\",\"inLanguage\":\"sk-SK\",\"@id\":\"https:\/\/pistonaddict.com\/sk\/#\/schema\/logo\/image\/\",\"url\":\"https:\/\/pistonaddict.com\/wp-content\/uploads\/2022\/07\/logo-6.png\",\"contentUrl\":\"https:\/\/pistonaddict.com\/wp-content\/uploads\/2022\/07\/logo-6.png\",\"width\":970,\"height\":200,\"caption\":\"Piston Addict\"},\"image\":{\"@id\":\"https:\/\/pistonaddict.com\/sk\/#\/schema\/logo\/image\/\"}}]}<\/script>\n<!-- \/ Yoast SEO plugin. -->","yoast_head_json":{"title":"Alpine A110 aukcie - Piston Addict","robots":{"index":"index","follow":"follow","max-snippet":"max-snippet:-1","max-image-preview":"max-image-preview:large","max-video-preview":"max-video-preview:-1"},"canonical":"https:\/\/pistonaddict.com\/sk\/product\/alpine-a110\/","og_locale":"sk_SK","og_type":"article","og_title":"Alpine A110 aukcie - Piston Addict","og_description":"Najhor\u00facej\u0161\u00edm \u0161portov\u00fdm autom posledn\u00fdch rokov nie je Ferrari, Lamborghini ani McLaren. Je to Alpine A110 s na mieru vyrobenou, ve\u013emi \u013eahkou karos\u00e9riou, temperamentn\u00fdm prepl\u0148ovan\u00fdm \u0161tvorvalcom a \u017eiv\u00fdm v\u00fdkonom. Toto dvojmiestne vozidlo pripomenulo fan\u00fa\u0161ikom \u0161portov\u00fdch vozidiel, o \u010dom je jazda, a triumf\u00e1lne vr\u00e1tilo legend\u00e1rnu zna\u010dku na trh. Dnes v\u00e1m s hrdos\u0165ou predstavujeme jeden z najlep\u0161\u00edch pr\u00edkladov tohto ve\u013emi vplyvn\u00e9ho \u0161portov\u00e9ho vozidla.","og_url":"https:\/\/pistonaddict.com\/sk\/product\/alpine-a110\/","og_site_name":"Piston Addict","article_modified_time":"2024-03-20T08:42:32+00:00","og_image":[{"width":1440,"height":1080,"url":"https:\/\/pistonaddict.com\/wp-content\/uploads\/2023\/12\/4517LTW_01.jpg","type":"image\/jpeg"}],"twitter_card":"summary_large_image","twitter_misc":{"Predpokladan\u00fd \u010das \u010d\u00edtania":"3 min\u00faty"},"schema":{"@context":"https:\/\/schema.org","@graph":[{"@type":"WebPage","@id":"https:\/\/pistonaddict.com\/sk\/product\/alpine-a110\/","url":"https:\/\/pistonaddict.com\/sk\/product\/alpine-a110\/","name":"Alpine A110 aukcie - Piston Addict","isPartOf":{"@id":"https:\/\/pistonaddict.com\/sk\/#website"},"primaryImageOfPage":{"@id":"https:\/\/pistonaddict.com\/sk\/product\/alpine-a110\/#primaryimage"},"image":{"@id":"https:\/\/pistonaddict.com\/sk\/product\/alpine-a110\/#primaryimage"},"thumbnailUrl":"https:\/\/pistonaddict.com\/wp-content\/uploads\/2023\/12\/4517LTW_01.jpg","datePublished":"2023-12-13T13:41:14+00:00","dateModified":"2024-03-20T08:42:32+00:00","breadcrumb":{"@id":"https:\/\/pistonaddict.com\/sk\/product\/alpine-a110\/#breadcrumb"},"inLanguage":"sk-SK","potentialAction":[{"@type":"ReadAction","target":["https:\/\/pistonaddict.com\/sk\/product\/alpine-a110\/"]}]},{"@type":"ImageObject","inLanguage":"sk-SK","@id":"https:\/\/pistonaddict.com\/sk\/product\/alpine-a110\/#primaryimage","url":"https:\/\/pistonaddict.com\/wp-content\/uploads\/2023\/12\/4517LTW_01.jpg","contentUrl":"https:\/\/pistonaddict.com\/wp-content\/uploads\/2023\/12\/4517LTW_01.jpg","width":1440,"height":1080},{"@type":"BreadcrumbList","@id":"https:\/\/pistonaddict.com\/sk\/product\/alpine-a110\/#breadcrumb","itemListElement":[{"@type":"ListItem","position":1,"name":"domovskej str\u00e1nke","item":"https:\/\/pistonaddict.com\/sk\/uvodna-stranka\/"},{"@type":"ListItem","position":2,"name":"Auctions","item":"https:\/\/pistonaddict.com\/auctions-listing\/"},{"@type":"ListItem","position":3,"name":"Alpine A110"}]},{"@type":"WebSite","@id":"https:\/\/pistonaddict.com\/sk\/#website","url":"https:\/\/pistonaddict.com\/sk\/","name":"Piston Addict","description":"Only interesting vehicles","publisher":{"@id":"https:\/\/pistonaddict.com\/sk\/#organization"},"potentialAction":[{"@type":"SearchAction","target":{"@type":"EntryPoint","urlTemplate":"https:\/\/pistonaddict.com\/sk\/?s={search_term_string}"},"query-input":"required name=search_term_string"}],"inLanguage":"sk-SK"},{"@type":"Organization","@id":"https:\/\/pistonaddict.com\/sk\/#organization","name":"Piston Addict","url":"https:\/\/pistonaddict.com\/sk\/","logo":{"@type":"ImageObject","inLanguage":"sk-SK","@id":"https:\/\/pistonaddict.com\/sk\/#\/schema\/logo\/image\/","url":"https:\/\/pistonaddict.com\/wp-content\/uploads\/2022\/07\/logo-6.png","contentUrl":"https:\/\/pistonaddict.com\/wp-content\/uploads\/2022\/07\/logo-6.png","width":970,"height":200,"caption":"Piston Addict"},"image":{"@id":"https:\/\/pistonaddict.com\/sk\/#\/schema\/logo\/image\/"}}]}},"_links":{"self":[{"href":"https:\/\/pistonaddict.com\/sk\/wp-json\/wp\/v2\/product\/79070"}],"collection":[{"href":"https:\/\/pistonaddict.com\/sk\/wp-json\/wp\/v2\/product"}],"about":[{"href":"https:\/\/pistonaddict.com\/sk\/wp-json\/wp\/v2\/types\/product"}],"replies":[{"embeddable":true,"href":"https:\/\/pistonaddict.com\/sk\/wp-json\/wp\/v2\/comments?post=79070"}],"wp:featuredmedia":[{"embeddable":true,"href":"https:\/\/pistonaddict.com\/sk\/wp-json\/wp\/v2\/media\/78364"}],"wp:attachment":[{"href":"https:\/\/pistonaddict.com\/sk\/wp-json\/wp\/v2\/media?parent=79070"}],"wp:term":[{"taxonomy":"product_cat","embeddable":true,"href":"https:\/\/pistonaddict.com\/sk\/wp-json\/wp\/v2\/product_cat?post=79070"},{"taxonomy":"product_tag","embeddable":true,"href":"https:\/\/pistonaddict.com\/sk\/wp-json\/wp\/v2\/product_tag?post=79070"}],"curies":[{"name":"wp","href":"https:\/\/api.w.org\/{rel}","templated":true}]}}