{"id":78325,"date":"2023-12-13T10:17:52","date_gmt":"2023-12-13T09:17:52","guid":{"rendered":"https:\/\/pistonaddict.com\/product\/fisker-karma-signature-edition\/"},"modified":"2024-03-20T09:42:51","modified_gmt":"2024-03-20T08:42:51","slug":"fisker-karma-signature-edition","status":"publish","type":"product","link":"https:\/\/pistonaddict.com\/sk\/product\/fisker-karma-signature-edition\/","title":{"rendered":"Fisker Karma Signature Edition"},"content":{"rendered":"<p><strong>Hist\u00f3ria vozidla<\/strong><\/p>\n<p>Pred pr\u00edchodom modelu Karma na trh v roku 2011 boli hybridy pomerne nudn\u00e9 a nezauj\u00edmav\u00e9 vozidl\u00e1. Potom v\u0161ak Fisker predstavil Karmu s p\u00fatav\u00fdm dizajnom, n\u00edzkou siluetou, svalnat\u00fdm postojom a jedine\u010dn\u00fdmi tvarmi. Bolo a st\u00e1le je to nie\u010do v\u00fdnimo\u010dn\u00e9. Pod zvodnou karos\u00e9riou sa skr\u00fdva mno\u017estvo inovat\u00edvnych technol\u00f3gi\u00ed. Hlavn\u00fdm motorom je 2,0-litrov\u00fd turbod\u00fachadlom prep\u013a\u0148an\u00fd motor od GM s v\u00fdkonom 260 k a dvoma elektromotormi na zadnej n\u00e1prave. Bat\u00e9ria s kapacitou 20,1 kWh nap\u00e1ja elektromotory s v\u00fdkonom 120 kW (403 k).<\/p>\n<p>Zauj\u00edmavos\u0165ou je, \u017ee bat\u00e9rie s\u00fa umiestnen\u00e9 v strede vozidla, v\u010faka \u010domu m\u00e1 Karma n\u00edzke \u0165a\u017eisko a v\u00fdborne dr\u017e\u00ed na ceste. Princ\u00edp pr\u00e1ce je tie\u017e jedine\u010dn\u00fd. Vozidlo s automatickou prevodovkou malo dojazd pribli\u017ene 80 km len na elektrick\u00fa energiu. Ke\u010f sa v\u0161ak bat\u00e9rie vybij\u00fa, vodi\u010d aktivuje benz\u00ednov\u00fd motor, ktor\u00fd poh\u00e1\u0148a gener\u00e1tor nap\u00e1jaj\u00faci elektromotory. Karma je teda benz\u00ednovo-elektrick\u00fd hybrid s ve\u013ek\u00fdm d\u00f4razom na elektrick\u00fa \u010das\u0165. Tento model bol dodan\u00fd \u010dlenovi rodiny Fisker a jedn\u00e9mu z p\u00f4vodn\u00fdch investorov, \u010do z neho rob\u00ed v\u00fdnimo\u010dn\u00fa s\u00fa\u010das\u0165 hist\u00f3rie spolo\u010dnosti.<\/p>\n<p><strong>Interi\u00e9r<\/strong><\/p>\n<p>Interi\u00e9r tohto konkr\u00e9tneho exempl\u00e1ra je kombin\u00e1ciou \u010diernej a hnedej ko\u017ee, \u010do z neho rob\u00ed o\u010daruj\u00face miesto. Na sedadl\u00e1ch nie s\u00fa \u017eiadne \u0161krabance a v\u0161etko je funk\u010dn\u00e9. Je vybaven\u00fd volite\u013en\u00fdm informa\u010dno-z\u00e1bavn\u00fdm syst\u00e9mom s displejom na pr\u00edstrojovej doske.<\/p>\n<p><strong>Stav<\/strong><\/p>\n<p>T\u00e1to Karma m\u00e1 najazden\u00fdch 80 000 km, kompletn\u00fa servisn\u00fa hist\u00f3riu, len jedn\u00e9ho majite\u013ea a je v ide\u00e1lnom stave. Neexistuj\u00fa \u017eiadne nehody ani po\u0161kodenia a interi\u00e9r je v stave nov\u00e9ho vozidla. Zauj\u00edmavos\u0165ou je, \u017ee Karma je vybaven\u00e1 strechou so sol\u00e1rnymi panelmi, ktor\u00e9 premie\u0148aj\u00fa slne\u010dn\u00fa energiu na elektrick\u00fa a v pr\u00edpade potreby vyp\u00ednaj\u00fa bat\u00e9riu. V tomto pr\u00edklade je sol\u00e1rna strecha pr\u00edtomn\u00e1 a v perfektnom stave. <strong>Tento konkr\u00e9tny pr\u00edklad je \u010d. 61 zo 100 vyroben\u00fdch s bal\u00edkom Signature Edition<\/strong>, \u010do je podstatn\u00e9, preto\u017ee jeho hist\u00f3riu mo\u017eno sledova\u0165 v r\u00e1mci komunity Fisker. Ke\u010f\u017ee tento exempl\u00e1r m\u00e1 historick\u00fd v\u00fdznam, bol servisovan\u00fd jedn\u00fdm z najlep\u0161\u00edch \u0161pecialistov na Fisker na svete, pri\u010dom s\u00fa k dispoz\u00edcii z\u00e1znamy o pravidelnej \u00fadr\u017ebe. Posledn\u00fd servis a v\u00fdmena oleja sa uskuto\u010dnili v okt\u00f3bri 2023 a brzdy boli zrekon\u0161truovan\u00e9 len pred nieko\u013ek\u00fdmi d\u0148ami v decembri 2023.<\/p>\n<p><strong>Exteri\u00e9r a koles\u00e1<\/strong><\/p>\n<p>Jedine\u010dn\u00fd strieborn\u00fd lak dokonale lad\u00ed s dvojfarebn\u00fdm interi\u00e9rom bez \u0161krabancov a prelia\u010den\u00edn. Vozidlo bude dodan\u00e9 s 21-palcov\u00fdmi zimn\u00fdmi pneumatikami v perfektnom stave. 22-palcov\u00e9 disky s letn\u00fdmi pneumatikami s\u00fa za pr\u00edplatok. Pneumatiky s\u00fa z roku 2023.<\/p>\n<p><strong>Dokument\u00e1cia<\/strong><\/p>\n<p>S\u00fakromn\u00fd predajca pred\u00e1va toto vozidlo s pr\u00edslu\u0161nou dokument\u00e1ciou v Nemecku. Spr\u00e1va <a href=\"https:\/\/pistonaddict.com\/wp-content\/uploads\/2023\/12\/FiskerKarma.pdf\">CarVertical<\/a> je \u010dist\u00e1; neexistuj\u00fa \u017eiadne d\u00f4kazy o nehod\u00e1ch, oprav\u00e1ch po nehode, vlastn\u00edctve ani pr\u00e1vnych probl\u00e9moch. Existuj\u00fa z\u00e1znamy o pravidelnej \u00fadr\u017ebe, \u00fa\u010dty za predaj a \u00fa\u010dtenky. Na tento model nie je k dispoz\u00edcii \u017eiadna v\u00fdrobn\u00e1 z\u00e1ruka.<\/p>\n<p><strong><br \/>\nPozrite si video so studen\u00fdm \u0161tartom tohto kr\u00e1sneho vozidla Fisker Karma silver Signature :<\/strong><\/p>\n<p><iframe title=\"Cold Start Video of the Fisker Karma Signature for auction sale\" width=\"1200\" height=\"675\" src=\"https:\/\/www.youtube.com\/embed\/sOmYYpDT2U8?feature=oembed\" frameborder=\"0\" allow=\"accelerometer; autoplay; clipboard-write; encrypted-media; gyroscope; picture-in-picture; web-share\" allowfullscreen><\/iframe><\/p>\n","protected":false},"excerpt":{"rendered":"<p>Fisker Karma nie je len revolu\u010dn\u00fd hybrid, ale aj jedno z najkraj\u0161\u00edch \u00e1ut 21. storo\u010dia. Vyrobilo sa ich len nie\u010do vy\u0161e 3000, tak\u017ee s\u00fa vz\u00e1cne, ale tento model je e\u0161te vz\u00e1cnej\u0161\u00ed. Strieborn\u00fd model Karma z roku 2012, ktor\u00fd dnes pon\u00fakame, je exempl\u00e1rom 1 zo 100 kusov Signature Edition a dokonca ho osobne podp\u00edsal majite\u013e spolo\u010dnosti Henrik Fisker. Ak h\u013ead\u00e1te zberate\u013esk\u00fd sen, je to pr\u00e1ve tento.<\/p>\n","protected":false},"featured_media":77672,"comment_status":"open","ping_status":"closed","template":"","meta":{"inline_featured_image":false},"product_cat":[755],"product_tag":[2782,2784,941,1855,1854],"acf":[],"yoast_head":"<!-- This site is optimized with the Yoast SEO plugin v22.5 - https:\/\/yoast.com\/wordpress\/plugins\/seo\/ -->\n<title>Fisker Karma Signature Edition aukcie - Piston Addict<\/title>\n<meta name=\"robots\" content=\"index, follow, max-snippet:-1, max-image-preview:large, max-video-preview:-1\" \/>\n<link rel=\"canonical\" href=\"https:\/\/pistonaddict.com\/sk\/product\/fisker-karma-signature-edition\/\" \/>\n<meta property=\"og:locale\" content=\"sk_SK\" \/>\n<meta property=\"og:type\" content=\"article\" \/>\n<meta property=\"og:title\" content=\"Fisker Karma Signature Edition aukcie - Piston Addict\" \/>\n<meta property=\"og:description\" content=\"Fisker Karma nie je len revolu\u010dn\u00fd hybrid, ale aj jedno z najkraj\u0161\u00edch \u00e1ut 21. storo\u010dia. Vyrobilo sa ich len nie\u010do vy\u0161e 3000, tak\u017ee s\u00fa vz\u00e1cne, ale tento model je e\u0161te vz\u00e1cnej\u0161\u00ed. Strieborn\u00fd model Karma z roku 2012, ktor\u00fd dnes pon\u00fakame, je exempl\u00e1rom 1 zo 100 kusov Signature Edition a dokonca ho osobne podp\u00edsal majite\u013e spolo\u010dnosti Henrik Fisker. Ak h\u013ead\u00e1te zberate\u013esk\u00fd sen, je to pr\u00e1ve tento.\" \/>\n<meta property=\"og:url\" content=\"https:\/\/pistonaddict.com\/sk\/product\/fisker-karma-signature-edition\/\" \/>\n<meta property=\"og:site_name\" content=\"Piston Addict\" \/>\n<meta property=\"article:modified_time\" content=\"2024-03-20T08:42:51+00:00\" \/>\n<meta property=\"og:image\" content=\"https:\/\/pistonaddict.com\/wp-content\/uploads\/2023\/12\/20210129_085341.jpg\" \/>\n\t<meta property=\"og:image:width\" content=\"1762\" \/>\n\t<meta property=\"og:image:height\" content=\"752\" \/>\n\t<meta property=\"og:image:type\" content=\"image\/jpeg\" \/>\n<meta name=\"twitter:card\" content=\"summary_large_image\" \/>\n<meta name=\"twitter:label1\" content=\"Predpokladan\u00fd \u010das \u010d\u00edtania\" \/>\n\t<meta name=\"twitter:data1\" content=\"3 min\u00faty\" \/>\n<script type=\"application\/ld+json\" class=\"yoast-schema-graph\">{\"@context\":\"https:\/\/schema.org\",\"@graph\":[{\"@type\":\"WebPage\",\"@id\":\"https:\/\/pistonaddict.com\/sk\/product\/fisker-karma-signature-edition\/\",\"url\":\"https:\/\/pistonaddict.com\/sk\/product\/fisker-karma-signature-edition\/\",\"name\":\"Fisker Karma Signature Edition aukcie - Piston Addict\",\"isPartOf\":{\"@id\":\"https:\/\/pistonaddict.com\/sk\/#website\"},\"primaryImageOfPage\":{\"@id\":\"https:\/\/pistonaddict.com\/sk\/product\/fisker-karma-signature-edition\/#primaryimage\"},\"image\":{\"@id\":\"https:\/\/pistonaddict.com\/sk\/product\/fisker-karma-signature-edition\/#primaryimage\"},\"thumbnailUrl\":\"https:\/\/pistonaddict.com\/wp-content\/uploads\/2023\/12\/20210129_085341.jpg\",\"datePublished\":\"2023-12-13T09:17:52+00:00\",\"dateModified\":\"2024-03-20T08:42:51+00:00\",\"breadcrumb\":{\"@id\":\"https:\/\/pistonaddict.com\/sk\/product\/fisker-karma-signature-edition\/#breadcrumb\"},\"inLanguage\":\"sk-SK\",\"potentialAction\":[{\"@type\":\"ReadAction\",\"target\":[\"https:\/\/pistonaddict.com\/sk\/product\/fisker-karma-signature-edition\/\"]}]},{\"@type\":\"ImageObject\",\"inLanguage\":\"sk-SK\",\"@id\":\"https:\/\/pistonaddict.com\/sk\/product\/fisker-karma-signature-edition\/#primaryimage\",\"url\":\"https:\/\/pistonaddict.com\/wp-content\/uploads\/2023\/12\/20210129_085341.jpg\",\"contentUrl\":\"https:\/\/pistonaddict.com\/wp-content\/uploads\/2023\/12\/20210129_085341.jpg\",\"width\":1762,\"height\":752},{\"@type\":\"BreadcrumbList\",\"@id\":\"https:\/\/pistonaddict.com\/sk\/product\/fisker-karma-signature-edition\/#breadcrumb\",\"itemListElement\":[{\"@type\":\"ListItem\",\"position\":1,\"name\":\"domovskej str\u00e1nke\",\"item\":\"https:\/\/pistonaddict.com\/sk\/uvodna-stranka\/\"},{\"@type\":\"ListItem\",\"position\":2,\"name\":\"Auctions\",\"item\":\"https:\/\/pistonaddict.com\/auctions-listing\/\"},{\"@type\":\"ListItem\",\"position\":3,\"name\":\"Fisker Karma Signature Edition\"}]},{\"@type\":\"WebSite\",\"@id\":\"https:\/\/pistonaddict.com\/sk\/#website\",\"url\":\"https:\/\/pistonaddict.com\/sk\/\",\"name\":\"Piston Addict\",\"description\":\"Only interesting vehicles\",\"publisher\":{\"@id\":\"https:\/\/pistonaddict.com\/sk\/#organization\"},\"potentialAction\":[{\"@type\":\"SearchAction\",\"target\":{\"@type\":\"EntryPoint\",\"urlTemplate\":\"https:\/\/pistonaddict.com\/sk\/?s={search_term_string}\"},\"query-input\":\"required name=search_term_string\"}],\"inLanguage\":\"sk-SK\"},{\"@type\":\"Organization\",\"@id\":\"https:\/\/pistonaddict.com\/sk\/#organization\",\"name\":\"Piston Addict\",\"url\":\"https:\/\/pistonaddict.com\/sk\/\",\"logo\":{\"@type\":\"ImageObject\",\"inLanguage\":\"sk-SK\",\"@id\":\"https:\/\/pistonaddict.com\/sk\/#\/schema\/logo\/image\/\",\"url\":\"https:\/\/pistonaddict.com\/wp-content\/uploads\/2022\/07\/logo-6.png\",\"contentUrl\":\"https:\/\/pistonaddict.com\/wp-content\/uploads\/2022\/07\/logo-6.png\",\"width\":970,\"height\":200,\"caption\":\"Piston Addict\"},\"image\":{\"@id\":\"https:\/\/pistonaddict.com\/sk\/#\/schema\/logo\/image\/\"}}]}<\/script>\n<!-- \/ Yoast SEO plugin. -->","yoast_head_json":{"title":"Fisker Karma Signature Edition aukcie - Piston Addict","robots":{"index":"index","follow":"follow","max-snippet":"max-snippet:-1","max-image-preview":"max-image-preview:large","max-video-preview":"max-video-preview:-1"},"canonical":"https:\/\/pistonaddict.com\/sk\/product\/fisker-karma-signature-edition\/","og_locale":"sk_SK","og_type":"article","og_title":"Fisker Karma Signature Edition aukcie - Piston Addict","og_description":"Fisker Karma nie je len revolu\u010dn\u00fd hybrid, ale aj jedno z najkraj\u0161\u00edch \u00e1ut 21. storo\u010dia. Vyrobilo sa ich len nie\u010do vy\u0161e 3000, tak\u017ee s\u00fa vz\u00e1cne, ale tento model je e\u0161te vz\u00e1cnej\u0161\u00ed. Strieborn\u00fd model Karma z roku 2012, ktor\u00fd dnes pon\u00fakame, je exempl\u00e1rom 1 zo 100 kusov Signature Edition a dokonca ho osobne podp\u00edsal majite\u013e spolo\u010dnosti Henrik Fisker. Ak h\u013ead\u00e1te zberate\u013esk\u00fd sen, je to pr\u00e1ve tento.","og_url":"https:\/\/pistonaddict.com\/sk\/product\/fisker-karma-signature-edition\/","og_site_name":"Piston Addict","article_modified_time":"2024-03-20T08:42:51+00:00","og_image":[{"width":1762,"height":752,"url":"https:\/\/pistonaddict.com\/wp-content\/uploads\/2023\/12\/20210129_085341.jpg","type":"image\/jpeg"}],"twitter_card":"summary_large_image","twitter_misc":{"Predpokladan\u00fd \u010das \u010d\u00edtania":"3 min\u00faty"},"schema":{"@context":"https:\/\/schema.org","@graph":[{"@type":"WebPage","@id":"https:\/\/pistonaddict.com\/sk\/product\/fisker-karma-signature-edition\/","url":"https:\/\/pistonaddict.com\/sk\/product\/fisker-karma-signature-edition\/","name":"Fisker Karma Signature Edition aukcie - Piston Addict","isPartOf":{"@id":"https:\/\/pistonaddict.com\/sk\/#website"},"primaryImageOfPage":{"@id":"https:\/\/pistonaddict.com\/sk\/product\/fisker-karma-signature-edition\/#primaryimage"},"image":{"@id":"https:\/\/pistonaddict.com\/sk\/product\/fisker-karma-signature-edition\/#primaryimage"},"thumbnailUrl":"https:\/\/pistonaddict.com\/wp-content\/uploads\/2023\/12\/20210129_085341.jpg","datePublished":"2023-12-13T09:17:52+00:00","dateModified":"2024-03-20T08:42:51+00:00","breadcrumb":{"@id":"https:\/\/pistonaddict.com\/sk\/product\/fisker-karma-signature-edition\/#breadcrumb"},"inLanguage":"sk-SK","potentialAction":[{"@type":"ReadAction","target":["https:\/\/pistonaddict.com\/sk\/product\/fisker-karma-signature-edition\/"]}]},{"@type":"ImageObject","inLanguage":"sk-SK","@id":"https:\/\/pistonaddict.com\/sk\/product\/fisker-karma-signature-edition\/#primaryimage","url":"https:\/\/pistonaddict.com\/wp-content\/uploads\/2023\/12\/20210129_085341.jpg","contentUrl":"https:\/\/pistonaddict.com\/wp-content\/uploads\/2023\/12\/20210129_085341.jpg","width":1762,"height":752},{"@type":"BreadcrumbList","@id":"https:\/\/pistonaddict.com\/sk\/product\/fisker-karma-signature-edition\/#breadcrumb","itemListElement":[{"@type":"ListItem","position":1,"name":"domovskej str\u00e1nke","item":"https:\/\/pistonaddict.com\/sk\/uvodna-stranka\/"},{"@type":"ListItem","position":2,"name":"Auctions","item":"https:\/\/pistonaddict.com\/auctions-listing\/"},{"@type":"ListItem","position":3,"name":"Fisker Karma Signature Edition"}]},{"@type":"WebSite","@id":"https:\/\/pistonaddict.com\/sk\/#website","url":"https:\/\/pistonaddict.com\/sk\/","name":"Piston Addict","description":"Only interesting vehicles","publisher":{"@id":"https:\/\/pistonaddict.com\/sk\/#organization"},"potentialAction":[{"@type":"SearchAction","target":{"@type":"EntryPoint","urlTemplate":"https:\/\/pistonaddict.com\/sk\/?s={search_term_string}"},"query-input":"required name=search_term_string"}],"inLanguage":"sk-SK"},{"@type":"Organization","@id":"https:\/\/pistonaddict.com\/sk\/#organization","name":"Piston Addict","url":"https:\/\/pistonaddict.com\/sk\/","logo":{"@type":"ImageObject","inLanguage":"sk-SK","@id":"https:\/\/pistonaddict.com\/sk\/#\/schema\/logo\/image\/","url":"https:\/\/pistonaddict.com\/wp-content\/uploads\/2022\/07\/logo-6.png","contentUrl":"https:\/\/pistonaddict.com\/wp-content\/uploads\/2022\/07\/logo-6.png","width":970,"height":200,"caption":"Piston Addict"},"image":{"@id":"https:\/\/pistonaddict.com\/sk\/#\/schema\/logo\/image\/"}}]}},"_links":{"self":[{"href":"https:\/\/pistonaddict.com\/sk\/wp-json\/wp\/v2\/product\/78325"}],"collection":[{"href":"https:\/\/pistonaddict.com\/sk\/wp-json\/wp\/v2\/product"}],"about":[{"href":"https:\/\/pistonaddict.com\/sk\/wp-json\/wp\/v2\/types\/product"}],"replies":[{"embeddable":true,"href":"https:\/\/pistonaddict.com\/sk\/wp-json\/wp\/v2\/comments?post=78325"}],"wp:featuredmedia":[{"embeddable":true,"href":"https:\/\/pistonaddict.com\/sk\/wp-json\/wp\/v2\/media\/77672"}],"wp:attachment":[{"href":"https:\/\/pistonaddict.com\/sk\/wp-json\/wp\/v2\/media?parent=78325"}],"wp:term":[{"taxonomy":"product_cat","embeddable":true,"href":"https:\/\/pistonaddict.com\/sk\/wp-json\/wp\/v2\/product_cat?post=78325"},{"taxonomy":"product_tag","embeddable":true,"href":"https:\/\/pistonaddict.com\/sk\/wp-json\/wp\/v2\/product_tag?post=78325"}],"curies":[{"name":"wp","href":"https:\/\/api.w.org\/{rel}","templated":true}]}}