{"id":77370,"date":"2023-12-11T15:55:41","date_gmt":"2023-12-11T14:55:41","guid":{"rendered":"https:\/\/pistonaddict.com\/product\/abarth-124-spider\/"},"modified":"2024-03-20T09:41:35","modified_gmt":"2024-03-20T08:41:35","slug":"abarth-124-spider","status":"publish","type":"product","link":"https:\/\/pistonaddict.com\/sk\/product\/abarth-124-spider\/","title":{"rendered":"Abarth 124 Spider"},"content":{"rendered":"<h2>Exteri\u00e9r<\/h2>\n<p>Zvonku je na prv\u00fd poh\u013ead zrejm\u00e9, \u017ee ide o viac ako len o oby\u010dajn\u00fd, hotov\u00fd model 124 Spider. Tento \u010dierno lakovan\u00fd roadster m\u00e1 agres\u00edvnej\u0161ie n\u00e1razn\u00edky, xen\u00f3nov\u00e9 svetlomety a obojstrann\u00fd v\u00fdfuk vzadu s dvoma pochr\u00f3movan\u00fdmi koncovkami na ka\u017edej strane. V\u0161etky tieto detaily dod\u00e1vaj\u00fa vozidlu impozantn\u00fa pr\u00edtomnos\u0165 na ceste, ktor\u00e1 ho jednozna\u010dne odli\u0161uje od jeho mierneho pr\u00edbuzn\u00e9ho. A ak v\u00e1m to nesta\u010d\u00ed, odznak na boku oslavuj\u00faci 70. v\u00fdro\u010die Abarthu ur\u010dite zd\u00f4razn\u00ed exkluzivitu tohto konkr\u00e9tneho modelu.<\/p>\n<p>Tento Abarth 124 Spider stoj\u00ed na 17-palcov\u00fdch diskoch obut\u00fdch do pneumat\u00edk Bridgestone, ktor\u00e9 u\u017e mo\u017eno maj\u00fa svoje najlep\u0161ie \u010dasy za sebou. Z kolies je tie\u017e dobre vidie\u0165 mas\u00edvne \u010derven\u00e9 brzdov\u00e9 strmene Brembo, ktor\u00e9 s\u013eubuj\u00fa vynikaj\u00faci brzdn\u00fd v\u00fdkon.<\/p>\n<h2>Interi\u00e9r<\/h2>\n<p>Rovnako ako vonkaj\u0161\u00ed vzh\u013ead, aj interi\u00e9r sa vyzna\u010duje nieko\u013ek\u00fdmi p\u00fatav\u00fdmi detailmi, ktor\u00e9 jasne poukazuj\u00fa na p\u00f4vod vozidla. Na za\u010diatok p\u00e1r pohodln\u00fdch sedadiel potiahnut\u00fdch semi\u0161ovou ko\u017eou s mas\u00edvnym \u010derven\u00fdm n\u00e1pisom Abart vy\u0161it\u00fdm na operadle. \u010cerven\u00e9 detaily zv\u00fdraz\u0148uj\u00fa aj volant a pr\u00edstrojov\u00fd panel za n\u00edm, ktor\u00e9mu dominuje ot\u00e1\u010dkomer s ot\u00e1\u010dkami a\u017e do 8 000 ot\u00e1\u010dok za min\u00fatu. Minimalistick\u00e1 pr\u00edstrojov\u00e1 doska obsahuje len to najnutnej\u0161ie, ako napr\u00edklad ovl\u00e1dacie prvky klimatiz\u00e1cie a stredov\u00fd displej, z \u010doho je zrejm\u00e9, \u017ee toto vozidlo je ur\u010den\u00e9 predov\u0161etk\u00fdm na jazdu.<\/p>\n<h2>Mechanika<\/h2>\n<p>Na prv\u00fd poh\u013ead sa 1,4-litrov\u00fd motor pod kapotou nemus\u00ed zda\u0165 tak\u00fd presved\u010div\u00fd, ako by sa dalo o\u010dak\u00e1va\u0165. V\u010faka turbod\u00fachadlu a upraven\u00e9mu palivov\u00e9mu mana\u017ementu, ktor\u00fd zvy\u0161uje v\u00fdkon na 170 kon\u00ed, m\u00e1 v\u0161ak tento hladk\u00fd \u0161tvorvalec poriadnu silu. Prevodovka &#8211; konven\u010dn\u00e1 \u0161es\u0165stup\u0148ov\u00e1 manu\u00e1lna &#8211; je \u010fal\u0161\u00edm detailom, ktor\u00fd odha\u013euje skuto\u010dn\u00fa povahu modelu Spider. T\u00e1to konfigur\u00e1cia hnacieho \u00fastrojenstva v kombin\u00e1cii s vynikaj\u00facim odpru\u017een\u00edm a v\u00fdkonn\u00fdmi brzdami z neho rob\u00ed skuto\u010dn\u00e9 vodi\u010dsk\u00e9 vozidlo ur\u010den\u00e9 na zdolanie akejko\u013evek k\u013eukatej cesty.<\/p>\n<h2>Hist\u00f3ria vozidla<\/h2>\n<p>Na z\u00e1ver nieko\u013eko slov o s\u00fa\u010dasnom stave tohto modelu Abarth Spider. Posledn\u00fd pravideln\u00fd servis, ktor\u00fd zah\u0155\u0148al v\u00fdmenu oleja, bol vykonan\u00fd v janu\u00e1ri 2023. Ned\u00e1vno, v decembri, boli zrekon\u0161truovan\u00e9 brzdy. Na z\u00e1klade poskytnut\u00fdch fotografi\u00ed a pr\u00edslu\u0161n\u00e9ho videa sa vozidlo zd\u00e1 by\u0165 v bezchybnom stave, bez vidite\u013en\u00fdch po\u0161koden\u00ed alebo zn\u00e1mok opotrebovania.<\/p>\n<p>Okrem toho pred\u00e1vaj\u00faci tvrd\u00ed, \u017ee vozidlo, ktor\u00e9 sa v s\u00fa\u010dasnosti nach\u00e1dza v Taliansku, nebolo pou\u017e\u00edvan\u00e9 na trati ani nebolo \u00fa\u010dastn\u00edkom \u017eiadnej nehody, \u010do potvrdzuje aj zodpovedaj\u00faca spr\u00e1va o hist\u00f3rii vozidla <a href=\"https:\/\/pistonaddict.com\/wp-content\/uploads\/2023\/12\/abarthspider.pdf\">CARFAX<\/a>.<\/p>\n<p><strong><br \/>\nPozrite si video so studen\u00fdm \u0161tartom tohto kr\u00e1sneho modelu Abarth 124 Spider :<\/strong><\/p>\n<p><iframe title=\"Cold Start Video of the Abarth 124 Spider for auction sale\" width=\"1200\" height=\"675\" src=\"https:\/\/www.youtube.com\/embed\/wZs51_ew1WU?feature=oembed\" frameborder=\"0\" allow=\"accelerometer; autoplay; clipboard-write; encrypted-media; gyroscope; picture-in-picture; web-share\" allowfullscreen><\/iframe><\/p>\n","protected":false},"excerpt":{"rendered":"<p>Ak chcete auto, ktor\u00e9 skvele vyzer\u00e1, je z\u00e1bavn\u00e9 a \u013eahko sa s n\u00edm \u017eije, mali by ste zv\u00e1\u017ei\u0165 k\u00fapu roadstera. Na v\u00fdber je nieko\u013eko relat\u00edvne nov\u00fdch modelov a jedn\u00fdm z nich je 124 Spider, ktor\u00fd zdie\u013ea mechanick\u00e9 z\u00e1klady s pravdepodobne najzn\u00e1mej\u0161\u00edm roadsterom s\u00fa\u010dasnosti &#8211; Mazdou MX5. Predstavuje tak jedine\u010dn\u00fa kombin\u00e1ciu talianskeho \u0161t\u00fdlu a japonskej prec\u00edznej technol\u00f3gie.<\/p>\n<p>A ke\u010f to v\u0161etko okoren\u00ed intern\u00fd tuner Fiatu, dostanete ohniv\u00fd <strong>Abarth 124 Spider<\/strong>, ktor\u00e9ho jeden exempl\u00e1r je v dra\u017ebe pr\u00e1ve na na\u0161ej str\u00e1nke. Tento bezchybn\u00fd model z roku 2019 m\u00e1 najazden\u00fdch len nie\u010do vy\u0161e 23 000 kilometrov a moment\u00e1lne h\u013ead\u00e1 nov\u00e9ho majite\u013ea. Okrem elegantn\u00e9ho vzh\u013eadu a pr\u00edjemn\u00e9ho v\u00fdkonu skr\u00fdva v ruk\u00e1ve e\u0161te jedno eso.<\/p>\n","protected":false},"featured_media":77150,"comment_status":"open","ping_status":"closed","template":"","meta":{"inline_featured_image":false},"product_cat":[755],"product_tag":[2746,2747,2745,947],"acf":[],"yoast_head":"<!-- This site is optimized with the Yoast SEO plugin v22.5 - https:\/\/yoast.com\/wordpress\/plugins\/seo\/ -->\n<title>Abarth 124 Spider aukcie - Piston Addict<\/title>\n<meta name=\"robots\" content=\"index, follow, max-snippet:-1, max-image-preview:large, max-video-preview:-1\" \/>\n<link rel=\"canonical\" href=\"https:\/\/pistonaddict.com\/sk\/product\/abarth-124-spider\/\" \/>\n<meta property=\"og:locale\" content=\"sk_SK\" \/>\n<meta property=\"og:type\" content=\"article\" \/>\n<meta property=\"og:title\" content=\"Abarth 124 Spider aukcie - Piston Addict\" \/>\n<meta property=\"og:description\" content=\"Ak chcete auto, ktor\u00e9 skvele vyzer\u00e1, je z\u00e1bavn\u00e9 a \u013eahko sa s n\u00edm \u017eije, mali by ste zv\u00e1\u017ei\u0165 k\u00fapu roadstera. Na v\u00fdber je nieko\u013eko relat\u00edvne nov\u00fdch modelov a jedn\u00fdm z nich je 124 Spider, ktor\u00fd zdie\u013ea mechanick\u00e9 z\u00e1klady s pravdepodobne najzn\u00e1mej\u0161\u00edm roadsterom s\u00fa\u010dasnosti - Mazdou MX5. Predstavuje tak jedine\u010dn\u00fa kombin\u00e1ciu talianskeho \u0161t\u00fdlu a japonskej prec\u00edznej technol\u00f3gie. A ke\u010f to v\u0161etko okoren\u00ed intern\u00fd tuner Fiatu, dostanete ohniv\u00fd Abarth 124 Spider, ktor\u00e9ho jeden exempl\u00e1r je v dra\u017ebe pr\u00e1ve na na\u0161ej str\u00e1nke. Tento bezchybn\u00fd model z roku 2019 m\u00e1 najazden\u00fdch len nie\u010do vy\u0161e 23 000 kilometrov a moment\u00e1lne h\u013ead\u00e1 nov\u00e9ho majite\u013ea. Okrem elegantn\u00e9ho vzh\u013eadu a pr\u00edjemn\u00e9ho v\u00fdkonu skr\u00fdva v ruk\u00e1ve e\u0161te jedno eso.\" \/>\n<meta property=\"og:url\" content=\"https:\/\/pistonaddict.com\/sk\/product\/abarth-124-spider\/\" \/>\n<meta property=\"og:site_name\" content=\"Piston Addict\" \/>\n<meta property=\"article:modified_time\" content=\"2024-03-20T08:41:35+00:00\" \/>\n<meta property=\"og:image\" content=\"https:\/\/pistonaddict.com\/wp-content\/uploads\/2023\/12\/image00020-scaled.jpeg\" \/>\n\t<meta property=\"og:image:width\" content=\"2560\" \/>\n\t<meta property=\"og:image:height\" content=\"1920\" \/>\n\t<meta property=\"og:image:type\" content=\"image\/jpeg\" \/>\n<meta name=\"twitter:card\" content=\"summary_large_image\" \/>\n<meta name=\"twitter:label1\" content=\"Predpokladan\u00fd \u010das \u010d\u00edtania\" \/>\n\t<meta name=\"twitter:data1\" content=\"2 min\u00faty\" \/>\n<script type=\"application\/ld+json\" class=\"yoast-schema-graph\">{\"@context\":\"https:\/\/schema.org\",\"@graph\":[{\"@type\":\"WebPage\",\"@id\":\"https:\/\/pistonaddict.com\/sk\/product\/abarth-124-spider\/\",\"url\":\"https:\/\/pistonaddict.com\/sk\/product\/abarth-124-spider\/\",\"name\":\"Abarth 124 Spider aukcie - Piston Addict\",\"isPartOf\":{\"@id\":\"https:\/\/pistonaddict.com\/sk\/#website\"},\"primaryImageOfPage\":{\"@id\":\"https:\/\/pistonaddict.com\/sk\/product\/abarth-124-spider\/#primaryimage\"},\"image\":{\"@id\":\"https:\/\/pistonaddict.com\/sk\/product\/abarth-124-spider\/#primaryimage\"},\"thumbnailUrl\":\"https:\/\/pistonaddict.com\/wp-content\/uploads\/2023\/12\/image00020-scaled.jpeg\",\"datePublished\":\"2023-12-11T14:55:41+00:00\",\"dateModified\":\"2024-03-20T08:41:35+00:00\",\"breadcrumb\":{\"@id\":\"https:\/\/pistonaddict.com\/sk\/product\/abarth-124-spider\/#breadcrumb\"},\"inLanguage\":\"sk-SK\",\"potentialAction\":[{\"@type\":\"ReadAction\",\"target\":[\"https:\/\/pistonaddict.com\/sk\/product\/abarth-124-spider\/\"]}]},{\"@type\":\"ImageObject\",\"inLanguage\":\"sk-SK\",\"@id\":\"https:\/\/pistonaddict.com\/sk\/product\/abarth-124-spider\/#primaryimage\",\"url\":\"https:\/\/pistonaddict.com\/wp-content\/uploads\/2023\/12\/image00020-scaled.jpeg\",\"contentUrl\":\"https:\/\/pistonaddict.com\/wp-content\/uploads\/2023\/12\/image00020-scaled.jpeg\",\"width\":2560,\"height\":1920},{\"@type\":\"BreadcrumbList\",\"@id\":\"https:\/\/pistonaddict.com\/sk\/product\/abarth-124-spider\/#breadcrumb\",\"itemListElement\":[{\"@type\":\"ListItem\",\"position\":1,\"name\":\"domovskej str\u00e1nke\",\"item\":\"https:\/\/pistonaddict.com\/sk\/uvodna-stranka\/\"},{\"@type\":\"ListItem\",\"position\":2,\"name\":\"Auctions\",\"item\":\"https:\/\/pistonaddict.com\/auctions-listing\/\"},{\"@type\":\"ListItem\",\"position\":3,\"name\":\"Abarth 124 Spider\"}]},{\"@type\":\"WebSite\",\"@id\":\"https:\/\/pistonaddict.com\/sk\/#website\",\"url\":\"https:\/\/pistonaddict.com\/sk\/\",\"name\":\"Piston Addict\",\"description\":\"Only interesting vehicles\",\"publisher\":{\"@id\":\"https:\/\/pistonaddict.com\/sk\/#organization\"},\"potentialAction\":[{\"@type\":\"SearchAction\",\"target\":{\"@type\":\"EntryPoint\",\"urlTemplate\":\"https:\/\/pistonaddict.com\/sk\/?s={search_term_string}\"},\"query-input\":\"required name=search_term_string\"}],\"inLanguage\":\"sk-SK\"},{\"@type\":\"Organization\",\"@id\":\"https:\/\/pistonaddict.com\/sk\/#organization\",\"name\":\"Piston Addict\",\"url\":\"https:\/\/pistonaddict.com\/sk\/\",\"logo\":{\"@type\":\"ImageObject\",\"inLanguage\":\"sk-SK\",\"@id\":\"https:\/\/pistonaddict.com\/sk\/#\/schema\/logo\/image\/\",\"url\":\"https:\/\/pistonaddict.com\/wp-content\/uploads\/2022\/07\/logo-6.png\",\"contentUrl\":\"https:\/\/pistonaddict.com\/wp-content\/uploads\/2022\/07\/logo-6.png\",\"width\":970,\"height\":200,\"caption\":\"Piston Addict\"},\"image\":{\"@id\":\"https:\/\/pistonaddict.com\/sk\/#\/schema\/logo\/image\/\"}}]}<\/script>\n<!-- \/ Yoast SEO plugin. -->","yoast_head_json":{"title":"Abarth 124 Spider aukcie - Piston Addict","robots":{"index":"index","follow":"follow","max-snippet":"max-snippet:-1","max-image-preview":"max-image-preview:large","max-video-preview":"max-video-preview:-1"},"canonical":"https:\/\/pistonaddict.com\/sk\/product\/abarth-124-spider\/","og_locale":"sk_SK","og_type":"article","og_title":"Abarth 124 Spider aukcie - Piston Addict","og_description":"Ak chcete auto, ktor\u00e9 skvele vyzer\u00e1, je z\u00e1bavn\u00e9 a \u013eahko sa s n\u00edm \u017eije, mali by ste zv\u00e1\u017ei\u0165 k\u00fapu roadstera. Na v\u00fdber je nieko\u013eko relat\u00edvne nov\u00fdch modelov a jedn\u00fdm z nich je 124 Spider, ktor\u00fd zdie\u013ea mechanick\u00e9 z\u00e1klady s pravdepodobne najzn\u00e1mej\u0161\u00edm roadsterom s\u00fa\u010dasnosti - Mazdou MX5. Predstavuje tak jedine\u010dn\u00fa kombin\u00e1ciu talianskeho \u0161t\u00fdlu a japonskej prec\u00edznej technol\u00f3gie. A ke\u010f to v\u0161etko okoren\u00ed intern\u00fd tuner Fiatu, dostanete ohniv\u00fd Abarth 124 Spider, ktor\u00e9ho jeden exempl\u00e1r je v dra\u017ebe pr\u00e1ve na na\u0161ej str\u00e1nke. Tento bezchybn\u00fd model z roku 2019 m\u00e1 najazden\u00fdch len nie\u010do vy\u0161e 23 000 kilometrov a moment\u00e1lne h\u013ead\u00e1 nov\u00e9ho majite\u013ea. Okrem elegantn\u00e9ho vzh\u013eadu a pr\u00edjemn\u00e9ho v\u00fdkonu skr\u00fdva v ruk\u00e1ve e\u0161te jedno eso.","og_url":"https:\/\/pistonaddict.com\/sk\/product\/abarth-124-spider\/","og_site_name":"Piston Addict","article_modified_time":"2024-03-20T08:41:35+00:00","og_image":[{"width":2560,"height":1920,"url":"https:\/\/pistonaddict.com\/wp-content\/uploads\/2023\/12\/image00020-scaled.jpeg","type":"image\/jpeg"}],"twitter_card":"summary_large_image","twitter_misc":{"Predpokladan\u00fd \u010das \u010d\u00edtania":"2 min\u00faty"},"schema":{"@context":"https:\/\/schema.org","@graph":[{"@type":"WebPage","@id":"https:\/\/pistonaddict.com\/sk\/product\/abarth-124-spider\/","url":"https:\/\/pistonaddict.com\/sk\/product\/abarth-124-spider\/","name":"Abarth 124 Spider aukcie - Piston Addict","isPartOf":{"@id":"https:\/\/pistonaddict.com\/sk\/#website"},"primaryImageOfPage":{"@id":"https:\/\/pistonaddict.com\/sk\/product\/abarth-124-spider\/#primaryimage"},"image":{"@id":"https:\/\/pistonaddict.com\/sk\/product\/abarth-124-spider\/#primaryimage"},"thumbnailUrl":"https:\/\/pistonaddict.com\/wp-content\/uploads\/2023\/12\/image00020-scaled.jpeg","datePublished":"2023-12-11T14:55:41+00:00","dateModified":"2024-03-20T08:41:35+00:00","breadcrumb":{"@id":"https:\/\/pistonaddict.com\/sk\/product\/abarth-124-spider\/#breadcrumb"},"inLanguage":"sk-SK","potentialAction":[{"@type":"ReadAction","target":["https:\/\/pistonaddict.com\/sk\/product\/abarth-124-spider\/"]}]},{"@type":"ImageObject","inLanguage":"sk-SK","@id":"https:\/\/pistonaddict.com\/sk\/product\/abarth-124-spider\/#primaryimage","url":"https:\/\/pistonaddict.com\/wp-content\/uploads\/2023\/12\/image00020-scaled.jpeg","contentUrl":"https:\/\/pistonaddict.com\/wp-content\/uploads\/2023\/12\/image00020-scaled.jpeg","width":2560,"height":1920},{"@type":"BreadcrumbList","@id":"https:\/\/pistonaddict.com\/sk\/product\/abarth-124-spider\/#breadcrumb","itemListElement":[{"@type":"ListItem","position":1,"name":"domovskej str\u00e1nke","item":"https:\/\/pistonaddict.com\/sk\/uvodna-stranka\/"},{"@type":"ListItem","position":2,"name":"Auctions","item":"https:\/\/pistonaddict.com\/auctions-listing\/"},{"@type":"ListItem","position":3,"name":"Abarth 124 Spider"}]},{"@type":"WebSite","@id":"https:\/\/pistonaddict.com\/sk\/#website","url":"https:\/\/pistonaddict.com\/sk\/","name":"Piston Addict","description":"Only interesting vehicles","publisher":{"@id":"https:\/\/pistonaddict.com\/sk\/#organization"},"potentialAction":[{"@type":"SearchAction","target":{"@type":"EntryPoint","urlTemplate":"https:\/\/pistonaddict.com\/sk\/?s={search_term_string}"},"query-input":"required name=search_term_string"}],"inLanguage":"sk-SK"},{"@type":"Organization","@id":"https:\/\/pistonaddict.com\/sk\/#organization","name":"Piston Addict","url":"https:\/\/pistonaddict.com\/sk\/","logo":{"@type":"ImageObject","inLanguage":"sk-SK","@id":"https:\/\/pistonaddict.com\/sk\/#\/schema\/logo\/image\/","url":"https:\/\/pistonaddict.com\/wp-content\/uploads\/2022\/07\/logo-6.png","contentUrl":"https:\/\/pistonaddict.com\/wp-content\/uploads\/2022\/07\/logo-6.png","width":970,"height":200,"caption":"Piston Addict"},"image":{"@id":"https:\/\/pistonaddict.com\/sk\/#\/schema\/logo\/image\/"}}]}},"_links":{"self":[{"href":"https:\/\/pistonaddict.com\/sk\/wp-json\/wp\/v2\/product\/77370"}],"collection":[{"href":"https:\/\/pistonaddict.com\/sk\/wp-json\/wp\/v2\/product"}],"about":[{"href":"https:\/\/pistonaddict.com\/sk\/wp-json\/wp\/v2\/types\/product"}],"replies":[{"embeddable":true,"href":"https:\/\/pistonaddict.com\/sk\/wp-json\/wp\/v2\/comments?post=77370"}],"wp:featuredmedia":[{"embeddable":true,"href":"https:\/\/pistonaddict.com\/sk\/wp-json\/wp\/v2\/media\/77150"}],"wp:attachment":[{"href":"https:\/\/pistonaddict.com\/sk\/wp-json\/wp\/v2\/media?parent=77370"}],"wp:term":[{"taxonomy":"product_cat","embeddable":true,"href":"https:\/\/pistonaddict.com\/sk\/wp-json\/wp\/v2\/product_cat?post=77370"},{"taxonomy":"product_tag","embeddable":true,"href":"https:\/\/pistonaddict.com\/sk\/wp-json\/wp\/v2\/product_tag?post=77370"}],"curies":[{"name":"wp","href":"https:\/\/api.w.org\/{rel}","templated":true}]}}