{"id":76302,"date":"2023-12-01T10:53:23","date_gmt":"2023-12-01T09:53:23","guid":{"rendered":"https:\/\/pistonaddict.com\/product\/ferrari-488-gtb\/"},"modified":"2023-12-20T11:45:39","modified_gmt":"2023-12-20T10:45:39","slug":"ferrari-488-gtb","status":"publish","type":"product","link":"https:\/\/pistonaddict.com\/sk\/product\/ferrari-488-gtb\/","title":{"rendered":"Ferrari 488 GTB"},"content":{"rendered":"<p><strong>Hist\u00f3ria vozidla<\/strong><\/p>\n<p>V roku 2015 Ferrari nahradilo model 458 Italia modelom 488 GTB, ktor\u00fd bol prv\u00fdm Ferrari s motorom V8 uprostred s turbod\u00fachadlom od \u010dias legend\u00e1rneho modelu F40. Aj ke\u010f mal model 488 GTB ni\u017e\u0161\u00ed zdvihov\u00fd objem, ke\u010f\u017ee mal len 3,9-litrov\u00fd motor V8, mal o 100 kon\u00ed viac ako 458 Italia, a to \u00fa\u017easn\u00fdch 670 kon\u00ed. E\u0161te zauj\u00edmavej\u0161\u00ed bol v\u0161ak kr\u00fatiaci moment, ktor\u00fd dosahuje p\u00f4sobiv\u00fdch 760 Nm a zaru\u010duje bleskov\u00e9 zr\u00fdchlenie, okam\u017eit\u00fa reakciu na plyn a neuverite\u013en\u00fa jazdn\u00fa dynamiku. R\u00fdchlos\u0165 100 km\/h dosiahnete u\u017e za 3 sekundy a maxim\u00e1lna r\u00fdchlos\u0165 330 km\/h znie neuverite\u013ene. V\u010faka n\u00edzkemu po\u010dtu najazden\u00fdch kilometrov, vzru\u0161uj\u00facemu pr\u00edslu\u0161enstvu a karb\u00f3nov\u00fdm brzd\u00e1m je nami pon\u00fakan\u00fd model 488 GTB skuto\u010dnou vodi\u010dskou \u0161pecifik\u00e1ciou, ktor\u00e1 je pripraven\u00e1 ohromi\u0165 v\u00e1s v\u00fdkonom, kultivovanos\u0165ou a jazdnou dynamikou st\u00edha\u010dky.<\/p>\n<p><strong>Interi\u00e9r<\/strong><\/p>\n<p>Ke\u010f\u017ee toto Ferrari bolo starostlivo udr\u017eiavan\u00e9, \u010dierna ko\u017ea a interi\u00e9r z Alcantary s\u00fa vo ve\u013emi dobrom stave bez zn\u00e1mok pou\u017e\u00edvania. P\u00f4vodn\u00fd majite\u013e tohto vozidla sa rozhodol pre v\u00fdkonn\u00e9 mo\u017enosti, ako s\u00fa sedadl\u00e1 s karb\u00f3nov\u00fdmi operadlami v kombin\u00e1cii ko\u017ee a Alcantary, digit\u00e1lny displej na volante a karb\u00f3nov\u00e9 vlo\u017eky v interi\u00e9ri. V\u0161etky tieto prvky vyzeraj\u00fa dokonale, bez \u0161krabancov, a zvy\u0161uj\u00fa dojem v\u00fdkonnosti tohto vozidla. Neexistuj\u00fa \u017eiadne \u00fapravy a v\u0161etko funguje pod\u013ea o\u010dak\u00e1vania.<\/p>\n<p><strong>Stav<\/strong><\/p>\n<p>Toto Ferrari 488 GTB bolo p\u00f4vodne dodan\u00e9 v apr\u00edli 2016 prv\u00e9mu majite\u013eovi vo Franc\u00fazsku a pred\u00e1vaj\u00faci ho z\u00edskal v roku 2022. Tento supercar je v bezchybnom stave a na tachometri m\u00e1 najazden\u00fdch len 20 500 km. S vozidlom sa nikdy nez\u00e1vodilo, nesledovalo, ani nebolo \u00fa\u010dastn\u00edkom \u017eiadnej nehody. V\u017edy bol starostlivo udr\u017eiavan\u00fd, brzdy boli gener\u00e1lne opraven\u00e9 koncom novembra 2023 a posledn\u00fd kompletn\u00fd servis bol vykonan\u00fd v m\u00e1ji toho ist\u00e9ho roku. Bud\u00facich majite\u013eov ur\u010dite pote\u0161\u00ed, \u017ee na tento exempl\u00e1r sa vz\u0165ahuje pred\u013a\u017een\u00e1 z\u00e1ruka Ferrari (Ferrari Power), ktor\u00e1 je prenosn\u00e1. \u00dadr\u017ebu v\u017edy vykon\u00e1val autorizovan\u00fd predajca a je zdokumentovan\u00e1. Jednou z prednost\u00ed tohto konkr\u00e9tneho vozidla je v\u0161ak dlh\u00fd zoznam volite\u013enej v\u00fdbavy. <strong>Toto 488 GTB m\u00e1 syst\u00e9m ATF, keramick\u00e9 brzdy s lakovan\u00fdmi brzdov\u00fdmi strme\u0148mi, karb\u00f3nov\u00e9 v\u00fdplne dver\u00ed a sedadl\u00e1, predn\u00e9 a zadn\u00e9 PDC, zdvih\u00e1k zavesenia a karb\u00f3nov\u00e9 vlo\u017eky<\/strong>. To v\u0161etko z neho rob\u00ed jedine\u010dn\u00e9 vozidlo s ide\u00e1lnou \u0161pecifik\u00e1ciou pre vodi\u010da.<\/p>\n<p><strong>Exteri\u00e9r a koles\u00e1<\/strong><\/p>\n<p>Tento model 488 GTB, dokon\u010den\u00fd vo v\u00fdraznom odtieni Grigio Silverstone, m\u00e1 \u010dierny interi\u00e9r, ktor\u00fd z neho rob\u00ed zauj\u00edmav\u00e9 miesto. Hoci nie je \u010derven\u00fd, v tmavosivej farbe je e\u0161te kraj\u0161\u00ed a diskr\u00e9tnej\u0161\u00ed. Karos\u00e9ria je samozrejme bez \u0161krabancov a prelia\u010den\u00edn. S tov\u00e1rensk\u00fdmi 20-palcov\u00fdmi diskami obut\u00fdmi do \u00faplne nov\u00fdch a spr\u00e1vnych pneumat\u00edk Pirelli je toto fantastick\u00e9 488 GTB pripraven\u00e9 premeni\u0165 svojich 670 kon\u00ed na jedine\u010dn\u00fd z\u00e1\u017eitok z jazdy.<\/p>\n<p><strong> <\/strong><strong>Dokument\u00e1cia<\/strong><\/p>\n<p>Profesion\u00e1l pred\u00e1va toto vozidlo s pr\u00edslu\u0161nou dokument\u00e1ciou, ktor\u00e1 sa nach\u00e1dza vo Franc\u00fazsku. <a href=\"https:\/\/pistonaddict.com\/wp-content\/uploads\/2023\/12\/Ferrari488GTB.pdf\" target=\"_blank\" rel=\"noopener\">Spr\u00e1va CarVertical<\/a> je \u010dist\u00e1; neexistuj\u00fa \u017eiadne d\u00f4kazy o nehod\u00e1ch, oprav\u00e1ch po nehode, vlastn\u00edctve ani pr\u00e1vnych probl\u00e9moch. Existuj\u00fa z\u00e1znamy o pravidelnej \u00fadr\u017ebe, \u00fa\u010dty za predaj a \u00fa\u010dtenky. <strong>Pred\u013a\u017een\u00e1 tov\u00e1rensk\u00e1 z\u00e1ruka s t\u00fdmto modelom na 12 mesiacov<\/strong> a certifik\u00e1t o zhode (v hodnote 2000 eur) s\u00fa \u010fal\u0161\u00edm d\u00f4kazom, \u017ee ide o \u0161pi\u010dkov\u00e9 zberate\u013esk\u00e9 vozidlo.<\/p>\n<p><strong><br \/>\nPozrite si video so studen\u00fdm \u0161tartom tohto kr\u00e1sneho Ferrari 488 GTB :<\/strong><\/p>\n<p><iframe title=\"Cold Start Video of the Ferrari 488 GTB for auction sale\" width=\"1200\" height=\"675\" src=\"https:\/\/www.youtube.com\/embed\/_SyEnhUZHXQ?feature=oembed\" frameborder=\"0\" allow=\"accelerometer; autoplay; clipboard-write; encrypted-media; gyroscope; picture-in-picture; web-share\" allowfullscreen><\/iframe><\/p>\n","protected":false},"excerpt":{"rendered":"<p>Ak bolo Ferrari 458 Italia dokonal\u00e9 s prirodzen\u00fdm nas\u00e1van\u00edm, jeho n\u00e1stupca 488 Italia bol majstrovsk\u00fdm dielom s turbod\u00fachadlom. Model 458 Italia stanovil mimoriadne vysok\u00e9 \u0161tandardy pre triedu \u0161portov\u00fdch vozidiel s motorom uprostred, ale Ferrari sa podarilo prekona\u0165 o\u010dak\u00e1vania s modelom 488 GTB. Neuverite\u013ene v\u00fdkonn\u00fd, agres\u00edvny a r\u00fdchly model 488 GTB je skuto\u010dn\u00fdm \u0161portov\u00fdm autom pre znalcov, ktor\u00fd je rovnako doma na dia\u013enici aj na okruhu. Pr\u00edklad, ktor\u00fd m\u00e1me v predaji, je jeden z najlep\u0161\u00edch dostupn\u00fdch.<\/p>\n","protected":false},"featured_media":75683,"comment_status":"open","ping_status":"closed","template":"","meta":{"inline_featured_image":false},"product_cat":[755],"product_tag":[2689,2245,941,2688],"acf":[],"yoast_head":"<!-- This site is optimized with the Yoast SEO plugin v22.5 - https:\/\/yoast.com\/wordpress\/plugins\/seo\/ -->\n<title>Ferrari 488 GTB aukcie - Piston Addict<\/title>\n<meta name=\"robots\" content=\"index, follow, max-snippet:-1, max-image-preview:large, max-video-preview:-1\" \/>\n<link rel=\"canonical\" href=\"https:\/\/pistonaddict.com\/sk\/product\/ferrari-488-gtb\/\" \/>\n<meta property=\"og:locale\" content=\"sk_SK\" \/>\n<meta property=\"og:type\" content=\"article\" \/>\n<meta property=\"og:title\" content=\"Ferrari 488 GTB aukcie - Piston Addict\" \/>\n<meta property=\"og:description\" content=\"Ak bolo Ferrari 458 Italia dokonal\u00e9 s prirodzen\u00fdm nas\u00e1van\u00edm, jeho n\u00e1stupca 488 Italia bol majstrovsk\u00fdm dielom s turbod\u00fachadlom. Model 458 Italia stanovil mimoriadne vysok\u00e9 \u0161tandardy pre triedu \u0161portov\u00fdch vozidiel s motorom uprostred, ale Ferrari sa podarilo prekona\u0165 o\u010dak\u00e1vania s modelom 488 GTB. Neuverite\u013ene v\u00fdkonn\u00fd, agres\u00edvny a r\u00fdchly model 488 GTB je skuto\u010dn\u00fdm \u0161portov\u00fdm autom pre znalcov, ktor\u00fd je rovnako doma na dia\u013enici aj na okruhu. Pr\u00edklad, ktor\u00fd m\u00e1me v predaji, je jeden z najlep\u0161\u00edch dostupn\u00fdch.\" \/>\n<meta property=\"og:url\" content=\"https:\/\/pistonaddict.com\/sk\/product\/ferrari-488-gtb\/\" \/>\n<meta property=\"og:site_name\" content=\"Piston Addict\" \/>\n<meta property=\"article:modified_time\" content=\"2023-12-20T10:45:39+00:00\" \/>\n<meta property=\"og:image\" content=\"https:\/\/pistonaddict.com\/wp-content\/uploads\/2023\/12\/IMG_0075-1024x765.png\" \/>\n\t<meta property=\"og:image:width\" content=\"1024\" \/>\n\t<meta property=\"og:image:height\" content=\"765\" \/>\n\t<meta property=\"og:image:type\" content=\"image\/png\" \/>\n<meta name=\"twitter:card\" content=\"summary_large_image\" \/>\n<meta name=\"twitter:label1\" content=\"Predpokladan\u00fd \u010das \u010d\u00edtania\" \/>\n\t<meta name=\"twitter:data1\" content=\"3 min\u00faty\" \/>\n<script type=\"application\/ld+json\" class=\"yoast-schema-graph\">{\"@context\":\"https:\/\/schema.org\",\"@graph\":[{\"@type\":\"WebPage\",\"@id\":\"https:\/\/pistonaddict.com\/sk\/product\/ferrari-488-gtb\/\",\"url\":\"https:\/\/pistonaddict.com\/sk\/product\/ferrari-488-gtb\/\",\"name\":\"Ferrari 488 GTB aukcie - Piston Addict\",\"isPartOf\":{\"@id\":\"https:\/\/pistonaddict.com\/sk\/#website\"},\"primaryImageOfPage\":{\"@id\":\"https:\/\/pistonaddict.com\/sk\/product\/ferrari-488-gtb\/#primaryimage\"},\"image\":{\"@id\":\"https:\/\/pistonaddict.com\/sk\/product\/ferrari-488-gtb\/#primaryimage\"},\"thumbnailUrl\":\"https:\/\/pistonaddict.com\/wp-content\/uploads\/2023\/12\/IMG_0075.png\",\"datePublished\":\"2023-12-01T09:53:23+00:00\",\"dateModified\":\"2023-12-20T10:45:39+00:00\",\"breadcrumb\":{\"@id\":\"https:\/\/pistonaddict.com\/sk\/product\/ferrari-488-gtb\/#breadcrumb\"},\"inLanguage\":\"sk-SK\",\"potentialAction\":[{\"@type\":\"ReadAction\",\"target\":[\"https:\/\/pistonaddict.com\/sk\/product\/ferrari-488-gtb\/\"]}]},{\"@type\":\"ImageObject\",\"inLanguage\":\"sk-SK\",\"@id\":\"https:\/\/pistonaddict.com\/sk\/product\/ferrari-488-gtb\/#primaryimage\",\"url\":\"https:\/\/pistonaddict.com\/wp-content\/uploads\/2023\/12\/IMG_0075.png\",\"contentUrl\":\"https:\/\/pistonaddict.com\/wp-content\/uploads\/2023\/12\/IMG_0075.png\",\"width\":2160,\"height\":1614},{\"@type\":\"BreadcrumbList\",\"@id\":\"https:\/\/pistonaddict.com\/sk\/product\/ferrari-488-gtb\/#breadcrumb\",\"itemListElement\":[{\"@type\":\"ListItem\",\"position\":1,\"name\":\"domovskej str\u00e1nke\",\"item\":\"https:\/\/pistonaddict.com\/sk\/uvodna-stranka\/\"},{\"@type\":\"ListItem\",\"position\":2,\"name\":\"Auctions\",\"item\":\"https:\/\/pistonaddict.com\/auctions-listing\/\"},{\"@type\":\"ListItem\",\"position\":3,\"name\":\"Ferrari 488 GTB\"}]},{\"@type\":\"WebSite\",\"@id\":\"https:\/\/pistonaddict.com\/sk\/#website\",\"url\":\"https:\/\/pistonaddict.com\/sk\/\",\"name\":\"Piston Addict\",\"description\":\"Only interesting vehicles\",\"publisher\":{\"@id\":\"https:\/\/pistonaddict.com\/sk\/#organization\"},\"potentialAction\":[{\"@type\":\"SearchAction\",\"target\":{\"@type\":\"EntryPoint\",\"urlTemplate\":\"https:\/\/pistonaddict.com\/sk\/?s={search_term_string}\"},\"query-input\":\"required name=search_term_string\"}],\"inLanguage\":\"sk-SK\"},{\"@type\":\"Organization\",\"@id\":\"https:\/\/pistonaddict.com\/sk\/#organization\",\"name\":\"Piston Addict\",\"url\":\"https:\/\/pistonaddict.com\/sk\/\",\"logo\":{\"@type\":\"ImageObject\",\"inLanguage\":\"sk-SK\",\"@id\":\"https:\/\/pistonaddict.com\/sk\/#\/schema\/logo\/image\/\",\"url\":\"https:\/\/pistonaddict.com\/wp-content\/uploads\/2022\/07\/logo-6.png\",\"contentUrl\":\"https:\/\/pistonaddict.com\/wp-content\/uploads\/2022\/07\/logo-6.png\",\"width\":970,\"height\":200,\"caption\":\"Piston Addict\"},\"image\":{\"@id\":\"https:\/\/pistonaddict.com\/sk\/#\/schema\/logo\/image\/\"}}]}<\/script>\n<!-- \/ Yoast SEO plugin. -->","yoast_head_json":{"title":"Ferrari 488 GTB aukcie - Piston Addict","robots":{"index":"index","follow":"follow","max-snippet":"max-snippet:-1","max-image-preview":"max-image-preview:large","max-video-preview":"max-video-preview:-1"},"canonical":"https:\/\/pistonaddict.com\/sk\/product\/ferrari-488-gtb\/","og_locale":"sk_SK","og_type":"article","og_title":"Ferrari 488 GTB aukcie - Piston Addict","og_description":"Ak bolo Ferrari 458 Italia dokonal\u00e9 s prirodzen\u00fdm nas\u00e1van\u00edm, jeho n\u00e1stupca 488 Italia bol majstrovsk\u00fdm dielom s turbod\u00fachadlom. Model 458 Italia stanovil mimoriadne vysok\u00e9 \u0161tandardy pre triedu \u0161portov\u00fdch vozidiel s motorom uprostred, ale Ferrari sa podarilo prekona\u0165 o\u010dak\u00e1vania s modelom 488 GTB. Neuverite\u013ene v\u00fdkonn\u00fd, agres\u00edvny a r\u00fdchly model 488 GTB je skuto\u010dn\u00fdm \u0161portov\u00fdm autom pre znalcov, ktor\u00fd je rovnako doma na dia\u013enici aj na okruhu. Pr\u00edklad, ktor\u00fd m\u00e1me v predaji, je jeden z najlep\u0161\u00edch dostupn\u00fdch.","og_url":"https:\/\/pistonaddict.com\/sk\/product\/ferrari-488-gtb\/","og_site_name":"Piston Addict","article_modified_time":"2023-12-20T10:45:39+00:00","og_image":[{"width":1024,"height":765,"url":"https:\/\/pistonaddict.com\/wp-content\/uploads\/2023\/12\/IMG_0075-1024x765.png","type":"image\/png"}],"twitter_card":"summary_large_image","twitter_misc":{"Predpokladan\u00fd \u010das \u010d\u00edtania":"3 min\u00faty"},"schema":{"@context":"https:\/\/schema.org","@graph":[{"@type":"WebPage","@id":"https:\/\/pistonaddict.com\/sk\/product\/ferrari-488-gtb\/","url":"https:\/\/pistonaddict.com\/sk\/product\/ferrari-488-gtb\/","name":"Ferrari 488 GTB aukcie - Piston Addict","isPartOf":{"@id":"https:\/\/pistonaddict.com\/sk\/#website"},"primaryImageOfPage":{"@id":"https:\/\/pistonaddict.com\/sk\/product\/ferrari-488-gtb\/#primaryimage"},"image":{"@id":"https:\/\/pistonaddict.com\/sk\/product\/ferrari-488-gtb\/#primaryimage"},"thumbnailUrl":"https:\/\/pistonaddict.com\/wp-content\/uploads\/2023\/12\/IMG_0075.png","datePublished":"2023-12-01T09:53:23+00:00","dateModified":"2023-12-20T10:45:39+00:00","breadcrumb":{"@id":"https:\/\/pistonaddict.com\/sk\/product\/ferrari-488-gtb\/#breadcrumb"},"inLanguage":"sk-SK","potentialAction":[{"@type":"ReadAction","target":["https:\/\/pistonaddict.com\/sk\/product\/ferrari-488-gtb\/"]}]},{"@type":"ImageObject","inLanguage":"sk-SK","@id":"https:\/\/pistonaddict.com\/sk\/product\/ferrari-488-gtb\/#primaryimage","url":"https:\/\/pistonaddict.com\/wp-content\/uploads\/2023\/12\/IMG_0075.png","contentUrl":"https:\/\/pistonaddict.com\/wp-content\/uploads\/2023\/12\/IMG_0075.png","width":2160,"height":1614},{"@type":"BreadcrumbList","@id":"https:\/\/pistonaddict.com\/sk\/product\/ferrari-488-gtb\/#breadcrumb","itemListElement":[{"@type":"ListItem","position":1,"name":"domovskej str\u00e1nke","item":"https:\/\/pistonaddict.com\/sk\/uvodna-stranka\/"},{"@type":"ListItem","position":2,"name":"Auctions","item":"https:\/\/pistonaddict.com\/auctions-listing\/"},{"@type":"ListItem","position":3,"name":"Ferrari 488 GTB"}]},{"@type":"WebSite","@id":"https:\/\/pistonaddict.com\/sk\/#website","url":"https:\/\/pistonaddict.com\/sk\/","name":"Piston Addict","description":"Only interesting vehicles","publisher":{"@id":"https:\/\/pistonaddict.com\/sk\/#organization"},"potentialAction":[{"@type":"SearchAction","target":{"@type":"EntryPoint","urlTemplate":"https:\/\/pistonaddict.com\/sk\/?s={search_term_string}"},"query-input":"required name=search_term_string"}],"inLanguage":"sk-SK"},{"@type":"Organization","@id":"https:\/\/pistonaddict.com\/sk\/#organization","name":"Piston Addict","url":"https:\/\/pistonaddict.com\/sk\/","logo":{"@type":"ImageObject","inLanguage":"sk-SK","@id":"https:\/\/pistonaddict.com\/sk\/#\/schema\/logo\/image\/","url":"https:\/\/pistonaddict.com\/wp-content\/uploads\/2022\/07\/logo-6.png","contentUrl":"https:\/\/pistonaddict.com\/wp-content\/uploads\/2022\/07\/logo-6.png","width":970,"height":200,"caption":"Piston Addict"},"image":{"@id":"https:\/\/pistonaddict.com\/sk\/#\/schema\/logo\/image\/"}}]}},"_links":{"self":[{"href":"https:\/\/pistonaddict.com\/sk\/wp-json\/wp\/v2\/product\/76302"}],"collection":[{"href":"https:\/\/pistonaddict.com\/sk\/wp-json\/wp\/v2\/product"}],"about":[{"href":"https:\/\/pistonaddict.com\/sk\/wp-json\/wp\/v2\/types\/product"}],"replies":[{"embeddable":true,"href":"https:\/\/pistonaddict.com\/sk\/wp-json\/wp\/v2\/comments?post=76302"}],"wp:featuredmedia":[{"embeddable":true,"href":"https:\/\/pistonaddict.com\/sk\/wp-json\/wp\/v2\/media\/75683"}],"wp:attachment":[{"href":"https:\/\/pistonaddict.com\/sk\/wp-json\/wp\/v2\/media?parent=76302"}],"wp:term":[{"taxonomy":"product_cat","embeddable":true,"href":"https:\/\/pistonaddict.com\/sk\/wp-json\/wp\/v2\/product_cat?post=76302"},{"taxonomy":"product_tag","embeddable":true,"href":"https:\/\/pistonaddict.com\/sk\/wp-json\/wp\/v2\/product_tag?post=76302"}],"curies":[{"name":"wp","href":"https:\/\/api.w.org\/{rel}","templated":true}]}}