{"id":75657,"date":"2023-12-01T10:02:11","date_gmt":"2023-12-01T09:02:11","guid":{"rendered":"https:\/\/pistonaddict.com\/product\/ferrari-458-italia\/"},"modified":"2023-12-20T09:59:20","modified_gmt":"2023-12-20T08:59:20","slug":"ferrari-458-italia","status":"publish","type":"product","link":"https:\/\/pistonaddict.com\/sk\/product\/ferrari-458-italia\/","title":{"rendered":"Ferrari 458 Italia"},"content":{"rendered":"<p><strong>Hist\u00f3ria vozidla<\/strong><\/p>\n<p>Model 458 Italia bol predstaven\u00fd v roku 2009 a znamenal nov\u00fa \u00e9ru tejto legend\u00e1rnej zna\u010dky, ke\u010f predstavil nov\u00fd dizajnov\u00fd jazyk, 4,5-litrov\u00fd motor V8, elektronick\u00fd diferenci\u00e1l a 7-stup\u0148ov\u00fa dvojspojkov\u00fa automatick\u00fa prevodovku ako jedin\u00fa mo\u017enos\u0165 motora. S v\u00fdkonom 570 kon\u00ed pren\u00e1\u0161an\u00fdm na zadn\u00e9 koles\u00e1 a \u010dervenou hranicou 9 000 ot\u00e1\u010dok za min\u00fatu poskytoval model 458 Italia dynamiku jazdy takmer ako Formula 1 s rovnak\u00fdm zvukov\u00fdm prejavom a vzru\u0161en\u00edm. Hne\u010f na za\u010diatku testeri v \u010dasopisoch vyhl\u00e1sili 458 za jedno z najlep\u0161\u00edch cestn\u00fdch Ferrari v ponuke &#8211; to je s\u00edce vysok\u00e9 ocenenie, ale nie bezd\u00f4vodn\u00e9. Je to neuverite\u013ene r\u00fdchly taliansky \u017erebec, ktor\u00fd zr\u00fdchli z 0 na 100 km\/h za menej ako 4 sekundy a dosiahne maxim\u00e1lnu r\u00fdchlos\u0165 viac ako 320 km\/h. Toto konkr\u00e9tne Ferrari 458 bolo vyroben\u00e9 v roku 2011 a s\u00fa\u010dasn\u00fd predajca ho z\u00edskal v roku 2022. V\u010faka ve\u013emi zauj\u00edmavej v\u00fdbave, klasick\u00e9mu \u010derveno-\u010diernemu laku, n\u00edzkemu po\u010dtu najazden\u00fdch kilometrov a ned\u00e1vnemu servisu je pripraven\u00fd na to, aby si ho nov\u00fd majite\u013e naplno u\u017eil. P\u00f4vodn\u00fd majite\u013e tohto vozidla sa s\u00fastredil na komfortn\u00fa v\u00fdbavu, ako je adapt\u00edvny syst\u00e9m predn\u00fdch svetiel, vyhrievan\u00e9 sedadl\u00e1, PDC na \u013eah\u0161ie man\u00e9vrovanie a parkovanie, elektricky nastavite\u013en\u00fd st\u013apik riadenia a mnoho \u010fal\u0161ieho. To v\u0161etko rob\u00ed z tohto modelu 458 Italia ve\u013emi dobre vybaven\u00fd a pou\u017e\u00edvate\u013esky pr\u00edvetiv\u00fd pr\u00edklad.<\/p>\n<p><strong>Interi\u00e9r<\/strong><\/p>\n<p>Ke\u010f\u017ee toto Ferrari bolo starostlivo udr\u017eiavan\u00e9, \u010dierny ko\u017een\u00fd interi\u00e9r je vo ve\u013emi dobrom stave s minim\u00e1lnymi stopami pou\u017e\u00edvania. Sedadl\u00e1 s \u010derven\u00fdm pre\u0161\u00edvan\u00edm s\u00fa v ide\u00e1lnom stave a p\u00f4vodn\u00fd majite\u013e si ich zvolil pre elegantn\u00fd vzh\u013ead, ktor\u00fd nikdy nevyjde z m\u00f3dy. Nie s\u00fa na \u0148om \u017eiadne \u00fapravy a interi\u00e9r vyzer\u00e1 ako nov\u00fd.<\/p>\n<p><strong>Stav<\/strong><\/p>\n<p>Toto Ferrari 458 Italia m\u00e1 najazden\u00fdch len 25 500 kilometrov, je bezchybn\u00e9 a v\u0161etci jeho pou\u017e\u00edvatelia sa o\u0148 starostlivo staraj\u00fa. V\u0161etky \u00fadr\u017ebov\u00e9 postupy boli vykonan\u00e9 v\u010das, pri\u010dom posledn\u00e1 v\u00fdmena oleja a servis boli vykonan\u00e9 v m\u00e1ji 2023 a brzdy boli zrekon\u0161truovan\u00e9 len pred nieko\u013ek\u00fdmi d\u0148ami koncom novembra 2023. E\u0161te d\u00f4le\u017eitej\u0161ie na tomto konkr\u00e9tnom pr\u00edklade je v\u0161ak to, \u017ee v\u0161etky tov\u00e1rensk\u00e9 stiahnutia modelu 458 Italia vykonali ofici\u00e1lni predajcovia, ktor\u00ed maj\u00fa na to doklady. Vozidlo bolo p\u00f4vodne dodan\u00e9 v Holandsku a autorizovan\u00fd predajca Ferrari vykonal servisn\u00fa prehliadku. V roku 2019 bol vymenen\u00fd airbag na strane spolujazdca a v roku 2022 bol vymenen\u00fd uz\u00e1ver n\u00e1dr\u017eky brzdovej kvapaliny. V\u0161etky tieto z\u00e1sahy pri stiahnut\u00ed z trhu boli schv\u00e1len\u00e9 v\u00fdrobn\u00fdm z\u00e1vodom a zdokumentovan\u00e9. Sved\u010d\u00ed to o tom, \u017ee v\u0161etci majitelia s\u00fa oddan\u00ed nad\u0161enci. <strong>Toto konkr\u00e9tne vozidlo m\u00e1 pred\u013a\u017een\u00fa z\u00e1ruku Ferrari New Power na nasleduj\u00facich 12 mesiacov<\/strong>.<\/p>\n<p><strong> <\/strong><strong>Exteri\u00e9r a koles\u00e1<\/strong><\/p>\n<p>Rosso Corsa je najbe\u017enej\u0161ia farba Ferrari, ale tento legend\u00e1rny odtie\u0148 dokonale lad\u00ed so zvodn\u00fdmi l\u00edniami modelu 458 Italia. P\u00f4vodn\u00fd lak nie je pozna\u010den\u00fd, nie s\u00fa na \u0148om \u017eiadne ryhy a \u0161krabance a auto je dokonale reprezentat\u00edvne. S 20-palcov\u00fdmi origin\u00e1lnymi tov\u00e1rensk\u00fdmi diskami a \u00faplne nov\u00fdmi pneumatikami Michelin je toto vozidlo pripraven\u00e9 poda\u0165 pln\u00fd v\u00fdkon. Jednou z pozoruhodn\u00fdch mo\u017enost\u00ed tohto vozidla s\u00fa keramick\u00e9 brzdy pre neuverite\u013en\u00fa brzdn\u00fa silu.<\/p>\n<p><strong>Dokument\u00e1cia<\/strong><\/p>\n<p>Toto vozidlo pred\u00e1va profesion\u00e1l s pr\u00edslu\u0161nou dokument\u00e1ciou a nach\u00e1dza sa vo Franc\u00fazsku. Spr\u00e1va <a href=\"https:\/\/pistonaddict.com\/wp-content\/uploads\/2023\/12\/CarVertical458.pdf\" target=\"_blank\" rel=\"noopener\">CarVertical<\/a> je \u010dist\u00e1; neexistuj\u00fa \u017eiadne d\u00f4kazy o nehod\u00e1ch, oprav\u00e1ch po nehode, vlastn\u00edctve ani pr\u00e1vnych probl\u00e9moch. K dispoz\u00edcii s\u00fa z\u00e1znamy o pravidelnej \u00fadr\u017ebe spolu s origin\u00e1lnymi tov\u00e1rensk\u00fdmi bro\u017e\u00farami, predajn\u00fdmi fakt\u00farami a \u00fa\u010dtenkami. Pred\u013a\u017een\u00e1 tov\u00e1rensk\u00e1 z\u00e1ruka (Ferrari Power) s t\u00fdmto modelom na 12 mesiacov a certifik\u00e1t o zhode (v hodnote 2000 eur) s\u00fa \u010fal\u0161\u00edm d\u00f4kazom, \u017ee ide o \u0161pi\u010dkov\u00e9 zberate\u013esk\u00e9 vozidlo.<\/p>\n<p><strong>Pozrite si video so studen\u00fdm \u0161tartom tohto kr\u00e1sneho Ferrari 458 Italia :<\/strong><\/p>\n<p><iframe title=\"Cold Start Video of the Ferrari 458 Italia for auction sale\" width=\"1200\" height=\"675\" src=\"https:\/\/www.youtube.com\/embed\/BEdW3ySb03E?feature=oembed\" frameborder=\"0\" allow=\"accelerometer; autoplay; clipboard-write; encrypted-media; gyroscope; picture-in-picture; web-share\" allowfullscreen><\/iframe><\/p>\n","protected":false},"excerpt":{"rendered":"<p>Ferrari, ktor\u00e9 je v\u017edy na \u0161pi\u010dke automobilovej technol\u00f3gie a v\u00fdkonu, zaviedlo prepl\u0148ovanie turbod\u00fachadlom ako \u0161tandardn\u00fa v\u00fdbavu v\u0161etk\u00fdch svojich modelov spolu s hybridn\u00fdm pohonom. Ferrari v\u0161ak na kr\u00e1tky okamih vytvorilo \u00faplne modern\u00fd \u0161portov\u00fd automobil poh\u00e1\u0148an\u00fd kri\u010diacim prirodzene nas\u00e1van\u00fdm motorom, ktor\u00fd dokonale kombinoval s\u00fa\u010dasn\u00fa technol\u00f3giu, vysok\u00e9 ot\u00e1\u010dky a nesmierne v\u00fdkonn\u00fd motor s o\u010daruj\u00facim pocitom starej \u0161koly. \u00c1no, hovor\u00edme o modeli 458 Italia a sme hrd\u00ed na to, \u017ee v\u00e1m m\u00f4\u017eeme pon\u00faknu\u0165 jeden z najlep\u0161\u00edch exempl\u00e1rov na trhu.<\/p>\n","protected":false},"featured_media":75550,"comment_status":"open","ping_status":"closed","template":"","meta":{"inline_featured_image":false},"product_cat":[755],"product_tag":[2625,2623,941,2622],"acf":[],"yoast_head":"<!-- This site is optimized with the Yoast SEO plugin v22.5 - https:\/\/yoast.com\/wordpress\/plugins\/seo\/ -->\n<title>Ferrari 458 Italia aukcie - Piston Addict<\/title>\n<meta name=\"robots\" content=\"index, follow, max-snippet:-1, max-image-preview:large, max-video-preview:-1\" \/>\n<link rel=\"canonical\" href=\"https:\/\/pistonaddict.com\/sk\/product\/ferrari-458-italia\/\" \/>\n<meta property=\"og:locale\" content=\"sk_SK\" \/>\n<meta property=\"og:type\" content=\"article\" \/>\n<meta property=\"og:title\" content=\"Ferrari 458 Italia aukcie - Piston Addict\" \/>\n<meta property=\"og:description\" content=\"Ferrari, ktor\u00e9 je v\u017edy na \u0161pi\u010dke automobilovej technol\u00f3gie a v\u00fdkonu, zaviedlo prepl\u0148ovanie turbod\u00fachadlom ako \u0161tandardn\u00fa v\u00fdbavu v\u0161etk\u00fdch svojich modelov spolu s hybridn\u00fdm pohonom. Ferrari v\u0161ak na kr\u00e1tky okamih vytvorilo \u00faplne modern\u00fd \u0161portov\u00fd automobil poh\u00e1\u0148an\u00fd kri\u010diacim prirodzene nas\u00e1van\u00fdm motorom, ktor\u00fd dokonale kombinoval s\u00fa\u010dasn\u00fa technol\u00f3giu, vysok\u00e9 ot\u00e1\u010dky a nesmierne v\u00fdkonn\u00fd motor s o\u010daruj\u00facim pocitom starej \u0161koly. \u00c1no, hovor\u00edme o modeli 458 Italia a sme hrd\u00ed na to, \u017ee v\u00e1m m\u00f4\u017eeme pon\u00faknu\u0165 jeden z najlep\u0161\u00edch exempl\u00e1rov na trhu.\" \/>\n<meta property=\"og:url\" content=\"https:\/\/pistonaddict.com\/sk\/product\/ferrari-458-italia\/\" \/>\n<meta property=\"og:site_name\" content=\"Piston Addict\" \/>\n<meta property=\"article:modified_time\" content=\"2023-12-20T08:59:20+00:00\" \/>\n<meta property=\"og:image\" content=\"https:\/\/pistonaddict.com\/wp-content\/uploads\/2023\/12\/IMG_0124.jpeg\" \/>\n\t<meta property=\"og:image:width\" content=\"1885\" \/>\n\t<meta property=\"og:image:height\" content=\"1207\" \/>\n\t<meta property=\"og:image:type\" content=\"image\/jpeg\" \/>\n<meta name=\"twitter:card\" content=\"summary_large_image\" \/>\n<meta name=\"twitter:label1\" content=\"Predpokladan\u00fd \u010das \u010d\u00edtania\" \/>\n\t<meta name=\"twitter:data1\" content=\"4 min\u00faty\" \/>\n<script type=\"application\/ld+json\" class=\"yoast-schema-graph\">{\"@context\":\"https:\/\/schema.org\",\"@graph\":[{\"@type\":\"WebPage\",\"@id\":\"https:\/\/pistonaddict.com\/sk\/product\/ferrari-458-italia\/\",\"url\":\"https:\/\/pistonaddict.com\/sk\/product\/ferrari-458-italia\/\",\"name\":\"Ferrari 458 Italia aukcie - Piston Addict\",\"isPartOf\":{\"@id\":\"https:\/\/pistonaddict.com\/sk\/#website\"},\"primaryImageOfPage\":{\"@id\":\"https:\/\/pistonaddict.com\/sk\/product\/ferrari-458-italia\/#primaryimage\"},\"image\":{\"@id\":\"https:\/\/pistonaddict.com\/sk\/product\/ferrari-458-italia\/#primaryimage\"},\"thumbnailUrl\":\"https:\/\/pistonaddict.com\/wp-content\/uploads\/2023\/12\/IMG_0124.jpeg\",\"datePublished\":\"2023-12-01T09:02:11+00:00\",\"dateModified\":\"2023-12-20T08:59:20+00:00\",\"breadcrumb\":{\"@id\":\"https:\/\/pistonaddict.com\/sk\/product\/ferrari-458-italia\/#breadcrumb\"},\"inLanguage\":\"sk-SK\",\"potentialAction\":[{\"@type\":\"ReadAction\",\"target\":[\"https:\/\/pistonaddict.com\/sk\/product\/ferrari-458-italia\/\"]}]},{\"@type\":\"ImageObject\",\"inLanguage\":\"sk-SK\",\"@id\":\"https:\/\/pistonaddict.com\/sk\/product\/ferrari-458-italia\/#primaryimage\",\"url\":\"https:\/\/pistonaddict.com\/wp-content\/uploads\/2023\/12\/IMG_0124.jpeg\",\"contentUrl\":\"https:\/\/pistonaddict.com\/wp-content\/uploads\/2023\/12\/IMG_0124.jpeg\",\"width\":1885,\"height\":1207},{\"@type\":\"BreadcrumbList\",\"@id\":\"https:\/\/pistonaddict.com\/sk\/product\/ferrari-458-italia\/#breadcrumb\",\"itemListElement\":[{\"@type\":\"ListItem\",\"position\":1,\"name\":\"domovskej str\u00e1nke\",\"item\":\"https:\/\/pistonaddict.com\/sk\/uvodna-stranka\/\"},{\"@type\":\"ListItem\",\"position\":2,\"name\":\"Auctions\",\"item\":\"https:\/\/pistonaddict.com\/auctions-listing\/\"},{\"@type\":\"ListItem\",\"position\":3,\"name\":\"Ferrari 458 Italia\"}]},{\"@type\":\"WebSite\",\"@id\":\"https:\/\/pistonaddict.com\/sk\/#website\",\"url\":\"https:\/\/pistonaddict.com\/sk\/\",\"name\":\"Piston Addict\",\"description\":\"Only interesting vehicles\",\"publisher\":{\"@id\":\"https:\/\/pistonaddict.com\/sk\/#organization\"},\"potentialAction\":[{\"@type\":\"SearchAction\",\"target\":{\"@type\":\"EntryPoint\",\"urlTemplate\":\"https:\/\/pistonaddict.com\/sk\/?s={search_term_string}\"},\"query-input\":\"required name=search_term_string\"}],\"inLanguage\":\"sk-SK\"},{\"@type\":\"Organization\",\"@id\":\"https:\/\/pistonaddict.com\/sk\/#organization\",\"name\":\"Piston Addict\",\"url\":\"https:\/\/pistonaddict.com\/sk\/\",\"logo\":{\"@type\":\"ImageObject\",\"inLanguage\":\"sk-SK\",\"@id\":\"https:\/\/pistonaddict.com\/sk\/#\/schema\/logo\/image\/\",\"url\":\"https:\/\/pistonaddict.com\/wp-content\/uploads\/2022\/07\/logo-6.png\",\"contentUrl\":\"https:\/\/pistonaddict.com\/wp-content\/uploads\/2022\/07\/logo-6.png\",\"width\":970,\"height\":200,\"caption\":\"Piston Addict\"},\"image\":{\"@id\":\"https:\/\/pistonaddict.com\/sk\/#\/schema\/logo\/image\/\"}}]}<\/script>\n<!-- \/ Yoast SEO plugin. -->","yoast_head_json":{"title":"Ferrari 458 Italia aukcie - Piston Addict","robots":{"index":"index","follow":"follow","max-snippet":"max-snippet:-1","max-image-preview":"max-image-preview:large","max-video-preview":"max-video-preview:-1"},"canonical":"https:\/\/pistonaddict.com\/sk\/product\/ferrari-458-italia\/","og_locale":"sk_SK","og_type":"article","og_title":"Ferrari 458 Italia aukcie - Piston Addict","og_description":"Ferrari, ktor\u00e9 je v\u017edy na \u0161pi\u010dke automobilovej technol\u00f3gie a v\u00fdkonu, zaviedlo prepl\u0148ovanie turbod\u00fachadlom ako \u0161tandardn\u00fa v\u00fdbavu v\u0161etk\u00fdch svojich modelov spolu s hybridn\u00fdm pohonom. Ferrari v\u0161ak na kr\u00e1tky okamih vytvorilo \u00faplne modern\u00fd \u0161portov\u00fd automobil poh\u00e1\u0148an\u00fd kri\u010diacim prirodzene nas\u00e1van\u00fdm motorom, ktor\u00fd dokonale kombinoval s\u00fa\u010dasn\u00fa technol\u00f3giu, vysok\u00e9 ot\u00e1\u010dky a nesmierne v\u00fdkonn\u00fd motor s o\u010daruj\u00facim pocitom starej \u0161koly. \u00c1no, hovor\u00edme o modeli 458 Italia a sme hrd\u00ed na to, \u017ee v\u00e1m m\u00f4\u017eeme pon\u00faknu\u0165 jeden z najlep\u0161\u00edch exempl\u00e1rov na trhu.","og_url":"https:\/\/pistonaddict.com\/sk\/product\/ferrari-458-italia\/","og_site_name":"Piston Addict","article_modified_time":"2023-12-20T08:59:20+00:00","og_image":[{"width":1885,"height":1207,"url":"https:\/\/pistonaddict.com\/wp-content\/uploads\/2023\/12\/IMG_0124.jpeg","type":"image\/jpeg"}],"twitter_card":"summary_large_image","twitter_misc":{"Predpokladan\u00fd \u010das \u010d\u00edtania":"4 min\u00faty"},"schema":{"@context":"https:\/\/schema.org","@graph":[{"@type":"WebPage","@id":"https:\/\/pistonaddict.com\/sk\/product\/ferrari-458-italia\/","url":"https:\/\/pistonaddict.com\/sk\/product\/ferrari-458-italia\/","name":"Ferrari 458 Italia aukcie - Piston Addict","isPartOf":{"@id":"https:\/\/pistonaddict.com\/sk\/#website"},"primaryImageOfPage":{"@id":"https:\/\/pistonaddict.com\/sk\/product\/ferrari-458-italia\/#primaryimage"},"image":{"@id":"https:\/\/pistonaddict.com\/sk\/product\/ferrari-458-italia\/#primaryimage"},"thumbnailUrl":"https:\/\/pistonaddict.com\/wp-content\/uploads\/2023\/12\/IMG_0124.jpeg","datePublished":"2023-12-01T09:02:11+00:00","dateModified":"2023-12-20T08:59:20+00:00","breadcrumb":{"@id":"https:\/\/pistonaddict.com\/sk\/product\/ferrari-458-italia\/#breadcrumb"},"inLanguage":"sk-SK","potentialAction":[{"@type":"ReadAction","target":["https:\/\/pistonaddict.com\/sk\/product\/ferrari-458-italia\/"]}]},{"@type":"ImageObject","inLanguage":"sk-SK","@id":"https:\/\/pistonaddict.com\/sk\/product\/ferrari-458-italia\/#primaryimage","url":"https:\/\/pistonaddict.com\/wp-content\/uploads\/2023\/12\/IMG_0124.jpeg","contentUrl":"https:\/\/pistonaddict.com\/wp-content\/uploads\/2023\/12\/IMG_0124.jpeg","width":1885,"height":1207},{"@type":"BreadcrumbList","@id":"https:\/\/pistonaddict.com\/sk\/product\/ferrari-458-italia\/#breadcrumb","itemListElement":[{"@type":"ListItem","position":1,"name":"domovskej str\u00e1nke","item":"https:\/\/pistonaddict.com\/sk\/uvodna-stranka\/"},{"@type":"ListItem","position":2,"name":"Auctions","item":"https:\/\/pistonaddict.com\/auctions-listing\/"},{"@type":"ListItem","position":3,"name":"Ferrari 458 Italia"}]},{"@type":"WebSite","@id":"https:\/\/pistonaddict.com\/sk\/#website","url":"https:\/\/pistonaddict.com\/sk\/","name":"Piston Addict","description":"Only interesting vehicles","publisher":{"@id":"https:\/\/pistonaddict.com\/sk\/#organization"},"potentialAction":[{"@type":"SearchAction","target":{"@type":"EntryPoint","urlTemplate":"https:\/\/pistonaddict.com\/sk\/?s={search_term_string}"},"query-input":"required name=search_term_string"}],"inLanguage":"sk-SK"},{"@type":"Organization","@id":"https:\/\/pistonaddict.com\/sk\/#organization","name":"Piston Addict","url":"https:\/\/pistonaddict.com\/sk\/","logo":{"@type":"ImageObject","inLanguage":"sk-SK","@id":"https:\/\/pistonaddict.com\/sk\/#\/schema\/logo\/image\/","url":"https:\/\/pistonaddict.com\/wp-content\/uploads\/2022\/07\/logo-6.png","contentUrl":"https:\/\/pistonaddict.com\/wp-content\/uploads\/2022\/07\/logo-6.png","width":970,"height":200,"caption":"Piston Addict"},"image":{"@id":"https:\/\/pistonaddict.com\/sk\/#\/schema\/logo\/image\/"}}]}},"_links":{"self":[{"href":"https:\/\/pistonaddict.com\/sk\/wp-json\/wp\/v2\/product\/75657"}],"collection":[{"href":"https:\/\/pistonaddict.com\/sk\/wp-json\/wp\/v2\/product"}],"about":[{"href":"https:\/\/pistonaddict.com\/sk\/wp-json\/wp\/v2\/types\/product"}],"replies":[{"embeddable":true,"href":"https:\/\/pistonaddict.com\/sk\/wp-json\/wp\/v2\/comments?post=75657"}],"wp:featuredmedia":[{"embeddable":true,"href":"https:\/\/pistonaddict.com\/sk\/wp-json\/wp\/v2\/media\/75550"}],"wp:attachment":[{"href":"https:\/\/pistonaddict.com\/sk\/wp-json\/wp\/v2\/media?parent=75657"}],"wp:term":[{"taxonomy":"product_cat","embeddable":true,"href":"https:\/\/pistonaddict.com\/sk\/wp-json\/wp\/v2\/product_cat?post=75657"},{"taxonomy":"product_tag","embeddable":true,"href":"https:\/\/pistonaddict.com\/sk\/wp-json\/wp\/v2\/product_tag?post=75657"}],"curies":[{"name":"wp","href":"https:\/\/api.w.org\/{rel}","templated":true}]}}