{"id":72249,"date":"2023-11-17T17:40:02","date_gmt":"2023-11-17T16:40:02","guid":{"rendered":"https:\/\/pistonaddict.com\/product\/land-rover-defender-p90e-electric\/"},"modified":"2024-03-19T16:59:40","modified_gmt":"2024-03-19T15:59:40","slug":"land-rover-defender-p90e-electric","status":"publish","type":"product","link":"https:\/\/pistonaddict.com\/sk\/product\/land-rover-defender-p90e-electric\/","title":{"rendered":"Land Rover Defender P90E Electric"},"content":{"rendered":"<p><strong>Hist\u00f3ria vozidla<\/strong><\/p>\n<p>Land Rover Defender je vo svete ter\u00e9nnych vozidiel nespornou ikonou. Skuto\u010dn\u00fd automobilov\u00fd hrdina a model, ktor\u00fd dodnes symbolizuje robustnos\u0165, spo\u013eahlivos\u0165 a schopnos\u0165 \u00eds\u0165 kamko\u013evek. Preto je st\u00e1le vysn\u00edvan\u00fdm vozidlom mili\u00f3nov fan\u00fa\u0161ikov off-roadov na celom svete. Klasick\u00e9 modely, akoko\u013evek s\u00fa cool a o\u010daruj\u00face, s\u00fa v\u0161ak v dne\u0161nom svete, ktor\u00fd sa zaober\u00e1 dopravou a \u017eivotn\u00fdm prostred\u00edm, zastaran\u00e9. \u0160vaj\u010diarska spolo\u010dnos\u0165 Revive na\u0161la rie\u0161enie a prestavala tento exempl\u00e1r na modern\u00fd elektrick\u00fd pohon, ktor\u00fd \u00faplne zmenil dojem z tohto klasick\u00e9ho vozidla a zlep\u0161il jeho schopnosti. Tento konkr\u00e9tny exempl\u00e1r bol vyroben\u00fd v roku 1999 v \u017eiadanej trojdverovej verzii a dodan\u00fd ako nov\u00fd vo \u0160vaj\u010diarsku. Predajca ho z\u00edskal v roku 2021 a v roku 2022 ho spolo\u010dnos\u0165 Revive podrobila d\u00f4kladnej moderniz\u00e1cii, ktorej v\u00fdsledkom bola prv\u00e1 prestavba Defenderu EV vo \u0160vaj\u010diarsku. P\u00f4vodn\u00fd dieselov\u00fd motor bol nahraden\u00fd elektromotorom Netgain Hyper 9 s v\u00fdkonom 66 kW (100 k), ktor\u00fd je doplnen\u00fd 44 kWh bat\u00e9riou. Zauj\u00edmavos\u0165ou je, \u017ee elektromotor bol pripojen\u00fd k p\u00f4vodnej manu\u00e1lnej prevodovke a pohonu 4&#215;4. Tento Defender m\u00e1 jedine\u010dn\u00fa kombin\u00e1ciu elektrick\u00e9ho pohonu a radiacej p\u00e1ky, vy\u0161\u0161\u00ed v\u00fdkon, vy\u0161\u0161\u00ed kr\u00fatiaci moment a dojazd pribli\u017ene 120 a\u017e 130 km.<\/p>\n<p><strong>Interi\u00e9r<\/strong><\/p>\n<p>Okrem centr\u00e1lneho displeja je interi\u00e9r tohto jedine\u010dn\u00e9ho vozidla Land Rover Defender dobov\u00fd a vo v\u00fdbornom stave. Sedadl\u00e1 s\u00fa potiahnut\u00e9 l\u00e1tkou a vzadu s\u00fa chladne vyzeraj\u00face sedadl\u00e1 s dunen\u00edm. Pr\u00edstrojov\u00e1 doska vyzer\u00e1 rovnako ako p\u00f4vodn\u00e1. M\u00e1 nieko\u013eko \u010fal\u0161\u00edch sp\u00edna\u010dov, modernizovan\u00fd audiosyst\u00e9m a palivomer, ktor\u00fd bol upraven\u00fd tak, aby ukazoval mno\u017estvo elektrickej energie v bat\u00e9ri\u00e1ch, \u010do je vynikaj\u00faci detail na z\u00e1kazku. Aj ke\u010f m\u00e1 teraz Defender bat\u00e9riu, nestratil ni\u010d zo svojej praktickosti ani vn\u00fatorn\u00e9ho priestoru.<\/p>\n<p><strong> <\/strong><strong>Stav<\/strong><\/p>\n<p>Tento legend\u00e1rny ter\u00e9nny automobil najazdil od nov\u00e9ho a\u017e do prestavby spolo\u010dnos\u0165ou Revive 187 654 km. Tento konkr\u00e9tny exempl\u00e1r bol vybran\u00fd pre svoj stav, absenciu po\u0161kodenia alebo hrdze, \u010do s\u00fa be\u017en\u00e9 probl\u00e9my klasick\u00fdch vozidiel Defender. Od prestavby najazdil Defender len takmer 10 000 kilometrov a je pripraven\u00fd na \u010fal\u0161ie kilometre, ke\u010f\u017ee jeho motor je \u00faplne nov\u00fd. V s\u00fa\u010dasnosti je na tachometri nie\u010do vy\u0161e 197 500 km. K vozidlu sa dod\u00e1va komplexn\u00e1 dokument\u00e1cia spolu s dokument\u00e1ciou a z\u00e1rukou od spolo\u010dnosti Revive. Vozidlo pre\u0161lo d\u00f4kladn\u00fdm servisom tesne pred procesom prestavby 2022, pri\u010dom brzdy boli zrekon\u0161truovan\u00e9 len pred nieko\u013ek\u00fdmi d\u0148ami v novembri 2023. Je nevyhnutn\u00e9 poveda\u0165, \u017ee tento Defender pre\u0161iel \u0161vaj\u010diarskou technickou kontrolou, bol zaregistrovan\u00fd a m\u00e1 trojro\u010dn\u00fa z\u00e1ruku od Revive, \u010do sved\u010d\u00ed o tom, \u017ee celkov\u00fd stav je fantastick\u00fd a \u017ee vozidlo je absol\u00fatne vhodn\u00e9 na ak\u00e9ko\u013evek pou\u017eitie na ceste aj v ter\u00e9ne.<\/p>\n<p><strong> <\/strong><strong>Exteri\u00e9r a koles\u00e1<\/strong><\/p>\n<p>Zvonku vyzer\u00e1 tento Defender EV ako ak\u00fdko\u013evek in\u00fd Land Rover rovnak\u00e9ho ro\u010dn\u00edka a jedin\u00e9, \u010d\u00edm sa odli\u0161uje, s\u00fa n\u00e1lepky a nab\u00edjac\u00ed port namiesto uz\u00e1veru palivovej n\u00e1dr\u017ee. S origin\u00e1lnymi 16-palcov\u00fdmi kolesami obut\u00fdmi do ter\u00e9nnych pneumat\u00edk Nokian (z roku 2021) si porad\u00ed s ak\u00fdmko\u013evek ter\u00e9nom. Na vozidle nie s\u00fa \u017eiadne otlaky, \u0161krabance ani hrdza a siv\u00e1 farba je p\u00f4vodn\u00e1.<\/p>\n<p><strong> <\/strong><strong>Dokument\u00e1cia<\/strong><\/p>\n<p>Majite\u013e pred\u00e1va toto vozidlo s pr\u00edslu\u0161nou dokument\u00e1ciou a nach\u00e1dza sa vo \u0160vaj\u010diarsku. <a href=\"https:\/\/pistonaddict.com\/wp-content\/uploads\/2023\/11\/CarVertical.pdf\">Vertik\u00e1lna<\/a> spr\u00e1va o <a href=\"https:\/\/pistonaddict.com\/wp-content\/uploads\/2023\/11\/CarVertical.pdf\">vozidle<\/a> je \u010dist\u00e1; neexistuj\u00fa \u017eiadne d\u00f4kazy o nehod\u00e1ch, oprav\u00e1ch po nehod\u00e1ch, vlastn\u00edctve ani pr\u00e1vnych probl\u00e9moch. K dispoz\u00edcii s\u00fa z\u00e1znamy o pravidelnej \u00fadr\u017ebe, origin\u00e1lne tov\u00e1rensk\u00e9 bro\u017e\u00fary, predajn\u00e9 \u00fa\u010dty a \u00fa\u010dtenky.  <strong>Vozidlo je vybaven\u00e9 riadnou dokument\u00e1ciou od spolo\u010dnosti Revive, p\u00edsomnou 3-ro\u010dnou z\u00e1rukou na elektromotor a bat\u00e9riu a technickou kontrolou \u0161vaj\u010diarskych org\u00e1nov. K vozidlu sa dod\u00e1va aj komplexn\u00e1 pou\u017e\u00edvate\u013esk\u00e1 pr\u00edru\u010dka a poistn\u00e1 dokument\u00e1cia.<\/strong>. To v\u0161etko znamen\u00e1, \u017ee tento Defender EV je plne leg\u00e1lny na cest\u00e1ch, pripraven\u00fd na v\u00fdvoz a m\u00f4\u017ee sa pou\u017e\u00edva\u0165 kdeko\u013evek.<\/p>\n<p><strong>Pozrite si video so studen\u00fdm \u0161tartom tohto ve\u013emi zauj\u00edmav\u00e9ho Land Roveru Defender s plne elektrick\u00fdm pohonom:<\/strong><\/p>\n<p><iframe title=\"Cold Start Video of the Land Rover Defender full Electric for auction sale\" width=\"1200\" height=\"900\" src=\"https:\/\/www.youtube.com\/embed\/8ZfpIXIwhOI?feature=oembed\" frameborder=\"0\" allow=\"accelerometer; autoplay; clipboard-write; encrypted-media; gyroscope; picture-in-picture; web-share\" allowfullscreen><\/iframe><\/p>\n<p><strong> <\/strong><\/p>\n","protected":false},"excerpt":{"rendered":"<p>Jedn\u00fdm z najzauj\u00edmavej\u0161\u00edch aspektov revol\u00facie v oblasti elektrick\u00fdch vozidiel je, \u017ee m\u00f4\u017eeme znovuobjavi\u0165 klasick\u00e9 vozidl\u00e1 a vd\u00fdchnu\u0165 im nov\u00fd \u017eivot. Moderniz\u00e1cia klasick\u00e9ho vozidla s najmodernej\u0161\u00edm elektrick\u00fdm pohonom je krokom nad r\u00e1mec renov\u00e1cie a jedine\u010dn\u00fdm sp\u00f4sobom, ako zladi\u0165 rozpoznate\u013en\u00fd tvar s technol\u00f3giou 21. storo\u010dia. Dnes v\u00e1m s hrdos\u0165ou predstavujeme tak\u00e9to vozidlo &#8211; Land Rover Defender EV, prv\u00fd klasick\u00fd Defender, ktor\u00fd \u0161vaj\u010diarska spolo\u010dnos\u0165 Revive prerobila na elektromobil.<\/p>\n","protected":false},"featured_media":71396,"comment_status":"open","ping_status":"closed","template":"","meta":{"inline_featured_image":false},"product_cat":[755],"product_tag":[2578,2520,2526,2523],"acf":[],"yoast_head":"<!-- This site is optimized with the Yoast SEO plugin v22.5 - https:\/\/yoast.com\/wordpress\/plugins\/seo\/ -->\n<title>Land Rover Defender P90E Electric aukcie - Piston Addict<\/title>\n<meta name=\"robots\" content=\"index, follow, max-snippet:-1, max-image-preview:large, max-video-preview:-1\" \/>\n<link rel=\"canonical\" href=\"https:\/\/pistonaddict.com\/sk\/product\/land-rover-defender-p90e-electric\/\" \/>\n<meta property=\"og:locale\" content=\"sk_SK\" \/>\n<meta property=\"og:type\" content=\"article\" \/>\n<meta property=\"og:title\" content=\"Land Rover Defender P90E Electric aukcie - Piston Addict\" \/>\n<meta property=\"og:description\" content=\"Jedn\u00fdm z najzauj\u00edmavej\u0161\u00edch aspektov revol\u00facie v oblasti elektrick\u00fdch vozidiel je, \u017ee m\u00f4\u017eeme znovuobjavi\u0165 klasick\u00e9 vozidl\u00e1 a vd\u00fdchnu\u0165 im nov\u00fd \u017eivot. Moderniz\u00e1cia klasick\u00e9ho vozidla s najmodernej\u0161\u00edm elektrick\u00fdm pohonom je krokom nad r\u00e1mec renov\u00e1cie a jedine\u010dn\u00fdm sp\u00f4sobom, ako zladi\u0165 rozpoznate\u013en\u00fd tvar s technol\u00f3giou 21. storo\u010dia. Dnes v\u00e1m s hrdos\u0165ou predstavujeme tak\u00e9to vozidlo - Land Rover Defender EV, prv\u00fd klasick\u00fd Defender, ktor\u00fd \u0161vaj\u010diarska spolo\u010dnos\u0165 Revive prerobila na elektromobil.\" \/>\n<meta property=\"og:url\" content=\"https:\/\/pistonaddict.com\/sk\/product\/land-rover-defender-p90e-electric\/\" \/>\n<meta property=\"og:site_name\" content=\"Piston Addict\" \/>\n<meta property=\"article:modified_time\" content=\"2024-03-19T15:59:40+00:00\" \/>\n<meta property=\"og:image\" content=\"https:\/\/pistonaddict.com\/wp-content\/uploads\/2023\/11\/def-05.jpg\" \/>\n\t<meta property=\"og:image:width\" content=\"2560\" \/>\n\t<meta property=\"og:image:height\" content=\"1440\" \/>\n\t<meta property=\"og:image:type\" content=\"image\/jpeg\" \/>\n<meta name=\"twitter:card\" content=\"summary_large_image\" \/>\n<meta name=\"twitter:label1\" content=\"Predpokladan\u00fd \u010das \u010d\u00edtania\" \/>\n\t<meta name=\"twitter:data1\" content=\"4 min\u00faty\" \/>\n<script type=\"application\/ld+json\" class=\"yoast-schema-graph\">{\"@context\":\"https:\/\/schema.org\",\"@graph\":[{\"@type\":\"WebPage\",\"@id\":\"https:\/\/pistonaddict.com\/sk\/product\/land-rover-defender-p90e-electric\/\",\"url\":\"https:\/\/pistonaddict.com\/sk\/product\/land-rover-defender-p90e-electric\/\",\"name\":\"Land Rover Defender P90E Electric aukcie - Piston Addict\",\"isPartOf\":{\"@id\":\"https:\/\/pistonaddict.com\/sk\/#website\"},\"primaryImageOfPage\":{\"@id\":\"https:\/\/pistonaddict.com\/sk\/product\/land-rover-defender-p90e-electric\/#primaryimage\"},\"image\":{\"@id\":\"https:\/\/pistonaddict.com\/sk\/product\/land-rover-defender-p90e-electric\/#primaryimage\"},\"thumbnailUrl\":\"https:\/\/pistonaddict.com\/wp-content\/uploads\/2023\/11\/def-05.jpg\",\"datePublished\":\"2023-11-17T16:40:02+00:00\",\"dateModified\":\"2024-03-19T15:59:40+00:00\",\"breadcrumb\":{\"@id\":\"https:\/\/pistonaddict.com\/sk\/product\/land-rover-defender-p90e-electric\/#breadcrumb\"},\"inLanguage\":\"sk-SK\",\"potentialAction\":[{\"@type\":\"ReadAction\",\"target\":[\"https:\/\/pistonaddict.com\/sk\/product\/land-rover-defender-p90e-electric\/\"]}]},{\"@type\":\"ImageObject\",\"inLanguage\":\"sk-SK\",\"@id\":\"https:\/\/pistonaddict.com\/sk\/product\/land-rover-defender-p90e-electric\/#primaryimage\",\"url\":\"https:\/\/pistonaddict.com\/wp-content\/uploads\/2023\/11\/def-05.jpg\",\"contentUrl\":\"https:\/\/pistonaddict.com\/wp-content\/uploads\/2023\/11\/def-05.jpg\",\"width\":2560,\"height\":1440},{\"@type\":\"BreadcrumbList\",\"@id\":\"https:\/\/pistonaddict.com\/sk\/product\/land-rover-defender-p90e-electric\/#breadcrumb\",\"itemListElement\":[{\"@type\":\"ListItem\",\"position\":1,\"name\":\"domovskej str\u00e1nke\",\"item\":\"https:\/\/pistonaddict.com\/sk\/uvodna-stranka\/\"},{\"@type\":\"ListItem\",\"position\":2,\"name\":\"Auctions\",\"item\":\"https:\/\/pistonaddict.com\/auctions-listing\/\"},{\"@type\":\"ListItem\",\"position\":3,\"name\":\"Land Rover Defender P90E Electric\"}]},{\"@type\":\"WebSite\",\"@id\":\"https:\/\/pistonaddict.com\/sk\/#website\",\"url\":\"https:\/\/pistonaddict.com\/sk\/\",\"name\":\"Piston Addict\",\"description\":\"Only interesting vehicles\",\"publisher\":{\"@id\":\"https:\/\/pistonaddict.com\/sk\/#organization\"},\"potentialAction\":[{\"@type\":\"SearchAction\",\"target\":{\"@type\":\"EntryPoint\",\"urlTemplate\":\"https:\/\/pistonaddict.com\/sk\/?s={search_term_string}\"},\"query-input\":\"required name=search_term_string\"}],\"inLanguage\":\"sk-SK\"},{\"@type\":\"Organization\",\"@id\":\"https:\/\/pistonaddict.com\/sk\/#organization\",\"name\":\"Piston Addict\",\"url\":\"https:\/\/pistonaddict.com\/sk\/\",\"logo\":{\"@type\":\"ImageObject\",\"inLanguage\":\"sk-SK\",\"@id\":\"https:\/\/pistonaddict.com\/sk\/#\/schema\/logo\/image\/\",\"url\":\"https:\/\/pistonaddict.com\/wp-content\/uploads\/2022\/07\/logo-6.png\",\"contentUrl\":\"https:\/\/pistonaddict.com\/wp-content\/uploads\/2022\/07\/logo-6.png\",\"width\":970,\"height\":200,\"caption\":\"Piston Addict\"},\"image\":{\"@id\":\"https:\/\/pistonaddict.com\/sk\/#\/schema\/logo\/image\/\"}}]}<\/script>\n<!-- \/ Yoast SEO plugin. -->","yoast_head_json":{"title":"Land Rover Defender P90E Electric aukcie - Piston Addict","robots":{"index":"index","follow":"follow","max-snippet":"max-snippet:-1","max-image-preview":"max-image-preview:large","max-video-preview":"max-video-preview:-1"},"canonical":"https:\/\/pistonaddict.com\/sk\/product\/land-rover-defender-p90e-electric\/","og_locale":"sk_SK","og_type":"article","og_title":"Land Rover Defender P90E Electric aukcie - Piston Addict","og_description":"Jedn\u00fdm z najzauj\u00edmavej\u0161\u00edch aspektov revol\u00facie v oblasti elektrick\u00fdch vozidiel je, \u017ee m\u00f4\u017eeme znovuobjavi\u0165 klasick\u00e9 vozidl\u00e1 a vd\u00fdchnu\u0165 im nov\u00fd \u017eivot. Moderniz\u00e1cia klasick\u00e9ho vozidla s najmodernej\u0161\u00edm elektrick\u00fdm pohonom je krokom nad r\u00e1mec renov\u00e1cie a jedine\u010dn\u00fdm sp\u00f4sobom, ako zladi\u0165 rozpoznate\u013en\u00fd tvar s technol\u00f3giou 21. storo\u010dia. Dnes v\u00e1m s hrdos\u0165ou predstavujeme tak\u00e9to vozidlo - Land Rover Defender EV, prv\u00fd klasick\u00fd Defender, ktor\u00fd \u0161vaj\u010diarska spolo\u010dnos\u0165 Revive prerobila na elektromobil.","og_url":"https:\/\/pistonaddict.com\/sk\/product\/land-rover-defender-p90e-electric\/","og_site_name":"Piston Addict","article_modified_time":"2024-03-19T15:59:40+00:00","og_image":[{"width":2560,"height":1440,"url":"https:\/\/pistonaddict.com\/wp-content\/uploads\/2023\/11\/def-05.jpg","type":"image\/jpeg"}],"twitter_card":"summary_large_image","twitter_misc":{"Predpokladan\u00fd \u010das \u010d\u00edtania":"4 min\u00faty"},"schema":{"@context":"https:\/\/schema.org","@graph":[{"@type":"WebPage","@id":"https:\/\/pistonaddict.com\/sk\/product\/land-rover-defender-p90e-electric\/","url":"https:\/\/pistonaddict.com\/sk\/product\/land-rover-defender-p90e-electric\/","name":"Land Rover Defender P90E Electric aukcie - Piston Addict","isPartOf":{"@id":"https:\/\/pistonaddict.com\/sk\/#website"},"primaryImageOfPage":{"@id":"https:\/\/pistonaddict.com\/sk\/product\/land-rover-defender-p90e-electric\/#primaryimage"},"image":{"@id":"https:\/\/pistonaddict.com\/sk\/product\/land-rover-defender-p90e-electric\/#primaryimage"},"thumbnailUrl":"https:\/\/pistonaddict.com\/wp-content\/uploads\/2023\/11\/def-05.jpg","datePublished":"2023-11-17T16:40:02+00:00","dateModified":"2024-03-19T15:59:40+00:00","breadcrumb":{"@id":"https:\/\/pistonaddict.com\/sk\/product\/land-rover-defender-p90e-electric\/#breadcrumb"},"inLanguage":"sk-SK","potentialAction":[{"@type":"ReadAction","target":["https:\/\/pistonaddict.com\/sk\/product\/land-rover-defender-p90e-electric\/"]}]},{"@type":"ImageObject","inLanguage":"sk-SK","@id":"https:\/\/pistonaddict.com\/sk\/product\/land-rover-defender-p90e-electric\/#primaryimage","url":"https:\/\/pistonaddict.com\/wp-content\/uploads\/2023\/11\/def-05.jpg","contentUrl":"https:\/\/pistonaddict.com\/wp-content\/uploads\/2023\/11\/def-05.jpg","width":2560,"height":1440},{"@type":"BreadcrumbList","@id":"https:\/\/pistonaddict.com\/sk\/product\/land-rover-defender-p90e-electric\/#breadcrumb","itemListElement":[{"@type":"ListItem","position":1,"name":"domovskej str\u00e1nke","item":"https:\/\/pistonaddict.com\/sk\/uvodna-stranka\/"},{"@type":"ListItem","position":2,"name":"Auctions","item":"https:\/\/pistonaddict.com\/auctions-listing\/"},{"@type":"ListItem","position":3,"name":"Land Rover Defender P90E Electric"}]},{"@type":"WebSite","@id":"https:\/\/pistonaddict.com\/sk\/#website","url":"https:\/\/pistonaddict.com\/sk\/","name":"Piston Addict","description":"Only interesting vehicles","publisher":{"@id":"https:\/\/pistonaddict.com\/sk\/#organization"},"potentialAction":[{"@type":"SearchAction","target":{"@type":"EntryPoint","urlTemplate":"https:\/\/pistonaddict.com\/sk\/?s={search_term_string}"},"query-input":"required name=search_term_string"}],"inLanguage":"sk-SK"},{"@type":"Organization","@id":"https:\/\/pistonaddict.com\/sk\/#organization","name":"Piston Addict","url":"https:\/\/pistonaddict.com\/sk\/","logo":{"@type":"ImageObject","inLanguage":"sk-SK","@id":"https:\/\/pistonaddict.com\/sk\/#\/schema\/logo\/image\/","url":"https:\/\/pistonaddict.com\/wp-content\/uploads\/2022\/07\/logo-6.png","contentUrl":"https:\/\/pistonaddict.com\/wp-content\/uploads\/2022\/07\/logo-6.png","width":970,"height":200,"caption":"Piston Addict"},"image":{"@id":"https:\/\/pistonaddict.com\/sk\/#\/schema\/logo\/image\/"}}]}},"_links":{"self":[{"href":"https:\/\/pistonaddict.com\/sk\/wp-json\/wp\/v2\/product\/72249"}],"collection":[{"href":"https:\/\/pistonaddict.com\/sk\/wp-json\/wp\/v2\/product"}],"about":[{"href":"https:\/\/pistonaddict.com\/sk\/wp-json\/wp\/v2\/types\/product"}],"replies":[{"embeddable":true,"href":"https:\/\/pistonaddict.com\/sk\/wp-json\/wp\/v2\/comments?post=72249"}],"wp:featuredmedia":[{"embeddable":true,"href":"https:\/\/pistonaddict.com\/sk\/wp-json\/wp\/v2\/media\/71396"}],"wp:attachment":[{"href":"https:\/\/pistonaddict.com\/sk\/wp-json\/wp\/v2\/media?parent=72249"}],"wp:term":[{"taxonomy":"product_cat","embeddable":true,"href":"https:\/\/pistonaddict.com\/sk\/wp-json\/wp\/v2\/product_cat?post=72249"},{"taxonomy":"product_tag","embeddable":true,"href":"https:\/\/pistonaddict.com\/sk\/wp-json\/wp\/v2\/product_tag?post=72249"}],"curies":[{"name":"wp","href":"https:\/\/api.w.org\/{rel}","templated":true}]}}