{"id":69421,"date":"2023-11-09T17:05:55","date_gmt":"2023-11-09T16:05:55","guid":{"rendered":"https:\/\/pistonaddict.com\/product\/mini-rover-1-3-mpi-silverstone\/"},"modified":"2023-12-20T09:54:04","modified_gmt":"2023-12-20T08:54:04","slug":"mini-rover-1-3-mpi-silverstone","status":"publish","type":"product","link":"https:\/\/pistonaddict.com\/sk\/product\/mini-rover-1-3-mpi-silverstone\/","title":{"rendered":"Mini Rover 1.3 Silverstone"},"content":{"rendered":"<h2>Exteri\u00e9r<\/h2>\n<p>Zvonka je tento \u010dierny dvojdverov\u00fd hatchback v zn\u00e1mom tvare spestren\u00fd detailmi, ako je chr\u00f3movan\u00e1 mrie\u017eka chladi\u010da, pretek\u00e1rske pruhy na kapote a strecha lakovan\u00e1 na bielo. Okrem toho sa vpredu nach\u00e1dza dvojica hmlov\u00fdch svetiel, ktor\u00e9 zlep\u0161uj\u00fa vidite\u013enos\u0165 aj vzh\u013ead. To je sprev\u00e1dzan\u00e9 bielymi smerovkami po celom obvode, \u010do je ove\u013ea lep\u0161ia vo\u013eba ako starom\u00f3dne \u017elt\u00e9 smerovky. A vzadu sa nach\u00e1dza v\u00fdfuk so stredovou koncovkou s chr\u00f3movanou koncovkou.<\/p>\n<p>Nakoniec treba spomen\u00fa\u0165 roz\u0161\u00edren\u00e9 podbehy kolies, ktor\u00e9 e\u0161te viac zv\u00fdraz\u0148uj\u00fa agres\u00edvny vzh\u013ead vozidla. T\u00e1to \u00faprava v\u0161ak nie je ur\u010den\u00e1 len na v\u00fdstavu, preto\u017ee bola potrebn\u00e1 na to, aby bol dostatok miesta pre \u0161irok\u00e9 \u0161portov\u00e9 koles\u00e1. A ke\u010f u\u017e sme pri pneumatik\u00e1ch, je potrebn\u00e9 spomen\u00fa\u0165, \u017ee 13-palcov\u00e9 disky na tomto vozidle nie s\u00fa s\u00e9riov\u00e9. Pred\u00e1vaj\u00faci v\u0161ak tvrd\u00ed, \u017ee aj tie bud\u00fa poskytnut\u00e9.<\/p>\n<h2>Interi\u00e9r<\/h2>\n<p>Po nast\u00fapen\u00ed do vozidla sa ocitnete za typick\u00fdm trojramenn\u00fdm ko\u017een\u00fdm volantom Mini. Za n\u00edm sa nach\u00e1dza pr\u00edstrojov\u00fd panel s r\u00fdchlomerom kon\u010diacim na 180 km\/h a ot\u00e1\u010dkomerom, ktor\u00fd dosahuje a\u017e 8 000 ot\u00e1\u010dok za min\u00fatu. Pr\u00edstrojov\u00e1 doska, ktor\u00e1 je vyroben\u00e1 z prav\u00e9ho dreva, je pod\u013ea o\u010dak\u00e1vania skromne vybaven\u00e1 a pon\u00faka len to najnutnej\u0161ie. Patria sem sp\u00edna\u010de svetiel, ovl\u00e1da\u010de ventil\u00e1cie a hlavn\u00e1 jednotka stereof\u00f3nneho syst\u00e9mu, ktor\u00e1 je v tomto pr\u00edpade n\u00e1hradn\u00fdm zariaden\u00edm zna\u010dky Sony.<\/p>\n<p>Zvy\u0161ok interi\u00e9ru v\u00fdrazne nazna\u010duje \u0161portov\u00fd charakter vozidla, pri\u010dom najpresved\u010divej\u0161ie s\u00fa predn\u00e9 sedadl\u00e1. Oble\u010den\u00e9 do kombin\u00e1cie \u010diernej ko\u017ee a sivej l\u00e1tky poskytn\u00fa dostato\u010dn\u00fa oporu pri prekon\u00e1van\u00ed \u00fazkych z\u00e1krut, kde je Mini najlep\u0161ie. Zadn\u00e9 sedadl\u00e1 a bo\u010dn\u00fd panel s\u00fa \u010dal\u00fanen\u00e9 v rovnakom \u0161t\u00fdle a \u010derven\u00fd koberec na podlahe dotv\u00e1ra atrakt\u00edvny vzh\u013ead. Nakoniec pred\u00e1vaj\u00faci pred odovzdan\u00edm vozidla vymen\u00ed stre\u0161n\u00e9 oblo\u017eenie, preto\u017ee p\u00f4vodn\u00e9 je po\u0161koden\u00e9 tesne nad slne\u010dn\u00fdmi clonami (pozri na obr\u00e1zku).<\/p>\n<h2>Mechanika<\/h2>\n<p>Tento Mini Cooper m\u00e1 \u0161tvorvalcov\u00fd motor 1.3, ktor\u00fd poh\u00e1\u0148a predn\u00e9 koles\u00e1 prostredn\u00edctvom 4-stup\u0148ovej manu\u00e1lnej prevodovky. Hoci z\u00e1kladn\u00e1 konfigur\u00e1cia motora poch\u00e1dza zo 60. rokov, tento konkr\u00e9tny model je vybaven\u00fd elektronick\u00fdm vstrekovan\u00edm paliva zna\u010dky Rover, v\u010faka \u010domu je vozidlo spo\u013eahlivej\u0161ie a pr\u00edjemnej\u0161ie na ovl\u00e1danie.<\/p>\n<p>\u010co sa t\u00fdka v\u00fdkonu, Mini Cooper m\u00e1 k dispoz\u00edcii len 63 kon\u00ed, \u010do sa nemus\u00ed zda\u0165 ve\u013ea. Mus\u00ed v\u0161ak zvl\u00e1dnu\u0165 len 685 kilogramov, teda to\u013eko, ko\u013eko toto auto v\u00e1\u017ei. Celkovo mo\u017eno poveda\u0165, \u017ee Mini s\u00edce nie je na rovinke nijako z\u00e1vratne r\u00fdchle, ale v z\u00e1krut\u00e1ch je neuverite\u013ene z\u00e1bavn\u00e9. A to je jedna z vec\u00ed, ktor\u00e9 ju urobili takou v\u00fdnimo\u010dnou a sl\u00e1vnou.<\/p>\n<h2>Hist\u00f3ria vozidla<\/h2>\n<p>Na z\u00e1ver nieko\u013eko slov o s\u00fa\u010dasnom stave Mini, ktor\u00fd pred\u00e1vaj\u00faci opisuje ako ve\u013emi dobr\u00fd. Vozidlo bolo naposledy servisovan\u00e9 v j\u00fani 2023, kedy bola vykonan\u00e1 pravideln\u00e1 \u00fadr\u017eba a namontovan\u00e9 nov\u00e9 brzdy. Okrem toho je cel\u00fd v\u00fdfuk vr\u00e1tane katalyz\u00e1tora nov\u00fd. A pod\u013ea fotografi\u00ed vyzer\u00e1 auto zvonku aj zvn\u00fatra ako m\u00e4tov\u00e9. Okrem toho profesion\u00e1lny predajca, ktor\u00fd je piatym majite\u013eom, tvrd\u00ed, \u017ee vozidlo nikdy nemalo nehodu, \u010do m\u00f4\u017ee by\u0165 dodato\u010dne potvrden\u00e9 pr\u00edslu\u0161nou spr\u00e1vou o hist\u00f3rii vozidla <a href=\"https:\/\/pistonaddict.com\/wp-content\/uploads\/2023\/11\/CARFAX-Vehicle-History-Report-ROVER-MINI.pdf\">CARFAX<\/a>. Posledn\u00e1 technick\u00e1 kontrola prebehla a bola schv\u00e1len\u00e1 6. okt\u00f3bra 2023.<\/p>\n<p><strong><br \/>\nPozrite si video so studen\u00fdm \u0161tartom tohto roztomil\u00e9ho Mini Roveru Silverstone :<\/strong><\/p>\n<p><iframe title=\"Cold Start Video of the Austin Mini Silverstone for auction sale\" width=\"1200\" height=\"675\" src=\"https:\/\/www.youtube.com\/embed\/NW_53HH3Wg4?feature=oembed\" frameborder=\"0\" allow=\"accelerometer; autoplay; clipboard-write; encrypted-media; gyroscope; picture-in-picture; web-share\" allowfullscreen><\/iframe><\/p>\n","protected":false},"excerpt":{"rendered":"<p>Ak h\u013ead\u00e1te mal\u00e9, praktick\u00e9 a agiln\u00e9 klasick\u00e9 vozidlo, p\u00f4vodn\u00e9 Mini mus\u00ed by\u0165 na prvom mieste v\u00e1\u0161ho zoznamu. Po\u010das dlh\u00e9ho obdobia v\u00fdroby bola t\u00e1to automobilov\u00e1 ikona k dispoz\u00edcii v nieko\u013ek\u00fdch variantoch, pri\u010dom \u0161portov\u00fd Cooper bol pravdepodobne naj\u017eiadanej\u0161\u00ed. Ide o vozidlo, ktor\u00e9 sp\u00e1ja p\u00f4vodn\u00fd charakter Mini s mno\u017estvom n\u00e1dhern\u00fdch vizu\u00e1lnych detailov a vzru\u0161uj\u00facim z\u00e1\u017eitkom z jazdy. A na predaj tu m\u00e1me Mini Cooper z roku 1993, ktor\u00fd je vo v\u00fdbornom stave a doteraz m\u00e1 najazden\u00fdch 74 000 km. Navy\u0161e je to jeden z iba 400 vyroben\u00fdch exempl\u00e1rov Silverstone, \u010do mu dod\u00e1va exkluzivitu. Pozrime sa bli\u017e\u0161ie na to, \u010do pon\u00faka.<\/p>\n","protected":false},"featured_media":67419,"comment_status":"open","ping_status":"closed","template":"","meta":{"inline_featured_image":false},"product_cat":[755],"product_tag":[2460,947,2461],"acf":[],"yoast_head":"<!-- This site is optimized with the Yoast SEO plugin v22.5 - https:\/\/yoast.com\/wordpress\/plugins\/seo\/ -->\n<title>Mini Rover 1.3 Silverstone aukcie - Piston Addict<\/title>\n<meta name=\"robots\" content=\"index, follow, max-snippet:-1, max-image-preview:large, max-video-preview:-1\" \/>\n<link rel=\"canonical\" href=\"https:\/\/pistonaddict.com\/sk\/product\/mini-rover-1-3-mpi-silverstone\/\" \/>\n<meta property=\"og:locale\" content=\"sk_SK\" \/>\n<meta property=\"og:type\" content=\"article\" \/>\n<meta property=\"og:title\" content=\"Mini Rover 1.3 Silverstone aukcie - Piston Addict\" \/>\n<meta property=\"og:description\" content=\"Ak h\u013ead\u00e1te mal\u00e9, praktick\u00e9 a agiln\u00e9 klasick\u00e9 vozidlo, p\u00f4vodn\u00e9 Mini mus\u00ed by\u0165 na prvom mieste v\u00e1\u0161ho zoznamu. Po\u010das dlh\u00e9ho obdobia v\u00fdroby bola t\u00e1to automobilov\u00e1 ikona k dispoz\u00edcii v nieko\u013ek\u00fdch variantoch, pri\u010dom \u0161portov\u00fd Cooper bol pravdepodobne naj\u017eiadanej\u0161\u00ed. Ide o vozidlo, ktor\u00e9 sp\u00e1ja p\u00f4vodn\u00fd charakter Mini s mno\u017estvom n\u00e1dhern\u00fdch vizu\u00e1lnych detailov a vzru\u0161uj\u00facim z\u00e1\u017eitkom z jazdy. A na predaj tu m\u00e1me Mini Cooper z roku 1993, ktor\u00fd je vo v\u00fdbornom stave a doteraz m\u00e1 najazden\u00fdch 74 000 km. Navy\u0161e je to jeden z iba 400 vyroben\u00fdch exempl\u00e1rov Silverstone, \u010do mu dod\u00e1va exkluzivitu. Pozrime sa bli\u017e\u0161ie na to, \u010do pon\u00faka.\" \/>\n<meta property=\"og:url\" content=\"https:\/\/pistonaddict.com\/sk\/product\/mini-rover-1-3-mpi-silverstone\/\" \/>\n<meta property=\"og:site_name\" content=\"Piston Addict\" \/>\n<meta property=\"article:modified_time\" content=\"2023-12-20T08:54:04+00:00\" \/>\n<meta property=\"og:image\" content=\"https:\/\/pistonaddict.com\/wp-content\/uploads\/2023\/11\/IMG_5534-scaled.jpeg\" \/>\n\t<meta property=\"og:image:width\" content=\"2560\" \/>\n\t<meta property=\"og:image:height\" content=\"1920\" \/>\n\t<meta property=\"og:image:type\" content=\"image\/jpeg\" \/>\n<meta name=\"twitter:card\" content=\"summary_large_image\" \/>\n<meta name=\"twitter:label1\" content=\"Predpokladan\u00fd \u010das \u010d\u00edtania\" \/>\n\t<meta name=\"twitter:data1\" content=\"3 min\u00faty\" \/>\n<script type=\"application\/ld+json\" class=\"yoast-schema-graph\">{\"@context\":\"https:\/\/schema.org\",\"@graph\":[{\"@type\":\"WebPage\",\"@id\":\"https:\/\/pistonaddict.com\/sk\/product\/mini-rover-1-3-mpi-silverstone\/\",\"url\":\"https:\/\/pistonaddict.com\/sk\/product\/mini-rover-1-3-mpi-silverstone\/\",\"name\":\"Mini Rover 1.3 Silverstone aukcie - Piston Addict\",\"isPartOf\":{\"@id\":\"https:\/\/pistonaddict.com\/sk\/#website\"},\"primaryImageOfPage\":{\"@id\":\"https:\/\/pistonaddict.com\/sk\/product\/mini-rover-1-3-mpi-silverstone\/#primaryimage\"},\"image\":{\"@id\":\"https:\/\/pistonaddict.com\/sk\/product\/mini-rover-1-3-mpi-silverstone\/#primaryimage\"},\"thumbnailUrl\":\"https:\/\/pistonaddict.com\/wp-content\/uploads\/2023\/11\/IMG_5534-scaled.jpeg\",\"datePublished\":\"2023-11-09T16:05:55+00:00\",\"dateModified\":\"2023-12-20T08:54:04+00:00\",\"breadcrumb\":{\"@id\":\"https:\/\/pistonaddict.com\/sk\/product\/mini-rover-1-3-mpi-silverstone\/#breadcrumb\"},\"inLanguage\":\"sk-SK\",\"potentialAction\":[{\"@type\":\"ReadAction\",\"target\":[\"https:\/\/pistonaddict.com\/sk\/product\/mini-rover-1-3-mpi-silverstone\/\"]}]},{\"@type\":\"ImageObject\",\"inLanguage\":\"sk-SK\",\"@id\":\"https:\/\/pistonaddict.com\/sk\/product\/mini-rover-1-3-mpi-silverstone\/#primaryimage\",\"url\":\"https:\/\/pistonaddict.com\/wp-content\/uploads\/2023\/11\/IMG_5534-scaled.jpeg\",\"contentUrl\":\"https:\/\/pistonaddict.com\/wp-content\/uploads\/2023\/11\/IMG_5534-scaled.jpeg\",\"width\":2560,\"height\":1920},{\"@type\":\"BreadcrumbList\",\"@id\":\"https:\/\/pistonaddict.com\/sk\/product\/mini-rover-1-3-mpi-silverstone\/#breadcrumb\",\"itemListElement\":[{\"@type\":\"ListItem\",\"position\":1,\"name\":\"domovskej str\u00e1nke\",\"item\":\"https:\/\/pistonaddict.com\/sk\/uvodna-stranka\/\"},{\"@type\":\"ListItem\",\"position\":2,\"name\":\"Auctions\",\"item\":\"https:\/\/pistonaddict.com\/auctions-listing\/\"},{\"@type\":\"ListItem\",\"position\":3,\"name\":\"Mini Rover 1.3 Silverstone\"}]},{\"@type\":\"WebSite\",\"@id\":\"https:\/\/pistonaddict.com\/sk\/#website\",\"url\":\"https:\/\/pistonaddict.com\/sk\/\",\"name\":\"Piston Addict\",\"description\":\"Only interesting vehicles\",\"publisher\":{\"@id\":\"https:\/\/pistonaddict.com\/sk\/#organization\"},\"potentialAction\":[{\"@type\":\"SearchAction\",\"target\":{\"@type\":\"EntryPoint\",\"urlTemplate\":\"https:\/\/pistonaddict.com\/sk\/?s={search_term_string}\"},\"query-input\":\"required name=search_term_string\"}],\"inLanguage\":\"sk-SK\"},{\"@type\":\"Organization\",\"@id\":\"https:\/\/pistonaddict.com\/sk\/#organization\",\"name\":\"Piston Addict\",\"url\":\"https:\/\/pistonaddict.com\/sk\/\",\"logo\":{\"@type\":\"ImageObject\",\"inLanguage\":\"sk-SK\",\"@id\":\"https:\/\/pistonaddict.com\/sk\/#\/schema\/logo\/image\/\",\"url\":\"https:\/\/pistonaddict.com\/wp-content\/uploads\/2022\/07\/logo-6.png\",\"contentUrl\":\"https:\/\/pistonaddict.com\/wp-content\/uploads\/2022\/07\/logo-6.png\",\"width\":970,\"height\":200,\"caption\":\"Piston Addict\"},\"image\":{\"@id\":\"https:\/\/pistonaddict.com\/sk\/#\/schema\/logo\/image\/\"}}]}<\/script>\n<!-- \/ Yoast SEO plugin. -->","yoast_head_json":{"title":"Mini Rover 1.3 Silverstone aukcie - Piston Addict","robots":{"index":"index","follow":"follow","max-snippet":"max-snippet:-1","max-image-preview":"max-image-preview:large","max-video-preview":"max-video-preview:-1"},"canonical":"https:\/\/pistonaddict.com\/sk\/product\/mini-rover-1-3-mpi-silverstone\/","og_locale":"sk_SK","og_type":"article","og_title":"Mini Rover 1.3 Silverstone aukcie - Piston Addict","og_description":"Ak h\u013ead\u00e1te mal\u00e9, praktick\u00e9 a agiln\u00e9 klasick\u00e9 vozidlo, p\u00f4vodn\u00e9 Mini mus\u00ed by\u0165 na prvom mieste v\u00e1\u0161ho zoznamu. Po\u010das dlh\u00e9ho obdobia v\u00fdroby bola t\u00e1to automobilov\u00e1 ikona k dispoz\u00edcii v nieko\u013ek\u00fdch variantoch, pri\u010dom \u0161portov\u00fd Cooper bol pravdepodobne naj\u017eiadanej\u0161\u00ed. Ide o vozidlo, ktor\u00e9 sp\u00e1ja p\u00f4vodn\u00fd charakter Mini s mno\u017estvom n\u00e1dhern\u00fdch vizu\u00e1lnych detailov a vzru\u0161uj\u00facim z\u00e1\u017eitkom z jazdy. A na predaj tu m\u00e1me Mini Cooper z roku 1993, ktor\u00fd je vo v\u00fdbornom stave a doteraz m\u00e1 najazden\u00fdch 74 000 km. Navy\u0161e je to jeden z iba 400 vyroben\u00fdch exempl\u00e1rov Silverstone, \u010do mu dod\u00e1va exkluzivitu. Pozrime sa bli\u017e\u0161ie na to, \u010do pon\u00faka.","og_url":"https:\/\/pistonaddict.com\/sk\/product\/mini-rover-1-3-mpi-silverstone\/","og_site_name":"Piston Addict","article_modified_time":"2023-12-20T08:54:04+00:00","og_image":[{"width":2560,"height":1920,"url":"https:\/\/pistonaddict.com\/wp-content\/uploads\/2023\/11\/IMG_5534-scaled.jpeg","type":"image\/jpeg"}],"twitter_card":"summary_large_image","twitter_misc":{"Predpokladan\u00fd \u010das \u010d\u00edtania":"3 min\u00faty"},"schema":{"@context":"https:\/\/schema.org","@graph":[{"@type":"WebPage","@id":"https:\/\/pistonaddict.com\/sk\/product\/mini-rover-1-3-mpi-silverstone\/","url":"https:\/\/pistonaddict.com\/sk\/product\/mini-rover-1-3-mpi-silverstone\/","name":"Mini Rover 1.3 Silverstone aukcie - Piston Addict","isPartOf":{"@id":"https:\/\/pistonaddict.com\/sk\/#website"},"primaryImageOfPage":{"@id":"https:\/\/pistonaddict.com\/sk\/product\/mini-rover-1-3-mpi-silverstone\/#primaryimage"},"image":{"@id":"https:\/\/pistonaddict.com\/sk\/product\/mini-rover-1-3-mpi-silverstone\/#primaryimage"},"thumbnailUrl":"https:\/\/pistonaddict.com\/wp-content\/uploads\/2023\/11\/IMG_5534-scaled.jpeg","datePublished":"2023-11-09T16:05:55+00:00","dateModified":"2023-12-20T08:54:04+00:00","breadcrumb":{"@id":"https:\/\/pistonaddict.com\/sk\/product\/mini-rover-1-3-mpi-silverstone\/#breadcrumb"},"inLanguage":"sk-SK","potentialAction":[{"@type":"ReadAction","target":["https:\/\/pistonaddict.com\/sk\/product\/mini-rover-1-3-mpi-silverstone\/"]}]},{"@type":"ImageObject","inLanguage":"sk-SK","@id":"https:\/\/pistonaddict.com\/sk\/product\/mini-rover-1-3-mpi-silverstone\/#primaryimage","url":"https:\/\/pistonaddict.com\/wp-content\/uploads\/2023\/11\/IMG_5534-scaled.jpeg","contentUrl":"https:\/\/pistonaddict.com\/wp-content\/uploads\/2023\/11\/IMG_5534-scaled.jpeg","width":2560,"height":1920},{"@type":"BreadcrumbList","@id":"https:\/\/pistonaddict.com\/sk\/product\/mini-rover-1-3-mpi-silverstone\/#breadcrumb","itemListElement":[{"@type":"ListItem","position":1,"name":"domovskej str\u00e1nke","item":"https:\/\/pistonaddict.com\/sk\/uvodna-stranka\/"},{"@type":"ListItem","position":2,"name":"Auctions","item":"https:\/\/pistonaddict.com\/auctions-listing\/"},{"@type":"ListItem","position":3,"name":"Mini Rover 1.3 Silverstone"}]},{"@type":"WebSite","@id":"https:\/\/pistonaddict.com\/sk\/#website","url":"https:\/\/pistonaddict.com\/sk\/","name":"Piston Addict","description":"Only interesting vehicles","publisher":{"@id":"https:\/\/pistonaddict.com\/sk\/#organization"},"potentialAction":[{"@type":"SearchAction","target":{"@type":"EntryPoint","urlTemplate":"https:\/\/pistonaddict.com\/sk\/?s={search_term_string}"},"query-input":"required name=search_term_string"}],"inLanguage":"sk-SK"},{"@type":"Organization","@id":"https:\/\/pistonaddict.com\/sk\/#organization","name":"Piston Addict","url":"https:\/\/pistonaddict.com\/sk\/","logo":{"@type":"ImageObject","inLanguage":"sk-SK","@id":"https:\/\/pistonaddict.com\/sk\/#\/schema\/logo\/image\/","url":"https:\/\/pistonaddict.com\/wp-content\/uploads\/2022\/07\/logo-6.png","contentUrl":"https:\/\/pistonaddict.com\/wp-content\/uploads\/2022\/07\/logo-6.png","width":970,"height":200,"caption":"Piston Addict"},"image":{"@id":"https:\/\/pistonaddict.com\/sk\/#\/schema\/logo\/image\/"}}]}},"_links":{"self":[{"href":"https:\/\/pistonaddict.com\/sk\/wp-json\/wp\/v2\/product\/69421"}],"collection":[{"href":"https:\/\/pistonaddict.com\/sk\/wp-json\/wp\/v2\/product"}],"about":[{"href":"https:\/\/pistonaddict.com\/sk\/wp-json\/wp\/v2\/types\/product"}],"replies":[{"embeddable":true,"href":"https:\/\/pistonaddict.com\/sk\/wp-json\/wp\/v2\/comments?post=69421"}],"wp:featuredmedia":[{"embeddable":true,"href":"https:\/\/pistonaddict.com\/sk\/wp-json\/wp\/v2\/media\/67419"}],"wp:attachment":[{"href":"https:\/\/pistonaddict.com\/sk\/wp-json\/wp\/v2\/media?parent=69421"}],"wp:term":[{"taxonomy":"product_cat","embeddable":true,"href":"https:\/\/pistonaddict.com\/sk\/wp-json\/wp\/v2\/product_cat?post=69421"},{"taxonomy":"product_tag","embeddable":true,"href":"https:\/\/pistonaddict.com\/sk\/wp-json\/wp\/v2\/product_tag?post=69421"}],"curies":[{"name":"wp","href":"https:\/\/api.w.org\/{rel}","templated":true}]}}