{"id":67048,"date":"2023-11-07T14:48:12","date_gmt":"2023-11-07T13:48:12","guid":{"rendered":"https:\/\/pistonaddict.com\/product\/ferrari-348-tb\/"},"modified":"2024-03-20T09:41:27","modified_gmt":"2024-03-20T08:41:27","slug":"ferrari-348-tb","status":"publish","type":"product","link":"https:\/\/pistonaddict.com\/sk\/product\/ferrari-348-tb\/","title":{"rendered":"Ferrari 348 TB"},"content":{"rendered":"<p><strong>Hist\u00f3ria vozidla<\/strong><\/p>\n<p>Model 348 TB bol predstaven\u00fd v roku 1989 a v porovnan\u00ed so svojimi predchodcami znamenal ve\u013ek\u00fd v\u00fdkonnostn\u00fd a technick\u00fd pokrok. Bol to tie\u017e jeden z posledn\u00fdch modelov \u00e9ry &#8220;Enzo&#8221;, ktor\u00fd bol schv\u00e1len\u00fd do v\u00fdroby tesne pred smr\u0165ou legend\u00e1rneho \u0161\u00e9fa Ferrari. Poh\u00e1\u0148al ho 3,4-litrov\u00fd motor V8 s v\u00fdkonom 300 k, ktor\u00fd poskytoval vzru\u0161uj\u00faci v\u00fdkon. Toto konkr\u00e9tne vozidlo bolo dodan\u00e9 ako nov\u00e9 vo \u0160vaj\u010diarsku v roku 1991 a s\u00fa\u010dasn\u00fd majite\u013e ho z\u00edskal v roku 2023. <strong>Toto Ferrari 348 TB je v\u0161ak zauj\u00edmav\u00e9 t\u00fdm, \u017ee bolo vybaven\u00e9 s\u00fapravou Challenge<\/strong>. Za\u010diatkom 90. rokov Ferrari spustilo sl\u00e1vnu pretek\u00e1rsku s\u00e9riu 348 Challenge pre majite\u013eov, ktor\u00ed chceli preteka\u0165 so svojimi autami. Aby ste sa mohli z\u00fa\u010dastni\u0165, museli ste si bu\u010f k\u00fapi\u0165 model 348 Challenge z tov\u00e1rne (vyroben\u00fdch bolo pribli\u017ene 50 exempl\u00e1rov), alebo si objedna\u0165 s\u00fapravu Challenge u svojho predajcu Ferrari. <strong>\u0160pecifik\u00e1cia Challenge zah\u0155\u0148ala vylep\u0161en\u00fd motor na 320 kon\u00ed, lep\u0161ie brzdy, sedadl\u00e1, men\u0161iu bat\u00e9riu, klietku a slicky pneumatiky<\/strong>. Predajca Ferrari tento konkr\u00e9tny exempl\u00e1r prerobil koncom roka 1995, ale nikdy sa s n\u00edm nejazdilo, preto\u017ee v sez\u00f3ne 1996 sa v seri\u00e1li Ferrari Challenge pre\u0161lo na model Ferrari 355. Proces bol plne zdokumentovan\u00fd \u00fa\u010dtami a potvrdenkami,<strong> v\u010faka \u010domu je tento \u017elt\u00fd model 348 jedn\u00fdm z pribli\u017ene 150 vozidiel prestavan\u00fdch predajcami na celom svete a pravdepodobne jedin\u00fdm bez pretek\u00e1rskej hist\u00f3rie!<\/strong><\/p>\n<p><strong>Interi\u00e9r<\/strong><\/p>\n<p>Ke\u010f\u017ee toto Ferrari bolo starostlivo udr\u017eiavan\u00e9, \u010dierny ko\u017een\u00fd interi\u00e9r je vo ve\u013emi dobrom stave s minim\u00e1lnymi stopami pou\u017e\u00edvania. Predch\u00e1dzaj\u00faci majite\u013e odstr\u00e1nil klietku a vr\u00e1til p\u00f4vodn\u00e9 sedadl\u00e1, v\u010faka \u010domu sa do vozidla ove\u013ea \u013eah\u0161ie nastupuje a vystupuje. Na pr\u00edstrojovej doske nie s\u00fa \u017eiadne praskliny a v\u0161etky pr\u00edstroje a tla\u010didl\u00e1 funguj\u00fa. Okrem prehr\u00e1va\u010da CD, ktor\u00fd dokonale zapad\u00e1 do atmosf\u00e9ry 90. rokov, nie s\u00fa v tomto aute \u017eiadne \u00fapravy.<\/p>\n<p><strong>Stav<\/strong><\/p>\n<p>Toto Ferrari 348 TB Challenge m\u00e1 najazden\u00fdch len 55 721 km a je v bezchybnom stave, o ktor\u00fd sa starostlivo starali v\u0161etci jeho pou\u017e\u00edvatelia. Vozidlo bolo zjavne m\u00e1lo pou\u017e\u00edvan\u00e9 a dobre udr\u017eiavan\u00e9, ako ukazuj\u00fa z\u00e1znamy. S\u00fabor hist\u00f3rie \u00fadr\u017eby poskytnut\u00fd s t\u00fdmto vozidlom je neuverite\u013en\u00fd, s p\u00f4vodn\u00fdm \u00fa\u010dtom o predaji a majite\u013emi z 90. rokov. Posledn\u00fd servis bol vykonan\u00fd v auguste 2023, pri\u010dom brzdy boli opraven\u00e9 len pred nieko\u013ek\u00fdmi d\u0148ami v novembri 2023. Pod\u013ea pred\u00e1vaj\u00faceho by \u010fal\u0161ou \u00fadr\u017ebou mal by\u0165 rozvodov\u00fd reme\u0148, ktor\u00fd m\u00f4\u017eu vykona\u0165 ich mechanici za pr\u00edplatok 3000 eur. Nevyskytuj\u00fa sa \u017eiadne netesnosti; pod vozidlom je rovnako \u010dist\u00fd ako interi\u00e9r. Vozidlo je pripraven\u00e9 na jazdu kdeko\u013evek a je pravdepodobne jedn\u00fdm z najlep\u0161\u00edch pr\u00edkladov Ferrari 348 TB Challenge v kvalite, s akou sa m\u00f4\u017eete stretn\u00fa\u0165.<\/p>\n<p><strong>Exteri\u00e9r a koles\u00e1<\/strong><\/p>\n<p>\u017dlt\u00fd lak Giallo je v perfektnom stave bez \u0161krabancov a dier. N\u00e1stroj na meranie hr\u00fabky laku ukazuje konzistenciu farby, \u010do znamen\u00e1, \u017ee nedo\u0161lo k \u017eiadnym oprav\u00e1m po\u0161kodenia a v\u00fdplni karos\u00e9rie. Jedin\u00fdm vidite\u013en\u00fdm po\u0161koden\u00edm na karos\u00e9rii vozidla je tesnenie okolo dver\u00ed vodi\u010da, ktor\u00e9 vykazuje zn\u00e1mky opotrebovania, \u010do sa v\u0161ak vzh\u013eadom na vek vozidla dalo o\u010dak\u00e1va\u0165. Dobovo korektn\u00e9 17-palcov\u00e9 disky OZ z \u013eahkej zliatiny s\u00fa \u0161pecifick\u00e9 polo\u017eky Challenge a vyzeraj\u00fa dobre. Pneumatika Michelin Pilot Sport je star\u0161ia, ale nie opotrebovan\u00e1.<\/p>\n<p><strong> <\/strong><strong>Dokument\u00e1cia<\/strong><\/p>\n<p>Toto vozidlo pred\u00e1va predajca s pr\u00edslu\u0161nou dokument\u00e1ciou a nach\u00e1dza sa v \u0160panielsku. <a href=\"https:\/\/pistonaddict.com\/wp-content\/uploads\/2023\/11\/CARFAX-Vehicle-History-Report-FERRARI-348-tb.pdf\">Spr\u00e1va CarFax<\/a> je \u010dist\u00e1; neexistuj\u00fa \u017eiadne d\u00f4kazy o nehod\u00e1ch, oprav\u00e1ch po nehode, vlastn\u00edctve ani pr\u00e1vnych probl\u00e9moch. K dispoz\u00edcii s\u00fa z\u00e1znamy o pravidelnej \u00fadr\u017ebe spolu s origin\u00e1lnymi tov\u00e1rensk\u00fdmi bro\u017e\u00farami, predajn\u00fdmi dokladmi, potvrdeniami a schv\u00e1len\u00edm technickej kontroly platn\u00fdm do augusta 2024. Mno\u017estvo dokument\u00e1cie je jednoducho ohromuj\u00face a je zriedkav\u00e9 vidie\u0165 auto s to\u013ek\u00fdmi dokumentmi, ktor\u00e9 dokazuj\u00fa, \u017ee o\u0148 bolo dobre postaran\u00e9.<\/p>\n<p><strong><br \/>\nPozrite si video so studen\u00fdm \u0161tartom tohto kr\u00e1sneho Ferrari 348 TB :<\/strong><\/p>\n<p><iframe title=\"Cold Start Video of the Ferrari F348 TB for auction sale\" width=\"1200\" height=\"675\" src=\"https:\/\/www.youtube.com\/embed\/VcqnL6NA2Yk?feature=oembed\" frameborder=\"0\" allow=\"accelerometer; autoplay; clipboard-write; encrypted-media; gyroscope; picture-in-picture; web-share\" allowfullscreen><\/iframe><\/p>\n","protected":false},"excerpt":{"rendered":"<p>Jazda vo Ferrari je v\u017edy zauj\u00edmav\u00e1. Vozidl\u00e1 zo 60. rokov s\u00fa dnes pr\u00edli\u0161 cenn\u00e9 na to, aby sa mohli pou\u017e\u00edva\u0165 na cest\u00e1ch, a s\u00fa\u010dasn\u00e1 modelov\u00e1 rada je takmer pr\u00edli\u0161 r\u00fdchla pre modern\u00fa prem\u00e1vku. St\u00e1le v\u0161ak existuj\u00fa modely, ktor\u00e9 v\u00e1m poskytn\u00fa v\u0161etko vzru\u0161enie z vlastn\u00edctva \u010distokrvn\u00e9ho talianskeho \u0161portov\u00e9ho vozidla, rev prirodzene nas\u00e1van\u00e9ho motora V8 a bezkonkuren\u010dn\u00fa jazdn\u00fa dynamiku. S hrdos\u0165ou v\u00e1m predstavujeme jedno konkr\u00e9tne vozidlo v ide\u00e1lnom stave so vzru\u0161uj\u00facim prepojen\u00edm na motoristick\u00fd \u0161port a \u0161ialenou dokument\u00e1ciou.<\/p>\n","protected":false},"featured_media":64594,"comment_status":"open","ping_status":"closed","template":"","meta":{"inline_featured_image":false},"product_cat":[755],"product_tag":[2379,2378,947],"acf":[],"yoast_head":"<!-- This site is optimized with the Yoast SEO plugin v22.5 - https:\/\/yoast.com\/wordpress\/plugins\/seo\/ -->\n<title>Ferrari 348 TB aukcie - Piston Addict<\/title>\n<meta name=\"robots\" content=\"index, follow, max-snippet:-1, max-image-preview:large, max-video-preview:-1\" \/>\n<link rel=\"canonical\" href=\"https:\/\/pistonaddict.com\/sk\/product\/ferrari-348-tb\/\" \/>\n<meta property=\"og:locale\" content=\"sk_SK\" \/>\n<meta property=\"og:type\" content=\"article\" \/>\n<meta property=\"og:title\" content=\"Ferrari 348 TB aukcie - Piston Addict\" \/>\n<meta property=\"og:description\" content=\"Jazda vo Ferrari je v\u017edy zauj\u00edmav\u00e1. Vozidl\u00e1 zo 60. rokov s\u00fa dnes pr\u00edli\u0161 cenn\u00e9 na to, aby sa mohli pou\u017e\u00edva\u0165 na cest\u00e1ch, a s\u00fa\u010dasn\u00e1 modelov\u00e1 rada je takmer pr\u00edli\u0161 r\u00fdchla pre modern\u00fa prem\u00e1vku. St\u00e1le v\u0161ak existuj\u00fa modely, ktor\u00e9 v\u00e1m poskytn\u00fa v\u0161etko vzru\u0161enie z vlastn\u00edctva \u010distokrvn\u00e9ho talianskeho \u0161portov\u00e9ho vozidla, rev prirodzene nas\u00e1van\u00e9ho motora V8 a bezkonkuren\u010dn\u00fa jazdn\u00fa dynamiku. S hrdos\u0165ou v\u00e1m predstavujeme jedno konkr\u00e9tne vozidlo v ide\u00e1lnom stave so vzru\u0161uj\u00facim prepojen\u00edm na motoristick\u00fd \u0161port a \u0161ialenou dokument\u00e1ciou.\" \/>\n<meta property=\"og:url\" content=\"https:\/\/pistonaddict.com\/sk\/product\/ferrari-348-tb\/\" \/>\n<meta property=\"og:site_name\" content=\"Piston Addict\" \/>\n<meta property=\"article:modified_time\" content=\"2024-03-20T08:41:27+00:00\" \/>\n<meta property=\"og:image\" content=\"https:\/\/pistonaddict.com\/wp-content\/uploads\/2023\/11\/IMG7107-scaled.jpg\" \/>\n\t<meta property=\"og:image:width\" content=\"2560\" \/>\n\t<meta property=\"og:image:height\" content=\"1709\" \/>\n\t<meta property=\"og:image:type\" content=\"image\/jpeg\" \/>\n<meta name=\"twitter:card\" content=\"summary_large_image\" \/>\n<meta name=\"twitter:label1\" content=\"Predpokladan\u00fd \u010das \u010d\u00edtania\" \/>\n\t<meta name=\"twitter:data1\" content=\"4 min\u00faty\" \/>\n<script type=\"application\/ld+json\" class=\"yoast-schema-graph\">{\"@context\":\"https:\/\/schema.org\",\"@graph\":[{\"@type\":\"WebPage\",\"@id\":\"https:\/\/pistonaddict.com\/sk\/product\/ferrari-348-tb\/\",\"url\":\"https:\/\/pistonaddict.com\/sk\/product\/ferrari-348-tb\/\",\"name\":\"Ferrari 348 TB aukcie - Piston Addict\",\"isPartOf\":{\"@id\":\"https:\/\/pistonaddict.com\/sk\/#website\"},\"primaryImageOfPage\":{\"@id\":\"https:\/\/pistonaddict.com\/sk\/product\/ferrari-348-tb\/#primaryimage\"},\"image\":{\"@id\":\"https:\/\/pistonaddict.com\/sk\/product\/ferrari-348-tb\/#primaryimage\"},\"thumbnailUrl\":\"https:\/\/pistonaddict.com\/wp-content\/uploads\/2023\/11\/IMG7107-scaled.jpg\",\"datePublished\":\"2023-11-07T13:48:12+00:00\",\"dateModified\":\"2024-03-20T08:41:27+00:00\",\"breadcrumb\":{\"@id\":\"https:\/\/pistonaddict.com\/sk\/product\/ferrari-348-tb\/#breadcrumb\"},\"inLanguage\":\"sk-SK\",\"potentialAction\":[{\"@type\":\"ReadAction\",\"target\":[\"https:\/\/pistonaddict.com\/sk\/product\/ferrari-348-tb\/\"]}]},{\"@type\":\"ImageObject\",\"inLanguage\":\"sk-SK\",\"@id\":\"https:\/\/pistonaddict.com\/sk\/product\/ferrari-348-tb\/#primaryimage\",\"url\":\"https:\/\/pistonaddict.com\/wp-content\/uploads\/2023\/11\/IMG7107-scaled.jpg\",\"contentUrl\":\"https:\/\/pistonaddict.com\/wp-content\/uploads\/2023\/11\/IMG7107-scaled.jpg\",\"width\":2560,\"height\":1709},{\"@type\":\"BreadcrumbList\",\"@id\":\"https:\/\/pistonaddict.com\/sk\/product\/ferrari-348-tb\/#breadcrumb\",\"itemListElement\":[{\"@type\":\"ListItem\",\"position\":1,\"name\":\"domovskej str\u00e1nke\",\"item\":\"https:\/\/pistonaddict.com\/sk\/uvodna-stranka\/\"},{\"@type\":\"ListItem\",\"position\":2,\"name\":\"Auctions\",\"item\":\"https:\/\/pistonaddict.com\/auctions-listing\/\"},{\"@type\":\"ListItem\",\"position\":3,\"name\":\"Ferrari 348 TB\"}]},{\"@type\":\"WebSite\",\"@id\":\"https:\/\/pistonaddict.com\/sk\/#website\",\"url\":\"https:\/\/pistonaddict.com\/sk\/\",\"name\":\"Piston Addict\",\"description\":\"Only interesting vehicles\",\"publisher\":{\"@id\":\"https:\/\/pistonaddict.com\/sk\/#organization\"},\"potentialAction\":[{\"@type\":\"SearchAction\",\"target\":{\"@type\":\"EntryPoint\",\"urlTemplate\":\"https:\/\/pistonaddict.com\/sk\/?s={search_term_string}\"},\"query-input\":\"required name=search_term_string\"}],\"inLanguage\":\"sk-SK\"},{\"@type\":\"Organization\",\"@id\":\"https:\/\/pistonaddict.com\/sk\/#organization\",\"name\":\"Piston Addict\",\"url\":\"https:\/\/pistonaddict.com\/sk\/\",\"logo\":{\"@type\":\"ImageObject\",\"inLanguage\":\"sk-SK\",\"@id\":\"https:\/\/pistonaddict.com\/sk\/#\/schema\/logo\/image\/\",\"url\":\"https:\/\/pistonaddict.com\/wp-content\/uploads\/2022\/07\/logo-6.png\",\"contentUrl\":\"https:\/\/pistonaddict.com\/wp-content\/uploads\/2022\/07\/logo-6.png\",\"width\":970,\"height\":200,\"caption\":\"Piston Addict\"},\"image\":{\"@id\":\"https:\/\/pistonaddict.com\/sk\/#\/schema\/logo\/image\/\"}}]}<\/script>\n<!-- \/ Yoast SEO plugin. -->","yoast_head_json":{"title":"Ferrari 348 TB aukcie - Piston Addict","robots":{"index":"index","follow":"follow","max-snippet":"max-snippet:-1","max-image-preview":"max-image-preview:large","max-video-preview":"max-video-preview:-1"},"canonical":"https:\/\/pistonaddict.com\/sk\/product\/ferrari-348-tb\/","og_locale":"sk_SK","og_type":"article","og_title":"Ferrari 348 TB aukcie - Piston Addict","og_description":"Jazda vo Ferrari je v\u017edy zauj\u00edmav\u00e1. Vozidl\u00e1 zo 60. rokov s\u00fa dnes pr\u00edli\u0161 cenn\u00e9 na to, aby sa mohli pou\u017e\u00edva\u0165 na cest\u00e1ch, a s\u00fa\u010dasn\u00e1 modelov\u00e1 rada je takmer pr\u00edli\u0161 r\u00fdchla pre modern\u00fa prem\u00e1vku. St\u00e1le v\u0161ak existuj\u00fa modely, ktor\u00e9 v\u00e1m poskytn\u00fa v\u0161etko vzru\u0161enie z vlastn\u00edctva \u010distokrvn\u00e9ho talianskeho \u0161portov\u00e9ho vozidla, rev prirodzene nas\u00e1van\u00e9ho motora V8 a bezkonkuren\u010dn\u00fa jazdn\u00fa dynamiku. S hrdos\u0165ou v\u00e1m predstavujeme jedno konkr\u00e9tne vozidlo v ide\u00e1lnom stave so vzru\u0161uj\u00facim prepojen\u00edm na motoristick\u00fd \u0161port a \u0161ialenou dokument\u00e1ciou.","og_url":"https:\/\/pistonaddict.com\/sk\/product\/ferrari-348-tb\/","og_site_name":"Piston Addict","article_modified_time":"2024-03-20T08:41:27+00:00","og_image":[{"width":2560,"height":1709,"url":"https:\/\/pistonaddict.com\/wp-content\/uploads\/2023\/11\/IMG7107-scaled.jpg","type":"image\/jpeg"}],"twitter_card":"summary_large_image","twitter_misc":{"Predpokladan\u00fd \u010das \u010d\u00edtania":"4 min\u00faty"},"schema":{"@context":"https:\/\/schema.org","@graph":[{"@type":"WebPage","@id":"https:\/\/pistonaddict.com\/sk\/product\/ferrari-348-tb\/","url":"https:\/\/pistonaddict.com\/sk\/product\/ferrari-348-tb\/","name":"Ferrari 348 TB aukcie - Piston Addict","isPartOf":{"@id":"https:\/\/pistonaddict.com\/sk\/#website"},"primaryImageOfPage":{"@id":"https:\/\/pistonaddict.com\/sk\/product\/ferrari-348-tb\/#primaryimage"},"image":{"@id":"https:\/\/pistonaddict.com\/sk\/product\/ferrari-348-tb\/#primaryimage"},"thumbnailUrl":"https:\/\/pistonaddict.com\/wp-content\/uploads\/2023\/11\/IMG7107-scaled.jpg","datePublished":"2023-11-07T13:48:12+00:00","dateModified":"2024-03-20T08:41:27+00:00","breadcrumb":{"@id":"https:\/\/pistonaddict.com\/sk\/product\/ferrari-348-tb\/#breadcrumb"},"inLanguage":"sk-SK","potentialAction":[{"@type":"ReadAction","target":["https:\/\/pistonaddict.com\/sk\/product\/ferrari-348-tb\/"]}]},{"@type":"ImageObject","inLanguage":"sk-SK","@id":"https:\/\/pistonaddict.com\/sk\/product\/ferrari-348-tb\/#primaryimage","url":"https:\/\/pistonaddict.com\/wp-content\/uploads\/2023\/11\/IMG7107-scaled.jpg","contentUrl":"https:\/\/pistonaddict.com\/wp-content\/uploads\/2023\/11\/IMG7107-scaled.jpg","width":2560,"height":1709},{"@type":"BreadcrumbList","@id":"https:\/\/pistonaddict.com\/sk\/product\/ferrari-348-tb\/#breadcrumb","itemListElement":[{"@type":"ListItem","position":1,"name":"domovskej str\u00e1nke","item":"https:\/\/pistonaddict.com\/sk\/uvodna-stranka\/"},{"@type":"ListItem","position":2,"name":"Auctions","item":"https:\/\/pistonaddict.com\/auctions-listing\/"},{"@type":"ListItem","position":3,"name":"Ferrari 348 TB"}]},{"@type":"WebSite","@id":"https:\/\/pistonaddict.com\/sk\/#website","url":"https:\/\/pistonaddict.com\/sk\/","name":"Piston Addict","description":"Only interesting vehicles","publisher":{"@id":"https:\/\/pistonaddict.com\/sk\/#organization"},"potentialAction":[{"@type":"SearchAction","target":{"@type":"EntryPoint","urlTemplate":"https:\/\/pistonaddict.com\/sk\/?s={search_term_string}"},"query-input":"required name=search_term_string"}],"inLanguage":"sk-SK"},{"@type":"Organization","@id":"https:\/\/pistonaddict.com\/sk\/#organization","name":"Piston Addict","url":"https:\/\/pistonaddict.com\/sk\/","logo":{"@type":"ImageObject","inLanguage":"sk-SK","@id":"https:\/\/pistonaddict.com\/sk\/#\/schema\/logo\/image\/","url":"https:\/\/pistonaddict.com\/wp-content\/uploads\/2022\/07\/logo-6.png","contentUrl":"https:\/\/pistonaddict.com\/wp-content\/uploads\/2022\/07\/logo-6.png","width":970,"height":200,"caption":"Piston Addict"},"image":{"@id":"https:\/\/pistonaddict.com\/sk\/#\/schema\/logo\/image\/"}}]}},"_links":{"self":[{"href":"https:\/\/pistonaddict.com\/sk\/wp-json\/wp\/v2\/product\/67048"}],"collection":[{"href":"https:\/\/pistonaddict.com\/sk\/wp-json\/wp\/v2\/product"}],"about":[{"href":"https:\/\/pistonaddict.com\/sk\/wp-json\/wp\/v2\/types\/product"}],"replies":[{"embeddable":true,"href":"https:\/\/pistonaddict.com\/sk\/wp-json\/wp\/v2\/comments?post=67048"}],"wp:featuredmedia":[{"embeddable":true,"href":"https:\/\/pistonaddict.com\/sk\/wp-json\/wp\/v2\/media\/64594"}],"wp:attachment":[{"href":"https:\/\/pistonaddict.com\/sk\/wp-json\/wp\/v2\/media?parent=67048"}],"wp:term":[{"taxonomy":"product_cat","embeddable":true,"href":"https:\/\/pistonaddict.com\/sk\/wp-json\/wp\/v2\/product_cat?post=67048"},{"taxonomy":"product_tag","embeddable":true,"href":"https:\/\/pistonaddict.com\/sk\/wp-json\/wp\/v2\/product_tag?post=67048"}],"curies":[{"name":"wp","href":"https:\/\/api.w.org\/{rel}","templated":true}]}}