{"id":62913,"date":"2023-10-25T19:30:40","date_gmt":"2023-10-25T17:30:40","guid":{"rendered":"https:\/\/pistonaddict.com\/product\/porsche-911-996-targa\/"},"modified":"2024-03-20T09:40:03","modified_gmt":"2024-03-20T08:40:03","slug":"porsche-911-996-targa","status":"publish","type":"product","link":"https:\/\/pistonaddict.com\/sk\/product\/porsche-911-996-targa\/","title":{"rendered":"Porsche 911 (996) Targa"},"content":{"rendered":"<p><strong>Hist\u00f3ria vozidla<\/strong><\/p>\n<p>Tento konkr\u00e9tny pr\u00edklad je model 911 Targa, ktor\u00fd bol vyroben\u00fd v roku 2004. Jedine\u010dnos\u0165 spo\u010d\u00edva v tom, \u017ee Targa bola z\u010faleka najvz\u00e1cnej\u0161\u00edm typom karos\u00e9rie 996; dodan\u00fdch bolo len 5 125 vozidiel so \u0161peci\u00e1lnou otv\u00e1racou sklenenou strechou a odli\u0161n\u00fdmi C-st\u013apikmi. T\u00e1to 911 Targa, dokon\u010den\u00e1 v zvodnom odtieni tmavomodrej farby so svetl\u00fdm interi\u00e9rom, bola dodan\u00e1 ako nov\u00e1 v \u0160panielsku a s\u00fa\u010dasn\u00fd majite\u013e ju z\u00edskal v roku 2023. Poh\u00e1\u0148a ho 3,6-litrov\u00fd ploch\u00fd \u0161es\u0165valec s prirodzen\u00fdm vstrekovan\u00edm vzduchu, ktor\u00fd je chladen\u00fd vodou (jedna z kontroverzn\u00fdch ot\u00e1zok gener\u00e1ci\u00ed 996). M\u00e1 v\u0161ak 6-stup\u0148ov\u00fa manu\u00e1lnu prevodovku, \u010do ho rob\u00ed e\u0161te vz\u00e1cnej\u0161\u00edm a nevyhnutn\u00fdm pre ka\u017ed\u00e9ho zberate\u013ea \u0161pecifick\u00fdch modelov 911. S v\u00fdkonom 320 kon\u00ed a \u013eahkou karos\u00e9riou je t\u00e1to 911 Targa pripraven\u00e1 na zr\u00fdchlenie na 100 km\/h za 5,2 sekundy a maxim\u00e1lnu r\u00fdchlos\u0165 285 km\/h. Zauj\u00edmavos\u0165ou je, \u017ee verzia tohto modelu s manu\u00e1lnou prevodovkou je v\u00fdrazne r\u00fdchlej\u0161ia ako verzia s automatickou prevodovkou, \u010do rob\u00ed toto vozidlo e\u0161te \u017eiadanej\u0161\u00edm. Skuto\u010dnos\u0165, \u017ee m\u00e1 v\u0161etky v\u00fdhody kabrioletu, vynikaj\u00faci v\u00fdh\u013ead a pocit otvoren\u00e9ho priestoru s praktickos\u0165ou a komfortom kup\u00e9, premie\u0148a t\u00fato modr\u00fa 911 Targa na ve\u013emi v\u0161estrann\u00fd vodi\u010dsk\u00fd stroj s d\u00f4le\u017eit\u00fdm zvukov\u00fdm prejavom ploch\u00e9ho \u0161es\u0165valca a manu\u00e1lnou prevodovkou.<\/p>\n<p><strong>Interi\u00e9r<\/strong><\/p>\n<p>Ke\u010f\u017ee ide o exempl\u00e1r s n\u00edzkym po\u010dtom najazden\u00fdch kilometrov, interi\u00e9r je v bezchybnom stave, \u00faplne p\u00f4vodn\u00fd a so \u017eiadanou v\u00fdbavou. Je dokon\u010den\u00fd v sivej farbe Savannah, m\u00e1 informa\u010dno-z\u00e1bavn\u00fd syst\u00e9m, pr\u00e9miov\u00e9 audio so 6 CD nab\u00edja\u010dkami (dobovo spr\u00e1vne), ko\u017eu a elektronicky ovl\u00e1dan\u00e9 sedadl\u00e1. Kvalita interi\u00e9ru Porsche je zn\u00e1ma v celom odvetv\u00ed a tento model 911 Targa z roku 2004 nie je in\u00fd. Ko\u017ea je v perfektnom stave, na pr\u00edstrojovej doske, kart\u00e1ch dver\u00ed ani na stredovej konzole nie s\u00fa \u017eiadne \u0161krabance. K dispoz\u00edcii s\u00fa aj pou\u017eite\u013en\u00e9 zadn\u00e9 sedadl\u00e1, ktor\u00e9 s\u00fa ide\u00e1lne pre deti.<\/p>\n<p><strong>Stav<\/strong><\/p>\n<p>T\u00e1to 911 Targa m\u00e1 najazden\u00fdch len 39 037 km a je v bezchybnom stave, o ktor\u00fd sa starostlivo starali v\u0161etci jej pou\u017e\u00edvatelia. Vozidlo bolo zjavne m\u00e1lo pou\u017e\u00edvan\u00e9 a dobre udr\u017eiavan\u00e9, ako ukazuj\u00fa z\u00e1znamy. S\u00fa\u010dasn\u00fdm majite\u013eom je predajca v \u0160panielsku a posledn\u00fd servis bol vykonan\u00fd v apr\u00edli 2023, pri\u010dom brzdy boli zrekon\u0161truovan\u00e9 len pred nieko\u013ek\u00fdmi d\u0148ami v okt\u00f3bri 2023. Spodn\u00e1 \u010das\u0165 vozidiel Porsche je vyroben\u00e1 z hlin\u00edka, tak\u017ee nem\u00f4\u017ee hrdzavie\u0165. Ako v\u0161ak m\u00f4\u017eete vidie\u0165 na posledn\u00fdch fotografi\u00e1ch spodnej strany, je tam trochu suchej \u0161piny, ktor\u00fa pred\u00e1vaj\u00faci vy\u010dist\u00ed pre kupuj\u00faceho po skon\u010den\u00ed aukcie. Vozidlo je pripraven\u00e9 na jazdu kdeko\u013evek a pravdepodobne ide o jeden z najlep\u0161\u00edch pr\u00edkladov 911 996 Targa s manu\u00e1lnou prevodovkou, ak\u00fd budete ma\u0165 \u0161ancu n\u00e1js\u0165.<\/p>\n<p><strong>Exteri\u00e9r a koles\u00e1<\/strong><\/p>\n<p>T\u00e1to 911 Targa s neozna\u010denou karos\u00e9riou v polno\u010dnej modrej farbe a siv\u00fdm interi\u00e9rom je n\u00e1dherne vyzeraj\u00faci stroj bez ak\u00fdchko\u013evek \u0161krabancov, po\u0161koden\u00ed alebo dier. Vozov\u00fd park pozost\u00e1va z 18-palcov\u00fdch tov\u00e1rensk\u00fdch kolies obut\u00fdch do v\u00fdkonn\u00fdch pneumat\u00edk Bridgestone Potenza. Pneumatiky s\u00fa z roku 2020 a maj\u00fa najazden\u00fdch ve\u013emi m\u00e1lo kilometrov. Na tomto vozidle 996 Targa nie s\u00fa \u017eiadne \u00fapravy a je v stave, v akom bolo dodan\u00e9.<\/p>\n<p><strong>Dokument\u00e1cia<\/strong><\/p>\n<p>Toto vozidlo pred\u00e1va predajca s pr\u00edslu\u0161nou dokument\u00e1ciou a nach\u00e1dza sa v \u0160panielsku. Spr\u00e1va CarFax je \u010dist\u00e1; neexistuj\u00fa \u017eiadne d\u00f4kazy o nehod\u00e1ch, oprav\u00e1ch po nehode, vlastn\u00edctve ani pr\u00e1vnych probl\u00e9moch. K dispoz\u00edcii s\u00fa z\u00e1znamy o pravidelnej \u00fadr\u017ebe spolu s origin\u00e1lnymi tov\u00e1rensk\u00fdmi bro\u017e\u00farami a \u00fa\u010dtenkami.<\/p>\n<p><strong>Pozrite si video so studen\u00fdm \u0161tartom tohto kr\u00e1sneho Porsche 911 Targa :<\/strong><\/p>\n<p><iframe title=\"Cold Start Video of the Porsche 911 996 Targa for auction sale\" width=\"1200\" height=\"675\" src=\"https:\/\/www.youtube.com\/embed\/pOCqegVAqt8?feature=oembed\" frameborder=\"0\" allow=\"accelerometer; autoplay; clipboard-write; encrypted-media; gyroscope; picture-in-picture; web-share\" allowfullscreen><\/iframe><\/p>\n","protected":false},"excerpt":{"rendered":"<p>Gener\u00e1cia 996 \u00factyhodn\u00e9ho modelu Porsche 911 bola koncom 90. rokov, ke\u010f bola uveden\u00e1 na trh, ve\u013emi kontroverzn\u00e1. Odvtedy je v\u0161ak pova\u017eovan\u00fd za neoddelite\u013en\u00fa s\u00fa\u010das\u0165 legendy 911, nesmierne d\u00f4le\u017eit\u00fd model spolo\u010dnosti a prv\u00fd model 911 modernej doby. V\u010faka charakteristick\u00e9mu dizajnu, \u0161irokej ponuke modelov a \u0161pecifik\u00e1ci\u00e1m za\u010dali zberatelia objavova\u0165 skuto\u010dn\u00e9 skvosty modelu 996 911. Dnes v\u00e1m s hrdos\u0165ou predstavujeme tak\u00fdto model, vz\u00e1cnu verziu v ide\u00e1lnej \u0161pecifik\u00e1cii, ktor\u00e1 up\u00fata pozornos\u0165 ka\u017ed\u00e9ho nad\u0161enca 911.<\/p>\n","protected":false},"featured_media":59812,"comment_status":"open","ping_status":"closed","template":"","meta":{"inline_featured_image":false},"product_cat":[755],"product_tag":[2359,2331,947,2330],"acf":[],"yoast_head":"<!-- This site is optimized with the Yoast SEO plugin v22.5 - https:\/\/yoast.com\/wordpress\/plugins\/seo\/ -->\n<title>Porsche 911 (996) Targa aukcie - Piston Addict<\/title>\n<meta name=\"robots\" content=\"index, follow, max-snippet:-1, max-image-preview:large, max-video-preview:-1\" \/>\n<link rel=\"canonical\" href=\"https:\/\/pistonaddict.com\/sk\/product\/porsche-911-996-targa\/\" \/>\n<meta property=\"og:locale\" content=\"sk_SK\" \/>\n<meta property=\"og:type\" content=\"article\" \/>\n<meta property=\"og:title\" content=\"Porsche 911 (996) Targa aukcie - Piston Addict\" \/>\n<meta property=\"og:description\" content=\"Gener\u00e1cia 996 \u00factyhodn\u00e9ho modelu Porsche 911 bola koncom 90. rokov, ke\u010f bola uveden\u00e1 na trh, ve\u013emi kontroverzn\u00e1. Odvtedy je v\u0161ak pova\u017eovan\u00fd za neoddelite\u013en\u00fa s\u00fa\u010das\u0165 legendy 911, nesmierne d\u00f4le\u017eit\u00fd model spolo\u010dnosti a prv\u00fd model 911 modernej doby. V\u010faka charakteristick\u00e9mu dizajnu, \u0161irokej ponuke modelov a \u0161pecifik\u00e1ci\u00e1m za\u010dali zberatelia objavova\u0165 skuto\u010dn\u00e9 skvosty modelu 996 911. Dnes v\u00e1m s hrdos\u0165ou predstavujeme tak\u00fdto model, vz\u00e1cnu verziu v ide\u00e1lnej \u0161pecifik\u00e1cii, ktor\u00e1 up\u00fata pozornos\u0165 ka\u017ed\u00e9ho nad\u0161enca 911.\" \/>\n<meta property=\"og:url\" content=\"https:\/\/pistonaddict.com\/sk\/product\/porsche-911-996-targa\/\" \/>\n<meta property=\"og:site_name\" content=\"Piston Addict\" \/>\n<meta property=\"article:modified_time\" content=\"2024-03-20T08:40:03+00:00\" \/>\n<meta property=\"og:image\" content=\"https:\/\/pistonaddict.com\/wp-content\/uploads\/2023\/10\/image00032-1-scaled.jpeg\" \/>\n\t<meta property=\"og:image:width\" content=\"2560\" \/>\n\t<meta property=\"og:image:height\" content=\"1920\" \/>\n\t<meta property=\"og:image:type\" content=\"image\/jpeg\" \/>\n<meta name=\"twitter:card\" content=\"summary_large_image\" \/>\n<meta name=\"twitter:label1\" content=\"Predpokladan\u00fd \u010das \u010d\u00edtania\" \/>\n\t<meta name=\"twitter:data1\" content=\"3 min\u00faty\" \/>\n<script type=\"application\/ld+json\" class=\"yoast-schema-graph\">{\"@context\":\"https:\/\/schema.org\",\"@graph\":[{\"@type\":\"WebPage\",\"@id\":\"https:\/\/pistonaddict.com\/sk\/product\/porsche-911-996-targa\/\",\"url\":\"https:\/\/pistonaddict.com\/sk\/product\/porsche-911-996-targa\/\",\"name\":\"Porsche 911 (996) Targa aukcie - Piston Addict\",\"isPartOf\":{\"@id\":\"https:\/\/pistonaddict.com\/sk\/#website\"},\"primaryImageOfPage\":{\"@id\":\"https:\/\/pistonaddict.com\/sk\/product\/porsche-911-996-targa\/#primaryimage\"},\"image\":{\"@id\":\"https:\/\/pistonaddict.com\/sk\/product\/porsche-911-996-targa\/#primaryimage\"},\"thumbnailUrl\":\"https:\/\/pistonaddict.com\/wp-content\/uploads\/2023\/10\/image00032-1-scaled.jpeg\",\"datePublished\":\"2023-10-25T17:30:40+00:00\",\"dateModified\":\"2024-03-20T08:40:03+00:00\",\"breadcrumb\":{\"@id\":\"https:\/\/pistonaddict.com\/sk\/product\/porsche-911-996-targa\/#breadcrumb\"},\"inLanguage\":\"sk-SK\",\"potentialAction\":[{\"@type\":\"ReadAction\",\"target\":[\"https:\/\/pistonaddict.com\/sk\/product\/porsche-911-996-targa\/\"]}]},{\"@type\":\"ImageObject\",\"inLanguage\":\"sk-SK\",\"@id\":\"https:\/\/pistonaddict.com\/sk\/product\/porsche-911-996-targa\/#primaryimage\",\"url\":\"https:\/\/pistonaddict.com\/wp-content\/uploads\/2023\/10\/image00032-1-scaled.jpeg\",\"contentUrl\":\"https:\/\/pistonaddict.com\/wp-content\/uploads\/2023\/10\/image00032-1-scaled.jpeg\",\"width\":2560,\"height\":1920},{\"@type\":\"BreadcrumbList\",\"@id\":\"https:\/\/pistonaddict.com\/sk\/product\/porsche-911-996-targa\/#breadcrumb\",\"itemListElement\":[{\"@type\":\"ListItem\",\"position\":1,\"name\":\"domovskej str\u00e1nke\",\"item\":\"https:\/\/pistonaddict.com\/sk\/uvodna-stranka\/\"},{\"@type\":\"ListItem\",\"position\":2,\"name\":\"Auctions\",\"item\":\"https:\/\/pistonaddict.com\/auctions-listing\/\"},{\"@type\":\"ListItem\",\"position\":3,\"name\":\"Porsche 911 (996) Targa\"}]},{\"@type\":\"WebSite\",\"@id\":\"https:\/\/pistonaddict.com\/sk\/#website\",\"url\":\"https:\/\/pistonaddict.com\/sk\/\",\"name\":\"Piston Addict\",\"description\":\"Only interesting vehicles\",\"publisher\":{\"@id\":\"https:\/\/pistonaddict.com\/sk\/#organization\"},\"potentialAction\":[{\"@type\":\"SearchAction\",\"target\":{\"@type\":\"EntryPoint\",\"urlTemplate\":\"https:\/\/pistonaddict.com\/sk\/?s={search_term_string}\"},\"query-input\":\"required name=search_term_string\"}],\"inLanguage\":\"sk-SK\"},{\"@type\":\"Organization\",\"@id\":\"https:\/\/pistonaddict.com\/sk\/#organization\",\"name\":\"Piston Addict\",\"url\":\"https:\/\/pistonaddict.com\/sk\/\",\"logo\":{\"@type\":\"ImageObject\",\"inLanguage\":\"sk-SK\",\"@id\":\"https:\/\/pistonaddict.com\/sk\/#\/schema\/logo\/image\/\",\"url\":\"https:\/\/pistonaddict.com\/wp-content\/uploads\/2022\/07\/logo-6.png\",\"contentUrl\":\"https:\/\/pistonaddict.com\/wp-content\/uploads\/2022\/07\/logo-6.png\",\"width\":970,\"height\":200,\"caption\":\"Piston Addict\"},\"image\":{\"@id\":\"https:\/\/pistonaddict.com\/sk\/#\/schema\/logo\/image\/\"}}]}<\/script>\n<!-- \/ Yoast SEO plugin. -->","yoast_head_json":{"title":"Porsche 911 (996) Targa aukcie - Piston Addict","robots":{"index":"index","follow":"follow","max-snippet":"max-snippet:-1","max-image-preview":"max-image-preview:large","max-video-preview":"max-video-preview:-1"},"canonical":"https:\/\/pistonaddict.com\/sk\/product\/porsche-911-996-targa\/","og_locale":"sk_SK","og_type":"article","og_title":"Porsche 911 (996) Targa aukcie - Piston Addict","og_description":"Gener\u00e1cia 996 \u00factyhodn\u00e9ho modelu Porsche 911 bola koncom 90. rokov, ke\u010f bola uveden\u00e1 na trh, ve\u013emi kontroverzn\u00e1. Odvtedy je v\u0161ak pova\u017eovan\u00fd za neoddelite\u013en\u00fa s\u00fa\u010das\u0165 legendy 911, nesmierne d\u00f4le\u017eit\u00fd model spolo\u010dnosti a prv\u00fd model 911 modernej doby. V\u010faka charakteristick\u00e9mu dizajnu, \u0161irokej ponuke modelov a \u0161pecifik\u00e1ci\u00e1m za\u010dali zberatelia objavova\u0165 skuto\u010dn\u00e9 skvosty modelu 996 911. Dnes v\u00e1m s hrdos\u0165ou predstavujeme tak\u00fdto model, vz\u00e1cnu verziu v ide\u00e1lnej \u0161pecifik\u00e1cii, ktor\u00e1 up\u00fata pozornos\u0165 ka\u017ed\u00e9ho nad\u0161enca 911.","og_url":"https:\/\/pistonaddict.com\/sk\/product\/porsche-911-996-targa\/","og_site_name":"Piston Addict","article_modified_time":"2024-03-20T08:40:03+00:00","og_image":[{"width":2560,"height":1920,"url":"https:\/\/pistonaddict.com\/wp-content\/uploads\/2023\/10\/image00032-1-scaled.jpeg","type":"image\/jpeg"}],"twitter_card":"summary_large_image","twitter_misc":{"Predpokladan\u00fd \u010das \u010d\u00edtania":"3 min\u00faty"},"schema":{"@context":"https:\/\/schema.org","@graph":[{"@type":"WebPage","@id":"https:\/\/pistonaddict.com\/sk\/product\/porsche-911-996-targa\/","url":"https:\/\/pistonaddict.com\/sk\/product\/porsche-911-996-targa\/","name":"Porsche 911 (996) Targa aukcie - Piston Addict","isPartOf":{"@id":"https:\/\/pistonaddict.com\/sk\/#website"},"primaryImageOfPage":{"@id":"https:\/\/pistonaddict.com\/sk\/product\/porsche-911-996-targa\/#primaryimage"},"image":{"@id":"https:\/\/pistonaddict.com\/sk\/product\/porsche-911-996-targa\/#primaryimage"},"thumbnailUrl":"https:\/\/pistonaddict.com\/wp-content\/uploads\/2023\/10\/image00032-1-scaled.jpeg","datePublished":"2023-10-25T17:30:40+00:00","dateModified":"2024-03-20T08:40:03+00:00","breadcrumb":{"@id":"https:\/\/pistonaddict.com\/sk\/product\/porsche-911-996-targa\/#breadcrumb"},"inLanguage":"sk-SK","potentialAction":[{"@type":"ReadAction","target":["https:\/\/pistonaddict.com\/sk\/product\/porsche-911-996-targa\/"]}]},{"@type":"ImageObject","inLanguage":"sk-SK","@id":"https:\/\/pistonaddict.com\/sk\/product\/porsche-911-996-targa\/#primaryimage","url":"https:\/\/pistonaddict.com\/wp-content\/uploads\/2023\/10\/image00032-1-scaled.jpeg","contentUrl":"https:\/\/pistonaddict.com\/wp-content\/uploads\/2023\/10\/image00032-1-scaled.jpeg","width":2560,"height":1920},{"@type":"BreadcrumbList","@id":"https:\/\/pistonaddict.com\/sk\/product\/porsche-911-996-targa\/#breadcrumb","itemListElement":[{"@type":"ListItem","position":1,"name":"domovskej str\u00e1nke","item":"https:\/\/pistonaddict.com\/sk\/uvodna-stranka\/"},{"@type":"ListItem","position":2,"name":"Auctions","item":"https:\/\/pistonaddict.com\/auctions-listing\/"},{"@type":"ListItem","position":3,"name":"Porsche 911 (996) Targa"}]},{"@type":"WebSite","@id":"https:\/\/pistonaddict.com\/sk\/#website","url":"https:\/\/pistonaddict.com\/sk\/","name":"Piston Addict","description":"Only interesting vehicles","publisher":{"@id":"https:\/\/pistonaddict.com\/sk\/#organization"},"potentialAction":[{"@type":"SearchAction","target":{"@type":"EntryPoint","urlTemplate":"https:\/\/pistonaddict.com\/sk\/?s={search_term_string}"},"query-input":"required name=search_term_string"}],"inLanguage":"sk-SK"},{"@type":"Organization","@id":"https:\/\/pistonaddict.com\/sk\/#organization","name":"Piston Addict","url":"https:\/\/pistonaddict.com\/sk\/","logo":{"@type":"ImageObject","inLanguage":"sk-SK","@id":"https:\/\/pistonaddict.com\/sk\/#\/schema\/logo\/image\/","url":"https:\/\/pistonaddict.com\/wp-content\/uploads\/2022\/07\/logo-6.png","contentUrl":"https:\/\/pistonaddict.com\/wp-content\/uploads\/2022\/07\/logo-6.png","width":970,"height":200,"caption":"Piston Addict"},"image":{"@id":"https:\/\/pistonaddict.com\/sk\/#\/schema\/logo\/image\/"}}]}},"_links":{"self":[{"href":"https:\/\/pistonaddict.com\/sk\/wp-json\/wp\/v2\/product\/62913"}],"collection":[{"href":"https:\/\/pistonaddict.com\/sk\/wp-json\/wp\/v2\/product"}],"about":[{"href":"https:\/\/pistonaddict.com\/sk\/wp-json\/wp\/v2\/types\/product"}],"replies":[{"embeddable":true,"href":"https:\/\/pistonaddict.com\/sk\/wp-json\/wp\/v2\/comments?post=62913"}],"wp:featuredmedia":[{"embeddable":true,"href":"https:\/\/pistonaddict.com\/sk\/wp-json\/wp\/v2\/media\/59812"}],"wp:attachment":[{"href":"https:\/\/pistonaddict.com\/sk\/wp-json\/wp\/v2\/media?parent=62913"}],"wp:term":[{"taxonomy":"product_cat","embeddable":true,"href":"https:\/\/pistonaddict.com\/sk\/wp-json\/wp\/v2\/product_cat?post=62913"},{"taxonomy":"product_tag","embeddable":true,"href":"https:\/\/pistonaddict.com\/sk\/wp-json\/wp\/v2\/product_tag?post=62913"}],"curies":[{"name":"wp","href":"https:\/\/api.w.org\/{rel}","templated":true}]}}