{"id":55257,"date":"2023-10-13T09:36:04","date_gmt":"2023-10-13T07:36:04","guid":{"rendered":"https:\/\/pistonaddict.com\/product\/porsche-cayman-s-3-4-325-cv\/"},"modified":"2024-03-19T17:03:45","modified_gmt":"2024-03-19T16:03:45","slug":"porsche-cayman-s-3-4-325-cv","status":"publish","type":"product","link":"https:\/\/pistonaddict.com\/sk\/product\/porsche-cayman-s-3-4-325-cv\/","title":{"rendered":"Porsche Cayman S 3.4 325 CV"},"content":{"rendered":"<p><strong>Hist\u00f3ria vozidla<\/strong><\/p>\n<p>Tento biely Cayman S z roku 2016 sa p\u00f4vodne pred\u00e1val v Nemecku, ale potom sa presunul do Talianska, kam ho doviezol s\u00fa\u010dasn\u00fd majite\u013e, predajca \u0161portov\u00fdch vozidiel. Rok 2016 je posledn\u00fdm rokom pre Cayman gener\u00e1cie 981, \u010do je d\u00f4le\u017eit\u00e9 z nieko\u013ek\u00fdch d\u00f4vodov. Hlavne preto, \u017ee Cayman S m\u00e1 obnoven\u00fd 3,4-litrov\u00fd ploch\u00fd \u0161es\u0165valec z modelu Porsche 911 Carrera, ktor\u00fd rie\u0161i jednu z najv\u00fdznamnej\u0161\u00edch kontroverzi\u00ed v modernej komunite Porsche. Dlh\u00e9 roky sa \u0161\u00edrili f\u00e1my, \u017ee Porsche sa pr\u00edli\u0161 boj\u00ed da\u0165 motor 911 do modelu Cayman, preto\u017ee sa ob\u00e1va, \u017ee by mohol pon\u00faknu\u0165 e\u0161te lep\u0161\u00ed z\u00e1\u017eitok z jazdy. Toto je prv\u00fd Cayman, ktor\u00fd m\u00e1 skuto\u010dne motor 911. S v\u00fdkonom 325 kon\u00ed, bleskovo r\u00fdchlou 7-stup\u0148ovou prevodovkou PDK a \u0161peci\u00e1lne vyladen\u00fdm odpru\u017een\u00edm z v\u00fdroby dok\u00e1\u017ee Cayman S 2016 dosiahnu\u0165 r\u00fdchlos\u0165 100 km\/h len za 4,8 sekundy na ceste k maxim\u00e1lnej r\u00fdchlosti 283 km\/h. Nejde v\u0161ak o \u010d\u00edsla, aj ke\u010f s\u00fa fantastick\u00e9. Cayman S m\u00e1 motor umiestnen\u00fd uprostred, \u013eahk\u00fa karos\u00e9riu, presn\u00e9 riadenie a vynikaj\u00face brzdy, a preto mnoh\u00fdch majite\u013eov modelu 911 tak znerv\u00f3z\u0148uje. Kombin\u00e1cia vysokoot\u00e1\u010dkov\u00e9ho motora s prirodzen\u00fdm spa\u013eovan\u00edm, agiln\u00e9ho podvozku a dokonalej jazdnej dynamiky st\u00e1le rezonuje medzi \u0161portov\u00fdmi automobilmi ako jedno z najide\u00e1lnej\u0161\u00edch vozidiel pre vodi\u010da, ak\u00e9 boli kedy vyroben\u00e9.<\/p>\n<p><strong>Interi\u00e9r<\/strong><\/p>\n<p>Ke\u010f\u017ee toto Porsche Cayman S z roku 2016 m\u00e1 n\u00edzky po\u010det najazden\u00fdch kilometrov, interi\u00e9r je pod\u013ea o\u010dak\u00e1vania bez po\u0161koden\u00ed a vo v\u00fdbornom stave. P\u00f4vodn\u00fd majite\u013e ho starostlivo kontroluje s nieko\u013ek\u00fdmi \u017eelan\u00fdmi mo\u017enos\u0165ami, ktor\u00e9 ocen\u00ed \u010fal\u0161\u00ed majite\u013e. Elektronicky nastavite\u013en\u00e9 \u0161portov\u00e9 sedadl\u00e1, informa\u010dno-z\u00e1bavn\u00fd syst\u00e9m s integrovan\u00fdm digit\u00e1lnym displejom a multifunk\u010dn\u00fd volant pov\u00fd\u0161ia z\u00e1\u017eitok z jazdy na vy\u0161\u0161iu \u00farove\u0148. V interi\u00e9ri je vidite\u013en\u00e1 typick\u00e1 kvalita zna\u010dky Porsche, ako aj pozoruhodn\u00e1 v\u00fdbava a spracovanie.<\/p>\n<p><strong>Stav<\/strong><\/p>\n<p>Toto bezchybn\u00e9 Porsche Cayman S najazdilo za posledn\u00fdch sedem rokov len nie\u010do vy\u0161e 33 000 kilometrov. Tak\u00fd n\u00edzky po\u010det najazden\u00fdch kilometrov, nieko\u013eko starostliv\u00fdch majite\u013eov a riadne z\u00e1znamy o \u00fadr\u017ebe zaru\u010duj\u00fa, \u017ee vozidlo je v perfektnom stave. Pred\u00e1vaj\u00faci je ve\u013emi renomovan\u00fd predajca \u0161portov\u00fdch vozidiel v Taliansku a je si nato\u013eko ist\u00fd celkov\u00fdm stavom tohto Caymanu S, \u017ee <strong>na vozidlo poskytuje 12-mesa\u010dn\u00fa z\u00e1ruku<\/strong>, \u010do je ve\u013emi d\u00f4le\u017eit\u00e9 a odli\u0161uje toto vozidlo od podobn\u00fdch, ktor\u00e9 m\u00f4\u017eete n\u00e1js\u0165 na predaj. Existuj\u00fa z\u00e1znamy o \u00fadr\u017ebe a v\u00fdznamn\u00fdch slu\u017eb\u00e1ch vykonan\u00fdch v roku 2021.<\/p>\n<p><strong>Exteri\u00e9r a koles\u00e1<\/strong><\/p>\n<p>Elegantn\u00fd biely exteri\u00e9r je bez \u0161krabancov a m\u00e1 zauj\u00edmav\u00e9 grafick\u00e9 detaily na paneloch blatn\u00edkov, ktor\u00e9 s\u00fa origin\u00e1lne z v\u00fdroby a dokazuj\u00fa, \u017ee tento Cayman nie je modelom z\u00e1kladnej \u0161pecifik\u00e1cie. Vzh\u013ead \u0161portov\u00e9ho vozidla dotv\u00e1raj\u00fa 20-palcov\u00e9 disky, ktor\u00e9 sa pou\u017e\u00edvaj\u00fa aj na dobovej 911, obut\u00e9 do takmer nov\u00fdch pneumat\u00edk Michelin Pilot Sport 4S, ktor\u00e9 s\u00fa zn\u00e1me ako vo\u013eba nad\u0161encov. Tento Cayman nie je nijako upravovan\u00fd a je v ide\u00e1lnom p\u00f4vodnom stave.<\/p>\n<p><strong>Dokument\u00e1cia<\/strong><\/p>\n<p>Toto vozidlo pred\u00e1va predajca s pr\u00edslu\u0161nou dokument\u00e1ciou a nach\u00e1dza sa v Taliansku. Spr\u00e1va <a href=\"https:\/\/pistonaddict.com\/wp-content\/uploads\/2023\/10\/CARFAX-Vehicle-History-Report-PORSCHE-WP0ZZZ98ZGK181513.pdf\" target=\"_blank\" rel=\"noopener\">CarFax<\/a> je \u010dist\u00e1; neexistuj\u00fa \u017eiadne d\u00f4kazy o nehod\u00e1ch, oprav\u00e1ch po nehode, vlastn\u00edctve ani pr\u00e1vnych probl\u00e9moch. Pred\u00e1vaj\u00faci n\u00e1s v\u0161ak informoval, \u017ee v roku 2017 do\u0161lo k jednej nehode s motocyklom, postihnut\u00fd prvok, predn\u00e1 kapota, bol samozrejme opraven\u00fd. K dispoz\u00edcii s\u00fa z\u00e1znamy o pravidelnej \u00fadr\u017ebe spolu s origin\u00e1lnymi tov\u00e1rensk\u00fdmi bro\u017e\u00farami a \u00fa\u010dtenkami. S\u00fa\u010das\u0165ou predaja je 12-mesa\u010dn\u00e1 z\u00e1ruka predajcu.  <strong>Navy\u0161e, ak \u017eijete v Eur\u00f3pe, predajca sa m\u00f4\u017ee postara\u0165 o dopravu a priviez\u0165 vozidlo k v\u00e1m domov.<\/strong><\/p>\n<p><strong> <\/strong><\/p>\n<p>Pozrite si objavn\u00e9 video tohto kr\u00e1sneho Porsche Cayman S :<\/p>\n<p><iframe title=\"Video of the Porsche Cayman S for auction sale\" width=\"1200\" height=\"675\" src=\"https:\/\/www.youtube.com\/embed\/-29PE_JnFJM?feature=oembed\" frameborder=\"0\" allow=\"accelerometer; autoplay; clipboard-write; encrypted-media; gyroscope; picture-in-picture; web-share\" allowfullscreen><\/iframe><\/p>\n","protected":false},"excerpt":{"rendered":"<p>Ako spolo\u010dnos\u0165, ktor\u00e1 sa v\u017edy usilovala o dokonalos\u0165 \u0161portov\u00fdch vozidiel, Porsche reagovalo na kritiku t\u00fdm najlep\u0161\u00edm mo\u017en\u00fdm sp\u00f4sobom &#8211; predstaven\u00edm modelu ur\u010den\u00e9ho pre vodi\u010da, ktor\u00fd je v\u0161eobecne ob\u013e\u00faben\u00fd a chv\u00e1len\u00fd. Ke\u010f debutovala prv\u00e1 gener\u00e1cia modelu Cayman, bolo to v\u0161etko, \u010do nad\u0161enci chceli, s 90 % pocitom z Porsche 911 za 60 % ceny. Cayman bol \u013eah\u0161\u00ed, presnej\u0161\u00ed a p\u00fatavej\u0161\u00ed, zatia\u013e \u010do jeho verzia S bola dokonale vyv\u00e1\u017een\u00fdm \u0161portov\u00fdm vozidlom. Tu je jeden mimoriadne zauj\u00edmav\u00fd pr\u00edklad v ide\u00e1lnom stave. <strong>Na pr\u00edstup k tejto aukcii <a href=\"https:\/\/pistonaddict.com\/sk\/moj-ucet\/\">si<\/a> mus\u00edte <a href=\"https:\/\/pistonaddict.com\/sk\/moj-ucet\/\">vytvori\u0165 \u00fa\u010det<\/a>.<\/strong><\/p>\n","protected":false},"featured_media":55131,"comment_status":"open","ping_status":"closed","template":"","meta":{"inline_featured_image":false},"product_cat":[755],"product_tag":[2245,2242,941,2240],"acf":[],"yoast_head":"<!-- This site is optimized with the Yoast SEO plugin v22.5 - https:\/\/yoast.com\/wordpress\/plugins\/seo\/ -->\n<title>Porsche Cayman S 3.4 325 CV aukcie - Piston Addict<\/title>\n<meta name=\"robots\" content=\"index, follow, max-snippet:-1, max-image-preview:large, max-video-preview:-1\" \/>\n<link rel=\"canonical\" href=\"https:\/\/pistonaddict.com\/sk\/product\/porsche-cayman-s-3-4-325-cv\/\" \/>\n<meta property=\"og:locale\" content=\"sk_SK\" \/>\n<meta property=\"og:type\" content=\"article\" \/>\n<meta property=\"og:title\" content=\"Porsche Cayman S 3.4 325 CV aukcie - Piston Addict\" \/>\n<meta property=\"og:description\" content=\"Ako spolo\u010dnos\u0165, ktor\u00e1 sa v\u017edy usilovala o dokonalos\u0165 \u0161portov\u00fdch vozidiel, Porsche reagovalo na kritiku t\u00fdm najlep\u0161\u00edm mo\u017en\u00fdm sp\u00f4sobom - predstaven\u00edm modelu ur\u010den\u00e9ho pre vodi\u010da, ktor\u00fd je v\u0161eobecne ob\u013e\u00faben\u00fd a chv\u00e1len\u00fd. Ke\u010f debutovala prv\u00e1 gener\u00e1cia modelu Cayman, bolo to v\u0161etko, \u010do nad\u0161enci chceli, s 90 % pocitom z Porsche 911 za 60 % ceny. Cayman bol \u013eah\u0161\u00ed, presnej\u0161\u00ed a p\u00fatavej\u0161\u00ed, zatia\u013e \u010do jeho verzia S bola dokonale vyv\u00e1\u017een\u00fdm \u0161portov\u00fdm vozidlom. Tu je jeden mimoriadne zauj\u00edmav\u00fd pr\u00edklad v ide\u00e1lnom stave. Na pr\u00edstup k tejto aukcii si mus\u00edte vytvori\u0165 \u00fa\u010det.\" \/>\n<meta property=\"og:url\" content=\"https:\/\/pistonaddict.com\/sk\/product\/porsche-cayman-s-3-4-325-cv\/\" \/>\n<meta property=\"og:site_name\" content=\"Piston Addict\" \/>\n<meta property=\"article:modified_time\" content=\"2024-03-19T16:03:45+00:00\" \/>\n<meta property=\"og:image\" content=\"https:\/\/pistonaddict.com\/wp-content\/uploads\/2023\/10\/CAYMAN-1.png\" \/>\n\t<meta property=\"og:image:width\" content=\"1887\" \/>\n\t<meta property=\"og:image:height\" content=\"781\" \/>\n\t<meta property=\"og:image:type\" content=\"image\/png\" \/>\n<meta name=\"twitter:card\" content=\"summary_large_image\" \/>\n<meta name=\"twitter:label1\" content=\"Predpokladan\u00fd \u010das \u010d\u00edtania\" \/>\n\t<meta name=\"twitter:data1\" content=\"3 min\u00faty\" \/>\n<script type=\"application\/ld+json\" class=\"yoast-schema-graph\">{\"@context\":\"https:\/\/schema.org\",\"@graph\":[{\"@type\":\"WebPage\",\"@id\":\"https:\/\/pistonaddict.com\/sk\/product\/porsche-cayman-s-3-4-325-cv\/\",\"url\":\"https:\/\/pistonaddict.com\/sk\/product\/porsche-cayman-s-3-4-325-cv\/\",\"name\":\"Porsche Cayman S 3.4 325 CV aukcie - Piston Addict\",\"isPartOf\":{\"@id\":\"https:\/\/pistonaddict.com\/sk\/#website\"},\"primaryImageOfPage\":{\"@id\":\"https:\/\/pistonaddict.com\/sk\/product\/porsche-cayman-s-3-4-325-cv\/#primaryimage\"},\"image\":{\"@id\":\"https:\/\/pistonaddict.com\/sk\/product\/porsche-cayman-s-3-4-325-cv\/#primaryimage\"},\"thumbnailUrl\":\"https:\/\/pistonaddict.com\/wp-content\/uploads\/2023\/10\/CAYMAN-1.png\",\"datePublished\":\"2023-10-13T07:36:04+00:00\",\"dateModified\":\"2024-03-19T16:03:45+00:00\",\"breadcrumb\":{\"@id\":\"https:\/\/pistonaddict.com\/sk\/product\/porsche-cayman-s-3-4-325-cv\/#breadcrumb\"},\"inLanguage\":\"sk-SK\",\"potentialAction\":[{\"@type\":\"ReadAction\",\"target\":[\"https:\/\/pistonaddict.com\/sk\/product\/porsche-cayman-s-3-4-325-cv\/\"]}]},{\"@type\":\"ImageObject\",\"inLanguage\":\"sk-SK\",\"@id\":\"https:\/\/pistonaddict.com\/sk\/product\/porsche-cayman-s-3-4-325-cv\/#primaryimage\",\"url\":\"https:\/\/pistonaddict.com\/wp-content\/uploads\/2023\/10\/CAYMAN-1.png\",\"contentUrl\":\"https:\/\/pistonaddict.com\/wp-content\/uploads\/2023\/10\/CAYMAN-1.png\",\"width\":1887,\"height\":781},{\"@type\":\"BreadcrumbList\",\"@id\":\"https:\/\/pistonaddict.com\/sk\/product\/porsche-cayman-s-3-4-325-cv\/#breadcrumb\",\"itemListElement\":[{\"@type\":\"ListItem\",\"position\":1,\"name\":\"domovskej str\u00e1nke\",\"item\":\"https:\/\/pistonaddict.com\/sk\/uvodna-stranka\/\"},{\"@type\":\"ListItem\",\"position\":2,\"name\":\"Auctions\",\"item\":\"https:\/\/pistonaddict.com\/auctions-listing\/\"},{\"@type\":\"ListItem\",\"position\":3,\"name\":\"Porsche Cayman S 3.4 325 CV\"}]},{\"@type\":\"WebSite\",\"@id\":\"https:\/\/pistonaddict.com\/sk\/#website\",\"url\":\"https:\/\/pistonaddict.com\/sk\/\",\"name\":\"Piston Addict\",\"description\":\"Only interesting vehicles\",\"publisher\":{\"@id\":\"https:\/\/pistonaddict.com\/sk\/#organization\"},\"potentialAction\":[{\"@type\":\"SearchAction\",\"target\":{\"@type\":\"EntryPoint\",\"urlTemplate\":\"https:\/\/pistonaddict.com\/sk\/?s={search_term_string}\"},\"query-input\":\"required name=search_term_string\"}],\"inLanguage\":\"sk-SK\"},{\"@type\":\"Organization\",\"@id\":\"https:\/\/pistonaddict.com\/sk\/#organization\",\"name\":\"Piston Addict\",\"url\":\"https:\/\/pistonaddict.com\/sk\/\",\"logo\":{\"@type\":\"ImageObject\",\"inLanguage\":\"sk-SK\",\"@id\":\"https:\/\/pistonaddict.com\/sk\/#\/schema\/logo\/image\/\",\"url\":\"https:\/\/pistonaddict.com\/wp-content\/uploads\/2022\/07\/logo-6.png\",\"contentUrl\":\"https:\/\/pistonaddict.com\/wp-content\/uploads\/2022\/07\/logo-6.png\",\"width\":970,\"height\":200,\"caption\":\"Piston Addict\"},\"image\":{\"@id\":\"https:\/\/pistonaddict.com\/sk\/#\/schema\/logo\/image\/\"}}]}<\/script>\n<!-- \/ Yoast SEO plugin. -->","yoast_head_json":{"title":"Porsche Cayman S 3.4 325 CV aukcie - Piston Addict","robots":{"index":"index","follow":"follow","max-snippet":"max-snippet:-1","max-image-preview":"max-image-preview:large","max-video-preview":"max-video-preview:-1"},"canonical":"https:\/\/pistonaddict.com\/sk\/product\/porsche-cayman-s-3-4-325-cv\/","og_locale":"sk_SK","og_type":"article","og_title":"Porsche Cayman S 3.4 325 CV aukcie - Piston Addict","og_description":"Ako spolo\u010dnos\u0165, ktor\u00e1 sa v\u017edy usilovala o dokonalos\u0165 \u0161portov\u00fdch vozidiel, Porsche reagovalo na kritiku t\u00fdm najlep\u0161\u00edm mo\u017en\u00fdm sp\u00f4sobom - predstaven\u00edm modelu ur\u010den\u00e9ho pre vodi\u010da, ktor\u00fd je v\u0161eobecne ob\u013e\u00faben\u00fd a chv\u00e1len\u00fd. Ke\u010f debutovala prv\u00e1 gener\u00e1cia modelu Cayman, bolo to v\u0161etko, \u010do nad\u0161enci chceli, s 90 % pocitom z Porsche 911 za 60 % ceny. Cayman bol \u013eah\u0161\u00ed, presnej\u0161\u00ed a p\u00fatavej\u0161\u00ed, zatia\u013e \u010do jeho verzia S bola dokonale vyv\u00e1\u017een\u00fdm \u0161portov\u00fdm vozidlom. Tu je jeden mimoriadne zauj\u00edmav\u00fd pr\u00edklad v ide\u00e1lnom stave. Na pr\u00edstup k tejto aukcii si mus\u00edte vytvori\u0165 \u00fa\u010det.","og_url":"https:\/\/pistonaddict.com\/sk\/product\/porsche-cayman-s-3-4-325-cv\/","og_site_name":"Piston Addict","article_modified_time":"2024-03-19T16:03:45+00:00","og_image":[{"width":1887,"height":781,"url":"https:\/\/pistonaddict.com\/wp-content\/uploads\/2023\/10\/CAYMAN-1.png","type":"image\/png"}],"twitter_card":"summary_large_image","twitter_misc":{"Predpokladan\u00fd \u010das \u010d\u00edtania":"3 min\u00faty"},"schema":{"@context":"https:\/\/schema.org","@graph":[{"@type":"WebPage","@id":"https:\/\/pistonaddict.com\/sk\/product\/porsche-cayman-s-3-4-325-cv\/","url":"https:\/\/pistonaddict.com\/sk\/product\/porsche-cayman-s-3-4-325-cv\/","name":"Porsche Cayman S 3.4 325 CV aukcie - Piston Addict","isPartOf":{"@id":"https:\/\/pistonaddict.com\/sk\/#website"},"primaryImageOfPage":{"@id":"https:\/\/pistonaddict.com\/sk\/product\/porsche-cayman-s-3-4-325-cv\/#primaryimage"},"image":{"@id":"https:\/\/pistonaddict.com\/sk\/product\/porsche-cayman-s-3-4-325-cv\/#primaryimage"},"thumbnailUrl":"https:\/\/pistonaddict.com\/wp-content\/uploads\/2023\/10\/CAYMAN-1.png","datePublished":"2023-10-13T07:36:04+00:00","dateModified":"2024-03-19T16:03:45+00:00","breadcrumb":{"@id":"https:\/\/pistonaddict.com\/sk\/product\/porsche-cayman-s-3-4-325-cv\/#breadcrumb"},"inLanguage":"sk-SK","potentialAction":[{"@type":"ReadAction","target":["https:\/\/pistonaddict.com\/sk\/product\/porsche-cayman-s-3-4-325-cv\/"]}]},{"@type":"ImageObject","inLanguage":"sk-SK","@id":"https:\/\/pistonaddict.com\/sk\/product\/porsche-cayman-s-3-4-325-cv\/#primaryimage","url":"https:\/\/pistonaddict.com\/wp-content\/uploads\/2023\/10\/CAYMAN-1.png","contentUrl":"https:\/\/pistonaddict.com\/wp-content\/uploads\/2023\/10\/CAYMAN-1.png","width":1887,"height":781},{"@type":"BreadcrumbList","@id":"https:\/\/pistonaddict.com\/sk\/product\/porsche-cayman-s-3-4-325-cv\/#breadcrumb","itemListElement":[{"@type":"ListItem","position":1,"name":"domovskej str\u00e1nke","item":"https:\/\/pistonaddict.com\/sk\/uvodna-stranka\/"},{"@type":"ListItem","position":2,"name":"Auctions","item":"https:\/\/pistonaddict.com\/auctions-listing\/"},{"@type":"ListItem","position":3,"name":"Porsche Cayman S 3.4 325 CV"}]},{"@type":"WebSite","@id":"https:\/\/pistonaddict.com\/sk\/#website","url":"https:\/\/pistonaddict.com\/sk\/","name":"Piston Addict","description":"Only interesting vehicles","publisher":{"@id":"https:\/\/pistonaddict.com\/sk\/#organization"},"potentialAction":[{"@type":"SearchAction","target":{"@type":"EntryPoint","urlTemplate":"https:\/\/pistonaddict.com\/sk\/?s={search_term_string}"},"query-input":"required name=search_term_string"}],"inLanguage":"sk-SK"},{"@type":"Organization","@id":"https:\/\/pistonaddict.com\/sk\/#organization","name":"Piston Addict","url":"https:\/\/pistonaddict.com\/sk\/","logo":{"@type":"ImageObject","inLanguage":"sk-SK","@id":"https:\/\/pistonaddict.com\/sk\/#\/schema\/logo\/image\/","url":"https:\/\/pistonaddict.com\/wp-content\/uploads\/2022\/07\/logo-6.png","contentUrl":"https:\/\/pistonaddict.com\/wp-content\/uploads\/2022\/07\/logo-6.png","width":970,"height":200,"caption":"Piston Addict"},"image":{"@id":"https:\/\/pistonaddict.com\/sk\/#\/schema\/logo\/image\/"}}]}},"_links":{"self":[{"href":"https:\/\/pistonaddict.com\/sk\/wp-json\/wp\/v2\/product\/55257"}],"collection":[{"href":"https:\/\/pistonaddict.com\/sk\/wp-json\/wp\/v2\/product"}],"about":[{"href":"https:\/\/pistonaddict.com\/sk\/wp-json\/wp\/v2\/types\/product"}],"replies":[{"embeddable":true,"href":"https:\/\/pistonaddict.com\/sk\/wp-json\/wp\/v2\/comments?post=55257"}],"wp:featuredmedia":[{"embeddable":true,"href":"https:\/\/pistonaddict.com\/sk\/wp-json\/wp\/v2\/media\/55131"}],"wp:attachment":[{"href":"https:\/\/pistonaddict.com\/sk\/wp-json\/wp\/v2\/media?parent=55257"}],"wp:term":[{"taxonomy":"product_cat","embeddable":true,"href":"https:\/\/pistonaddict.com\/sk\/wp-json\/wp\/v2\/product_cat?post=55257"},{"taxonomy":"product_tag","embeddable":true,"href":"https:\/\/pistonaddict.com\/sk\/wp-json\/wp\/v2\/product_tag?post=55257"}],"curies":[{"name":"wp","href":"https:\/\/api.w.org\/{rel}","templated":true}]}}