{"id":53499,"date":"2023-10-06T11:28:15","date_gmt":"2023-10-06T09:28:15","guid":{"rendered":"https:\/\/pistonaddict.com\/product\/porsche-911-carrera-2-cabrio-997\/"},"modified":"2023-12-20T09:49:18","modified_gmt":"2023-12-20T08:49:18","slug":"porsche-911-carrera-2-cabrio-997","status":"publish","type":"product","link":"https:\/\/pistonaddict.com\/sk\/product\/porsche-911-carrera-2-cabrio-997\/","title":{"rendered":"Porsche 911 Carrera 2 Cabrio (997)"},"content":{"rendered":"<p><strong>Hist\u00f3ria vozidla<\/strong><\/p>\n<p>Toto Porsche 911 Carrera 2 Cabrio &#8220;Guards Red&#8221; bolo vyroben\u00e9 v decembri 2006 a predan\u00e9 ako nov\u00e9 v \u0160panielsku, kde str\u00e1vilo cel\u00fd svoj \u017eivot. S\u00fa\u010dasn\u00fd majite\u013e ho z\u00edskal v roku 2021. Tento kabriolet je vynikaj\u00facim pr\u00edkladom modelu Carrera 2 z gener\u00e1cie 997, ktor\u00fd je zn\u00e1my svojou \u013eahkou kon\u0161trukciou, vysokoot\u00e1\u010dkov\u00fdmi motormi a nekompromisn\u00fdmi jazdn\u00fdmi vlastnos\u0165ami. Puristi zna\u010dky Porsche \u010dasto kritizovali nasleduj\u00face modely 911 za to, \u017ee s\u00fa pr\u00edli\u0161 ve\u013ek\u00e9 a \u0165a\u017ek\u00e9, ale v\u0161etci sa zhodli na tom, \u017ee model 997 bol posledn\u00fdm z klasickej l\u00ednie vozidiel. Pon\u00faka svi\u017en\u00fd podvozok, motory s prirodzen\u00fdm vstrekovan\u00edm vzduchu, charakteristick\u00fd zvuk a jedine\u010dn\u00e9 jazdn\u00e9 vlastnosti, najm\u00e4 v preveden\u00ed RWD, ako je tento model. Tento exempl\u00e1r <strong>poh\u00e1\u0148a 3,6-litrov\u00fd<\/strong> <strong>ploch\u00fd \u0161es\u0165valec s v\u00fdkonom 325 k<\/strong> a viac ne\u017e slu\u0161n\u00fdm v\u00fdkonom. \u0160print z 0 na 100 km\/h zvl\u00e1dne za 4,8 sekundy a dosiahne maxim\u00e1lnu r\u00fdchlos\u0165 viac ako 280 km\/h (177 mph). Podstatn\u00e1 je v\u0161ak 6-stup\u0148ov\u00e1 manu\u00e1lna prevodovka, ktor\u00e1 tento \u010derven\u00fd kabriolet okam\u017eite premen\u00ed z oby\u010dajnej 911 na vz\u00e1cny zberate\u013esk\u00fd k\u00fasok. Manu\u00e1lna prevodovka je ve\u013emi \u017eiaduca vo\u013eba, ktor\u00e1 nielen\u017ee pom\u00e1ha vozidlu naplno vyu\u017ei\u0165 jeho v\u00fdkonnostn\u00fd potenci\u00e1l, ale rob\u00ed z ka\u017edej jazdy nezabudnute\u013en\u00fd z\u00e1\u017eitok.<\/p>\n<p><strong>Interi\u00e9r<\/strong><\/p>\n<p>Interi\u00e9r &#8220;Natural Brown&#8221; sa n\u00e1padito kombinuje s \u010derven\u00fdm exteri\u00e9rom a e\u0161te viac odli\u0161uje tento exempl\u00e1r od ostatn\u00fdch modelov 911. Interi\u00e9r je v bezchybnom stave, na ko\u017een\u00fdch sedadl\u00e1ch nie s\u00fa \u017eiadne \u0161krabance. Okrem toho je dobre vybaven\u00fd volite\u013en\u00fdmi \u0161portov\u00fdmi sedadlami, audiosyst\u00e9mom Bose a vhodn\u00fdm volantom. Jedin\u00fdm neorigin\u00e1lnym prvkom je hlavn\u00e1 jednotka Kenwood s dotykov\u00fdm displejom, ale t\u00e1to vkusn\u00e1 moderniz\u00e1cia dokonale zapad\u00e1 do dizajnu palubnej dosky. Hoci tento kabriolet jazdil ako v\u00edkendov\u00fd cestovate\u013e v slne\u010dnom \u0160panielsku, na n\u00e1dherne op\u00e1lenom ko\u017eenom interi\u00e9ri nie s\u00fa \u017eiadne zn\u00e1mky po\u0161kodenia od slnka.<\/p>\n<p><strong>Stav<\/strong><\/p>\n<p>Vozidlo m\u00e1 najazden\u00fdch len 43 000 km a jeho celkov\u00fd stav je bezchybn\u00fd, bez neh\u00f4d a po\u0161koden\u00ed. Posledn\u00fd servis motora sa uskuto\u010dnil v roku 2022, zatia\u013e \u010do brzdy pre\u0161li gener\u00e1lnou opravou v okt\u00f3bri 2023. Vozidlo bolo d\u00f4kladne vy\u010disten\u00e9 a bola vykonan\u00e1 anal\u00fdza oleja, ktor\u00e1 uk\u00e1zala, \u017ee motor a hnacie \u00fastrojenstvo s\u00fa v ide\u00e1lnom stave. Vozidl\u00e1 911 mali v\u017edy poves\u0165 kvalitn\u00fdch vozidiel a pri spr\u00e1vnej \u00fadr\u017ebe a starostlivej starostlivosti, ako je to v tomto pr\u00edpade, m\u00f4\u017eu vydr\u017ea\u0165 cel\u00fd \u017eivot.<\/p>\n<p><strong>Exteri\u00e9r a koles\u00e1  <\/strong><\/p>\n<p>\u010cerven\u00e1 karos\u00e9ria je v perfektnom stave, bez \u0161krabancov a dier a kabriolet nem\u00e1 \u017eiadne po\u0161kodenie. Farebn\u00e1 kombin\u00e1cia je vynikaj\u00faca a rob\u00ed tento pr\u00edklad v\u00fdnimo\u010dn\u00fdm. Tento model 911 Carrera 2 m\u00e1 19-palcov\u00e9 disky &#8220;Lobster Claw&#8221;, ktor\u00e9 s\u00fa obut\u00e9 do \u00faplne nov\u00fdch pneumat\u00edk Michelin Pilot Sport.<\/p>\n<p><strong>Dokument\u00e1cia:<\/strong><\/p>\n<p>Toto vozidlo pred\u00e1va predajca s pr\u00edslu\u0161nou dokument\u00e1ciou so s\u00eddlom v \u0160panielsku. Spr\u00e1va CarFax je \u010dist\u00e1; neexistuj\u00fa \u017eiadne d\u00f4kazy o nehod\u00e1ch, oprav\u00e1ch po nehode, vlastn\u00edctve ani pr\u00e1vnych probl\u00e9moch. K dispoz\u00edcii s\u00fa z\u00e1znamy o pravidelnej \u00fadr\u017ebe spolu s origin\u00e1lnymi tov\u00e1rensk\u00fdmi bro\u017e\u00farami a \u00fa\u010dtenkami. S\u00fa\u010das\u0165ou dokument\u00e1cie je aj \u0161panielska technick\u00e1 kontrola (ITV), ktor\u00fa vozidlo absolvovalo s v\u00fdborn\u00fdmi v\u00fdsledkami. Skontrolujte <a href=\"https:\/\/pistonaddict.com\/wp-content\/uploads\/2023\/10\/CARFAX-Vehicle-History-Report-PORSCHE-911.pdf\">dokument CarFax<\/a> tohto kr\u00e1sneho kabrioletu Porsche 911 Carrera.<\/p>\n<p><strong>Na pr\u00edstup do aukcie tohto pr\u00e9miov\u00e9ho vozidla je potrebn\u00fd odtla\u010dok kreditnej karty (automaticky uvo\u013enen\u00fd).<\/strong><\/p>\n<p>Pozrite si video so studen\u00fdm \u0161tartom tohto kr\u00e1sneho kabrioletu Porsche 911 Carrera :<\/p>\n<p><iframe title=\"Cold Start Video of the Porsche 911 Carrera Cabrio 325 CV\" width=\"1200\" height=\"675\" src=\"https:\/\/www.youtube.com\/embed\/FNuC3o32Erw?feature=oembed\" frameborder=\"0\" allow=\"accelerometer; autoplay; clipboard-write; encrypted-media; gyroscope; picture-in-picture; web-share\" allowfullscreen><\/iframe><\/p>\n","protected":false},"excerpt":{"rendered":"<p>Porsche 911 m\u00e1 vo svete \u0161portov\u00fdch vozidiel osobitn\u00e9 miesto. U\u017e nie je vn\u00edman\u00fd len ako vozidlo, preto\u017ee prekra\u010duje hranice automobilov\u00e9ho priemyslu a stal sa kult\u00farnym symbolom a celosvetovo uzn\u00e1van\u00fdm tvarom. Po\u010das svojich gener\u00e1ci\u00ed sa model 911 vyvinul z mal\u00e9ho \u0161portov\u00e9ho kup\u00e9 na dne\u0161n\u00e9 luxusn\u00e9 vozidlo GT. Predpokladajme v\u0161ak, \u017ee t\u00fa\u017eite po z\u00e1kladnom pocite z 911, vr\u010dan\u00ed prirodzene nas\u00e1van\u00e9ho boxer motora a \u010distom pocite z jazdy. V tomto pr\u00edpade je gener\u00e1cia 997 poslednou, ktor\u00e1 pon\u00faka v\u0161etky tieto \u017eiadan\u00e9 klasick\u00e9 prednosti v modernom balen\u00ed. Je to dokonalos\u0165 na \u0161tyroch koles\u00e1ch vo forme kabrioletu a s manu\u00e1lnou prevodovkou.<\/p>\n","protected":false},"featured_media":53278,"comment_status":"open","ping_status":"closed","template":"","meta":{"inline_featured_image":false},"product_cat":[755],"product_tag":[2133,838,2131,2132,947,837],"acf":[],"yoast_head":"<!-- This site is optimized with the Yoast SEO plugin v22.5 - https:\/\/yoast.com\/wordpress\/plugins\/seo\/ -->\n<title>Porsche 911 Carrera 2 Cabrio (997) aukcie - Piston Addict<\/title>\n<meta name=\"robots\" content=\"index, follow, max-snippet:-1, max-image-preview:large, max-video-preview:-1\" \/>\n<link rel=\"canonical\" href=\"https:\/\/pistonaddict.com\/sk\/product\/porsche-911-carrera-2-cabrio-997\/\" \/>\n<meta property=\"og:locale\" content=\"sk_SK\" \/>\n<meta property=\"og:type\" content=\"article\" \/>\n<meta property=\"og:title\" content=\"Porsche 911 Carrera 2 Cabrio (997) aukcie - Piston Addict\" \/>\n<meta property=\"og:description\" content=\"Porsche 911 m\u00e1 vo svete \u0161portov\u00fdch vozidiel osobitn\u00e9 miesto. U\u017e nie je vn\u00edman\u00fd len ako vozidlo, preto\u017ee prekra\u010duje hranice automobilov\u00e9ho priemyslu a stal sa kult\u00farnym symbolom a celosvetovo uzn\u00e1van\u00fdm tvarom. Po\u010das svojich gener\u00e1ci\u00ed sa model 911 vyvinul z mal\u00e9ho \u0161portov\u00e9ho kup\u00e9 na dne\u0161n\u00e9 luxusn\u00e9 vozidlo GT. Predpokladajme v\u0161ak, \u017ee t\u00fa\u017eite po z\u00e1kladnom pocite z 911, vr\u010dan\u00ed prirodzene nas\u00e1van\u00e9ho boxer motora a \u010distom pocite z jazdy. V tomto pr\u00edpade je gener\u00e1cia 997 poslednou, ktor\u00e1 pon\u00faka v\u0161etky tieto \u017eiadan\u00e9 klasick\u00e9 prednosti v modernom balen\u00ed. Je to dokonalos\u0165 na \u0161tyroch koles\u00e1ch vo forme kabrioletu a s manu\u00e1lnou prevodovkou.\" \/>\n<meta property=\"og:url\" content=\"https:\/\/pistonaddict.com\/sk\/product\/porsche-911-carrera-2-cabrio-997\/\" \/>\n<meta property=\"og:site_name\" content=\"Piston Addict\" \/>\n<meta property=\"article:modified_time\" content=\"2023-12-20T08:49:18+00:00\" \/>\n<meta property=\"og:image\" content=\"https:\/\/pistonaddict.com\/wp-content\/uploads\/2023\/10\/20220624_201726_resized-copia.jpg\" \/>\n\t<meta property=\"og:image:width\" content=\"1008\" \/>\n\t<meta property=\"og:image:height\" content=\"567\" \/>\n\t<meta property=\"og:image:type\" content=\"image\/jpeg\" \/>\n<meta name=\"twitter:card\" content=\"summary_large_image\" \/>\n<meta name=\"twitter:label1\" content=\"Predpokladan\u00fd \u010das \u010d\u00edtania\" \/>\n\t<meta name=\"twitter:data1\" content=\"3 min\u00faty\" \/>\n<script type=\"application\/ld+json\" class=\"yoast-schema-graph\">{\"@context\":\"https:\/\/schema.org\",\"@graph\":[{\"@type\":\"WebPage\",\"@id\":\"https:\/\/pistonaddict.com\/sk\/product\/porsche-911-carrera-2-cabrio-997\/\",\"url\":\"https:\/\/pistonaddict.com\/sk\/product\/porsche-911-carrera-2-cabrio-997\/\",\"name\":\"Porsche 911 Carrera 2 Cabrio (997) aukcie - Piston Addict\",\"isPartOf\":{\"@id\":\"https:\/\/pistonaddict.com\/sk\/#website\"},\"primaryImageOfPage\":{\"@id\":\"https:\/\/pistonaddict.com\/sk\/product\/porsche-911-carrera-2-cabrio-997\/#primaryimage\"},\"image\":{\"@id\":\"https:\/\/pistonaddict.com\/sk\/product\/porsche-911-carrera-2-cabrio-997\/#primaryimage\"},\"thumbnailUrl\":\"https:\/\/pistonaddict.com\/wp-content\/uploads\/2023\/10\/20220624_201726_resized-copia.jpg\",\"datePublished\":\"2023-10-06T09:28:15+00:00\",\"dateModified\":\"2023-12-20T08:49:18+00:00\",\"breadcrumb\":{\"@id\":\"https:\/\/pistonaddict.com\/sk\/product\/porsche-911-carrera-2-cabrio-997\/#breadcrumb\"},\"inLanguage\":\"sk-SK\",\"potentialAction\":[{\"@type\":\"ReadAction\",\"target\":[\"https:\/\/pistonaddict.com\/sk\/product\/porsche-911-carrera-2-cabrio-997\/\"]}]},{\"@type\":\"ImageObject\",\"inLanguage\":\"sk-SK\",\"@id\":\"https:\/\/pistonaddict.com\/sk\/product\/porsche-911-carrera-2-cabrio-997\/#primaryimage\",\"url\":\"https:\/\/pistonaddict.com\/wp-content\/uploads\/2023\/10\/20220624_201726_resized-copia.jpg\",\"contentUrl\":\"https:\/\/pistonaddict.com\/wp-content\/uploads\/2023\/10\/20220624_201726_resized-copia.jpg\",\"width\":1008,\"height\":567},{\"@type\":\"BreadcrumbList\",\"@id\":\"https:\/\/pistonaddict.com\/sk\/product\/porsche-911-carrera-2-cabrio-997\/#breadcrumb\",\"itemListElement\":[{\"@type\":\"ListItem\",\"position\":1,\"name\":\"domovskej str\u00e1nke\",\"item\":\"https:\/\/pistonaddict.com\/sk\/uvodna-stranka\/\"},{\"@type\":\"ListItem\",\"position\":2,\"name\":\"Auctions\",\"item\":\"https:\/\/pistonaddict.com\/auctions-listing\/\"},{\"@type\":\"ListItem\",\"position\":3,\"name\":\"Porsche 911 Carrera 2 Cabrio (997)\"}]},{\"@type\":\"WebSite\",\"@id\":\"https:\/\/pistonaddict.com\/sk\/#website\",\"url\":\"https:\/\/pistonaddict.com\/sk\/\",\"name\":\"Piston Addict\",\"description\":\"Only interesting vehicles\",\"publisher\":{\"@id\":\"https:\/\/pistonaddict.com\/sk\/#organization\"},\"potentialAction\":[{\"@type\":\"SearchAction\",\"target\":{\"@type\":\"EntryPoint\",\"urlTemplate\":\"https:\/\/pistonaddict.com\/sk\/?s={search_term_string}\"},\"query-input\":\"required name=search_term_string\"}],\"inLanguage\":\"sk-SK\"},{\"@type\":\"Organization\",\"@id\":\"https:\/\/pistonaddict.com\/sk\/#organization\",\"name\":\"Piston Addict\",\"url\":\"https:\/\/pistonaddict.com\/sk\/\",\"logo\":{\"@type\":\"ImageObject\",\"inLanguage\":\"sk-SK\",\"@id\":\"https:\/\/pistonaddict.com\/sk\/#\/schema\/logo\/image\/\",\"url\":\"https:\/\/pistonaddict.com\/wp-content\/uploads\/2022\/07\/logo-6.png\",\"contentUrl\":\"https:\/\/pistonaddict.com\/wp-content\/uploads\/2022\/07\/logo-6.png\",\"width\":970,\"height\":200,\"caption\":\"Piston Addict\"},\"image\":{\"@id\":\"https:\/\/pistonaddict.com\/sk\/#\/schema\/logo\/image\/\"}}]}<\/script>\n<!-- \/ Yoast SEO plugin. -->","yoast_head_json":{"title":"Porsche 911 Carrera 2 Cabrio (997) aukcie - Piston Addict","robots":{"index":"index","follow":"follow","max-snippet":"max-snippet:-1","max-image-preview":"max-image-preview:large","max-video-preview":"max-video-preview:-1"},"canonical":"https:\/\/pistonaddict.com\/sk\/product\/porsche-911-carrera-2-cabrio-997\/","og_locale":"sk_SK","og_type":"article","og_title":"Porsche 911 Carrera 2 Cabrio (997) aukcie - Piston Addict","og_description":"Porsche 911 m\u00e1 vo svete \u0161portov\u00fdch vozidiel osobitn\u00e9 miesto. U\u017e nie je vn\u00edman\u00fd len ako vozidlo, preto\u017ee prekra\u010duje hranice automobilov\u00e9ho priemyslu a stal sa kult\u00farnym symbolom a celosvetovo uzn\u00e1van\u00fdm tvarom. Po\u010das svojich gener\u00e1ci\u00ed sa model 911 vyvinul z mal\u00e9ho \u0161portov\u00e9ho kup\u00e9 na dne\u0161n\u00e9 luxusn\u00e9 vozidlo GT. Predpokladajme v\u0161ak, \u017ee t\u00fa\u017eite po z\u00e1kladnom pocite z 911, vr\u010dan\u00ed prirodzene nas\u00e1van\u00e9ho boxer motora a \u010distom pocite z jazdy. V tomto pr\u00edpade je gener\u00e1cia 997 poslednou, ktor\u00e1 pon\u00faka v\u0161etky tieto \u017eiadan\u00e9 klasick\u00e9 prednosti v modernom balen\u00ed. Je to dokonalos\u0165 na \u0161tyroch koles\u00e1ch vo forme kabrioletu a s manu\u00e1lnou prevodovkou.","og_url":"https:\/\/pistonaddict.com\/sk\/product\/porsche-911-carrera-2-cabrio-997\/","og_site_name":"Piston Addict","article_modified_time":"2023-12-20T08:49:18+00:00","og_image":[{"width":1008,"height":567,"url":"https:\/\/pistonaddict.com\/wp-content\/uploads\/2023\/10\/20220624_201726_resized-copia.jpg","type":"image\/jpeg"}],"twitter_card":"summary_large_image","twitter_misc":{"Predpokladan\u00fd \u010das \u010d\u00edtania":"3 min\u00faty"},"schema":{"@context":"https:\/\/schema.org","@graph":[{"@type":"WebPage","@id":"https:\/\/pistonaddict.com\/sk\/product\/porsche-911-carrera-2-cabrio-997\/","url":"https:\/\/pistonaddict.com\/sk\/product\/porsche-911-carrera-2-cabrio-997\/","name":"Porsche 911 Carrera 2 Cabrio (997) aukcie - Piston Addict","isPartOf":{"@id":"https:\/\/pistonaddict.com\/sk\/#website"},"primaryImageOfPage":{"@id":"https:\/\/pistonaddict.com\/sk\/product\/porsche-911-carrera-2-cabrio-997\/#primaryimage"},"image":{"@id":"https:\/\/pistonaddict.com\/sk\/product\/porsche-911-carrera-2-cabrio-997\/#primaryimage"},"thumbnailUrl":"https:\/\/pistonaddict.com\/wp-content\/uploads\/2023\/10\/20220624_201726_resized-copia.jpg","datePublished":"2023-10-06T09:28:15+00:00","dateModified":"2023-12-20T08:49:18+00:00","breadcrumb":{"@id":"https:\/\/pistonaddict.com\/sk\/product\/porsche-911-carrera-2-cabrio-997\/#breadcrumb"},"inLanguage":"sk-SK","potentialAction":[{"@type":"ReadAction","target":["https:\/\/pistonaddict.com\/sk\/product\/porsche-911-carrera-2-cabrio-997\/"]}]},{"@type":"ImageObject","inLanguage":"sk-SK","@id":"https:\/\/pistonaddict.com\/sk\/product\/porsche-911-carrera-2-cabrio-997\/#primaryimage","url":"https:\/\/pistonaddict.com\/wp-content\/uploads\/2023\/10\/20220624_201726_resized-copia.jpg","contentUrl":"https:\/\/pistonaddict.com\/wp-content\/uploads\/2023\/10\/20220624_201726_resized-copia.jpg","width":1008,"height":567},{"@type":"BreadcrumbList","@id":"https:\/\/pistonaddict.com\/sk\/product\/porsche-911-carrera-2-cabrio-997\/#breadcrumb","itemListElement":[{"@type":"ListItem","position":1,"name":"domovskej str\u00e1nke","item":"https:\/\/pistonaddict.com\/sk\/uvodna-stranka\/"},{"@type":"ListItem","position":2,"name":"Auctions","item":"https:\/\/pistonaddict.com\/auctions-listing\/"},{"@type":"ListItem","position":3,"name":"Porsche 911 Carrera 2 Cabrio (997)"}]},{"@type":"WebSite","@id":"https:\/\/pistonaddict.com\/sk\/#website","url":"https:\/\/pistonaddict.com\/sk\/","name":"Piston Addict","description":"Only interesting vehicles","publisher":{"@id":"https:\/\/pistonaddict.com\/sk\/#organization"},"potentialAction":[{"@type":"SearchAction","target":{"@type":"EntryPoint","urlTemplate":"https:\/\/pistonaddict.com\/sk\/?s={search_term_string}"},"query-input":"required name=search_term_string"}],"inLanguage":"sk-SK"},{"@type":"Organization","@id":"https:\/\/pistonaddict.com\/sk\/#organization","name":"Piston Addict","url":"https:\/\/pistonaddict.com\/sk\/","logo":{"@type":"ImageObject","inLanguage":"sk-SK","@id":"https:\/\/pistonaddict.com\/sk\/#\/schema\/logo\/image\/","url":"https:\/\/pistonaddict.com\/wp-content\/uploads\/2022\/07\/logo-6.png","contentUrl":"https:\/\/pistonaddict.com\/wp-content\/uploads\/2022\/07\/logo-6.png","width":970,"height":200,"caption":"Piston Addict"},"image":{"@id":"https:\/\/pistonaddict.com\/sk\/#\/schema\/logo\/image\/"}}]}},"_links":{"self":[{"href":"https:\/\/pistonaddict.com\/sk\/wp-json\/wp\/v2\/product\/53499"}],"collection":[{"href":"https:\/\/pistonaddict.com\/sk\/wp-json\/wp\/v2\/product"}],"about":[{"href":"https:\/\/pistonaddict.com\/sk\/wp-json\/wp\/v2\/types\/product"}],"replies":[{"embeddable":true,"href":"https:\/\/pistonaddict.com\/sk\/wp-json\/wp\/v2\/comments?post=53499"}],"wp:featuredmedia":[{"embeddable":true,"href":"https:\/\/pistonaddict.com\/sk\/wp-json\/wp\/v2\/media\/53278"}],"wp:attachment":[{"href":"https:\/\/pistonaddict.com\/sk\/wp-json\/wp\/v2\/media?parent=53499"}],"wp:term":[{"taxonomy":"product_cat","embeddable":true,"href":"https:\/\/pistonaddict.com\/sk\/wp-json\/wp\/v2\/product_cat?post=53499"},{"taxonomy":"product_tag","embeddable":true,"href":"https:\/\/pistonaddict.com\/sk\/wp-json\/wp\/v2\/product_tag?post=53499"}],"curies":[{"name":"wp","href":"https:\/\/api.w.org\/{rel}","templated":true}]}}